{"id":99,"date":"2018-04-24T11:14:10","date_gmt":"2018-04-24T11:14:10","guid":{"rendered":"http:\/\/goethe-gymnasium.berlin\/?page_id=99"},"modified":"2021-10-19T19:33:59","modified_gmt":"2021-10-19T17:33:59","slug":"franzoesisch","status":"publish","type":"page","link":"https:\/\/goethe-gymnasium.berlin\/index.php\/sprachen\/franzoesisch\/","title":{"rendered":"Franz\u00f6sisch"},"content":{"rendered":"\n<p>Franz\u00f6sisch wird ab dem Schuljahr 2019\/20 als <strong>dritte Fremdsprache<\/strong> (Wahlpflicht, ab Klasse 8) oder als <strong>vierte Fremdsprache<\/strong> (freiwillig, ab Klasse 10) angeboten. Zum einen entspricht dies stark dem Interesse von Eltern und Sch\u00fclern, zum anderen versteht sich dies auch aus dem Selbstverst\u00e4ndnis einer Schule, deren Profil besonders von sprachlicher Bildung gepr\u00e4gt ist. So sind die neuen Sprachen nicht zu vernachl\u00e4ssigen, also auch nicht Franz\u00f6sisch, das mit seiner so engen Verbindung zum Lateinischen und Griechischen im F\u00e4cherkanon des Goethe-Gymnasiums nicht fehlen darf.<\/p>\n\n\n\n<p>Franz\u00f6sisch ist ab Klasse 8 (dritte Fremdsprache; dreist\u00fcndig) oder ab Klasse 10 (vierte Fremdsprache; vierst\u00fcndig) w\u00e4hlbar. In der Oberstufe ist es als regul\u00e4rer Grundkurs (weiterhin drei- bzw. vierst\u00fcndig) w\u00e4hlbar. Die Sch\u00fcler haben die M\u00f6glichkeit, Franz\u00f6sisch als drittes, viertes oder f\u00fcnftes Abiturfach zu w\u00e4hlen<\/p>\n\n\n\n<p>Dank vielf\u00e4ltiger sprachlicher Vorbildung erreichen die Sch\u00fcler eine Sprachkompetenz, die sich messen lassen kann mit der bei fr\u00fcherem Sprachbeginn erworbenen. Im Vordergrund des Franz\u00f6sischunterrichts steht das Ziel, zum Verstehen und Sprechen, aber auch zum Lesen und Schreiben franz\u00f6sischer Texte zu bef\u00e4higen. Dar\u00fcber hinaus werden besonders im <strong>Vergleich mit Latein<\/strong> Gesetzm\u00e4\u00dfigkeiten der Sprachentwicklung kennengelernt. Im weiteren Fortgang gibt es auch <strong>Einblicke in das franz\u00f6sische Geistes- und Kulturleben<\/strong>, ein weites Feld von Montesquieu, Racine, Moli\u00e8re und V. Hugo bis zu Sartre, Camus, oder auch B. Sansal, Le Cl\u00e9zio, Modiano.<\/p>\n\n\n\n<p>Im Laufe der Jahre hat sich eine Tradition von<strong> <a href=\"https:\/\/goethe-gymnasium.berlin\/index.php\/sprachen\/franzoesisch\/paris-fahrten\/\" target=\"_blank\" rel=\"noreferrer noopener\">Paris-Fahrten<\/a> in der zehnten Klasse<\/strong> entwickelt, die den Sch\u00fclern die Gelegenheit gibt unmittelbar zu erfahren, wie umfassend schon nach kurzer Zeit ihr franz\u00f6sisches Sprachverm\u00f6gen ist. Best\u00e4tigung des Franz\u00f6sischunterrichts ist es auch, wenn Sch\u00fcler*innen des Goethe-Gymnasiums gern und erfolgreich Stipendien und Studienaufenthalte in Frankreich in ihren unterschiedlichen Studieng\u00e4ngen wahrnehmen.<\/p>\n\n\n\n<p>Hier finden Sie die aktuellen schulinternen Curricula f\u00fcr <a href=\"https:\/\/goethe-gymnasium.berlin\/wp-content\/uploads\/2021\/04\/SchiC_8-9_Franzoesisch_FS3.pdf\" target=\"_blank\" rel=\"noreferrer noopener\">Franz\u00f6sisch als dritte Fremdsprache (Klassenstufe 8 und 9)<\/a> und <a href=\"https:\/\/goethe-gymnasium.berlin\/wp-content\/uploads\/2019\/08\/SchiC-10_Franz%C3%B6sisch-FS-4.pdf\">Franz\u00f6sisch als vierte Fremdsprache (Klassenstufe 10)<\/a>.<\/p>\n\n\n\n<p class=\"has-text-align-right\"><em>Text: Fachbereich Franz\u00f6sisch (Schuljahr 2020\/21)<br>Foto: Frau Dr. Weber (Schuljahr 2016\/17)<\/em><\/p>\n\n\n\n<p><\/p>\n","protected":false},"excerpt":{"rendered":"<p>Franz\u00f6sisch wird ab dem Schuljahr 2019\/20 als dritte Fremdsprache (Wahlpflicht, ab Klasse 8) oder als vierte Fremdsprache (freiwillig, ab Klasse <a class=\"more-link\" href=\"https:\/\/goethe-gymnasium.berlin\/index.php\/sprachen\/franzoesisch\/\">Weiterlesen &#8230;<\/a><\/p>\n","protected":false},"author":1,"featured_media":588,"parent":88,"menu_order":0,"comment_status":"closed","ping_status":"closed","template":"","meta":{"footnotes":""},"categories":[28],"tags":[60],"class_list":["post-99","page","type-page","status-publish","has-post-thumbnail","hentry","category-franzoesisch","tag-informationen"],"yoast_head":"<!-- This site is optimized with the Yoast SEO plugin v27.3 - https:\/\/yoast.com\/product\/yoast-seo-wordpress\/ -->\n<title>Franz\u00f6sisch - Goethe-Gymnasium Berlin-Wilmersdorf<\/title>\n<meta name=\"robots\" content=\"index, follow, max-snippet:-1, max-image-preview:large, max-video-preview:-1\" \/>\n<link rel=\"canonical\" href=\"https:\/\/goethe-gymnasium.berlin\/index.php\/sprachen\/franzoesisch\/\" \/>\n<meta property=\"og:locale\" content=\"de_DE\" \/>\n<meta property=\"og:type\" content=\"article\" \/>\n<meta property=\"og:title\" content=\"Franz\u00f6sisch - Goethe-Gymnasium Berlin-Wilmersdorf\" \/>\n<meta property=\"og:description\" content=\"Franz\u00f6sisch wird ab dem Schuljahr 2019\/20 als dritte Fremdsprache (Wahlpflicht, ab Klasse 8) oder als vierte Fremdsprache (freiwillig, ab Klasse Weiterlesen ...\" \/>\n<meta property=\"og:url\" content=\"https:\/\/goethe-gymnasium.berlin\/index.php\/sprachen\/franzoesisch\/\" \/>\n<meta property=\"og:site_name\" content=\"Goethe-Gymnasium Berlin-Wilmersdorf\" \/>\n<meta property=\"article:publisher\" content=\"https:\/\/www.facebook.com\/pages\/Goethe-Gymnasium\/109376575754402\" \/>\n<meta property=\"article:modified_time\" content=\"2021-10-19T17:33:59+00:00\" \/>\n<meta property=\"og:image\" content=\"https:\/\/goethe-gymnasium.berlin\/wp-content\/uploads\/2018\/05\/versailles2016m.jpg\" \/>\n\t<meta property=\"og:image:width\" content=\"2592\" \/>\n\t<meta property=\"og:image:height\" content=\"1493\" \/>\n\t<meta property=\"og:image:type\" content=\"image\/jpeg\" \/>\n<meta name=\"twitter:card\" content=\"summary_large_image\" \/>\n<meta name=\"twitter:label1\" content=\"Gesch\u00e4tzte Lesezeit\" \/>\n\t<meta name=\"twitter:data1\" content=\"2\u00a0Minuten\" \/>\n<script type=\"application\/ld+json\" class=\"yoast-schema-graph\">{\"@context\":\"https:\\\/\\\/schema.org\",\"@graph\":[{\"@type\":\"WebPage\",\"@id\":\"https:\\\/\\\/goethe-gymnasium.berlin\\\/index.php\\\/sprachen\\\/franzoesisch\\\/\",\"url\":\"https:\\\/\\\/goethe-gymnasium.berlin\\\/index.php\\\/sprachen\\\/franzoesisch\\\/\",\"name\":\"Franz\u00f6sisch - Goethe-Gymnasium Berlin-Wilmersdorf\",\"isPartOf\":{\"@id\":\"https:\\\/\\\/goethe-gymnasium.berlin\\\/#website\"},\"primaryImageOfPage\":{\"@id\":\"https:\\\/\\\/goethe-gymnasium.berlin\\\/index.php\\\/sprachen\\\/franzoesisch\\\/#primaryimage\"},\"image\":{\"@id\":\"https:\\\/\\\/goethe-gymnasium.berlin\\\/index.php\\\/sprachen\\\/franzoesisch\\\/#primaryimage\"},\"thumbnailUrl\":\"https:\\\/\\\/goethe-gymnasium.berlin\\\/wp-content\\\/uploads\\\/2018\\\/05\\\/versailles2016m.jpg\",\"datePublished\":\"2018-04-24T11:14:10+00:00\",\"dateModified\":\"2021-10-19T17:33:59+00:00\",\"breadcrumb\":{\"@id\":\"https:\\\/\\\/goethe-gymnasium.berlin\\\/index.php\\\/sprachen\\\/franzoesisch\\\/#breadcrumb\"},\"inLanguage\":\"de\",\"potentialAction\":[{\"@type\":\"ReadAction\",\"target\":[\"https:\\\/\\\/goethe-gymnasium.berlin\\\/index.php\\\/sprachen\\\/franzoesisch\\\/\"]}]},{\"@type\":\"ImageObject\",\"inLanguage\":\"de\",\"@id\":\"https:\\\/\\\/goethe-gymnasium.berlin\\\/index.php\\\/sprachen\\\/franzoesisch\\\/#primaryimage\",\"url\":\"https:\\\/\\\/goethe-gymnasium.berlin\\\/wp-content\\\/uploads\\\/2018\\\/05\\\/versailles2016m.jpg\",\"contentUrl\":\"https:\\\/\\\/goethe-gymnasium.berlin\\\/wp-content\\\/uploads\\\/2018\\\/05\\\/versailles2016m.jpg\",\"width\":2592,\"height\":1493},{\"@type\":\"BreadcrumbList\",\"@id\":\"https:\\\/\\\/goethe-gymnasium.berlin\\\/index.php\\\/sprachen\\\/franzoesisch\\\/#breadcrumb\",\"itemListElement\":[{\"@type\":\"ListItem\",\"position\":1,\"name\":\"Startseite\",\"item\":\"https:\\\/\\\/goethe-gymnasium.berlin\\\/\"},{\"@type\":\"ListItem\",\"position\":2,\"name\":\"Sprachen\",\"item\":\"https:\\\/\\\/goethe-gymnasium.berlin\\\/index.php\\\/sprachen\\\/\"},{\"@type\":\"ListItem\",\"position\":3,\"name\":\"Franz\u00f6sisch\"}]},{\"@type\":\"WebSite\",\"@id\":\"https:\\\/\\\/goethe-gymnasium.berlin\\\/#website\",\"url\":\"https:\\\/\\\/goethe-gymnasium.berlin\\\/\",\"name\":\"Goethe-Gymnasium Berlin-Wilmersdorf\",\"description\":\"\",\"publisher\":{\"@id\":\"https:\\\/\\\/goethe-gymnasium.berlin\\\/#organization\"},\"potentialAction\":[{\"@type\":\"SearchAction\",\"target\":{\"@type\":\"EntryPoint\",\"urlTemplate\":\"https:\\\/\\\/goethe-gymnasium.berlin\\\/?s={search_term_string}\"},\"query-input\":{\"@type\":\"PropertyValueSpecification\",\"valueRequired\":true,\"valueName\":\"search_term_string\"}}],\"inLanguage\":\"de\"},{\"@type\":\"Organization\",\"@id\":\"https:\\\/\\\/goethe-gymnasium.berlin\\\/#organization\",\"name\":\"Goethe-Gymnasium Berlin-Wilmersdorf\",\"url\":\"https:\\\/\\\/goethe-gymnasium.berlin\\\/\",\"logo\":{\"@type\":\"ImageObject\",\"inLanguage\":\"de\",\"@id\":\"https:\\\/\\\/goethe-gymnasium.berlin\\\/#\\\/schema\\\/logo\\\/image\\\/\",\"url\":\"https:\\\/\\\/goethe-gymnasium.berlin\\\/wp-content\\\/uploads\\\/2018\\\/04\\\/goethe-logo_hoch.png\",\"contentUrl\":\"https:\\\/\\\/goethe-gymnasium.berlin\\\/wp-content\\\/uploads\\\/2018\\\/04\\\/goethe-logo_hoch.png\",\"width\":755,\"height\":514,\"caption\":\"Goethe-Gymnasium Berlin-Wilmersdorf\"},\"image\":{\"@id\":\"https:\\\/\\\/goethe-gymnasium.berlin\\\/#\\\/schema\\\/logo\\\/image\\\/\"},\"sameAs\":[\"https:\\\/\\\/www.facebook.com\\\/pages\\\/Goethe-Gymnasium\\\/109376575754402\",\"https:\\\/\\\/www.youtube.com\\\/channel\\\/UCMKuMVF9h_YkS3zmEp7SnzQ\"]}]}<\/script>\n<!-- \/ Yoast SEO plugin. -->","yoast_head_json":{"title":"Franz\u00f6sisch - Goethe-Gymnasium Berlin-Wilmersdorf","robots":{"index":"index","follow":"follow","max-snippet":"max-snippet:-1","max-image-preview":"max-image-preview:large","max-video-preview":"max-video-preview:-1"},"canonical":"https:\/\/goethe-gymnasium.berlin\/index.php\/sprachen\/franzoesisch\/","og_locale":"de_DE","og_type":"article","og_title":"Franz\u00f6sisch - Goethe-Gymnasium Berlin-Wilmersdorf","og_description":"Franz\u00f6sisch wird ab dem Schuljahr 2019\/20 als dritte Fremdsprache (Wahlpflicht, ab Klasse 8) oder als vierte Fremdsprache (freiwillig, ab Klasse Weiterlesen ...","og_url":"https:\/\/goethe-gymnasium.berlin\/index.php\/sprachen\/franzoesisch\/","og_site_name":"Goethe-Gymnasium Berlin-Wilmersdorf","article_publisher":"https:\/\/www.facebook.com\/pages\/Goethe-Gymnasium\/109376575754402","article_modified_time":"2021-10-19T17:33:59+00:00","og_image":[{"width":2592,"height":1493,"url":"https:\/\/goethe-gymnasium.berlin\/wp-content\/uploads\/2018\/05\/versailles2016m.jpg","type":"image\/jpeg"}],"twitter_card":"summary_large_image","twitter_misc":{"Gesch\u00e4tzte Lesezeit":"2\u00a0Minuten"},"schema":{"@context":"https:\/\/schema.org","@graph":[{"@type":"WebPage","@id":"https:\/\/goethe-gymnasium.berlin\/index.php\/sprachen\/franzoesisch\/","url":"https:\/\/goethe-gymnasium.berlin\/index.php\/sprachen\/franzoesisch\/","name":"Franz\u00f6sisch - Goethe-Gymnasium Berlin-Wilmersdorf","isPartOf":{"@id":"https:\/\/goethe-gymnasium.berlin\/#website"},"primaryImageOfPage":{"@id":"https:\/\/goethe-gymnasium.berlin\/index.php\/sprachen\/franzoesisch\/#primaryimage"},"image":{"@id":"https:\/\/goethe-gymnasium.berlin\/index.php\/sprachen\/franzoesisch\/#primaryimage"},"thumbnailUrl":"https:\/\/goethe-gymnasium.berlin\/wp-content\/uploads\/2018\/05\/versailles2016m.jpg","datePublished":"2018-04-24T11:14:10+00:00","dateModified":"2021-10-19T17:33:59+00:00","breadcrumb":{"@id":"https:\/\/goethe-gymnasium.berlin\/index.php\/sprachen\/franzoesisch\/#breadcrumb"},"inLanguage":"de","potentialAction":[{"@type":"ReadAction","target":["https:\/\/goethe-gymnasium.berlin\/index.php\/sprachen\/franzoesisch\/"]}]},{"@type":"ImageObject","inLanguage":"de","@id":"https:\/\/goethe-gymnasium.berlin\/index.php\/sprachen\/franzoesisch\/#primaryimage","url":"https:\/\/goethe-gymnasium.berlin\/wp-content\/uploads\/2018\/05\/versailles2016m.jpg","contentUrl":"https:\/\/goethe-gymnasium.berlin\/wp-content\/uploads\/2018\/05\/versailles2016m.jpg","width":2592,"height":1493},{"@type":"BreadcrumbList","@id":"https:\/\/goethe-gymnasium.berlin\/index.php\/sprachen\/franzoesisch\/#breadcrumb","itemListElement":[{"@type":"ListItem","position":1,"name":"Startseite","item":"https:\/\/goethe-gymnasium.berlin\/"},{"@type":"ListItem","position":2,"name":"Sprachen","item":"https:\/\/goethe-gymnasium.berlin\/index.php\/sprachen\/"},{"@type":"ListItem","position":3,"name":"Franz\u00f6sisch"}]},{"@type":"WebSite","@id":"https:\/\/goethe-gymnasium.berlin\/#website","url":"https:\/\/goethe-gymnasium.berlin\/","name":"Goethe-Gymnasium Berlin-Wilmersdorf","description":"","publisher":{"@id":"https:\/\/goethe-gymnasium.berlin\/#organization"},"potentialAction":[{"@type":"SearchAction","target":{"@type":"EntryPoint","urlTemplate":"https:\/\/goethe-gymnasium.berlin\/?s={search_term_string}"},"query-input":{"@type":"PropertyValueSpecification","valueRequired":true,"valueName":"search_term_string"}}],"inLanguage":"de"},{"@type":"Organization","@id":"https:\/\/goethe-gymnasium.berlin\/#organization","name":"Goethe-Gymnasium Berlin-Wilmersdorf","url":"https:\/\/goethe-gymnasium.berlin\/","logo":{"@type":"ImageObject","inLanguage":"de","@id":"https:\/\/goethe-gymnasium.berlin\/#\/schema\/logo\/image\/","url":"https:\/\/goethe-gymnasium.berlin\/wp-content\/uploads\/2018\/04\/goethe-logo_hoch.png","contentUrl":"https:\/\/goethe-gymnasium.berlin\/wp-content\/uploads\/2018\/04\/goethe-logo_hoch.png","width":755,"height":514,"caption":"Goethe-Gymnasium Berlin-Wilmersdorf"},"image":{"@id":"https:\/\/goethe-gymnasium.berlin\/#\/schema\/logo\/image\/"},"sameAs":["https:\/\/www.facebook.com\/pages\/Goethe-Gymnasium\/109376575754402","https:\/\/www.youtube.com\/channel\/UCMKuMVF9h_YkS3zmEp7SnzQ"]}]}},"_links":{"self":[{"href":"https:\/\/goethe-gymnasium.berlin\/index.php\/wp-json\/wp\/v2\/pages\/99","targetHints":{"allow":["GET"]}}],"collection":[{"href":"https:\/\/goethe-gymnasium.berlin\/index.php\/wp-json\/wp\/v2\/pages"}],"about":[{"href":"https:\/\/goethe-gymnasium.berlin\/index.php\/wp-json\/wp\/v2\/types\/page"}],"author":[{"embeddable":true,"href":"https:\/\/goethe-gymnasium.berlin\/index.php\/wp-json\/wp\/v2\/users\/1"}],"replies":[{"embeddable":true,"href":"https:\/\/goethe-gymnasium.berlin\/index.php\/wp-json\/wp\/v2\/comments?post=99"}],"version-history":[{"count":10,"href":"https:\/\/goethe-gymnasium.berlin\/index.php\/wp-json\/wp\/v2\/pages\/99\/revisions"}],"predecessor-version":[{"id":8075,"href":"https:\/\/goethe-gymnasium.berlin\/index.php\/wp-json\/wp\/v2\/pages\/99\/revisions\/8075"}],"up":[{"embeddable":true,"href":"https:\/\/goethe-gymnasium.berlin\/index.php\/wp-json\/wp\/v2\/pages\/88"}],"wp:featuredmedia":[{"embeddable":true,"href":"https:\/\/goethe-gymnasium.berlin\/index.php\/wp-json\/wp\/v2\/media\/588"}],"wp:attachment":[{"href":"https:\/\/goethe-gymnasium.berlin\/index.php\/wp-json\/wp\/v2\/media?parent=99"}],"wp:term":[{"taxonomy":"category","embeddable":true,"href":"https:\/\/goethe-gymnasium.berlin\/index.php\/wp-json\/wp\/v2\/categories?post=99"},{"taxonomy":"post_tag","embeddable":true,"href":"https:\/\/goethe-gymnasium.berlin\/index.php\/wp-json\/wp\/v2\/tags?post=99"}],"curies":[{"name":"wp","href":"https:\/\/api.w.org\/{rel}","templated":true}]}}