{"id":9555,"date":"2022-08-20T00:47:14","date_gmt":"2022-08-19T22:47:14","guid":{"rendered":"https:\/\/goethe-gymnasium.berlin\/?page_id=9555"},"modified":"2022-08-20T14:10:49","modified_gmt":"2022-08-20T12:10:49","slug":"starthilfen-zum-neuen-schuljahr","status":"publish","type":"page","link":"https:\/\/goethe-gymnasium.berlin\/index.php\/starthilfen-zum-neuen-schuljahr\/","title":{"rendered":"Starthilfen zum neuen Schuljahr"},"content":{"rendered":"\n<p id=\"block-7104e287-6025-4d33-9fda-24222a8fc71d\">Das Homepage-Team hofft, dass die Ferien erholsam waren, und w\u00fcnscht allen einen guten Schulstart! <em>Adeamus ad scholam!<\/em> &#8211; Lasst uns zur Schule gehen.<\/p>\n\n\n\n<p id=\"block-7104e287-6025-4d33-9fda-24222a8fc71d\">Damit wir dort gut ankommen, haben wir einige <strong>wichtige Informationen<\/strong> zusammengetragen:<\/p>\n\n\n\n<h4 class=\"wp-block-heading\" id=\"block-1417c8b8-f53e-4f82-8ccb-2af5734d6089\">Ablauf des ersten Schultags<\/h4>\n\n\n\n<p id=\"block-20e9d4dd-2951-471e-8413-466fc9eae357\">Wir freuen uns sehr, am <strong>Montag, d. 22.08.2022<\/strong>, unsere neuen <strong>F\u00fcnftkl\u00e4ssler*innen<\/strong> begr\u00fc\u00dfen zu d\u00fcrfen. Die Einschulungsfeiern f\u00fcr unsere vier neuen Klasse finden in der Aula statt.<\/p>\n\n\n\n<ul class=\"wp-block-list\" id=\"block-1d3ae2e0-84e4-4d4c-9e72-9367654ade60\"><li>10.00 Uhr Klasse 5a<\/li><li>11.00 Uhr Klasse 5b<\/li><li>12.00 Uhr Klasse 5c<\/li><li>13.00 Uhr Klasse 5d<\/li><\/ul>\n\n\n\n<p id=\"block-52982fba-0228-4fb1-9a4b-0689a24afc94\">Anschlie\u00dfend lernen die Kinder ihre neuen Klassenlehrer*innen im Klassenraum und die Eltern (bitte jeweils nur ein*e Erziehungs-berechtigte*r pro Kind) die stellvertretenden Klassenlehrer*innen in anderen R\u00e4umen kennen.<\/p>\n\n\n\n<p id=\"block-d951058f-b5b0-4e90-95c7-0fac28d5a385\">Die <strong>Klassen 6 bis 10<\/strong> haben um 8.00 Uhr in der Regel Unterricht bei ihren Klassenlehrer*innen, anschlie\u00dfend Unterricht nach Stundenplan.<\/p>\n\n\n\n<p id=\"block-f0364045-6b9f-405e-a4a1-08141648f82c\">F\u00fcr das <strong>3. Semester<\/strong> findet um 8.00 Uhr, f\u00fcr das <strong>1. Semester<\/strong> um 8.45 Uhr eine Einf\u00fchrungsveranstaltung (in der Aula) mit der Oberstufenkoordinatorin statt, anschlie\u00dfend gilt der neue Stundenplan.<\/p>\n\n\n\n<h4 class=\"wp-block-heading\">Ganztag (Omnibus)<\/h4>\n\n\n\n<p>Im <a href=\"https:\/\/goethe-gymnasium.berlin\/index.php\/schule\/ganztag\/\" target=\"_blank\" rel=\"noreferrer noopener\">Ganztag<\/a> k\u00f6nnen sich unsere Sch\u00fcler*innen bis 16.00 Uhr bei liebevoller Betreuung aufhalten. Am Einschulungstag wird den Eltern der neuen Sch\u00fcler*innen ein <a href=\"https:\/\/goethe-gymnasium.berlin\/wp-content\/uploads\/2022\/08\/Anmeldung-Omnibus.pdf\" target=\"_blank\" rel=\"noreferrer noopener\">Anmeldeformular<\/a> ausgeh\u00e4ndigt, dass in der ersten Schulwoche beim Omnibus (Raum 008) abgegeben werden kann.<\/p>\n\n\n\n<h4 class=\"wp-block-heading\" id=\"block-ce8dda64-22f0-4a39-b30d-7e4a556705e9\">Mittagessen<\/h4>\n\n\n\n<p id=\"block-24afa0fc-632c-4d43-b86d-ba48fbbee440\">Unser Caterer ist &#8222;BIOLOGISCH by esswirtschaft&#8220;. Informationen \u00fcber den Caterer finden Sie auf unserer Seite <a href=\"https:\/\/goethe-gymnasium.berlin\/index.php\/wissenswertes\/downloads\/mensa\/\" target=\"_blank\" rel=\"noreferrer noopener\">Mensa und Mensaordnung<\/a>. F\u00fcnft- und Sechstkl\u00e4ssler*innen werden bitte \u00fcber das <a href=\"http:\/\/goethe-gymnasium.berlin\/wp-content\/uploads\/2020\/08\/optimahl_anmeldung5-6.pdf\" target=\"_blank\" rel=\"noreferrer noopener\">Formular f\u00fcr die Klassen 5 und 6<\/a> angemeldet, die h\u00f6heren Klassenstufen nutzen bitte das <a href=\"http:\/\/goethe-gymnasium.berlin\/wp-content\/uploads\/2020\/08\/optimahl_anmeldungsek1.pdf\" target=\"_blank\" rel=\"noreferrer noopener\">Formular ab Klasse 7<\/a>.<\/p>\n\n\n\n<h4 class=\"wp-block-heading\" id=\"block-28d1b11e-d120-464a-810a-630b95c5df9f\">Lernraum Berlin<\/h4>\n\n\n\n<p id=\"block-be4845f9-c8f9-423f-a909-aaf913d88edf\">F\u00fcr m\u00f6glichen Fernunterricht, aber auch andere Projekte nutzen wir den <a href=\"https:\/\/www.lernraum-berlin.de\/start\/de\/\" target=\"_blank\" rel=\"noreferrer noopener\">Lernraum Berlin<\/a>. Um sich dort anmelden, sind zwei Schritte erforderlich:<\/p>\n\n\n\n<ul class=\"wp-block-list\" id=\"block-efb71cf5-38ba-4e1d-bfd0-299ff155dc35\"><li><a href=\"http:\/\/goethe-gymnasium.berlin\/wp-content\/uploads\/2020\/08\/lernraum_einverst\u00e4ndnis.pdf\" target=\"_blank\" rel=\"noreferrer noopener\">Einverst\u00e4ndniserkl\u00e4rung<\/a> (Abgabe bei Klassenlehrer*in)<\/li><li>Registrierung \/ Anmeldung im Lernraum Berlin, Verbund 3<\/li><\/ul>\n\n\n\n<p id=\"block-c48cdacd-9c25-4d3a-a5b4-0b941a8e743b\">Zu den einzelnen Lernr\u00e4umen der Jahrgangsstufen und Klassen laden die Klassenleitungen mit Hilfe eines Einladungscodes ein; ebenso laden die Fachlehrer*innen zu ihren Fachlernkursen ein.<\/p>\n\n\n\n<p class=\"has-text-align-right\" id=\"block-4416b2df-620c-44cc-895b-7764431760a4\"><em>Text: Dr. Weber (Schuljahr 2022\/23)<\/em><\/p>\n","protected":false},"excerpt":{"rendered":"<p>Das Homepage-Team hofft, dass die Ferien erholsam waren, und w\u00fcnscht allen einen guten Schulstart! Adeamus ad scholam! &#8211; Lasst uns <a class=\"more-link\" href=\"https:\/\/goethe-gymnasium.berlin\/index.php\/starthilfen-zum-neuen-schuljahr\/\">Weiterlesen &#8230;<\/a><\/p>\n","protected":false},"author":4,"featured_media":9560,"parent":0,"menu_order":0,"comment_status":"closed","ping_status":"closed","template":"","meta":{"footnotes":""},"categories":[4],"tags":[483,482],"class_list":["post-9555","page","type-page","status-publish","has-post-thumbnail","hentry","category-schulleben","tag-schulbeginn","tag-starthilfen"],"yoast_head":"<!-- This site is optimized with the Yoast SEO plugin v27.4 - https:\/\/yoast.com\/product\/yoast-seo-wordpress\/ -->\n<title>Starthilfen zum neuen Schuljahr - Goethe-Gymnasium Berlin-Wilmersdorf<\/title>\n<meta name=\"robots\" content=\"index, follow, max-snippet:-1, max-image-preview:large, max-video-preview:-1\" \/>\n<link rel=\"canonical\" href=\"https:\/\/goethe-gymnasium.berlin\/index.php\/starthilfen-zum-neuen-schuljahr\/\" \/>\n<meta property=\"og:locale\" content=\"de_DE\" \/>\n<meta property=\"og:type\" content=\"article\" \/>\n<meta property=\"og:title\" content=\"Starthilfen zum neuen Schuljahr - Goethe-Gymnasium Berlin-Wilmersdorf\" \/>\n<meta property=\"og:description\" content=\"Das Homepage-Team hofft, dass die Ferien erholsam waren, und w\u00fcnscht allen einen guten Schulstart! Adeamus ad scholam! &#8211; Lasst uns Weiterlesen ...\" \/>\n<meta property=\"og:url\" content=\"https:\/\/goethe-gymnasium.berlin\/index.php\/starthilfen-zum-neuen-schuljahr\/\" \/>\n<meta property=\"og:site_name\" content=\"Goethe-Gymnasium Berlin-Wilmersdorf\" \/>\n<meta property=\"article:publisher\" content=\"https:\/\/www.facebook.com\/pages\/Goethe-Gymnasium\/109376575754402\" \/>\n<meta property=\"article:modified_time\" content=\"2022-08-20T12:10:49+00:00\" \/>\n<meta property=\"og:image\" content=\"https:\/\/goethe-gymnasium.berlin\/wp-content\/uploads\/2022\/08\/Schulbeginn2.jpg\" \/>\n\t<meta property=\"og:image:width\" content=\"1333\" \/>\n\t<meta property=\"og:image:height\" content=\"1365\" \/>\n\t<meta property=\"og:image:type\" content=\"image\/jpeg\" \/>\n<meta name=\"twitter:card\" content=\"summary_large_image\" \/>\n<meta name=\"twitter:label1\" content=\"Gesch\u00e4tzte Lesezeit\" \/>\n\t<meta name=\"twitter:data1\" content=\"2\u00a0Minuten\" \/>\n<script type=\"application\/ld+json\" class=\"yoast-schema-graph\">{\"@context\":\"https:\\\/\\\/schema.org\",\"@graph\":[{\"@type\":\"WebPage\",\"@id\":\"https:\\\/\\\/goethe-gymnasium.berlin\\\/index.php\\\/starthilfen-zum-neuen-schuljahr\\\/\",\"url\":\"https:\\\/\\\/goethe-gymnasium.berlin\\\/index.php\\\/starthilfen-zum-neuen-schuljahr\\\/\",\"name\":\"Starthilfen zum neuen Schuljahr - Goethe-Gymnasium Berlin-Wilmersdorf\",\"isPartOf\":{\"@id\":\"https:\\\/\\\/goethe-gymnasium.berlin\\\/#website\"},\"primaryImageOfPage\":{\"@id\":\"https:\\\/\\\/goethe-gymnasium.berlin\\\/index.php\\\/starthilfen-zum-neuen-schuljahr\\\/#primaryimage\"},\"image\":{\"@id\":\"https:\\\/\\\/goethe-gymnasium.berlin\\\/index.php\\\/starthilfen-zum-neuen-schuljahr\\\/#primaryimage\"},\"thumbnailUrl\":\"https:\\\/\\\/goethe-gymnasium.berlin\\\/wp-content\\\/uploads\\\/2022\\\/08\\\/Schulbeginn2.jpg\",\"datePublished\":\"2022-08-19T22:47:14+00:00\",\"dateModified\":\"2022-08-20T12:10:49+00:00\",\"breadcrumb\":{\"@id\":\"https:\\\/\\\/goethe-gymnasium.berlin\\\/index.php\\\/starthilfen-zum-neuen-schuljahr\\\/#breadcrumb\"},\"inLanguage\":\"de\",\"potentialAction\":[{\"@type\":\"ReadAction\",\"target\":[\"https:\\\/\\\/goethe-gymnasium.berlin\\\/index.php\\\/starthilfen-zum-neuen-schuljahr\\\/\"]}]},{\"@type\":\"ImageObject\",\"inLanguage\":\"de\",\"@id\":\"https:\\\/\\\/goethe-gymnasium.berlin\\\/index.php\\\/starthilfen-zum-neuen-schuljahr\\\/#primaryimage\",\"url\":\"https:\\\/\\\/goethe-gymnasium.berlin\\\/wp-content\\\/uploads\\\/2022\\\/08\\\/Schulbeginn2.jpg\",\"contentUrl\":\"https:\\\/\\\/goethe-gymnasium.berlin\\\/wp-content\\\/uploads\\\/2022\\\/08\\\/Schulbeginn2.jpg\",\"width\":1333,\"height\":1365},{\"@type\":\"BreadcrumbList\",\"@id\":\"https:\\\/\\\/goethe-gymnasium.berlin\\\/index.php\\\/starthilfen-zum-neuen-schuljahr\\\/#breadcrumb\",\"itemListElement\":[{\"@type\":\"ListItem\",\"position\":1,\"name\":\"Startseite\",\"item\":\"https:\\\/\\\/goethe-gymnasium.berlin\\\/\"},{\"@type\":\"ListItem\",\"position\":2,\"name\":\"Starthilfen zum neuen Schuljahr\"}]},{\"@type\":\"WebSite\",\"@id\":\"https:\\\/\\\/goethe-gymnasium.berlin\\\/#website\",\"url\":\"https:\\\/\\\/goethe-gymnasium.berlin\\\/\",\"name\":\"Goethe-Gymnasium Berlin-Wilmersdorf\",\"description\":\"\",\"publisher\":{\"@id\":\"https:\\\/\\\/goethe-gymnasium.berlin\\\/#organization\"},\"potentialAction\":[{\"@type\":\"SearchAction\",\"target\":{\"@type\":\"EntryPoint\",\"urlTemplate\":\"https:\\\/\\\/goethe-gymnasium.berlin\\\/?s={search_term_string}\"},\"query-input\":{\"@type\":\"PropertyValueSpecification\",\"valueRequired\":true,\"valueName\":\"search_term_string\"}}],\"inLanguage\":\"de\"},{\"@type\":\"Organization\",\"@id\":\"https:\\\/\\\/goethe-gymnasium.berlin\\\/#organization\",\"name\":\"Goethe-Gymnasium Berlin-Wilmersdorf\",\"url\":\"https:\\\/\\\/goethe-gymnasium.berlin\\\/\",\"logo\":{\"@type\":\"ImageObject\",\"inLanguage\":\"de\",\"@id\":\"https:\\\/\\\/goethe-gymnasium.berlin\\\/#\\\/schema\\\/logo\\\/image\\\/\",\"url\":\"https:\\\/\\\/goethe-gymnasium.berlin\\\/wp-content\\\/uploads\\\/2018\\\/04\\\/goethe-logo_hoch.png\",\"contentUrl\":\"https:\\\/\\\/goethe-gymnasium.berlin\\\/wp-content\\\/uploads\\\/2018\\\/04\\\/goethe-logo_hoch.png\",\"width\":755,\"height\":514,\"caption\":\"Goethe-Gymnasium Berlin-Wilmersdorf\"},\"image\":{\"@id\":\"https:\\\/\\\/goethe-gymnasium.berlin\\\/#\\\/schema\\\/logo\\\/image\\\/\"},\"sameAs\":[\"https:\\\/\\\/www.facebook.com\\\/pages\\\/Goethe-Gymnasium\\\/109376575754402\",\"https:\\\/\\\/www.youtube.com\\\/channel\\\/UCMKuMVF9h_YkS3zmEp7SnzQ\"]}]}<\/script>\n<!-- \/ Yoast SEO plugin. -->","yoast_head_json":{"title":"Starthilfen zum neuen Schuljahr - Goethe-Gymnasium Berlin-Wilmersdorf","robots":{"index":"index","follow":"follow","max-snippet":"max-snippet:-1","max-image-preview":"max-image-preview:large","max-video-preview":"max-video-preview:-1"},"canonical":"https:\/\/goethe-gymnasium.berlin\/index.php\/starthilfen-zum-neuen-schuljahr\/","og_locale":"de_DE","og_type":"article","og_title":"Starthilfen zum neuen Schuljahr - Goethe-Gymnasium Berlin-Wilmersdorf","og_description":"Das Homepage-Team hofft, dass die Ferien erholsam waren, und w\u00fcnscht allen einen guten Schulstart! Adeamus ad scholam! &#8211; Lasst uns Weiterlesen ...","og_url":"https:\/\/goethe-gymnasium.berlin\/index.php\/starthilfen-zum-neuen-schuljahr\/","og_site_name":"Goethe-Gymnasium Berlin-Wilmersdorf","article_publisher":"https:\/\/www.facebook.com\/pages\/Goethe-Gymnasium\/109376575754402","article_modified_time":"2022-08-20T12:10:49+00:00","og_image":[{"width":1333,"height":1365,"url":"https:\/\/goethe-gymnasium.berlin\/wp-content\/uploads\/2022\/08\/Schulbeginn2.jpg","type":"image\/jpeg"}],"twitter_card":"summary_large_image","twitter_misc":{"Gesch\u00e4tzte Lesezeit":"2\u00a0Minuten"},"schema":{"@context":"https:\/\/schema.org","@graph":[{"@type":"WebPage","@id":"https:\/\/goethe-gymnasium.berlin\/index.php\/starthilfen-zum-neuen-schuljahr\/","url":"https:\/\/goethe-gymnasium.berlin\/index.php\/starthilfen-zum-neuen-schuljahr\/","name":"Starthilfen zum neuen Schuljahr - Goethe-Gymnasium Berlin-Wilmersdorf","isPartOf":{"@id":"https:\/\/goethe-gymnasium.berlin\/#website"},"primaryImageOfPage":{"@id":"https:\/\/goethe-gymnasium.berlin\/index.php\/starthilfen-zum-neuen-schuljahr\/#primaryimage"},"image":{"@id":"https:\/\/goethe-gymnasium.berlin\/index.php\/starthilfen-zum-neuen-schuljahr\/#primaryimage"},"thumbnailUrl":"https:\/\/goethe-gymnasium.berlin\/wp-content\/uploads\/2022\/08\/Schulbeginn2.jpg","datePublished":"2022-08-19T22:47:14+00:00","dateModified":"2022-08-20T12:10:49+00:00","breadcrumb":{"@id":"https:\/\/goethe-gymnasium.berlin\/index.php\/starthilfen-zum-neuen-schuljahr\/#breadcrumb"},"inLanguage":"de","potentialAction":[{"@type":"ReadAction","target":["https:\/\/goethe-gymnasium.berlin\/index.php\/starthilfen-zum-neuen-schuljahr\/"]}]},{"@type":"ImageObject","inLanguage":"de","@id":"https:\/\/goethe-gymnasium.berlin\/index.php\/starthilfen-zum-neuen-schuljahr\/#primaryimage","url":"https:\/\/goethe-gymnasium.berlin\/wp-content\/uploads\/2022\/08\/Schulbeginn2.jpg","contentUrl":"https:\/\/goethe-gymnasium.berlin\/wp-content\/uploads\/2022\/08\/Schulbeginn2.jpg","width":1333,"height":1365},{"@type":"BreadcrumbList","@id":"https:\/\/goethe-gymnasium.berlin\/index.php\/starthilfen-zum-neuen-schuljahr\/#breadcrumb","itemListElement":[{"@type":"ListItem","position":1,"name":"Startseite","item":"https:\/\/goethe-gymnasium.berlin\/"},{"@type":"ListItem","position":2,"name":"Starthilfen zum neuen Schuljahr"}]},{"@type":"WebSite","@id":"https:\/\/goethe-gymnasium.berlin\/#website","url":"https:\/\/goethe-gymnasium.berlin\/","name":"Goethe-Gymnasium Berlin-Wilmersdorf","description":"","publisher":{"@id":"https:\/\/goethe-gymnasium.berlin\/#organization"},"potentialAction":[{"@type":"SearchAction","target":{"@type":"EntryPoint","urlTemplate":"https:\/\/goethe-gymnasium.berlin\/?s={search_term_string}"},"query-input":{"@type":"PropertyValueSpecification","valueRequired":true,"valueName":"search_term_string"}}],"inLanguage":"de"},{"@type":"Organization","@id":"https:\/\/goethe-gymnasium.berlin\/#organization","name":"Goethe-Gymnasium Berlin-Wilmersdorf","url":"https:\/\/goethe-gymnasium.berlin\/","logo":{"@type":"ImageObject","inLanguage":"de","@id":"https:\/\/goethe-gymnasium.berlin\/#\/schema\/logo\/image\/","url":"https:\/\/goethe-gymnasium.berlin\/wp-content\/uploads\/2018\/04\/goethe-logo_hoch.png","contentUrl":"https:\/\/goethe-gymnasium.berlin\/wp-content\/uploads\/2018\/04\/goethe-logo_hoch.png","width":755,"height":514,"caption":"Goethe-Gymnasium Berlin-Wilmersdorf"},"image":{"@id":"https:\/\/goethe-gymnasium.berlin\/#\/schema\/logo\/image\/"},"sameAs":["https:\/\/www.facebook.com\/pages\/Goethe-Gymnasium\/109376575754402","https:\/\/www.youtube.com\/channel\/UCMKuMVF9h_YkS3zmEp7SnzQ"]}]}},"_links":{"self":[{"href":"https:\/\/goethe-gymnasium.berlin\/index.php\/wp-json\/wp\/v2\/pages\/9555","targetHints":{"allow":["GET"]}}],"collection":[{"href":"https:\/\/goethe-gymnasium.berlin\/index.php\/wp-json\/wp\/v2\/pages"}],"about":[{"href":"https:\/\/goethe-gymnasium.berlin\/index.php\/wp-json\/wp\/v2\/types\/page"}],"author":[{"embeddable":true,"href":"https:\/\/goethe-gymnasium.berlin\/index.php\/wp-json\/wp\/v2\/users\/4"}],"replies":[{"embeddable":true,"href":"https:\/\/goethe-gymnasium.berlin\/index.php\/wp-json\/wp\/v2\/comments?post=9555"}],"version-history":[{"count":4,"href":"https:\/\/goethe-gymnasium.berlin\/index.php\/wp-json\/wp\/v2\/pages\/9555\/revisions"}],"predecessor-version":[{"id":9578,"href":"https:\/\/goethe-gymnasium.berlin\/index.php\/wp-json\/wp\/v2\/pages\/9555\/revisions\/9578"}],"wp:featuredmedia":[{"embeddable":true,"href":"https:\/\/goethe-gymnasium.berlin\/index.php\/wp-json\/wp\/v2\/media\/9560"}],"wp:attachment":[{"href":"https:\/\/goethe-gymnasium.berlin\/index.php\/wp-json\/wp\/v2\/media?parent=9555"}],"wp:term":[{"taxonomy":"category","embeddable":true,"href":"https:\/\/goethe-gymnasium.berlin\/index.php\/wp-json\/wp\/v2\/categories?post=9555"},{"taxonomy":"post_tag","embeddable":true,"href":"https:\/\/goethe-gymnasium.berlin\/index.php\/wp-json\/wp\/v2\/tags?post=9555"}],"curies":[{"name":"wp","href":"https:\/\/api.w.org\/{rel}","templated":true}]}}