{"id":9521,"date":"2022-08-15T21:44:57","date_gmt":"2022-08-15T19:44:57","guid":{"rendered":"https:\/\/goethe-gymnasium.berlin\/?page_id=9521"},"modified":"2023-01-24T21:59:39","modified_gmt":"2023-01-24T20:59:39","slug":"chormusik-am-goethe-gymnasium","status":"publish","type":"page","link":"https:\/\/goethe-gymnasium.berlin\/index.php\/musische-faecher\/musik\/chormusik-am-goethe-gymnasium\/","title":{"rendered":"Chormusik am Goethe-Gymnasium"},"content":{"rendered":"\n<h4 class=\"wp-block-heading\"><strong>Chor am Goethe-Gymnasium<\/strong><\/h4>\n\n\n\n<p>In der AG-Chor k\u00f6nnen Sch\u00fcler*innen aller Altersstufen mitsingen und Teil eines stetig wachsenden Schulchores sein.<\/p>\n\n\n\n<p>Neben klassischen Werken der Chorliteratur werden auch immer wieder aktuelle Popsongs in attraktiven Chorarrangements einstudiert und aufgef\u00fchrt. Dabei werden h\u00e4ufig auch Songw\u00fcnsche der Sch\u00fcler*innen ber\u00fccksichtigt. Daraus entstehen dann abwechslungsreiche und stilistisch vielf\u00e4ltige Konzertprogramme, die im j\u00e4hrlichen <a href=\"https:\/\/goethe-gymnasium.berlin\/index.php\/veranstaltungen\/konzerte\/\" target=\"_blank\" rel=\"noreferrer noopener\">Sommer- und Weihnachtskonzert<\/a> ihre Auff\u00fchrung finden.<\/p>\n\n\n\n<figure class=\"wp-block-gallery has-nested-images columns-default is-cropped wp-block-gallery-2 is-layout-flex wp-block-gallery-is-layout-flex\">\n<figure class=\"wp-block-image size-large\"><a href=\"https:\/\/goethe-gymnasium.berlin\/wp-content\/uploads\/2022\/08\/schulfest2022_09-scaled.jpg\" target=\"_blank\" rel=\"noreferrer noopener\"><img loading=\"lazy\" decoding=\"async\" width=\"2560\" height=\"1707\" data-id=\"9522\" src=\"https:\/\/goethe-gymnasium.berlin\/wp-content\/uploads\/2022\/08\/schulfest2022_09-scaled.jpg\" alt=\"\" class=\"wp-image-9522\" srcset=\"https:\/\/goethe-gymnasium.berlin\/wp-content\/uploads\/2022\/08\/schulfest2022_09-scaled.jpg 2560w, https:\/\/goethe-gymnasium.berlin\/wp-content\/uploads\/2022\/08\/schulfest2022_09-300x200.jpg 300w, https:\/\/goethe-gymnasium.berlin\/wp-content\/uploads\/2022\/08\/schulfest2022_09-1536x1024.jpg 1536w, https:\/\/goethe-gymnasium.berlin\/wp-content\/uploads\/2022\/08\/schulfest2022_09-768x512.jpg 768w, https:\/\/goethe-gymnasium.berlin\/wp-content\/uploads\/2022\/08\/schulfest2022_09-2048x1365.jpg 2048w, https:\/\/goethe-gymnasium.berlin\/wp-content\/uploads\/2022\/08\/schulfest2022_09-125x83.jpg 125w, https:\/\/goethe-gymnasium.berlin\/wp-content\/uploads\/2022\/08\/schulfest2022_09-200x133.jpg 200w, https:\/\/goethe-gymnasium.berlin\/wp-content\/uploads\/2022\/08\/schulfest2022_09-80x53.jpg 80w, https:\/\/goethe-gymnasium.berlin\/wp-content\/uploads\/2022\/08\/schulfest2022_09-1024x683.jpg 1024w\" sizes=\"auto, (max-width: 2560px) 100vw, 2560px\" \/><\/a><figcaption class=\"wp-element-caption\"><em>Chorleiterin Frau Wendler ..<\/em>.<\/figcaption><\/figure>\n\n\n\n<figure class=\"wp-block-image size-large\"><a href=\"https:\/\/goethe-gymnasium.berlin\/wp-content\/uploads\/2022\/08\/schulfest2022_08r-scaled.jpg\" target=\"_blank\" rel=\"noreferrer noopener\"><img loading=\"lazy\" decoding=\"async\" width=\"2560\" height=\"1707\" data-id=\"9484\" src=\"https:\/\/goethe-gymnasium.berlin\/wp-content\/uploads\/2022\/08\/schulfest2022_08r-scaled.jpg\" alt=\"\" class=\"wp-image-9484\" srcset=\"https:\/\/goethe-gymnasium.berlin\/wp-content\/uploads\/2022\/08\/schulfest2022_08r-scaled.jpg 2560w, https:\/\/goethe-gymnasium.berlin\/wp-content\/uploads\/2022\/08\/schulfest2022_08r-300x200.jpg 300w, https:\/\/goethe-gymnasium.berlin\/wp-content\/uploads\/2022\/08\/schulfest2022_08r-1536x1024.jpg 1536w, https:\/\/goethe-gymnasium.berlin\/wp-content\/uploads\/2022\/08\/schulfest2022_08r-768x512.jpg 768w, https:\/\/goethe-gymnasium.berlin\/wp-content\/uploads\/2022\/08\/schulfest2022_08r-2048x1365.jpg 2048w, https:\/\/goethe-gymnasium.berlin\/wp-content\/uploads\/2022\/08\/schulfest2022_08r-125x83.jpg 125w, https:\/\/goethe-gymnasium.berlin\/wp-content\/uploads\/2022\/08\/schulfest2022_08r-200x133.jpg 200w, https:\/\/goethe-gymnasium.berlin\/wp-content\/uploads\/2022\/08\/schulfest2022_08r-80x53.jpg 80w, https:\/\/goethe-gymnasium.berlin\/wp-content\/uploads\/2022\/08\/schulfest2022_08r-1024x683.jpg 1024w\" sizes=\"auto, (max-width: 2560px) 100vw, 2560px\" \/><\/a><figcaption class=\"wp-element-caption\"><em>&#8230; und der Schulchor beim Schulfest 2022<\/em><\/figcaption><\/figure>\n<\/figure>\n\n\n\n<p><\/p>\n\n\n\n<h4 class=\"wp-block-heading\"><strong>Musikalische Arbeit<\/strong><\/h4>\n\n\n\n<p>Die Chorproben werden von zwei Musiklehrerinnen geleitet und vorbereitet. Dabei achten wir besonders darauf, den Stimmsitz und die Gesangstechnik zu verfeinern. Das mehrstimmige Singen ist die K\u00f6nigsdisziplin und wird intensiv und methodisch vielf\u00e4ltig trainiert. Innerhalb der Probenarbeit ist auch die Solmisation ein gro\u00dfer Bestandteil, mithilfe dessen die Sch\u00fcler*innen organisch im Probenprozess ihr Geh\u00f6r verfeinern und das Blattsingen trainieren.&nbsp;<\/p>\n\n\n\n<h4 class=\"wp-block-heading\"><strong>Chorprobenfahrten<\/strong><\/h4>\n\n\n\n<p>Zweimal j\u00e4hrlich begeben sich die S\u00e4nger*innen auf eine Chorfahrt, bei der die neuen St\u00fccke intensiv einge\u00fcbt werden. Doch neben all den Proben ist auch stets Zeit f\u00fcr das gemeinsame Miteinander. Somit wachsen die Sch\u00fcler*innen nicht nur musikalisch zusammen. Einzigartige (Klang)erlebnisse verbinden alle S\u00e4nger*innen und schaffen Erinnerungen, die sicher bis weit \u00fcber die Schulzeit hinausreichen.<\/p>\n\n\n<div class=\"wp-block-image is-style-rounded\">\n<figure class=\"aligncenter size-large is-resized\"><a href=\"https:\/\/goethe-gymnasium.berlin\/wp-content\/uploads\/2022\/08\/chor02-scaled.jpg\" target=\"_blank\" rel=\"noreferrer noopener\"><img loading=\"lazy\" decoding=\"async\" src=\"https:\/\/goethe-gymnasium.berlin\/wp-content\/uploads\/2022\/08\/chor02-1365x1024.jpg\" alt=\"\" class=\"wp-image-9524\" width=\"683\" height=\"512\" srcset=\"https:\/\/goethe-gymnasium.berlin\/wp-content\/uploads\/2022\/08\/chor02-1365x1024.jpg 1365w, https:\/\/goethe-gymnasium.berlin\/wp-content\/uploads\/2022\/08\/chor02-300x225.jpg 300w, https:\/\/goethe-gymnasium.berlin\/wp-content\/uploads\/2022\/08\/chor02-768x576.jpg 768w, https:\/\/goethe-gymnasium.berlin\/wp-content\/uploads\/2022\/08\/chor02-1536x1152.jpg 1536w, https:\/\/goethe-gymnasium.berlin\/wp-content\/uploads\/2022\/08\/chor02-2048x1536.jpg 2048w, https:\/\/goethe-gymnasium.berlin\/wp-content\/uploads\/2022\/08\/chor02-125x94.jpg 125w, https:\/\/goethe-gymnasium.berlin\/wp-content\/uploads\/2022\/08\/chor02-200x150.jpg 200w, https:\/\/goethe-gymnasium.berlin\/wp-content\/uploads\/2022\/08\/chor02-80x60.jpg 80w, https:\/\/goethe-gymnasium.berlin\/wp-content\/uploads\/2022\/08\/chor02-1024x768.jpg 1024w\" sizes=\"auto, (max-width: 683px) 100vw, 683px\" \/><\/a><figcaption class=\"wp-element-caption\"><center><em>Probe im Freien bei der Chorfahrt<\/em><\/center><\/figcaption><\/figure>\n<\/div>\n\n\n<h4 class=\"wp-block-heading\"><strong>Konzerte<\/strong><\/h4>\n\n\n\n<p>Neben den schulischen Veranstaltungen, bei denen der Chor auftritt, sind die <a href=\"https:\/\/goethe-gymnasium.berlin\/index.php\/veranstaltungen\/konzerte\/\">Sommer- und Weihnachtskonzerte<\/a> stets ein Highlight, auf das sich alle freuen. <\/p>\n\n\n\n<p>Im Schuljahr 2021\/22 nahm der Chor au\u00dferdem am Projekt \u201e<a href=\"https:\/\/goethe-gymnasium.berlin\/index.php\/2022\/06\/27\/6k-united\/\" target=\"_blank\" rel=\"noreferrer noopener\">6k-united<\/a>\u201c teil. Gemeinsam sangen wir mit 6000 anderen Kindern ein attraktives Konzertprogramm in der Mercedes-Benz-Arena.<\/p>\n\n\n<div class=\"wp-block-image is-style-rounded\">\n<figure class=\"aligncenter size-large is-resized\"><a href=\"https:\/\/goethe-gymnasium.berlin\/wp-content\/uploads\/2022\/08\/chor03-scaled.jpg\" target=\"_blank\" rel=\"noreferrer noopener\"><img loading=\"lazy\" decoding=\"async\" src=\"https:\/\/goethe-gymnasium.berlin\/wp-content\/uploads\/2022\/08\/chor03-1365x1024.jpg\" alt=\"\" class=\"wp-image-9523\" width=\"683\" height=\"512\" srcset=\"https:\/\/goethe-gymnasium.berlin\/wp-content\/uploads\/2022\/08\/chor03-1365x1024.jpg 1365w, https:\/\/goethe-gymnasium.berlin\/wp-content\/uploads\/2022\/08\/chor03-300x225.jpg 300w, https:\/\/goethe-gymnasium.berlin\/wp-content\/uploads\/2022\/08\/chor03-768x576.jpg 768w, https:\/\/goethe-gymnasium.berlin\/wp-content\/uploads\/2022\/08\/chor03-1536x1152.jpg 1536w, https:\/\/goethe-gymnasium.berlin\/wp-content\/uploads\/2022\/08\/chor03-2048x1536.jpg 2048w, https:\/\/goethe-gymnasium.berlin\/wp-content\/uploads\/2022\/08\/chor03-125x94.jpg 125w, https:\/\/goethe-gymnasium.berlin\/wp-content\/uploads\/2022\/08\/chor03-200x150.jpg 200w, https:\/\/goethe-gymnasium.berlin\/wp-content\/uploads\/2022\/08\/chor03-80x60.jpg 80w, https:\/\/goethe-gymnasium.berlin\/wp-content\/uploads\/2022\/08\/chor03-1024x768.jpg 1024w\" sizes=\"auto, (max-width: 683px) 100vw, 683px\" \/><\/a><figcaption class=\"wp-element-caption\"><em><\/em><center><em>Chorsingen in der Mercedes-Benz-Arena<\/em><\/center><\/figcaption><\/figure>\n<\/div>\n\n\n<h4 class=\"wp-block-heading\"><strong>Chorklasse<\/strong><\/h4>\n\n\n\n<p>Die Chorklasse ist eine Profilklasse in Klassenstufe 5 und 6. Sch\u00fcler*innen, die gern singen und Teil des Schulchores sein m\u00f6chten, melden sich f\u00fcr die <a href=\"https:\/\/goethe-gymnasium.berlin\/wp-content\/uploads\/2023\/01\/Chorklasse-2023o_compressed.pdf\" target=\"_blank\" rel=\"noreferrer noopener\">Chorklasse<\/a> im Aufnahmeprozess gesondert an.<\/p>\n\n\n\n<p>Damit sind sie dann nicht nur Teil der Chor-AG am Goethe-Gymnasium, sondern erhalten zudem eine weitere Chorstunde im Klassenverband und w\u00f6chentlich Stimmbildungsunterricht in Kleingruppen von erfahrenen S\u00e4nger*innen. Au\u00dferdem wird der regul\u00e4re Musikunterricht wird auf den vokalen Schwerpunkt ausgerichtet.<\/p>\n\n\n\n<p class=\"has-text-align-right\"><em>Text: Frau Wendler, Chorleiterin (Schuljahr 2022\/23)<br>Fotos: Frau Wendler, Frau Dr. Weber (Schuljahr 2022\/23)<\/em><\/p>\n","protected":false},"excerpt":{"rendered":"<p>Chor am Goethe-Gymnasium In der AG-Chor k\u00f6nnen Sch\u00fcler*innen aller Altersstufen mitsingen und Teil eines stetig wachsenden Schulchores sein. Neben klassischen <a class=\"more-link\" href=\"https:\/\/goethe-gymnasium.berlin\/index.php\/musische-faecher\/musik\/chormusik-am-goethe-gymnasium\/\">Weiterlesen &#8230;<\/a><\/p>\n","protected":false},"author":4,"featured_media":9525,"parent":177,"menu_order":0,"comment_status":"closed","ping_status":"closed","template":"","meta":{"footnotes":""},"categories":[15,4,12],"tags":[110,436,481],"class_list":["post-9521","page","type-page","status-publish","has-post-thumbnail","hentry","category-musik","category-schulleben","category-veranstaltungen","tag-chor","tag-chorklasse","tag-chorprobenfahrt"],"yoast_head":"<!-- This site is optimized with the Yoast SEO plugin v27.4 - https:\/\/yoast.com\/product\/yoast-seo-wordpress\/ -->\n<title>Chormusik am Goethe-Gymnasium - Goethe-Gymnasium Berlin-Wilmersdorf<\/title>\n<meta name=\"robots\" content=\"index, follow, max-snippet:-1, max-image-preview:large, max-video-preview:-1\" \/>\n<link rel=\"canonical\" href=\"https:\/\/goethe-gymnasium.berlin\/index.php\/musische-faecher\/musik\/chormusik-am-goethe-gymnasium\/\" \/>\n<meta property=\"og:locale\" content=\"de_DE\" \/>\n<meta property=\"og:type\" content=\"article\" \/>\n<meta property=\"og:title\" content=\"Chormusik am Goethe-Gymnasium - Goethe-Gymnasium Berlin-Wilmersdorf\" \/>\n<meta property=\"og:description\" content=\"Chor am Goethe-Gymnasium In der AG-Chor k\u00f6nnen Sch\u00fcler*innen aller Altersstufen mitsingen und Teil eines stetig wachsenden Schulchores sein. Neben klassischen Weiterlesen ...\" \/>\n<meta property=\"og:url\" content=\"https:\/\/goethe-gymnasium.berlin\/index.php\/musische-faecher\/musik\/chormusik-am-goethe-gymnasium\/\" \/>\n<meta property=\"og:site_name\" content=\"Goethe-Gymnasium Berlin-Wilmersdorf\" \/>\n<meta property=\"article:publisher\" content=\"https:\/\/www.facebook.com\/pages\/Goethe-Gymnasium\/109376575754402\" \/>\n<meta property=\"article:modified_time\" content=\"2023-01-24T20:59:39+00:00\" \/>\n<meta property=\"og:image\" content=\"https:\/\/goethe-gymnasium.berlin\/wp-content\/uploads\/2022\/08\/chor01-scaled.jpg\" \/>\n\t<meta property=\"og:image:width\" content=\"2560\" \/>\n\t<meta property=\"og:image:height\" content=\"1440\" \/>\n\t<meta property=\"og:image:type\" content=\"image\/jpeg\" \/>\n<meta name=\"twitter:card\" content=\"summary_large_image\" \/>\n<meta name=\"twitter:label1\" content=\"Gesch\u00e4tzte Lesezeit\" \/>\n\t<meta name=\"twitter:data1\" content=\"3\u00a0Minuten\" \/>\n<script type=\"application\/ld+json\" class=\"yoast-schema-graph\">{\"@context\":\"https:\\\/\\\/schema.org\",\"@graph\":[{\"@type\":\"WebPage\",\"@id\":\"https:\\\/\\\/goethe-gymnasium.berlin\\\/index.php\\\/musische-faecher\\\/musik\\\/chormusik-am-goethe-gymnasium\\\/\",\"url\":\"https:\\\/\\\/goethe-gymnasium.berlin\\\/index.php\\\/musische-faecher\\\/musik\\\/chormusik-am-goethe-gymnasium\\\/\",\"name\":\"Chormusik am Goethe-Gymnasium - Goethe-Gymnasium Berlin-Wilmersdorf\",\"isPartOf\":{\"@id\":\"https:\\\/\\\/goethe-gymnasium.berlin\\\/#website\"},\"primaryImageOfPage\":{\"@id\":\"https:\\\/\\\/goethe-gymnasium.berlin\\\/index.php\\\/musische-faecher\\\/musik\\\/chormusik-am-goethe-gymnasium\\\/#primaryimage\"},\"image\":{\"@id\":\"https:\\\/\\\/goethe-gymnasium.berlin\\\/index.php\\\/musische-faecher\\\/musik\\\/chormusik-am-goethe-gymnasium\\\/#primaryimage\"},\"thumbnailUrl\":\"https:\\\/\\\/goethe-gymnasium.berlin\\\/wp-content\\\/uploads\\\/2022\\\/08\\\/chor01-scaled.jpg\",\"datePublished\":\"2022-08-15T19:44:57+00:00\",\"dateModified\":\"2023-01-24T20:59:39+00:00\",\"breadcrumb\":{\"@id\":\"https:\\\/\\\/goethe-gymnasium.berlin\\\/index.php\\\/musische-faecher\\\/musik\\\/chormusik-am-goethe-gymnasium\\\/#breadcrumb\"},\"inLanguage\":\"de\",\"potentialAction\":[{\"@type\":\"ReadAction\",\"target\":[\"https:\\\/\\\/goethe-gymnasium.berlin\\\/index.php\\\/musische-faecher\\\/musik\\\/chormusik-am-goethe-gymnasium\\\/\"]}]},{\"@type\":\"ImageObject\",\"inLanguage\":\"de\",\"@id\":\"https:\\\/\\\/goethe-gymnasium.berlin\\\/index.php\\\/musische-faecher\\\/musik\\\/chormusik-am-goethe-gymnasium\\\/#primaryimage\",\"url\":\"https:\\\/\\\/goethe-gymnasium.berlin\\\/wp-content\\\/uploads\\\/2022\\\/08\\\/chor01-scaled.jpg\",\"contentUrl\":\"https:\\\/\\\/goethe-gymnasium.berlin\\\/wp-content\\\/uploads\\\/2022\\\/08\\\/chor01-scaled.jpg\",\"width\":2560,\"height\":1440},{\"@type\":\"BreadcrumbList\",\"@id\":\"https:\\\/\\\/goethe-gymnasium.berlin\\\/index.php\\\/musische-faecher\\\/musik\\\/chormusik-am-goethe-gymnasium\\\/#breadcrumb\",\"itemListElement\":[{\"@type\":\"ListItem\",\"position\":1,\"name\":\"Startseite\",\"item\":\"https:\\\/\\\/goethe-gymnasium.berlin\\\/\"},{\"@type\":\"ListItem\",\"position\":2,\"name\":\"Musische F\u00e4cher\",\"item\":\"https:\\\/\\\/goethe-gymnasium.berlin\\\/index.php\\\/musische-faecher\\\/\"},{\"@type\":\"ListItem\",\"position\":3,\"name\":\"Musik\",\"item\":\"https:\\\/\\\/goethe-gymnasium.berlin\\\/index.php\\\/musische-faecher\\\/musik\\\/\"},{\"@type\":\"ListItem\",\"position\":4,\"name\":\"Chormusik am Goethe-Gymnasium\"}]},{\"@type\":\"WebSite\",\"@id\":\"https:\\\/\\\/goethe-gymnasium.berlin\\\/#website\",\"url\":\"https:\\\/\\\/goethe-gymnasium.berlin\\\/\",\"name\":\"Goethe-Gymnasium Berlin-Wilmersdorf\",\"description\":\"\",\"publisher\":{\"@id\":\"https:\\\/\\\/goethe-gymnasium.berlin\\\/#organization\"},\"potentialAction\":[{\"@type\":\"SearchAction\",\"target\":{\"@type\":\"EntryPoint\",\"urlTemplate\":\"https:\\\/\\\/goethe-gymnasium.berlin\\\/?s={search_term_string}\"},\"query-input\":{\"@type\":\"PropertyValueSpecification\",\"valueRequired\":true,\"valueName\":\"search_term_string\"}}],\"inLanguage\":\"de\"},{\"@type\":\"Organization\",\"@id\":\"https:\\\/\\\/goethe-gymnasium.berlin\\\/#organization\",\"name\":\"Goethe-Gymnasium Berlin-Wilmersdorf\",\"url\":\"https:\\\/\\\/goethe-gymnasium.berlin\\\/\",\"logo\":{\"@type\":\"ImageObject\",\"inLanguage\":\"de\",\"@id\":\"https:\\\/\\\/goethe-gymnasium.berlin\\\/#\\\/schema\\\/logo\\\/image\\\/\",\"url\":\"https:\\\/\\\/goethe-gymnasium.berlin\\\/wp-content\\\/uploads\\\/2018\\\/04\\\/goethe-logo_hoch.png\",\"contentUrl\":\"https:\\\/\\\/goethe-gymnasium.berlin\\\/wp-content\\\/uploads\\\/2018\\\/04\\\/goethe-logo_hoch.png\",\"width\":755,\"height\":514,\"caption\":\"Goethe-Gymnasium Berlin-Wilmersdorf\"},\"image\":{\"@id\":\"https:\\\/\\\/goethe-gymnasium.berlin\\\/#\\\/schema\\\/logo\\\/image\\\/\"},\"sameAs\":[\"https:\\\/\\\/www.facebook.com\\\/pages\\\/Goethe-Gymnasium\\\/109376575754402\",\"https:\\\/\\\/www.youtube.com\\\/channel\\\/UCMKuMVF9h_YkS3zmEp7SnzQ\"]}]}<\/script>\n<!-- \/ Yoast SEO plugin. -->","yoast_head_json":{"title":"Chormusik am Goethe-Gymnasium - Goethe-Gymnasium Berlin-Wilmersdorf","robots":{"index":"index","follow":"follow","max-snippet":"max-snippet:-1","max-image-preview":"max-image-preview:large","max-video-preview":"max-video-preview:-1"},"canonical":"https:\/\/goethe-gymnasium.berlin\/index.php\/musische-faecher\/musik\/chormusik-am-goethe-gymnasium\/","og_locale":"de_DE","og_type":"article","og_title":"Chormusik am Goethe-Gymnasium - Goethe-Gymnasium Berlin-Wilmersdorf","og_description":"Chor am Goethe-Gymnasium In der AG-Chor k\u00f6nnen Sch\u00fcler*innen aller Altersstufen mitsingen und Teil eines stetig wachsenden Schulchores sein. Neben klassischen Weiterlesen ...","og_url":"https:\/\/goethe-gymnasium.berlin\/index.php\/musische-faecher\/musik\/chormusik-am-goethe-gymnasium\/","og_site_name":"Goethe-Gymnasium Berlin-Wilmersdorf","article_publisher":"https:\/\/www.facebook.com\/pages\/Goethe-Gymnasium\/109376575754402","article_modified_time":"2023-01-24T20:59:39+00:00","og_image":[{"width":2560,"height":1440,"url":"https:\/\/goethe-gymnasium.berlin\/wp-content\/uploads\/2022\/08\/chor01-scaled.jpg","type":"image\/jpeg"}],"twitter_card":"summary_large_image","twitter_misc":{"Gesch\u00e4tzte Lesezeit":"3\u00a0Minuten"},"schema":{"@context":"https:\/\/schema.org","@graph":[{"@type":"WebPage","@id":"https:\/\/goethe-gymnasium.berlin\/index.php\/musische-faecher\/musik\/chormusik-am-goethe-gymnasium\/","url":"https:\/\/goethe-gymnasium.berlin\/index.php\/musische-faecher\/musik\/chormusik-am-goethe-gymnasium\/","name":"Chormusik am Goethe-Gymnasium - Goethe-Gymnasium Berlin-Wilmersdorf","isPartOf":{"@id":"https:\/\/goethe-gymnasium.berlin\/#website"},"primaryImageOfPage":{"@id":"https:\/\/goethe-gymnasium.berlin\/index.php\/musische-faecher\/musik\/chormusik-am-goethe-gymnasium\/#primaryimage"},"image":{"@id":"https:\/\/goethe-gymnasium.berlin\/index.php\/musische-faecher\/musik\/chormusik-am-goethe-gymnasium\/#primaryimage"},"thumbnailUrl":"https:\/\/goethe-gymnasium.berlin\/wp-content\/uploads\/2022\/08\/chor01-scaled.jpg","datePublished":"2022-08-15T19:44:57+00:00","dateModified":"2023-01-24T20:59:39+00:00","breadcrumb":{"@id":"https:\/\/goethe-gymnasium.berlin\/index.php\/musische-faecher\/musik\/chormusik-am-goethe-gymnasium\/#breadcrumb"},"inLanguage":"de","potentialAction":[{"@type":"ReadAction","target":["https:\/\/goethe-gymnasium.berlin\/index.php\/musische-faecher\/musik\/chormusik-am-goethe-gymnasium\/"]}]},{"@type":"ImageObject","inLanguage":"de","@id":"https:\/\/goethe-gymnasium.berlin\/index.php\/musische-faecher\/musik\/chormusik-am-goethe-gymnasium\/#primaryimage","url":"https:\/\/goethe-gymnasium.berlin\/wp-content\/uploads\/2022\/08\/chor01-scaled.jpg","contentUrl":"https:\/\/goethe-gymnasium.berlin\/wp-content\/uploads\/2022\/08\/chor01-scaled.jpg","width":2560,"height":1440},{"@type":"BreadcrumbList","@id":"https:\/\/goethe-gymnasium.berlin\/index.php\/musische-faecher\/musik\/chormusik-am-goethe-gymnasium\/#breadcrumb","itemListElement":[{"@type":"ListItem","position":1,"name":"Startseite","item":"https:\/\/goethe-gymnasium.berlin\/"},{"@type":"ListItem","position":2,"name":"Musische F\u00e4cher","item":"https:\/\/goethe-gymnasium.berlin\/index.php\/musische-faecher\/"},{"@type":"ListItem","position":3,"name":"Musik","item":"https:\/\/goethe-gymnasium.berlin\/index.php\/musische-faecher\/musik\/"},{"@type":"ListItem","position":4,"name":"Chormusik am Goethe-Gymnasium"}]},{"@type":"WebSite","@id":"https:\/\/goethe-gymnasium.berlin\/#website","url":"https:\/\/goethe-gymnasium.berlin\/","name":"Goethe-Gymnasium Berlin-Wilmersdorf","description":"","publisher":{"@id":"https:\/\/goethe-gymnasium.berlin\/#organization"},"potentialAction":[{"@type":"SearchAction","target":{"@type":"EntryPoint","urlTemplate":"https:\/\/goethe-gymnasium.berlin\/?s={search_term_string}"},"query-input":{"@type":"PropertyValueSpecification","valueRequired":true,"valueName":"search_term_string"}}],"inLanguage":"de"},{"@type":"Organization","@id":"https:\/\/goethe-gymnasium.berlin\/#organization","name":"Goethe-Gymnasium Berlin-Wilmersdorf","url":"https:\/\/goethe-gymnasium.berlin\/","logo":{"@type":"ImageObject","inLanguage":"de","@id":"https:\/\/goethe-gymnasium.berlin\/#\/schema\/logo\/image\/","url":"https:\/\/goethe-gymnasium.berlin\/wp-content\/uploads\/2018\/04\/goethe-logo_hoch.png","contentUrl":"https:\/\/goethe-gymnasium.berlin\/wp-content\/uploads\/2018\/04\/goethe-logo_hoch.png","width":755,"height":514,"caption":"Goethe-Gymnasium Berlin-Wilmersdorf"},"image":{"@id":"https:\/\/goethe-gymnasium.berlin\/#\/schema\/logo\/image\/"},"sameAs":["https:\/\/www.facebook.com\/pages\/Goethe-Gymnasium\/109376575754402","https:\/\/www.youtube.com\/channel\/UCMKuMVF9h_YkS3zmEp7SnzQ"]}]}},"_links":{"self":[{"href":"https:\/\/goethe-gymnasium.berlin\/index.php\/wp-json\/wp\/v2\/pages\/9521","targetHints":{"allow":["GET"]}}],"collection":[{"href":"https:\/\/goethe-gymnasium.berlin\/index.php\/wp-json\/wp\/v2\/pages"}],"about":[{"href":"https:\/\/goethe-gymnasium.berlin\/index.php\/wp-json\/wp\/v2\/types\/page"}],"author":[{"embeddable":true,"href":"https:\/\/goethe-gymnasium.berlin\/index.php\/wp-json\/wp\/v2\/users\/4"}],"replies":[{"embeddable":true,"href":"https:\/\/goethe-gymnasium.berlin\/index.php\/wp-json\/wp\/v2\/comments?post=9521"}],"version-history":[{"count":6,"href":"https:\/\/goethe-gymnasium.berlin\/index.php\/wp-json\/wp\/v2\/pages\/9521\/revisions"}],"predecessor-version":[{"id":10339,"href":"https:\/\/goethe-gymnasium.berlin\/index.php\/wp-json\/wp\/v2\/pages\/9521\/revisions\/10339"}],"up":[{"embeddable":true,"href":"https:\/\/goethe-gymnasium.berlin\/index.php\/wp-json\/wp\/v2\/pages\/177"}],"wp:featuredmedia":[{"embeddable":true,"href":"https:\/\/goethe-gymnasium.berlin\/index.php\/wp-json\/wp\/v2\/media\/9525"}],"wp:attachment":[{"href":"https:\/\/goethe-gymnasium.berlin\/index.php\/wp-json\/wp\/v2\/media?parent=9521"}],"wp:term":[{"taxonomy":"category","embeddable":true,"href":"https:\/\/goethe-gymnasium.berlin\/index.php\/wp-json\/wp\/v2\/categories?post=9521"},{"taxonomy":"post_tag","embeddable":true,"href":"https:\/\/goethe-gymnasium.berlin\/index.php\/wp-json\/wp\/v2\/tags?post=9521"}],"curies":[{"name":"wp","href":"https:\/\/api.w.org\/{rel}","templated":true}]}}