{"id":95,"date":"2018-04-24T11:13:44","date_gmt":"2018-04-24T11:13:44","guid":{"rendered":"http:\/\/goethe-gymnasium.berlin\/?page_id=95"},"modified":"2024-08-03T21:15:08","modified_gmt":"2024-08-03T19:15:08","slug":"deutsch","status":"publish","type":"page","link":"https:\/\/goethe-gymnasium.berlin\/index.php\/sprachen\/deutsch\/","title":{"rendered":"Deutsch"},"content":{"rendered":"\n<h3 class=\"wp-block-heading\">Goethe und die Welt &#8211; Das Fach Deutsch am Goethe-Gymnasium<\/h3>\n\n\n\n<p>Eine Bildung mit menschlichem Antlitz bestimmt das Lernen an unserer Schule. Das kommt insbesondere dem Fach&nbsp;Deutsch&nbsp;zugute, z. B. durch die gr\u00fcndliche Besch\u00e4ftigung mit Leben und Werk unseres Namensgebers. Durch die&nbsp;<strong>Auseinandersetzung mit Goethe<\/strong>&nbsp;lernen die Sch\u00fcler wesentliche Bereiche unseres kulturellen Erbes kennen: In Deutschland geboren, in Europa erzogen, in der Welt zu Hause zu sein.<\/p>\n\n\n\n<p>In der Praxis bedeutet dies, dass in jedem Jahrgang eine Unterrichtseinheit zu Leben und Werk&nbsp;Johann Wolfgang von Goethes zu finden ist. Diese Auseinandersetzung wird im Leistungskurs Deutsch des dritten Semesters auf einer&nbsp;Studienfahrt in die Goethestadt Weimar&nbsp;vertieft. An dieser Stelle wird auch die&nbsp;<strong>enge Verzahnung mit dem Fachbereich Alte Sprachen<\/strong>&nbsp;deutlich. Nach den im zweiten Semester stattfindenden Studienfahrten nach&nbsp;Italien&nbsp;bzw.&nbsp;Griechenland&nbsp;wird den Sch\u00fclern Goethes Klassikideal, das sein Vorbild in der Antike hat, in Weimar noch einmal in der Anschauung erfahrbar.<\/p>\n\n\n\n<p>Auch sonst profitiert der Deutschunterricht in vielf\u00e4ltiger Weise von den Alten Sprachen. In den f\u00fcnften und sechsten Klassen werden Grundlagen f\u00fcr eine genaue Sprachbetrachtung gelegt. Erste Kenntnisse im Fach&nbsp;Latein&nbsp;k\u00f6nnen gerade f\u00fcr Sch\u00fcler nicht-deutscher Herkunft sehr hilfreich sein, um den Bau der deutschen Sprache im Hinblick auf Grammatik, Formenlehre und Satzbau besser zu verstehen. Dar\u00fcber hinaus gibt es ein&nbsp;<strong>F\u00f6rderangebot zur Rechtschreib- und Lesekompetenz<\/strong>&nbsp;von w\u00f6chentlich zwei Stunden. Die Klassen sieben bis zehn besch\u00e4ftigen sich mit der Analyse und Interpretation literarischer und pragmatischer Texte. Auch hier wird der Einfluss der Antike an vielen Stellen deutlich, so z. B. anhand der sprachlichen Bilder und rhetorischen Mittel sowie inhaltlichen Stoffe und Motive, deren sich die deutsche Literatur in so vielf\u00e4ltiger Weise bedient und auf den sie sich immer wieder berufen hat.<\/p>\n\n\n\n<p>Im Kurssystem der Sekundarstufe II sollen die Sch\u00fcler bef\u00e4higt werden, sich auch in gr\u00f6\u00dferen gesellschaftlichen Zusammenh\u00e4ngen zurechtzufinden. Jetzt liegt ein Schwerpunkt auf der expliziten Verkn\u00fcpfung ihrer Kenntnisse aus dem altsprachlichen Unterricht mit der epochenbezogenen Erarbeitung deutscher Literatur. F\u00fcr interessierte Sch\u00fcler der zehnten Klassen und des Kurssystems gibt es einmal im Monat die M\u00f6glichkeit, in der&nbsp;<a href=\"http:\/\/goethe-gymnasium.berlin\/index.php\/schule\/arbeitsgemeinschaften\/\"><strong>Literatur-AG<\/strong><\/a>&nbsp;\u00fcber literarische Texte zu diskutieren.<\/p>\n\n\n\n<p>Andere F\u00e4cher bauen auf unserer Arbeit auf: So ist die Er\u00f6rterung von Sachtexten eine gute&nbsp;<strong>Grundlage f\u00fcr die F\u00e4cher Geschichte, Politische Wissenschaften und Philosophie<\/strong>. Der m\u00fcndliche Gedichtvortrag, kleine Rollenspiele bzw. Theaterszenen, die im Deutschunterricht ge\u00fcbt werden, und andere Formen der m\u00fcndlichen Darstellung bereiten die Sch\u00fcler auf&nbsp;<strong>Formen der m\u00fcndlichen Pr\u00e4sentation<\/strong>&nbsp;vor, wie sie z. B. im <a href=\"http:\/\/goethe-gymnasium.berlin\/index.php\/schuelerschaft\/msa\/\">MSA <\/a>oder im Abitur verlangt werden.<\/p>\n\n\n\n<p>Der Verarmung sprachlicher Ausdrucksm\u00f6glichkeiten entgegenzuwirken und Literatur als Teil des kulturellen Erbes auf eine Weise nahezubringen, die als lebendige Bereicherung empfunden werden kann, ist ein ma\u00dfgeblicher Teil des Bildungsauftrages unserer Schule. Sch\u00fcler zu einem tieferen Verst\u00e4ndnis der eigenen Identit\u00e4t zu f\u00fchren, ist uns Verpflichtung und Versprechen.<\/p>\n\n\n\n<h4 class=\"wp-block-heading\">Weitere Informationen<\/h4>\n\n\n\n<ul class=\"wp-block-list\">\n<li><a href=\"https:\/\/goethe-gymnasium.berlin\/wp-content\/uploads\/2021\/08\/schulinternesCurriculum.5.-10.Jg_._deutsch.pdf\" target=\"_blank\" rel=\"noopener noreferrer\">schulinternes Curriculum Deutsch<\/a> f\u00fcr die Klassenstufen 5-10 (Stand 2021)<\/li>\n\n\n\n<li>Beitr\u00e4ge auf der Seite &#8222;<a href=\"https:\/\/goethe-gymnasium.berlin\/index.php\/schuelerschaft\/schuelerinnen-schreiben\/\" target=\"_blank\" rel=\"noreferrer noopener\">Sch\u00fcler:innen schreiben<\/a>&#8222;<\/li>\n\n\n\n<li><a href=\"https:\/\/goethe-gymnasium.berlin\/index.php\/2024\/03\/03\/goethe-gymnasium-ehrt-erich-kaestner\/\" target=\"_blank\" rel=\"noreferrer noopener\">K\u00e4stner-Ausstellung<\/a> zum <a href=\"https:\/\/goethe-gymnasium.berlin\/index.php\/2024\/02\/18\/auf-den-spuren-von-erich-kaestner\/\" target=\"_blank\" rel=\"noreferrer noopener\">125. Geburtstag des Schriftstellers<\/a> (Februar und Juni 2024)<\/li>\n<\/ul>\n\n\n\n<p class=\"has-text-align-right\"><em>Text: Fachbereich Deutsch (Schuljahr 2017\/18)<\/em><\/p>\n\n\n\n<p><\/p>\n","protected":false},"excerpt":{"rendered":"<p>Goethe und die Welt &#8211; Das Fach Deutsch am Goethe-Gymnasium Eine Bildung mit menschlichem Antlitz bestimmt das Lernen an unserer <a class=\"more-link\" href=\"https:\/\/goethe-gymnasium.berlin\/index.php\/sprachen\/deutsch\/\">Weiterlesen &#8230;<\/a><\/p>\n","protected":false},"author":4,"featured_media":421,"parent":88,"menu_order":0,"comment_status":"closed","ping_status":"closed","template":"","meta":{"footnotes":""},"categories":[13],"tags":[60],"class_list":["post-95","page","type-page","status-publish","has-post-thumbnail","hentry","category-deutsch","tag-informationen"],"yoast_head":"<!-- This site is optimized with the Yoast SEO plugin v27.4 - https:\/\/yoast.com\/product\/yoast-seo-wordpress\/ -->\n<title>Deutsch - Goethe-Gymnasium Berlin-Wilmersdorf<\/title>\n<meta name=\"robots\" content=\"index, follow, max-snippet:-1, max-image-preview:large, max-video-preview:-1\" \/>\n<link rel=\"canonical\" href=\"https:\/\/goethe-gymnasium.berlin\/index.php\/sprachen\/deutsch\/\" \/>\n<meta property=\"og:locale\" content=\"de_DE\" \/>\n<meta property=\"og:type\" content=\"article\" \/>\n<meta property=\"og:title\" content=\"Deutsch - Goethe-Gymnasium Berlin-Wilmersdorf\" \/>\n<meta property=\"og:description\" content=\"Goethe und die Welt &#8211; Das Fach Deutsch am Goethe-Gymnasium Eine Bildung mit menschlichem Antlitz bestimmt das Lernen an unserer Weiterlesen ...\" \/>\n<meta property=\"og:url\" content=\"https:\/\/goethe-gymnasium.berlin\/index.php\/sprachen\/deutsch\/\" \/>\n<meta property=\"og:site_name\" content=\"Goethe-Gymnasium Berlin-Wilmersdorf\" \/>\n<meta property=\"article:publisher\" content=\"https:\/\/www.facebook.com\/pages\/Goethe-Gymnasium\/109376575754402\" \/>\n<meta property=\"article:modified_time\" content=\"2024-08-03T19:15:08+00:00\" \/>\n<meta property=\"og:image\" content=\"https:\/\/goethe-gymnasium.berlin\/wp-content\/uploads\/2018\/04\/goethe-campagna-ms.jpg\" \/>\n\t<meta property=\"og:image:width\" content=\"1024\" \/>\n\t<meta property=\"og:image:height\" content=\"807\" \/>\n\t<meta property=\"og:image:type\" content=\"image\/jpeg\" \/>\n<meta name=\"twitter:card\" content=\"summary_large_image\" \/>\n<meta name=\"twitter:label1\" content=\"Gesch\u00e4tzte Lesezeit\" \/>\n\t<meta name=\"twitter:data1\" content=\"3\u00a0Minuten\" \/>\n<script type=\"application\/ld+json\" class=\"yoast-schema-graph\">{\"@context\":\"https:\\\/\\\/schema.org\",\"@graph\":[{\"@type\":\"WebPage\",\"@id\":\"https:\\\/\\\/goethe-gymnasium.berlin\\\/index.php\\\/sprachen\\\/deutsch\\\/\",\"url\":\"https:\\\/\\\/goethe-gymnasium.berlin\\\/index.php\\\/sprachen\\\/deutsch\\\/\",\"name\":\"Deutsch - Goethe-Gymnasium Berlin-Wilmersdorf\",\"isPartOf\":{\"@id\":\"https:\\\/\\\/goethe-gymnasium.berlin\\\/#website\"},\"primaryImageOfPage\":{\"@id\":\"https:\\\/\\\/goethe-gymnasium.berlin\\\/index.php\\\/sprachen\\\/deutsch\\\/#primaryimage\"},\"image\":{\"@id\":\"https:\\\/\\\/goethe-gymnasium.berlin\\\/index.php\\\/sprachen\\\/deutsch\\\/#primaryimage\"},\"thumbnailUrl\":\"https:\\\/\\\/goethe-gymnasium.berlin\\\/wp-content\\\/uploads\\\/2018\\\/04\\\/goethe-campagna-ms.jpg\",\"datePublished\":\"2018-04-24T11:13:44+00:00\",\"dateModified\":\"2024-08-03T19:15:08+00:00\",\"breadcrumb\":{\"@id\":\"https:\\\/\\\/goethe-gymnasium.berlin\\\/index.php\\\/sprachen\\\/deutsch\\\/#breadcrumb\"},\"inLanguage\":\"de\",\"potentialAction\":[{\"@type\":\"ReadAction\",\"target\":[\"https:\\\/\\\/goethe-gymnasium.berlin\\\/index.php\\\/sprachen\\\/deutsch\\\/\"]}]},{\"@type\":\"ImageObject\",\"inLanguage\":\"de\",\"@id\":\"https:\\\/\\\/goethe-gymnasium.berlin\\\/index.php\\\/sprachen\\\/deutsch\\\/#primaryimage\",\"url\":\"https:\\\/\\\/goethe-gymnasium.berlin\\\/wp-content\\\/uploads\\\/2018\\\/04\\\/goethe-campagna-ms.jpg\",\"contentUrl\":\"https:\\\/\\\/goethe-gymnasium.berlin\\\/wp-content\\\/uploads\\\/2018\\\/04\\\/goethe-campagna-ms.jpg\",\"width\":1024,\"height\":807},{\"@type\":\"BreadcrumbList\",\"@id\":\"https:\\\/\\\/goethe-gymnasium.berlin\\\/index.php\\\/sprachen\\\/deutsch\\\/#breadcrumb\",\"itemListElement\":[{\"@type\":\"ListItem\",\"position\":1,\"name\":\"Startseite\",\"item\":\"https:\\\/\\\/goethe-gymnasium.berlin\\\/\"},{\"@type\":\"ListItem\",\"position\":2,\"name\":\"Sprachen\",\"item\":\"https:\\\/\\\/goethe-gymnasium.berlin\\\/index.php\\\/sprachen\\\/\"},{\"@type\":\"ListItem\",\"position\":3,\"name\":\"Deutsch\"}]},{\"@type\":\"WebSite\",\"@id\":\"https:\\\/\\\/goethe-gymnasium.berlin\\\/#website\",\"url\":\"https:\\\/\\\/goethe-gymnasium.berlin\\\/\",\"name\":\"Goethe-Gymnasium Berlin-Wilmersdorf\",\"description\":\"\",\"publisher\":{\"@id\":\"https:\\\/\\\/goethe-gymnasium.berlin\\\/#organization\"},\"potentialAction\":[{\"@type\":\"SearchAction\",\"target\":{\"@type\":\"EntryPoint\",\"urlTemplate\":\"https:\\\/\\\/goethe-gymnasium.berlin\\\/?s={search_term_string}\"},\"query-input\":{\"@type\":\"PropertyValueSpecification\",\"valueRequired\":true,\"valueName\":\"search_term_string\"}}],\"inLanguage\":\"de\"},{\"@type\":\"Organization\",\"@id\":\"https:\\\/\\\/goethe-gymnasium.berlin\\\/#organization\",\"name\":\"Goethe-Gymnasium Berlin-Wilmersdorf\",\"url\":\"https:\\\/\\\/goethe-gymnasium.berlin\\\/\",\"logo\":{\"@type\":\"ImageObject\",\"inLanguage\":\"de\",\"@id\":\"https:\\\/\\\/goethe-gymnasium.berlin\\\/#\\\/schema\\\/logo\\\/image\\\/\",\"url\":\"https:\\\/\\\/goethe-gymnasium.berlin\\\/wp-content\\\/uploads\\\/2018\\\/04\\\/goethe-logo_hoch.png\",\"contentUrl\":\"https:\\\/\\\/goethe-gymnasium.berlin\\\/wp-content\\\/uploads\\\/2018\\\/04\\\/goethe-logo_hoch.png\",\"width\":755,\"height\":514,\"caption\":\"Goethe-Gymnasium Berlin-Wilmersdorf\"},\"image\":{\"@id\":\"https:\\\/\\\/goethe-gymnasium.berlin\\\/#\\\/schema\\\/logo\\\/image\\\/\"},\"sameAs\":[\"https:\\\/\\\/www.facebook.com\\\/pages\\\/Goethe-Gymnasium\\\/109376575754402\",\"https:\\\/\\\/www.youtube.com\\\/channel\\\/UCMKuMVF9h_YkS3zmEp7SnzQ\"]}]}<\/script>\n<!-- \/ Yoast SEO plugin. -->","yoast_head_json":{"title":"Deutsch - Goethe-Gymnasium Berlin-Wilmersdorf","robots":{"index":"index","follow":"follow","max-snippet":"max-snippet:-1","max-image-preview":"max-image-preview:large","max-video-preview":"max-video-preview:-1"},"canonical":"https:\/\/goethe-gymnasium.berlin\/index.php\/sprachen\/deutsch\/","og_locale":"de_DE","og_type":"article","og_title":"Deutsch - Goethe-Gymnasium Berlin-Wilmersdorf","og_description":"Goethe und die Welt &#8211; Das Fach Deutsch am Goethe-Gymnasium Eine Bildung mit menschlichem Antlitz bestimmt das Lernen an unserer Weiterlesen ...","og_url":"https:\/\/goethe-gymnasium.berlin\/index.php\/sprachen\/deutsch\/","og_site_name":"Goethe-Gymnasium Berlin-Wilmersdorf","article_publisher":"https:\/\/www.facebook.com\/pages\/Goethe-Gymnasium\/109376575754402","article_modified_time":"2024-08-03T19:15:08+00:00","og_image":[{"width":1024,"height":807,"url":"https:\/\/goethe-gymnasium.berlin\/wp-content\/uploads\/2018\/04\/goethe-campagna-ms.jpg","type":"image\/jpeg"}],"twitter_card":"summary_large_image","twitter_misc":{"Gesch\u00e4tzte Lesezeit":"3\u00a0Minuten"},"schema":{"@context":"https:\/\/schema.org","@graph":[{"@type":"WebPage","@id":"https:\/\/goethe-gymnasium.berlin\/index.php\/sprachen\/deutsch\/","url":"https:\/\/goethe-gymnasium.berlin\/index.php\/sprachen\/deutsch\/","name":"Deutsch - Goethe-Gymnasium Berlin-Wilmersdorf","isPartOf":{"@id":"https:\/\/goethe-gymnasium.berlin\/#website"},"primaryImageOfPage":{"@id":"https:\/\/goethe-gymnasium.berlin\/index.php\/sprachen\/deutsch\/#primaryimage"},"image":{"@id":"https:\/\/goethe-gymnasium.berlin\/index.php\/sprachen\/deutsch\/#primaryimage"},"thumbnailUrl":"https:\/\/goethe-gymnasium.berlin\/wp-content\/uploads\/2018\/04\/goethe-campagna-ms.jpg","datePublished":"2018-04-24T11:13:44+00:00","dateModified":"2024-08-03T19:15:08+00:00","breadcrumb":{"@id":"https:\/\/goethe-gymnasium.berlin\/index.php\/sprachen\/deutsch\/#breadcrumb"},"inLanguage":"de","potentialAction":[{"@type":"ReadAction","target":["https:\/\/goethe-gymnasium.berlin\/index.php\/sprachen\/deutsch\/"]}]},{"@type":"ImageObject","inLanguage":"de","@id":"https:\/\/goethe-gymnasium.berlin\/index.php\/sprachen\/deutsch\/#primaryimage","url":"https:\/\/goethe-gymnasium.berlin\/wp-content\/uploads\/2018\/04\/goethe-campagna-ms.jpg","contentUrl":"https:\/\/goethe-gymnasium.berlin\/wp-content\/uploads\/2018\/04\/goethe-campagna-ms.jpg","width":1024,"height":807},{"@type":"BreadcrumbList","@id":"https:\/\/goethe-gymnasium.berlin\/index.php\/sprachen\/deutsch\/#breadcrumb","itemListElement":[{"@type":"ListItem","position":1,"name":"Startseite","item":"https:\/\/goethe-gymnasium.berlin\/"},{"@type":"ListItem","position":2,"name":"Sprachen","item":"https:\/\/goethe-gymnasium.berlin\/index.php\/sprachen\/"},{"@type":"ListItem","position":3,"name":"Deutsch"}]},{"@type":"WebSite","@id":"https:\/\/goethe-gymnasium.berlin\/#website","url":"https:\/\/goethe-gymnasium.berlin\/","name":"Goethe-Gymnasium Berlin-Wilmersdorf","description":"","publisher":{"@id":"https:\/\/goethe-gymnasium.berlin\/#organization"},"potentialAction":[{"@type":"SearchAction","target":{"@type":"EntryPoint","urlTemplate":"https:\/\/goethe-gymnasium.berlin\/?s={search_term_string}"},"query-input":{"@type":"PropertyValueSpecification","valueRequired":true,"valueName":"search_term_string"}}],"inLanguage":"de"},{"@type":"Organization","@id":"https:\/\/goethe-gymnasium.berlin\/#organization","name":"Goethe-Gymnasium Berlin-Wilmersdorf","url":"https:\/\/goethe-gymnasium.berlin\/","logo":{"@type":"ImageObject","inLanguage":"de","@id":"https:\/\/goethe-gymnasium.berlin\/#\/schema\/logo\/image\/","url":"https:\/\/goethe-gymnasium.berlin\/wp-content\/uploads\/2018\/04\/goethe-logo_hoch.png","contentUrl":"https:\/\/goethe-gymnasium.berlin\/wp-content\/uploads\/2018\/04\/goethe-logo_hoch.png","width":755,"height":514,"caption":"Goethe-Gymnasium Berlin-Wilmersdorf"},"image":{"@id":"https:\/\/goethe-gymnasium.berlin\/#\/schema\/logo\/image\/"},"sameAs":["https:\/\/www.facebook.com\/pages\/Goethe-Gymnasium\/109376575754402","https:\/\/www.youtube.com\/channel\/UCMKuMVF9h_YkS3zmEp7SnzQ"]}]}},"_links":{"self":[{"href":"https:\/\/goethe-gymnasium.berlin\/index.php\/wp-json\/wp\/v2\/pages\/95","targetHints":{"allow":["GET"]}}],"collection":[{"href":"https:\/\/goethe-gymnasium.berlin\/index.php\/wp-json\/wp\/v2\/pages"}],"about":[{"href":"https:\/\/goethe-gymnasium.berlin\/index.php\/wp-json\/wp\/v2\/types\/page"}],"author":[{"embeddable":true,"href":"https:\/\/goethe-gymnasium.berlin\/index.php\/wp-json\/wp\/v2\/users\/4"}],"replies":[{"embeddable":true,"href":"https:\/\/goethe-gymnasium.berlin\/index.php\/wp-json\/wp\/v2\/comments?post=95"}],"version-history":[{"count":13,"href":"https:\/\/goethe-gymnasium.berlin\/index.php\/wp-json\/wp\/v2\/pages\/95\/revisions"}],"predecessor-version":[{"id":12246,"href":"https:\/\/goethe-gymnasium.berlin\/index.php\/wp-json\/wp\/v2\/pages\/95\/revisions\/12246"}],"up":[{"embeddable":true,"href":"https:\/\/goethe-gymnasium.berlin\/index.php\/wp-json\/wp\/v2\/pages\/88"}],"wp:featuredmedia":[{"embeddable":true,"href":"https:\/\/goethe-gymnasium.berlin\/index.php\/wp-json\/wp\/v2\/media\/421"}],"wp:attachment":[{"href":"https:\/\/goethe-gymnasium.berlin\/index.php\/wp-json\/wp\/v2\/media?parent=95"}],"wp:term":[{"taxonomy":"category","embeddable":true,"href":"https:\/\/goethe-gymnasium.berlin\/index.php\/wp-json\/wp\/v2\/categories?post=95"},{"taxonomy":"post_tag","embeddable":true,"href":"https:\/\/goethe-gymnasium.berlin\/index.php\/wp-json\/wp\/v2\/tags?post=95"}],"curies":[{"name":"wp","href":"https:\/\/api.w.org\/{rel}","templated":true}]}}