{"id":9432,"date":"2022-08-08T13:58:42","date_gmt":"2022-08-08T11:58:42","guid":{"rendered":"https:\/\/goethe-gymnasium.berlin\/?page_id=9432"},"modified":"2022-08-08T19:27:12","modified_gmt":"2022-08-08T17:27:12","slug":"katholische-religion","status":"publish","type":"page","link":"https:\/\/goethe-gymnasium.berlin\/index.php\/religion\/katholische-religion\/","title":{"rendered":"Katholische Religion"},"content":{"rendered":"\n<h2 class=\"wp-block-heading\">Aus dem katholischen Religionsunterricht<\/h2>\n\n\n\n<p>Katholischer Religionsunterricht ist ein freiwilliges Angebot in Verantwortung der katholischen Kirche und richtet sich an alle interessierten Sch\u00fclerinnen und Sch\u00fcler, die Fragen zum Thema Sinnsuche, Religion und Glauben, Gott und die Welt miteinander behandeln m\u00f6chten. Es ist ein sch\u00fclerorientiertes, gemeinschaftliches Angebot ohne konfessionelle Bindung oder Voraussetzung.<\/p>\n\n\n<div class=\"wp-block-image\">\n<figure class=\"aligncenter size-large\"><a href=\"https:\/\/goethe-gymnasium.berlin\/wp-content\/uploads\/2021\/03\/RK-Angebot.jpg\" target=\"_blank\" rel=\"noreferrer noopener\"><img loading=\"lazy\" decoding=\"async\" width=\"1599\" height=\"789\" src=\"https:\/\/goethe-gymnasium.berlin\/wp-content\/uploads\/2021\/03\/RK-Angebot.jpg\" alt=\"\" class=\"wp-image-6973\" srcset=\"https:\/\/goethe-gymnasium.berlin\/wp-content\/uploads\/2021\/03\/RK-Angebot.jpg 1599w, https:\/\/goethe-gymnasium.berlin\/wp-content\/uploads\/2021\/03\/RK-Angebot-300x148.jpg 300w, https:\/\/goethe-gymnasium.berlin\/wp-content\/uploads\/2021\/03\/RK-Angebot-768x379.jpg 768w, https:\/\/goethe-gymnasium.berlin\/wp-content\/uploads\/2021\/03\/RK-Angebot-1536x758.jpg 1536w, https:\/\/goethe-gymnasium.berlin\/wp-content\/uploads\/2021\/03\/RK-Angebot-125x62.jpg 125w, https:\/\/goethe-gymnasium.berlin\/wp-content\/uploads\/2021\/03\/RK-Angebot-200x99.jpg 200w, https:\/\/goethe-gymnasium.berlin\/wp-content\/uploads\/2021\/03\/RK-Angebot-80x39.jpg 80w, https:\/\/goethe-gymnasium.berlin\/wp-content\/uploads\/2021\/03\/RK-Angebot-1024x505.jpg 1024w\" sizes=\"auto, (max-width: 1599px) 100vw, 1599px\" \/><\/a><figcaption><center><em>Informationen am Tag der Offenen T\u00fcr<\/em><\/center><\/figcaption><\/figure>\n<\/div>\n\n\n<p>Gern stellen wir hier verschiedene <strong>Projekte und Unterrichtsbesuche<\/strong> vor:<\/p>\n\n\n\n<ul class=\"wp-block-list\"><li>Im vergangenen Schuljahr konnten wir anl\u00e4sslich des Themas \u201eWerke der Barmherzigkeit\u201c die <strong>Suppenk\u00fcche von St. Marien in Wilmersdorf <\/strong>besuchen und Gespr\u00e4che mit dem Leiter und einigen Besuchern der Einrichtung f\u00fchren. Auch brachten wir zur Weihnachtszeit f\u00fcr die Bed\u00fcrftigen Schokolade und haltbare Lebensmittel mit. F\u00fcr die Sch\u00fclerinnen und Sch\u00fcler war diese Begegnung nach eigenen Aussagen eine wertvolle und nachhaltige Erfahrung.<\/li><li>Mit einer anderen Sch\u00fclergruppe besuchten wir die <strong>Krippe von Heilig Kreuz<\/strong>, welche zu den gr\u00f6\u00dften Berlins geh\u00f6rt und besichtigten dabei die Kirche. Ebenso fanden ein Treffen mit der Gemeindereferentin und ein Gespr\u00e4ch mit dem Pfarrer statt.<\/li><li>Zu Weihnachten ist es Brauch, dass die Sternsinger den Segen f\u00fcr das neue Jahr bringen. Dazu wird jedes Jahr wird ein neues Projekt vorgestellt und im Unterricht besprochen. In der Schule veranstalten wir einen Kuchenverkauf und der Erl\u00f6s des Verkaufs geht an das <strong>Kinderhilfswerk \u201eDie Sternsinger\u201c<\/strong> als Beitrag f\u00fcr die vielen Hilfsprojekte weltweit. Der Verkauf ist jedes Jahr sehr beliebt und viele Gruppen beteiligen sich an den Kuchenspenden sowie am Verkauf und nat\u00fcrlich am Verzehr der k\u00f6stlichen s\u00fc\u00dfen Speisen.<\/li><li>In diesem Schuljahr war ein Schwerpunkt mit den \u00e4lteren Sch\u00fclerinnen und Sch\u00fclern der Besuch von Orten religi\u00f6sen Lebens in der Umgebung der Schule. Wir besuchten u.a. die <strong>evangelische Auenkirche<\/strong> und besichtigten die Kirche sowie die Gemeinder\u00e4ume. Ein Gespr\u00e4ch mit Pfarrerin Engk brachte viele neue Erkenntnisse \u00fcber die Gemeinde und ihr Wirken in Wilmersdorf.<\/li><\/ul>\n\n\n\n<figure class=\"wp-block-gallery aligncenter has-nested-images columns-2 is-cropped wp-block-gallery-2 is-layout-flex wp-block-gallery-is-layout-flex\">\n<figure class=\"wp-block-image size-large\"><a href=\"https:\/\/goethe-gymnasium.berlin\/wp-content\/uploads\/2021\/03\/RK-Kirche-St-Marien.jpg\" target=\"_blank\" rel=\"noreferrer noopener\"><img loading=\"lazy\" decoding=\"async\" width=\"768\" height=\"1024\" data-id=\"6971\" src=\"https:\/\/goethe-gymnasium.berlin\/wp-content\/uploads\/2021\/03\/RK-Kirche-St-Marien-768x1024.jpg\" alt=\"\" class=\"wp-image-6971\" srcset=\"https:\/\/goethe-gymnasium.berlin\/wp-content\/uploads\/2021\/03\/RK-Kirche-St-Marien-768x1024.jpg 768w, https:\/\/goethe-gymnasium.berlin\/wp-content\/uploads\/2021\/03\/RK-Kirche-St-Marien-225x300.jpg 225w, https:\/\/goethe-gymnasium.berlin\/wp-content\/uploads\/2021\/03\/RK-Kirche-St-Marien-1152x1536.jpg 1152w, https:\/\/goethe-gymnasium.berlin\/wp-content\/uploads\/2021\/03\/RK-Kirche-St-Marien-94x125.jpg 94w, https:\/\/goethe-gymnasium.berlin\/wp-content\/uploads\/2021\/03\/RK-Kirche-St-Marien-150x200.jpg 150w, https:\/\/goethe-gymnasium.berlin\/wp-content\/uploads\/2021\/03\/RK-Kirche-St-Marien-60x80.jpg 60w, https:\/\/goethe-gymnasium.berlin\/wp-content\/uploads\/2021\/03\/RK-Kirche-St-Marien-576x768.jpg 576w, https:\/\/goethe-gymnasium.berlin\/wp-content\/uploads\/2021\/03\/RK-Kirche-St-Marien.jpg 1512w\" sizes=\"auto, (max-width: 768px) 100vw, 768px\" \/><\/a><figcaption>Kirche St. Marien<\/figcaption><\/figure>\n\n\n\n<figure class=\"wp-block-image size-large\"><a href=\"https:\/\/goethe-gymnasium.berlin\/wp-content\/uploads\/2021\/03\/RK-Kirche-St-Marien-Suppenkueche-scaled.jpg\" target=\"_blank\" rel=\"noreferrer noopener\"><img loading=\"lazy\" decoding=\"async\" width=\"1480\" height=\"1024\" data-id=\"6972\" src=\"https:\/\/goethe-gymnasium.berlin\/wp-content\/uploads\/2021\/03\/RK-Kirche-St-Marien-Suppenkueche-1480x1024.jpg\" alt=\"\" class=\"wp-image-6972\" srcset=\"https:\/\/goethe-gymnasium.berlin\/wp-content\/uploads\/2021\/03\/RK-Kirche-St-Marien-Suppenkueche-1480x1024.jpg 1480w, https:\/\/goethe-gymnasium.berlin\/wp-content\/uploads\/2021\/03\/RK-Kirche-St-Marien-Suppenkueche-300x208.jpg 300w, https:\/\/goethe-gymnasium.berlin\/wp-content\/uploads\/2021\/03\/RK-Kirche-St-Marien-Suppenkueche-768x531.jpg 768w, https:\/\/goethe-gymnasium.berlin\/wp-content\/uploads\/2021\/03\/RK-Kirche-St-Marien-Suppenkueche-1536x1062.jpg 1536w, https:\/\/goethe-gymnasium.berlin\/wp-content\/uploads\/2021\/03\/RK-Kirche-St-Marien-Suppenkueche-2048x1417.jpg 2048w, https:\/\/goethe-gymnasium.berlin\/wp-content\/uploads\/2021\/03\/RK-Kirche-St-Marien-Suppenkueche-125x86.jpg 125w, https:\/\/goethe-gymnasium.berlin\/wp-content\/uploads\/2021\/03\/RK-Kirche-St-Marien-Suppenkueche-200x138.jpg 200w, https:\/\/goethe-gymnasium.berlin\/wp-content\/uploads\/2021\/03\/RK-Kirche-St-Marien-Suppenkueche-80x55.jpg 80w, https:\/\/goethe-gymnasium.berlin\/wp-content\/uploads\/2021\/03\/RK-Kirche-St-Marien-Suppenkueche-1024x708.jpg 1024w\" sizes=\"auto, (max-width: 1480px) 100vw, 1480px\" \/><\/a><figcaption>Suppenk\u00fcche in St. Marien<\/figcaption><\/figure>\n\n\n\n<figure class=\"wp-block-image size-large\"><a href=\"https:\/\/goethe-gymnasium.berlin\/wp-content\/uploads\/2021\/03\/RK-Kirche-Heilig-Kreuz-Krippe.jpg\" target=\"_blank\" rel=\"noreferrer noopener\"><img loading=\"lazy\" decoding=\"async\" width=\"1365\" height=\"1024\" data-id=\"6970\" src=\"https:\/\/goethe-gymnasium.berlin\/wp-content\/uploads\/2021\/03\/RK-Kirche-Heilig-Kreuz-Krippe-1365x1024.jpg\" alt=\"\" class=\"wp-image-6970\" srcset=\"https:\/\/goethe-gymnasium.berlin\/wp-content\/uploads\/2021\/03\/RK-Kirche-Heilig-Kreuz-Krippe-1365x1024.jpg 1365w, https:\/\/goethe-gymnasium.berlin\/wp-content\/uploads\/2021\/03\/RK-Kirche-Heilig-Kreuz-Krippe-300x225.jpg 300w, https:\/\/goethe-gymnasium.berlin\/wp-content\/uploads\/2021\/03\/RK-Kirche-Heilig-Kreuz-Krippe-768x576.jpg 768w, https:\/\/goethe-gymnasium.berlin\/wp-content\/uploads\/2021\/03\/RK-Kirche-Heilig-Kreuz-Krippe-1536x1152.jpg 1536w, https:\/\/goethe-gymnasium.berlin\/wp-content\/uploads\/2021\/03\/RK-Kirche-Heilig-Kreuz-Krippe-125x94.jpg 125w, https:\/\/goethe-gymnasium.berlin\/wp-content\/uploads\/2021\/03\/RK-Kirche-Heilig-Kreuz-Krippe-200x150.jpg 200w, https:\/\/goethe-gymnasium.berlin\/wp-content\/uploads\/2021\/03\/RK-Kirche-Heilig-Kreuz-Krippe-80x60.jpg 80w, https:\/\/goethe-gymnasium.berlin\/wp-content\/uploads\/2021\/03\/RK-Kirche-Heilig-Kreuz-Krippe-1024x768.jpg 1024w, https:\/\/goethe-gymnasium.berlin\/wp-content\/uploads\/2021\/03\/RK-Kirche-Heilig-Kreuz-Krippe.jpg 2016w\" sizes=\"auto, (max-width: 1365px) 100vw, 1365px\" \/><\/a><figcaption>Krippe in Heilig Kreuz<\/figcaption><\/figure>\n<\/figure>\n\n\n\n<p><\/p>\n\n\n\n<p class=\"has-text-align-right\"><em>Text: Frau Hausmann (aktualisiert: Schuljahr 2020\/21)<br>Fotos: Frau Hausmann (Schuljahr 2020\/21)<\/em><\/p>\n","protected":false},"excerpt":{"rendered":"<p>Aus dem katholischen Religionsunterricht Katholischer Religionsunterricht ist ein freiwilliges Angebot in Verantwortung der katholischen Kirche und richtet sich an alle <a class=\"more-link\" href=\"https:\/\/goethe-gymnasium.berlin\/index.php\/religion\/katholische-religion\/\">Weiterlesen &#8230;<\/a><\/p>\n","protected":false},"author":4,"featured_media":0,"parent":195,"menu_order":0,"comment_status":"closed","ping_status":"closed","template":"","meta":{"footnotes":""},"categories":[124],"tags":[477],"class_list":["post-9432","page","type-page","status-publish","hentry","category-religion","tag-katholische-religion"],"yoast_head":"<!-- This site is optimized with the Yoast SEO plugin v27.3 - https:\/\/yoast.com\/product\/yoast-seo-wordpress\/ -->\n<title>Katholische Religion - Goethe-Gymnasium Berlin-Wilmersdorf<\/title>\n<meta name=\"robots\" content=\"index, follow, max-snippet:-1, max-image-preview:large, max-video-preview:-1\" \/>\n<link rel=\"canonical\" href=\"https:\/\/goethe-gymnasium.berlin\/index.php\/religion\/katholische-religion\/\" \/>\n<meta property=\"og:locale\" content=\"de_DE\" \/>\n<meta property=\"og:type\" content=\"article\" \/>\n<meta property=\"og:title\" content=\"Katholische Religion - Goethe-Gymnasium Berlin-Wilmersdorf\" \/>\n<meta property=\"og:description\" content=\"Aus dem katholischen Religionsunterricht Katholischer Religionsunterricht ist ein freiwilliges Angebot in Verantwortung der katholischen Kirche und richtet sich an alle Weiterlesen ...\" \/>\n<meta property=\"og:url\" content=\"https:\/\/goethe-gymnasium.berlin\/index.php\/religion\/katholische-religion\/\" \/>\n<meta property=\"og:site_name\" content=\"Goethe-Gymnasium Berlin-Wilmersdorf\" \/>\n<meta property=\"article:publisher\" content=\"https:\/\/www.facebook.com\/pages\/Goethe-Gymnasium\/109376575754402\" \/>\n<meta property=\"article:modified_time\" content=\"2022-08-08T17:27:12+00:00\" \/>\n<meta property=\"og:image\" content=\"https:\/\/goethe-gymnasium.berlin\/wp-content\/uploads\/2021\/03\/RK-Angebot.jpg\" \/>\n<meta name=\"twitter:card\" content=\"summary_large_image\" \/>\n<meta name=\"twitter:label1\" content=\"Gesch\u00e4tzte Lesezeit\" \/>\n\t<meta name=\"twitter:data1\" content=\"3\u00a0Minuten\" \/>\n<script type=\"application\/ld+json\" class=\"yoast-schema-graph\">{\"@context\":\"https:\\\/\\\/schema.org\",\"@graph\":[{\"@type\":\"WebPage\",\"@id\":\"https:\\\/\\\/goethe-gymnasium.berlin\\\/index.php\\\/religion\\\/katholische-religion\\\/\",\"url\":\"https:\\\/\\\/goethe-gymnasium.berlin\\\/index.php\\\/religion\\\/katholische-religion\\\/\",\"name\":\"Katholische Religion - Goethe-Gymnasium Berlin-Wilmersdorf\",\"isPartOf\":{\"@id\":\"https:\\\/\\\/goethe-gymnasium.berlin\\\/#website\"},\"primaryImageOfPage\":{\"@id\":\"https:\\\/\\\/goethe-gymnasium.berlin\\\/index.php\\\/religion\\\/katholische-religion\\\/#primaryimage\"},\"image\":{\"@id\":\"https:\\\/\\\/goethe-gymnasium.berlin\\\/index.php\\\/religion\\\/katholische-religion\\\/#primaryimage\"},\"thumbnailUrl\":\"https:\\\/\\\/goethe-gymnasium.berlin\\\/wp-content\\\/uploads\\\/2021\\\/03\\\/RK-Angebot.jpg\",\"datePublished\":\"2022-08-08T11:58:42+00:00\",\"dateModified\":\"2022-08-08T17:27:12+00:00\",\"breadcrumb\":{\"@id\":\"https:\\\/\\\/goethe-gymnasium.berlin\\\/index.php\\\/religion\\\/katholische-religion\\\/#breadcrumb\"},\"inLanguage\":\"de\",\"potentialAction\":[{\"@type\":\"ReadAction\",\"target\":[\"https:\\\/\\\/goethe-gymnasium.berlin\\\/index.php\\\/religion\\\/katholische-religion\\\/\"]}]},{\"@type\":\"ImageObject\",\"inLanguage\":\"de\",\"@id\":\"https:\\\/\\\/goethe-gymnasium.berlin\\\/index.php\\\/religion\\\/katholische-religion\\\/#primaryimage\",\"url\":\"https:\\\/\\\/goethe-gymnasium.berlin\\\/wp-content\\\/uploads\\\/2021\\\/03\\\/RK-Angebot.jpg\",\"contentUrl\":\"https:\\\/\\\/goethe-gymnasium.berlin\\\/wp-content\\\/uploads\\\/2021\\\/03\\\/RK-Angebot.jpg\",\"width\":1599,\"height\":789},{\"@type\":\"BreadcrumbList\",\"@id\":\"https:\\\/\\\/goethe-gymnasium.berlin\\\/index.php\\\/religion\\\/katholische-religion\\\/#breadcrumb\",\"itemListElement\":[{\"@type\":\"ListItem\",\"position\":1,\"name\":\"Startseite\",\"item\":\"https:\\\/\\\/goethe-gymnasium.berlin\\\/\"},{\"@type\":\"ListItem\",\"position\":2,\"name\":\"Religion\",\"item\":\"https:\\\/\\\/goethe-gymnasium.berlin\\\/index.php\\\/religion\\\/\"},{\"@type\":\"ListItem\",\"position\":3,\"name\":\"Katholische Religion\"}]},{\"@type\":\"WebSite\",\"@id\":\"https:\\\/\\\/goethe-gymnasium.berlin\\\/#website\",\"url\":\"https:\\\/\\\/goethe-gymnasium.berlin\\\/\",\"name\":\"Goethe-Gymnasium Berlin-Wilmersdorf\",\"description\":\"\",\"publisher\":{\"@id\":\"https:\\\/\\\/goethe-gymnasium.berlin\\\/#organization\"},\"potentialAction\":[{\"@type\":\"SearchAction\",\"target\":{\"@type\":\"EntryPoint\",\"urlTemplate\":\"https:\\\/\\\/goethe-gymnasium.berlin\\\/?s={search_term_string}\"},\"query-input\":{\"@type\":\"PropertyValueSpecification\",\"valueRequired\":true,\"valueName\":\"search_term_string\"}}],\"inLanguage\":\"de\"},{\"@type\":\"Organization\",\"@id\":\"https:\\\/\\\/goethe-gymnasium.berlin\\\/#organization\",\"name\":\"Goethe-Gymnasium Berlin-Wilmersdorf\",\"url\":\"https:\\\/\\\/goethe-gymnasium.berlin\\\/\",\"logo\":{\"@type\":\"ImageObject\",\"inLanguage\":\"de\",\"@id\":\"https:\\\/\\\/goethe-gymnasium.berlin\\\/#\\\/schema\\\/logo\\\/image\\\/\",\"url\":\"https:\\\/\\\/goethe-gymnasium.berlin\\\/wp-content\\\/uploads\\\/2018\\\/04\\\/goethe-logo_hoch.png\",\"contentUrl\":\"https:\\\/\\\/goethe-gymnasium.berlin\\\/wp-content\\\/uploads\\\/2018\\\/04\\\/goethe-logo_hoch.png\",\"width\":755,\"height\":514,\"caption\":\"Goethe-Gymnasium Berlin-Wilmersdorf\"},\"image\":{\"@id\":\"https:\\\/\\\/goethe-gymnasium.berlin\\\/#\\\/schema\\\/logo\\\/image\\\/\"},\"sameAs\":[\"https:\\\/\\\/www.facebook.com\\\/pages\\\/Goethe-Gymnasium\\\/109376575754402\",\"https:\\\/\\\/www.youtube.com\\\/channel\\\/UCMKuMVF9h_YkS3zmEp7SnzQ\"]}]}<\/script>\n<!-- \/ Yoast SEO plugin. -->","yoast_head_json":{"title":"Katholische Religion - Goethe-Gymnasium Berlin-Wilmersdorf","robots":{"index":"index","follow":"follow","max-snippet":"max-snippet:-1","max-image-preview":"max-image-preview:large","max-video-preview":"max-video-preview:-1"},"canonical":"https:\/\/goethe-gymnasium.berlin\/index.php\/religion\/katholische-religion\/","og_locale":"de_DE","og_type":"article","og_title":"Katholische Religion - Goethe-Gymnasium Berlin-Wilmersdorf","og_description":"Aus dem katholischen Religionsunterricht Katholischer Religionsunterricht ist ein freiwilliges Angebot in Verantwortung der katholischen Kirche und richtet sich an alle Weiterlesen ...","og_url":"https:\/\/goethe-gymnasium.berlin\/index.php\/religion\/katholische-religion\/","og_site_name":"Goethe-Gymnasium Berlin-Wilmersdorf","article_publisher":"https:\/\/www.facebook.com\/pages\/Goethe-Gymnasium\/109376575754402","article_modified_time":"2022-08-08T17:27:12+00:00","og_image":[{"url":"https:\/\/goethe-gymnasium.berlin\/wp-content\/uploads\/2021\/03\/RK-Angebot.jpg","type":"","width":"","height":""}],"twitter_card":"summary_large_image","twitter_misc":{"Gesch\u00e4tzte Lesezeit":"3\u00a0Minuten"},"schema":{"@context":"https:\/\/schema.org","@graph":[{"@type":"WebPage","@id":"https:\/\/goethe-gymnasium.berlin\/index.php\/religion\/katholische-religion\/","url":"https:\/\/goethe-gymnasium.berlin\/index.php\/religion\/katholische-religion\/","name":"Katholische Religion - Goethe-Gymnasium Berlin-Wilmersdorf","isPartOf":{"@id":"https:\/\/goethe-gymnasium.berlin\/#website"},"primaryImageOfPage":{"@id":"https:\/\/goethe-gymnasium.berlin\/index.php\/religion\/katholische-religion\/#primaryimage"},"image":{"@id":"https:\/\/goethe-gymnasium.berlin\/index.php\/religion\/katholische-religion\/#primaryimage"},"thumbnailUrl":"https:\/\/goethe-gymnasium.berlin\/wp-content\/uploads\/2021\/03\/RK-Angebot.jpg","datePublished":"2022-08-08T11:58:42+00:00","dateModified":"2022-08-08T17:27:12+00:00","breadcrumb":{"@id":"https:\/\/goethe-gymnasium.berlin\/index.php\/religion\/katholische-religion\/#breadcrumb"},"inLanguage":"de","potentialAction":[{"@type":"ReadAction","target":["https:\/\/goethe-gymnasium.berlin\/index.php\/religion\/katholische-religion\/"]}]},{"@type":"ImageObject","inLanguage":"de","@id":"https:\/\/goethe-gymnasium.berlin\/index.php\/religion\/katholische-religion\/#primaryimage","url":"https:\/\/goethe-gymnasium.berlin\/wp-content\/uploads\/2021\/03\/RK-Angebot.jpg","contentUrl":"https:\/\/goethe-gymnasium.berlin\/wp-content\/uploads\/2021\/03\/RK-Angebot.jpg","width":1599,"height":789},{"@type":"BreadcrumbList","@id":"https:\/\/goethe-gymnasium.berlin\/index.php\/religion\/katholische-religion\/#breadcrumb","itemListElement":[{"@type":"ListItem","position":1,"name":"Startseite","item":"https:\/\/goethe-gymnasium.berlin\/"},{"@type":"ListItem","position":2,"name":"Religion","item":"https:\/\/goethe-gymnasium.berlin\/index.php\/religion\/"},{"@type":"ListItem","position":3,"name":"Katholische Religion"}]},{"@type":"WebSite","@id":"https:\/\/goethe-gymnasium.berlin\/#website","url":"https:\/\/goethe-gymnasium.berlin\/","name":"Goethe-Gymnasium Berlin-Wilmersdorf","description":"","publisher":{"@id":"https:\/\/goethe-gymnasium.berlin\/#organization"},"potentialAction":[{"@type":"SearchAction","target":{"@type":"EntryPoint","urlTemplate":"https:\/\/goethe-gymnasium.berlin\/?s={search_term_string}"},"query-input":{"@type":"PropertyValueSpecification","valueRequired":true,"valueName":"search_term_string"}}],"inLanguage":"de"},{"@type":"Organization","@id":"https:\/\/goethe-gymnasium.berlin\/#organization","name":"Goethe-Gymnasium Berlin-Wilmersdorf","url":"https:\/\/goethe-gymnasium.berlin\/","logo":{"@type":"ImageObject","inLanguage":"de","@id":"https:\/\/goethe-gymnasium.berlin\/#\/schema\/logo\/image\/","url":"https:\/\/goethe-gymnasium.berlin\/wp-content\/uploads\/2018\/04\/goethe-logo_hoch.png","contentUrl":"https:\/\/goethe-gymnasium.berlin\/wp-content\/uploads\/2018\/04\/goethe-logo_hoch.png","width":755,"height":514,"caption":"Goethe-Gymnasium Berlin-Wilmersdorf"},"image":{"@id":"https:\/\/goethe-gymnasium.berlin\/#\/schema\/logo\/image\/"},"sameAs":["https:\/\/www.facebook.com\/pages\/Goethe-Gymnasium\/109376575754402","https:\/\/www.youtube.com\/channel\/UCMKuMVF9h_YkS3zmEp7SnzQ"]}]}},"_links":{"self":[{"href":"https:\/\/goethe-gymnasium.berlin\/index.php\/wp-json\/wp\/v2\/pages\/9432","targetHints":{"allow":["GET"]}}],"collection":[{"href":"https:\/\/goethe-gymnasium.berlin\/index.php\/wp-json\/wp\/v2\/pages"}],"about":[{"href":"https:\/\/goethe-gymnasium.berlin\/index.php\/wp-json\/wp\/v2\/types\/page"}],"author":[{"embeddable":true,"href":"https:\/\/goethe-gymnasium.berlin\/index.php\/wp-json\/wp\/v2\/users\/4"}],"replies":[{"embeddable":true,"href":"https:\/\/goethe-gymnasium.berlin\/index.php\/wp-json\/wp\/v2\/comments?post=9432"}],"version-history":[{"count":4,"href":"https:\/\/goethe-gymnasium.berlin\/index.php\/wp-json\/wp\/v2\/pages\/9432\/revisions"}],"predecessor-version":[{"id":9461,"href":"https:\/\/goethe-gymnasium.berlin\/index.php\/wp-json\/wp\/v2\/pages\/9432\/revisions\/9461"}],"up":[{"embeddable":true,"href":"https:\/\/goethe-gymnasium.berlin\/index.php\/wp-json\/wp\/v2\/pages\/195"}],"wp:attachment":[{"href":"https:\/\/goethe-gymnasium.berlin\/index.php\/wp-json\/wp\/v2\/media?parent=9432"}],"wp:term":[{"taxonomy":"category","embeddable":true,"href":"https:\/\/goethe-gymnasium.berlin\/index.php\/wp-json\/wp\/v2\/categories?post=9432"},{"taxonomy":"post_tag","embeddable":true,"href":"https:\/\/goethe-gymnasium.berlin\/index.php\/wp-json\/wp\/v2\/tags?post=9432"}],"curies":[{"name":"wp","href":"https:\/\/api.w.org\/{rel}","templated":true}]}}