{"id":93,"date":"2018-04-24T11:13:31","date_gmt":"2018-04-24T11:13:31","guid":{"rendered":"http:\/\/goethe-gymnasium.berlin\/?page_id=93"},"modified":"2022-12-30T00:19:04","modified_gmt":"2022-12-29T23:19:04","slug":"latein","status":"publish","type":"page","link":"https:\/\/goethe-gymnasium.berlin\/index.php\/sprachen\/latein\/","title":{"rendered":"Latein"},"content":{"rendered":"<h3 class=\"contentheading\">Salvete et discite linguam Latinam &#8211; Das Fach Latein am Goethe-Gymnasium<\/h3>\n<p>Sch\u00fclerinnen und Sch\u00fcler, die ab der f\u00fcnften Klasse\u00a0Latein\u00a0am Goethe-Gymnasium lernen, erlernen nicht nur eine\u00a0Sprache, die\u00a0<strong>Muttersprache<\/strong>\u00a0<strong>vieler europ\u00e4ischer Sprachen<\/strong>\u00a0ist, sondern sie lernen ebenso, sich des\u00a0<strong>Medium<\/strong>s\u00a0<strong>Sprache<\/strong>\u00a0bewusst zu werden, dar\u00fcber zu sprechen und nachzudenken.<\/p>\n<p>In der \u00d6ffentlichkeit wird schon seit vielen Jahren immer wieder die Frage diskutiert, welchen praktischen Nutzen es hat, Latein zu lernen. Neben dem unmittelbaren Nutzen der\u00a0<strong>Sprachbewusstheit<\/strong>\u00a0bzw. des\u00a0<strong>Sprachbewusstsein<\/strong>s sind die Spuren der Alten Sprachen in der\u00a0<strong>Nomenklatur vieler moderner Wissenschaften<\/strong>\u00a0nicht zu \u00fcbersehen. Auch wenn diese beiden Faktoren auf den ersten Blick nur sekund\u00e4r erscheinen, ergeben sich aus der Besch\u00e4ftigung mit Latein (und Altriechisch) viele wichtige nachhaltige Aspekte, die das Erlernen von Latein und Altgriechisch rechtfertigen.<\/p>\n<p>Der Unterricht im Fach Latein erfolgt in drei, aufeinander aufbauenden Phasen:<\/p>\n<h4>Klasse 5 &#8211; 8: Spracherwerb und Sprachf\u00f6rderung<\/h4>\n<p>Im\u00a0<strong>Sprachunterricht<\/strong>\u00a0der Klassen 5 &#8211; 8 erlernen die Sch\u00fclerinnen und Sch\u00fcler die\u00a0<strong>Grundlagen der lateinischen Sprache<\/strong>. Ihnen werden in diesen Jahrgangsstufen ein systematischer Grundwortschatz und die wichtigen grammatikalischen Ph\u00e4nomene der lateinischen Sprache vermittelt. Sie erfahren viele Dinge, die in der r\u00f6mischen Antike von Bedeutung gewesen sind und uns auch heute noch betreffen: Familie, Technik, Recht, Massenunterhaltung u.v.m. Vor allem lernen sie, wie Sprache im Allgemeinen funktioniert. Dadurch, dass sie ihr neues Wissen immer wieder<strong>\u00a0mit dem\u00a0Deutschen, ihren Muttersprachen und den romanischen Sprachen vergleichen<\/strong>, durchschauen sie das System Sprache und k\u00f6nnen immer wieder feststellen, wo die verschiedenen Sprachen Gemeinsamkeiten und Unterschiede aufweisen.<\/p>\n<h4>Klasse 9 &#8211; 10: Erste Originallekt\u00fcre<\/h4>\n<p>Nach der Spracherwerbsphase beginnt in den Klassen 9 &#8211; 10 der\u00a0<strong>Literaturunterricht<\/strong>. Die Sch\u00fclerinnen und Sch\u00fcler besch\u00e4ftigen sich in dieser Zeit mit den ersten Originallekt\u00fcren. Der erworbenen lexikalischen Kenntnisse werden durch einen vom Fachbereich erstellten Wortschatz wiederholt und durch ein autorenbezogenes Vokabular (<em>Caesar, Cicero, Ovid<\/em>) erg\u00e4nzt. Die grammatikalischen Kenntnisse werden gesichert und nach Anforderung der Lekt\u00fcre vertieft.<\/p>\n<h4>Klasse 11 und 12: Gro\u00dfe Fragen, gro\u00dfartige Literatur<\/h4>\n<p>&#8222;Was ist mit den gro\u00dfen Fragen: Wie und wann hat alles begonnen, wohin gehe ich, wer bin ich, wer sind die anderen, was ist Gesellschaft, was ist die Geschichte, was ist die Zeit, was ist Sprache, was ist Wort, was ist das menschliche Leben, was sind die Gef\u00fchle, wer ist der Fremde, was mache ich hier, was sage ich, wenn ich spreche, was denke ich, wenn ich denke, was hei\u00dft Bedeutung? (\u2026) was ist mit der Auslegung der Welt?&#8220; (<em>Nicola Gardini: Lob einer nutzlosen Sprache. In: Der Tagesspiegel, 24.12.2017, S. 8<\/em>).<\/p>\n<p>Nach den ersten sechs Jahren Lateinunterricht haben die Sch\u00fclerinnen und Sch\u00fcler beim \u00dcbertritt in die Oberstufe bereits das\u00a0<strong>Latinum<\/strong>\u00a0erworben, das f\u00fcr einige sp\u00e4tere Studieng\u00e4nge Voraussetzung ist. Warum lohnt es sich dennoch, den Lateinunterricht fortzusetzen? Die erworbenen Kenntnisse in Sprache, Literatur und Kultur werden weiter vertieft und vor allem immer wieder mit der Lebenswirklichkeit der Sch\u00fclerinnen und Sch\u00fcler in Beziehung gesetzt. Sie erfahren, wie die R\u00f6mer in ihrer Zeit und in ihrem kulturellen Umfeld gelebt und gehandelt haben, welche Werte f\u00fcr sie wichtig gewesen sind und welche Antworten sie auf\u00a0<strong>Fragen<\/strong>\u00a0gefunden haben,\u00a0<strong>die uns auch heute noch besch\u00e4ftigen<\/strong>, sei es, dass es sich um die gesellschaftliche Stellung von Frauen und M\u00e4nnern handelt, oder um den politischen Umbruch am Ende der ausgehenden Republik. Wie sind die R\u00f6mer mit ihren sehr pers\u00f6nlichen Gef\u00fchlen umgegangen bzw. wie haben sie diese zum Ausdruck gebracht? Und welche Antworten haben die R\u00f6mer auf die existenziellen Fragen des Menschen gefunden?<\/p>\n<h4>Und dar\u00fcber hinaus?<\/h4>\n<p>Interessierte Sch\u00fclerinnen und Sch\u00fcler k\u00f6nnen an verschiedenen Wettbewerben teilnehmen: am Bundeswettbewerb Fremdsprachen oder am\u00a0Wettbewerb &#8222;Lebendige Antike&#8220;\u00a0(alle zwei Jahre), aber auch an der Winterakademie der Humboldt-Universit\u00e4t, um einen Einblick in das wissenschaftliche Arbeiten zu bekommen. Im zweiten Semester wird eine\u00a0<a href=\"http:\/\/goethe-gymnasium.berlin\/index.php\/latein\/studienfahrten-italien\/\" target=\"_blank\" rel=\"noopener noreferrer\">Studienfahrt nach Italien<\/a> angeboten: Aus der Theorie wird praktische Anschauung. Und schon unsere J\u00fcngsten haben in Klasse 6 oder 7 die Gelegenheit, auf einer Klassenfahrt den Spuren der r\u00f6mischen Geschichte in unserem Land nachzugehen (Xanten, K\u00f6ln, Trier).<\/p>\n<h4>Weitere Informationen<\/h4>\n<ul>\n<li><a href=\"http:\/\/goethe-gymnasium.berlin\/wp-content\/uploads\/2019\/07\/SchiC-5-12_Latein.pdf\" target=\"_blank\" rel=\"noopener noreferrer\">Schulinternes Curriculum<\/a> (Klasse 5 &#8211; 12; Stand 2019; inklusive Leistungsbewertung)<\/li>\n<li>j\u00e4hrliche <a href=\"http:\/\/goethe-gymnasium.berlin\/index.php\/schule\/henry-c-wallich-preis\/\" target=\"_blank\" rel=\"noopener noreferrer\">Verleihung des Henry-C.-Wallich-Preises<\/a> f\u00fcr herausragende Leistungen in den Alten Sprachen im Abitur<\/li>\n<\/ul>\n<p style=\"text-align: right;\"><em>Text: Fachbereich Alte Sprachen (Schuljahr 2018\/19)<br \/>\n<\/em><\/p>\n","protected":false},"excerpt":{"rendered":"<p>Salvete et discite linguam Latinam &#8211; Das Fach Latein am Goethe-Gymnasium Sch\u00fclerinnen und Sch\u00fcler, die ab der f\u00fcnften Klasse\u00a0Latein\u00a0am Goethe-Gymnasium <a class=\"more-link\" href=\"https:\/\/goethe-gymnasium.berlin\/index.php\/sprachen\/latein\/\">Weiterlesen &#8230;<\/a><\/p>\n","protected":false},"author":1,"featured_media":405,"parent":88,"menu_order":0,"comment_status":"closed","ping_status":"closed","template":"","meta":{"footnotes":""},"categories":[9],"tags":[60,85],"class_list":["post-93","page","type-page","status-publish","has-post-thumbnail","hentry","category-latein","tag-informationen","tag-latein"],"yoast_head":"<!-- This site is optimized with the Yoast SEO plugin v27.4 - https:\/\/yoast.com\/product\/yoast-seo-wordpress\/ -->\n<title>Latein - Goethe-Gymnasium Berlin-Wilmersdorf<\/title>\n<meta name=\"robots\" content=\"index, follow, max-snippet:-1, max-image-preview:large, max-video-preview:-1\" \/>\n<link rel=\"canonical\" href=\"https:\/\/goethe-gymnasium.berlin\/index.php\/sprachen\/latein\/\" \/>\n<meta property=\"og:locale\" content=\"de_DE\" \/>\n<meta property=\"og:type\" content=\"article\" \/>\n<meta property=\"og:title\" content=\"Latein - Goethe-Gymnasium Berlin-Wilmersdorf\" \/>\n<meta property=\"og:description\" content=\"Salvete et discite linguam Latinam &#8211; Das Fach Latein am Goethe-Gymnasium Sch\u00fclerinnen und Sch\u00fcler, die ab der f\u00fcnften Klasse\u00a0Latein\u00a0am Goethe-Gymnasium Weiterlesen ...\" \/>\n<meta property=\"og:url\" content=\"https:\/\/goethe-gymnasium.berlin\/index.php\/sprachen\/latein\/\" \/>\n<meta property=\"og:site_name\" content=\"Goethe-Gymnasium Berlin-Wilmersdorf\" \/>\n<meta property=\"article:publisher\" content=\"https:\/\/www.facebook.com\/pages\/Goethe-Gymnasium\/109376575754402\" \/>\n<meta property=\"article:modified_time\" content=\"2022-12-29T23:19:04+00:00\" \/>\n<meta property=\"og:image\" content=\"https:\/\/goethe-gymnasium.berlin\/wp-content\/uploads\/2018\/04\/Schreiben-wie-die-alten-R\u00f6mer.png\" \/>\n\t<meta property=\"og:image:width\" content=\"795\" \/>\n\t<meta property=\"og:image:height\" content=\"525\" \/>\n\t<meta property=\"og:image:type\" content=\"image\/png\" \/>\n<meta name=\"twitter:card\" content=\"summary_large_image\" \/>\n<meta name=\"twitter:label1\" content=\"Gesch\u00e4tzte Lesezeit\" \/>\n\t<meta name=\"twitter:data1\" content=\"4\u00a0Minuten\" \/>\n<script type=\"application\/ld+json\" class=\"yoast-schema-graph\">{\"@context\":\"https:\\\/\\\/schema.org\",\"@graph\":[{\"@type\":\"WebPage\",\"@id\":\"https:\\\/\\\/goethe-gymnasium.berlin\\\/index.php\\\/sprachen\\\/latein\\\/\",\"url\":\"https:\\\/\\\/goethe-gymnasium.berlin\\\/index.php\\\/sprachen\\\/latein\\\/\",\"name\":\"Latein - Goethe-Gymnasium Berlin-Wilmersdorf\",\"isPartOf\":{\"@id\":\"https:\\\/\\\/goethe-gymnasium.berlin\\\/#website\"},\"primaryImageOfPage\":{\"@id\":\"https:\\\/\\\/goethe-gymnasium.berlin\\\/index.php\\\/sprachen\\\/latein\\\/#primaryimage\"},\"image\":{\"@id\":\"https:\\\/\\\/goethe-gymnasium.berlin\\\/index.php\\\/sprachen\\\/latein\\\/#primaryimage\"},\"thumbnailUrl\":\"https:\\\/\\\/goethe-gymnasium.berlin\\\/wp-content\\\/uploads\\\/2018\\\/04\\\/Schreiben-wie-die-alten-R\u00f6mer.png\",\"datePublished\":\"2018-04-24T11:13:31+00:00\",\"dateModified\":\"2022-12-29T23:19:04+00:00\",\"breadcrumb\":{\"@id\":\"https:\\\/\\\/goethe-gymnasium.berlin\\\/index.php\\\/sprachen\\\/latein\\\/#breadcrumb\"},\"inLanguage\":\"de\",\"potentialAction\":[{\"@type\":\"ReadAction\",\"target\":[\"https:\\\/\\\/goethe-gymnasium.berlin\\\/index.php\\\/sprachen\\\/latein\\\/\"]}]},{\"@type\":\"ImageObject\",\"inLanguage\":\"de\",\"@id\":\"https:\\\/\\\/goethe-gymnasium.berlin\\\/index.php\\\/sprachen\\\/latein\\\/#primaryimage\",\"url\":\"https:\\\/\\\/goethe-gymnasium.berlin\\\/wp-content\\\/uploads\\\/2018\\\/04\\\/Schreiben-wie-die-alten-R\u00f6mer.png\",\"contentUrl\":\"https:\\\/\\\/goethe-gymnasium.berlin\\\/wp-content\\\/uploads\\\/2018\\\/04\\\/Schreiben-wie-die-alten-R\u00f6mer.png\",\"width\":795,\"height\":525},{\"@type\":\"BreadcrumbList\",\"@id\":\"https:\\\/\\\/goethe-gymnasium.berlin\\\/index.php\\\/sprachen\\\/latein\\\/#breadcrumb\",\"itemListElement\":[{\"@type\":\"ListItem\",\"position\":1,\"name\":\"Startseite\",\"item\":\"https:\\\/\\\/goethe-gymnasium.berlin\\\/\"},{\"@type\":\"ListItem\",\"position\":2,\"name\":\"Sprachen\",\"item\":\"https:\\\/\\\/goethe-gymnasium.berlin\\\/index.php\\\/sprachen\\\/\"},{\"@type\":\"ListItem\",\"position\":3,\"name\":\"Latein\"}]},{\"@type\":\"WebSite\",\"@id\":\"https:\\\/\\\/goethe-gymnasium.berlin\\\/#website\",\"url\":\"https:\\\/\\\/goethe-gymnasium.berlin\\\/\",\"name\":\"Goethe-Gymnasium Berlin-Wilmersdorf\",\"description\":\"\",\"publisher\":{\"@id\":\"https:\\\/\\\/goethe-gymnasium.berlin\\\/#organization\"},\"potentialAction\":[{\"@type\":\"SearchAction\",\"target\":{\"@type\":\"EntryPoint\",\"urlTemplate\":\"https:\\\/\\\/goethe-gymnasium.berlin\\\/?s={search_term_string}\"},\"query-input\":{\"@type\":\"PropertyValueSpecification\",\"valueRequired\":true,\"valueName\":\"search_term_string\"}}],\"inLanguage\":\"de\"},{\"@type\":\"Organization\",\"@id\":\"https:\\\/\\\/goethe-gymnasium.berlin\\\/#organization\",\"name\":\"Goethe-Gymnasium Berlin-Wilmersdorf\",\"url\":\"https:\\\/\\\/goethe-gymnasium.berlin\\\/\",\"logo\":{\"@type\":\"ImageObject\",\"inLanguage\":\"de\",\"@id\":\"https:\\\/\\\/goethe-gymnasium.berlin\\\/#\\\/schema\\\/logo\\\/image\\\/\",\"url\":\"https:\\\/\\\/goethe-gymnasium.berlin\\\/wp-content\\\/uploads\\\/2018\\\/04\\\/goethe-logo_hoch.png\",\"contentUrl\":\"https:\\\/\\\/goethe-gymnasium.berlin\\\/wp-content\\\/uploads\\\/2018\\\/04\\\/goethe-logo_hoch.png\",\"width\":755,\"height\":514,\"caption\":\"Goethe-Gymnasium Berlin-Wilmersdorf\"},\"image\":{\"@id\":\"https:\\\/\\\/goethe-gymnasium.berlin\\\/#\\\/schema\\\/logo\\\/image\\\/\"},\"sameAs\":[\"https:\\\/\\\/www.facebook.com\\\/pages\\\/Goethe-Gymnasium\\\/109376575754402\",\"https:\\\/\\\/www.youtube.com\\\/channel\\\/UCMKuMVF9h_YkS3zmEp7SnzQ\"]}]}<\/script>\n<!-- \/ Yoast SEO plugin. -->","yoast_head_json":{"title":"Latein - Goethe-Gymnasium Berlin-Wilmersdorf","robots":{"index":"index","follow":"follow","max-snippet":"max-snippet:-1","max-image-preview":"max-image-preview:large","max-video-preview":"max-video-preview:-1"},"canonical":"https:\/\/goethe-gymnasium.berlin\/index.php\/sprachen\/latein\/","og_locale":"de_DE","og_type":"article","og_title":"Latein - Goethe-Gymnasium Berlin-Wilmersdorf","og_description":"Salvete et discite linguam Latinam &#8211; Das Fach Latein am Goethe-Gymnasium Sch\u00fclerinnen und Sch\u00fcler, die ab der f\u00fcnften Klasse\u00a0Latein\u00a0am Goethe-Gymnasium Weiterlesen ...","og_url":"https:\/\/goethe-gymnasium.berlin\/index.php\/sprachen\/latein\/","og_site_name":"Goethe-Gymnasium Berlin-Wilmersdorf","article_publisher":"https:\/\/www.facebook.com\/pages\/Goethe-Gymnasium\/109376575754402","article_modified_time":"2022-12-29T23:19:04+00:00","og_image":[{"width":795,"height":525,"url":"https:\/\/goethe-gymnasium.berlin\/wp-content\/uploads\/2018\/04\/Schreiben-wie-die-alten-R\u00f6mer.png","type":"image\/png"}],"twitter_card":"summary_large_image","twitter_misc":{"Gesch\u00e4tzte Lesezeit":"4\u00a0Minuten"},"schema":{"@context":"https:\/\/schema.org","@graph":[{"@type":"WebPage","@id":"https:\/\/goethe-gymnasium.berlin\/index.php\/sprachen\/latein\/","url":"https:\/\/goethe-gymnasium.berlin\/index.php\/sprachen\/latein\/","name":"Latein - Goethe-Gymnasium Berlin-Wilmersdorf","isPartOf":{"@id":"https:\/\/goethe-gymnasium.berlin\/#website"},"primaryImageOfPage":{"@id":"https:\/\/goethe-gymnasium.berlin\/index.php\/sprachen\/latein\/#primaryimage"},"image":{"@id":"https:\/\/goethe-gymnasium.berlin\/index.php\/sprachen\/latein\/#primaryimage"},"thumbnailUrl":"https:\/\/goethe-gymnasium.berlin\/wp-content\/uploads\/2018\/04\/Schreiben-wie-die-alten-R\u00f6mer.png","datePublished":"2018-04-24T11:13:31+00:00","dateModified":"2022-12-29T23:19:04+00:00","breadcrumb":{"@id":"https:\/\/goethe-gymnasium.berlin\/index.php\/sprachen\/latein\/#breadcrumb"},"inLanguage":"de","potentialAction":[{"@type":"ReadAction","target":["https:\/\/goethe-gymnasium.berlin\/index.php\/sprachen\/latein\/"]}]},{"@type":"ImageObject","inLanguage":"de","@id":"https:\/\/goethe-gymnasium.berlin\/index.php\/sprachen\/latein\/#primaryimage","url":"https:\/\/goethe-gymnasium.berlin\/wp-content\/uploads\/2018\/04\/Schreiben-wie-die-alten-R\u00f6mer.png","contentUrl":"https:\/\/goethe-gymnasium.berlin\/wp-content\/uploads\/2018\/04\/Schreiben-wie-die-alten-R\u00f6mer.png","width":795,"height":525},{"@type":"BreadcrumbList","@id":"https:\/\/goethe-gymnasium.berlin\/index.php\/sprachen\/latein\/#breadcrumb","itemListElement":[{"@type":"ListItem","position":1,"name":"Startseite","item":"https:\/\/goethe-gymnasium.berlin\/"},{"@type":"ListItem","position":2,"name":"Sprachen","item":"https:\/\/goethe-gymnasium.berlin\/index.php\/sprachen\/"},{"@type":"ListItem","position":3,"name":"Latein"}]},{"@type":"WebSite","@id":"https:\/\/goethe-gymnasium.berlin\/#website","url":"https:\/\/goethe-gymnasium.berlin\/","name":"Goethe-Gymnasium Berlin-Wilmersdorf","description":"","publisher":{"@id":"https:\/\/goethe-gymnasium.berlin\/#organization"},"potentialAction":[{"@type":"SearchAction","target":{"@type":"EntryPoint","urlTemplate":"https:\/\/goethe-gymnasium.berlin\/?s={search_term_string}"},"query-input":{"@type":"PropertyValueSpecification","valueRequired":true,"valueName":"search_term_string"}}],"inLanguage":"de"},{"@type":"Organization","@id":"https:\/\/goethe-gymnasium.berlin\/#organization","name":"Goethe-Gymnasium Berlin-Wilmersdorf","url":"https:\/\/goethe-gymnasium.berlin\/","logo":{"@type":"ImageObject","inLanguage":"de","@id":"https:\/\/goethe-gymnasium.berlin\/#\/schema\/logo\/image\/","url":"https:\/\/goethe-gymnasium.berlin\/wp-content\/uploads\/2018\/04\/goethe-logo_hoch.png","contentUrl":"https:\/\/goethe-gymnasium.berlin\/wp-content\/uploads\/2018\/04\/goethe-logo_hoch.png","width":755,"height":514,"caption":"Goethe-Gymnasium Berlin-Wilmersdorf"},"image":{"@id":"https:\/\/goethe-gymnasium.berlin\/#\/schema\/logo\/image\/"},"sameAs":["https:\/\/www.facebook.com\/pages\/Goethe-Gymnasium\/109376575754402","https:\/\/www.youtube.com\/channel\/UCMKuMVF9h_YkS3zmEp7SnzQ"]}]}},"_links":{"self":[{"href":"https:\/\/goethe-gymnasium.berlin\/index.php\/wp-json\/wp\/v2\/pages\/93","targetHints":{"allow":["GET"]}}],"collection":[{"href":"https:\/\/goethe-gymnasium.berlin\/index.php\/wp-json\/wp\/v2\/pages"}],"about":[{"href":"https:\/\/goethe-gymnasium.berlin\/index.php\/wp-json\/wp\/v2\/types\/page"}],"author":[{"embeddable":true,"href":"https:\/\/goethe-gymnasium.berlin\/index.php\/wp-json\/wp\/v2\/users\/1"}],"replies":[{"embeddable":true,"href":"https:\/\/goethe-gymnasium.berlin\/index.php\/wp-json\/wp\/v2\/comments?post=93"}],"version-history":[{"count":5,"href":"https:\/\/goethe-gymnasium.berlin\/index.php\/wp-json\/wp\/v2\/pages\/93\/revisions"}],"predecessor-version":[{"id":10218,"href":"https:\/\/goethe-gymnasium.berlin\/index.php\/wp-json\/wp\/v2\/pages\/93\/revisions\/10218"}],"up":[{"embeddable":true,"href":"https:\/\/goethe-gymnasium.berlin\/index.php\/wp-json\/wp\/v2\/pages\/88"}],"wp:featuredmedia":[{"embeddable":true,"href":"https:\/\/goethe-gymnasium.berlin\/index.php\/wp-json\/wp\/v2\/media\/405"}],"wp:attachment":[{"href":"https:\/\/goethe-gymnasium.berlin\/index.php\/wp-json\/wp\/v2\/media?parent=93"}],"wp:term":[{"taxonomy":"category","embeddable":true,"href":"https:\/\/goethe-gymnasium.berlin\/index.php\/wp-json\/wp\/v2\/categories?post=93"},{"taxonomy":"post_tag","embeddable":true,"href":"https:\/\/goethe-gymnasium.berlin\/index.php\/wp-json\/wp\/v2\/tags?post=93"}],"curies":[{"name":"wp","href":"https:\/\/api.w.org\/{rel}","templated":true}]}}