{"id":85,"date":"2018-04-24T11:12:59","date_gmt":"2018-04-24T11:12:59","guid":{"rendered":"http:\/\/goethe-gymnasium.berlin\/?page_id=85"},"modified":"2025-10-30T20:54:41","modified_gmt":"2025-10-30T19:54:41","slug":"fachbereiche","status":"publish","type":"page","link":"https:\/\/goethe-gymnasium.berlin\/index.php\/fachbereiche\/","title":{"rendered":"Fachbereiche"},"content":{"rendered":"\n<p>Die Vielfalt der F\u00e4cher am Goethe-Gymnasium spiegelt sich im Figurenschmuck an der Fassade des Schulgeb\u00e4udes wider:<\/p>\n\n\n\n<figure class=\"wp-block-gallery has-nested-images columns-default is-cropped wp-block-gallery-2 is-layout-flex wp-block-gallery-is-layout-flex\">\n<figure class=\"wp-block-image size-large\"><a href=\"https:\/\/goethe-gymnasium.berlin\/wp-content\/uploads\/2020\/10\/goethegym2017-02.jpg\"><img loading=\"lazy\" decoding=\"async\" width=\"955\" height=\"1024\" data-id=\"6507\" src=\"https:\/\/goethe-gymnasium.berlin\/wp-content\/uploads\/2020\/10\/goethegym2017-02-955x1024.jpg\" alt=\"\" class=\"wp-image-6507\" srcset=\"https:\/\/goethe-gymnasium.berlin\/wp-content\/uploads\/2020\/10\/goethegym2017-02-955x1024.jpg 955w, https:\/\/goethe-gymnasium.berlin\/wp-content\/uploads\/2020\/10\/goethegym2017-02-280x300.jpg 280w, https:\/\/goethe-gymnasium.berlin\/wp-content\/uploads\/2020\/10\/goethegym2017-02-768x823.jpg 768w, https:\/\/goethe-gymnasium.berlin\/wp-content\/uploads\/2020\/10\/goethegym2017-02-117x125.jpg 117w, https:\/\/goethe-gymnasium.berlin\/wp-content\/uploads\/2020\/10\/goethegym2017-02-187x200.jpg 187w, https:\/\/goethe-gymnasium.berlin\/wp-content\/uploads\/2020\/10\/goethegym2017-02-75x80.jpg 75w, https:\/\/goethe-gymnasium.berlin\/wp-content\/uploads\/2020\/10\/goethegym2017-02-716x768.jpg 716w, https:\/\/goethe-gymnasium.berlin\/wp-content\/uploads\/2020\/10\/goethegym2017-02.jpg 1333w\" sizes=\"auto, (max-width: 955px) 100vw, 955px\" \/><\/a><figcaption class=\"wp-element-caption\"><em>Eule und L\u00f6we friedlich vereint<\/em><\/figcaption><\/figure>\n\n\n\n<figure class=\"wp-block-image size-large\"><a href=\"https:\/\/goethe-gymnasium.berlin\/wp-content\/uploads\/2020\/03\/goethegym2017-03.jpg\"><img loading=\"lazy\" decoding=\"async\" width=\"988\" height=\"1024\" data-id=\"5471\" src=\"https:\/\/goethe-gymnasium.berlin\/wp-content\/uploads\/2020\/03\/goethegym2017-03-988x1024.jpg\" alt=\"\" class=\"wp-image-5471\" srcset=\"https:\/\/goethe-gymnasium.berlin\/wp-content\/uploads\/2020\/03\/goethegym2017-03-988x1024.jpg 988w, https:\/\/goethe-gymnasium.berlin\/wp-content\/uploads\/2020\/03\/goethegym2017-03-290x300.jpg 290w, https:\/\/goethe-gymnasium.berlin\/wp-content\/uploads\/2020\/03\/goethegym2017-03-768x796.jpg 768w, https:\/\/goethe-gymnasium.berlin\/wp-content\/uploads\/2020\/03\/goethegym2017-03.jpg 1331w\" sizes=\"auto, (max-width: 988px) 100vw, 988px\" \/><\/a><figcaption class=\"wp-element-caption\"><em>Symbole f\u00fcr Geist und K\u00f6rperkraft<\/em><\/figcaption><\/figure>\n<\/figure>\n\n\n\n<figure class=\"wp-block-table is-style-regular\"><table class=\"has-fixed-layout\"><tbody><tr><td><strong><a href=\"https:\/\/goethe-gymnasium.berlin\/index.php\/sprachen\/\" target=\"_blank\" rel=\"noreferrer noopener\">Sprachen<\/a><\/strong><\/td><td><strong><a href=\"https:\/\/goethe-gymnasium.berlin\/index.php\/gesellschaftsfaecher\/\" target=\"_blank\" rel=\"noreferrer noopener\">Gesellschafts-wissenschaften<\/a><\/strong><\/td><td><strong><a href=\"https:\/\/goethe-gymnasium.berlin\/index.php\/mint-faecher\/\">MINT-F\u00e4cher<\/a><\/strong><\/td><td><strong><a href=\"https:\/\/goethe-gymnasium.berlin\/index.php\/musische-faecher\/\" target=\"_blank\" rel=\"noreferrer noopener\">Musische F\u00e4cher<\/a><\/strong><\/td><\/tr><tr><td><a href=\"https:\/\/goethe-gymnasium.berlin\/index.php\/sprachen\/altgriechisch\/\" target=\"_blank\" rel=\"noreferrer noopener\">Altgriechisch<\/a><br><a href=\"https:\/\/goethe-gymnasium.berlin\/index.php\/sprachen\/latein\/\" target=\"_blank\" rel=\"noreferrer noopener\">Latein<\/a><br><a href=\"https:\/\/goethe-gymnasium.berlin\/index.php\/sprachen\/deutsch\/\" target=\"_blank\" rel=\"noreferrer noopener\">Deutsch<\/a><br><a href=\"https:\/\/goethe-gymnasium.berlin\/index.php\/sprachen\/englisch\/\" target=\"_blank\" rel=\"noreferrer noopener\">Englisch<\/a><br><a href=\"https:\/\/goethe-gymnasium.berlin\/index.php\/sprachen\/franzoesisch\/\" target=\"_blank\" rel=\"noreferrer noopener\">Franz\u00f6sisch<\/a><\/td><td><a href=\"https:\/\/goethe-gymnasium.berlin\/index.php\/gesellschaftsfaecher\/gewi\/\" target=\"_blank\" rel=\"noreferrer noopener\">GeWi<\/a><br><a href=\"https:\/\/goethe-gymnasium.berlin\/index.php\/gesellschaftsfaecher\/geschichte\/\" target=\"_blank\" rel=\"noreferrer noopener\">Geschichte<\/a><br><a href=\"https:\/\/goethe-gymnasium.berlin\/index.php\/gesellschaftsfaecher\/politische-bildung\/\" target=\"_blank\" rel=\"noreferrer noopener\">Politische Bildung<\/a><br><a href=\"https:\/\/goethe-gymnasium.berlin\/index.php\/gesellschaftsfaecher\/pw\/\">Politikwissenschaften<\/a><br><a href=\"https:\/\/goethe-gymnasium.berlin\/index.php\/gesellschaftsfaecher\/geographie\/\" target=\"_blank\" rel=\"noreferrer noopener\">Geographie<\/a><br><a href=\"https:\/\/goethe-gymnasium.berlin\/index.php\/gesellschaftsfaecher\/ethik\/\">Ethik<\/a><br><a href=\"https:\/\/goethe-gymnasium.berlin\/index.php\/gesellschaftsfaecher\/philosophie\/\" target=\"_blank\" rel=\"noreferrer noopener\">Philosophie<\/a><\/td><td><a href=\"https:\/\/goethe-gymnasium.berlin\/index.php\/mathematik\/\" target=\"_blank\" rel=\"noreferrer noopener\">Mathematik<\/a><br><a href=\"https:\/\/goethe-gymnasium.berlin\/index.php\/mint-faecher\/informatik\/\" target=\"_blank\" rel=\"noreferrer noopener\">Informatik<\/a><br><a href=\"https:\/\/goethe-gymnasium.berlin\/index.php\/mint-faecher\/nawi\/\" target=\"_blank\" rel=\"noreferrer noopener\">NaWi<\/a><br><a href=\"https:\/\/goethe-gymnasium.berlin\/index.php\/biologie\/\" target=\"_blank\" rel=\"noreferrer noopener\">Biologie<\/a><br><a href=\"https:\/\/goethe-gymnasium.berlin\/index.php\/mint-faecher\/chemie\/\" target=\"_blank\" rel=\"noreferrer noopener\">Chemie<\/a><br><a href=\"https:\/\/goethe-gymnasium.berlin\/index.php\/mint-faecher\/physik\/\" target=\"_blank\" rel=\"noreferrer noopener\">Physik<\/a><\/td><td><a href=\"https:\/\/goethe-gymnasium.berlin\/index.php\/musische-faecher\/bildende-kunst\/\" target=\"_blank\" rel=\"noreferrer noopener\">Bildende Kunst<\/a><br><a href=\"https:\/\/goethe-gymnasium.berlin\/index.php\/musische-faecher\/darstellendes-spiel\/\" target=\"_blank\" rel=\"noreferrer noopener\">Darstellendes Spiel<\/a><br><a href=\"https:\/\/goethe-gymnasium.berlin\/index.php\/musische-faecher\/musik\/\" target=\"_blank\" rel=\"noreferrer noopener\">Musik<\/a><\/td><\/tr><tr><td><strong><a href=\"https:\/\/goethe-gymnasium.berlin\/index.php\/religion\/\" target=\"_blank\" rel=\"noreferrer noopener\">Religion<\/a><\/strong><\/td><td><strong><a href=\"https:\/\/goethe-gymnasium.berlin\/index.php\/sport\/\" target=\"_blank\" rel=\"noreferrer noopener\">Sport<\/a><\/strong><\/td><td><strong><a href=\"https:\/\/goethe-gymnasium.berlin\/index.php\/studium-und-beruf\/\" target=\"_blank\" rel=\"noreferrer noopener\">Studium und Beruf<\/a><\/strong><\/td><td><\/td><\/tr><\/tbody><\/table><\/figure>\n\n\n\n<p class=\"has-text-align-center\">An der Seite zur Uhlandstra\u00dfe finden sich Darstellungen der vier Elemente mit einem Zusatzelement:<\/p>\n\n\n\n<figure class=\"wp-block-gallery has-nested-images columns-default is-cropped wp-block-gallery-3 is-layout-flex wp-block-gallery-is-layout-flex\">\n<figure class=\"wp-block-image size-large\"><a href=\"https:\/\/goethe-gymnasium.berlin\/wp-content\/uploads\/2021\/10\/gg_elemente01.jpg\"><img loading=\"lazy\" decoding=\"async\" width=\"1331\" height=\"1022\" data-id=\"8106\" src=\"https:\/\/goethe-gymnasium.berlin\/wp-content\/uploads\/2021\/10\/gg_elemente01.jpg\" alt=\"\" class=\"wp-image-8106\" srcset=\"https:\/\/goethe-gymnasium.berlin\/wp-content\/uploads\/2021\/10\/gg_elemente01.jpg 1331w, https:\/\/goethe-gymnasium.berlin\/wp-content\/uploads\/2021\/10\/gg_elemente01-300x230.jpg 300w, https:\/\/goethe-gymnasium.berlin\/wp-content\/uploads\/2021\/10\/gg_elemente01-768x590.jpg 768w, https:\/\/goethe-gymnasium.berlin\/wp-content\/uploads\/2021\/10\/gg_elemente01-125x96.jpg 125w, https:\/\/goethe-gymnasium.berlin\/wp-content\/uploads\/2021\/10\/gg_elemente01-200x154.jpg 200w, https:\/\/goethe-gymnasium.berlin\/wp-content\/uploads\/2021\/10\/gg_elemente01-80x61.jpg 80w, https:\/\/goethe-gymnasium.berlin\/wp-content\/uploads\/2021\/10\/gg_elemente01-1000x768.jpg 1000w\" sizes=\"auto, (max-width: 1331px) 100vw, 1331px\" \/><\/a><figcaption class=\"wp-element-caption\"><em>Feuer<\/em><\/figcaption><\/figure>\n\n\n\n<figure class=\"wp-block-image size-large\"><a href=\"https:\/\/goethe-gymnasium.berlin\/wp-content\/uploads\/2021\/10\/gg_elemente02.jpg\"><img loading=\"lazy\" decoding=\"async\" width=\"1331\" height=\"1014\" data-id=\"8105\" src=\"https:\/\/goethe-gymnasium.berlin\/wp-content\/uploads\/2021\/10\/gg_elemente02.jpg\" alt=\"\" class=\"wp-image-8105\" srcset=\"https:\/\/goethe-gymnasium.berlin\/wp-content\/uploads\/2021\/10\/gg_elemente02.jpg 1331w, https:\/\/goethe-gymnasium.berlin\/wp-content\/uploads\/2021\/10\/gg_elemente02-300x229.jpg 300w, https:\/\/goethe-gymnasium.berlin\/wp-content\/uploads\/2021\/10\/gg_elemente02-768x585.jpg 768w, https:\/\/goethe-gymnasium.berlin\/wp-content\/uploads\/2021\/10\/gg_elemente02-125x95.jpg 125w, https:\/\/goethe-gymnasium.berlin\/wp-content\/uploads\/2021\/10\/gg_elemente02-200x152.jpg 200w, https:\/\/goethe-gymnasium.berlin\/wp-content\/uploads\/2021\/10\/gg_elemente02-80x61.jpg 80w, https:\/\/goethe-gymnasium.berlin\/wp-content\/uploads\/2021\/10\/gg_elemente02-1008x768.jpg 1008w\" sizes=\"auto, (max-width: 1331px) 100vw, 1331px\" \/><\/a><figcaption class=\"wp-element-caption\"><em>Wasser<\/em><\/figcaption><\/figure>\n\n\n\n<figure class=\"wp-block-image size-large\"><a href=\"https:\/\/goethe-gymnasium.berlin\/wp-content\/uploads\/2021\/10\/gg_elemente03.jpg\"><img loading=\"lazy\" decoding=\"async\" width=\"1333\" height=\"986\" data-id=\"8104\" src=\"https:\/\/goethe-gymnasium.berlin\/wp-content\/uploads\/2021\/10\/gg_elemente03.jpg\" alt=\"\" class=\"wp-image-8104\" srcset=\"https:\/\/goethe-gymnasium.berlin\/wp-content\/uploads\/2021\/10\/gg_elemente03.jpg 1333w, https:\/\/goethe-gymnasium.berlin\/wp-content\/uploads\/2021\/10\/gg_elemente03-300x222.jpg 300w, https:\/\/goethe-gymnasium.berlin\/wp-content\/uploads\/2021\/10\/gg_elemente03-768x568.jpg 768w, https:\/\/goethe-gymnasium.berlin\/wp-content\/uploads\/2021\/10\/gg_elemente03-125x92.jpg 125w, https:\/\/goethe-gymnasium.berlin\/wp-content\/uploads\/2021\/10\/gg_elemente03-200x148.jpg 200w, https:\/\/goethe-gymnasium.berlin\/wp-content\/uploads\/2021\/10\/gg_elemente03-80x59.jpg 80w, https:\/\/goethe-gymnasium.berlin\/wp-content\/uploads\/2021\/10\/gg_elemente03-1024x757.jpg 1024w\" sizes=\"auto, (max-width: 1333px) 100vw, 1333px\" \/><\/a><figcaption class=\"wp-element-caption\"><em>Erde<\/em><\/figcaption><\/figure>\n\n\n\n<figure class=\"wp-block-image size-large\"><a href=\"https:\/\/goethe-gymnasium.berlin\/wp-content\/uploads\/2021\/10\/gg_elemente04.jpg\"><img loading=\"lazy\" decoding=\"async\" width=\"1331\" height=\"911\" data-id=\"8103\" src=\"https:\/\/goethe-gymnasium.berlin\/wp-content\/uploads\/2021\/10\/gg_elemente04.jpg\" alt=\"\" class=\"wp-image-8103\" srcset=\"https:\/\/goethe-gymnasium.berlin\/wp-content\/uploads\/2021\/10\/gg_elemente04.jpg 1331w, https:\/\/goethe-gymnasium.berlin\/wp-content\/uploads\/2021\/10\/gg_elemente04-300x205.jpg 300w, https:\/\/goethe-gymnasium.berlin\/wp-content\/uploads\/2021\/10\/gg_elemente04-768x526.jpg 768w, https:\/\/goethe-gymnasium.berlin\/wp-content\/uploads\/2021\/10\/gg_elemente04-125x86.jpg 125w, https:\/\/goethe-gymnasium.berlin\/wp-content\/uploads\/2021\/10\/gg_elemente04-200x137.jpg 200w, https:\/\/goethe-gymnasium.berlin\/wp-content\/uploads\/2021\/10\/gg_elemente04-80x55.jpg 80w, https:\/\/goethe-gymnasium.berlin\/wp-content\/uploads\/2021\/10\/gg_elemente04-1024x701.jpg 1024w\" sizes=\"auto, (max-width: 1331px) 100vw, 1331px\" \/><\/a><figcaption class=\"wp-element-caption\"><em>Luft<\/em><\/figcaption><\/figure>\n\n\n\n<figure class=\"wp-block-image size-large\"><a href=\"https:\/\/goethe-gymnasium.berlin\/wp-content\/uploads\/2021\/10\/gg_elemente05.jpg\"><img loading=\"lazy\" decoding=\"async\" width=\"1322\" height=\"1024\" data-id=\"8102\" src=\"https:\/\/goethe-gymnasium.berlin\/wp-content\/uploads\/2021\/10\/gg_elemente05-1322x1024.jpg\" alt=\"\" class=\"wp-image-8102\" srcset=\"https:\/\/goethe-gymnasium.berlin\/wp-content\/uploads\/2021\/10\/gg_elemente05-1322x1024.jpg 1322w, https:\/\/goethe-gymnasium.berlin\/wp-content\/uploads\/2021\/10\/gg_elemente05-300x232.jpg 300w, https:\/\/goethe-gymnasium.berlin\/wp-content\/uploads\/2021\/10\/gg_elemente05-768x595.jpg 768w, https:\/\/goethe-gymnasium.berlin\/wp-content\/uploads\/2021\/10\/gg_elemente05-125x97.jpg 125w, https:\/\/goethe-gymnasium.berlin\/wp-content\/uploads\/2021\/10\/gg_elemente05-200x155.jpg 200w, https:\/\/goethe-gymnasium.berlin\/wp-content\/uploads\/2021\/10\/gg_elemente05-80x62.jpg 80w, https:\/\/goethe-gymnasium.berlin\/wp-content\/uploads\/2021\/10\/gg_elemente05-991x768.jpg 991w, https:\/\/goethe-gymnasium.berlin\/wp-content\/uploads\/2021\/10\/gg_elemente05.jpg 1331w\" sizes=\"auto, (max-width: 1322px) 100vw, 1322px\" \/><\/a><figcaption class=\"wp-element-caption\"><em>Elektrizit\u00e4t<\/em><\/figcaption><\/figure>\n<\/figure>\n\n\n\n<p><\/p>\n","protected":false},"excerpt":{"rendered":"<p>Die Vielfalt der F\u00e4cher am Goethe-Gymnasium spiegelt sich im Figurenschmuck an der Fassade des Schulgeb\u00e4udes wider: Sprachen Gesellschafts-wissenschaften MINT-F\u00e4cher Musische <a class=\"more-link\" href=\"https:\/\/goethe-gymnasium.berlin\/index.php\/fachbereiche\/\">Weiterlesen &#8230;<\/a><\/p>\n","protected":false},"author":4,"featured_media":6904,"parent":0,"menu_order":0,"comment_status":"closed","ping_status":"closed","template":"","meta":{"footnotes":""},"categories":[10],"tags":[],"class_list":["post-85","page","type-page","status-publish","has-post-thumbnail","hentry","category-faecher"],"yoast_head":"<!-- This site is optimized with the Yoast SEO plugin v27.4 - https:\/\/yoast.com\/product\/yoast-seo-wordpress\/ -->\n<title>Fachbereiche - Goethe-Gymnasium Berlin-Wilmersdorf<\/title>\n<meta name=\"robots\" content=\"index, follow, max-snippet:-1, max-image-preview:large, max-video-preview:-1\" \/>\n<link rel=\"canonical\" href=\"https:\/\/goethe-gymnasium.berlin\/index.php\/fachbereiche\/\" \/>\n<meta property=\"og:locale\" content=\"de_DE\" \/>\n<meta property=\"og:type\" content=\"article\" \/>\n<meta property=\"og:title\" content=\"Fachbereiche - Goethe-Gymnasium Berlin-Wilmersdorf\" \/>\n<meta property=\"og:description\" content=\"Die Vielfalt der F\u00e4cher am Goethe-Gymnasium spiegelt sich im Figurenschmuck an der Fassade des Schulgeb\u00e4udes wider: Sprachen Gesellschafts-wissenschaften MINT-F\u00e4cher Musische Weiterlesen ...\" \/>\n<meta property=\"og:url\" content=\"https:\/\/goethe-gymnasium.berlin\/index.php\/fachbereiche\/\" \/>\n<meta property=\"og:site_name\" content=\"Goethe-Gymnasium Berlin-Wilmersdorf\" \/>\n<meta property=\"article:publisher\" content=\"https:\/\/www.facebook.com\/pages\/Goethe-Gymnasium\/109376575754402\" \/>\n<meta property=\"article:modified_time\" content=\"2025-10-30T19:54:41+00:00\" \/>\n<meta property=\"og:image\" content=\"https:\/\/goethe-gymnasium.berlin\/wp-content\/uploads\/2021\/01\/goethe-gymn04.jpg\" \/>\n\t<meta property=\"og:image:width\" content=\"2000\" \/>\n\t<meta property=\"og:image:height\" content=\"1333\" \/>\n\t<meta property=\"og:image:type\" content=\"image\/jpeg\" \/>\n<meta name=\"twitter:card\" content=\"summary_large_image\" \/>\n<meta name=\"twitter:label1\" content=\"Gesch\u00e4tzte Lesezeit\" \/>\n\t<meta name=\"twitter:data1\" content=\"3\u00a0Minuten\" \/>\n<script type=\"application\/ld+json\" class=\"yoast-schema-graph\">{\"@context\":\"https:\\\/\\\/schema.org\",\"@graph\":[{\"@type\":\"WebPage\",\"@id\":\"https:\\\/\\\/goethe-gymnasium.berlin\\\/index.php\\\/fachbereiche\\\/\",\"url\":\"https:\\\/\\\/goethe-gymnasium.berlin\\\/index.php\\\/fachbereiche\\\/\",\"name\":\"Fachbereiche - Goethe-Gymnasium Berlin-Wilmersdorf\",\"isPartOf\":{\"@id\":\"https:\\\/\\\/goethe-gymnasium.berlin\\\/#website\"},\"primaryImageOfPage\":{\"@id\":\"https:\\\/\\\/goethe-gymnasium.berlin\\\/index.php\\\/fachbereiche\\\/#primaryimage\"},\"image\":{\"@id\":\"https:\\\/\\\/goethe-gymnasium.berlin\\\/index.php\\\/fachbereiche\\\/#primaryimage\"},\"thumbnailUrl\":\"https:\\\/\\\/goethe-gymnasium.berlin\\\/wp-content\\\/uploads\\\/2021\\\/01\\\/goethe-gymn04.jpg\",\"datePublished\":\"2018-04-24T11:12:59+00:00\",\"dateModified\":\"2025-10-30T19:54:41+00:00\",\"breadcrumb\":{\"@id\":\"https:\\\/\\\/goethe-gymnasium.berlin\\\/index.php\\\/fachbereiche\\\/#breadcrumb\"},\"inLanguage\":\"de\",\"potentialAction\":[{\"@type\":\"ReadAction\",\"target\":[\"https:\\\/\\\/goethe-gymnasium.berlin\\\/index.php\\\/fachbereiche\\\/\"]}]},{\"@type\":\"ImageObject\",\"inLanguage\":\"de\",\"@id\":\"https:\\\/\\\/goethe-gymnasium.berlin\\\/index.php\\\/fachbereiche\\\/#primaryimage\",\"url\":\"https:\\\/\\\/goethe-gymnasium.berlin\\\/wp-content\\\/uploads\\\/2021\\\/01\\\/goethe-gymn04.jpg\",\"contentUrl\":\"https:\\\/\\\/goethe-gymnasium.berlin\\\/wp-content\\\/uploads\\\/2021\\\/01\\\/goethe-gymn04.jpg\",\"width\":2000,\"height\":1333},{\"@type\":\"BreadcrumbList\",\"@id\":\"https:\\\/\\\/goethe-gymnasium.berlin\\\/index.php\\\/fachbereiche\\\/#breadcrumb\",\"itemListElement\":[{\"@type\":\"ListItem\",\"position\":1,\"name\":\"Startseite\",\"item\":\"https:\\\/\\\/goethe-gymnasium.berlin\\\/\"},{\"@type\":\"ListItem\",\"position\":2,\"name\":\"Fachbereiche\"}]},{\"@type\":\"WebSite\",\"@id\":\"https:\\\/\\\/goethe-gymnasium.berlin\\\/#website\",\"url\":\"https:\\\/\\\/goethe-gymnasium.berlin\\\/\",\"name\":\"Goethe-Gymnasium Berlin-Wilmersdorf\",\"description\":\"\",\"publisher\":{\"@id\":\"https:\\\/\\\/goethe-gymnasium.berlin\\\/#organization\"},\"potentialAction\":[{\"@type\":\"SearchAction\",\"target\":{\"@type\":\"EntryPoint\",\"urlTemplate\":\"https:\\\/\\\/goethe-gymnasium.berlin\\\/?s={search_term_string}\"},\"query-input\":{\"@type\":\"PropertyValueSpecification\",\"valueRequired\":true,\"valueName\":\"search_term_string\"}}],\"inLanguage\":\"de\"},{\"@type\":\"Organization\",\"@id\":\"https:\\\/\\\/goethe-gymnasium.berlin\\\/#organization\",\"name\":\"Goethe-Gymnasium Berlin-Wilmersdorf\",\"url\":\"https:\\\/\\\/goethe-gymnasium.berlin\\\/\",\"logo\":{\"@type\":\"ImageObject\",\"inLanguage\":\"de\",\"@id\":\"https:\\\/\\\/goethe-gymnasium.berlin\\\/#\\\/schema\\\/logo\\\/image\\\/\",\"url\":\"https:\\\/\\\/goethe-gymnasium.berlin\\\/wp-content\\\/uploads\\\/2018\\\/04\\\/goethe-logo_hoch.png\",\"contentUrl\":\"https:\\\/\\\/goethe-gymnasium.berlin\\\/wp-content\\\/uploads\\\/2018\\\/04\\\/goethe-logo_hoch.png\",\"width\":755,\"height\":514,\"caption\":\"Goethe-Gymnasium Berlin-Wilmersdorf\"},\"image\":{\"@id\":\"https:\\\/\\\/goethe-gymnasium.berlin\\\/#\\\/schema\\\/logo\\\/image\\\/\"},\"sameAs\":[\"https:\\\/\\\/www.facebook.com\\\/pages\\\/Goethe-Gymnasium\\\/109376575754402\",\"https:\\\/\\\/www.youtube.com\\\/channel\\\/UCMKuMVF9h_YkS3zmEp7SnzQ\"]}]}<\/script>\n<!-- \/ Yoast SEO plugin. -->","yoast_head_json":{"title":"Fachbereiche - Goethe-Gymnasium Berlin-Wilmersdorf","robots":{"index":"index","follow":"follow","max-snippet":"max-snippet:-1","max-image-preview":"max-image-preview:large","max-video-preview":"max-video-preview:-1"},"canonical":"https:\/\/goethe-gymnasium.berlin\/index.php\/fachbereiche\/","og_locale":"de_DE","og_type":"article","og_title":"Fachbereiche - Goethe-Gymnasium Berlin-Wilmersdorf","og_description":"Die Vielfalt der F\u00e4cher am Goethe-Gymnasium spiegelt sich im Figurenschmuck an der Fassade des Schulgeb\u00e4udes wider: Sprachen Gesellschafts-wissenschaften MINT-F\u00e4cher Musische Weiterlesen ...","og_url":"https:\/\/goethe-gymnasium.berlin\/index.php\/fachbereiche\/","og_site_name":"Goethe-Gymnasium Berlin-Wilmersdorf","article_publisher":"https:\/\/www.facebook.com\/pages\/Goethe-Gymnasium\/109376575754402","article_modified_time":"2025-10-30T19:54:41+00:00","og_image":[{"width":2000,"height":1333,"url":"https:\/\/goethe-gymnasium.berlin\/wp-content\/uploads\/2021\/01\/goethe-gymn04.jpg","type":"image\/jpeg"}],"twitter_card":"summary_large_image","twitter_misc":{"Gesch\u00e4tzte Lesezeit":"3\u00a0Minuten"},"schema":{"@context":"https:\/\/schema.org","@graph":[{"@type":"WebPage","@id":"https:\/\/goethe-gymnasium.berlin\/index.php\/fachbereiche\/","url":"https:\/\/goethe-gymnasium.berlin\/index.php\/fachbereiche\/","name":"Fachbereiche - Goethe-Gymnasium Berlin-Wilmersdorf","isPartOf":{"@id":"https:\/\/goethe-gymnasium.berlin\/#website"},"primaryImageOfPage":{"@id":"https:\/\/goethe-gymnasium.berlin\/index.php\/fachbereiche\/#primaryimage"},"image":{"@id":"https:\/\/goethe-gymnasium.berlin\/index.php\/fachbereiche\/#primaryimage"},"thumbnailUrl":"https:\/\/goethe-gymnasium.berlin\/wp-content\/uploads\/2021\/01\/goethe-gymn04.jpg","datePublished":"2018-04-24T11:12:59+00:00","dateModified":"2025-10-30T19:54:41+00:00","breadcrumb":{"@id":"https:\/\/goethe-gymnasium.berlin\/index.php\/fachbereiche\/#breadcrumb"},"inLanguage":"de","potentialAction":[{"@type":"ReadAction","target":["https:\/\/goethe-gymnasium.berlin\/index.php\/fachbereiche\/"]}]},{"@type":"ImageObject","inLanguage":"de","@id":"https:\/\/goethe-gymnasium.berlin\/index.php\/fachbereiche\/#primaryimage","url":"https:\/\/goethe-gymnasium.berlin\/wp-content\/uploads\/2021\/01\/goethe-gymn04.jpg","contentUrl":"https:\/\/goethe-gymnasium.berlin\/wp-content\/uploads\/2021\/01\/goethe-gymn04.jpg","width":2000,"height":1333},{"@type":"BreadcrumbList","@id":"https:\/\/goethe-gymnasium.berlin\/index.php\/fachbereiche\/#breadcrumb","itemListElement":[{"@type":"ListItem","position":1,"name":"Startseite","item":"https:\/\/goethe-gymnasium.berlin\/"},{"@type":"ListItem","position":2,"name":"Fachbereiche"}]},{"@type":"WebSite","@id":"https:\/\/goethe-gymnasium.berlin\/#website","url":"https:\/\/goethe-gymnasium.berlin\/","name":"Goethe-Gymnasium Berlin-Wilmersdorf","description":"","publisher":{"@id":"https:\/\/goethe-gymnasium.berlin\/#organization"},"potentialAction":[{"@type":"SearchAction","target":{"@type":"EntryPoint","urlTemplate":"https:\/\/goethe-gymnasium.berlin\/?s={search_term_string}"},"query-input":{"@type":"PropertyValueSpecification","valueRequired":true,"valueName":"search_term_string"}}],"inLanguage":"de"},{"@type":"Organization","@id":"https:\/\/goethe-gymnasium.berlin\/#organization","name":"Goethe-Gymnasium Berlin-Wilmersdorf","url":"https:\/\/goethe-gymnasium.berlin\/","logo":{"@type":"ImageObject","inLanguage":"de","@id":"https:\/\/goethe-gymnasium.berlin\/#\/schema\/logo\/image\/","url":"https:\/\/goethe-gymnasium.berlin\/wp-content\/uploads\/2018\/04\/goethe-logo_hoch.png","contentUrl":"https:\/\/goethe-gymnasium.berlin\/wp-content\/uploads\/2018\/04\/goethe-logo_hoch.png","width":755,"height":514,"caption":"Goethe-Gymnasium Berlin-Wilmersdorf"},"image":{"@id":"https:\/\/goethe-gymnasium.berlin\/#\/schema\/logo\/image\/"},"sameAs":["https:\/\/www.facebook.com\/pages\/Goethe-Gymnasium\/109376575754402","https:\/\/www.youtube.com\/channel\/UCMKuMVF9h_YkS3zmEp7SnzQ"]}]}},"_links":{"self":[{"href":"https:\/\/goethe-gymnasium.berlin\/index.php\/wp-json\/wp\/v2\/pages\/85","targetHints":{"allow":["GET"]}}],"collection":[{"href":"https:\/\/goethe-gymnasium.berlin\/index.php\/wp-json\/wp\/v2\/pages"}],"about":[{"href":"https:\/\/goethe-gymnasium.berlin\/index.php\/wp-json\/wp\/v2\/types\/page"}],"author":[{"embeddable":true,"href":"https:\/\/goethe-gymnasium.berlin\/index.php\/wp-json\/wp\/v2\/users\/4"}],"replies":[{"embeddable":true,"href":"https:\/\/goethe-gymnasium.berlin\/index.php\/wp-json\/wp\/v2\/comments?post=85"}],"version-history":[{"count":30,"href":"https:\/\/goethe-gymnasium.berlin\/index.php\/wp-json\/wp\/v2\/pages\/85\/revisions"}],"predecessor-version":[{"id":13648,"href":"https:\/\/goethe-gymnasium.berlin\/index.php\/wp-json\/wp\/v2\/pages\/85\/revisions\/13648"}],"wp:featuredmedia":[{"embeddable":true,"href":"https:\/\/goethe-gymnasium.berlin\/index.php\/wp-json\/wp\/v2\/media\/6904"}],"wp:attachment":[{"href":"https:\/\/goethe-gymnasium.berlin\/index.php\/wp-json\/wp\/v2\/media?parent=85"}],"wp:term":[{"taxonomy":"category","embeddable":true,"href":"https:\/\/goethe-gymnasium.berlin\/index.php\/wp-json\/wp\/v2\/categories?post=85"},{"taxonomy":"post_tag","embeddable":true,"href":"https:\/\/goethe-gymnasium.berlin\/index.php\/wp-json\/wp\/v2\/tags?post=85"}],"curies":[{"name":"wp","href":"https:\/\/api.w.org\/{rel}","templated":true}]}}