{"id":8482,"date":"2022-01-16T12:54:32","date_gmt":"2022-01-16T11:54:32","guid":{"rendered":"https:\/\/goethe-gymnasium.berlin\/?page_id=8482"},"modified":"2024-11-24T19:56:07","modified_gmt":"2024-11-24T18:56:07","slug":"schulsozialarbeit-am-goethe-gymnasium","status":"publish","type":"page","link":"https:\/\/goethe-gymnasium.berlin\/index.php\/schule\/sozialpaedagogisches-team\/schulsozialarbeit-am-goethe-gymnasium\/","title":{"rendered":"Schulsozialarbeit am Goethe-Gymnasium"},"content":{"rendered":"\n<p>Die Schulsozialarbeit am Goethe-Gymnasium Wilmersdorf wird seit dem 01. November 2021 durch die <a href=\"https:\/\/www.tjfbg.de\" target=\"_blank\" rel=\"noreferrer noopener\">Technische Jugendfreizeit- und Bildungsgesellschaft gGmbH<\/a> realisiert. Ziele der Schulsozialarbeit sind die Unterst\u00fctzung von Kindern und Jugendlichen bei der Schul- und Lebensbew\u00e4ltigung, die F\u00f6rderung ihrer sozialen und emotionalen Entwicklung sowie damit verbunden eine enge Zusammenarbeit mit Erziehungsberechtigten, Kooperationspartner*innen im Sozialraum sowie mit Schulleitung und Lehrkr\u00e4ften.<\/p>\n\n\n\n<p><strong>Henning Gruner<\/strong>, B.A. Sozialarbeiter, Raum 003 (EG)<\/p>\n\n\n\n<p><strong>Sprechzeiten der Schulsozialarbeit<\/strong><\/p>\n\n\n\n<p>Montag bis Freitag von 8 Uhr bis 14 Uhr (sowie nach Terminvereinbarung)*<br>*Es wird um Verst\u00e4ndnis gebeten, dass die Sprechzeiten in dringenden F\u00e4llen auch kurzfristig ausfallen k\u00f6nnen.<\/p>\n\n\n\n<p><strong>Kontakt<\/strong><\/p>\n\n\n\n<p>E-Mail: h.gruner@goethe-gymnasium.berlin<br>Festnetz: (030) 864 996 35<\/p>\n\n\n\n<p><strong><u>Wichtig!<\/u><\/strong><\/p>\n\n\n\n<p>Vertraulichkeit mit den mir anvertrauten Informationen stellt die Grundvoraussetzung meiner Arbeit dar. Daher unterliege ich grunds\u00e4tzlich der <strong>Schweigepflicht<\/strong> und bin zum Datenschutz verpflichtet. Bitte vermeidet\/vermeiden Sie daher, im E-Mail-Verkehr sensible Daten zu verwenden und schildert\/schildern Sie Ihr Anliegen anonymisiert. Wenn dies nicht m\u00f6glich erscheint, kontaktiert\/kontaktieren Sie mich bitte pers\u00f6nlich in Raum 003 oder telefonisch.<\/p>\n\n\n\n<p><strong>Angebote<\/strong><\/p>\n\n\n\n<p>Die Angebote der Schulsozialarbeit richten sich grunds\u00e4tzlich an den Bedarfen und <strong>Interessen der Sch\u00fcler:innen<\/strong> aus.<\/p>\n\n\n\n<p>Ein Schwerpunkt liegt daher auf dem <strong>Kinderschutz<\/strong>. Als ausgebildete Kinderschutzfachkraft steht f\u00fcr mich das Wohl der Sch\u00fcler:innen, an erster Stelle. Im digitalen Zeitalter bedeutet dies auch den Umgang und die Risiken von <strong>digitale<\/strong>n <strong>Medien<\/strong> zu kennen und f\u00fcr eine kompetente Nutzung&nbsp;einzutreten.<\/p>\n\n\n\n<p>Daher ist ein weiteres Angebot der Sozialarbeit die <strong>Elternberatung<\/strong>, haupts\u00e4chlich nat\u00fcrlich zu allgemeinen Fragen die Heranwachsenden betreffen (\u00dcbergang Schule &#8211; Beruf, Adoleszenz, Konsumverhalten) speziell aber auch zum Umgang von Jugendlichen mit digitalen Medien. Die Termine f\u00fcr eine solche Beratung k\u00f6nnen auch individuell au\u00dferhalb der Sprechstunden vereinbart werden.<\/p>\n\n\n\n<p>Nat\u00fcrlich kann das Beratungsangebot auch von allen anderen Beteiligten der Schulgemeinschaft in Anspruch genommen werden.<\/p>\n\n\n\n<p>Dar\u00fcber hinaus wirkt die Schulsozialarbeit in verschiedenen<strong> AG\u2019s und Gremien<\/strong> zu jugendrelevanten Themen mit und beteiligt sich an der Umsetzung von <strong>Pr\u00e4ventionsprogrammen<\/strong> <strong>und Projekttagen<\/strong>.<\/p>\n\n\n\n<p>Des Weiteren <strong>vernetzt<\/strong> sich die Schulsozialarbeit im Sozialraum und kann somit den Zugang zu den Leistungen der Jugendhilfe und des <a href=\"https:\/\/www.berlin.de\/sen\/bildung\/unterstuetzung\/beratungszentren-sibuz\/charlottenburg-wilmersdorf\/\">Schulpsychologischen Dienstes (SIBUZ)<\/a> erleichtern.<\/p>\n\n\n\n<p class=\"has-text-align-right\"><em>Text: Herr Gruner, Schulsozialarbeiter (Schuljahr 2024\/25<\/em>)<\/p>\n\n\n\n<p><\/p>\n","protected":false},"excerpt":{"rendered":"<p>Die Schulsozialarbeit am Goethe-Gymnasium Wilmersdorf wird seit dem 01. November 2021 durch die Technische Jugendfreizeit- und Bildungsgesellschaft gGmbH realisiert. Ziele <a class=\"more-link\" href=\"https:\/\/goethe-gymnasium.berlin\/index.php\/schule\/sozialpaedagogisches-team\/schulsozialarbeit-am-goethe-gymnasium\/\">Weiterlesen &#8230;<\/a><\/p>\n","protected":false},"author":4,"featured_media":8504,"parent":11838,"menu_order":0,"comment_status":"closed","ping_status":"closed","template":"","meta":{"footnotes":""},"categories":[51,35,4],"tags":[516],"class_list":["post-8482","page","type-page","status-publish","has-post-thumbnail","hentry","category-schule","category-schuelerschaft","category-schulleben","tag-schulsozialarbeit"],"yoast_head":"<!-- This site is optimized with the Yoast SEO plugin v27.4 - https:\/\/yoast.com\/product\/yoast-seo-wordpress\/ -->\n<title>Schulsozialarbeit am Goethe-Gymnasium - Goethe-Gymnasium Berlin-Wilmersdorf<\/title>\n<meta name=\"robots\" content=\"index, follow, max-snippet:-1, max-image-preview:large, max-video-preview:-1\" \/>\n<link rel=\"canonical\" href=\"https:\/\/goethe-gymnasium.berlin\/index.php\/schule\/sozialpaedagogisches-team\/schulsozialarbeit-am-goethe-gymnasium\/\" \/>\n<meta property=\"og:locale\" content=\"de_DE\" \/>\n<meta property=\"og:type\" content=\"article\" \/>\n<meta property=\"og:title\" content=\"Schulsozialarbeit am Goethe-Gymnasium - Goethe-Gymnasium Berlin-Wilmersdorf\" \/>\n<meta property=\"og:description\" content=\"Die Schulsozialarbeit am Goethe-Gymnasium Wilmersdorf wird seit dem 01. November 2021 durch die Technische Jugendfreizeit- und Bildungsgesellschaft gGmbH realisiert. Ziele Weiterlesen ...\" \/>\n<meta property=\"og:url\" content=\"https:\/\/goethe-gymnasium.berlin\/index.php\/schule\/sozialpaedagogisches-team\/schulsozialarbeit-am-goethe-gymnasium\/\" \/>\n<meta property=\"og:site_name\" content=\"Goethe-Gymnasium Berlin-Wilmersdorf\" \/>\n<meta property=\"article:publisher\" content=\"https:\/\/www.facebook.com\/pages\/Goethe-Gymnasium\/109376575754402\" \/>\n<meta property=\"article:modified_time\" content=\"2024-11-24T18:56:07+00:00\" \/>\n<meta property=\"og:image\" content=\"https:\/\/goethe-gymnasium.berlin\/wp-content\/uploads\/2022\/01\/Schulsozialarbeit.jpg\" \/>\n\t<meta property=\"og:image:width\" content=\"1024\" \/>\n\t<meta property=\"og:image:height\" content=\"1024\" \/>\n\t<meta property=\"og:image:type\" content=\"image\/jpeg\" \/>\n<meta name=\"twitter:card\" content=\"summary_large_image\" \/>\n<meta name=\"twitter:label1\" content=\"Gesch\u00e4tzte Lesezeit\" \/>\n\t<meta name=\"twitter:data1\" content=\"3\u00a0Minuten\" \/>\n<script type=\"application\/ld+json\" class=\"yoast-schema-graph\">{\"@context\":\"https:\\\/\\\/schema.org\",\"@graph\":[{\"@type\":\"WebPage\",\"@id\":\"https:\\\/\\\/goethe-gymnasium.berlin\\\/index.php\\\/schule\\\/sozialpaedagogisches-team\\\/schulsozialarbeit-am-goethe-gymnasium\\\/\",\"url\":\"https:\\\/\\\/goethe-gymnasium.berlin\\\/index.php\\\/schule\\\/sozialpaedagogisches-team\\\/schulsozialarbeit-am-goethe-gymnasium\\\/\",\"name\":\"Schulsozialarbeit am Goethe-Gymnasium - Goethe-Gymnasium Berlin-Wilmersdorf\",\"isPartOf\":{\"@id\":\"https:\\\/\\\/goethe-gymnasium.berlin\\\/#website\"},\"primaryImageOfPage\":{\"@id\":\"https:\\\/\\\/goethe-gymnasium.berlin\\\/index.php\\\/schule\\\/sozialpaedagogisches-team\\\/schulsozialarbeit-am-goethe-gymnasium\\\/#primaryimage\"},\"image\":{\"@id\":\"https:\\\/\\\/goethe-gymnasium.berlin\\\/index.php\\\/schule\\\/sozialpaedagogisches-team\\\/schulsozialarbeit-am-goethe-gymnasium\\\/#primaryimage\"},\"thumbnailUrl\":\"https:\\\/\\\/goethe-gymnasium.berlin\\\/wp-content\\\/uploads\\\/2022\\\/01\\\/Schulsozialarbeit.jpg\",\"datePublished\":\"2022-01-16T11:54:32+00:00\",\"dateModified\":\"2024-11-24T18:56:07+00:00\",\"breadcrumb\":{\"@id\":\"https:\\\/\\\/goethe-gymnasium.berlin\\\/index.php\\\/schule\\\/sozialpaedagogisches-team\\\/schulsozialarbeit-am-goethe-gymnasium\\\/#breadcrumb\"},\"inLanguage\":\"de\",\"potentialAction\":[{\"@type\":\"ReadAction\",\"target\":[\"https:\\\/\\\/goethe-gymnasium.berlin\\\/index.php\\\/schule\\\/sozialpaedagogisches-team\\\/schulsozialarbeit-am-goethe-gymnasium\\\/\"]}]},{\"@type\":\"ImageObject\",\"inLanguage\":\"de\",\"@id\":\"https:\\\/\\\/goethe-gymnasium.berlin\\\/index.php\\\/schule\\\/sozialpaedagogisches-team\\\/schulsozialarbeit-am-goethe-gymnasium\\\/#primaryimage\",\"url\":\"https:\\\/\\\/goethe-gymnasium.berlin\\\/wp-content\\\/uploads\\\/2022\\\/01\\\/Schulsozialarbeit.jpg\",\"contentUrl\":\"https:\\\/\\\/goethe-gymnasium.berlin\\\/wp-content\\\/uploads\\\/2022\\\/01\\\/Schulsozialarbeit.jpg\",\"width\":1024,\"height\":1024},{\"@type\":\"BreadcrumbList\",\"@id\":\"https:\\\/\\\/goethe-gymnasium.berlin\\\/index.php\\\/schule\\\/sozialpaedagogisches-team\\\/schulsozialarbeit-am-goethe-gymnasium\\\/#breadcrumb\",\"itemListElement\":[{\"@type\":\"ListItem\",\"position\":1,\"name\":\"Startseite\",\"item\":\"https:\\\/\\\/goethe-gymnasium.berlin\\\/\"},{\"@type\":\"ListItem\",\"position\":2,\"name\":\"Schule\",\"item\":\"https:\\\/\\\/goethe-gymnasium.berlin\\\/index.php\\\/schule\\\/\"},{\"@type\":\"ListItem\",\"position\":3,\"name\":\"Sozialp\u00e4dagogisches Team\",\"item\":\"https:\\\/\\\/goethe-gymnasium.berlin\\\/index.php\\\/schule\\\/sozialpaedagogisches-team\\\/\"},{\"@type\":\"ListItem\",\"position\":4,\"name\":\"Schulsozialarbeit am Goethe-Gymnasium\"}]},{\"@type\":\"WebSite\",\"@id\":\"https:\\\/\\\/goethe-gymnasium.berlin\\\/#website\",\"url\":\"https:\\\/\\\/goethe-gymnasium.berlin\\\/\",\"name\":\"Goethe-Gymnasium Berlin-Wilmersdorf\",\"description\":\"\",\"publisher\":{\"@id\":\"https:\\\/\\\/goethe-gymnasium.berlin\\\/#organization\"},\"potentialAction\":[{\"@type\":\"SearchAction\",\"target\":{\"@type\":\"EntryPoint\",\"urlTemplate\":\"https:\\\/\\\/goethe-gymnasium.berlin\\\/?s={search_term_string}\"},\"query-input\":{\"@type\":\"PropertyValueSpecification\",\"valueRequired\":true,\"valueName\":\"search_term_string\"}}],\"inLanguage\":\"de\"},{\"@type\":\"Organization\",\"@id\":\"https:\\\/\\\/goethe-gymnasium.berlin\\\/#organization\",\"name\":\"Goethe-Gymnasium Berlin-Wilmersdorf\",\"url\":\"https:\\\/\\\/goethe-gymnasium.berlin\\\/\",\"logo\":{\"@type\":\"ImageObject\",\"inLanguage\":\"de\",\"@id\":\"https:\\\/\\\/goethe-gymnasium.berlin\\\/#\\\/schema\\\/logo\\\/image\\\/\",\"url\":\"https:\\\/\\\/goethe-gymnasium.berlin\\\/wp-content\\\/uploads\\\/2018\\\/04\\\/goethe-logo_hoch.png\",\"contentUrl\":\"https:\\\/\\\/goethe-gymnasium.berlin\\\/wp-content\\\/uploads\\\/2018\\\/04\\\/goethe-logo_hoch.png\",\"width\":755,\"height\":514,\"caption\":\"Goethe-Gymnasium Berlin-Wilmersdorf\"},\"image\":{\"@id\":\"https:\\\/\\\/goethe-gymnasium.berlin\\\/#\\\/schema\\\/logo\\\/image\\\/\"},\"sameAs\":[\"https:\\\/\\\/www.facebook.com\\\/pages\\\/Goethe-Gymnasium\\\/109376575754402\",\"https:\\\/\\\/www.youtube.com\\\/channel\\\/UCMKuMVF9h_YkS3zmEp7SnzQ\"]}]}<\/script>\n<!-- \/ Yoast SEO plugin. -->","yoast_head_json":{"title":"Schulsozialarbeit am Goethe-Gymnasium - Goethe-Gymnasium Berlin-Wilmersdorf","robots":{"index":"index","follow":"follow","max-snippet":"max-snippet:-1","max-image-preview":"max-image-preview:large","max-video-preview":"max-video-preview:-1"},"canonical":"https:\/\/goethe-gymnasium.berlin\/index.php\/schule\/sozialpaedagogisches-team\/schulsozialarbeit-am-goethe-gymnasium\/","og_locale":"de_DE","og_type":"article","og_title":"Schulsozialarbeit am Goethe-Gymnasium - Goethe-Gymnasium Berlin-Wilmersdorf","og_description":"Die Schulsozialarbeit am Goethe-Gymnasium Wilmersdorf wird seit dem 01. November 2021 durch die Technische Jugendfreizeit- und Bildungsgesellschaft gGmbH realisiert. Ziele Weiterlesen ...","og_url":"https:\/\/goethe-gymnasium.berlin\/index.php\/schule\/sozialpaedagogisches-team\/schulsozialarbeit-am-goethe-gymnasium\/","og_site_name":"Goethe-Gymnasium Berlin-Wilmersdorf","article_publisher":"https:\/\/www.facebook.com\/pages\/Goethe-Gymnasium\/109376575754402","article_modified_time":"2024-11-24T18:56:07+00:00","og_image":[{"width":1024,"height":1024,"url":"https:\/\/goethe-gymnasium.berlin\/wp-content\/uploads\/2022\/01\/Schulsozialarbeit.jpg","type":"image\/jpeg"}],"twitter_card":"summary_large_image","twitter_misc":{"Gesch\u00e4tzte Lesezeit":"3\u00a0Minuten"},"schema":{"@context":"https:\/\/schema.org","@graph":[{"@type":"WebPage","@id":"https:\/\/goethe-gymnasium.berlin\/index.php\/schule\/sozialpaedagogisches-team\/schulsozialarbeit-am-goethe-gymnasium\/","url":"https:\/\/goethe-gymnasium.berlin\/index.php\/schule\/sozialpaedagogisches-team\/schulsozialarbeit-am-goethe-gymnasium\/","name":"Schulsozialarbeit am Goethe-Gymnasium - Goethe-Gymnasium Berlin-Wilmersdorf","isPartOf":{"@id":"https:\/\/goethe-gymnasium.berlin\/#website"},"primaryImageOfPage":{"@id":"https:\/\/goethe-gymnasium.berlin\/index.php\/schule\/sozialpaedagogisches-team\/schulsozialarbeit-am-goethe-gymnasium\/#primaryimage"},"image":{"@id":"https:\/\/goethe-gymnasium.berlin\/index.php\/schule\/sozialpaedagogisches-team\/schulsozialarbeit-am-goethe-gymnasium\/#primaryimage"},"thumbnailUrl":"https:\/\/goethe-gymnasium.berlin\/wp-content\/uploads\/2022\/01\/Schulsozialarbeit.jpg","datePublished":"2022-01-16T11:54:32+00:00","dateModified":"2024-11-24T18:56:07+00:00","breadcrumb":{"@id":"https:\/\/goethe-gymnasium.berlin\/index.php\/schule\/sozialpaedagogisches-team\/schulsozialarbeit-am-goethe-gymnasium\/#breadcrumb"},"inLanguage":"de","potentialAction":[{"@type":"ReadAction","target":["https:\/\/goethe-gymnasium.berlin\/index.php\/schule\/sozialpaedagogisches-team\/schulsozialarbeit-am-goethe-gymnasium\/"]}]},{"@type":"ImageObject","inLanguage":"de","@id":"https:\/\/goethe-gymnasium.berlin\/index.php\/schule\/sozialpaedagogisches-team\/schulsozialarbeit-am-goethe-gymnasium\/#primaryimage","url":"https:\/\/goethe-gymnasium.berlin\/wp-content\/uploads\/2022\/01\/Schulsozialarbeit.jpg","contentUrl":"https:\/\/goethe-gymnasium.berlin\/wp-content\/uploads\/2022\/01\/Schulsozialarbeit.jpg","width":1024,"height":1024},{"@type":"BreadcrumbList","@id":"https:\/\/goethe-gymnasium.berlin\/index.php\/schule\/sozialpaedagogisches-team\/schulsozialarbeit-am-goethe-gymnasium\/#breadcrumb","itemListElement":[{"@type":"ListItem","position":1,"name":"Startseite","item":"https:\/\/goethe-gymnasium.berlin\/"},{"@type":"ListItem","position":2,"name":"Schule","item":"https:\/\/goethe-gymnasium.berlin\/index.php\/schule\/"},{"@type":"ListItem","position":3,"name":"Sozialp\u00e4dagogisches Team","item":"https:\/\/goethe-gymnasium.berlin\/index.php\/schule\/sozialpaedagogisches-team\/"},{"@type":"ListItem","position":4,"name":"Schulsozialarbeit am Goethe-Gymnasium"}]},{"@type":"WebSite","@id":"https:\/\/goethe-gymnasium.berlin\/#website","url":"https:\/\/goethe-gymnasium.berlin\/","name":"Goethe-Gymnasium Berlin-Wilmersdorf","description":"","publisher":{"@id":"https:\/\/goethe-gymnasium.berlin\/#organization"},"potentialAction":[{"@type":"SearchAction","target":{"@type":"EntryPoint","urlTemplate":"https:\/\/goethe-gymnasium.berlin\/?s={search_term_string}"},"query-input":{"@type":"PropertyValueSpecification","valueRequired":true,"valueName":"search_term_string"}}],"inLanguage":"de"},{"@type":"Organization","@id":"https:\/\/goethe-gymnasium.berlin\/#organization","name":"Goethe-Gymnasium Berlin-Wilmersdorf","url":"https:\/\/goethe-gymnasium.berlin\/","logo":{"@type":"ImageObject","inLanguage":"de","@id":"https:\/\/goethe-gymnasium.berlin\/#\/schema\/logo\/image\/","url":"https:\/\/goethe-gymnasium.berlin\/wp-content\/uploads\/2018\/04\/goethe-logo_hoch.png","contentUrl":"https:\/\/goethe-gymnasium.berlin\/wp-content\/uploads\/2018\/04\/goethe-logo_hoch.png","width":755,"height":514,"caption":"Goethe-Gymnasium Berlin-Wilmersdorf"},"image":{"@id":"https:\/\/goethe-gymnasium.berlin\/#\/schema\/logo\/image\/"},"sameAs":["https:\/\/www.facebook.com\/pages\/Goethe-Gymnasium\/109376575754402","https:\/\/www.youtube.com\/channel\/UCMKuMVF9h_YkS3zmEp7SnzQ"]}]}},"_links":{"self":[{"href":"https:\/\/goethe-gymnasium.berlin\/index.php\/wp-json\/wp\/v2\/pages\/8482","targetHints":{"allow":["GET"]}}],"collection":[{"href":"https:\/\/goethe-gymnasium.berlin\/index.php\/wp-json\/wp\/v2\/pages"}],"about":[{"href":"https:\/\/goethe-gymnasium.berlin\/index.php\/wp-json\/wp\/v2\/types\/page"}],"author":[{"embeddable":true,"href":"https:\/\/goethe-gymnasium.berlin\/index.php\/wp-json\/wp\/v2\/users\/4"}],"replies":[{"embeddable":true,"href":"https:\/\/goethe-gymnasium.berlin\/index.php\/wp-json\/wp\/v2\/comments?post=8482"}],"version-history":[{"count":10,"href":"https:\/\/goethe-gymnasium.berlin\/index.php\/wp-json\/wp\/v2\/pages\/8482\/revisions"}],"predecessor-version":[{"id":12600,"href":"https:\/\/goethe-gymnasium.berlin\/index.php\/wp-json\/wp\/v2\/pages\/8482\/revisions\/12600"}],"up":[{"embeddable":true,"href":"https:\/\/goethe-gymnasium.berlin\/index.php\/wp-json\/wp\/v2\/pages\/11838"}],"wp:featuredmedia":[{"embeddable":true,"href":"https:\/\/goethe-gymnasium.berlin\/index.php\/wp-json\/wp\/v2\/media\/8504"}],"wp:attachment":[{"href":"https:\/\/goethe-gymnasium.berlin\/index.php\/wp-json\/wp\/v2\/media?parent=8482"}],"wp:term":[{"taxonomy":"category","embeddable":true,"href":"https:\/\/goethe-gymnasium.berlin\/index.php\/wp-json\/wp\/v2\/categories?post=8482"},{"taxonomy":"post_tag","embeddable":true,"href":"https:\/\/goethe-gymnasium.berlin\/index.php\/wp-json\/wp\/v2\/tags?post=8482"}],"curies":[{"name":"wp","href":"https:\/\/api.w.org\/{rel}","templated":true}]}}