{"id":8073,"date":"2021-10-19T19:32:11","date_gmt":"2021-10-19T17:32:11","guid":{"rendered":"https:\/\/goethe-gymnasium.berlin\/?page_id=8073"},"modified":"2021-10-19T20:10:15","modified_gmt":"2021-10-19T18:10:15","slug":"paris-fahrten","status":"publish","type":"page","link":"https:\/\/goethe-gymnasium.berlin\/index.php\/sprachen\/franzoesisch\/paris-fahrten\/","title":{"rendered":"Paris-Fahrten"},"content":{"rendered":"\n<p>F\u00fcr Sch\u00fcler*innen, die Franz\u00f6sisch als 4. Fremdsprache lernen, gibt es immer wieder einmal das Angebot, in der 10. Klasse an einer Paris-Fahrt teilzunehmen. Im Folgenden finden sich einige Erlebnisberichte:<\/p>\n\n\n\n<ul class=\"wp-block-list\"><li><a href=\"https:\/\/goethe-gymnasium.berlin\/index.php\/2017\/03\/19\/aux-champs-elysees\/\" target=\"_blank\" rel=\"noreferrer noopener\">Aux Champs-Elys\u00e9es (2017)<\/a><\/li><li><a href=\"https:\/\/goethe-gymnasium.berlin\/wp-content\/uploads\/2021\/10\/paris2016-01.pdf\" target=\"_blank\" rel=\"noreferrer noopener\">Notre voyage \u00e0 Paris &#8211; part 1 (2016)<\/a><\/li><li><a href=\"https:\/\/goethe-gymnasium.berlin\/wp-content\/uploads\/2021\/10\/paris2016-02.pdf\" target=\"_blank\" rel=\"noreferrer noopener\">Notre voyage \u00e0 Paris &#8211; part 2 (2016)<\/a><\/li><\/ul>\n","protected":false},"excerpt":{"rendered":"<p>F\u00fcr Sch\u00fcler*innen, die Franz\u00f6sisch als 4. Fremdsprache lernen, gibt es immer wieder einmal das Angebot, in der 10. Klasse an <a class=\"more-link\" href=\"https:\/\/goethe-gymnasium.berlin\/index.php\/sprachen\/franzoesisch\/paris-fahrten\/\">Weiterlesen &#8230;<\/a><\/p>\n","protected":false},"author":4,"featured_media":8094,"parent":99,"menu_order":0,"comment_status":"closed","ping_status":"closed","template":"","meta":{"footnotes":""},"categories":[39,28],"tags":[65,426],"class_list":["post-8073","page","type-page","status-publish","has-post-thumbnail","hentry","category-fahrten","category-franzoesisch","tag-fahrten","tag-paris-fahrt"],"yoast_head":"<!-- This site is optimized with the Yoast SEO plugin v27.4 - https:\/\/yoast.com\/product\/yoast-seo-wordpress\/ -->\n<title>Paris-Fahrten - Goethe-Gymnasium Berlin-Wilmersdorf<\/title>\n<meta name=\"robots\" content=\"index, follow, max-snippet:-1, max-image-preview:large, max-video-preview:-1\" \/>\n<link rel=\"canonical\" href=\"https:\/\/goethe-gymnasium.berlin\/index.php\/sprachen\/franzoesisch\/paris-fahrten\/\" \/>\n<meta property=\"og:locale\" content=\"de_DE\" \/>\n<meta property=\"og:type\" content=\"article\" \/>\n<meta property=\"og:title\" content=\"Paris-Fahrten - Goethe-Gymnasium Berlin-Wilmersdorf\" \/>\n<meta property=\"og:description\" content=\"F\u00fcr Sch\u00fcler*innen, die Franz\u00f6sisch als 4. Fremdsprache lernen, gibt es immer wieder einmal das Angebot, in der 10. Klasse an Weiterlesen ...\" \/>\n<meta property=\"og:url\" content=\"https:\/\/goethe-gymnasium.berlin\/index.php\/sprachen\/franzoesisch\/paris-fahrten\/\" \/>\n<meta property=\"og:site_name\" content=\"Goethe-Gymnasium Berlin-Wilmersdorf\" \/>\n<meta property=\"article:publisher\" content=\"https:\/\/www.facebook.com\/pages\/Goethe-Gymnasium\/109376575754402\" \/>\n<meta property=\"article:modified_time\" content=\"2021-10-19T18:10:15+00:00\" \/>\n<meta property=\"og:image\" content=\"https:\/\/goethe-gymnasium.berlin\/wp-content\/uploads\/2021\/10\/paris2014-01.jpg\" \/>\n\t<meta property=\"og:image:width\" content=\"1858\" \/>\n\t<meta property=\"og:image:height\" content=\"1243\" \/>\n\t<meta property=\"og:image:type\" content=\"image\/jpeg\" \/>\n<meta name=\"twitter:card\" content=\"summary_large_image\" \/>\n<meta name=\"twitter:label1\" content=\"Gesch\u00e4tzte Lesezeit\" \/>\n\t<meta name=\"twitter:data1\" content=\"1\u00a0Minute\" \/>\n<script type=\"application\/ld+json\" class=\"yoast-schema-graph\">{\"@context\":\"https:\\\/\\\/schema.org\",\"@graph\":[{\"@type\":\"WebPage\",\"@id\":\"https:\\\/\\\/goethe-gymnasium.berlin\\\/index.php\\\/sprachen\\\/franzoesisch\\\/paris-fahrten\\\/\",\"url\":\"https:\\\/\\\/goethe-gymnasium.berlin\\\/index.php\\\/sprachen\\\/franzoesisch\\\/paris-fahrten\\\/\",\"name\":\"Paris-Fahrten - Goethe-Gymnasium Berlin-Wilmersdorf\",\"isPartOf\":{\"@id\":\"https:\\\/\\\/goethe-gymnasium.berlin\\\/#website\"},\"primaryImageOfPage\":{\"@id\":\"https:\\\/\\\/goethe-gymnasium.berlin\\\/index.php\\\/sprachen\\\/franzoesisch\\\/paris-fahrten\\\/#primaryimage\"},\"image\":{\"@id\":\"https:\\\/\\\/goethe-gymnasium.berlin\\\/index.php\\\/sprachen\\\/franzoesisch\\\/paris-fahrten\\\/#primaryimage\"},\"thumbnailUrl\":\"https:\\\/\\\/goethe-gymnasium.berlin\\\/wp-content\\\/uploads\\\/2021\\\/10\\\/paris2014-01.jpg\",\"datePublished\":\"2021-10-19T17:32:11+00:00\",\"dateModified\":\"2021-10-19T18:10:15+00:00\",\"breadcrumb\":{\"@id\":\"https:\\\/\\\/goethe-gymnasium.berlin\\\/index.php\\\/sprachen\\\/franzoesisch\\\/paris-fahrten\\\/#breadcrumb\"},\"inLanguage\":\"de\",\"potentialAction\":[{\"@type\":\"ReadAction\",\"target\":[\"https:\\\/\\\/goethe-gymnasium.berlin\\\/index.php\\\/sprachen\\\/franzoesisch\\\/paris-fahrten\\\/\"]}]},{\"@type\":\"ImageObject\",\"inLanguage\":\"de\",\"@id\":\"https:\\\/\\\/goethe-gymnasium.berlin\\\/index.php\\\/sprachen\\\/franzoesisch\\\/paris-fahrten\\\/#primaryimage\",\"url\":\"https:\\\/\\\/goethe-gymnasium.berlin\\\/wp-content\\\/uploads\\\/2021\\\/10\\\/paris2014-01.jpg\",\"contentUrl\":\"https:\\\/\\\/goethe-gymnasium.berlin\\\/wp-content\\\/uploads\\\/2021\\\/10\\\/paris2014-01.jpg\",\"width\":1858,\"height\":1243},{\"@type\":\"BreadcrumbList\",\"@id\":\"https:\\\/\\\/goethe-gymnasium.berlin\\\/index.php\\\/sprachen\\\/franzoesisch\\\/paris-fahrten\\\/#breadcrumb\",\"itemListElement\":[{\"@type\":\"ListItem\",\"position\":1,\"name\":\"Startseite\",\"item\":\"https:\\\/\\\/goethe-gymnasium.berlin\\\/\"},{\"@type\":\"ListItem\",\"position\":2,\"name\":\"Sprachen\",\"item\":\"https:\\\/\\\/goethe-gymnasium.berlin\\\/index.php\\\/sprachen\\\/\"},{\"@type\":\"ListItem\",\"position\":3,\"name\":\"Franz\u00f6sisch\",\"item\":\"https:\\\/\\\/goethe-gymnasium.berlin\\\/index.php\\\/sprachen\\\/franzoesisch\\\/\"},{\"@type\":\"ListItem\",\"position\":4,\"name\":\"Paris-Fahrten\"}]},{\"@type\":\"WebSite\",\"@id\":\"https:\\\/\\\/goethe-gymnasium.berlin\\\/#website\",\"url\":\"https:\\\/\\\/goethe-gymnasium.berlin\\\/\",\"name\":\"Goethe-Gymnasium Berlin-Wilmersdorf\",\"description\":\"\",\"publisher\":{\"@id\":\"https:\\\/\\\/goethe-gymnasium.berlin\\\/#organization\"},\"potentialAction\":[{\"@type\":\"SearchAction\",\"target\":{\"@type\":\"EntryPoint\",\"urlTemplate\":\"https:\\\/\\\/goethe-gymnasium.berlin\\\/?s={search_term_string}\"},\"query-input\":{\"@type\":\"PropertyValueSpecification\",\"valueRequired\":true,\"valueName\":\"search_term_string\"}}],\"inLanguage\":\"de\"},{\"@type\":\"Organization\",\"@id\":\"https:\\\/\\\/goethe-gymnasium.berlin\\\/#organization\",\"name\":\"Goethe-Gymnasium Berlin-Wilmersdorf\",\"url\":\"https:\\\/\\\/goethe-gymnasium.berlin\\\/\",\"logo\":{\"@type\":\"ImageObject\",\"inLanguage\":\"de\",\"@id\":\"https:\\\/\\\/goethe-gymnasium.berlin\\\/#\\\/schema\\\/logo\\\/image\\\/\",\"url\":\"https:\\\/\\\/goethe-gymnasium.berlin\\\/wp-content\\\/uploads\\\/2018\\\/04\\\/goethe-logo_hoch.png\",\"contentUrl\":\"https:\\\/\\\/goethe-gymnasium.berlin\\\/wp-content\\\/uploads\\\/2018\\\/04\\\/goethe-logo_hoch.png\",\"width\":755,\"height\":514,\"caption\":\"Goethe-Gymnasium Berlin-Wilmersdorf\"},\"image\":{\"@id\":\"https:\\\/\\\/goethe-gymnasium.berlin\\\/#\\\/schema\\\/logo\\\/image\\\/\"},\"sameAs\":[\"https:\\\/\\\/www.facebook.com\\\/pages\\\/Goethe-Gymnasium\\\/109376575754402\",\"https:\\\/\\\/www.youtube.com\\\/channel\\\/UCMKuMVF9h_YkS3zmEp7SnzQ\"]}]}<\/script>\n<!-- \/ Yoast SEO plugin. -->","yoast_head_json":{"title":"Paris-Fahrten - Goethe-Gymnasium Berlin-Wilmersdorf","robots":{"index":"index","follow":"follow","max-snippet":"max-snippet:-1","max-image-preview":"max-image-preview:large","max-video-preview":"max-video-preview:-1"},"canonical":"https:\/\/goethe-gymnasium.berlin\/index.php\/sprachen\/franzoesisch\/paris-fahrten\/","og_locale":"de_DE","og_type":"article","og_title":"Paris-Fahrten - Goethe-Gymnasium Berlin-Wilmersdorf","og_description":"F\u00fcr Sch\u00fcler*innen, die Franz\u00f6sisch als 4. Fremdsprache lernen, gibt es immer wieder einmal das Angebot, in der 10. Klasse an Weiterlesen ...","og_url":"https:\/\/goethe-gymnasium.berlin\/index.php\/sprachen\/franzoesisch\/paris-fahrten\/","og_site_name":"Goethe-Gymnasium Berlin-Wilmersdorf","article_publisher":"https:\/\/www.facebook.com\/pages\/Goethe-Gymnasium\/109376575754402","article_modified_time":"2021-10-19T18:10:15+00:00","og_image":[{"width":1858,"height":1243,"url":"https:\/\/goethe-gymnasium.berlin\/wp-content\/uploads\/2021\/10\/paris2014-01.jpg","type":"image\/jpeg"}],"twitter_card":"summary_large_image","twitter_misc":{"Gesch\u00e4tzte Lesezeit":"1\u00a0Minute"},"schema":{"@context":"https:\/\/schema.org","@graph":[{"@type":"WebPage","@id":"https:\/\/goethe-gymnasium.berlin\/index.php\/sprachen\/franzoesisch\/paris-fahrten\/","url":"https:\/\/goethe-gymnasium.berlin\/index.php\/sprachen\/franzoesisch\/paris-fahrten\/","name":"Paris-Fahrten - Goethe-Gymnasium Berlin-Wilmersdorf","isPartOf":{"@id":"https:\/\/goethe-gymnasium.berlin\/#website"},"primaryImageOfPage":{"@id":"https:\/\/goethe-gymnasium.berlin\/index.php\/sprachen\/franzoesisch\/paris-fahrten\/#primaryimage"},"image":{"@id":"https:\/\/goethe-gymnasium.berlin\/index.php\/sprachen\/franzoesisch\/paris-fahrten\/#primaryimage"},"thumbnailUrl":"https:\/\/goethe-gymnasium.berlin\/wp-content\/uploads\/2021\/10\/paris2014-01.jpg","datePublished":"2021-10-19T17:32:11+00:00","dateModified":"2021-10-19T18:10:15+00:00","breadcrumb":{"@id":"https:\/\/goethe-gymnasium.berlin\/index.php\/sprachen\/franzoesisch\/paris-fahrten\/#breadcrumb"},"inLanguage":"de","potentialAction":[{"@type":"ReadAction","target":["https:\/\/goethe-gymnasium.berlin\/index.php\/sprachen\/franzoesisch\/paris-fahrten\/"]}]},{"@type":"ImageObject","inLanguage":"de","@id":"https:\/\/goethe-gymnasium.berlin\/index.php\/sprachen\/franzoesisch\/paris-fahrten\/#primaryimage","url":"https:\/\/goethe-gymnasium.berlin\/wp-content\/uploads\/2021\/10\/paris2014-01.jpg","contentUrl":"https:\/\/goethe-gymnasium.berlin\/wp-content\/uploads\/2021\/10\/paris2014-01.jpg","width":1858,"height":1243},{"@type":"BreadcrumbList","@id":"https:\/\/goethe-gymnasium.berlin\/index.php\/sprachen\/franzoesisch\/paris-fahrten\/#breadcrumb","itemListElement":[{"@type":"ListItem","position":1,"name":"Startseite","item":"https:\/\/goethe-gymnasium.berlin\/"},{"@type":"ListItem","position":2,"name":"Sprachen","item":"https:\/\/goethe-gymnasium.berlin\/index.php\/sprachen\/"},{"@type":"ListItem","position":3,"name":"Franz\u00f6sisch","item":"https:\/\/goethe-gymnasium.berlin\/index.php\/sprachen\/franzoesisch\/"},{"@type":"ListItem","position":4,"name":"Paris-Fahrten"}]},{"@type":"WebSite","@id":"https:\/\/goethe-gymnasium.berlin\/#website","url":"https:\/\/goethe-gymnasium.berlin\/","name":"Goethe-Gymnasium Berlin-Wilmersdorf","description":"","publisher":{"@id":"https:\/\/goethe-gymnasium.berlin\/#organization"},"potentialAction":[{"@type":"SearchAction","target":{"@type":"EntryPoint","urlTemplate":"https:\/\/goethe-gymnasium.berlin\/?s={search_term_string}"},"query-input":{"@type":"PropertyValueSpecification","valueRequired":true,"valueName":"search_term_string"}}],"inLanguage":"de"},{"@type":"Organization","@id":"https:\/\/goethe-gymnasium.berlin\/#organization","name":"Goethe-Gymnasium Berlin-Wilmersdorf","url":"https:\/\/goethe-gymnasium.berlin\/","logo":{"@type":"ImageObject","inLanguage":"de","@id":"https:\/\/goethe-gymnasium.berlin\/#\/schema\/logo\/image\/","url":"https:\/\/goethe-gymnasium.berlin\/wp-content\/uploads\/2018\/04\/goethe-logo_hoch.png","contentUrl":"https:\/\/goethe-gymnasium.berlin\/wp-content\/uploads\/2018\/04\/goethe-logo_hoch.png","width":755,"height":514,"caption":"Goethe-Gymnasium Berlin-Wilmersdorf"},"image":{"@id":"https:\/\/goethe-gymnasium.berlin\/#\/schema\/logo\/image\/"},"sameAs":["https:\/\/www.facebook.com\/pages\/Goethe-Gymnasium\/109376575754402","https:\/\/www.youtube.com\/channel\/UCMKuMVF9h_YkS3zmEp7SnzQ"]}]}},"_links":{"self":[{"href":"https:\/\/goethe-gymnasium.berlin\/index.php\/wp-json\/wp\/v2\/pages\/8073","targetHints":{"allow":["GET"]}}],"collection":[{"href":"https:\/\/goethe-gymnasium.berlin\/index.php\/wp-json\/wp\/v2\/pages"}],"about":[{"href":"https:\/\/goethe-gymnasium.berlin\/index.php\/wp-json\/wp\/v2\/types\/page"}],"author":[{"embeddable":true,"href":"https:\/\/goethe-gymnasium.berlin\/index.php\/wp-json\/wp\/v2\/users\/4"}],"replies":[{"embeddable":true,"href":"https:\/\/goethe-gymnasium.berlin\/index.php\/wp-json\/wp\/v2\/comments?post=8073"}],"version-history":[{"count":2,"href":"https:\/\/goethe-gymnasium.berlin\/index.php\/wp-json\/wp\/v2\/pages\/8073\/revisions"}],"predecessor-version":[{"id":8095,"href":"https:\/\/goethe-gymnasium.berlin\/index.php\/wp-json\/wp\/v2\/pages\/8073\/revisions\/8095"}],"up":[{"embeddable":true,"href":"https:\/\/goethe-gymnasium.berlin\/index.php\/wp-json\/wp\/v2\/pages\/99"}],"wp:featuredmedia":[{"embeddable":true,"href":"https:\/\/goethe-gymnasium.berlin\/index.php\/wp-json\/wp\/v2\/media\/8094"}],"wp:attachment":[{"href":"https:\/\/goethe-gymnasium.berlin\/index.php\/wp-json\/wp\/v2\/media?parent=8073"}],"wp:term":[{"taxonomy":"category","embeddable":true,"href":"https:\/\/goethe-gymnasium.berlin\/index.php\/wp-json\/wp\/v2\/categories?post=8073"},{"taxonomy":"post_tag","embeddable":true,"href":"https:\/\/goethe-gymnasium.berlin\/index.php\/wp-json\/wp\/v2\/tags?post=8073"}],"curies":[{"name":"wp","href":"https:\/\/api.w.org\/{rel}","templated":true}]}}