{"id":4811,"date":"2019-11-11T00:01:26","date_gmt":"2019-11-10T23:01:26","guid":{"rendered":"http:\/\/goethe-gymnasium.berlin\/?page_id=4811"},"modified":"2024-08-03T21:13:13","modified_gmt":"2024-08-03T19:13:13","slug":"schuelerinnen-schreiben","status":"publish","type":"page","link":"https:\/\/goethe-gymnasium.berlin\/index.php\/schuelerschaft\/schuelerinnen-schreiben\/","title":{"rendered":"Sch\u00fcler*innen schreiben"},"content":{"rendered":"\n<p><em>Damit die Talente unserer Sch\u00fcler*innen  nicht im Verborgenen bleiben, sollen hier in loser Folge schriftstellerische Produkte oder besondere Arbeiten aus den verschiedenen F\u00e4chern ver\u00f6ffentlicht werden<\/em>.<\/p>\n\n\n\n<h4 class=\"wp-block-heading\">Deutsch<\/h4>\n\n\n\n<ul class=\"wp-block-list\">\n<li><a href=\"https:\/\/goethe-gymnasium.berlin\/index.php\/2024\/05\/03\/mit-einem-gemalten-bande\/\">Mit einem gemalten Bande<\/a> &#8211; Gedichtinterpretation (Mai 2024)<\/li>\n\n\n\n<li><a href=\"https:\/\/read.bookcreator.com\/GZrqv5qPdW-FaVGMiMm6pRZv0EQcjhJOPFHfJKGgZv0ZZlvjvTzvNA\/ED8zcJEoT5KXzB2y1QKLXA\" target=\"_blank\" rel=\"noreferrer noopener\">Das Fabelbuch der 6c<\/a> &#8211; Onlinebuch (Januar 2022): Tiere sind die Hauptpersonen in Fabeln. Doch geht es wirklich nur um Tiere? Der listige Fuchs, der \u00e4ngstliche Hase, der treue Hund, der st\u00f6rrische Esel und viele andere verk\u00f6rpern menschliche Charaktereigenschaften. Seit der Antike \u00fcben Fabeldichter*innen mithilfe von Tieren Kritik an menschlichem Verhalten. In der 6d haben wir gemeinsam Fabeln aus verschiedenen L\u00e4ndern und Zeiten gelesen, in Bilder umgesetzt, interpretiert \u2013 und auch selbst geschrieben. In unserem digitalen Fabelbuch k\u00f6nnen Sie lesen, wie einige Sch\u00fcler*innen sich mit ihren eigenen Geschichten in die Tradition der Tiergeschichten einreihen.<\/li>\n\n\n\n<li><a href=\"http:\/\/goethe-gymnasium.berlin\/index.php\/2020\/05\/03\/freundschaft-reisen-sommerferien\/\" target=\"_blank\" rel=\"noreferrer noopener\">Freundschaft, Reisen, Sommerferien<\/a> &#8211; Sch\u00fclerrezension zu &#8222;Tschick&#8220; (Mai 2020)<\/li>\n\n\n\n<li><a href=\"http:\/\/goethe-gymnasium.berlin\/index.php\/2020\/05\/02\/das-war-der-hirbel\/\" target=\"_blank\" rel=\"noreferrer noopener\">Das war der Hirbel<\/a> &#8211; Sch\u00fclerrezension (Mai 2020) <\/li>\n\n\n\n<li><a href=\"http:\/\/goethe-gymnasium.berlin\/index.php\/2020\/04\/20\/wer-auf-der-muehle-stirbt-bestimme-ich-ich-allein\/\" target=\"_blank\" rel=\"noreferrer noopener\">&#8222;Wer auf der M\u00fchle stirbt, bestimme ich. Ich allein!&#8220;<\/a>  &#8211; Sch\u00fclerrezension zu &#8222;Krabat&#8220; (April 2020)<\/li>\n\n\n\n<li><a aria-label=\"Halb leer oder halb voll? (\u00f6ffnet in neuem Tab)\" href=\"http:\/\/goethe-gymnasium.berlin\/index.php\/2019\/12\/04\/halb-leer-oder-halb-voll\/\" target=\"_blank\" rel=\"noreferrer noopener\">Halb leer oder halb voll?<\/a> (Dezember 2019)<\/li>\n\n\n\n<li><a aria-label=\"Eine ganz besondere Reise (\u00f6ffnet in neuem Tab)\" href=\"http:\/\/goethe-gymnasium.berlin\/index.php\/2019\/11\/08\/eine-ganz-besondere-reise\/\" target=\"_blank\" rel=\"noreferrer noopener\">Eine ganz besondere Reise<\/a> (November 2019)<\/li>\n<\/ul>\n\n\n\n<h4 class=\"wp-block-heading\">Mathematik<\/h4>\n\n\n\n<ul class=\"wp-block-list\">\n<li><a href=\"https:\/\/goethe-gymnasium.berlin\/index.php\/2021\/10\/16\/geometrie-in-comics\/\" target=\"_blank\" rel=\"noreferrer noopener\">Geometrie in Comics<\/a> &#8211; ein Projekt der Klasse 6b (Oktober 2021)<\/li>\n<\/ul>\n\n\n\n<p><\/p>\n","protected":false},"excerpt":{"rendered":"<p>Damit die Talente unserer Sch\u00fcler*innen nicht im Verborgenen bleiben, sollen hier in loser Folge schriftstellerische Produkte oder besondere Arbeiten aus <a class=\"more-link\" href=\"https:\/\/goethe-gymnasium.berlin\/index.php\/schuelerschaft\/schuelerinnen-schreiben\/\">Weiterlesen &#8230;<\/a><\/p>\n","protected":false},"author":4,"featured_media":4817,"parent":219,"menu_order":0,"comment_status":"closed","ping_status":"closed","template":"","meta":{"footnotes":""},"categories":[10,35],"tags":[236,237],"class_list":["post-4811","page","type-page","status-publish","has-post-thumbnail","hentry","category-faecher","category-schuelerschaft","tag-schreiben","tag-schriftstellerei"],"yoast_head":"<!-- This site is optimized with the Yoast SEO plugin v27.4 - https:\/\/yoast.com\/product\/yoast-seo-wordpress\/ -->\n<title>Sch\u00fcler*innen schreiben - Goethe-Gymnasium Berlin-Wilmersdorf<\/title>\n<meta name=\"robots\" content=\"index, follow, max-snippet:-1, max-image-preview:large, max-video-preview:-1\" \/>\n<link rel=\"canonical\" href=\"https:\/\/goethe-gymnasium.berlin\/index.php\/schuelerschaft\/schuelerinnen-schreiben\/\" \/>\n<meta property=\"og:locale\" content=\"de_DE\" \/>\n<meta property=\"og:type\" content=\"article\" \/>\n<meta property=\"og:title\" content=\"Sch\u00fcler*innen schreiben - Goethe-Gymnasium Berlin-Wilmersdorf\" \/>\n<meta property=\"og:description\" content=\"Damit die Talente unserer Sch\u00fcler*innen nicht im Verborgenen bleiben, sollen hier in loser Folge schriftstellerische Produkte oder besondere Arbeiten aus Weiterlesen ...\" \/>\n<meta property=\"og:url\" content=\"https:\/\/goethe-gymnasium.berlin\/index.php\/schuelerschaft\/schuelerinnen-schreiben\/\" \/>\n<meta property=\"og:site_name\" content=\"Goethe-Gymnasium Berlin-Wilmersdorf\" \/>\n<meta property=\"article:publisher\" content=\"https:\/\/www.facebook.com\/pages\/Goethe-Gymnasium\/109376575754402\" \/>\n<meta property=\"article:modified_time\" content=\"2024-08-03T19:13:13+00:00\" \/>\n<meta property=\"og:image\" content=\"https:\/\/goethe-gymnasium.berlin\/wp-content\/uploads\/2019\/11\/scriptorium.jpg\" \/>\n\t<meta property=\"og:image:width\" content=\"1936\" \/>\n\t<meta property=\"og:image:height\" content=\"1296\" \/>\n\t<meta property=\"og:image:type\" content=\"image\/jpeg\" \/>\n<meta name=\"twitter:card\" content=\"summary_large_image\" \/>\n<meta name=\"twitter:label1\" content=\"Gesch\u00e4tzte Lesezeit\" \/>\n\t<meta name=\"twitter:data1\" content=\"2\u00a0Minuten\" \/>\n<script type=\"application\/ld+json\" class=\"yoast-schema-graph\">{\"@context\":\"https:\\\/\\\/schema.org\",\"@graph\":[{\"@type\":\"WebPage\",\"@id\":\"https:\\\/\\\/goethe-gymnasium.berlin\\\/index.php\\\/schuelerschaft\\\/schuelerinnen-schreiben\\\/\",\"url\":\"https:\\\/\\\/goethe-gymnasium.berlin\\\/index.php\\\/schuelerschaft\\\/schuelerinnen-schreiben\\\/\",\"name\":\"Sch\u00fcler*innen schreiben - Goethe-Gymnasium Berlin-Wilmersdorf\",\"isPartOf\":{\"@id\":\"https:\\\/\\\/goethe-gymnasium.berlin\\\/#website\"},\"primaryImageOfPage\":{\"@id\":\"https:\\\/\\\/goethe-gymnasium.berlin\\\/index.php\\\/schuelerschaft\\\/schuelerinnen-schreiben\\\/#primaryimage\"},\"image\":{\"@id\":\"https:\\\/\\\/goethe-gymnasium.berlin\\\/index.php\\\/schuelerschaft\\\/schuelerinnen-schreiben\\\/#primaryimage\"},\"thumbnailUrl\":\"https:\\\/\\\/goethe-gymnasium.berlin\\\/wp-content\\\/uploads\\\/2019\\\/11\\\/scriptorium.jpg\",\"datePublished\":\"2019-11-10T23:01:26+00:00\",\"dateModified\":\"2024-08-03T19:13:13+00:00\",\"breadcrumb\":{\"@id\":\"https:\\\/\\\/goethe-gymnasium.berlin\\\/index.php\\\/schuelerschaft\\\/schuelerinnen-schreiben\\\/#breadcrumb\"},\"inLanguage\":\"de\",\"potentialAction\":[{\"@type\":\"ReadAction\",\"target\":[\"https:\\\/\\\/goethe-gymnasium.berlin\\\/index.php\\\/schuelerschaft\\\/schuelerinnen-schreiben\\\/\"]}]},{\"@type\":\"ImageObject\",\"inLanguage\":\"de\",\"@id\":\"https:\\\/\\\/goethe-gymnasium.berlin\\\/index.php\\\/schuelerschaft\\\/schuelerinnen-schreiben\\\/#primaryimage\",\"url\":\"https:\\\/\\\/goethe-gymnasium.berlin\\\/wp-content\\\/uploads\\\/2019\\\/11\\\/scriptorium.jpg\",\"contentUrl\":\"https:\\\/\\\/goethe-gymnasium.berlin\\\/wp-content\\\/uploads\\\/2019\\\/11\\\/scriptorium.jpg\",\"width\":1936,\"height\":1296},{\"@type\":\"BreadcrumbList\",\"@id\":\"https:\\\/\\\/goethe-gymnasium.berlin\\\/index.php\\\/schuelerschaft\\\/schuelerinnen-schreiben\\\/#breadcrumb\",\"itemListElement\":[{\"@type\":\"ListItem\",\"position\":1,\"name\":\"Startseite\",\"item\":\"https:\\\/\\\/goethe-gymnasium.berlin\\\/\"},{\"@type\":\"ListItem\",\"position\":2,\"name\":\"Sch\u00fclerschaft\",\"item\":\"https:\\\/\\\/goethe-gymnasium.berlin\\\/index.php\\\/schuelerschaft\\\/\"},{\"@type\":\"ListItem\",\"position\":3,\"name\":\"Sch\u00fcler*innen schreiben\"}]},{\"@type\":\"WebSite\",\"@id\":\"https:\\\/\\\/goethe-gymnasium.berlin\\\/#website\",\"url\":\"https:\\\/\\\/goethe-gymnasium.berlin\\\/\",\"name\":\"Goethe-Gymnasium Berlin-Wilmersdorf\",\"description\":\"\",\"publisher\":{\"@id\":\"https:\\\/\\\/goethe-gymnasium.berlin\\\/#organization\"},\"potentialAction\":[{\"@type\":\"SearchAction\",\"target\":{\"@type\":\"EntryPoint\",\"urlTemplate\":\"https:\\\/\\\/goethe-gymnasium.berlin\\\/?s={search_term_string}\"},\"query-input\":{\"@type\":\"PropertyValueSpecification\",\"valueRequired\":true,\"valueName\":\"search_term_string\"}}],\"inLanguage\":\"de\"},{\"@type\":\"Organization\",\"@id\":\"https:\\\/\\\/goethe-gymnasium.berlin\\\/#organization\",\"name\":\"Goethe-Gymnasium Berlin-Wilmersdorf\",\"url\":\"https:\\\/\\\/goethe-gymnasium.berlin\\\/\",\"logo\":{\"@type\":\"ImageObject\",\"inLanguage\":\"de\",\"@id\":\"https:\\\/\\\/goethe-gymnasium.berlin\\\/#\\\/schema\\\/logo\\\/image\\\/\",\"url\":\"https:\\\/\\\/goethe-gymnasium.berlin\\\/wp-content\\\/uploads\\\/2018\\\/04\\\/goethe-logo_hoch.png\",\"contentUrl\":\"https:\\\/\\\/goethe-gymnasium.berlin\\\/wp-content\\\/uploads\\\/2018\\\/04\\\/goethe-logo_hoch.png\",\"width\":755,\"height\":514,\"caption\":\"Goethe-Gymnasium Berlin-Wilmersdorf\"},\"image\":{\"@id\":\"https:\\\/\\\/goethe-gymnasium.berlin\\\/#\\\/schema\\\/logo\\\/image\\\/\"},\"sameAs\":[\"https:\\\/\\\/www.facebook.com\\\/pages\\\/Goethe-Gymnasium\\\/109376575754402\",\"https:\\\/\\\/www.youtube.com\\\/channel\\\/UCMKuMVF9h_YkS3zmEp7SnzQ\"]}]}<\/script>\n<!-- \/ Yoast SEO plugin. -->","yoast_head_json":{"title":"Sch\u00fcler*innen schreiben - Goethe-Gymnasium Berlin-Wilmersdorf","robots":{"index":"index","follow":"follow","max-snippet":"max-snippet:-1","max-image-preview":"max-image-preview:large","max-video-preview":"max-video-preview:-1"},"canonical":"https:\/\/goethe-gymnasium.berlin\/index.php\/schuelerschaft\/schuelerinnen-schreiben\/","og_locale":"de_DE","og_type":"article","og_title":"Sch\u00fcler*innen schreiben - Goethe-Gymnasium Berlin-Wilmersdorf","og_description":"Damit die Talente unserer Sch\u00fcler*innen nicht im Verborgenen bleiben, sollen hier in loser Folge schriftstellerische Produkte oder besondere Arbeiten aus Weiterlesen ...","og_url":"https:\/\/goethe-gymnasium.berlin\/index.php\/schuelerschaft\/schuelerinnen-schreiben\/","og_site_name":"Goethe-Gymnasium Berlin-Wilmersdorf","article_publisher":"https:\/\/www.facebook.com\/pages\/Goethe-Gymnasium\/109376575754402","article_modified_time":"2024-08-03T19:13:13+00:00","og_image":[{"width":1936,"height":1296,"url":"https:\/\/goethe-gymnasium.berlin\/wp-content\/uploads\/2019\/11\/scriptorium.jpg","type":"image\/jpeg"}],"twitter_card":"summary_large_image","twitter_misc":{"Gesch\u00e4tzte Lesezeit":"2\u00a0Minuten"},"schema":{"@context":"https:\/\/schema.org","@graph":[{"@type":"WebPage","@id":"https:\/\/goethe-gymnasium.berlin\/index.php\/schuelerschaft\/schuelerinnen-schreiben\/","url":"https:\/\/goethe-gymnasium.berlin\/index.php\/schuelerschaft\/schuelerinnen-schreiben\/","name":"Sch\u00fcler*innen schreiben - Goethe-Gymnasium Berlin-Wilmersdorf","isPartOf":{"@id":"https:\/\/goethe-gymnasium.berlin\/#website"},"primaryImageOfPage":{"@id":"https:\/\/goethe-gymnasium.berlin\/index.php\/schuelerschaft\/schuelerinnen-schreiben\/#primaryimage"},"image":{"@id":"https:\/\/goethe-gymnasium.berlin\/index.php\/schuelerschaft\/schuelerinnen-schreiben\/#primaryimage"},"thumbnailUrl":"https:\/\/goethe-gymnasium.berlin\/wp-content\/uploads\/2019\/11\/scriptorium.jpg","datePublished":"2019-11-10T23:01:26+00:00","dateModified":"2024-08-03T19:13:13+00:00","breadcrumb":{"@id":"https:\/\/goethe-gymnasium.berlin\/index.php\/schuelerschaft\/schuelerinnen-schreiben\/#breadcrumb"},"inLanguage":"de","potentialAction":[{"@type":"ReadAction","target":["https:\/\/goethe-gymnasium.berlin\/index.php\/schuelerschaft\/schuelerinnen-schreiben\/"]}]},{"@type":"ImageObject","inLanguage":"de","@id":"https:\/\/goethe-gymnasium.berlin\/index.php\/schuelerschaft\/schuelerinnen-schreiben\/#primaryimage","url":"https:\/\/goethe-gymnasium.berlin\/wp-content\/uploads\/2019\/11\/scriptorium.jpg","contentUrl":"https:\/\/goethe-gymnasium.berlin\/wp-content\/uploads\/2019\/11\/scriptorium.jpg","width":1936,"height":1296},{"@type":"BreadcrumbList","@id":"https:\/\/goethe-gymnasium.berlin\/index.php\/schuelerschaft\/schuelerinnen-schreiben\/#breadcrumb","itemListElement":[{"@type":"ListItem","position":1,"name":"Startseite","item":"https:\/\/goethe-gymnasium.berlin\/"},{"@type":"ListItem","position":2,"name":"Sch\u00fclerschaft","item":"https:\/\/goethe-gymnasium.berlin\/index.php\/schuelerschaft\/"},{"@type":"ListItem","position":3,"name":"Sch\u00fcler*innen schreiben"}]},{"@type":"WebSite","@id":"https:\/\/goethe-gymnasium.berlin\/#website","url":"https:\/\/goethe-gymnasium.berlin\/","name":"Goethe-Gymnasium Berlin-Wilmersdorf","description":"","publisher":{"@id":"https:\/\/goethe-gymnasium.berlin\/#organization"},"potentialAction":[{"@type":"SearchAction","target":{"@type":"EntryPoint","urlTemplate":"https:\/\/goethe-gymnasium.berlin\/?s={search_term_string}"},"query-input":{"@type":"PropertyValueSpecification","valueRequired":true,"valueName":"search_term_string"}}],"inLanguage":"de"},{"@type":"Organization","@id":"https:\/\/goethe-gymnasium.berlin\/#organization","name":"Goethe-Gymnasium Berlin-Wilmersdorf","url":"https:\/\/goethe-gymnasium.berlin\/","logo":{"@type":"ImageObject","inLanguage":"de","@id":"https:\/\/goethe-gymnasium.berlin\/#\/schema\/logo\/image\/","url":"https:\/\/goethe-gymnasium.berlin\/wp-content\/uploads\/2018\/04\/goethe-logo_hoch.png","contentUrl":"https:\/\/goethe-gymnasium.berlin\/wp-content\/uploads\/2018\/04\/goethe-logo_hoch.png","width":755,"height":514,"caption":"Goethe-Gymnasium Berlin-Wilmersdorf"},"image":{"@id":"https:\/\/goethe-gymnasium.berlin\/#\/schema\/logo\/image\/"},"sameAs":["https:\/\/www.facebook.com\/pages\/Goethe-Gymnasium\/109376575754402","https:\/\/www.youtube.com\/channel\/UCMKuMVF9h_YkS3zmEp7SnzQ"]}]}},"_links":{"self":[{"href":"https:\/\/goethe-gymnasium.berlin\/index.php\/wp-json\/wp\/v2\/pages\/4811","targetHints":{"allow":["GET"]}}],"collection":[{"href":"https:\/\/goethe-gymnasium.berlin\/index.php\/wp-json\/wp\/v2\/pages"}],"about":[{"href":"https:\/\/goethe-gymnasium.berlin\/index.php\/wp-json\/wp\/v2\/types\/page"}],"author":[{"embeddable":true,"href":"https:\/\/goethe-gymnasium.berlin\/index.php\/wp-json\/wp\/v2\/users\/4"}],"replies":[{"embeddable":true,"href":"https:\/\/goethe-gymnasium.berlin\/index.php\/wp-json\/wp\/v2\/comments?post=4811"}],"version-history":[{"count":8,"href":"https:\/\/goethe-gymnasium.berlin\/index.php\/wp-json\/wp\/v2\/pages\/4811\/revisions"}],"predecessor-version":[{"id":12244,"href":"https:\/\/goethe-gymnasium.berlin\/index.php\/wp-json\/wp\/v2\/pages\/4811\/revisions\/12244"}],"up":[{"embeddable":true,"href":"https:\/\/goethe-gymnasium.berlin\/index.php\/wp-json\/wp\/v2\/pages\/219"}],"wp:featuredmedia":[{"embeddable":true,"href":"https:\/\/goethe-gymnasium.berlin\/index.php\/wp-json\/wp\/v2\/media\/4817"}],"wp:attachment":[{"href":"https:\/\/goethe-gymnasium.berlin\/index.php\/wp-json\/wp\/v2\/media?parent=4811"}],"wp:term":[{"taxonomy":"category","embeddable":true,"href":"https:\/\/goethe-gymnasium.berlin\/index.php\/wp-json\/wp\/v2\/categories?post=4811"},{"taxonomy":"post_tag","embeddable":true,"href":"https:\/\/goethe-gymnasium.berlin\/index.php\/wp-json\/wp\/v2\/tags?post=4811"}],"curies":[{"name":"wp","href":"https:\/\/api.w.org\/{rel}","templated":true}]}}