{"id":435,"date":"2018-04-25T17:08:52","date_gmt":"2018-04-25T17:08:52","guid":{"rendered":"http:\/\/goethe-gymnasium.berlin\/?page_id=435"},"modified":"2022-04-23T20:50:33","modified_gmt":"2022-04-23T18:50:33","slug":"aktuelles","status":"publish","type":"page","link":"https:\/\/goethe-gymnasium.berlin\/index.php\/aktuelles\/","title":{"rendered":"Aktuelles aus dem Schulleben"},"content":{"rendered":"\n<h4 class=\"wp-block-heading\">Von der Literatur-AG ins Litarische Quartett<\/h4>\n\n\n\n<p>Unser Sch\u00fcler Conrad Henzler (11. Jahrgang) diskutiert zum <strong>Welttag des Buches<\/strong> im ZDF \u00fcber Literatur. <a href=\"https:\/\/goethe-gymnasium.berlin\/index.php\/2022\/04\/23\/von-der-literatur-ag-ins-literarische-quartett\/\" target=\"_blank\" rel=\"noreferrer noopener\">Weiterlesen &#8230;<\/a><\/p>\n\n\n\n<h4 class=\"wp-block-heading\">Ohne Atomstrom zum Landessieg<\/h4>\n\n\n\n<p>Landessieger bei <strong>\u201eJugend debattiert 2022\u201c <\/strong>kommt vom Goethe-Gymnasium. <a href=\"https:\/\/goethe-gymnasium.berlin\/index.php\/2022\/03\/30\/ohne-atomstrom-zum-landessieg\/\" target=\"_blank\" rel=\"noreferrer noopener\">Weiterlesen &#8230;<\/a><\/p>\n\n\n\n<h4 class=\"wp-block-heading\">Stellungnahme der Sch\u00fclervertretung zum Krieg in der Ukraine<\/h4>\n\n\n\n<p>Der <strong>Krieg in der Ukraine<\/strong> besch\u00e4ftigt uns am Goethe-Gymnasium sehr. Wir als Schule vertreten demokratische Grundwerte wie Freiheit, Meinungsfreiheit und Menschenrechte.\u00a0Deshalb zeigen wir uns solidarisch mit allen Opfern dieses Krieges, unabh\u00e4ngig von Nationalit\u00e4t und Herkunft. <a href=\"https:\/\/goethe-gymnasium.berlin\/index.php\/2022\/03\/08\/stellungnahme-der-schuelervertretung-zum-krieg-in-der-ukraine\/\" target=\"_blank\" rel=\"noreferrer noopener\">Weiterlesen &#8230;<\/a><\/p>\n\n\n\n<h4 class=\"wp-block-heading\">Start zur Schulversch\u00f6nerung<\/h4>\n\n\n\n<p>Am <strong>Freitag, dem 12. Juni 2020, <\/strong>war es endlich soweit! Was die Corona-Pandemie zun\u00e4chst gar nicht zulie\u00df, konnte nun endlich beginnen: Der Start der praktischen Umsetzung unseres Schulhofprojektes! <a aria-label=\"undefined (opens in a new tab)\" href=\"https:\/\/goethe-gymnasium.berlin\/index.php\/2020\/06\/15\/start-zur-schulhofverschoenerung\/\" target=\"_blank\" rel=\"noreferrer noopener\">Weiterlesen &#8230;<\/a><\/p>\n\n\n\n<h4 class=\"wp-block-heading\">Der Anfang ist gemacht<\/h4>\n\n\n\n<p>Heute, am 20. April 2020 haben die <strong>schriftliche<\/strong>n <strong>Abiturpr\u00fcfungen<\/strong> begonnen: Alle Pr\u00fcflinge sind erschienen und k\u00f6nnen stolz darauf sein, die erste Leistungskursklausur in Latein bzw. Kunst in diesen schwierigen Zeiten gemeistert zu haben! Lesen Sie hierzu auch den Tagesspiegelartikel vom 21.04.2020: <a href=\"https:\/\/www.tagesspiegel.de\/berlin\/schule\/abitur-waehrend-der-coronapandemie-berliner-schuelerinnen-und-schueler-haben-erste-pruefung-hinter-sich\/25756990.html\" target=\"_blank\" rel=\"noreferrer noopener\">Berliner Sch\u00fclerinnen und Sch\u00fcler haben erste Pr\u00fcfung hinter sich<\/a>.<\/p>\n\n\n\n<h4 class=\"wp-block-heading\">Schulorganisation w\u00e4hrend der Corona-Pandemie<\/h4>\n\n\n\n<p>Im Folgenden finden Sie Informationen zum aktuellen Stand (13. M\u00e4rz 2020, 15.00 Uhr) der Schulorganisation:  Wegen der Corona-Pandemie wird die Schule auf Anordnung der Senatsschulverwaltung <strong>ab Dienstag, d. 17. M\u00e4rz 2020 <\/strong>bis zum Ende der Osterferien geschlossen. Aus diesem  Grund finden auch <strong>keine<\/strong> sonstigen <strong>Schulveranstaltungen<\/strong> statt. <a aria-label=\"Weiterlesen... (\u00f6ffnet in neuem Tab)\" href=\"http:\/\/goethe-gymnasium.berlin\/index.php\/2020\/03\/13\/schulorganisation-waehrend-der-corona-pandemie\/\" target=\"_blank\" rel=\"noreferrer noopener\">Weiterlesen &#8230;<\/a><\/p>\n\n\n\n<h4 class=\"wp-block-heading\">Henry-C.-Wallich-Preis des Goethe-Gymnasiums<\/h4>\n\n\n\n<p>Zum Abitur des Schuljahres 2018\/19 wird dank der Gro\u00dfz\u00fcgigkeit und des  besonderen Engagements von Frau Dr. Christine I. Wallich der <strong><em>Henry-C.-Wallich-Preis f\u00fcr die besten Leistungen in den Alten Sprachen<\/em><\/strong> wiederbelebt, den ihr Vater in den 1960er Jahren gestiftet hatte. Wir sind gespannt auf die ersten Preistr\u00e4ger*innen! <a aria-label=\"Weiterlesen... (\u00f6ffnet in neuem Tab)\" href=\"http:\/\/goethe-gymnasium.berlin\/index.php\/schule\/henry-c-wallich-preis\/\" target=\"_blank\" rel=\"noreferrer noopener\">Weiterlesen &#8230;<\/a>  <\/p>\n\n\n\n<h4 class=\"wp-block-heading\">Goethe-Gymnasium erh\u00e4lt Sch\u00fclerAustausch-Preis 2018 <\/h4>\n\n\n\n<p>Herr Dr. Eckstein, Vorsitzender des Vorstandes der Deutschen Stiftung V\u00f6lkerverst\u00e4ndigung, verlieh am 21. M\u00e4rz 2019 in der Schulaula im Rahmen einer Festveranstaltung dem Goethe-Gymnasium den Sch\u00fclerAustausch-Preis 2018.  <a aria-label=\"Weiterlesen... (\u00f6ffnet in neuem Tab)\" href=\"http:\/\/goethe-gymnasium.berlin\/index.php\/2019\/03\/23\/schueler-austausch-preis\/\" target=\"_blank\" rel=\"noreferrer noopener\">Weiterlesen &#8230;<\/a> <\/p>\n\n\n\n<h4 class=\"wp-block-heading\">Die United Bigband gewinnt den Jazzpreis des Deutschen Musikrates<\/h4>\n\n\n\n<p>Unsere <strong>United Big Bigband<\/strong> hat den Jazzpreis des Deutschen Musikrates gewonnen! Gro\u00dfartig! Dazu gratulieren wir herzlich! <a href=\"http:\/\/goethe-gymnasium.berlin\/index.php\/2018\/05\/17\/jazzpreis-des-deutschen-musikrates-gewonnen\/\">Weiterlesen &#8230;<\/a><\/p>\n\n\n\n<h4 class=\"wp-block-heading\">2000 Jahre Ovid &#8211; Metamorphose eines Dichters<\/h4>\n\n\n\n<p>Die Geschehnisse rund um unsere Projekttage anl\u00e4sslich des 2000. Todestags des r\u00f6mischen Dichters Ovid lassen sich in unserem <strong>Projektblog<\/strong>&nbsp;nachlesen (<em>jetzt auch mit Bildern<\/em>). <\/p>\n\n\n\n<h4 class=\"wp-block-heading\">Bildung 3D<\/h4>\n\n\n\n<p>\u00dcber den vielf\u00e4ltigen&nbsp;<strong>Nutzen der Alten Sprachen<\/strong>, die das Profil des Goethe-Gymnasiums pr\u00e4gen, hat der Fachbereich Alte Sprachen unter dem Titel&nbsp;<a href=\"http:\/\/goethe-gymnasium.berlin\/wp-content\/uploads\/2018\/11\/bildung3d.pdf\" target=\"_blank\" rel=\"noreferrer noopener\">Bildung in drei Dimensionen<\/a> einen Flyer herausgegeben, der \u00fcber die Lerninhalte der Alten Sprachen und deren Bedeutung f\u00fcr die heutige Zeit informieren soll.<\/p>\n\n\n\n<p>Zum Thema passt auch folgende \u00dcberlegung: In der Rubrik &#8222;Was macht die Welt? (WmdW) &#8211; Vier Fragen an <strong>Josef Joffe<\/strong>&#8220; im Berliner <strong>Tagesspiegel vom 19. Januar 2015<\/strong>, beantwortet der Herausgeber der ZEIT die Frage &#8222;<strong>Antike oder Aktienkurse: Was sollten unsere Sch\u00fcler heute lernen?&#8220;<\/strong> folgenderma\u00dfen:<\/p>\n\n\n\n<p>&#8222;<em>Die Antwort ist doch klar. Aktienkurse wechseln im Sekundentakt. Platon und Sophokles, \u00d6dipus und Herakles sind forever. Athen, Rom und Jerusalem sind die M\u00fctter der westlichen Zivilisation, und die sollte das Kind von heute &#8222;draufhaben&#8220;, um zu verstehen, wer wir sind und woher wir kommen. WmdW hat zehn Programmier-Sprachen und ebenso viele Betriebssysteme erlebt. Latein und Griechisch haben eine etwas l\u00e4ngere Halbwertzeit.<\/em>&#8222;<\/p>\n","protected":false},"excerpt":{"rendered":"<p>Von der Literatur-AG ins Litarische Quartett Unser Sch\u00fcler Conrad Henzler (11. Jahrgang) diskutiert zum Welttag des Buches im ZDF \u00fcber <a class=\"more-link\" href=\"https:\/\/goethe-gymnasium.berlin\/index.php\/aktuelles\/\">Weiterlesen &#8230;<\/a><\/p>\n","protected":false},"author":4,"featured_media":819,"parent":0,"menu_order":0,"comment_status":"closed","ping_status":"closed","template":"","meta":{"footnotes":""},"categories":[4],"tags":[],"class_list":["post-435","page","type-page","status-publish","has-post-thumbnail","hentry","category-schulleben"],"yoast_head":"<!-- This site is optimized with the Yoast SEO plugin v27.3 - https:\/\/yoast.com\/product\/yoast-seo-wordpress\/ -->\n<title>Aktuelles aus dem Schulleben - Goethe-Gymnasium Berlin-Wilmersdorf<\/title>\n<meta name=\"robots\" content=\"index, follow, max-snippet:-1, max-image-preview:large, max-video-preview:-1\" \/>\n<link rel=\"canonical\" href=\"https:\/\/goethe-gymnasium.berlin\/index.php\/aktuelles\/\" \/>\n<meta property=\"og:locale\" content=\"de_DE\" \/>\n<meta property=\"og:type\" content=\"article\" \/>\n<meta property=\"og:title\" content=\"Aktuelles aus dem Schulleben - Goethe-Gymnasium Berlin-Wilmersdorf\" \/>\n<meta property=\"og:description\" content=\"Von der Literatur-AG ins Litarische Quartett Unser Sch\u00fcler Conrad Henzler (11. Jahrgang) diskutiert zum Welttag des Buches im ZDF \u00fcber Weiterlesen ...\" \/>\n<meta property=\"og:url\" content=\"https:\/\/goethe-gymnasium.berlin\/index.php\/aktuelles\/\" \/>\n<meta property=\"og:site_name\" content=\"Goethe-Gymnasium Berlin-Wilmersdorf\" \/>\n<meta property=\"article:publisher\" content=\"https:\/\/www.facebook.com\/pages\/Goethe-Gymnasium\/109376575754402\" \/>\n<meta property=\"article:modified_time\" content=\"2022-04-23T18:50:33+00:00\" \/>\n<meta property=\"og:image\" content=\"https:\/\/goethe-gymnasium.berlin\/wp-content\/uploads\/2018\/06\/Aktuelles_Goethe2.jpg\" \/>\n\t<meta property=\"og:image:width\" content=\"1200\" \/>\n\t<meta property=\"og:image:height\" content=\"514\" \/>\n\t<meta property=\"og:image:type\" content=\"image\/jpeg\" \/>\n<meta name=\"twitter:card\" content=\"summary_large_image\" \/>\n<meta name=\"twitter:label1\" content=\"Gesch\u00e4tzte Lesezeit\" \/>\n\t<meta name=\"twitter:data1\" content=\"3\u00a0Minuten\" \/>\n<script type=\"application\/ld+json\" class=\"yoast-schema-graph\">{\"@context\":\"https:\\\/\\\/schema.org\",\"@graph\":[{\"@type\":\"WebPage\",\"@id\":\"https:\\\/\\\/goethe-gymnasium.berlin\\\/index.php\\\/aktuelles\\\/\",\"url\":\"https:\\\/\\\/goethe-gymnasium.berlin\\\/index.php\\\/aktuelles\\\/\",\"name\":\"Aktuelles aus dem Schulleben - Goethe-Gymnasium Berlin-Wilmersdorf\",\"isPartOf\":{\"@id\":\"https:\\\/\\\/goethe-gymnasium.berlin\\\/#website\"},\"primaryImageOfPage\":{\"@id\":\"https:\\\/\\\/goethe-gymnasium.berlin\\\/index.php\\\/aktuelles\\\/#primaryimage\"},\"image\":{\"@id\":\"https:\\\/\\\/goethe-gymnasium.berlin\\\/index.php\\\/aktuelles\\\/#primaryimage\"},\"thumbnailUrl\":\"https:\\\/\\\/goethe-gymnasium.berlin\\\/wp-content\\\/uploads\\\/2018\\\/06\\\/Aktuelles_Goethe2.jpg\",\"datePublished\":\"2018-04-25T17:08:52+00:00\",\"dateModified\":\"2022-04-23T18:50:33+00:00\",\"breadcrumb\":{\"@id\":\"https:\\\/\\\/goethe-gymnasium.berlin\\\/index.php\\\/aktuelles\\\/#breadcrumb\"},\"inLanguage\":\"de\",\"potentialAction\":[{\"@type\":\"ReadAction\",\"target\":[\"https:\\\/\\\/goethe-gymnasium.berlin\\\/index.php\\\/aktuelles\\\/\"]}]},{\"@type\":\"ImageObject\",\"inLanguage\":\"de\",\"@id\":\"https:\\\/\\\/goethe-gymnasium.berlin\\\/index.php\\\/aktuelles\\\/#primaryimage\",\"url\":\"https:\\\/\\\/goethe-gymnasium.berlin\\\/wp-content\\\/uploads\\\/2018\\\/06\\\/Aktuelles_Goethe2.jpg\",\"contentUrl\":\"https:\\\/\\\/goethe-gymnasium.berlin\\\/wp-content\\\/uploads\\\/2018\\\/06\\\/Aktuelles_Goethe2.jpg\",\"width\":1200,\"height\":514},{\"@type\":\"BreadcrumbList\",\"@id\":\"https:\\\/\\\/goethe-gymnasium.berlin\\\/index.php\\\/aktuelles\\\/#breadcrumb\",\"itemListElement\":[{\"@type\":\"ListItem\",\"position\":1,\"name\":\"Startseite\",\"item\":\"https:\\\/\\\/goethe-gymnasium.berlin\\\/\"},{\"@type\":\"ListItem\",\"position\":2,\"name\":\"Aktuelles aus dem Schulleben\"}]},{\"@type\":\"WebSite\",\"@id\":\"https:\\\/\\\/goethe-gymnasium.berlin\\\/#website\",\"url\":\"https:\\\/\\\/goethe-gymnasium.berlin\\\/\",\"name\":\"Goethe-Gymnasium Berlin-Wilmersdorf\",\"description\":\"\",\"publisher\":{\"@id\":\"https:\\\/\\\/goethe-gymnasium.berlin\\\/#organization\"},\"potentialAction\":[{\"@type\":\"SearchAction\",\"target\":{\"@type\":\"EntryPoint\",\"urlTemplate\":\"https:\\\/\\\/goethe-gymnasium.berlin\\\/?s={search_term_string}\"},\"query-input\":{\"@type\":\"PropertyValueSpecification\",\"valueRequired\":true,\"valueName\":\"search_term_string\"}}],\"inLanguage\":\"de\"},{\"@type\":\"Organization\",\"@id\":\"https:\\\/\\\/goethe-gymnasium.berlin\\\/#organization\",\"name\":\"Goethe-Gymnasium Berlin-Wilmersdorf\",\"url\":\"https:\\\/\\\/goethe-gymnasium.berlin\\\/\",\"logo\":{\"@type\":\"ImageObject\",\"inLanguage\":\"de\",\"@id\":\"https:\\\/\\\/goethe-gymnasium.berlin\\\/#\\\/schema\\\/logo\\\/image\\\/\",\"url\":\"https:\\\/\\\/goethe-gymnasium.berlin\\\/wp-content\\\/uploads\\\/2018\\\/04\\\/goethe-logo_hoch.png\",\"contentUrl\":\"https:\\\/\\\/goethe-gymnasium.berlin\\\/wp-content\\\/uploads\\\/2018\\\/04\\\/goethe-logo_hoch.png\",\"width\":755,\"height\":514,\"caption\":\"Goethe-Gymnasium Berlin-Wilmersdorf\"},\"image\":{\"@id\":\"https:\\\/\\\/goethe-gymnasium.berlin\\\/#\\\/schema\\\/logo\\\/image\\\/\"},\"sameAs\":[\"https:\\\/\\\/www.facebook.com\\\/pages\\\/Goethe-Gymnasium\\\/109376575754402\",\"https:\\\/\\\/www.youtube.com\\\/channel\\\/UCMKuMVF9h_YkS3zmEp7SnzQ\"]}]}<\/script>\n<!-- \/ Yoast SEO plugin. -->","yoast_head_json":{"title":"Aktuelles aus dem Schulleben - Goethe-Gymnasium Berlin-Wilmersdorf","robots":{"index":"index","follow":"follow","max-snippet":"max-snippet:-1","max-image-preview":"max-image-preview:large","max-video-preview":"max-video-preview:-1"},"canonical":"https:\/\/goethe-gymnasium.berlin\/index.php\/aktuelles\/","og_locale":"de_DE","og_type":"article","og_title":"Aktuelles aus dem Schulleben - Goethe-Gymnasium Berlin-Wilmersdorf","og_description":"Von der Literatur-AG ins Litarische Quartett Unser Sch\u00fcler Conrad Henzler (11. Jahrgang) diskutiert zum Welttag des Buches im ZDF \u00fcber Weiterlesen ...","og_url":"https:\/\/goethe-gymnasium.berlin\/index.php\/aktuelles\/","og_site_name":"Goethe-Gymnasium Berlin-Wilmersdorf","article_publisher":"https:\/\/www.facebook.com\/pages\/Goethe-Gymnasium\/109376575754402","article_modified_time":"2022-04-23T18:50:33+00:00","og_image":[{"width":1200,"height":514,"url":"https:\/\/goethe-gymnasium.berlin\/wp-content\/uploads\/2018\/06\/Aktuelles_Goethe2.jpg","type":"image\/jpeg"}],"twitter_card":"summary_large_image","twitter_misc":{"Gesch\u00e4tzte Lesezeit":"3\u00a0Minuten"},"schema":{"@context":"https:\/\/schema.org","@graph":[{"@type":"WebPage","@id":"https:\/\/goethe-gymnasium.berlin\/index.php\/aktuelles\/","url":"https:\/\/goethe-gymnasium.berlin\/index.php\/aktuelles\/","name":"Aktuelles aus dem Schulleben - Goethe-Gymnasium Berlin-Wilmersdorf","isPartOf":{"@id":"https:\/\/goethe-gymnasium.berlin\/#website"},"primaryImageOfPage":{"@id":"https:\/\/goethe-gymnasium.berlin\/index.php\/aktuelles\/#primaryimage"},"image":{"@id":"https:\/\/goethe-gymnasium.berlin\/index.php\/aktuelles\/#primaryimage"},"thumbnailUrl":"https:\/\/goethe-gymnasium.berlin\/wp-content\/uploads\/2018\/06\/Aktuelles_Goethe2.jpg","datePublished":"2018-04-25T17:08:52+00:00","dateModified":"2022-04-23T18:50:33+00:00","breadcrumb":{"@id":"https:\/\/goethe-gymnasium.berlin\/index.php\/aktuelles\/#breadcrumb"},"inLanguage":"de","potentialAction":[{"@type":"ReadAction","target":["https:\/\/goethe-gymnasium.berlin\/index.php\/aktuelles\/"]}]},{"@type":"ImageObject","inLanguage":"de","@id":"https:\/\/goethe-gymnasium.berlin\/index.php\/aktuelles\/#primaryimage","url":"https:\/\/goethe-gymnasium.berlin\/wp-content\/uploads\/2018\/06\/Aktuelles_Goethe2.jpg","contentUrl":"https:\/\/goethe-gymnasium.berlin\/wp-content\/uploads\/2018\/06\/Aktuelles_Goethe2.jpg","width":1200,"height":514},{"@type":"BreadcrumbList","@id":"https:\/\/goethe-gymnasium.berlin\/index.php\/aktuelles\/#breadcrumb","itemListElement":[{"@type":"ListItem","position":1,"name":"Startseite","item":"https:\/\/goethe-gymnasium.berlin\/"},{"@type":"ListItem","position":2,"name":"Aktuelles aus dem Schulleben"}]},{"@type":"WebSite","@id":"https:\/\/goethe-gymnasium.berlin\/#website","url":"https:\/\/goethe-gymnasium.berlin\/","name":"Goethe-Gymnasium Berlin-Wilmersdorf","description":"","publisher":{"@id":"https:\/\/goethe-gymnasium.berlin\/#organization"},"potentialAction":[{"@type":"SearchAction","target":{"@type":"EntryPoint","urlTemplate":"https:\/\/goethe-gymnasium.berlin\/?s={search_term_string}"},"query-input":{"@type":"PropertyValueSpecification","valueRequired":true,"valueName":"search_term_string"}}],"inLanguage":"de"},{"@type":"Organization","@id":"https:\/\/goethe-gymnasium.berlin\/#organization","name":"Goethe-Gymnasium Berlin-Wilmersdorf","url":"https:\/\/goethe-gymnasium.berlin\/","logo":{"@type":"ImageObject","inLanguage":"de","@id":"https:\/\/goethe-gymnasium.berlin\/#\/schema\/logo\/image\/","url":"https:\/\/goethe-gymnasium.berlin\/wp-content\/uploads\/2018\/04\/goethe-logo_hoch.png","contentUrl":"https:\/\/goethe-gymnasium.berlin\/wp-content\/uploads\/2018\/04\/goethe-logo_hoch.png","width":755,"height":514,"caption":"Goethe-Gymnasium Berlin-Wilmersdorf"},"image":{"@id":"https:\/\/goethe-gymnasium.berlin\/#\/schema\/logo\/image\/"},"sameAs":["https:\/\/www.facebook.com\/pages\/Goethe-Gymnasium\/109376575754402","https:\/\/www.youtube.com\/channel\/UCMKuMVF9h_YkS3zmEp7SnzQ"]}]}},"_links":{"self":[{"href":"https:\/\/goethe-gymnasium.berlin\/index.php\/wp-json\/wp\/v2\/pages\/435","targetHints":{"allow":["GET"]}}],"collection":[{"href":"https:\/\/goethe-gymnasium.berlin\/index.php\/wp-json\/wp\/v2\/pages"}],"about":[{"href":"https:\/\/goethe-gymnasium.berlin\/index.php\/wp-json\/wp\/v2\/types\/page"}],"author":[{"embeddable":true,"href":"https:\/\/goethe-gymnasium.berlin\/index.php\/wp-json\/wp\/v2\/users\/4"}],"replies":[{"embeddable":true,"href":"https:\/\/goethe-gymnasium.berlin\/index.php\/wp-json\/wp\/v2\/comments?post=435"}],"version-history":[{"count":40,"href":"https:\/\/goethe-gymnasium.berlin\/index.php\/wp-json\/wp\/v2\/pages\/435\/revisions"}],"predecessor-version":[{"id":8930,"href":"https:\/\/goethe-gymnasium.berlin\/index.php\/wp-json\/wp\/v2\/pages\/435\/revisions\/8930"}],"wp:featuredmedia":[{"embeddable":true,"href":"https:\/\/goethe-gymnasium.berlin\/index.php\/wp-json\/wp\/v2\/media\/819"}],"wp:attachment":[{"href":"https:\/\/goethe-gymnasium.berlin\/index.php\/wp-json\/wp\/v2\/media?parent=435"}],"wp:term":[{"taxonomy":"category","embeddable":true,"href":"https:\/\/goethe-gymnasium.berlin\/index.php\/wp-json\/wp\/v2\/categories?post=435"},{"taxonomy":"post_tag","embeddable":true,"href":"https:\/\/goethe-gymnasium.berlin\/index.php\/wp-json\/wp\/v2\/tags?post=435"}],"curies":[{"name":"wp","href":"https:\/\/api.w.org\/{rel}","templated":true}]}}