{"id":3645,"date":"2019-05-18T20:32:10","date_gmt":"2019-05-18T18:32:10","guid":{"rendered":"http:\/\/goethe-gymnasium.berlin\/?page_id=3645"},"modified":"2024-10-05T15:04:33","modified_gmt":"2024-10-05T13:04:33","slug":"henry-c-wallich-preis","status":"publish","type":"page","link":"https:\/\/goethe-gymnasium.berlin\/index.php\/schule\/henry-c-wallich-preis\/","title":{"rendered":"Henry-C.-Wallich-Preis"},"content":{"rendered":"\n<p>Zum Abitur des Schuljahres 2018\/19 wird dank der Gro\u00dfz\u00fcgigkeit und des besonderen Engagements von Frau Dr. Christine I. Wallich der <strong><em>Henry-C.-Wallich-Preis f\u00fcr die besten Leistungen in den Alten Sprachen<\/em><\/strong> wiederbelebt, den ihr Vater in den 1960er Jahren gestiftet hatte.<\/p>\n\n\n\n<h4 class=\"wp-block-heading\"><strong>Wer war Henry-C.-Wallich?<\/strong><\/h4>\n\n\n\n<div class=\"wp-block-image\"><figure class=\"aligncenter is-resized\"><a href=\"http:\/\/goethe-gymnasium.berlin\/wp-content\/uploads\/2019\/05\/Henry-Wallich.jpg\"><img loading=\"lazy\" decoding=\"async\" src=\"http:\/\/goethe-gymnasium.berlin\/wp-content\/uploads\/2019\/05\/Henry-Wallich.jpg\" alt=\"Henry C. Wallich\" class=\"wp-image-3657\" width=\"250\" height=\"342\" srcset=\"https:\/\/goethe-gymnasium.berlin\/wp-content\/uploads\/2019\/05\/Henry-Wallich.jpg 731w, https:\/\/goethe-gymnasium.berlin\/wp-content\/uploads\/2019\/05\/Henry-Wallich-219x300.jpg 219w\" sizes=\"auto, (max-width: 250px) 100vw, 250px\" \/><\/a><figcaption>Henry C. Wallich (Abitur 1931)<\/figcaption><\/figure><\/div>\n\n\n\n<p><strong>Dr. Henry Christopher (Hermann\nChristoph) Wallich<\/strong>, in Berlin geboren\n(1914-1988), war ein amerikanischer Geld- und W\u00e4hrungspolitiker, Professor und Zentralbankier.\nEr geh\u00f6rte er zu den\nentschiedensten Verfechtern einer auf Geldwertstabilit\u00e4t und Wachstum zielenden\nWirtschaftspolitik. Er wurde\nmit dem <em>Gro\u00dfen Verdienstkreuz<\/em> (1980)\nund dem <em>Gro\u00dfen Verdienstkreuz mit Stern <\/em>(1984)\nder Bundesrepublik Deutschland ausgezeichnet.\n\n\n\n<\/p>\n\n\n\n<p>Henry C. Wallich wurde in einer Berliner Bankiersfamilie geboren. Sein Gro\u00dfvater <a rel=\"noreferrer noopener\" aria-label=\"Hermann Wallich (\u00f6ffnet in neuem Tab)\" href=\"https:\/\/de.m.wikipedia.org\/wiki\/Hermann_Wallich\" target=\"_blank\">Hermann Wallich<\/a>&nbsp;war Mitglied des ersten Vorstandes der&nbsp;<a href=\"https:\/\/de.m.wikipedia.org\/wiki\/Deutsche_Bank\" target=\"_blank\" rel=\"noreferrer noopener\" aria-label=\"Deutschen Bank (\u00f6ffnet in neuem Tab)\">Deutschen Bank<\/a>; sein Vater Paul Wallich war auch im Berliner Bankenwesen aktiv. Das Familienhaus war die Villa Sch\u00f6ningen an der Glienicker Br\u00fccke in Potsdam, die 1843 vom preu\u00dfischen Architekten Persius gebaut worden war.<\/p>\n\n\n\n<p>Henry Wallich machte sein Abitur (1931) am humanistischen <strong><em>Bismarck-Gymnasium<\/em><\/strong> \u2013 dem heutigen <strong><em>Goethe-Gymnasium<\/em><\/strong> \u2013 und studierte danach Jura an der Universit\u00e4t M\u00fcnchen. Im Zuge der NS-Machtergreifung setzte er sein Studium an der <em>Oxford University<\/em> fort, musste dies jedoch fr\u00fchzeitig abbrechen, da ab 1933 sein Studium dort nicht mehr zu finanzieren war. Er verschaffte sich erst in S\u00fcdamerika (1933) und anschlie\u00dfend in den USA Besch\u00e4ftigung (1935), wo er seine akademische Ausbildung fortsetzen konnte und an der <em>Harvard University<\/em> promovierte (1944).<\/p>\n\n\n\n<p>Er bekam eine Professur an der Yale University (1951) und diente der amerikanischen Regierung u.a. als <em>US Treasury Assistant Secretary for International Affairs<\/em>, als Mitglied des <em>President\u2019s <a rel=\"noreferrer noopener\" aria-label=\" (\u00f6ffnet in neuem Tab)\" href=\"https:\/\/de.m.wikipedia.org\/wiki\/Council_of_Economic_Advisers\" target=\"_blank\">Council of Economic Advisers<\/a><\/em> (1958-61) sowie des Beirats der <em>US Arms Control and Disarmament Agency<\/em> (1972\/73). Bis zu seiner Ernennung als <em>Governor<\/em> des <em>Federal Reserve System <\/em>(1974), schrieb er auch regelm\u00e4\u00dfig Leitartikel f\u00fcr <em><a href=\"https:\/\/de.m.wikipedia.org\/wiki\/Newsweek\" target=\"_blank\" rel=\"noreferrer noopener\" aria-label=\"Newsweek (\u00f6ffnet in neuem Tab)\">Newsweek<\/a>, The Washington Post<\/em> und die <em>FAZ<\/em>.<\/p>\n\n\n\n<p>Dr. Henry Wallich reiste h\u00e4ufig nach Deutschland, um die Bundesbank zu beraten, Vortr\u00e4ge zu halten, sowie Familie, Freunde und Kollegen zu treffen. W\u00e4hrend seiner Forschungsjahre dort verfasste er mehrere B\u00fccher, u.a. <em>\u201eThe Mainsprings of the German Revival\u201c<\/em>, ein Standardwerk \u00fcber das deutsche&nbsp;<a href=\"https:\/\/de.m.wikipedia.org\/wiki\/Wirtschaftswunder\" target=\"_blank\" rel=\"noreferrer noopener\" aria-label=\" (\u00f6ffnet in neuem Tab)\">Wirtschaftswunder<\/a>,&nbsp;und <em>\u201eZwei Generationen im Deutschen Bankwesen\u201c.<\/em><\/p>\n\n\n\n<p>Auf Grund seiner Zuneigung zu seiner alten Heimat verbrachte die Familie mehrere Jahre in Deutschland, wodurch sich bei seinen Kindern ebenfalls starke Beziehungen zu Berlin und Deutschland entwickelten, die bis heute gepflegt werden.<\/p>\n\n\n\n<p>Dr. Wallich nahm regelm\u00e4\u00dfig an Bismarck-Gymnasium-Klassentreffen teil, und stiftete in den 1960er Jahren den <strong><em>\u201cHenry-C.-Wallich-Preis<\/em><\/strong><em> f\u00fcr die besten Leistungen in den Alten Sprachen\u201d<\/em> am<em> Goethe-Gymnasium.<\/em> Im Jahr 2019 stiftete seine Tochter Dr. Christine Wallich diesen Preis neu. <\/p>\n\n\n\n<h4 class=\"wp-block-heading\"><strong>Grundlagen der Vergabe des Preises<\/strong><\/h4>\n\n\n\n<p>Der Henry-C.-Wallich-Preis wird j\u00e4hrlich f\u00fcr herausragende Abiturleistungen in den Alten Sprachen im Rahmen der Abiturverleihung am Goethe-Gymnasium vergeben. Der Preis wird zwei- bzw. dreigeteilt: Eine Urkunde f\u00fcr besondere Leistungen im Fach <strong>Altgriechisch<\/strong>, eine f\u00fcr besondere Leistungen im Fach <strong>Latein<\/strong>. Sollte eine Sch\u00fclerin oder ein Sch\u00fcler eine herausragende <strong>schriftliche Lernleistung (BLL) mit altsprachlichem Schwerpunkt<\/strong> verfasst haben, kann diese Leistung gesondert geehrt werden.<\/p>\n\n\n\n<p>Die <strong>Vergabe des Preises<\/strong> erfolgt in Absprache zwischen dem Fachbereich Alte Sprachen, der Oberstufenkoordination und der Schulleitung. Verliehen werden kann der Preis an Sch\u00fclerinnen und Sch\u00fcler, die die F\u00e4cher Latein bzw. Altgriechisch in der gesamten Oberstufe belegt und eine schriftliche Abiturpr\u00fcfung im Rahmen eines Leistungs- oder ggf. eines Grundkurses  absolviert haben. <\/p>\n\n\n\n<h4 class=\"wp-block-heading\"><strong>Die Preistr\u00e4ger*innen<\/strong><\/h4>\n\n\n\n\n<table id=\"tablepress-16\" class=\"tablepress tablepress-id-16\">\n<thead>\n<tr class=\"row-1\">\n\t<th class=\"column-1\">Jahrgang<\/th><th class=\"column-2\">Altgriechisch \/ Latein<\/th><th class=\"column-3\">Facharbeit \/ Pr\u00e4sentation<\/th>\n<\/tr>\n<\/thead>\n<tbody class=\"row-striping row-hover\">\n<tr class=\"row-2\">\n\t<td class=\"column-1\">2019<\/td><td class=\"column-2\">Antonia Buljan<br \/>\nf\u00fcr hervorragende Leistungen in den Klausuren der beiden altsprachlichen Leistungskurse<\/td><td class=\"column-3\">Tabea Seidenkranz<br \/>\nf\u00fcr ihre Facharbeit mit dem Thema \u201eSenecas \u201aThyestes\u2018 \u2013 Inwiefern spiegelt sich Senecas Philosophie in seinem Drama wieder?\u201c<\/td>\n<\/tr>\n<tr class=\"row-3\">\n\t<td class=\"column-1\">2020<\/td><td class=\"column-2\">Jakob R\u00f6hling<br \/>\nf\u00fcr hervorragende Leistungen im Fach Latein<\/td><td class=\"column-3\">----------------------<\/td>\n<\/tr>\n<tr class=\"row-4\">\n\t<td class=\"column-1\">2021<\/td><td class=\"column-2\">Sila Yildirim<br \/>\nf\u00fcr hervorragende Leistungen in den Klausuren der beiden altsprachlichen Leistungskurse<\/td><td class=\"column-3\">Leander Gau\u00df<br \/>\nf\u00fcr seine Pr\u00e4sentation zum Thema \u201eTod des Sokrates \u2013 Jacques-Louis David im Vergleich mit Johann Gr\u00fctzke: Wie sind die Eigenheiten und Unterschiede ihrer Darstellungen von Sokrates\u2018 Tod zu erkl\u00e4ren?\u201c<\/td>\n<\/tr>\n<tr class=\"row-5\">\n\t<td class=\"column-1\">2022<\/td><td class=\"column-2\">Edward Westphal<br \/>\nf\u00fcr hervorragende Leistungen in den Abiturklausuren beider alter Sprachen<\/td><td class=\"column-3\">----------------------<\/td>\n<\/tr>\n<tr class=\"row-6\">\n\t<td class=\"column-1\">2023<\/td><td class=\"column-2\">Elinor Alda<br \/>\nf\u00fcr hervorragende Leistungen in den Klausuren der beiden altsprachlichen Leistungskurse<\/td><td class=\"column-3\">----------------------<\/td>\n<\/tr>\n<tr class=\"row-7\">\n\t<td class=\"column-1\">2024<\/td><td class=\"column-2\">Kilian Scheffold<br \/>\nf\u00fcr ausgezeichnete Leistungen in den Klausuren der beiden altsprachlichen Leistungskurse<\/td><td class=\"column-3\">----------------------<\/td>\n<\/tr>\n<\/tbody>\n<\/table>\n<!-- #tablepress-16 from cache -->\n\n\n\n\n\n<p class=\"has-text-align-right\"><em>Text: Dr. Christine I. Wallich (Biographie),<br> FB Alte Sprachen (Grundlagen der Vergabe) (Schuljahr 2018\/19)<br>Foto: Dr. Christine I. Wallich (Schuljahr 2018\/19)<\/em><\/p>\n","protected":false},"excerpt":{"rendered":"<p>Zum Abitur des Schuljahres 2018\/19 wird dank der Gro\u00dfz\u00fcgigkeit und des besonderen Engagements von Frau Dr. Christine I. Wallich der <a class=\"more-link\" href=\"https:\/\/goethe-gymnasium.berlin\/index.php\/schule\/henry-c-wallich-preis\/\">Weiterlesen &#8230;<\/a><\/p>\n","protected":false},"author":4,"featured_media":0,"parent":18,"menu_order":0,"comment_status":"closed","ping_status":"closed","template":"","meta":{"footnotes":""},"categories":[257,136,4],"tags":[184,185],"class_list":["post-3645","page","type-page","status-publish","hentry","category-begabungsfoerderung","category-ehemalige","category-schulleben","tag-henry-c-wallich","tag-henry-c-wallich-preis"],"yoast_head":"<!-- This site is optimized with the Yoast SEO plugin v27.4 - https:\/\/yoast.com\/product\/yoast-seo-wordpress\/ -->\n<title>Henry-C.-Wallich-Preis - Goethe-Gymnasium Berlin-Wilmersdorf<\/title>\n<meta name=\"robots\" content=\"index, follow, max-snippet:-1, max-image-preview:large, max-video-preview:-1\" \/>\n<link rel=\"canonical\" href=\"https:\/\/goethe-gymnasium.berlin\/index.php\/schule\/henry-c-wallich-preis\/\" \/>\n<meta property=\"og:locale\" content=\"de_DE\" \/>\n<meta property=\"og:type\" content=\"article\" \/>\n<meta property=\"og:title\" content=\"Henry-C.-Wallich-Preis - Goethe-Gymnasium Berlin-Wilmersdorf\" \/>\n<meta property=\"og:description\" content=\"Zum Abitur des Schuljahres 2018\/19 wird dank der Gro\u00dfz\u00fcgigkeit und des besonderen Engagements von Frau Dr. Christine I. Wallich der Weiterlesen ...\" \/>\n<meta property=\"og:url\" content=\"https:\/\/goethe-gymnasium.berlin\/index.php\/schule\/henry-c-wallich-preis\/\" \/>\n<meta property=\"og:site_name\" content=\"Goethe-Gymnasium Berlin-Wilmersdorf\" \/>\n<meta property=\"article:publisher\" content=\"https:\/\/www.facebook.com\/pages\/Goethe-Gymnasium\/109376575754402\" \/>\n<meta property=\"article:modified_time\" content=\"2024-10-05T13:04:33+00:00\" \/>\n<meta property=\"og:image\" content=\"http:\/\/goethe-gymnasium.berlin\/wp-content\/uploads\/2019\/05\/Henry-Wallich.jpg\" \/>\n<meta name=\"twitter:card\" content=\"summary_large_image\" \/>\n<meta name=\"twitter:label1\" content=\"Gesch\u00e4tzte Lesezeit\" \/>\n\t<meta name=\"twitter:data1\" content=\"4\u00a0Minuten\" \/>\n<script type=\"application\/ld+json\" class=\"yoast-schema-graph\">{\"@context\":\"https:\\\/\\\/schema.org\",\"@graph\":[{\"@type\":\"WebPage\",\"@id\":\"https:\\\/\\\/goethe-gymnasium.berlin\\\/index.php\\\/schule\\\/henry-c-wallich-preis\\\/\",\"url\":\"https:\\\/\\\/goethe-gymnasium.berlin\\\/index.php\\\/schule\\\/henry-c-wallich-preis\\\/\",\"name\":\"Henry-C.-Wallich-Preis - Goethe-Gymnasium Berlin-Wilmersdorf\",\"isPartOf\":{\"@id\":\"https:\\\/\\\/goethe-gymnasium.berlin\\\/#website\"},\"primaryImageOfPage\":{\"@id\":\"https:\\\/\\\/goethe-gymnasium.berlin\\\/index.php\\\/schule\\\/henry-c-wallich-preis\\\/#primaryimage\"},\"image\":{\"@id\":\"https:\\\/\\\/goethe-gymnasium.berlin\\\/index.php\\\/schule\\\/henry-c-wallich-preis\\\/#primaryimage\"},\"thumbnailUrl\":\"http:\\\/\\\/goethe-gymnasium.berlin\\\/wp-content\\\/uploads\\\/2019\\\/05\\\/Henry-Wallich.jpg\",\"datePublished\":\"2019-05-18T18:32:10+00:00\",\"dateModified\":\"2024-10-05T13:04:33+00:00\",\"breadcrumb\":{\"@id\":\"https:\\\/\\\/goethe-gymnasium.berlin\\\/index.php\\\/schule\\\/henry-c-wallich-preis\\\/#breadcrumb\"},\"inLanguage\":\"de\",\"potentialAction\":[{\"@type\":\"ReadAction\",\"target\":[\"https:\\\/\\\/goethe-gymnasium.berlin\\\/index.php\\\/schule\\\/henry-c-wallich-preis\\\/\"]}]},{\"@type\":\"ImageObject\",\"inLanguage\":\"de\",\"@id\":\"https:\\\/\\\/goethe-gymnasium.berlin\\\/index.php\\\/schule\\\/henry-c-wallich-preis\\\/#primaryimage\",\"url\":\"http:\\\/\\\/goethe-gymnasium.berlin\\\/wp-content\\\/uploads\\\/2019\\\/05\\\/Henry-Wallich.jpg\",\"contentUrl\":\"http:\\\/\\\/goethe-gymnasium.berlin\\\/wp-content\\\/uploads\\\/2019\\\/05\\\/Henry-Wallich.jpg\"},{\"@type\":\"BreadcrumbList\",\"@id\":\"https:\\\/\\\/goethe-gymnasium.berlin\\\/index.php\\\/schule\\\/henry-c-wallich-preis\\\/#breadcrumb\",\"itemListElement\":[{\"@type\":\"ListItem\",\"position\":1,\"name\":\"Startseite\",\"item\":\"https:\\\/\\\/goethe-gymnasium.berlin\\\/\"},{\"@type\":\"ListItem\",\"position\":2,\"name\":\"Schule\",\"item\":\"https:\\\/\\\/goethe-gymnasium.berlin\\\/index.php\\\/schule\\\/\"},{\"@type\":\"ListItem\",\"position\":3,\"name\":\"Henry-C.-Wallich-Preis\"}]},{\"@type\":\"WebSite\",\"@id\":\"https:\\\/\\\/goethe-gymnasium.berlin\\\/#website\",\"url\":\"https:\\\/\\\/goethe-gymnasium.berlin\\\/\",\"name\":\"Goethe-Gymnasium Berlin-Wilmersdorf\",\"description\":\"\",\"publisher\":{\"@id\":\"https:\\\/\\\/goethe-gymnasium.berlin\\\/#organization\"},\"potentialAction\":[{\"@type\":\"SearchAction\",\"target\":{\"@type\":\"EntryPoint\",\"urlTemplate\":\"https:\\\/\\\/goethe-gymnasium.berlin\\\/?s={search_term_string}\"},\"query-input\":{\"@type\":\"PropertyValueSpecification\",\"valueRequired\":true,\"valueName\":\"search_term_string\"}}],\"inLanguage\":\"de\"},{\"@type\":\"Organization\",\"@id\":\"https:\\\/\\\/goethe-gymnasium.berlin\\\/#organization\",\"name\":\"Goethe-Gymnasium Berlin-Wilmersdorf\",\"url\":\"https:\\\/\\\/goethe-gymnasium.berlin\\\/\",\"logo\":{\"@type\":\"ImageObject\",\"inLanguage\":\"de\",\"@id\":\"https:\\\/\\\/goethe-gymnasium.berlin\\\/#\\\/schema\\\/logo\\\/image\\\/\",\"url\":\"https:\\\/\\\/goethe-gymnasium.berlin\\\/wp-content\\\/uploads\\\/2018\\\/04\\\/goethe-logo_hoch.png\",\"contentUrl\":\"https:\\\/\\\/goethe-gymnasium.berlin\\\/wp-content\\\/uploads\\\/2018\\\/04\\\/goethe-logo_hoch.png\",\"width\":755,\"height\":514,\"caption\":\"Goethe-Gymnasium Berlin-Wilmersdorf\"},\"image\":{\"@id\":\"https:\\\/\\\/goethe-gymnasium.berlin\\\/#\\\/schema\\\/logo\\\/image\\\/\"},\"sameAs\":[\"https:\\\/\\\/www.facebook.com\\\/pages\\\/Goethe-Gymnasium\\\/109376575754402\",\"https:\\\/\\\/www.youtube.com\\\/channel\\\/UCMKuMVF9h_YkS3zmEp7SnzQ\"]}]}<\/script>\n<!-- \/ Yoast SEO plugin. -->","yoast_head_json":{"title":"Henry-C.-Wallich-Preis - Goethe-Gymnasium Berlin-Wilmersdorf","robots":{"index":"index","follow":"follow","max-snippet":"max-snippet:-1","max-image-preview":"max-image-preview:large","max-video-preview":"max-video-preview:-1"},"canonical":"https:\/\/goethe-gymnasium.berlin\/index.php\/schule\/henry-c-wallich-preis\/","og_locale":"de_DE","og_type":"article","og_title":"Henry-C.-Wallich-Preis - Goethe-Gymnasium Berlin-Wilmersdorf","og_description":"Zum Abitur des Schuljahres 2018\/19 wird dank der Gro\u00dfz\u00fcgigkeit und des besonderen Engagements von Frau Dr. Christine I. Wallich der Weiterlesen ...","og_url":"https:\/\/goethe-gymnasium.berlin\/index.php\/schule\/henry-c-wallich-preis\/","og_site_name":"Goethe-Gymnasium Berlin-Wilmersdorf","article_publisher":"https:\/\/www.facebook.com\/pages\/Goethe-Gymnasium\/109376575754402","article_modified_time":"2024-10-05T13:04:33+00:00","og_image":[{"url":"http:\/\/goethe-gymnasium.berlin\/wp-content\/uploads\/2019\/05\/Henry-Wallich.jpg","type":"","width":"","height":""}],"twitter_card":"summary_large_image","twitter_misc":{"Gesch\u00e4tzte Lesezeit":"4\u00a0Minuten"},"schema":{"@context":"https:\/\/schema.org","@graph":[{"@type":"WebPage","@id":"https:\/\/goethe-gymnasium.berlin\/index.php\/schule\/henry-c-wallich-preis\/","url":"https:\/\/goethe-gymnasium.berlin\/index.php\/schule\/henry-c-wallich-preis\/","name":"Henry-C.-Wallich-Preis - Goethe-Gymnasium Berlin-Wilmersdorf","isPartOf":{"@id":"https:\/\/goethe-gymnasium.berlin\/#website"},"primaryImageOfPage":{"@id":"https:\/\/goethe-gymnasium.berlin\/index.php\/schule\/henry-c-wallich-preis\/#primaryimage"},"image":{"@id":"https:\/\/goethe-gymnasium.berlin\/index.php\/schule\/henry-c-wallich-preis\/#primaryimage"},"thumbnailUrl":"http:\/\/goethe-gymnasium.berlin\/wp-content\/uploads\/2019\/05\/Henry-Wallich.jpg","datePublished":"2019-05-18T18:32:10+00:00","dateModified":"2024-10-05T13:04:33+00:00","breadcrumb":{"@id":"https:\/\/goethe-gymnasium.berlin\/index.php\/schule\/henry-c-wallich-preis\/#breadcrumb"},"inLanguage":"de","potentialAction":[{"@type":"ReadAction","target":["https:\/\/goethe-gymnasium.berlin\/index.php\/schule\/henry-c-wallich-preis\/"]}]},{"@type":"ImageObject","inLanguage":"de","@id":"https:\/\/goethe-gymnasium.berlin\/index.php\/schule\/henry-c-wallich-preis\/#primaryimage","url":"http:\/\/goethe-gymnasium.berlin\/wp-content\/uploads\/2019\/05\/Henry-Wallich.jpg","contentUrl":"http:\/\/goethe-gymnasium.berlin\/wp-content\/uploads\/2019\/05\/Henry-Wallich.jpg"},{"@type":"BreadcrumbList","@id":"https:\/\/goethe-gymnasium.berlin\/index.php\/schule\/henry-c-wallich-preis\/#breadcrumb","itemListElement":[{"@type":"ListItem","position":1,"name":"Startseite","item":"https:\/\/goethe-gymnasium.berlin\/"},{"@type":"ListItem","position":2,"name":"Schule","item":"https:\/\/goethe-gymnasium.berlin\/index.php\/schule\/"},{"@type":"ListItem","position":3,"name":"Henry-C.-Wallich-Preis"}]},{"@type":"WebSite","@id":"https:\/\/goethe-gymnasium.berlin\/#website","url":"https:\/\/goethe-gymnasium.berlin\/","name":"Goethe-Gymnasium Berlin-Wilmersdorf","description":"","publisher":{"@id":"https:\/\/goethe-gymnasium.berlin\/#organization"},"potentialAction":[{"@type":"SearchAction","target":{"@type":"EntryPoint","urlTemplate":"https:\/\/goethe-gymnasium.berlin\/?s={search_term_string}"},"query-input":{"@type":"PropertyValueSpecification","valueRequired":true,"valueName":"search_term_string"}}],"inLanguage":"de"},{"@type":"Organization","@id":"https:\/\/goethe-gymnasium.berlin\/#organization","name":"Goethe-Gymnasium Berlin-Wilmersdorf","url":"https:\/\/goethe-gymnasium.berlin\/","logo":{"@type":"ImageObject","inLanguage":"de","@id":"https:\/\/goethe-gymnasium.berlin\/#\/schema\/logo\/image\/","url":"https:\/\/goethe-gymnasium.berlin\/wp-content\/uploads\/2018\/04\/goethe-logo_hoch.png","contentUrl":"https:\/\/goethe-gymnasium.berlin\/wp-content\/uploads\/2018\/04\/goethe-logo_hoch.png","width":755,"height":514,"caption":"Goethe-Gymnasium Berlin-Wilmersdorf"},"image":{"@id":"https:\/\/goethe-gymnasium.berlin\/#\/schema\/logo\/image\/"},"sameAs":["https:\/\/www.facebook.com\/pages\/Goethe-Gymnasium\/109376575754402","https:\/\/www.youtube.com\/channel\/UCMKuMVF9h_YkS3zmEp7SnzQ"]}]}},"_links":{"self":[{"href":"https:\/\/goethe-gymnasium.berlin\/index.php\/wp-json\/wp\/v2\/pages\/3645","targetHints":{"allow":["GET"]}}],"collection":[{"href":"https:\/\/goethe-gymnasium.berlin\/index.php\/wp-json\/wp\/v2\/pages"}],"about":[{"href":"https:\/\/goethe-gymnasium.berlin\/index.php\/wp-json\/wp\/v2\/types\/page"}],"author":[{"embeddable":true,"href":"https:\/\/goethe-gymnasium.berlin\/index.php\/wp-json\/wp\/v2\/users\/4"}],"replies":[{"embeddable":true,"href":"https:\/\/goethe-gymnasium.berlin\/index.php\/wp-json\/wp\/v2\/comments?post=3645"}],"version-history":[{"count":20,"href":"https:\/\/goethe-gymnasium.berlin\/index.php\/wp-json\/wp\/v2\/pages\/3645\/revisions"}],"predecessor-version":[{"id":6007,"href":"https:\/\/goethe-gymnasium.berlin\/index.php\/wp-json\/wp\/v2\/pages\/3645\/revisions\/6007"}],"up":[{"embeddable":true,"href":"https:\/\/goethe-gymnasium.berlin\/index.php\/wp-json\/wp\/v2\/pages\/18"}],"wp:attachment":[{"href":"https:\/\/goethe-gymnasium.berlin\/index.php\/wp-json\/wp\/v2\/media?parent=3645"}],"wp:term":[{"taxonomy":"category","embeddable":true,"href":"https:\/\/goethe-gymnasium.berlin\/index.php\/wp-json\/wp\/v2\/categories?post=3645"},{"taxonomy":"post_tag","embeddable":true,"href":"https:\/\/goethe-gymnasium.berlin\/index.php\/wp-json\/wp\/v2\/tags?post=3645"}],"curies":[{"name":"wp","href":"https:\/\/api.w.org\/{rel}","templated":true}]}}