{"id":3249,"date":"2019-03-18T20:05:15","date_gmt":"2019-03-18T19:05:15","guid":{"rendered":"http:\/\/goethe-gymnasium.berlin\/?page_id=3249"},"modified":"2025-03-01T22:18:04","modified_gmt":"2025-03-01T21:18:04","slug":"orchestermusik","status":"publish","type":"page","link":"https:\/\/goethe-gymnasium.berlin\/index.php\/musische-faecher\/musik\/orchestermusik\/","title":{"rendered":"Orchestermusik am Goethe-Gymnasium"},"content":{"rendered":"\n<p>Das Orchester ist eines von mehreren musikalischen Ensembles am Goethe-Gymnasium. Es steht allen Sch\u00fcler:innen, die ein Orchesterinstrument spielen, offen. In ihm treffen sich Kinder und Jugendliche aller Jahrgangsstufen. Die Teilnahme ist kostenfrei.<\/p>\n\n\n\n<p>Das Orchester ist eine Gemeinschaft, in der jedes Mitglied seinen Wert hat und zum Gesamtergebnis beitr\u00e4gt. Die j\u00fcngeren Sch\u00fcler:innen wachsen in das Orchester hinein und profitieren von den Erfahrungen der \u00e4lteren Musizierenden. Auch Anf\u00e4nger:innen auf ihrem Instrument k\u00f6nnen dem Orchester beitreten. Sie spielen dann Stimmen entsprechend ihren F\u00e4higkeiten, damit sie schon fr\u00fch an das Ensemble-Spiel herangef\u00fchrt werden. Das Miteinander im Orchester st\u00e4rkt die Gemeinschaft, motiviert f\u00fcr das \u00dcben auf dem eigenen Instrument und erweitert die Kenntnis \u00fcber andere Instrumente.<\/p>\n\n\n\n<p>In den w\u00f6chentlichen Proben werden Werke f\u00fcr das Weihnachts- und das Sommerkonzert erarbeitet. Es finden sowohl Gesamtproben als auch Registerproben statt. Dabei wird jeweils auf die aktuelle Notwendigkeit geachtet. In Vorbereitung auf die Konzerte finden auch Wochenendproben statt.<\/p>\n\n\n\n<p>Im Vordergrund der Orchesterarbeit stehen das gemeinsame Musizieren und die Freude an der Musik. Auf dem Programm stehen Werke unterschiedlicher Epochen und Genres.<\/p>\n\n\n\n<h4 class=\"wp-block-heading\"><strong>Anmeldung<\/strong><\/h4>\n\n\n\n<p>Die Anmeldung zur AG Orchester erfolgt \u00fcber das <a href=\"https:\/\/goethe-gymnasium.berlin\/wp-content\/uploads\/2025\/02\/Anmeldung-Foerderunterricht-AG.pdf\" target=\"_blank\" rel=\"noreferrer noopener\">AG-Anmeldeformular<\/a> und ist beim Orchesterleiter Herrn Schmitz abzugeben.<\/p>\n\n\n\n<p>Neue Mitglieder sind jederzeit herzlich willkommen. Wir freuen uns auf euch!<\/p>\n\n\n\n<p class=\"has-text-align-right\"><em>Text: Herr Schmitz (Schuljahr 2024\/25)<\/em><\/p>\n","protected":false},"excerpt":{"rendered":"<p>Das Orchester ist eines von mehreren musikalischen Ensembles am Goethe-Gymnasium. Es steht allen Sch\u00fcler:innen, die ein Orchesterinstrument spielen, offen. In <a class=\"more-link\" href=\"https:\/\/goethe-gymnasium.berlin\/index.php\/musische-faecher\/musik\/orchestermusik\/\">Weiterlesen &#8230;<\/a><\/p>\n","protected":false},"author":5,"featured_media":3289,"parent":177,"menu_order":0,"comment_status":"closed","ping_status":"closed","template":"","meta":{"footnotes":""},"categories":[15,4,12],"tags":[53,55,103,111],"class_list":["post-3249","page","type-page","status-publish","has-post-thumbnail","hentry","category-musik","category-schulleben","category-veranstaltungen","tag-ag","tag-ag-angebot","tag-konzerte","tag-orchester"],"yoast_head":"<!-- This site is optimized with the Yoast SEO plugin v27.3 - https:\/\/yoast.com\/product\/yoast-seo-wordpress\/ -->\n<title>Orchestermusik am Goethe-Gymnasium - Goethe-Gymnasium Berlin-Wilmersdorf<\/title>\n<meta name=\"robots\" content=\"index, follow, max-snippet:-1, max-image-preview:large, max-video-preview:-1\" \/>\n<link rel=\"canonical\" href=\"https:\/\/goethe-gymnasium.berlin\/index.php\/musische-faecher\/musik\/orchestermusik\/\" \/>\n<meta property=\"og:locale\" content=\"de_DE\" \/>\n<meta property=\"og:type\" content=\"article\" \/>\n<meta property=\"og:title\" content=\"Orchestermusik am Goethe-Gymnasium - Goethe-Gymnasium Berlin-Wilmersdorf\" \/>\n<meta property=\"og:description\" content=\"Das Orchester ist eines von mehreren musikalischen Ensembles am Goethe-Gymnasium. Es steht allen Sch\u00fcler:innen, die ein Orchesterinstrument spielen, offen. In Weiterlesen ...\" \/>\n<meta property=\"og:url\" content=\"https:\/\/goethe-gymnasium.berlin\/index.php\/musische-faecher\/musik\/orchestermusik\/\" \/>\n<meta property=\"og:site_name\" content=\"Goethe-Gymnasium Berlin-Wilmersdorf\" \/>\n<meta property=\"article:publisher\" content=\"https:\/\/www.facebook.com\/pages\/Goethe-Gymnasium\/109376575754402\" \/>\n<meta property=\"article:modified_time\" content=\"2025-03-01T21:18:04+00:00\" \/>\n<meta property=\"og:image\" content=\"https:\/\/goethe-gymnasium.berlin\/wp-content\/uploads\/2019\/03\/Goethe-Gymnasium_089.jpg\" \/>\n\t<meta property=\"og:image:width\" content=\"2000\" \/>\n\t<meta property=\"og:image:height\" content=\"1333\" \/>\n\t<meta property=\"og:image:type\" content=\"image\/jpeg\" \/>\n<meta name=\"twitter:card\" content=\"summary_large_image\" \/>\n<meta name=\"twitter:label1\" content=\"Gesch\u00e4tzte Lesezeit\" \/>\n\t<meta name=\"twitter:data1\" content=\"2\u00a0Minuten\" \/>\n<script type=\"application\/ld+json\" class=\"yoast-schema-graph\">{\"@context\":\"https:\\\/\\\/schema.org\",\"@graph\":[{\"@type\":\"WebPage\",\"@id\":\"https:\\\/\\\/goethe-gymnasium.berlin\\\/index.php\\\/musische-faecher\\\/musik\\\/orchestermusik\\\/\",\"url\":\"https:\\\/\\\/goethe-gymnasium.berlin\\\/index.php\\\/musische-faecher\\\/musik\\\/orchestermusik\\\/\",\"name\":\"Orchestermusik am Goethe-Gymnasium - Goethe-Gymnasium Berlin-Wilmersdorf\",\"isPartOf\":{\"@id\":\"https:\\\/\\\/goethe-gymnasium.berlin\\\/#website\"},\"primaryImageOfPage\":{\"@id\":\"https:\\\/\\\/goethe-gymnasium.berlin\\\/index.php\\\/musische-faecher\\\/musik\\\/orchestermusik\\\/#primaryimage\"},\"image\":{\"@id\":\"https:\\\/\\\/goethe-gymnasium.berlin\\\/index.php\\\/musische-faecher\\\/musik\\\/orchestermusik\\\/#primaryimage\"},\"thumbnailUrl\":\"https:\\\/\\\/goethe-gymnasium.berlin\\\/wp-content\\\/uploads\\\/2019\\\/03\\\/Goethe-Gymnasium_089.jpg\",\"datePublished\":\"2019-03-18T19:05:15+00:00\",\"dateModified\":\"2025-03-01T21:18:04+00:00\",\"breadcrumb\":{\"@id\":\"https:\\\/\\\/goethe-gymnasium.berlin\\\/index.php\\\/musische-faecher\\\/musik\\\/orchestermusik\\\/#breadcrumb\"},\"inLanguage\":\"de\",\"potentialAction\":[{\"@type\":\"ReadAction\",\"target\":[\"https:\\\/\\\/goethe-gymnasium.berlin\\\/index.php\\\/musische-faecher\\\/musik\\\/orchestermusik\\\/\"]}]},{\"@type\":\"ImageObject\",\"inLanguage\":\"de\",\"@id\":\"https:\\\/\\\/goethe-gymnasium.berlin\\\/index.php\\\/musische-faecher\\\/musik\\\/orchestermusik\\\/#primaryimage\",\"url\":\"https:\\\/\\\/goethe-gymnasium.berlin\\\/wp-content\\\/uploads\\\/2019\\\/03\\\/Goethe-Gymnasium_089.jpg\",\"contentUrl\":\"https:\\\/\\\/goethe-gymnasium.berlin\\\/wp-content\\\/uploads\\\/2019\\\/03\\\/Goethe-Gymnasium_089.jpg\",\"width\":2000,\"height\":1333,\"caption\":\"Goethe-Orchester\"},{\"@type\":\"BreadcrumbList\",\"@id\":\"https:\\\/\\\/goethe-gymnasium.berlin\\\/index.php\\\/musische-faecher\\\/musik\\\/orchestermusik\\\/#breadcrumb\",\"itemListElement\":[{\"@type\":\"ListItem\",\"position\":1,\"name\":\"Startseite\",\"item\":\"https:\\\/\\\/goethe-gymnasium.berlin\\\/\"},{\"@type\":\"ListItem\",\"position\":2,\"name\":\"Musische F\u00e4cher\",\"item\":\"https:\\\/\\\/goethe-gymnasium.berlin\\\/index.php\\\/musische-faecher\\\/\"},{\"@type\":\"ListItem\",\"position\":3,\"name\":\"Musik\",\"item\":\"https:\\\/\\\/goethe-gymnasium.berlin\\\/index.php\\\/musische-faecher\\\/musik\\\/\"},{\"@type\":\"ListItem\",\"position\":4,\"name\":\"Orchestermusik am Goethe-Gymnasium\"}]},{\"@type\":\"WebSite\",\"@id\":\"https:\\\/\\\/goethe-gymnasium.berlin\\\/#website\",\"url\":\"https:\\\/\\\/goethe-gymnasium.berlin\\\/\",\"name\":\"Goethe-Gymnasium Berlin-Wilmersdorf\",\"description\":\"\",\"publisher\":{\"@id\":\"https:\\\/\\\/goethe-gymnasium.berlin\\\/#organization\"},\"potentialAction\":[{\"@type\":\"SearchAction\",\"target\":{\"@type\":\"EntryPoint\",\"urlTemplate\":\"https:\\\/\\\/goethe-gymnasium.berlin\\\/?s={search_term_string}\"},\"query-input\":{\"@type\":\"PropertyValueSpecification\",\"valueRequired\":true,\"valueName\":\"search_term_string\"}}],\"inLanguage\":\"de\"},{\"@type\":\"Organization\",\"@id\":\"https:\\\/\\\/goethe-gymnasium.berlin\\\/#organization\",\"name\":\"Goethe-Gymnasium Berlin-Wilmersdorf\",\"url\":\"https:\\\/\\\/goethe-gymnasium.berlin\\\/\",\"logo\":{\"@type\":\"ImageObject\",\"inLanguage\":\"de\",\"@id\":\"https:\\\/\\\/goethe-gymnasium.berlin\\\/#\\\/schema\\\/logo\\\/image\\\/\",\"url\":\"https:\\\/\\\/goethe-gymnasium.berlin\\\/wp-content\\\/uploads\\\/2018\\\/04\\\/goethe-logo_hoch.png\",\"contentUrl\":\"https:\\\/\\\/goethe-gymnasium.berlin\\\/wp-content\\\/uploads\\\/2018\\\/04\\\/goethe-logo_hoch.png\",\"width\":755,\"height\":514,\"caption\":\"Goethe-Gymnasium Berlin-Wilmersdorf\"},\"image\":{\"@id\":\"https:\\\/\\\/goethe-gymnasium.berlin\\\/#\\\/schema\\\/logo\\\/image\\\/\"},\"sameAs\":[\"https:\\\/\\\/www.facebook.com\\\/pages\\\/Goethe-Gymnasium\\\/109376575754402\",\"https:\\\/\\\/www.youtube.com\\\/channel\\\/UCMKuMVF9h_YkS3zmEp7SnzQ\"]}]}<\/script>\n<!-- \/ Yoast SEO plugin. -->","yoast_head_json":{"title":"Orchestermusik am Goethe-Gymnasium - Goethe-Gymnasium Berlin-Wilmersdorf","robots":{"index":"index","follow":"follow","max-snippet":"max-snippet:-1","max-image-preview":"max-image-preview:large","max-video-preview":"max-video-preview:-1"},"canonical":"https:\/\/goethe-gymnasium.berlin\/index.php\/musische-faecher\/musik\/orchestermusik\/","og_locale":"de_DE","og_type":"article","og_title":"Orchestermusik am Goethe-Gymnasium - Goethe-Gymnasium Berlin-Wilmersdorf","og_description":"Das Orchester ist eines von mehreren musikalischen Ensembles am Goethe-Gymnasium. Es steht allen Sch\u00fcler:innen, die ein Orchesterinstrument spielen, offen. In Weiterlesen ...","og_url":"https:\/\/goethe-gymnasium.berlin\/index.php\/musische-faecher\/musik\/orchestermusik\/","og_site_name":"Goethe-Gymnasium Berlin-Wilmersdorf","article_publisher":"https:\/\/www.facebook.com\/pages\/Goethe-Gymnasium\/109376575754402","article_modified_time":"2025-03-01T21:18:04+00:00","og_image":[{"width":2000,"height":1333,"url":"https:\/\/goethe-gymnasium.berlin\/wp-content\/uploads\/2019\/03\/Goethe-Gymnasium_089.jpg","type":"image\/jpeg"}],"twitter_card":"summary_large_image","twitter_misc":{"Gesch\u00e4tzte Lesezeit":"2\u00a0Minuten"},"schema":{"@context":"https:\/\/schema.org","@graph":[{"@type":"WebPage","@id":"https:\/\/goethe-gymnasium.berlin\/index.php\/musische-faecher\/musik\/orchestermusik\/","url":"https:\/\/goethe-gymnasium.berlin\/index.php\/musische-faecher\/musik\/orchestermusik\/","name":"Orchestermusik am Goethe-Gymnasium - Goethe-Gymnasium Berlin-Wilmersdorf","isPartOf":{"@id":"https:\/\/goethe-gymnasium.berlin\/#website"},"primaryImageOfPage":{"@id":"https:\/\/goethe-gymnasium.berlin\/index.php\/musische-faecher\/musik\/orchestermusik\/#primaryimage"},"image":{"@id":"https:\/\/goethe-gymnasium.berlin\/index.php\/musische-faecher\/musik\/orchestermusik\/#primaryimage"},"thumbnailUrl":"https:\/\/goethe-gymnasium.berlin\/wp-content\/uploads\/2019\/03\/Goethe-Gymnasium_089.jpg","datePublished":"2019-03-18T19:05:15+00:00","dateModified":"2025-03-01T21:18:04+00:00","breadcrumb":{"@id":"https:\/\/goethe-gymnasium.berlin\/index.php\/musische-faecher\/musik\/orchestermusik\/#breadcrumb"},"inLanguage":"de","potentialAction":[{"@type":"ReadAction","target":["https:\/\/goethe-gymnasium.berlin\/index.php\/musische-faecher\/musik\/orchestermusik\/"]}]},{"@type":"ImageObject","inLanguage":"de","@id":"https:\/\/goethe-gymnasium.berlin\/index.php\/musische-faecher\/musik\/orchestermusik\/#primaryimage","url":"https:\/\/goethe-gymnasium.berlin\/wp-content\/uploads\/2019\/03\/Goethe-Gymnasium_089.jpg","contentUrl":"https:\/\/goethe-gymnasium.berlin\/wp-content\/uploads\/2019\/03\/Goethe-Gymnasium_089.jpg","width":2000,"height":1333,"caption":"Goethe-Orchester"},{"@type":"BreadcrumbList","@id":"https:\/\/goethe-gymnasium.berlin\/index.php\/musische-faecher\/musik\/orchestermusik\/#breadcrumb","itemListElement":[{"@type":"ListItem","position":1,"name":"Startseite","item":"https:\/\/goethe-gymnasium.berlin\/"},{"@type":"ListItem","position":2,"name":"Musische F\u00e4cher","item":"https:\/\/goethe-gymnasium.berlin\/index.php\/musische-faecher\/"},{"@type":"ListItem","position":3,"name":"Musik","item":"https:\/\/goethe-gymnasium.berlin\/index.php\/musische-faecher\/musik\/"},{"@type":"ListItem","position":4,"name":"Orchestermusik am Goethe-Gymnasium"}]},{"@type":"WebSite","@id":"https:\/\/goethe-gymnasium.berlin\/#website","url":"https:\/\/goethe-gymnasium.berlin\/","name":"Goethe-Gymnasium Berlin-Wilmersdorf","description":"","publisher":{"@id":"https:\/\/goethe-gymnasium.berlin\/#organization"},"potentialAction":[{"@type":"SearchAction","target":{"@type":"EntryPoint","urlTemplate":"https:\/\/goethe-gymnasium.berlin\/?s={search_term_string}"},"query-input":{"@type":"PropertyValueSpecification","valueRequired":true,"valueName":"search_term_string"}}],"inLanguage":"de"},{"@type":"Organization","@id":"https:\/\/goethe-gymnasium.berlin\/#organization","name":"Goethe-Gymnasium Berlin-Wilmersdorf","url":"https:\/\/goethe-gymnasium.berlin\/","logo":{"@type":"ImageObject","inLanguage":"de","@id":"https:\/\/goethe-gymnasium.berlin\/#\/schema\/logo\/image\/","url":"https:\/\/goethe-gymnasium.berlin\/wp-content\/uploads\/2018\/04\/goethe-logo_hoch.png","contentUrl":"https:\/\/goethe-gymnasium.berlin\/wp-content\/uploads\/2018\/04\/goethe-logo_hoch.png","width":755,"height":514,"caption":"Goethe-Gymnasium Berlin-Wilmersdorf"},"image":{"@id":"https:\/\/goethe-gymnasium.berlin\/#\/schema\/logo\/image\/"},"sameAs":["https:\/\/www.facebook.com\/pages\/Goethe-Gymnasium\/109376575754402","https:\/\/www.youtube.com\/channel\/UCMKuMVF9h_YkS3zmEp7SnzQ"]}]}},"_links":{"self":[{"href":"https:\/\/goethe-gymnasium.berlin\/index.php\/wp-json\/wp\/v2\/pages\/3249","targetHints":{"allow":["GET"]}}],"collection":[{"href":"https:\/\/goethe-gymnasium.berlin\/index.php\/wp-json\/wp\/v2\/pages"}],"about":[{"href":"https:\/\/goethe-gymnasium.berlin\/index.php\/wp-json\/wp\/v2\/types\/page"}],"author":[{"embeddable":true,"href":"https:\/\/goethe-gymnasium.berlin\/index.php\/wp-json\/wp\/v2\/users\/5"}],"replies":[{"embeddable":true,"href":"https:\/\/goethe-gymnasium.berlin\/index.php\/wp-json\/wp\/v2\/comments?post=3249"}],"version-history":[{"count":8,"href":"https:\/\/goethe-gymnasium.berlin\/index.php\/wp-json\/wp\/v2\/pages\/3249\/revisions"}],"predecessor-version":[{"id":12990,"href":"https:\/\/goethe-gymnasium.berlin\/index.php\/wp-json\/wp\/v2\/pages\/3249\/revisions\/12990"}],"up":[{"embeddable":true,"href":"https:\/\/goethe-gymnasium.berlin\/index.php\/wp-json\/wp\/v2\/pages\/177"}],"wp:featuredmedia":[{"embeddable":true,"href":"https:\/\/goethe-gymnasium.berlin\/index.php\/wp-json\/wp\/v2\/media\/3289"}],"wp:attachment":[{"href":"https:\/\/goethe-gymnasium.berlin\/index.php\/wp-json\/wp\/v2\/media?parent=3249"}],"wp:term":[{"taxonomy":"category","embeddable":true,"href":"https:\/\/goethe-gymnasium.berlin\/index.php\/wp-json\/wp\/v2\/categories?post=3249"},{"taxonomy":"post_tag","embeddable":true,"href":"https:\/\/goethe-gymnasium.berlin\/index.php\/wp-json\/wp\/v2\/tags?post=3249"}],"curies":[{"name":"wp","href":"https:\/\/api.w.org\/{rel}","templated":true}]}}