{"id":32,"date":"2018-04-24T11:00:21","date_gmt":"2018-04-24T11:00:21","guid":{"rendered":"http:\/\/goethe-gymnasium.berlin\/?page_id=32"},"modified":"2026-01-06T00:12:12","modified_gmt":"2026-01-05T23:12:12","slug":"arbeitsgemeinschaften","status":"publish","type":"page","link":"https:\/\/goethe-gymnasium.berlin\/index.php\/schule\/arbeitsgemeinschaften\/","title":{"rendered":"AG-Angebot"},"content":{"rendered":"\n<h4 class=\"wp-block-heading\">Arbeitsgemeinschaften am Goethe-Gymnasium im Schuljahr 2025\/26<\/h4>\n\n\n\n<p>Auch in diesem Jahr bietet das Goethe-Gymnasium eine Vielzahl unterschiedlicher Arbeitsgemeinschaften an. Arbeitsgemeinschaften sind eine tolle Gelegenheit, gemeinsam au\u00dferhalb des Unterrichts etwas zu lernen, etwas gemeinsam zu erschaffen und sich in die Schulgemeinschaft mit seinen eigenen Talenten einzubringen. Wir w\u00fcrden uns freuen, wenn viele Sch\u00fclerinnen und Sch\u00fcler Teil einer Arbeitsgemeinschaft werden. <\/p>\n\n\n\n<p>Die Angebote der Bl\u00e4serschule und die Teilnahme an den Jazzbands sind kostenpflichtig. Der Unterricht der Bl\u00e4serschule beginnt nach den Herbstferien. <\/p>\n\n\n\n<p>Die Anmeldung erfolgt \u00fcber das <a href=\"https:\/\/goethe-gymnasium.berlin\/wp-content\/uploads\/2025\/02\/Anmeldung-Foerderunterricht-AG.pdf\" target=\"_blank\" rel=\"noreferrer noopener\">Anmeldeformular<\/a>, das bei der AG-Leitung abzugeben ist. Nach Anmeldung ist die Teilnahme an einer AG verbindlich. Fehlzeiten m\u00fcssen bei der Klassenleitung entschuldigt werden.<\/p>\n\n\n\n<p>Sie m\u00f6chten eine Arbeitsgemeinschaft anbieten? Melden Sie sich bei den Besch\u00e4ftigten im <a href=\"http:\/\/goethe-gymnasium.berlin\/index.php\/ganztag\/\">Omnibus<\/a> oder schreiben Sie eine Mail an <a href=\"mailto:arbeitsgemeinschaften@goethe-gymnasium.berlin\">arbeitsgemeinschaften@goethe-gymnasium.berlin<\/a><\/p>\n\n\n\n<table id=\"tablepress-9\" class=\"tablepress tablepress-id-9\">\n<thead>\n<tr class=\"row-1\">\n\t<th class=\"column-1\">Zeit<\/th><th class=\"column-2\">Angebot<\/th><th class=\"column-3\">Klassenstufe<\/th><th class=\"column-4\">Leitung \/ Raum<\/th>\n<\/tr>\n<\/thead>\n<tbody class=\"row-striping row-hover\">\n<tr class=\"row-2\">\n\t<td class=\"column-1\">Montag,<br \/>\n             15.00-17.00 Uhr<br \/>\n             17.00-19.30 Uhr<\/td><td class=\"column-2\"><a href=\"http:\/\/goethe-gymnasium.berlin\/index.php\/schule\/jazzkooperative\/\" rel=\"noopener noreferrer\" target=\"_blank\">Jazz-AG<\/a><br \/>\n             <a href=\"https:\/\/www.goethe-jazz.de\/juniorjazzband\/\" rel=\"noopener noreferrer\" target=\"_blank\">Junior Jazz Band<\/a><br \/>\n             <a href=\"https:\/\/www.goethe-jazz.de\/combo\/\" rel=\"noopener noreferrer\" target=\"_blank\">C.O.M.B.O<\/a><\/td><td class=\"column-3\"><br \/>\nKlasse 6 - 7<br \/>\nKlasse 8 - 10<\/td><td class=\"column-4\">Herr Kapitzke<br \/>\nHerr Fischer<br \/>\nAula<\/td>\n<\/tr>\n<tr class=\"row-3\">\n\t<td class=\"column-1\">Montag, 15.30-16.30 Uhr<\/td><td class=\"column-2\"><a href=\"http:\/\/goethe-gymnasium.berlin\/index.php\/2019\/05\/11\/anrudern2019\/\" rel=\"noopener noreferrer\" target=\"_blank\">Rudern<\/a><\/td><td class=\"column-3\">Klasse 6 - 12<br \/>\nSchwimmabzeichen Silber<br \/>\nKosten: 30 \u20ac \/ Halbjahr<\/td><td class=\"column-4\">Frau Johannes<br \/>\nRuderkastenanlage (Onkel-Tom-Stra\u00dfe 58, 14169 Berlin)<\/td>\n<\/tr>\n<tr class=\"row-4\">\n\t<td class=\"column-1\">Montag, 8.\/9. Stunde<\/td><td class=\"column-2\">Calliope mini (Informatik)<\/td><td class=\"column-3\">Klasse 5 - 6<\/td><td class=\"column-4\">Herr Lehmann<br \/>\nInformatikraum (Raum 118)<\/td>\n<\/tr>\n<tr class=\"row-5\">\n\t<td class=\"column-1\">Dienstag, 7.\/8. Stunde<\/td><td class=\"column-2\"><a href=\"https:\/\/goethe-gymnasium.berlin\/index.php\/2025\/11\/23\/denk-mal\/\" rel=\"noopener noreferrer\" target=\"_blank\">Denkmal<\/a><\/td><td class=\"column-3\">Klasse 5 - 12<br \/>\n<\/td><td class=\"column-4\">Frau Dr. Tietze<br \/>\n<\/td>\n<\/tr>\n<tr class=\"row-6\">\n\t<td class=\"column-1\">Dienstag, 8.\/9. Stunde<\/td><td class=\"column-2\"><a href=\"http:\/\/goethe-gymnasium.berlin\/index.php\/2020\/01\/28\/toepfern-eine-uralte-kunst\/\" rel=\"noopener noreferrer\" target=\"_blank\">Clay Club Keramik<\/a><\/td><td class=\"column-3\">Klasse 5 - 12<br \/>\nmaximal 8 Personen<\/td><td class=\"column-4\">Frau M\u00fcller<br \/>\nWerkraum (Raum 302)<\/td>\n<\/tr>\n<tr class=\"row-7\">\n\t<td class=\"column-1\">Dienstag, <br \/>\n              8. Stunde<br \/>\n              9.\/10. Stunde<\/td><td class=\"column-2\"><a href=\"https:\/\/goethe-gymnasium.berlin\/index.php\/musische-faecher\/musik\/chormusik-am-goethe-gymnasium\/\" rel=\"noopener noreferrer\" target=\"_blank\">Chor<\/a><\/td><td class=\"column-3\"><br \/>\nKlasse 5 - 6 <br \/>\nKlasse 7 - 10 <\/td><td class=\"column-4\">Frau Wendler \/ Herr Janke<br \/>\nMusikraum<\/td>\n<\/tr>\n<tr class=\"row-8\">\n\t<td class=\"column-1\">Mittwoch 15.00 - 16.00 Uhr<\/td><td class=\"column-2\">Italienisch<\/td><td class=\"column-3\">Klasse 5 - 12<\/td><td class=\"column-4\">Herr Ferrigno (bocconcini di cultura e.V.)<br \/>\nRaum 014<\/td>\n<\/tr>\n<tr class=\"row-9\">\n\t<td class=\"column-1\">Mittwoch, 8.\/9. Stunde<\/td><td class=\"column-2\"><a href=\"https:\/\/goethe-gymnasium.berlin\/index.php\/musische-faecher\/musik\/orchestermusik\/\" target=\"_blank\">Orchester<\/a><\/td><td class=\"column-3\">alle Jahrg\u00e4nge<\/td><td class=\"column-4\">Herr Schmitz<br \/>\nMusikraum<\/td>\n<\/tr>\n<tr class=\"row-10\">\n\t<td class=\"column-1\">Mittwoch, 7.\/8. Stunde<\/td><td class=\"column-2\"><a href=\"http:\/\/goethe-gymnasium.berlin\/index.php\/2020\/01\/31\/schneller-und-mueheloser-mit-kurzschrift\/\" rel=\"noopener noreferrer\" target=\"_blank\">Kurzschrift<\/a><\/td><td class=\"column-3\">Klasse 5 - 12<\/td><td class=\"column-4\">Herr Giese<br \/>\nRaum 218<\/td>\n<\/tr>\n<tr class=\"row-11\">\n\t<td class=\"column-1\">nach Vereinbarung<br \/>\n(t\u00e4glich)<\/td><td class=\"column-2\">Bl\u00e4serschule<\/td><td class=\"column-3\">ab Klasse 5<\/td><td class=\"column-4\">Herr Fischer<\/td>\n<\/tr>\n<tr class=\"row-12\">\n\t<td class=\"column-1\">nach Vereinbarung<\/td><td class=\"column-2\">Sch\u00fclerfirma<\/td><td class=\"column-3\">Klasse 8 - 12<\/td><td class=\"column-4\">Herr Tabor<\/td>\n<\/tr>\n<tr class=\"row-13\">\n\t<td class=\"column-1\">nach Vereinbarung,<br \/>\n2. gro\u00dfe Pause<\/td><td class=\"column-2\"><a href=\"https:\/\/goethe-gymnasium.berlin\/index.php\/2025\/04\/14\/erste-hilfe-im-schulalltag\/\" target=\"_blank\">Schulsanit\u00e4tsdienst<\/a><\/td><td class=\"column-3\">ab Klasse 8<\/td><td class=\"column-4\">Herr B\u00fcssow \/ Frau Lendner<br \/>\nRaum 005<\/td>\n<\/tr>\n<tr class=\"row-14\">\n\t<td class=\"column-1\">nach Vereinbarung<\/td><td class=\"column-2\">Technik<\/td><td class=\"column-3\">Klasse 7 - 12<\/td><td class=\"column-4\">Frau Wendler<\/td>\n<\/tr>\n<tr class=\"row-15\">\n\t<td class=\"column-1\">nach Vereinbarung<br \/>\n(monatlich)<\/td><td class=\"column-2\"><a href=\"http:\/\/goethe-gymnasium.berlin\/index.php\/2020\/01\/17\/das-literarische-cafe\/\" rel=\"noopener noreferrer\" target=\"_blank\">Literatur<\/a><\/td><td class=\"column-3\">Klasse 10 - 12<\/td><td class=\"column-4\">Herr Lilienthal<\/td>\n<\/tr>\n<tr class=\"row-16\">\n\t<td class=\"column-1\">vierzehnt\u00e4gig<\/td><td class=\"column-2\"><a href=\"http:\/\/goethe-gymnasium.berlin\/index.php\/2020\/01\/29\/joete-sein-blatt\/\" rel=\"noopener noreferrer\" target=\"_blank\">Sch\u00fclerzeitung<\/a><\/td><td class=\"column-3\">Klasse 7 - 12<\/td><td class=\"column-4\">Herr Lilienthal<br \/>\nRaum 104<\/td>\n<\/tr>\n<\/tbody>\n<\/table>\n<!-- #tablepress-9 from cache -->\n\n\n\n<p class=\"has-text-align-right\"><em>Stand: 06.01.2026; alle Angaben ohne Gew\u00e4hr<\/em><\/p>\n","protected":false},"excerpt":{"rendered":"<p>Arbeitsgemeinschaften am Goethe-Gymnasium im Schuljahr 2025\/26 Auch in diesem Jahr bietet das Goethe-Gymnasium eine Vielzahl unterschiedlicher Arbeitsgemeinschaften an. Arbeitsgemeinschaften sind <a class=\"more-link\" href=\"https:\/\/goethe-gymnasium.berlin\/index.php\/schule\/arbeitsgemeinschaften\/\">Weiterlesen &#8230;<\/a><\/p>\n","protected":false},"author":4,"featured_media":0,"parent":18,"menu_order":0,"comment_status":"closed","ping_status":"closed","template":"","meta":{"footnotes":""},"categories":[73,51],"tags":[53,55,54,52],"class_list":["post-32","page","type-page","status-publish","hentry","category-arbeitsgemeinschaften","category-schule","tag-ag","tag-ag-angebot","tag-ags","tag-arbeitsgemeinschaften"],"yoast_head":"<!-- This site is optimized with the Yoast SEO plugin v27.4 - https:\/\/yoast.com\/product\/yoast-seo-wordpress\/ -->\n<title>AG-Angebot - Goethe-Gymnasium Berlin-Wilmersdorf<\/title>\n<meta name=\"description\" content=\"Arbeitsgemeinschaften\" \/>\n<meta name=\"robots\" content=\"index, follow, max-snippet:-1, max-image-preview:large, max-video-preview:-1\" \/>\n<link rel=\"canonical\" href=\"https:\/\/goethe-gymnasium.berlin\/index.php\/schule\/arbeitsgemeinschaften\/\" \/>\n<meta property=\"og:locale\" content=\"de_DE\" \/>\n<meta property=\"og:type\" content=\"article\" \/>\n<meta property=\"og:title\" content=\"AG-Angebot - Goethe-Gymnasium Berlin-Wilmersdorf\" \/>\n<meta property=\"og:description\" content=\"Arbeitsgemeinschaften\" \/>\n<meta property=\"og:url\" content=\"https:\/\/goethe-gymnasium.berlin\/index.php\/schule\/arbeitsgemeinschaften\/\" \/>\n<meta property=\"og:site_name\" content=\"Goethe-Gymnasium Berlin-Wilmersdorf\" \/>\n<meta property=\"article:publisher\" content=\"https:\/\/www.facebook.com\/pages\/Goethe-Gymnasium\/109376575754402\" \/>\n<meta property=\"article:modified_time\" content=\"2026-01-05T23:12:12+00:00\" \/>\n<meta property=\"og:image\" content=\"https:\/\/goethe-gymnasium.berlin\/wp-content\/uploads\/2018\/06\/goethe-front-light.jpg\" \/>\n\t<meta property=\"og:image:width\" content=\"1200\" \/>\n\t<meta property=\"og:image:height\" content=\"600\" \/>\n\t<meta property=\"og:image:type\" content=\"image\/jpeg\" \/>\n<meta name=\"twitter:card\" content=\"summary_large_image\" \/>\n<meta name=\"twitter:label1\" content=\"Gesch\u00e4tzte Lesezeit\" \/>\n\t<meta name=\"twitter:data1\" content=\"1\u00a0Minute\" \/>\n<script type=\"application\/ld+json\" class=\"yoast-schema-graph\">{\"@context\":\"https:\\\/\\\/schema.org\",\"@graph\":[{\"@type\":\"WebPage\",\"@id\":\"https:\\\/\\\/goethe-gymnasium.berlin\\\/index.php\\\/schule\\\/arbeitsgemeinschaften\\\/\",\"url\":\"https:\\\/\\\/goethe-gymnasium.berlin\\\/index.php\\\/schule\\\/arbeitsgemeinschaften\\\/\",\"name\":\"AG-Angebot - Goethe-Gymnasium Berlin-Wilmersdorf\",\"isPartOf\":{\"@id\":\"https:\\\/\\\/goethe-gymnasium.berlin\\\/#website\"},\"datePublished\":\"2018-04-24T11:00:21+00:00\",\"dateModified\":\"2026-01-05T23:12:12+00:00\",\"description\":\"Arbeitsgemeinschaften\",\"breadcrumb\":{\"@id\":\"https:\\\/\\\/goethe-gymnasium.berlin\\\/index.php\\\/schule\\\/arbeitsgemeinschaften\\\/#breadcrumb\"},\"inLanguage\":\"de\",\"potentialAction\":[{\"@type\":\"ReadAction\",\"target\":[\"https:\\\/\\\/goethe-gymnasium.berlin\\\/index.php\\\/schule\\\/arbeitsgemeinschaften\\\/\"]}]},{\"@type\":\"BreadcrumbList\",\"@id\":\"https:\\\/\\\/goethe-gymnasium.berlin\\\/index.php\\\/schule\\\/arbeitsgemeinschaften\\\/#breadcrumb\",\"itemListElement\":[{\"@type\":\"ListItem\",\"position\":1,\"name\":\"Startseite\",\"item\":\"https:\\\/\\\/goethe-gymnasium.berlin\\\/\"},{\"@type\":\"ListItem\",\"position\":2,\"name\":\"Schule\",\"item\":\"https:\\\/\\\/goethe-gymnasium.berlin\\\/index.php\\\/schule\\\/\"},{\"@type\":\"ListItem\",\"position\":3,\"name\":\"AG-Angebot\"}]},{\"@type\":\"WebSite\",\"@id\":\"https:\\\/\\\/goethe-gymnasium.berlin\\\/#website\",\"url\":\"https:\\\/\\\/goethe-gymnasium.berlin\\\/\",\"name\":\"Goethe-Gymnasium Berlin-Wilmersdorf\",\"description\":\"\",\"publisher\":{\"@id\":\"https:\\\/\\\/goethe-gymnasium.berlin\\\/#organization\"},\"potentialAction\":[{\"@type\":\"SearchAction\",\"target\":{\"@type\":\"EntryPoint\",\"urlTemplate\":\"https:\\\/\\\/goethe-gymnasium.berlin\\\/?s={search_term_string}\"},\"query-input\":{\"@type\":\"PropertyValueSpecification\",\"valueRequired\":true,\"valueName\":\"search_term_string\"}}],\"inLanguage\":\"de\"},{\"@type\":\"Organization\",\"@id\":\"https:\\\/\\\/goethe-gymnasium.berlin\\\/#organization\",\"name\":\"Goethe-Gymnasium Berlin-Wilmersdorf\",\"url\":\"https:\\\/\\\/goethe-gymnasium.berlin\\\/\",\"logo\":{\"@type\":\"ImageObject\",\"inLanguage\":\"de\",\"@id\":\"https:\\\/\\\/goethe-gymnasium.berlin\\\/#\\\/schema\\\/logo\\\/image\\\/\",\"url\":\"https:\\\/\\\/goethe-gymnasium.berlin\\\/wp-content\\\/uploads\\\/2018\\\/04\\\/goethe-logo_hoch.png\",\"contentUrl\":\"https:\\\/\\\/goethe-gymnasium.berlin\\\/wp-content\\\/uploads\\\/2018\\\/04\\\/goethe-logo_hoch.png\",\"width\":755,\"height\":514,\"caption\":\"Goethe-Gymnasium Berlin-Wilmersdorf\"},\"image\":{\"@id\":\"https:\\\/\\\/goethe-gymnasium.berlin\\\/#\\\/schema\\\/logo\\\/image\\\/\"},\"sameAs\":[\"https:\\\/\\\/www.facebook.com\\\/pages\\\/Goethe-Gymnasium\\\/109376575754402\",\"https:\\\/\\\/www.youtube.com\\\/channel\\\/UCMKuMVF9h_YkS3zmEp7SnzQ\"]}]}<\/script>\n<!-- \/ Yoast SEO plugin. -->","yoast_head_json":{"title":"AG-Angebot - Goethe-Gymnasium Berlin-Wilmersdorf","description":"Arbeitsgemeinschaften","robots":{"index":"index","follow":"follow","max-snippet":"max-snippet:-1","max-image-preview":"max-image-preview:large","max-video-preview":"max-video-preview:-1"},"canonical":"https:\/\/goethe-gymnasium.berlin\/index.php\/schule\/arbeitsgemeinschaften\/","og_locale":"de_DE","og_type":"article","og_title":"AG-Angebot - Goethe-Gymnasium Berlin-Wilmersdorf","og_description":"Arbeitsgemeinschaften","og_url":"https:\/\/goethe-gymnasium.berlin\/index.php\/schule\/arbeitsgemeinschaften\/","og_site_name":"Goethe-Gymnasium Berlin-Wilmersdorf","article_publisher":"https:\/\/www.facebook.com\/pages\/Goethe-Gymnasium\/109376575754402","article_modified_time":"2026-01-05T23:12:12+00:00","og_image":[{"width":1200,"height":600,"url":"https:\/\/goethe-gymnasium.berlin\/wp-content\/uploads\/2018\/06\/goethe-front-light.jpg","type":"image\/jpeg"}],"twitter_card":"summary_large_image","twitter_misc":{"Gesch\u00e4tzte Lesezeit":"1\u00a0Minute"},"schema":{"@context":"https:\/\/schema.org","@graph":[{"@type":"WebPage","@id":"https:\/\/goethe-gymnasium.berlin\/index.php\/schule\/arbeitsgemeinschaften\/","url":"https:\/\/goethe-gymnasium.berlin\/index.php\/schule\/arbeitsgemeinschaften\/","name":"AG-Angebot - Goethe-Gymnasium Berlin-Wilmersdorf","isPartOf":{"@id":"https:\/\/goethe-gymnasium.berlin\/#website"},"datePublished":"2018-04-24T11:00:21+00:00","dateModified":"2026-01-05T23:12:12+00:00","description":"Arbeitsgemeinschaften","breadcrumb":{"@id":"https:\/\/goethe-gymnasium.berlin\/index.php\/schule\/arbeitsgemeinschaften\/#breadcrumb"},"inLanguage":"de","potentialAction":[{"@type":"ReadAction","target":["https:\/\/goethe-gymnasium.berlin\/index.php\/schule\/arbeitsgemeinschaften\/"]}]},{"@type":"BreadcrumbList","@id":"https:\/\/goethe-gymnasium.berlin\/index.php\/schule\/arbeitsgemeinschaften\/#breadcrumb","itemListElement":[{"@type":"ListItem","position":1,"name":"Startseite","item":"https:\/\/goethe-gymnasium.berlin\/"},{"@type":"ListItem","position":2,"name":"Schule","item":"https:\/\/goethe-gymnasium.berlin\/index.php\/schule\/"},{"@type":"ListItem","position":3,"name":"AG-Angebot"}]},{"@type":"WebSite","@id":"https:\/\/goethe-gymnasium.berlin\/#website","url":"https:\/\/goethe-gymnasium.berlin\/","name":"Goethe-Gymnasium Berlin-Wilmersdorf","description":"","publisher":{"@id":"https:\/\/goethe-gymnasium.berlin\/#organization"},"potentialAction":[{"@type":"SearchAction","target":{"@type":"EntryPoint","urlTemplate":"https:\/\/goethe-gymnasium.berlin\/?s={search_term_string}"},"query-input":{"@type":"PropertyValueSpecification","valueRequired":true,"valueName":"search_term_string"}}],"inLanguage":"de"},{"@type":"Organization","@id":"https:\/\/goethe-gymnasium.berlin\/#organization","name":"Goethe-Gymnasium Berlin-Wilmersdorf","url":"https:\/\/goethe-gymnasium.berlin\/","logo":{"@type":"ImageObject","inLanguage":"de","@id":"https:\/\/goethe-gymnasium.berlin\/#\/schema\/logo\/image\/","url":"https:\/\/goethe-gymnasium.berlin\/wp-content\/uploads\/2018\/04\/goethe-logo_hoch.png","contentUrl":"https:\/\/goethe-gymnasium.berlin\/wp-content\/uploads\/2018\/04\/goethe-logo_hoch.png","width":755,"height":514,"caption":"Goethe-Gymnasium Berlin-Wilmersdorf"},"image":{"@id":"https:\/\/goethe-gymnasium.berlin\/#\/schema\/logo\/image\/"},"sameAs":["https:\/\/www.facebook.com\/pages\/Goethe-Gymnasium\/109376575754402","https:\/\/www.youtube.com\/channel\/UCMKuMVF9h_YkS3zmEp7SnzQ"]}]}},"_links":{"self":[{"href":"https:\/\/goethe-gymnasium.berlin\/index.php\/wp-json\/wp\/v2\/pages\/32","targetHints":{"allow":["GET"]}}],"collection":[{"href":"https:\/\/goethe-gymnasium.berlin\/index.php\/wp-json\/wp\/v2\/pages"}],"about":[{"href":"https:\/\/goethe-gymnasium.berlin\/index.php\/wp-json\/wp\/v2\/types\/page"}],"author":[{"embeddable":true,"href":"https:\/\/goethe-gymnasium.berlin\/index.php\/wp-json\/wp\/v2\/users\/4"}],"replies":[{"embeddable":true,"href":"https:\/\/goethe-gymnasium.berlin\/index.php\/wp-json\/wp\/v2\/comments?post=32"}],"version-history":[{"count":26,"href":"https:\/\/goethe-gymnasium.berlin\/index.php\/wp-json\/wp\/v2\/pages\/32\/revisions"}],"predecessor-version":[{"id":13866,"href":"https:\/\/goethe-gymnasium.berlin\/index.php\/wp-json\/wp\/v2\/pages\/32\/revisions\/13866"}],"up":[{"embeddable":true,"href":"https:\/\/goethe-gymnasium.berlin\/index.php\/wp-json\/wp\/v2\/pages\/18"}],"wp:attachment":[{"href":"https:\/\/goethe-gymnasium.berlin\/index.php\/wp-json\/wp\/v2\/media?parent=32"}],"wp:term":[{"taxonomy":"category","embeddable":true,"href":"https:\/\/goethe-gymnasium.berlin\/index.php\/wp-json\/wp\/v2\/categories?post=32"},{"taxonomy":"post_tag","embeddable":true,"href":"https:\/\/goethe-gymnasium.berlin\/index.php\/wp-json\/wp\/v2\/tags?post=32"}],"curies":[{"name":"wp","href":"https:\/\/api.w.org\/{rel}","templated":true}]}}