{"id":289,"date":"2018-04-24T19:24:02","date_gmt":"2018-04-24T19:24:02","guid":{"rendered":"http:\/\/goethe-gymnasium.berlin\/?page_id=289"},"modified":"2025-09-19T21:14:20","modified_gmt":"2025-09-19T19:14:20","slug":"links","status":"publish","type":"page","link":"https:\/\/goethe-gymnasium.berlin\/index.php\/links\/","title":{"rendered":"Links"},"content":{"rendered":"\n<h4 class=\"wp-block-heading\"><strong>Partner des Goethe-Gymnasiums<\/strong> <\/h4>\n\n\n\n<ul class=\"wp-block-list\">\n<li><a rel=\"noreferrer noopener\" href=\"http:\/\/www.stayfriends-be.de\/s\/9473\/Berlin\/Berlin\/Gymnasium\/Goethe-Gymnasium.html\" target=\"_blank\">Stay Friends &#8211; Goethe-Gymnasium<\/a><\/li>\n\n\n\n<li><a rel=\"noreferrer noopener\" href=\"http:\/\/www.goethefreunde.de\/\" target=\"_blank\">Verein der Freunde des Goethe-Gymnasiums<\/a><\/li>\n\n\n\n<li><a aria-label=\"Dachverein Alte Sprachen f\u00fcr Berliner Schulen e. V. (\u00f6ffnet in neuem Tab)\" href=\"https:\/\/www.facebook.com\/Dachverein-Alte-Sprachen-f%C3%BCr-Berliner-Schulen-eV-1724859450980068\/\" target=\"_blank\" rel=\"noreferrer noopener\">Dachverein Alte Sprachen f\u00fcr Berliner Schulen e. V.<\/a><\/li>\n\n\n\n<li><a href=\"https:\/\/www.goethe-jazz.de\/\" target=\"_blank\" rel=\"noreferrer noopener\">Jazz am Goethe-Gymnasium<\/a><\/li>\n\n\n\n<li><a href=\"http:\/\/jazzkooperative.de\/\">Jazzkooperative Berliner Schulen<\/a><\/li>\n\n\n\n<li><a href=\"https:\/\/www.srvamwannsee.de\/\">Sch\u00fclerInnenRuderverband am Kleinen Wannsee e.V.<\/a><\/li>\n\n\n\n<li><a href=\"https:\/\/schulportal.berlin.de\/start\" target=\"_blank\" rel=\"noreferrer noopener\">Schulportal Berlin<\/a><\/li>\n\n\n\n<li><a href=\"https:\/\/www.lernraum-berlin.de\/start\/de\/\" target=\"_blank\" rel=\"noreferrer noopener\">Lernraum Berlin<\/a><\/li>\n\n\n\n<li><a href=\"https:\/\/www.e-fellows.net\/schueler\/\" target=\"_blank\" rel=\"noreferrer noopener\">e-fellows.net<\/a> (Stipendien und Angebote f\u00fcr Oberstufensch\u00fcler:innen und Abiturient:innen)<\/li>\n\n\n\n<li><a rel=\"noreferrer noopener\" href=\"http:\/\/www.schulhomepage.de\/\" target=\"_blank\">Schulhomepage-Verzeichnis<\/a><\/li>\n<\/ul>\n\n\n\n<h4 class=\"wp-block-heading\"><strong>Webseiten von\/f\u00fcr Lehrer*innen, Sch\u00fcler*nnen und Ehemaligen<\/strong> <\/h4>\n\n\n\n<ul class=\"wp-block-list\">\n<li><a rel=\"noreferrer noopener\" href=\"http:\/\/www.pohlke.de\/\" target=\"_blank\">Pohlke.de&nbsp;<\/a>(Reinhard Pohlke, Lehrer)<\/li>\n\n\n\n<li><a rel=\"noreferrer noopener\" href=\"http:\/\/www.albangerhardt.com\/deutsch\/\" target=\"_blank\">Alban Gerhardt<\/a>&nbsp;(Cellist, Ehemaliger)<\/li>\n\n\n\n<li><a rel=\"noreferrer noopener\" href=\"https:\/\/de.wikipedia.org\/wiki\/Andr%C3%A9_de_Ridder_(Dirigent)\" target=\"_blank\">Andre d\u00e9 Ridder<\/a>&nbsp;(Dirigent, Ehemaliger)<\/li>\n\n\n\n<li><a rel=\"noreferrer noopener\" aria-label=\"Kaspar Querfurt (\u00f6ffnet in neuem Tab)\" href=\"https:\/\/meettheartist.online\/2018\/08\/27\/kaspar-querfurth-composer\/\" target=\"_blank\">Kaspar Querfurth<\/a> (Komponist, Ehemaliger)<\/li>\n\n\n\n<li>Luci van Org&nbsp;(Mehrzweck-Entertainerin, Ehemalige)<\/li>\n\n\n\n<li><a rel=\"noreferrer noopener\" aria-label=\"Stefan Kipf  (\u00f6ffnet in neuem Tab)\" href=\"https:\/\/www.klassphil.hu-berlin.de\/de\/personen\/kipf\" target=\"_blank\">Stefan Kipf<\/a> (Professor f\u00fcr Didaktik der Alten Sprachen, Ehemaliger)<\/li>\n<\/ul>\n\n\n\n<h4 class=\"wp-block-heading\"> <strong>Kontakte \/ Kooperationen in den Geisteswissenschaften<\/strong> <\/h4>\n\n\n\n<ul class=\"wp-block-list\">\n<li><a rel=\"noreferrer noopener\" href=\"http:\/\/www.beethoven-haus-bonn.de\/\" target=\"_blank\">Beethoven Haus Bonn<\/a><\/li>\n\n\n\n<li><a rel=\"noreferrer noopener\" href=\"http:\/\/www.bpb.de\/\" target=\"_blank\">Bundeszentrale f\u00fcr Politische Bildung<\/a><\/li>\n\n\n\n<li><a rel=\"noreferrer noopener\" href=\"http:\/\/www.goethe-gesellschaft.de\/\" target=\"_blank\">Goethe-Gesellschaft Weimar<\/a><\/li>\n\n\n\n<li><a rel=\"noreferrer noopener\" href=\"http:\/\/web.fu-berlin.de\/altorientalistik\/home_main.htm\" target=\"_blank\">Institut f\u00fcr Altorientalistik<\/a><\/li>\n\n\n\n<li><a rel=\"noreferrer noopener\" href=\"http:\/\/www.mathematikum.de\/\" target=\"_blank\">Mathematikum in Gie\u00dfen<\/a><\/li>\n<\/ul>\n\n\n\n<h4 class=\"wp-block-heading\"><strong>Kontakte \/ Kooperationen in den Naturwissenschaften<\/strong><\/h4>\n\n\n\n<ul class=\"wp-block-list\">\n<li><a href=\"http:\/\/www.element-unseres-lebens.de\/\" target=\"_blank\" rel=\"noreferrer noopener\">Element unseres Lebens (Biochemie)<\/a><\/li>\n\n\n\n<li><a href=\"http:\/\/www.max-wissen.de\/\" target=\"_blank\" rel=\"noreferrer noopener\">Max-Planck-Gesellschaft<\/a><\/li>\n<\/ul>\n\n\n\n<h4 class=\"wp-block-heading\"> <strong>Wettbewerbe<\/strong> <\/h4>\n\n\n\n<ul class=\"wp-block-list\">\n<li><a rel=\"noreferrer noopener\" href=\"http:\/\/www.davbb.de\/43-lebendige-antike-2015\" target=\"_blank\">Berliner Wettbewerb &#8222;Lebendige Antike&#8220;<\/a><\/li>\n\n\n\n<li><a rel=\"noreferrer noopener\" href=\"http:\/\/www.bundeswettbewerb-fremdsprachen.de\/\" target=\"_blank\">Bundeswettbewerb Fremdsprachen<\/a><\/li>\n\n\n\n<li><a aria-label=\"Diercke Wissen (\u00f6ffnet in neuem Tab)\" rel=\"noreferrer noopener\" href=\"https:\/\/diercke.westermann.de\/wissen\" target=\"_blank\">Diercke Wissen<\/a> (Geographie)<\/li>\n\n\n\n<li><a href=\"https:\/\/www.jugend-debattiert.de\/\">Jugend debattiert<\/a><\/li>\n\n\n\n<li><a rel=\"noreferrer noopener\" href=\"http:\/\/www.jugend-forscht.de\/\" target=\"_blank\">Jugend forscht<\/a><\/li>\n\n\n\n<li><a href=\"https:\/\/www.jugend-musiziert.org\/\">Jugend musiziert<\/a><\/li>\n\n\n\n<li><a rel=\"noreferrer noopener\" href=\"http:\/\/www.mathematik-olympiaden.de\/\" target=\"_blank\">Mathematik-Olympiaden<\/a><\/li>\n<\/ul>\n\n\n\n<p>Aus rechtlichen Gr\u00fcnden distanzieren wir uns hiermit von den Inhalten aller externen Seiten, die hier oder sonst irgendwo auf unserer Homepage verlinkt sind.<br>Falls irgendeine Verlinkung nicht funktioniert, eine Seite umgezogen ist oder aus anderen Gr\u00fcnden nicht mehr ihren Zweck erf\u00fcllt, melden Sie das bitte dem Homepageteam \u00fcber die im&nbsp;<a href=\"http:\/\/goethe-gymnasium.berlin\/index.php\/impressum\/\">Impressum<\/a>&nbsp;angegebene Emailadresse. <\/p>\n","protected":false},"excerpt":{"rendered":"<p>Partner des Goethe-Gymnasiums Webseiten von\/f\u00fcr Lehrer*innen, Sch\u00fcler*nnen und Ehemaligen Kontakte \/ Kooperationen in den Geisteswissenschaften Kontakte \/ Kooperationen in den <a class=\"more-link\" href=\"https:\/\/goethe-gymnasium.berlin\/index.php\/links\/\">Weiterlesen &#8230;<\/a><\/p>\n","protected":false},"author":4,"featured_media":0,"parent":0,"menu_order":0,"comment_status":"closed","ping_status":"closed","template":"","meta":{"footnotes":""},"categories":[116],"tags":[228,229,226,227,230,146,231],"class_list":["post-289","page","type-page","status-publish","hentry","category-wissenswertes","tag-kooperation","tag-kooperationen","tag-link","tag-links","tag-partner","tag-wettbewerb","tag-wettbewerbe"],"yoast_head":"<!-- This site is optimized with the Yoast SEO plugin v27.4 - https:\/\/yoast.com\/product\/yoast-seo-wordpress\/ -->\n<title>Links - Goethe-Gymnasium Berlin-Wilmersdorf<\/title>\n<meta name=\"robots\" content=\"index, follow, max-snippet:-1, max-image-preview:large, max-video-preview:-1\" \/>\n<link rel=\"canonical\" href=\"https:\/\/goethe-gymnasium.berlin\/index.php\/links\/\" \/>\n<meta property=\"og:locale\" content=\"de_DE\" \/>\n<meta property=\"og:type\" content=\"article\" \/>\n<meta property=\"og:title\" content=\"Links - Goethe-Gymnasium Berlin-Wilmersdorf\" \/>\n<meta property=\"og:description\" content=\"Partner des Goethe-Gymnasiums Webseiten von\/f\u00fcr Lehrer*innen, Sch\u00fcler*nnen und Ehemaligen Kontakte \/ Kooperationen in den Geisteswissenschaften Kontakte \/ Kooperationen in den Weiterlesen ...\" \/>\n<meta property=\"og:url\" content=\"https:\/\/goethe-gymnasium.berlin\/index.php\/links\/\" \/>\n<meta property=\"og:site_name\" content=\"Goethe-Gymnasium Berlin-Wilmersdorf\" \/>\n<meta property=\"article:publisher\" content=\"https:\/\/www.facebook.com\/pages\/Goethe-Gymnasium\/109376575754402\" \/>\n<meta property=\"article:modified_time\" content=\"2025-09-19T19:14:20+00:00\" \/>\n<meta property=\"og:image\" content=\"https:\/\/goethe-gymnasium.berlin\/wp-content\/uploads\/2018\/06\/goethe-front-light.jpg\" \/>\n\t<meta property=\"og:image:width\" content=\"1200\" \/>\n\t<meta property=\"og:image:height\" content=\"600\" \/>\n\t<meta property=\"og:image:type\" content=\"image\/jpeg\" \/>\n<meta name=\"twitter:card\" content=\"summary_large_image\" \/>\n<meta name=\"twitter:label1\" content=\"Gesch\u00e4tzte Lesezeit\" \/>\n\t<meta name=\"twitter:data1\" content=\"2\u00a0Minuten\" \/>\n<script type=\"application\/ld+json\" class=\"yoast-schema-graph\">{\"@context\":\"https:\\\/\\\/schema.org\",\"@graph\":[{\"@type\":\"WebPage\",\"@id\":\"https:\\\/\\\/goethe-gymnasium.berlin\\\/index.php\\\/links\\\/\",\"url\":\"https:\\\/\\\/goethe-gymnasium.berlin\\\/index.php\\\/links\\\/\",\"name\":\"Links - Goethe-Gymnasium Berlin-Wilmersdorf\",\"isPartOf\":{\"@id\":\"https:\\\/\\\/goethe-gymnasium.berlin\\\/#website\"},\"datePublished\":\"2018-04-24T19:24:02+00:00\",\"dateModified\":\"2025-09-19T19:14:20+00:00\",\"breadcrumb\":{\"@id\":\"https:\\\/\\\/goethe-gymnasium.berlin\\\/index.php\\\/links\\\/#breadcrumb\"},\"inLanguage\":\"de\",\"potentialAction\":[{\"@type\":\"ReadAction\",\"target\":[\"https:\\\/\\\/goethe-gymnasium.berlin\\\/index.php\\\/links\\\/\"]}]},{\"@type\":\"BreadcrumbList\",\"@id\":\"https:\\\/\\\/goethe-gymnasium.berlin\\\/index.php\\\/links\\\/#breadcrumb\",\"itemListElement\":[{\"@type\":\"ListItem\",\"position\":1,\"name\":\"Startseite\",\"item\":\"https:\\\/\\\/goethe-gymnasium.berlin\\\/\"},{\"@type\":\"ListItem\",\"position\":2,\"name\":\"Links\"}]},{\"@type\":\"WebSite\",\"@id\":\"https:\\\/\\\/goethe-gymnasium.berlin\\\/#website\",\"url\":\"https:\\\/\\\/goethe-gymnasium.berlin\\\/\",\"name\":\"Goethe-Gymnasium Berlin-Wilmersdorf\",\"description\":\"\",\"publisher\":{\"@id\":\"https:\\\/\\\/goethe-gymnasium.berlin\\\/#organization\"},\"potentialAction\":[{\"@type\":\"SearchAction\",\"target\":{\"@type\":\"EntryPoint\",\"urlTemplate\":\"https:\\\/\\\/goethe-gymnasium.berlin\\\/?s={search_term_string}\"},\"query-input\":{\"@type\":\"PropertyValueSpecification\",\"valueRequired\":true,\"valueName\":\"search_term_string\"}}],\"inLanguage\":\"de\"},{\"@type\":\"Organization\",\"@id\":\"https:\\\/\\\/goethe-gymnasium.berlin\\\/#organization\",\"name\":\"Goethe-Gymnasium Berlin-Wilmersdorf\",\"url\":\"https:\\\/\\\/goethe-gymnasium.berlin\\\/\",\"logo\":{\"@type\":\"ImageObject\",\"inLanguage\":\"de\",\"@id\":\"https:\\\/\\\/goethe-gymnasium.berlin\\\/#\\\/schema\\\/logo\\\/image\\\/\",\"url\":\"https:\\\/\\\/goethe-gymnasium.berlin\\\/wp-content\\\/uploads\\\/2018\\\/04\\\/goethe-logo_hoch.png\",\"contentUrl\":\"https:\\\/\\\/goethe-gymnasium.berlin\\\/wp-content\\\/uploads\\\/2018\\\/04\\\/goethe-logo_hoch.png\",\"width\":755,\"height\":514,\"caption\":\"Goethe-Gymnasium Berlin-Wilmersdorf\"},\"image\":{\"@id\":\"https:\\\/\\\/goethe-gymnasium.berlin\\\/#\\\/schema\\\/logo\\\/image\\\/\"},\"sameAs\":[\"https:\\\/\\\/www.facebook.com\\\/pages\\\/Goethe-Gymnasium\\\/109376575754402\",\"https:\\\/\\\/www.youtube.com\\\/channel\\\/UCMKuMVF9h_YkS3zmEp7SnzQ\"]}]}<\/script>\n<!-- \/ Yoast SEO plugin. -->","yoast_head_json":{"title":"Links - Goethe-Gymnasium Berlin-Wilmersdorf","robots":{"index":"index","follow":"follow","max-snippet":"max-snippet:-1","max-image-preview":"max-image-preview:large","max-video-preview":"max-video-preview:-1"},"canonical":"https:\/\/goethe-gymnasium.berlin\/index.php\/links\/","og_locale":"de_DE","og_type":"article","og_title":"Links - Goethe-Gymnasium Berlin-Wilmersdorf","og_description":"Partner des Goethe-Gymnasiums Webseiten von\/f\u00fcr Lehrer*innen, Sch\u00fcler*nnen und Ehemaligen Kontakte \/ Kooperationen in den Geisteswissenschaften Kontakte \/ Kooperationen in den Weiterlesen ...","og_url":"https:\/\/goethe-gymnasium.berlin\/index.php\/links\/","og_site_name":"Goethe-Gymnasium Berlin-Wilmersdorf","article_publisher":"https:\/\/www.facebook.com\/pages\/Goethe-Gymnasium\/109376575754402","article_modified_time":"2025-09-19T19:14:20+00:00","og_image":[{"width":1200,"height":600,"url":"https:\/\/goethe-gymnasium.berlin\/wp-content\/uploads\/2018\/06\/goethe-front-light.jpg","type":"image\/jpeg"}],"twitter_card":"summary_large_image","twitter_misc":{"Gesch\u00e4tzte Lesezeit":"2\u00a0Minuten"},"schema":{"@context":"https:\/\/schema.org","@graph":[{"@type":"WebPage","@id":"https:\/\/goethe-gymnasium.berlin\/index.php\/links\/","url":"https:\/\/goethe-gymnasium.berlin\/index.php\/links\/","name":"Links - Goethe-Gymnasium Berlin-Wilmersdorf","isPartOf":{"@id":"https:\/\/goethe-gymnasium.berlin\/#website"},"datePublished":"2018-04-24T19:24:02+00:00","dateModified":"2025-09-19T19:14:20+00:00","breadcrumb":{"@id":"https:\/\/goethe-gymnasium.berlin\/index.php\/links\/#breadcrumb"},"inLanguage":"de","potentialAction":[{"@type":"ReadAction","target":["https:\/\/goethe-gymnasium.berlin\/index.php\/links\/"]}]},{"@type":"BreadcrumbList","@id":"https:\/\/goethe-gymnasium.berlin\/index.php\/links\/#breadcrumb","itemListElement":[{"@type":"ListItem","position":1,"name":"Startseite","item":"https:\/\/goethe-gymnasium.berlin\/"},{"@type":"ListItem","position":2,"name":"Links"}]},{"@type":"WebSite","@id":"https:\/\/goethe-gymnasium.berlin\/#website","url":"https:\/\/goethe-gymnasium.berlin\/","name":"Goethe-Gymnasium Berlin-Wilmersdorf","description":"","publisher":{"@id":"https:\/\/goethe-gymnasium.berlin\/#organization"},"potentialAction":[{"@type":"SearchAction","target":{"@type":"EntryPoint","urlTemplate":"https:\/\/goethe-gymnasium.berlin\/?s={search_term_string}"},"query-input":{"@type":"PropertyValueSpecification","valueRequired":true,"valueName":"search_term_string"}}],"inLanguage":"de"},{"@type":"Organization","@id":"https:\/\/goethe-gymnasium.berlin\/#organization","name":"Goethe-Gymnasium Berlin-Wilmersdorf","url":"https:\/\/goethe-gymnasium.berlin\/","logo":{"@type":"ImageObject","inLanguage":"de","@id":"https:\/\/goethe-gymnasium.berlin\/#\/schema\/logo\/image\/","url":"https:\/\/goethe-gymnasium.berlin\/wp-content\/uploads\/2018\/04\/goethe-logo_hoch.png","contentUrl":"https:\/\/goethe-gymnasium.berlin\/wp-content\/uploads\/2018\/04\/goethe-logo_hoch.png","width":755,"height":514,"caption":"Goethe-Gymnasium Berlin-Wilmersdorf"},"image":{"@id":"https:\/\/goethe-gymnasium.berlin\/#\/schema\/logo\/image\/"},"sameAs":["https:\/\/www.facebook.com\/pages\/Goethe-Gymnasium\/109376575754402","https:\/\/www.youtube.com\/channel\/UCMKuMVF9h_YkS3zmEp7SnzQ"]}]}},"_links":{"self":[{"href":"https:\/\/goethe-gymnasium.berlin\/index.php\/wp-json\/wp\/v2\/pages\/289","targetHints":{"allow":["GET"]}}],"collection":[{"href":"https:\/\/goethe-gymnasium.berlin\/index.php\/wp-json\/wp\/v2\/pages"}],"about":[{"href":"https:\/\/goethe-gymnasium.berlin\/index.php\/wp-json\/wp\/v2\/types\/page"}],"author":[{"embeddable":true,"href":"https:\/\/goethe-gymnasium.berlin\/index.php\/wp-json\/wp\/v2\/users\/4"}],"replies":[{"embeddable":true,"href":"https:\/\/goethe-gymnasium.berlin\/index.php\/wp-json\/wp\/v2\/comments?post=289"}],"version-history":[{"count":10,"href":"https:\/\/goethe-gymnasium.berlin\/index.php\/wp-json\/wp\/v2\/pages\/289\/revisions"}],"predecessor-version":[{"id":13552,"href":"https:\/\/goethe-gymnasium.berlin\/index.php\/wp-json\/wp\/v2\/pages\/289\/revisions\/13552"}],"wp:attachment":[{"href":"https:\/\/goethe-gymnasium.berlin\/index.php\/wp-json\/wp\/v2\/media?parent=289"}],"wp:term":[{"taxonomy":"category","embeddable":true,"href":"https:\/\/goethe-gymnasium.berlin\/index.php\/wp-json\/wp\/v2\/categories?post=289"},{"taxonomy":"post_tag","embeddable":true,"href":"https:\/\/goethe-gymnasium.berlin\/index.php\/wp-json\/wp\/v2\/tags?post=289"}],"curies":[{"name":"wp","href":"https:\/\/api.w.org\/{rel}","templated":true}]}}