{"id":285,"date":"2018-04-24T19:23:40","date_gmt":"2018-04-24T19:23:40","guid":{"rendered":"http:\/\/goethe-gymnasium.berlin\/?page_id=285"},"modified":"2025-05-07T00:03:44","modified_gmt":"2025-05-06T22:03:44","slug":"impressum","status":"publish","type":"page","link":"https:\/\/goethe-gymnasium.berlin\/index.php\/wissenswertes\/impressum\/","title":{"rendered":"Impressum"},"content":{"rendered":"\n<h2 class=\"wp-block-heading\">Dieses Internetangebot wird bereitgestellt von:<\/h2>\n\n\n\n<p><strong>Goethe-Gymnasium Berlin-Wilmersdorf<\/strong><\/p>\n\n\n\n<p>Frau Meurer, Schulleiterin<br>Herr Pohlke, stellvertretender Schulleiter<\/p>\n\n\n\n<p>Gasteiner Stra\u00dfe 23<br>10717 Berlin<br>Deutschland<\/p>\n\n\n\n<p>Telefon: 030-864 996 0<br>Telefax: 030-861 76 80<br>e-mail:\u00a0<span id=\"cloak65582\"><a href=\"mailto:sekretariat@goethe-gymnasium.berlin\" target=\"_blank\" rel=\"noreferrer noopener\"><a href=\"mailto:sekretariat@goethe-gymnasium.berlin\">sekretariat@goethe-gymnasium.berlin<\/a><\/a><\/span><\/p>\n\n\n\n<p><strong>Schultr\u00e4ger:<\/strong>&nbsp;Land Berlin,<br>vertreten durch Bezirksamt Charlottenburg-Wilmersdorf von Berlin<br>Abteilung Schule, Sport, Weiterbildung und Kultur<br>Bezirksstadtr\u00e4tin Heike Schmitt-Schmelz<br>Otto-Suhr-Allee 100, 10585 Berlin,<br>Tel: (030) 9029-14001<br>Fax: (030) 9029-14004<\/p>\n\n\n\n<h2 class=\"wp-block-heading\">F\u00fcr die Betreuung der Seite sind derzeitig zust\u00e4ndig:<\/h2>\n\n\n\n<p><strong>Administration der Homepage<\/strong><\/p>\n\n\n\n<ul class=\"wp-block-list\">\n<li>Frau Meurer, Schulleiterin<\/li>\n\n\n\n<li>Herr Pohlke, stellvertretender Schulleiter (Vertretungsplan)<\/li>\n\n\n\n<li>Frau Dr. Weber, Herr Trenz (Artikel und Bildmaterial)<\/li>\n<\/ul>\n\n\n\n<p><strong>Freie Autor\/innen<\/strong><\/p>\n\n\n\n<ul class=\"wp-block-list\">\n<li>Sch\u00fcler_innen<\/li>\n\n\n\n<li>Lehrer_innen<\/li>\n\n\n\n<li>Eltern<\/li>\n<\/ul>\n\n\n\n<p>E-Mail an das Homepage-Team:\u00a0<span id=\"cloak93031\"><a href=\"mailto:sekretariat@goethe-gymnasium.berlin\" target=\"_blank\" rel=\"noreferrer noopener\"><a href=\"mailto:sekretariat@goethe-gymnasium.berlin\">sekretariat@goethe-gymnasium.berlin<\/a><\/a><\/span>.<br>Bitte schreiben Sie uns unter dem Betreff &#8222;Homepage&#8220;, falls Sie Fehler auf der Seite entdecken oder Anregungen f\u00fcr uns haben. Kritik ist uns immer willkommen!<\/p>\n\n\n\n<p>F\u00fcr alle Informationen und Angelegenheiten, die die Schulleitung betreffen, richten Sie Ihre E-Mail bitte unter dem Betreff &#8222;Schulleitung&#8220; an dieselbe Emailadresse.<\/p>\n\n\n\n<h2 class=\"wp-block-heading\"><em>Haftungsausschluss (Disclaimer) nach dem Teledienstgesetz (TDG):<\/em><\/h2>\n\n\n\n<p><strong>1. Inhalt des Onlineangebotes<\/strong><\/p>\n\n\n\n<p>Der Betreiber dieses Onlineangebotes \u00fcbernimmt keinerlei Gew\u00e4hr f\u00fcr die Aktualit\u00e4t, Korrektheit, Vollst\u00e4ndigkeit oder Qualit\u00e4t der bereitgestellten Informationen.<\/p>\n\n\n\n<p>Haftungsanspr\u00fcche gegen den Betreiber dieses Onlineangebotes, die sich auf Sch\u00e4den materieller oder ideeller Art beziehen, welche durch die Nutzung oder Nichtnutzung der dargebotenen Informationen bzw. durch die Nutzung fehlerhafter und unvollst\u00e4ndiger Informationen verursacht wurden sind grunds\u00e4tzlich ausgeschlossen, sofern seitens des Betreibers dieses Onlineangebotes kein nachweislich vors\u00e4tzliches oder grob fahrl\u00e4ssiges Verschulden vorliegt.<\/p>\n\n\n\n<p>Alle Angebote sind freibleibend und unverbindlich. Der Betreiber dieses Onlineangebotes beh\u00e4lt es sich ausdr\u00fccklich vor, Teile der Seiten oder das gesamte Angebot ohne gesonderte Ank\u00fcndigung zu ver\u00e4ndern, zu erg\u00e4nzen, zu l\u00f6schen oder die Ver\u00f6ffentlichung zeitweise oder endg\u00fcltig einzustellen.<\/p>\n\n\n\n<p><strong>2. Verweise und Links<\/strong><\/p>\n\n\n\n<p>Sofern auf Verweisziele (&#8222;Links&#8220;) direkt oder indirekt verwiesen wird, die au\u00dferhalb des Verantwortungsbereiches des Betreibers dieses Onlineangebotes liegen, haftet dieser nur dann, wenn er von den Inhalten Kenntnis hat und es ihm technisch m\u00f6glich und zumutbar w\u00e4re, die Nutzung im Falle rechtswidriger Inhalte zu verhindern.<\/p>\n\n\n\n<p>F\u00fcr dar\u00fcber hinausgehende Inhalte und insbesondere f\u00fcr Sch\u00e4den, die aus der Nutzung oder Nichtnutzung solcherart dargebotener Informationen entstehen, haftet allein der Anbieter dieser Seiten, nicht derjenige, der \u00fcber Links auf die jeweilige Ver\u00f6ffentlichung lediglich verweist.<\/p>\n\n\n\n<p>Diese Einschr\u00e4nkung gilt gleicherma\u00dfen auch f\u00fcr Fremdeintr\u00e4ge in vom Betreiber dieses Onlineangebotes eingerichteten G\u00e4steb\u00fcchern, Diskussionsforen und Mailinglisten.<\/p>\n\n\n\n<p><strong>3. Urheberrecht<\/strong><\/p>\n\n\n\n<p>Der Betreiber dieses Onlineangebotes ist bestrebt, in allen Publikationen die Urheberrechte der verwendeten Grafiken, Sounds und Texte zu beachten, von ihm selbst erstellte Grafiken, Sounds und Texte zu nutzen oder auf lizenzfreie Grafiken, Sounds und Texte zur\u00fcckzugreifen.<\/p>\n\n\n\n<p>Sollte sich auf den jeweiligen Seiten dennoch eine ungekennzeichnete, aber durch fremdes Copyright gesch\u00fctzte Grafik, ein Sound oder Text befinden, so konnte das Copyright vom Betreiber dieses Onlineangebotes nicht festgestellt werden. Im Falle einer solchen unbeabsichtigten Copyrightverletzung wird der Betreiber dieses Onlineangebotes das entsprechende Objekt nach Benachrichtigung aus seiner Publikation entfernen bzw. mit dem entsprechenden Copyright kenntlich machen.<\/p>\n\n\n\n<p>Das Copyright f\u00fcr ver\u00f6ffentlichte, vom Betreiber dieses Onlineangebotes selbst erstellte Objekte bleibt allein beim Autor der Seiten. Eine Vervielf\u00e4ltigung oder Verwendung solcher Grafiken, Sounds oder Texte in anderen elektronischen oder gedruckten Publikationen ist ohne ausdr\u00fcckliche Zustimmung des Betreibers dieses Onlineangebotes nicht gestattet.<\/p>\n\n\n\n<p><strong>4. Rechtswirksamkeit dieses Haftungsausschlusses<\/strong><\/p>\n\n\n\n<p>Dieser Haftungsausschluss ist als untrennbarer Teil des Internetangebotes zu betrachten, von dem aus auf diese Seite verwiesen wurde. Sofern Teile oder einzelne Formulierungen dieses Textes der geltenden Rechtslage nicht, nicht mehr oder nicht vollst\u00e4ndig entsprechen sollten, bleiben die \u00fcbrigen Teile des Dokumentes in ihrem Inhalt und ihrer G\u00fcltigkeit davon unber\u00fchrt.<\/p>\n","protected":false},"excerpt":{"rendered":"<p>Dieses Internetangebot wird bereitgestellt von: Goethe-Gymnasium Berlin-Wilmersdorf Frau Meurer, SchulleiterinHerr Pohlke, stellvertretender Schulleiter Gasteiner Stra\u00dfe 2310717 BerlinDeutschland Telefon: 030-864 996 <a class=\"more-link\" href=\"https:\/\/goethe-gymnasium.berlin\/index.php\/wissenswertes\/impressum\/\">Weiterlesen &#8230;<\/a><\/p>\n","protected":false},"author":1,"featured_media":0,"parent":259,"menu_order":0,"comment_status":"closed","ping_status":"closed","template":"","meta":{"footnotes":""},"categories":[116],"tags":[132],"class_list":["post-285","page","type-page","status-publish","hentry","category-wissenswertes","tag-impressum"],"yoast_head":"<!-- This site is optimized with the Yoast SEO plugin v27.4 - https:\/\/yoast.com\/product\/yoast-seo-wordpress\/ -->\n<title>Impressum - Goethe-Gymnasium Berlin-Wilmersdorf<\/title>\n<meta name=\"robots\" content=\"index, follow, max-snippet:-1, max-image-preview:large, max-video-preview:-1\" \/>\n<link rel=\"canonical\" href=\"https:\/\/goethe-gymnasium.berlin\/index.php\/wissenswertes\/impressum\/\" \/>\n<meta property=\"og:locale\" content=\"de_DE\" \/>\n<meta property=\"og:type\" content=\"article\" \/>\n<meta property=\"og:title\" content=\"Impressum - Goethe-Gymnasium Berlin-Wilmersdorf\" \/>\n<meta property=\"og:description\" content=\"Dieses Internetangebot wird bereitgestellt von: Goethe-Gymnasium Berlin-Wilmersdorf Frau Meurer, SchulleiterinHerr Pohlke, stellvertretender Schulleiter Gasteiner Stra\u00dfe 2310717 BerlinDeutschland Telefon: 030-864 996 Weiterlesen ...\" \/>\n<meta property=\"og:url\" content=\"https:\/\/goethe-gymnasium.berlin\/index.php\/wissenswertes\/impressum\/\" \/>\n<meta property=\"og:site_name\" content=\"Goethe-Gymnasium Berlin-Wilmersdorf\" \/>\n<meta property=\"article:publisher\" content=\"https:\/\/www.facebook.com\/pages\/Goethe-Gymnasium\/109376575754402\" \/>\n<meta property=\"article:modified_time\" content=\"2025-05-06T22:03:44+00:00\" \/>\n<meta property=\"og:image\" content=\"https:\/\/goethe-gymnasium.berlin\/wp-content\/uploads\/2018\/06\/goethe-front-light.jpg\" \/>\n\t<meta property=\"og:image:width\" content=\"1200\" \/>\n\t<meta property=\"og:image:height\" content=\"600\" \/>\n\t<meta property=\"og:image:type\" content=\"image\/jpeg\" \/>\n<meta name=\"twitter:card\" content=\"summary_large_image\" \/>\n<meta name=\"twitter:label1\" content=\"Gesch\u00e4tzte Lesezeit\" \/>\n\t<meta name=\"twitter:data1\" content=\"4\u00a0Minuten\" \/>\n<script type=\"application\/ld+json\" class=\"yoast-schema-graph\">{\"@context\":\"https:\\\/\\\/schema.org\",\"@graph\":[{\"@type\":\"WebPage\",\"@id\":\"https:\\\/\\\/goethe-gymnasium.berlin\\\/index.php\\\/wissenswertes\\\/impressum\\\/\",\"url\":\"https:\\\/\\\/goethe-gymnasium.berlin\\\/index.php\\\/wissenswertes\\\/impressum\\\/\",\"name\":\"Impressum - Goethe-Gymnasium Berlin-Wilmersdorf\",\"isPartOf\":{\"@id\":\"https:\\\/\\\/goethe-gymnasium.berlin\\\/#website\"},\"datePublished\":\"2018-04-24T19:23:40+00:00\",\"dateModified\":\"2025-05-06T22:03:44+00:00\",\"breadcrumb\":{\"@id\":\"https:\\\/\\\/goethe-gymnasium.berlin\\\/index.php\\\/wissenswertes\\\/impressum\\\/#breadcrumb\"},\"inLanguage\":\"de\",\"potentialAction\":[{\"@type\":\"ReadAction\",\"target\":[\"https:\\\/\\\/goethe-gymnasium.berlin\\\/index.php\\\/wissenswertes\\\/impressum\\\/\"]}]},{\"@type\":\"BreadcrumbList\",\"@id\":\"https:\\\/\\\/goethe-gymnasium.berlin\\\/index.php\\\/wissenswertes\\\/impressum\\\/#breadcrumb\",\"itemListElement\":[{\"@type\":\"ListItem\",\"position\":1,\"name\":\"Startseite\",\"item\":\"https:\\\/\\\/goethe-gymnasium.berlin\\\/\"},{\"@type\":\"ListItem\",\"position\":2,\"name\":\"Wissenswertes\",\"item\":\"https:\\\/\\\/goethe-gymnasium.berlin\\\/index.php\\\/wissenswertes\\\/\"},{\"@type\":\"ListItem\",\"position\":3,\"name\":\"Impressum\"}]},{\"@type\":\"WebSite\",\"@id\":\"https:\\\/\\\/goethe-gymnasium.berlin\\\/#website\",\"url\":\"https:\\\/\\\/goethe-gymnasium.berlin\\\/\",\"name\":\"Goethe-Gymnasium Berlin-Wilmersdorf\",\"description\":\"\",\"publisher\":{\"@id\":\"https:\\\/\\\/goethe-gymnasium.berlin\\\/#organization\"},\"potentialAction\":[{\"@type\":\"SearchAction\",\"target\":{\"@type\":\"EntryPoint\",\"urlTemplate\":\"https:\\\/\\\/goethe-gymnasium.berlin\\\/?s={search_term_string}\"},\"query-input\":{\"@type\":\"PropertyValueSpecification\",\"valueRequired\":true,\"valueName\":\"search_term_string\"}}],\"inLanguage\":\"de\"},{\"@type\":\"Organization\",\"@id\":\"https:\\\/\\\/goethe-gymnasium.berlin\\\/#organization\",\"name\":\"Goethe-Gymnasium Berlin-Wilmersdorf\",\"url\":\"https:\\\/\\\/goethe-gymnasium.berlin\\\/\",\"logo\":{\"@type\":\"ImageObject\",\"inLanguage\":\"de\",\"@id\":\"https:\\\/\\\/goethe-gymnasium.berlin\\\/#\\\/schema\\\/logo\\\/image\\\/\",\"url\":\"https:\\\/\\\/goethe-gymnasium.berlin\\\/wp-content\\\/uploads\\\/2018\\\/04\\\/goethe-logo_hoch.png\",\"contentUrl\":\"https:\\\/\\\/goethe-gymnasium.berlin\\\/wp-content\\\/uploads\\\/2018\\\/04\\\/goethe-logo_hoch.png\",\"width\":755,\"height\":514,\"caption\":\"Goethe-Gymnasium Berlin-Wilmersdorf\"},\"image\":{\"@id\":\"https:\\\/\\\/goethe-gymnasium.berlin\\\/#\\\/schema\\\/logo\\\/image\\\/\"},\"sameAs\":[\"https:\\\/\\\/www.facebook.com\\\/pages\\\/Goethe-Gymnasium\\\/109376575754402\",\"https:\\\/\\\/www.youtube.com\\\/channel\\\/UCMKuMVF9h_YkS3zmEp7SnzQ\"]}]}<\/script>\n<!-- \/ Yoast SEO plugin. -->","yoast_head_json":{"title":"Impressum - Goethe-Gymnasium Berlin-Wilmersdorf","robots":{"index":"index","follow":"follow","max-snippet":"max-snippet:-1","max-image-preview":"max-image-preview:large","max-video-preview":"max-video-preview:-1"},"canonical":"https:\/\/goethe-gymnasium.berlin\/index.php\/wissenswertes\/impressum\/","og_locale":"de_DE","og_type":"article","og_title":"Impressum - Goethe-Gymnasium Berlin-Wilmersdorf","og_description":"Dieses Internetangebot wird bereitgestellt von: Goethe-Gymnasium Berlin-Wilmersdorf Frau Meurer, SchulleiterinHerr Pohlke, stellvertretender Schulleiter Gasteiner Stra\u00dfe 2310717 BerlinDeutschland Telefon: 030-864 996 Weiterlesen ...","og_url":"https:\/\/goethe-gymnasium.berlin\/index.php\/wissenswertes\/impressum\/","og_site_name":"Goethe-Gymnasium Berlin-Wilmersdorf","article_publisher":"https:\/\/www.facebook.com\/pages\/Goethe-Gymnasium\/109376575754402","article_modified_time":"2025-05-06T22:03:44+00:00","og_image":[{"width":1200,"height":600,"url":"https:\/\/goethe-gymnasium.berlin\/wp-content\/uploads\/2018\/06\/goethe-front-light.jpg","type":"image\/jpeg"}],"twitter_card":"summary_large_image","twitter_misc":{"Gesch\u00e4tzte Lesezeit":"4\u00a0Minuten"},"schema":{"@context":"https:\/\/schema.org","@graph":[{"@type":"WebPage","@id":"https:\/\/goethe-gymnasium.berlin\/index.php\/wissenswertes\/impressum\/","url":"https:\/\/goethe-gymnasium.berlin\/index.php\/wissenswertes\/impressum\/","name":"Impressum - Goethe-Gymnasium Berlin-Wilmersdorf","isPartOf":{"@id":"https:\/\/goethe-gymnasium.berlin\/#website"},"datePublished":"2018-04-24T19:23:40+00:00","dateModified":"2025-05-06T22:03:44+00:00","breadcrumb":{"@id":"https:\/\/goethe-gymnasium.berlin\/index.php\/wissenswertes\/impressum\/#breadcrumb"},"inLanguage":"de","potentialAction":[{"@type":"ReadAction","target":["https:\/\/goethe-gymnasium.berlin\/index.php\/wissenswertes\/impressum\/"]}]},{"@type":"BreadcrumbList","@id":"https:\/\/goethe-gymnasium.berlin\/index.php\/wissenswertes\/impressum\/#breadcrumb","itemListElement":[{"@type":"ListItem","position":1,"name":"Startseite","item":"https:\/\/goethe-gymnasium.berlin\/"},{"@type":"ListItem","position":2,"name":"Wissenswertes","item":"https:\/\/goethe-gymnasium.berlin\/index.php\/wissenswertes\/"},{"@type":"ListItem","position":3,"name":"Impressum"}]},{"@type":"WebSite","@id":"https:\/\/goethe-gymnasium.berlin\/#website","url":"https:\/\/goethe-gymnasium.berlin\/","name":"Goethe-Gymnasium Berlin-Wilmersdorf","description":"","publisher":{"@id":"https:\/\/goethe-gymnasium.berlin\/#organization"},"potentialAction":[{"@type":"SearchAction","target":{"@type":"EntryPoint","urlTemplate":"https:\/\/goethe-gymnasium.berlin\/?s={search_term_string}"},"query-input":{"@type":"PropertyValueSpecification","valueRequired":true,"valueName":"search_term_string"}}],"inLanguage":"de"},{"@type":"Organization","@id":"https:\/\/goethe-gymnasium.berlin\/#organization","name":"Goethe-Gymnasium Berlin-Wilmersdorf","url":"https:\/\/goethe-gymnasium.berlin\/","logo":{"@type":"ImageObject","inLanguage":"de","@id":"https:\/\/goethe-gymnasium.berlin\/#\/schema\/logo\/image\/","url":"https:\/\/goethe-gymnasium.berlin\/wp-content\/uploads\/2018\/04\/goethe-logo_hoch.png","contentUrl":"https:\/\/goethe-gymnasium.berlin\/wp-content\/uploads\/2018\/04\/goethe-logo_hoch.png","width":755,"height":514,"caption":"Goethe-Gymnasium Berlin-Wilmersdorf"},"image":{"@id":"https:\/\/goethe-gymnasium.berlin\/#\/schema\/logo\/image\/"},"sameAs":["https:\/\/www.facebook.com\/pages\/Goethe-Gymnasium\/109376575754402","https:\/\/www.youtube.com\/channel\/UCMKuMVF9h_YkS3zmEp7SnzQ"]}]}},"_links":{"self":[{"href":"https:\/\/goethe-gymnasium.berlin\/index.php\/wp-json\/wp\/v2\/pages\/285","targetHints":{"allow":["GET"]}}],"collection":[{"href":"https:\/\/goethe-gymnasium.berlin\/index.php\/wp-json\/wp\/v2\/pages"}],"about":[{"href":"https:\/\/goethe-gymnasium.berlin\/index.php\/wp-json\/wp\/v2\/types\/page"}],"author":[{"embeddable":true,"href":"https:\/\/goethe-gymnasium.berlin\/index.php\/wp-json\/wp\/v2\/users\/1"}],"replies":[{"embeddable":true,"href":"https:\/\/goethe-gymnasium.berlin\/index.php\/wp-json\/wp\/v2\/comments?post=285"}],"version-history":[{"count":7,"href":"https:\/\/goethe-gymnasium.berlin\/index.php\/wp-json\/wp\/v2\/pages\/285\/revisions"}],"predecessor-version":[{"id":13151,"href":"https:\/\/goethe-gymnasium.berlin\/index.php\/wp-json\/wp\/v2\/pages\/285\/revisions\/13151"}],"up":[{"embeddable":true,"href":"https:\/\/goethe-gymnasium.berlin\/index.php\/wp-json\/wp\/v2\/pages\/259"}],"wp:attachment":[{"href":"https:\/\/goethe-gymnasium.berlin\/index.php\/wp-json\/wp\/v2\/media?parent=285"}],"wp:term":[{"taxonomy":"category","embeddable":true,"href":"https:\/\/goethe-gymnasium.berlin\/index.php\/wp-json\/wp\/v2\/categories?post=285"},{"taxonomy":"post_tag","embeddable":true,"href":"https:\/\/goethe-gymnasium.berlin\/index.php\/wp-json\/wp\/v2\/tags?post=285"}],"curies":[{"name":"wp","href":"https:\/\/api.w.org\/{rel}","templated":true}]}}