{"id":283,"date":"2018-04-24T19:22:27","date_gmt":"2018-04-24T19:22:27","guid":{"rendered":"http:\/\/goethe-gymnasium.berlin\/?page_id=283"},"modified":"2025-02-10T21:10:20","modified_gmt":"2025-02-10T20:10:20","slug":"mensa","status":"publish","type":"page","link":"https:\/\/goethe-gymnasium.berlin\/index.php\/wissenswertes\/downloads\/mensa\/","title":{"rendered":"Mittagessen und Mensa(ordnung)"},"content":{"rendered":"\n<p>&#8222;40 Seconds Kids&#8220; ist der neue Caterer f\u00fcr unsere Mensa.<\/p>\n\n\n\n<p><strong>Kontaktdaten:<\/strong><br>Website: <a href=\"https:\/\/40seconds-kids.de\/\" target=\"_blank\" rel=\"noreferrer noopener\">https:\/\/40seconds-kids.de\/<\/a><br>Kontakt: Tel. 030 \u2013 8906 4242<\/p>\n\n\n\n<p><strong>Anmeldung:<\/strong> <a href=\"https:\/\/40seconds-kids.de\/elternzugang\/\" target=\"_blank\" rel=\"noreferrer noopener\">https:\/\/40seconds-kids.de\/elternzugang\/<\/a><br>Hier k\u00f6nnen Sie ggf. die <a href=\"https:\/\/goethe-gymnasium.berlin\/wp-content\/uploads\/2025\/02\/2024-10-14_Elternbrief_Caterer.pdf\">Anleitung zur Anmeldung<\/a> zu Rate ziehen. Insbesondere darf bei der Anmeldung nicht die Angabe der Schulnummer (s. Anleitung) vergessen werden.<\/p>\n\n\n\n<p>Um in der Mensa einen reibungslosen Ablauf und einen m\u00f6glichst ungest\u00f6rten Verzehr der Mahlzeiten zu erm\u00f6glichen, hat die Schulkonferenz eine <a rel=\"noreferrer noopener\" href=\"http:\/\/goethe-gymnasium.berlin\/wp-content\/uploads\/2018\/07\/mensaordnung.pdf\" target=\"_blank\"><strong>Mensaordnung<\/strong><\/a><strong> <\/strong>verabschiedet. <\/p>\n\n\n\n<p><em>Wir w\u00fcnschen &#8222;Guten Appetit&#8220;!<\/em><\/p>\n\n\n\n<p class=\"has-text-align-right\"><em>Text: Herr Trenz \/ Frau Dr. Weber (Schuljahr 2024\/25)<br>Bild: Pixabay<\/em><\/p>\n","protected":false},"excerpt":{"rendered":"<p>&#8222;40 Seconds Kids&#8220; ist der neue Caterer f\u00fcr unsere Mensa. Kontaktdaten:Website: https:\/\/40seconds-kids.de\/Kontakt: Tel. 030 \u2013 8906 4242 Anmeldung: https:\/\/40seconds-kids.de\/elternzugang\/Hier k\u00f6nnen <a class=\"more-link\" href=\"https:\/\/goethe-gymnasium.berlin\/index.php\/wissenswertes\/downloads\/mensa\/\">Weiterlesen &#8230;<\/a><\/p>\n","protected":false},"author":1,"featured_media":12266,"parent":263,"menu_order":0,"comment_status":"closed","ping_status":"closed","template":"","meta":{"footnotes":""},"categories":[116],"tags":[212,213,117,118,214],"class_list":["post-283","page","type-page","status-publish","has-post-thumbnail","hentry","category-wissenswertes","tag-caterer","tag-catering","tag-mensa","tag-mensaordnung","tag-mittagessen"],"yoast_head":"<!-- This site is optimized with the Yoast SEO plugin v27.3 - https:\/\/yoast.com\/product\/yoast-seo-wordpress\/ -->\n<title>Mittagessen und Mensa(ordnung) - Goethe-Gymnasium Berlin-Wilmersdorf<\/title>\n<meta name=\"robots\" content=\"index, follow, max-snippet:-1, max-image-preview:large, max-video-preview:-1\" \/>\n<link rel=\"canonical\" href=\"https:\/\/goethe-gymnasium.berlin\/index.php\/wissenswertes\/downloads\/mensa\/\" \/>\n<meta property=\"og:locale\" content=\"de_DE\" \/>\n<meta property=\"og:type\" content=\"article\" \/>\n<meta property=\"og:title\" content=\"Mittagessen und Mensa(ordnung) - Goethe-Gymnasium Berlin-Wilmersdorf\" \/>\n<meta property=\"og:description\" content=\"&#8222;40 Seconds Kids&#8220; ist der neue Caterer f\u00fcr unsere Mensa. Kontaktdaten:Website: https:\/\/40seconds-kids.de\/Kontakt: Tel. 030 \u2013 8906 4242 Anmeldung: https:\/\/40seconds-kids.de\/elternzugang\/Hier k\u00f6nnen Weiterlesen ...\" \/>\n<meta property=\"og:url\" content=\"https:\/\/goethe-gymnasium.berlin\/index.php\/wissenswertes\/downloads\/mensa\/\" \/>\n<meta property=\"og:site_name\" content=\"Goethe-Gymnasium Berlin-Wilmersdorf\" \/>\n<meta property=\"article:publisher\" content=\"https:\/\/www.facebook.com\/pages\/Goethe-Gymnasium\/109376575754402\" \/>\n<meta property=\"article:modified_time\" content=\"2025-02-10T20:10:20+00:00\" \/>\n<meta property=\"og:image\" content=\"https:\/\/goethe-gymnasium.berlin\/wp-content\/uploads\/2024\/08\/Mensaessen.jpg\" \/>\n\t<meta property=\"og:image:width\" content=\"1280\" \/>\n\t<meta property=\"og:image:height\" content=\"854\" \/>\n\t<meta property=\"og:image:type\" content=\"image\/jpeg\" \/>\n<meta name=\"twitter:card\" content=\"summary_large_image\" \/>\n<meta name=\"twitter:label1\" content=\"Gesch\u00e4tzte Lesezeit\" \/>\n\t<meta name=\"twitter:data1\" content=\"1\u00a0Minute\" \/>\n<script type=\"application\/ld+json\" class=\"yoast-schema-graph\">{\"@context\":\"https:\\\/\\\/schema.org\",\"@graph\":[{\"@type\":\"WebPage\",\"@id\":\"https:\\\/\\\/goethe-gymnasium.berlin\\\/index.php\\\/wissenswertes\\\/downloads\\\/mensa\\\/\",\"url\":\"https:\\\/\\\/goethe-gymnasium.berlin\\\/index.php\\\/wissenswertes\\\/downloads\\\/mensa\\\/\",\"name\":\"Mittagessen und Mensa(ordnung) - Goethe-Gymnasium Berlin-Wilmersdorf\",\"isPartOf\":{\"@id\":\"https:\\\/\\\/goethe-gymnasium.berlin\\\/#website\"},\"primaryImageOfPage\":{\"@id\":\"https:\\\/\\\/goethe-gymnasium.berlin\\\/index.php\\\/wissenswertes\\\/downloads\\\/mensa\\\/#primaryimage\"},\"image\":{\"@id\":\"https:\\\/\\\/goethe-gymnasium.berlin\\\/index.php\\\/wissenswertes\\\/downloads\\\/mensa\\\/#primaryimage\"},\"thumbnailUrl\":\"https:\\\/\\\/goethe-gymnasium.berlin\\\/wp-content\\\/uploads\\\/2024\\\/08\\\/Mensaessen.jpg\",\"datePublished\":\"2018-04-24T19:22:27+00:00\",\"dateModified\":\"2025-02-10T20:10:20+00:00\",\"breadcrumb\":{\"@id\":\"https:\\\/\\\/goethe-gymnasium.berlin\\\/index.php\\\/wissenswertes\\\/downloads\\\/mensa\\\/#breadcrumb\"},\"inLanguage\":\"de\",\"potentialAction\":[{\"@type\":\"ReadAction\",\"target\":[\"https:\\\/\\\/goethe-gymnasium.berlin\\\/index.php\\\/wissenswertes\\\/downloads\\\/mensa\\\/\"]}]},{\"@type\":\"ImageObject\",\"inLanguage\":\"de\",\"@id\":\"https:\\\/\\\/goethe-gymnasium.berlin\\\/index.php\\\/wissenswertes\\\/downloads\\\/mensa\\\/#primaryimage\",\"url\":\"https:\\\/\\\/goethe-gymnasium.berlin\\\/wp-content\\\/uploads\\\/2024\\\/08\\\/Mensaessen.jpg\",\"contentUrl\":\"https:\\\/\\\/goethe-gymnasium.berlin\\\/wp-content\\\/uploads\\\/2024\\\/08\\\/Mensaessen.jpg\",\"width\":1280,\"height\":854},{\"@type\":\"BreadcrumbList\",\"@id\":\"https:\\\/\\\/goethe-gymnasium.berlin\\\/index.php\\\/wissenswertes\\\/downloads\\\/mensa\\\/#breadcrumb\",\"itemListElement\":[{\"@type\":\"ListItem\",\"position\":1,\"name\":\"Startseite\",\"item\":\"https:\\\/\\\/goethe-gymnasium.berlin\\\/\"},{\"@type\":\"ListItem\",\"position\":2,\"name\":\"Wissenswertes\",\"item\":\"https:\\\/\\\/goethe-gymnasium.berlin\\\/index.php\\\/wissenswertes\\\/\"},{\"@type\":\"ListItem\",\"position\":3,\"name\":\"Downloads\",\"item\":\"https:\\\/\\\/goethe-gymnasium.berlin\\\/index.php\\\/wissenswertes\\\/downloads\\\/\"},{\"@type\":\"ListItem\",\"position\":4,\"name\":\"Mittagessen und Mensa(ordnung)\"}]},{\"@type\":\"WebSite\",\"@id\":\"https:\\\/\\\/goethe-gymnasium.berlin\\\/#website\",\"url\":\"https:\\\/\\\/goethe-gymnasium.berlin\\\/\",\"name\":\"Goethe-Gymnasium Berlin-Wilmersdorf\",\"description\":\"\",\"publisher\":{\"@id\":\"https:\\\/\\\/goethe-gymnasium.berlin\\\/#organization\"},\"potentialAction\":[{\"@type\":\"SearchAction\",\"target\":{\"@type\":\"EntryPoint\",\"urlTemplate\":\"https:\\\/\\\/goethe-gymnasium.berlin\\\/?s={search_term_string}\"},\"query-input\":{\"@type\":\"PropertyValueSpecification\",\"valueRequired\":true,\"valueName\":\"search_term_string\"}}],\"inLanguage\":\"de\"},{\"@type\":\"Organization\",\"@id\":\"https:\\\/\\\/goethe-gymnasium.berlin\\\/#organization\",\"name\":\"Goethe-Gymnasium Berlin-Wilmersdorf\",\"url\":\"https:\\\/\\\/goethe-gymnasium.berlin\\\/\",\"logo\":{\"@type\":\"ImageObject\",\"inLanguage\":\"de\",\"@id\":\"https:\\\/\\\/goethe-gymnasium.berlin\\\/#\\\/schema\\\/logo\\\/image\\\/\",\"url\":\"https:\\\/\\\/goethe-gymnasium.berlin\\\/wp-content\\\/uploads\\\/2018\\\/04\\\/goethe-logo_hoch.png\",\"contentUrl\":\"https:\\\/\\\/goethe-gymnasium.berlin\\\/wp-content\\\/uploads\\\/2018\\\/04\\\/goethe-logo_hoch.png\",\"width\":755,\"height\":514,\"caption\":\"Goethe-Gymnasium Berlin-Wilmersdorf\"},\"image\":{\"@id\":\"https:\\\/\\\/goethe-gymnasium.berlin\\\/#\\\/schema\\\/logo\\\/image\\\/\"},\"sameAs\":[\"https:\\\/\\\/www.facebook.com\\\/pages\\\/Goethe-Gymnasium\\\/109376575754402\",\"https:\\\/\\\/www.youtube.com\\\/channel\\\/UCMKuMVF9h_YkS3zmEp7SnzQ\"]}]}<\/script>\n<!-- \/ Yoast SEO plugin. -->","yoast_head_json":{"title":"Mittagessen und Mensa(ordnung) - Goethe-Gymnasium Berlin-Wilmersdorf","robots":{"index":"index","follow":"follow","max-snippet":"max-snippet:-1","max-image-preview":"max-image-preview:large","max-video-preview":"max-video-preview:-1"},"canonical":"https:\/\/goethe-gymnasium.berlin\/index.php\/wissenswertes\/downloads\/mensa\/","og_locale":"de_DE","og_type":"article","og_title":"Mittagessen und Mensa(ordnung) - Goethe-Gymnasium Berlin-Wilmersdorf","og_description":"&#8222;40 Seconds Kids&#8220; ist der neue Caterer f\u00fcr unsere Mensa. Kontaktdaten:Website: https:\/\/40seconds-kids.de\/Kontakt: Tel. 030 \u2013 8906 4242 Anmeldung: https:\/\/40seconds-kids.de\/elternzugang\/Hier k\u00f6nnen Weiterlesen ...","og_url":"https:\/\/goethe-gymnasium.berlin\/index.php\/wissenswertes\/downloads\/mensa\/","og_site_name":"Goethe-Gymnasium Berlin-Wilmersdorf","article_publisher":"https:\/\/www.facebook.com\/pages\/Goethe-Gymnasium\/109376575754402","article_modified_time":"2025-02-10T20:10:20+00:00","og_image":[{"width":1280,"height":854,"url":"https:\/\/goethe-gymnasium.berlin\/wp-content\/uploads\/2024\/08\/Mensaessen.jpg","type":"image\/jpeg"}],"twitter_card":"summary_large_image","twitter_misc":{"Gesch\u00e4tzte Lesezeit":"1\u00a0Minute"},"schema":{"@context":"https:\/\/schema.org","@graph":[{"@type":"WebPage","@id":"https:\/\/goethe-gymnasium.berlin\/index.php\/wissenswertes\/downloads\/mensa\/","url":"https:\/\/goethe-gymnasium.berlin\/index.php\/wissenswertes\/downloads\/mensa\/","name":"Mittagessen und Mensa(ordnung) - Goethe-Gymnasium Berlin-Wilmersdorf","isPartOf":{"@id":"https:\/\/goethe-gymnasium.berlin\/#website"},"primaryImageOfPage":{"@id":"https:\/\/goethe-gymnasium.berlin\/index.php\/wissenswertes\/downloads\/mensa\/#primaryimage"},"image":{"@id":"https:\/\/goethe-gymnasium.berlin\/index.php\/wissenswertes\/downloads\/mensa\/#primaryimage"},"thumbnailUrl":"https:\/\/goethe-gymnasium.berlin\/wp-content\/uploads\/2024\/08\/Mensaessen.jpg","datePublished":"2018-04-24T19:22:27+00:00","dateModified":"2025-02-10T20:10:20+00:00","breadcrumb":{"@id":"https:\/\/goethe-gymnasium.berlin\/index.php\/wissenswertes\/downloads\/mensa\/#breadcrumb"},"inLanguage":"de","potentialAction":[{"@type":"ReadAction","target":["https:\/\/goethe-gymnasium.berlin\/index.php\/wissenswertes\/downloads\/mensa\/"]}]},{"@type":"ImageObject","inLanguage":"de","@id":"https:\/\/goethe-gymnasium.berlin\/index.php\/wissenswertes\/downloads\/mensa\/#primaryimage","url":"https:\/\/goethe-gymnasium.berlin\/wp-content\/uploads\/2024\/08\/Mensaessen.jpg","contentUrl":"https:\/\/goethe-gymnasium.berlin\/wp-content\/uploads\/2024\/08\/Mensaessen.jpg","width":1280,"height":854},{"@type":"BreadcrumbList","@id":"https:\/\/goethe-gymnasium.berlin\/index.php\/wissenswertes\/downloads\/mensa\/#breadcrumb","itemListElement":[{"@type":"ListItem","position":1,"name":"Startseite","item":"https:\/\/goethe-gymnasium.berlin\/"},{"@type":"ListItem","position":2,"name":"Wissenswertes","item":"https:\/\/goethe-gymnasium.berlin\/index.php\/wissenswertes\/"},{"@type":"ListItem","position":3,"name":"Downloads","item":"https:\/\/goethe-gymnasium.berlin\/index.php\/wissenswertes\/downloads\/"},{"@type":"ListItem","position":4,"name":"Mittagessen und Mensa(ordnung)"}]},{"@type":"WebSite","@id":"https:\/\/goethe-gymnasium.berlin\/#website","url":"https:\/\/goethe-gymnasium.berlin\/","name":"Goethe-Gymnasium Berlin-Wilmersdorf","description":"","publisher":{"@id":"https:\/\/goethe-gymnasium.berlin\/#organization"},"potentialAction":[{"@type":"SearchAction","target":{"@type":"EntryPoint","urlTemplate":"https:\/\/goethe-gymnasium.berlin\/?s={search_term_string}"},"query-input":{"@type":"PropertyValueSpecification","valueRequired":true,"valueName":"search_term_string"}}],"inLanguage":"de"},{"@type":"Organization","@id":"https:\/\/goethe-gymnasium.berlin\/#organization","name":"Goethe-Gymnasium Berlin-Wilmersdorf","url":"https:\/\/goethe-gymnasium.berlin\/","logo":{"@type":"ImageObject","inLanguage":"de","@id":"https:\/\/goethe-gymnasium.berlin\/#\/schema\/logo\/image\/","url":"https:\/\/goethe-gymnasium.berlin\/wp-content\/uploads\/2018\/04\/goethe-logo_hoch.png","contentUrl":"https:\/\/goethe-gymnasium.berlin\/wp-content\/uploads\/2018\/04\/goethe-logo_hoch.png","width":755,"height":514,"caption":"Goethe-Gymnasium Berlin-Wilmersdorf"},"image":{"@id":"https:\/\/goethe-gymnasium.berlin\/#\/schema\/logo\/image\/"},"sameAs":["https:\/\/www.facebook.com\/pages\/Goethe-Gymnasium\/109376575754402","https:\/\/www.youtube.com\/channel\/UCMKuMVF9h_YkS3zmEp7SnzQ"]}]}},"_links":{"self":[{"href":"https:\/\/goethe-gymnasium.berlin\/index.php\/wp-json\/wp\/v2\/pages\/283","targetHints":{"allow":["GET"]}}],"collection":[{"href":"https:\/\/goethe-gymnasium.berlin\/index.php\/wp-json\/wp\/v2\/pages"}],"about":[{"href":"https:\/\/goethe-gymnasium.berlin\/index.php\/wp-json\/wp\/v2\/types\/page"}],"author":[{"embeddable":true,"href":"https:\/\/goethe-gymnasium.berlin\/index.php\/wp-json\/wp\/v2\/users\/1"}],"replies":[{"embeddable":true,"href":"https:\/\/goethe-gymnasium.berlin\/index.php\/wp-json\/wp\/v2\/comments?post=283"}],"version-history":[{"count":22,"href":"https:\/\/goethe-gymnasium.berlin\/index.php\/wp-json\/wp\/v2\/pages\/283\/revisions"}],"predecessor-version":[{"id":12901,"href":"https:\/\/goethe-gymnasium.berlin\/index.php\/wp-json\/wp\/v2\/pages\/283\/revisions\/12901"}],"up":[{"embeddable":true,"href":"https:\/\/goethe-gymnasium.berlin\/index.php\/wp-json\/wp\/v2\/pages\/263"}],"wp:featuredmedia":[{"embeddable":true,"href":"https:\/\/goethe-gymnasium.berlin\/index.php\/wp-json\/wp\/v2\/media\/12266"}],"wp:attachment":[{"href":"https:\/\/goethe-gymnasium.berlin\/index.php\/wp-json\/wp\/v2\/media?parent=283"}],"wp:term":[{"taxonomy":"category","embeddable":true,"href":"https:\/\/goethe-gymnasium.berlin\/index.php\/wp-json\/wp\/v2\/categories?post=283"},{"taxonomy":"post_tag","embeddable":true,"href":"https:\/\/goethe-gymnasium.berlin\/index.php\/wp-json\/wp\/v2\/tags?post=283"}],"curies":[{"name":"wp","href":"https:\/\/api.w.org\/{rel}","templated":true}]}}