{"id":275,"date":"2018-04-24T19:21:25","date_gmt":"2018-04-24T19:21:25","guid":{"rendered":"http:\/\/goethe-gymnasium.berlin\/?page_id=275"},"modified":"2024-10-13T22:43:49","modified_gmt":"2024-10-13T20:43:49","slug":"oberstufe","status":"publish","type":"page","link":"https:\/\/goethe-gymnasium.berlin\/index.php\/schuelerschaft\/oberstufe\/","title":{"rendered":"Oberstufe"},"content":{"rendered":"\n<p class=\"has-luminous-vivid-amber-background-color has-background\">F\u00fcr die Sch\u00fcler und Sch\u00fclerinnen der <strong>Oberstufe<\/strong> finden sich im Folgenden verschiedene<strong> Informationen zum Herunterladen<\/strong>. F\u00fcr weitere und nur schulinterne Informationen verweisen wir auf den <strong><a href=\"https:\/\/www.lernraum-berlin.de\/start\/de\/\" target=\"_blank\" rel=\"noreferrer noopener\">Lernraum Berlin<\/a><\/strong> mit einem eigenen <strong>Lernraumkurs &#8222;Oberstufe&#8220;<\/strong>. Die notwendigen Hinweise zur Einschreibung erhalten Sie von der Oberstufenkoordinatorin.<\/p>\n\n\n\n<h4 class=\"wp-block-heading\">Allgemeine Informationen zur Oberstufe<\/h4>\n\n\n\n<ul class=\"wp-block-list\">\n<li><a href=\"https:\/\/goethe-gymnasium.berlin\/wp-content\/uploads\/2022\/12\/Info_GO_Klasse10_Schueler_2023hp.pdf\" target=\"_blank\" rel=\"noreferrer noopener\">Allgemeine Informationen 2022\/23<\/a> (Folienvortrag Frau Dr. Weber)<\/li>\n\n\n\n<li><a href=\"https:\/\/goethe-gymnasium.berlin\/wp-content\/uploads\/2022\/12\/Wegweiser-GO-2022-23.pdf\" target=\"_blank\" rel=\"noreferrer noopener\">Auf Kurs zum Abitur (2022\/23)<\/a>&nbsp;(Heft der Senatsschulverwaltung; Wegweiser durch die gymnasiale Oberstufe)<\/li>\n\n\n\n<li><a href=\"http:\/\/goethe-gymnasium.berlin\/wp-content\/uploads\/2018\/08\/checkliste_kurswahl.pdf\" target=\"_blank\" rel=\"noreferrer noopener\">Checkliste zur Kurswahl und zu den Pr\u00fcfungsf\u00e4chern<\/a> (Senatsschulverwaltung)<\/li>\n\n\n\n<li><a href=\"http:\/\/goethe-gymnasium.berlin\/wp-content\/uploads\/2018\/08\/wahl_altsprachlich.pdf\" target=\"_blank\" rel=\"noreferrer noopener\">Wahltabelle zum altsprachlichen Bildungsgang<\/a><\/li>\n\n\n\n<li><a href=\"https:\/\/goethe-gymnasium.berlin\/wp-content\/uploads\/2021\/09\/Info_drei-Leistungskurse.pdf\" target=\"_blank\" rel=\"noreferrer noopener\">Informationen zum dritten Leistungskurs<\/a><\/li>\n\n\n\n<li><a href=\"http:\/\/goethe-gymnasium.berlin\/wp-content\/uploads\/2020\/01\/hinweise_fehlzeiten2020.pdf\" target=\"_blank\" rel=\"noopener noreferrer\">Informationen zum Umgang mit Fehlzeiten<\/a><\/li>\n\n\n\n<li><a href=\"http:\/\/goethe-gymnasium.berlin\/wp-content\/uploads\/2018\/08\/info_sportunfaehigkeit.pdf\" target=\"_blank\" rel=\"noreferrer noopener\">Informationen zur Sportunf\u00e4higkeit<\/a><\/li>\n<\/ul>\n\n\n\n<h4 class=\"wp-block-heading\">Informationen zu den Abiturpr\u00fcfungen<\/h4>\n\n\n\n<ul class=\"wp-block-list\">\n<li><a href=\"http:\/\/goethe-gymnasium.berlin\/wp-content\/uploads\/2018\/08\/abitur-allgemein.pdf\">Allgemeine Pr\u00fcfungsbestimmungen<\/a><\/li>\n\n\n\n<li><a href=\"http:\/\/goethe-gymnasium.berlin\/wp-content\/uploads\/2018\/08\/abitur-pruefungen01.pdf\">Pr\u00fcfungsbestimmungen zum schriftlichen und m\u00fcndlichen Abitur<\/a><\/li>\n\n\n\n<li><a href=\"http:\/\/goethe-gymnasium.berlin\/wp-content\/uploads\/2018\/08\/abitur-pruefungen02.pdf\">Pr\u00fcfungsbestimmungen zur 5. Pr\u00fcfungskomponente<\/a><\/li>\n\n\n\n<li><a href=\"http:\/\/goethe-gymnasium.berlin\/wp-content\/uploads\/2018\/08\/handreichung_pk_5.pdf\">Handreichung zur 5. Pr\u00fcfungskomponente<\/a> (Heft der Senatsschulverwaltung von 2012)<\/li>\n\n\n\n<li><a href=\"http:\/\/goethe-gymnasium.berlin\/wp-content\/uploads\/2018\/08\/anforderungen_BLL.pdf\">Anforderungen an die BLL<\/a><\/li>\n\n\n\n<li><a href=\"http:\/\/goethe-gymnasium.berlin\/wp-content\/uploads\/2018\/08\/anforderungen_praesentation_schriftlich.pdf\">Anforderun<\/a><a href=\"http:\/\/goethe-gymnasium.berlin\/wp-content\/uploads\/2018\/08\/anforderungen_praesentation_schriftlich.pdf\">gen an die schriftliche Ausarbeitung der Pr\u00e4sentationspr\u00fcfung<\/a><\/li>\n\n\n\n<li><a href=\"http:\/\/goethe-gymnasium.berlin\/wp-content\/uploads\/2019\/03\/Hinweise_PK5.pdf\" target=\"_blank\" rel=\"noopener noreferrer\">Hinweise zur Pr\u00e4sentationspr\u00fcfung<\/a> (Kurzinfo, Frau Dr. Weber)<\/li>\n<\/ul>\n\n\n\n<h4 class=\"wp-block-heading\">Pl\u00e4ne<\/h4>\n\n\n\n<ul class=\"wp-block-list\">\n<li><a href=\"http:\/\/goethe-gymnasium.berlin\/index.php\/terminuebersichten\/pruefungen-abitur\/\" target=\"_blank\" rel=\"noopener noreferrer\">Abiturpr\u00fcfungen der Oberstufe 2024<\/a> (Stand 14.10.2024)<\/li>\n<\/ul>\n\n\n\n<h4 class=\"wp-block-heading\">Formulare<\/h4>\n\n\n\n<ul class=\"wp-block-list\">\n<li>Formular zur Kurswahl 2022\/23 (derzeitig m\u00f6gliche Leistungskurse bitte erfragen)<\/li>\n\n\n\n<li><a href=\"http:\/\/goethe-gymnasium.berlin\/wp-content\/uploads\/2018\/08\/fehlzeiten.pdf\">Unterrichtsvers\u00e4umnisse in der Oberstufe<\/a><\/li>\n\n\n\n<li><a href=\"http:\/\/goethe-gymnasium.berlin\/wp-content\/uploads\/2020\/01\/fehlzeiten_uebersicht.pdf\" target=\"_blank\" rel=\"noopener noreferrer\">\u00dcbersicht \u00fcber pers\u00f6nliche Fehlzeiten<\/a><\/li>\n<\/ul>\n","protected":false},"excerpt":{"rendered":"<p>F\u00fcr die Sch\u00fcler und Sch\u00fclerinnen der Oberstufe finden sich im Folgenden verschiedene Informationen zum Herunterladen. F\u00fcr weitere und nur schulinterne <a class=\"more-link\" href=\"https:\/\/goethe-gymnasium.berlin\/index.php\/schuelerschaft\/oberstufe\/\">Weiterlesen &#8230;<\/a><\/p>\n","protected":false},"author":4,"featured_media":0,"parent":219,"menu_order":0,"comment_status":"closed","ping_status":"closed","template":"","meta":{"footnotes":""},"categories":[35],"tags":[154],"class_list":["post-275","page","type-page","status-publish","hentry","category-schuelerschaft","tag-oberstufe"],"yoast_head":"<!-- This site is optimized with the Yoast SEO plugin v27.3 - https:\/\/yoast.com\/product\/yoast-seo-wordpress\/ -->\n<title>Oberstufe - Goethe-Gymnasium Berlin-Wilmersdorf<\/title>\n<meta name=\"description\" content=\"Oberstufe\" \/>\n<meta name=\"robots\" content=\"index, follow, max-snippet:-1, max-image-preview:large, max-video-preview:-1\" \/>\n<link rel=\"canonical\" href=\"https:\/\/goethe-gymnasium.berlin\/index.php\/schuelerschaft\/oberstufe\/\" \/>\n<meta property=\"og:locale\" content=\"de_DE\" \/>\n<meta property=\"og:type\" content=\"article\" \/>\n<meta property=\"og:title\" content=\"Oberstufe - Goethe-Gymnasium Berlin-Wilmersdorf\" \/>\n<meta property=\"og:description\" content=\"Oberstufe\" \/>\n<meta property=\"og:url\" content=\"https:\/\/goethe-gymnasium.berlin\/index.php\/schuelerschaft\/oberstufe\/\" \/>\n<meta property=\"og:site_name\" content=\"Goethe-Gymnasium Berlin-Wilmersdorf\" \/>\n<meta property=\"article:publisher\" content=\"https:\/\/www.facebook.com\/pages\/Goethe-Gymnasium\/109376575754402\" \/>\n<meta property=\"article:modified_time\" content=\"2024-10-13T20:43:49+00:00\" \/>\n<meta property=\"og:image\" content=\"https:\/\/goethe-gymnasium.berlin\/wp-content\/uploads\/2018\/06\/goethe-front-light.jpg\" \/>\n\t<meta property=\"og:image:width\" content=\"1200\" \/>\n\t<meta property=\"og:image:height\" content=\"600\" \/>\n\t<meta property=\"og:image:type\" content=\"image\/jpeg\" \/>\n<meta name=\"twitter:card\" content=\"summary_large_image\" \/>\n<meta name=\"twitter:label1\" content=\"Gesch\u00e4tzte Lesezeit\" \/>\n\t<meta name=\"twitter:data1\" content=\"1\u00a0Minute\" \/>\n<script type=\"application\/ld+json\" class=\"yoast-schema-graph\">{\"@context\":\"https:\\\/\\\/schema.org\",\"@graph\":[{\"@type\":\"WebPage\",\"@id\":\"https:\\\/\\\/goethe-gymnasium.berlin\\\/index.php\\\/schuelerschaft\\\/oberstufe\\\/\",\"url\":\"https:\\\/\\\/goethe-gymnasium.berlin\\\/index.php\\\/schuelerschaft\\\/oberstufe\\\/\",\"name\":\"Oberstufe - Goethe-Gymnasium Berlin-Wilmersdorf\",\"isPartOf\":{\"@id\":\"https:\\\/\\\/goethe-gymnasium.berlin\\\/#website\"},\"datePublished\":\"2018-04-24T19:21:25+00:00\",\"dateModified\":\"2024-10-13T20:43:49+00:00\",\"description\":\"Oberstufe\",\"breadcrumb\":{\"@id\":\"https:\\\/\\\/goethe-gymnasium.berlin\\\/index.php\\\/schuelerschaft\\\/oberstufe\\\/#breadcrumb\"},\"inLanguage\":\"de\",\"potentialAction\":[{\"@type\":\"ReadAction\",\"target\":[\"https:\\\/\\\/goethe-gymnasium.berlin\\\/index.php\\\/schuelerschaft\\\/oberstufe\\\/\"]}]},{\"@type\":\"BreadcrumbList\",\"@id\":\"https:\\\/\\\/goethe-gymnasium.berlin\\\/index.php\\\/schuelerschaft\\\/oberstufe\\\/#breadcrumb\",\"itemListElement\":[{\"@type\":\"ListItem\",\"position\":1,\"name\":\"Startseite\",\"item\":\"https:\\\/\\\/goethe-gymnasium.berlin\\\/\"},{\"@type\":\"ListItem\",\"position\":2,\"name\":\"Sch\u00fclerschaft\",\"item\":\"https:\\\/\\\/goethe-gymnasium.berlin\\\/index.php\\\/schuelerschaft\\\/\"},{\"@type\":\"ListItem\",\"position\":3,\"name\":\"Oberstufe\"}]},{\"@type\":\"WebSite\",\"@id\":\"https:\\\/\\\/goethe-gymnasium.berlin\\\/#website\",\"url\":\"https:\\\/\\\/goethe-gymnasium.berlin\\\/\",\"name\":\"Goethe-Gymnasium Berlin-Wilmersdorf\",\"description\":\"\",\"publisher\":{\"@id\":\"https:\\\/\\\/goethe-gymnasium.berlin\\\/#organization\"},\"potentialAction\":[{\"@type\":\"SearchAction\",\"target\":{\"@type\":\"EntryPoint\",\"urlTemplate\":\"https:\\\/\\\/goethe-gymnasium.berlin\\\/?s={search_term_string}\"},\"query-input\":{\"@type\":\"PropertyValueSpecification\",\"valueRequired\":true,\"valueName\":\"search_term_string\"}}],\"inLanguage\":\"de\"},{\"@type\":\"Organization\",\"@id\":\"https:\\\/\\\/goethe-gymnasium.berlin\\\/#organization\",\"name\":\"Goethe-Gymnasium Berlin-Wilmersdorf\",\"url\":\"https:\\\/\\\/goethe-gymnasium.berlin\\\/\",\"logo\":{\"@type\":\"ImageObject\",\"inLanguage\":\"de\",\"@id\":\"https:\\\/\\\/goethe-gymnasium.berlin\\\/#\\\/schema\\\/logo\\\/image\\\/\",\"url\":\"https:\\\/\\\/goethe-gymnasium.berlin\\\/wp-content\\\/uploads\\\/2018\\\/04\\\/goethe-logo_hoch.png\",\"contentUrl\":\"https:\\\/\\\/goethe-gymnasium.berlin\\\/wp-content\\\/uploads\\\/2018\\\/04\\\/goethe-logo_hoch.png\",\"width\":755,\"height\":514,\"caption\":\"Goethe-Gymnasium Berlin-Wilmersdorf\"},\"image\":{\"@id\":\"https:\\\/\\\/goethe-gymnasium.berlin\\\/#\\\/schema\\\/logo\\\/image\\\/\"},\"sameAs\":[\"https:\\\/\\\/www.facebook.com\\\/pages\\\/Goethe-Gymnasium\\\/109376575754402\",\"https:\\\/\\\/www.youtube.com\\\/channel\\\/UCMKuMVF9h_YkS3zmEp7SnzQ\"]}]}<\/script>\n<!-- \/ Yoast SEO plugin. -->","yoast_head_json":{"title":"Oberstufe - Goethe-Gymnasium Berlin-Wilmersdorf","description":"Oberstufe","robots":{"index":"index","follow":"follow","max-snippet":"max-snippet:-1","max-image-preview":"max-image-preview:large","max-video-preview":"max-video-preview:-1"},"canonical":"https:\/\/goethe-gymnasium.berlin\/index.php\/schuelerschaft\/oberstufe\/","og_locale":"de_DE","og_type":"article","og_title":"Oberstufe - Goethe-Gymnasium Berlin-Wilmersdorf","og_description":"Oberstufe","og_url":"https:\/\/goethe-gymnasium.berlin\/index.php\/schuelerschaft\/oberstufe\/","og_site_name":"Goethe-Gymnasium Berlin-Wilmersdorf","article_publisher":"https:\/\/www.facebook.com\/pages\/Goethe-Gymnasium\/109376575754402","article_modified_time":"2024-10-13T20:43:49+00:00","og_image":[{"width":1200,"height":600,"url":"https:\/\/goethe-gymnasium.berlin\/wp-content\/uploads\/2018\/06\/goethe-front-light.jpg","type":"image\/jpeg"}],"twitter_card":"summary_large_image","twitter_misc":{"Gesch\u00e4tzte Lesezeit":"1\u00a0Minute"},"schema":{"@context":"https:\/\/schema.org","@graph":[{"@type":"WebPage","@id":"https:\/\/goethe-gymnasium.berlin\/index.php\/schuelerschaft\/oberstufe\/","url":"https:\/\/goethe-gymnasium.berlin\/index.php\/schuelerschaft\/oberstufe\/","name":"Oberstufe - Goethe-Gymnasium Berlin-Wilmersdorf","isPartOf":{"@id":"https:\/\/goethe-gymnasium.berlin\/#website"},"datePublished":"2018-04-24T19:21:25+00:00","dateModified":"2024-10-13T20:43:49+00:00","description":"Oberstufe","breadcrumb":{"@id":"https:\/\/goethe-gymnasium.berlin\/index.php\/schuelerschaft\/oberstufe\/#breadcrumb"},"inLanguage":"de","potentialAction":[{"@type":"ReadAction","target":["https:\/\/goethe-gymnasium.berlin\/index.php\/schuelerschaft\/oberstufe\/"]}]},{"@type":"BreadcrumbList","@id":"https:\/\/goethe-gymnasium.berlin\/index.php\/schuelerschaft\/oberstufe\/#breadcrumb","itemListElement":[{"@type":"ListItem","position":1,"name":"Startseite","item":"https:\/\/goethe-gymnasium.berlin\/"},{"@type":"ListItem","position":2,"name":"Sch\u00fclerschaft","item":"https:\/\/goethe-gymnasium.berlin\/index.php\/schuelerschaft\/"},{"@type":"ListItem","position":3,"name":"Oberstufe"}]},{"@type":"WebSite","@id":"https:\/\/goethe-gymnasium.berlin\/#website","url":"https:\/\/goethe-gymnasium.berlin\/","name":"Goethe-Gymnasium Berlin-Wilmersdorf","description":"","publisher":{"@id":"https:\/\/goethe-gymnasium.berlin\/#organization"},"potentialAction":[{"@type":"SearchAction","target":{"@type":"EntryPoint","urlTemplate":"https:\/\/goethe-gymnasium.berlin\/?s={search_term_string}"},"query-input":{"@type":"PropertyValueSpecification","valueRequired":true,"valueName":"search_term_string"}}],"inLanguage":"de"},{"@type":"Organization","@id":"https:\/\/goethe-gymnasium.berlin\/#organization","name":"Goethe-Gymnasium Berlin-Wilmersdorf","url":"https:\/\/goethe-gymnasium.berlin\/","logo":{"@type":"ImageObject","inLanguage":"de","@id":"https:\/\/goethe-gymnasium.berlin\/#\/schema\/logo\/image\/","url":"https:\/\/goethe-gymnasium.berlin\/wp-content\/uploads\/2018\/04\/goethe-logo_hoch.png","contentUrl":"https:\/\/goethe-gymnasium.berlin\/wp-content\/uploads\/2018\/04\/goethe-logo_hoch.png","width":755,"height":514,"caption":"Goethe-Gymnasium Berlin-Wilmersdorf"},"image":{"@id":"https:\/\/goethe-gymnasium.berlin\/#\/schema\/logo\/image\/"},"sameAs":["https:\/\/www.facebook.com\/pages\/Goethe-Gymnasium\/109376575754402","https:\/\/www.youtube.com\/channel\/UCMKuMVF9h_YkS3zmEp7SnzQ"]}]}},"_links":{"self":[{"href":"https:\/\/goethe-gymnasium.berlin\/index.php\/wp-json\/wp\/v2\/pages\/275","targetHints":{"allow":["GET"]}}],"collection":[{"href":"https:\/\/goethe-gymnasium.berlin\/index.php\/wp-json\/wp\/v2\/pages"}],"about":[{"href":"https:\/\/goethe-gymnasium.berlin\/index.php\/wp-json\/wp\/v2\/types\/page"}],"author":[{"embeddable":true,"href":"https:\/\/goethe-gymnasium.berlin\/index.php\/wp-json\/wp\/v2\/users\/4"}],"replies":[{"embeddable":true,"href":"https:\/\/goethe-gymnasium.berlin\/index.php\/wp-json\/wp\/v2\/comments?post=275"}],"version-history":[{"count":45,"href":"https:\/\/goethe-gymnasium.berlin\/index.php\/wp-json\/wp\/v2\/pages\/275\/revisions"}],"predecessor-version":[{"id":12477,"href":"https:\/\/goethe-gymnasium.berlin\/index.php\/wp-json\/wp\/v2\/pages\/275\/revisions\/12477"}],"up":[{"embeddable":true,"href":"https:\/\/goethe-gymnasium.berlin\/index.php\/wp-json\/wp\/v2\/pages\/219"}],"wp:attachment":[{"href":"https:\/\/goethe-gymnasium.berlin\/index.php\/wp-json\/wp\/v2\/media?parent=275"}],"wp:term":[{"taxonomy":"category","embeddable":true,"href":"https:\/\/goethe-gymnasium.berlin\/index.php\/wp-json\/wp\/v2\/categories?post=275"},{"taxonomy":"post_tag","embeddable":true,"href":"https:\/\/goethe-gymnasium.berlin\/index.php\/wp-json\/wp\/v2\/tags?post=275"}],"curies":[{"name":"wp","href":"https:\/\/api.w.org\/{rel}","templated":true}]}}