{"id":263,"date":"2018-04-24T19:19:43","date_gmt":"2018-04-24T19:19:43","guid":{"rendered":"http:\/\/goethe-gymnasium.berlin\/?page_id=263"},"modified":"2026-01-05T22:19:38","modified_gmt":"2026-01-05T21:19:38","slug":"downloads","status":"publish","type":"page","link":"https:\/\/goethe-gymnasium.berlin\/index.php\/wissenswertes\/downloads\/","title":{"rendered":"Downloads"},"content":{"rendered":"\n<p>Im Folgenden finden Sie in alphabetischer Reihenfolge verschiedene Formulare, Informationen und Hinweise zum Herunterladen.<\/p>\n\n\n\n<p>F\u00fcr das Lesen der Dateien im pdf-Format wird der <a rel=\"noopener noreferrer\" href=\"https:\/\/get.adobe.com\/de\/reader\/\" target=\"_blank\">Adobe Acrobat Reader<\/a> oder ein vergleichbares Programm ben\u00f6tigt:<\/p>\n\n\n\n<h4 class=\"wp-block-heading\">Formulare:<\/h4>\n\n\n\n<ul class=\"wp-block-list\">\n<li><a href=\"https:\/\/goethe-gymnasium.berlin\/wp-content\/uploads\/2026\/01\/Anmeldebogen-2026-27.pdf\">Anmeldebogen f\u00fcr das Schuljahr 2026\/27<\/a><\/li>\n\n\n\n<li><a href=\"https:\/\/goethe-gymnasium.berlin\/wp-content\/uploads\/2025\/02\/Anmeldung-Foerderunterricht-AG.pdf\" target=\"_blank\" rel=\"noreferrer noopener\">Anmeldebogen F\u00f6rderunterricht \/ AG<\/a> (Stand: Februar 2025)<\/li>\n\n\n\n<li><a href=\"https:\/\/goethe-gymnasium.berlin\/wp-content\/uploads\/2020\/09\/formular_entschuldigung.pdf\" target=\"_blank\" rel=\"noreferrer noopener\">Entschuldigungsformular<\/a><\/li>\n\n\n\n<li><a href=\"http:\/\/goethe-gymnasium.berlin\/wp-content\/uploads\/2020\/08\/lernraum_einverst\u00e4ndnis.pdf\" target=\"_blank\" rel=\"noreferrer noopener\">Lernraum Berlin &#8211; Einverst\u00e4ndniserkl\u00e4rung<\/a><\/li>\n\n\n\n<li><a href=\"https:\/\/goethe-gymnasium.berlin\/wp-content\/uploads\/2023\/08\/Omnibus-Anmeldung.pdf\" target=\"_blank\" rel=\"noreferrer noopener\">Anmeldung zum Omnibus<\/a><\/li>\n<\/ul>\n\n\n\n<h4 class=\"wp-block-heading\">Informationen von A bis Z:<\/h4>\n\n\n\n<ul class=\"wp-block-list\">\n<li><a href=\"https:\/\/goethe-gymnasium.berlin\/index.php\/schule\/arbeitsgemeinschaften\/\" target=\"_blank\" rel=\"noreferrer noopener\">AG-Angebot<\/a><\/li>\n\n\n\n<li><a href=\"http:\/\/goethe-gymnasium.berlin\/wp-content\/uploads\/2018\/11\/studienfahrten-antike.pdf\" target=\"_blank\" rel=\"noopener noreferrer\">Altsprachliche Studienfahrten<\/a> (Stand: Juni 2017)<\/li>\n\n\n\n<li><a href=\"https:\/\/goethe-gymnasium.berlin\/index.php\/anmeldung\/2\/\" target=\"_blank\" rel=\"noreferrer noopener\">Anmeldeverfahren<\/a> f\u00fcr neue F\u00fcnftkl\u00e4ssler:innen<\/li>\n\n\n\n<li><a href=\"https:\/\/goethe-gymnasium.berlin\/wp-content\/uploads\/2025\/04\/Buecherlisten-2025-26.pdf\" target=\"_blank\" rel=\"noreferrer noopener\">B\u00fccherlisten Klasse 7 bis 12 f\u00fcr das Schuljahr 2025\/26<\/a> (Stand: April 2025)\n<ul class=\"wp-block-list\">\n<li><a href=\"https:\/\/goethe-gymnasium.berlin\/wp-content\/uploads\/2025\/04\/Info_Buecherbefreiung-2025.pdf\" target=\"_blank\" rel=\"noreferrer noopener\">Information zur B\u00fccherbefreiung<\/a> (Stand: April 2025)<\/li>\n<\/ul>\n<\/li>\n\n\n\n<li><a href=\"https:\/\/goethe-gymnasium.berlin\/wp-content\/uploads\/2024\/01\/TdoT_Praesentation.pdf\" target=\"_blank\" rel=\"noreferrer noopener\">Informationen f\u00fcr Grundschuleltern<\/a> (Pr\u00e4sentation der Schulleitung; Stand Januar 2024)<\/li>\n\n\n\n<li><a href=\"https:\/\/goethe-gymnasium.berlin\/wp-content\/uploads\/2021\/01\/uebersicht_hilfsangebote.pdf\" target=\"_blank\" rel=\"noreferrer noopener\">Hilfsangebote im Notfall<\/a> (Stand: Januar 2021)<\/li>\n\n\n\n<li><a href=\"https:\/\/goethe-gymnasium.berlin\/wp-content\/uploads\/2022\/10\/Medienkonzept-2022.pdf\" target=\"_blank\" rel=\"noreferrer noopener\">Medienkonzept<\/a> im \u00dcberblick (Stand: Oktober 2022)<\/li>\n\n\n\n<li><a href=\"http:\/\/goethe-gymnasium.berlin\/index.php\/wissenswertes\/downloads\/mensa\/\" target=\"_blank\" rel=\"noopener noreferrer\">Mensa und Mensaordnung<\/a> (neuer Caterer &#8211; Stand: August 2024)\n<ul class=\"wp-block-list\">\n<li>Speiseplan<\/li>\n<\/ul>\n<\/li>\n\n\n\n<li><a href=\"https:\/\/www.berlin.de\/sen\/bildung\/unterstuetzung\/gewalt-und-notfaelle\/\" target=\"_blank\" rel=\"noreferrer noopener\">Notf\u00e4lle und Krisen an Schulen<\/a> (SenBJF)<\/li>\n\n\n\n<li><a href=\"https:\/\/goethe-gymnasium.berlin\/wp-content\/uploads\/2020\/10\/schulbroschuere2020.pdf\" target=\"_blank\" rel=\"noreferrer noopener\">Schulbrosch\u00fcre<\/a> mit Kurzinfos \u00fcber das Goethe-Gymnasium (Oktober 2020)<\/li>\n\n\n\n<li><a href=\"http:\/\/goethe-gymnasium.berlin\/wp-content\/uploads\/2020\/01\/schulinspektionsbericht2019.pdf\" target=\"_blank\" rel=\"noopener noreferrer\">Schulinspektionsbericht<\/a> (Oktober 2019)<\/li>\n\n\n\n<li><a href=\"http:\/\/goethe-gymnasium.berlin\/index.php\/wissenswertes\/downloads\/schulinterne-curricula\/\" target=\"_blank\" rel=\"noopener noreferrer\">Schulinterne Curricula<\/a> (Stand: M\u00e4rz 2021)<\/li>\n\n\n\n<li><a href=\"https:\/\/goethe-gymnasium.berlin\/wp-content\/uploads\/2022\/09\/GoetheGymnasium-Schulprogramm.pdf\" target=\"_blank\" rel=\"noreferrer noopener\">Schulprogramm<\/a> (Stand: September 2022)<\/li>\n\n\n\n<li><a href=\"https:\/\/goethe-gymnasium.berlin\/wp-content\/uploads\/2024\/06\/2024-06-20-Schul-und-Hausordnung.pdf\" target=\"_blank\" rel=\"noreferrer noopener\">Schul- und Hausordnung<\/a> (Stand: Juni 2024)<\/li>\n\n\n\n<li><a href=\"https:\/\/goethe-gymnasium.berlin\/wp-content\/uploads\/2024\/04\/Schaubild_Sozialpaedagogisches-Team.pdf\" target=\"_blank\" rel=\"noreferrer noopener\">Sozialp\u00e4dagisches Team<\/a> (Stand: April 2024)<\/li>\n\n\n\n<li><a href=\"http:\/\/goethe-gymnasium.berlin\/wp-content\/uploads\/2019\/01\/stundentafel2018.pdf\">Stundentafel<\/a> (Stand: Juli 2018)<\/li>\n\n\n\n<li><a href=\"https:\/\/goethe-gymnasium.berlin\/wp-content\/uploads\/2025\/04\/Stunden-und-Essenszeiten-2024-25.pdf\">Stunden- und Pausenzeiten 2024\/25<\/a><\/li>\n\n\n\n<li><a href=\"http:\/\/goethe-gymnasium.berlin\/wp-content\/uploads\/2019\/02\/information_datenverarbeitung.pdf\" target=\"_blank\" rel=\"noopener noreferrer\">Verarbeitung personenbezogener Daten<\/a> (Stand: Februar 2018)<\/li>\n<\/ul>\n","protected":false},"excerpt":{"rendered":"<p>Im Folgenden finden Sie in alphabetischer Reihenfolge verschiedene Formulare, Informationen und Hinweise zum Herunterladen. F\u00fcr das Lesen der Dateien im <a class=\"more-link\" href=\"https:\/\/goethe-gymnasium.berlin\/index.php\/wissenswertes\/downloads\/\">Weiterlesen &#8230;<\/a><\/p>\n","protected":false},"author":4,"featured_media":9791,"parent":259,"menu_order":0,"comment_status":"closed","ping_status":"closed","template":"","meta":{"footnotes":""},"categories":[116],"tags":[176,181,174,20,386,122,137,120,117,118,177,123,178,183,251,252,205,121,179,175,180],"class_list":["post-263","page","type-page","status-publish","has-post-thumbnail","hentry","category-wissenswertes","tag-buecherlisten","tag-datenschutzverordnung","tag-downloads","tag-elternbrief","tag-formulare","tag-hausordnung","tag-informationsabend","tag-medienkonzept","tag-mensa","tag-mensaordnung","tag-pausenordnung","tag-schul-und-hausordnung","tag-schulbroschuere","tag-schulinspektion","tag-schulinspektion-2019","tag-schulinspektionsbericht","tag-schulinterne-curricula","tag-schulordnung","tag-schulprogramm","tag-studienfahrten","tag-stundentafel"],"yoast_head":"<!-- This site is optimized with the Yoast SEO plugin v27.4 - https:\/\/yoast.com\/product\/yoast-seo-wordpress\/ -->\n<title>Downloads - Goethe-Gymnasium Berlin-Wilmersdorf<\/title>\n<meta name=\"robots\" content=\"index, follow, max-snippet:-1, max-image-preview:large, max-video-preview:-1\" \/>\n<link rel=\"canonical\" href=\"https:\/\/goethe-gymnasium.berlin\/index.php\/wissenswertes\/downloads\/\" \/>\n<meta property=\"og:locale\" content=\"de_DE\" \/>\n<meta property=\"og:type\" content=\"article\" \/>\n<meta property=\"og:title\" content=\"Downloads - Goethe-Gymnasium Berlin-Wilmersdorf\" \/>\n<meta property=\"og:description\" content=\"Im Folgenden finden Sie in alphabetischer Reihenfolge verschiedene Formulare, Informationen und Hinweise zum Herunterladen. F\u00fcr das Lesen der Dateien im Weiterlesen ...\" \/>\n<meta property=\"og:url\" content=\"https:\/\/goethe-gymnasium.berlin\/index.php\/wissenswertes\/downloads\/\" \/>\n<meta property=\"og:site_name\" content=\"Goethe-Gymnasium Berlin-Wilmersdorf\" \/>\n<meta property=\"article:publisher\" content=\"https:\/\/www.facebook.com\/pages\/Goethe-Gymnasium\/109376575754402\" \/>\n<meta property=\"article:modified_time\" content=\"2026-01-05T21:19:38+00:00\" \/>\n<meta property=\"og:image\" content=\"https:\/\/goethe-gymnasium.berlin\/wp-content\/uploads\/2022\/09\/Download.png\" \/>\n\t<meta property=\"og:image:width\" content=\"1280\" \/>\n\t<meta property=\"og:image:height\" content=\"640\" \/>\n\t<meta property=\"og:image:type\" content=\"image\/png\" \/>\n<meta name=\"twitter:card\" content=\"summary_large_image\" \/>\n<meta name=\"twitter:label1\" content=\"Gesch\u00e4tzte Lesezeit\" \/>\n\t<meta name=\"twitter:data1\" content=\"2\u00a0Minuten\" \/>\n<script type=\"application\/ld+json\" class=\"yoast-schema-graph\">{\"@context\":\"https:\\\/\\\/schema.org\",\"@graph\":[{\"@type\":\"WebPage\",\"@id\":\"https:\\\/\\\/goethe-gymnasium.berlin\\\/index.php\\\/wissenswertes\\\/downloads\\\/\",\"url\":\"https:\\\/\\\/goethe-gymnasium.berlin\\\/index.php\\\/wissenswertes\\\/downloads\\\/\",\"name\":\"Downloads - Goethe-Gymnasium Berlin-Wilmersdorf\",\"isPartOf\":{\"@id\":\"https:\\\/\\\/goethe-gymnasium.berlin\\\/#website\"},\"primaryImageOfPage\":{\"@id\":\"https:\\\/\\\/goethe-gymnasium.berlin\\\/index.php\\\/wissenswertes\\\/downloads\\\/#primaryimage\"},\"image\":{\"@id\":\"https:\\\/\\\/goethe-gymnasium.berlin\\\/index.php\\\/wissenswertes\\\/downloads\\\/#primaryimage\"},\"thumbnailUrl\":\"https:\\\/\\\/goethe-gymnasium.berlin\\\/wp-content\\\/uploads\\\/2022\\\/09\\\/Download.png\",\"datePublished\":\"2018-04-24T19:19:43+00:00\",\"dateModified\":\"2026-01-05T21:19:38+00:00\",\"breadcrumb\":{\"@id\":\"https:\\\/\\\/goethe-gymnasium.berlin\\\/index.php\\\/wissenswertes\\\/downloads\\\/#breadcrumb\"},\"inLanguage\":\"de\",\"potentialAction\":[{\"@type\":\"ReadAction\",\"target\":[\"https:\\\/\\\/goethe-gymnasium.berlin\\\/index.php\\\/wissenswertes\\\/downloads\\\/\"]}]},{\"@type\":\"ImageObject\",\"inLanguage\":\"de\",\"@id\":\"https:\\\/\\\/goethe-gymnasium.berlin\\\/index.php\\\/wissenswertes\\\/downloads\\\/#primaryimage\",\"url\":\"https:\\\/\\\/goethe-gymnasium.berlin\\\/wp-content\\\/uploads\\\/2022\\\/09\\\/Download.png\",\"contentUrl\":\"https:\\\/\\\/goethe-gymnasium.berlin\\\/wp-content\\\/uploads\\\/2022\\\/09\\\/Download.png\",\"width\":1280,\"height\":640},{\"@type\":\"BreadcrumbList\",\"@id\":\"https:\\\/\\\/goethe-gymnasium.berlin\\\/index.php\\\/wissenswertes\\\/downloads\\\/#breadcrumb\",\"itemListElement\":[{\"@type\":\"ListItem\",\"position\":1,\"name\":\"Startseite\",\"item\":\"https:\\\/\\\/goethe-gymnasium.berlin\\\/\"},{\"@type\":\"ListItem\",\"position\":2,\"name\":\"Wissenswertes\",\"item\":\"https:\\\/\\\/goethe-gymnasium.berlin\\\/index.php\\\/wissenswertes\\\/\"},{\"@type\":\"ListItem\",\"position\":3,\"name\":\"Downloads\"}]},{\"@type\":\"WebSite\",\"@id\":\"https:\\\/\\\/goethe-gymnasium.berlin\\\/#website\",\"url\":\"https:\\\/\\\/goethe-gymnasium.berlin\\\/\",\"name\":\"Goethe-Gymnasium Berlin-Wilmersdorf\",\"description\":\"\",\"publisher\":{\"@id\":\"https:\\\/\\\/goethe-gymnasium.berlin\\\/#organization\"},\"potentialAction\":[{\"@type\":\"SearchAction\",\"target\":{\"@type\":\"EntryPoint\",\"urlTemplate\":\"https:\\\/\\\/goethe-gymnasium.berlin\\\/?s={search_term_string}\"},\"query-input\":{\"@type\":\"PropertyValueSpecification\",\"valueRequired\":true,\"valueName\":\"search_term_string\"}}],\"inLanguage\":\"de\"},{\"@type\":\"Organization\",\"@id\":\"https:\\\/\\\/goethe-gymnasium.berlin\\\/#organization\",\"name\":\"Goethe-Gymnasium Berlin-Wilmersdorf\",\"url\":\"https:\\\/\\\/goethe-gymnasium.berlin\\\/\",\"logo\":{\"@type\":\"ImageObject\",\"inLanguage\":\"de\",\"@id\":\"https:\\\/\\\/goethe-gymnasium.berlin\\\/#\\\/schema\\\/logo\\\/image\\\/\",\"url\":\"https:\\\/\\\/goethe-gymnasium.berlin\\\/wp-content\\\/uploads\\\/2018\\\/04\\\/goethe-logo_hoch.png\",\"contentUrl\":\"https:\\\/\\\/goethe-gymnasium.berlin\\\/wp-content\\\/uploads\\\/2018\\\/04\\\/goethe-logo_hoch.png\",\"width\":755,\"height\":514,\"caption\":\"Goethe-Gymnasium Berlin-Wilmersdorf\"},\"image\":{\"@id\":\"https:\\\/\\\/goethe-gymnasium.berlin\\\/#\\\/schema\\\/logo\\\/image\\\/\"},\"sameAs\":[\"https:\\\/\\\/www.facebook.com\\\/pages\\\/Goethe-Gymnasium\\\/109376575754402\",\"https:\\\/\\\/www.youtube.com\\\/channel\\\/UCMKuMVF9h_YkS3zmEp7SnzQ\"]}]}<\/script>\n<!-- \/ Yoast SEO plugin. -->","yoast_head_json":{"title":"Downloads - Goethe-Gymnasium Berlin-Wilmersdorf","robots":{"index":"index","follow":"follow","max-snippet":"max-snippet:-1","max-image-preview":"max-image-preview:large","max-video-preview":"max-video-preview:-1"},"canonical":"https:\/\/goethe-gymnasium.berlin\/index.php\/wissenswertes\/downloads\/","og_locale":"de_DE","og_type":"article","og_title":"Downloads - Goethe-Gymnasium Berlin-Wilmersdorf","og_description":"Im Folgenden finden Sie in alphabetischer Reihenfolge verschiedene Formulare, Informationen und Hinweise zum Herunterladen. F\u00fcr das Lesen der Dateien im Weiterlesen ...","og_url":"https:\/\/goethe-gymnasium.berlin\/index.php\/wissenswertes\/downloads\/","og_site_name":"Goethe-Gymnasium Berlin-Wilmersdorf","article_publisher":"https:\/\/www.facebook.com\/pages\/Goethe-Gymnasium\/109376575754402","article_modified_time":"2026-01-05T21:19:38+00:00","og_image":[{"width":1280,"height":640,"url":"https:\/\/goethe-gymnasium.berlin\/wp-content\/uploads\/2022\/09\/Download.png","type":"image\/png"}],"twitter_card":"summary_large_image","twitter_misc":{"Gesch\u00e4tzte Lesezeit":"2\u00a0Minuten"},"schema":{"@context":"https:\/\/schema.org","@graph":[{"@type":"WebPage","@id":"https:\/\/goethe-gymnasium.berlin\/index.php\/wissenswertes\/downloads\/","url":"https:\/\/goethe-gymnasium.berlin\/index.php\/wissenswertes\/downloads\/","name":"Downloads - Goethe-Gymnasium Berlin-Wilmersdorf","isPartOf":{"@id":"https:\/\/goethe-gymnasium.berlin\/#website"},"primaryImageOfPage":{"@id":"https:\/\/goethe-gymnasium.berlin\/index.php\/wissenswertes\/downloads\/#primaryimage"},"image":{"@id":"https:\/\/goethe-gymnasium.berlin\/index.php\/wissenswertes\/downloads\/#primaryimage"},"thumbnailUrl":"https:\/\/goethe-gymnasium.berlin\/wp-content\/uploads\/2022\/09\/Download.png","datePublished":"2018-04-24T19:19:43+00:00","dateModified":"2026-01-05T21:19:38+00:00","breadcrumb":{"@id":"https:\/\/goethe-gymnasium.berlin\/index.php\/wissenswertes\/downloads\/#breadcrumb"},"inLanguage":"de","potentialAction":[{"@type":"ReadAction","target":["https:\/\/goethe-gymnasium.berlin\/index.php\/wissenswertes\/downloads\/"]}]},{"@type":"ImageObject","inLanguage":"de","@id":"https:\/\/goethe-gymnasium.berlin\/index.php\/wissenswertes\/downloads\/#primaryimage","url":"https:\/\/goethe-gymnasium.berlin\/wp-content\/uploads\/2022\/09\/Download.png","contentUrl":"https:\/\/goethe-gymnasium.berlin\/wp-content\/uploads\/2022\/09\/Download.png","width":1280,"height":640},{"@type":"BreadcrumbList","@id":"https:\/\/goethe-gymnasium.berlin\/index.php\/wissenswertes\/downloads\/#breadcrumb","itemListElement":[{"@type":"ListItem","position":1,"name":"Startseite","item":"https:\/\/goethe-gymnasium.berlin\/"},{"@type":"ListItem","position":2,"name":"Wissenswertes","item":"https:\/\/goethe-gymnasium.berlin\/index.php\/wissenswertes\/"},{"@type":"ListItem","position":3,"name":"Downloads"}]},{"@type":"WebSite","@id":"https:\/\/goethe-gymnasium.berlin\/#website","url":"https:\/\/goethe-gymnasium.berlin\/","name":"Goethe-Gymnasium Berlin-Wilmersdorf","description":"","publisher":{"@id":"https:\/\/goethe-gymnasium.berlin\/#organization"},"potentialAction":[{"@type":"SearchAction","target":{"@type":"EntryPoint","urlTemplate":"https:\/\/goethe-gymnasium.berlin\/?s={search_term_string}"},"query-input":{"@type":"PropertyValueSpecification","valueRequired":true,"valueName":"search_term_string"}}],"inLanguage":"de"},{"@type":"Organization","@id":"https:\/\/goethe-gymnasium.berlin\/#organization","name":"Goethe-Gymnasium Berlin-Wilmersdorf","url":"https:\/\/goethe-gymnasium.berlin\/","logo":{"@type":"ImageObject","inLanguage":"de","@id":"https:\/\/goethe-gymnasium.berlin\/#\/schema\/logo\/image\/","url":"https:\/\/goethe-gymnasium.berlin\/wp-content\/uploads\/2018\/04\/goethe-logo_hoch.png","contentUrl":"https:\/\/goethe-gymnasium.berlin\/wp-content\/uploads\/2018\/04\/goethe-logo_hoch.png","width":755,"height":514,"caption":"Goethe-Gymnasium Berlin-Wilmersdorf"},"image":{"@id":"https:\/\/goethe-gymnasium.berlin\/#\/schema\/logo\/image\/"},"sameAs":["https:\/\/www.facebook.com\/pages\/Goethe-Gymnasium\/109376575754402","https:\/\/www.youtube.com\/channel\/UCMKuMVF9h_YkS3zmEp7SnzQ"]}]}},"_links":{"self":[{"href":"https:\/\/goethe-gymnasium.berlin\/index.php\/wp-json\/wp\/v2\/pages\/263","targetHints":{"allow":["GET"]}}],"collection":[{"href":"https:\/\/goethe-gymnasium.berlin\/index.php\/wp-json\/wp\/v2\/pages"}],"about":[{"href":"https:\/\/goethe-gymnasium.berlin\/index.php\/wp-json\/wp\/v2\/types\/page"}],"author":[{"embeddable":true,"href":"https:\/\/goethe-gymnasium.berlin\/index.php\/wp-json\/wp\/v2\/users\/4"}],"replies":[{"embeddable":true,"href":"https:\/\/goethe-gymnasium.berlin\/index.php\/wp-json\/wp\/v2\/comments?post=263"}],"version-history":[{"count":129,"href":"https:\/\/goethe-gymnasium.berlin\/index.php\/wp-json\/wp\/v2\/pages\/263\/revisions"}],"predecessor-version":[{"id":13843,"href":"https:\/\/goethe-gymnasium.berlin\/index.php\/wp-json\/wp\/v2\/pages\/263\/revisions\/13843"}],"up":[{"embeddable":true,"href":"https:\/\/goethe-gymnasium.berlin\/index.php\/wp-json\/wp\/v2\/pages\/259"}],"wp:featuredmedia":[{"embeddable":true,"href":"https:\/\/goethe-gymnasium.berlin\/index.php\/wp-json\/wp\/v2\/media\/9791"}],"wp:attachment":[{"href":"https:\/\/goethe-gymnasium.berlin\/index.php\/wp-json\/wp\/v2\/media?parent=263"}],"wp:term":[{"taxonomy":"category","embeddable":true,"href":"https:\/\/goethe-gymnasium.berlin\/index.php\/wp-json\/wp\/v2\/categories?post=263"},{"taxonomy":"post_tag","embeddable":true,"href":"https:\/\/goethe-gymnasium.berlin\/index.php\/wp-json\/wp\/v2\/tags?post=263"}],"curies":[{"name":"wp","href":"https:\/\/api.w.org\/{rel}","templated":true}]}}