{"id":257,"date":"2018-04-24T19:18:54","date_gmt":"2018-04-24T19:18:54","guid":{"rendered":"http:\/\/goethe-gymnasium.berlin\/?page_id=257"},"modified":"2024-10-13T21:48:08","modified_gmt":"2024-10-13T19:48:08","slug":"wettbewerbe","status":"publish","type":"page","link":"https:\/\/goethe-gymnasium.berlin\/index.php\/veranstaltungen\/wettbewerbe\/","title":{"rendered":"Wettbewerbe"},"content":{"rendered":"\n<p>\u00dcber den Unterricht hinausgehend setzen unsere Sch\u00fclerinnen und Sch\u00fcler ihre Interessen und Begabungen h\u00e4ufig auch an anderen Stellen ein. Sie nutzen die vielf\u00e4ltigen M\u00f6glichkeiten, die schulinterne oder externe Wettbewerbe bieten, investieren daf\u00fcr zum Teil viel Zeit und M\u00fche und stellen sich besonderen Herausforderungen. Dadurch sind aber auch immer wieder sehr erfolgreich:<\/p>\n\n\n\n<ul class=\"wp-block-list\">\n<li>2. Platz beim Wettbewerb \u039c\u03b9\u03ba\u03c1\u03bf\u03c6\u03b9\u03bb\u03bf\u03c3\u03bf\u03c6\u03b9\u03ba\u03bf\u1f76 \u0394\u03b9\u03ac\u03bb\u03bf\u03b3\u03bf\u03b9 (Hellenikon Idyllion 2024)<\/li>\n\n\n\n<li><a href=\"https:\/\/goethe-gymnasium.berlin\/index.php\/2024\/10\/13\/rekorde-beim-minimarathon\/\" target=\"_blank\" rel=\"noreferrer noopener\">Rekorde beim MiniMarathon<\/a> (MiniMarathon 2024)<\/li>\n\n\n\n<li><a href=\"https:\/\/goethe-gymnasium.berlin\/index.php\/2024\/01\/04\/die-kunst-des-vorlesens\/\" target=\"_blank\" rel=\"noreferrer noopener\">Die Kunst des Vorlesens<\/a> (Vorlesewettbewerb 2023)<\/li>\n\n\n\n<li><a href=\"https:\/\/goethe-gymnasium.berlin\/index.php\/2023\/04\/12\/es-hagelt-preise\/\" target=\"_blank\" rel=\"noreferrer noopener\">Der Preisregen geht weiter<\/a> (Jugend musiziert 2023 &#8211; Regional- und Landeswettbewerb)<\/li>\n\n\n\n<li><a href=\"https:\/\/goethe-gymnasium.berlin\/index.php\/2022\/08\/08\/grosse-erfolge-beim-bundeswettbewerb-jugend-musiziert\/\" target=\"_blank\" rel=\"noreferrer noopener\">Gro\u00dfe Erfolge beim Bundeswettbewerb &#8222;Jugend musiziert&#8220;<\/a> (Bundeswettbewerb 2022)<\/li>\n\n\n\n<li><a href=\"https:\/\/goethe-gymnasium.berlin\/index.php\/2022\/06\/07\/toller-3-platz-bei-mathe-olympiade\/\" target=\"_blank\" rel=\"noopener\">Toller 3. Preis bei Mathe-Olympiade<\/a> (Bundeswettbewerb 2022)<\/li>\n\n\n\n<li><a href=\"https:\/\/goethe-gymnasium.berlin\/index.php\/2022\/03\/30\/ohne-atomstrom-zum-landessieg\/\" target=\"_blank\" rel=\"noreferrer noopener\">Ohne Atomstrom zum Landessieg<\/a> (Jugend debattiert 2022 &#8211; Landeswettbewerb)<\/li>\n\n\n\n<li><a href=\"https:\/\/goethe-gymnasium.berlin\/index.php\/2022\/04\/22\/noch-mehr-landessieger\/\" target=\"_blank\" rel=\"noreferrer noopener\">Landessieger*innen bei &#8222;Jugend musiziert&#8220;<\/a> (Landeswettbewerb 2022)<\/li>\n\n\n\n<li><a href=\"https:\/\/goethe-gymnasium.berlin\/index.php\/2022\/02\/26\/erfolgreich-bei-jugend-musiziert-regional\/\" target=\"_blank\" rel=\"noreferrer noopener\">Erfolgreich bei &#8222;Jugend musiziert&#8220;<\/a> (Regionalwettbewerb 2022)<\/li>\n\n\n\n<li><a href=\"https:\/\/goethe-gymnasium.berlin\/index.php\/2021\/06\/30\/qualifikation-fuer-das-landesfinale\/\" target=\"_blank\" rel=\"noopener\">Qualifikation f\u00fcr das Landesfinale bei &#8222;Jugend debattiert&#8220;<\/a> (Regionalwettbewerb 2021)<\/li>\n\n\n\n<li><a href=\"http:\/\/goethe-gymnasium.berlin\/index.php\/2020\/02\/01\/schoene-erfolge-bei-jugend-debattiert\/\" target=\"_blank\" rel=\"noopener noreferrer\">1. und 2. Preis bei &#8222;Jugend debattiert&#8220;<\/a> (Regionalwettbewerb 2020)<\/li>\n\n\n\n<li><a href=\"http:\/\/goethe-gymnasium.berlin\/index.php\/2019\/04\/27\/1-preis-bei-jugend-musiziert\/\" target=\"_blank\" rel=\"noopener noreferrer\">1. Preis bei &#8222;Jugend musiziert&#8220;<\/a> (Landeswettbewerb 2019)<\/li>\n\n\n\n<li><a href=\"http:\/\/goethe-gymnasium.berlin\/index.php\/2019\/04\/02\/erfolgreich-durchs-vorlesen\/\" target=\"_blank\" rel=\"noopener noreferrer\">Erfolgreich beim Vorlesen<\/a> (Vorlesewettbewerb 2019)<\/li>\n\n\n\n<li><a href=\"http:\/\/goethe-gymnasium.berlin\/index.php\/2019\/03\/01\/schueler-zeigen-ihr-koennen-beim-wettbewerb-diercke-wissen\/\" target=\"_blank\" rel=\"noopener noreferrer\">Sch\u00fcler zeigen ihr K\u00f6nnen in Geographie<\/a> (&#8222;Diercke Wissen&#8220; 2019)<\/li>\n\n\n\n<li><a href=\"http:\/\/goethe-gymnasium.berlin\/index.php\/2018\/10\/10\/minimarathon2018\/\" target=\"_blank\" rel=\"noopener noreferrer\">(Anmelde)rekorde<\/a> (MiniMarathon 2019)<\/li>\n\n\n\n<li><a href=\"http:\/\/goethe-gymnasium.berlin\/index.php\/2018\/05\/17\/jugendjazzt2018\/\" target=\"_blank\" rel=\"noopener noreferrer\">United Big Band gewinnt Jazzpreis des Deutschen Musikrates<\/a> (Bundesbegegnung &#8222;Jugend jazzt&#8220; 2018)<\/li>\n\n\n\n<li><a href=\"http:\/\/goethe-gymnasium.berlin\/index.php\/2018\/01\/31\/erfolgreich-debattiert\/\" target=\"_blank\" rel=\"noopener noreferrer\">1. Preis bei &#8222;Jugend debattiert&#8220;<\/a> (Regionalwettbewerb 2018)<\/li>\n\n\n\n<li>Regionalfinale Pangea 2017<\/li>\n\n\n\n<li>Mathematik-Olympiade 2017<\/li>\n\n\n\n<li>Mit Platon zum Erfolg&nbsp; 2015<\/li>\n\n\n\n<li>Literaturtalent 2015<\/li>\n\n\n\n<li>Doppelt erfolgreich beim Wettbewerb &#8222;Lebendige Antike&#8220; 2013<\/li>\n\n\n\n<li>Das Goethe-Gymnasium und die naturwissenschaftlichen Wettbewerbe 2012<\/li>\n\n\n\n<li>Preis im Wettbewerb &#8222;Lebendige Antike&#8220; 2009<\/li>\n\n\n\n<li>Minimarathon 2009<\/li>\n\n\n\n<li>Klasse 5d erfolgreich im Malwettbewerb 2009<\/li>\n<\/ul>\n","protected":false},"excerpt":{"rendered":"<p>\u00dcber den Unterricht hinausgehend setzen unsere Sch\u00fclerinnen und Sch\u00fcler ihre Interessen und Begabungen h\u00e4ufig auch an anderen Stellen ein. Sie <a class=\"more-link\" href=\"https:\/\/goethe-gymnasium.berlin\/index.php\/veranstaltungen\/wettbewerbe\/\">Weiterlesen &#8230;<\/a><\/p>\n","protected":false},"author":4,"featured_media":0,"parent":243,"menu_order":0,"comment_status":"closed","ping_status":"closed","template":"","meta":{"footnotes":""},"categories":[145],"tags":[],"class_list":["post-257","page","type-page","status-publish","hentry","category-wettbewerbe"],"yoast_head":"<!-- This site is optimized with the Yoast SEO plugin v27.3 - https:\/\/yoast.com\/product\/yoast-seo-wordpress\/ -->\n<title>Wettbewerbe - Goethe-Gymnasium Berlin-Wilmersdorf<\/title>\n<meta name=\"robots\" content=\"index, follow, max-snippet:-1, max-image-preview:large, max-video-preview:-1\" \/>\n<link rel=\"canonical\" href=\"https:\/\/goethe-gymnasium.berlin\/index.php\/veranstaltungen\/wettbewerbe\/\" \/>\n<meta property=\"og:locale\" content=\"de_DE\" \/>\n<meta property=\"og:type\" content=\"article\" \/>\n<meta property=\"og:title\" content=\"Wettbewerbe - Goethe-Gymnasium Berlin-Wilmersdorf\" \/>\n<meta property=\"og:description\" content=\"\u00dcber den Unterricht hinausgehend setzen unsere Sch\u00fclerinnen und Sch\u00fcler ihre Interessen und Begabungen h\u00e4ufig auch an anderen Stellen ein. Sie Weiterlesen ...\" \/>\n<meta property=\"og:url\" content=\"https:\/\/goethe-gymnasium.berlin\/index.php\/veranstaltungen\/wettbewerbe\/\" \/>\n<meta property=\"og:site_name\" content=\"Goethe-Gymnasium Berlin-Wilmersdorf\" \/>\n<meta property=\"article:publisher\" content=\"https:\/\/www.facebook.com\/pages\/Goethe-Gymnasium\/109376575754402\" \/>\n<meta property=\"article:modified_time\" content=\"2024-10-13T19:48:08+00:00\" \/>\n<meta property=\"og:image\" content=\"https:\/\/goethe-gymnasium.berlin\/wp-content\/uploads\/2018\/06\/goethe-front-light.jpg\" \/>\n\t<meta property=\"og:image:width\" content=\"1200\" \/>\n\t<meta property=\"og:image:height\" content=\"600\" \/>\n\t<meta property=\"og:image:type\" content=\"image\/jpeg\" \/>\n<meta name=\"twitter:card\" content=\"summary_large_image\" \/>\n<meta name=\"twitter:label1\" content=\"Gesch\u00e4tzte Lesezeit\" \/>\n\t<meta name=\"twitter:data1\" content=\"2\u00a0Minuten\" \/>\n<script type=\"application\/ld+json\" class=\"yoast-schema-graph\">{\"@context\":\"https:\\\/\\\/schema.org\",\"@graph\":[{\"@type\":\"WebPage\",\"@id\":\"https:\\\/\\\/goethe-gymnasium.berlin\\\/index.php\\\/veranstaltungen\\\/wettbewerbe\\\/\",\"url\":\"https:\\\/\\\/goethe-gymnasium.berlin\\\/index.php\\\/veranstaltungen\\\/wettbewerbe\\\/\",\"name\":\"Wettbewerbe - Goethe-Gymnasium Berlin-Wilmersdorf\",\"isPartOf\":{\"@id\":\"https:\\\/\\\/goethe-gymnasium.berlin\\\/#website\"},\"datePublished\":\"2018-04-24T19:18:54+00:00\",\"dateModified\":\"2024-10-13T19:48:08+00:00\",\"breadcrumb\":{\"@id\":\"https:\\\/\\\/goethe-gymnasium.berlin\\\/index.php\\\/veranstaltungen\\\/wettbewerbe\\\/#breadcrumb\"},\"inLanguage\":\"de\",\"potentialAction\":[{\"@type\":\"ReadAction\",\"target\":[\"https:\\\/\\\/goethe-gymnasium.berlin\\\/index.php\\\/veranstaltungen\\\/wettbewerbe\\\/\"]}]},{\"@type\":\"BreadcrumbList\",\"@id\":\"https:\\\/\\\/goethe-gymnasium.berlin\\\/index.php\\\/veranstaltungen\\\/wettbewerbe\\\/#breadcrumb\",\"itemListElement\":[{\"@type\":\"ListItem\",\"position\":1,\"name\":\"Startseite\",\"item\":\"https:\\\/\\\/goethe-gymnasium.berlin\\\/\"},{\"@type\":\"ListItem\",\"position\":2,\"name\":\"Veranstaltungen\",\"item\":\"https:\\\/\\\/goethe-gymnasium.berlin\\\/index.php\\\/veranstaltungen\\\/\"},{\"@type\":\"ListItem\",\"position\":3,\"name\":\"Wettbewerbe\"}]},{\"@type\":\"WebSite\",\"@id\":\"https:\\\/\\\/goethe-gymnasium.berlin\\\/#website\",\"url\":\"https:\\\/\\\/goethe-gymnasium.berlin\\\/\",\"name\":\"Goethe-Gymnasium Berlin-Wilmersdorf\",\"description\":\"\",\"publisher\":{\"@id\":\"https:\\\/\\\/goethe-gymnasium.berlin\\\/#organization\"},\"potentialAction\":[{\"@type\":\"SearchAction\",\"target\":{\"@type\":\"EntryPoint\",\"urlTemplate\":\"https:\\\/\\\/goethe-gymnasium.berlin\\\/?s={search_term_string}\"},\"query-input\":{\"@type\":\"PropertyValueSpecification\",\"valueRequired\":true,\"valueName\":\"search_term_string\"}}],\"inLanguage\":\"de\"},{\"@type\":\"Organization\",\"@id\":\"https:\\\/\\\/goethe-gymnasium.berlin\\\/#organization\",\"name\":\"Goethe-Gymnasium Berlin-Wilmersdorf\",\"url\":\"https:\\\/\\\/goethe-gymnasium.berlin\\\/\",\"logo\":{\"@type\":\"ImageObject\",\"inLanguage\":\"de\",\"@id\":\"https:\\\/\\\/goethe-gymnasium.berlin\\\/#\\\/schema\\\/logo\\\/image\\\/\",\"url\":\"https:\\\/\\\/goethe-gymnasium.berlin\\\/wp-content\\\/uploads\\\/2018\\\/04\\\/goethe-logo_hoch.png\",\"contentUrl\":\"https:\\\/\\\/goethe-gymnasium.berlin\\\/wp-content\\\/uploads\\\/2018\\\/04\\\/goethe-logo_hoch.png\",\"width\":755,\"height\":514,\"caption\":\"Goethe-Gymnasium Berlin-Wilmersdorf\"},\"image\":{\"@id\":\"https:\\\/\\\/goethe-gymnasium.berlin\\\/#\\\/schema\\\/logo\\\/image\\\/\"},\"sameAs\":[\"https:\\\/\\\/www.facebook.com\\\/pages\\\/Goethe-Gymnasium\\\/109376575754402\",\"https:\\\/\\\/www.youtube.com\\\/channel\\\/UCMKuMVF9h_YkS3zmEp7SnzQ\"]}]}<\/script>\n<!-- \/ Yoast SEO plugin. -->","yoast_head_json":{"title":"Wettbewerbe - Goethe-Gymnasium Berlin-Wilmersdorf","robots":{"index":"index","follow":"follow","max-snippet":"max-snippet:-1","max-image-preview":"max-image-preview:large","max-video-preview":"max-video-preview:-1"},"canonical":"https:\/\/goethe-gymnasium.berlin\/index.php\/veranstaltungen\/wettbewerbe\/","og_locale":"de_DE","og_type":"article","og_title":"Wettbewerbe - Goethe-Gymnasium Berlin-Wilmersdorf","og_description":"\u00dcber den Unterricht hinausgehend setzen unsere Sch\u00fclerinnen und Sch\u00fcler ihre Interessen und Begabungen h\u00e4ufig auch an anderen Stellen ein. Sie Weiterlesen ...","og_url":"https:\/\/goethe-gymnasium.berlin\/index.php\/veranstaltungen\/wettbewerbe\/","og_site_name":"Goethe-Gymnasium Berlin-Wilmersdorf","article_publisher":"https:\/\/www.facebook.com\/pages\/Goethe-Gymnasium\/109376575754402","article_modified_time":"2024-10-13T19:48:08+00:00","og_image":[{"width":1200,"height":600,"url":"https:\/\/goethe-gymnasium.berlin\/wp-content\/uploads\/2018\/06\/goethe-front-light.jpg","type":"image\/jpeg"}],"twitter_card":"summary_large_image","twitter_misc":{"Gesch\u00e4tzte Lesezeit":"2\u00a0Minuten"},"schema":{"@context":"https:\/\/schema.org","@graph":[{"@type":"WebPage","@id":"https:\/\/goethe-gymnasium.berlin\/index.php\/veranstaltungen\/wettbewerbe\/","url":"https:\/\/goethe-gymnasium.berlin\/index.php\/veranstaltungen\/wettbewerbe\/","name":"Wettbewerbe - Goethe-Gymnasium Berlin-Wilmersdorf","isPartOf":{"@id":"https:\/\/goethe-gymnasium.berlin\/#website"},"datePublished":"2018-04-24T19:18:54+00:00","dateModified":"2024-10-13T19:48:08+00:00","breadcrumb":{"@id":"https:\/\/goethe-gymnasium.berlin\/index.php\/veranstaltungen\/wettbewerbe\/#breadcrumb"},"inLanguage":"de","potentialAction":[{"@type":"ReadAction","target":["https:\/\/goethe-gymnasium.berlin\/index.php\/veranstaltungen\/wettbewerbe\/"]}]},{"@type":"BreadcrumbList","@id":"https:\/\/goethe-gymnasium.berlin\/index.php\/veranstaltungen\/wettbewerbe\/#breadcrumb","itemListElement":[{"@type":"ListItem","position":1,"name":"Startseite","item":"https:\/\/goethe-gymnasium.berlin\/"},{"@type":"ListItem","position":2,"name":"Veranstaltungen","item":"https:\/\/goethe-gymnasium.berlin\/index.php\/veranstaltungen\/"},{"@type":"ListItem","position":3,"name":"Wettbewerbe"}]},{"@type":"WebSite","@id":"https:\/\/goethe-gymnasium.berlin\/#website","url":"https:\/\/goethe-gymnasium.berlin\/","name":"Goethe-Gymnasium Berlin-Wilmersdorf","description":"","publisher":{"@id":"https:\/\/goethe-gymnasium.berlin\/#organization"},"potentialAction":[{"@type":"SearchAction","target":{"@type":"EntryPoint","urlTemplate":"https:\/\/goethe-gymnasium.berlin\/?s={search_term_string}"},"query-input":{"@type":"PropertyValueSpecification","valueRequired":true,"valueName":"search_term_string"}}],"inLanguage":"de"},{"@type":"Organization","@id":"https:\/\/goethe-gymnasium.berlin\/#organization","name":"Goethe-Gymnasium Berlin-Wilmersdorf","url":"https:\/\/goethe-gymnasium.berlin\/","logo":{"@type":"ImageObject","inLanguage":"de","@id":"https:\/\/goethe-gymnasium.berlin\/#\/schema\/logo\/image\/","url":"https:\/\/goethe-gymnasium.berlin\/wp-content\/uploads\/2018\/04\/goethe-logo_hoch.png","contentUrl":"https:\/\/goethe-gymnasium.berlin\/wp-content\/uploads\/2018\/04\/goethe-logo_hoch.png","width":755,"height":514,"caption":"Goethe-Gymnasium Berlin-Wilmersdorf"},"image":{"@id":"https:\/\/goethe-gymnasium.berlin\/#\/schema\/logo\/image\/"},"sameAs":["https:\/\/www.facebook.com\/pages\/Goethe-Gymnasium\/109376575754402","https:\/\/www.youtube.com\/channel\/UCMKuMVF9h_YkS3zmEp7SnzQ"]}]}},"_links":{"self":[{"href":"https:\/\/goethe-gymnasium.berlin\/index.php\/wp-json\/wp\/v2\/pages\/257","targetHints":{"allow":["GET"]}}],"collection":[{"href":"https:\/\/goethe-gymnasium.berlin\/index.php\/wp-json\/wp\/v2\/pages"}],"about":[{"href":"https:\/\/goethe-gymnasium.berlin\/index.php\/wp-json\/wp\/v2\/types\/page"}],"author":[{"embeddable":true,"href":"https:\/\/goethe-gymnasium.berlin\/index.php\/wp-json\/wp\/v2\/users\/4"}],"replies":[{"embeddable":true,"href":"https:\/\/goethe-gymnasium.berlin\/index.php\/wp-json\/wp\/v2\/comments?post=257"}],"version-history":[{"count":14,"href":"https:\/\/goethe-gymnasium.berlin\/index.php\/wp-json\/wp\/v2\/pages\/257\/revisions"}],"predecessor-version":[{"id":12472,"href":"https:\/\/goethe-gymnasium.berlin\/index.php\/wp-json\/wp\/v2\/pages\/257\/revisions\/12472"}],"up":[{"embeddable":true,"href":"https:\/\/goethe-gymnasium.berlin\/index.php\/wp-json\/wp\/v2\/pages\/243"}],"wp:attachment":[{"href":"https:\/\/goethe-gymnasium.berlin\/index.php\/wp-json\/wp\/v2\/media?parent=257"}],"wp:term":[{"taxonomy":"category","embeddable":true,"href":"https:\/\/goethe-gymnasium.berlin\/index.php\/wp-json\/wp\/v2\/categories?post=257"},{"taxonomy":"post_tag","embeddable":true,"href":"https:\/\/goethe-gymnasium.berlin\/index.php\/wp-json\/wp\/v2\/tags?post=257"}],"curies":[{"name":"wp","href":"https:\/\/api.w.org\/{rel}","templated":true}]}}