{"id":255,"date":"2018-04-24T19:18:43","date_gmt":"2018-04-24T19:18:43","guid":{"rendered":"http:\/\/goethe-gymnasium.berlin\/?page_id=255"},"modified":"2024-05-20T19:28:50","modified_gmt":"2024-05-20T17:28:50","slug":"fahrten","status":"publish","type":"page","link":"https:\/\/goethe-gymnasium.berlin\/index.php\/veranstaltungen\/fahrten\/","title":{"rendered":"Fahrten"},"content":{"rendered":"\n<h3 class=\"wp-block-heading\">&#8222;Goethe auf Reisen&#8220;<\/h3>\n\n\n\n<p class=\"has-text-align-center\"><em>(J. H. W. Tischbein, Goethe in der Campagna, 1787; Bildquelle: Wikipedia)<\/em><\/p>\n\n\n\n<p>Im Laufe ihrer Schullaufbahn haben die Sch\u00fcler*innen des Goethe-Gymnasiums mehrfach die Gelegenheit, an Klassen-, Austausch-, Musik- oder Kursfahrten teilzunehmen. Je nach Alterstufe sind die Ziele und Schwerpunkte der Fahrten am Goethe-Gymnasium unterschiedlich:<\/p>\n\n\n\n<p>In den <strong>Klassenstufen 5 bis 7<\/strong> findet eine zweit\u00e4gige <strong>Kennenlernfahrt<\/strong> innerhalb Berlins und eine einw\u00f6chige <strong>Klassenfahrt<\/strong> zum Thema &#8222;Welt der R\u00f6mer&#8220; (z. B. Xanten, Blankenheim) oder mit naturkundlichem Schwerpunkt statt (z. B. Sylt).<\/p>\n\n\n\n<p>In den <strong>Klassenstufen 8 bis 10<\/strong> besteht die M\u00f6glichkeit, die in den modernen Fremdsprachen erworbenen Kenntnisse bei einer <strong>Austauschfahrt<\/strong> zu erproben. Hierzu bestehen Kooperationen und Austauschprogramme mit Schulen in England, Holland und in den skandinavischen L\u00e4ndern. F\u00fcr die Sch\u00fcler*innen, die Franz\u00f6sisch als 4. Fremdsprache lernen, wird in der 10. Klasse in der Regel eine Fahrt nach Paris angeboten.<\/p>\n\n\n\n<p>In den <strong>Klassenstufen 11 und 12<\/strong> l\u00e4sst sich der altsprachliche Bildungsgang durch eine <strong>Studienfahrt nach <a href=\"http:\/\/goethe-gymnasium.berlin\/index.php\/sprachen\/altgriechisch\/studienfahrten-griechenland\/\" target=\"_blank\" rel=\"noopener noreferrer\">Griechenland <\/a><\/strong>und \/oder<strong> <a href=\"http:\/\/goethe-gymnasium.berlin\/index.php\/latein\/studienfahrten-italien\/\" target=\"_blank\" rel=\"noopener noreferrer\">Italien<\/a><\/strong> vertiefen und abrunden. Da diese <a href=\"http:\/\/goethe-gymnasium.berlin\/wp-content\/uploads\/2018\/11\/studienfahrten-antike.pdf\">Antikenfahrt<\/a> auch f\u00fcr Grundkurssch\u00fcler*innen offen ist, bekommt sie den Charakter einer Jahrgangsfahrt und f\u00f6rdert so das Miteinander im Kurssystem. Au\u00dferdem werden in verschiedenen Leistungskursf\u00e4chern <strong>Kursfahrten<\/strong> angeboten, die eine intensivere Besch\u00e4ftigung mit bestimmten Semesterthemen erm\u00f6glichen, z. B. Deutsch (<a href=\"https:\/\/goethe-gymnasium.berlin\/index.php\/2023\/10\/08\/studienfahrt-nach-weimar\/\" target=\"_blank\" rel=\"noreferrer noopener\">Weimar<\/a> mit Schwerpunkt Goethe), Geschichte (<a href=\"http:\/\/goethe-gymnasium.berlin\/index.php\/2018\/09\/10\/projekt-zum-thema-holocaust-in-new-york-city\/\" target=\"_blank\" rel=\"noopener noreferrer\">New York<\/a> mit Schwerpunkt Holocaust), Physik (<a href=\"https:\/\/goethe-gymnasium.berlin\/index.php\/2024\/01\/27\/speicherring-und-nebelkammer\/\" target=\"_blank\" rel=\"noreferrer noopener\">Hamburg<\/a>, Desy mit Schwerpunkt Teilchenphysik).<\/p>\n\n\n\n<p>Je nach pers\u00f6nlichem Engagement stehen &#8211; dann jahrgangs\u00fcbergreifend &#8211; weitere Fahrtenangebote bereit, z. B. die <strong>Ausbildungsfahrt<\/strong> f\u00fcr die Sch\u00fclermediator*innen, die <strong>Probenfahrten<\/strong> der Jazzkooperative, des Chores und des Orchesters sowie die <strong>Gedenkst\u00e4ttenfahrt<\/strong> nach Krakau und Auschwitz.<\/p>\n","protected":false},"excerpt":{"rendered":"<p>&#8222;Goethe auf Reisen&#8220; (J. H. W. Tischbein, Goethe in der Campagna, 1787; Bildquelle: Wikipedia) Im Laufe ihrer Schullaufbahn haben die <a class=\"more-link\" href=\"https:\/\/goethe-gymnasium.berlin\/index.php\/veranstaltungen\/fahrten\/\">Weiterlesen &#8230;<\/a><\/p>\n","protected":false},"author":1,"featured_media":2520,"parent":243,"menu_order":0,"comment_status":"closed","ping_status":"closed","template":"","meta":{"footnotes":""},"categories":[39],"tags":[68,65,72,66,67,70,71,79],"class_list":["post-255","page","type-page","status-publish","has-post-thumbnail","hentry","category-fahrten","tag-austauschfahrt","tag-fahrten","tag-gedenkstaettenfahrt","tag-kennenlernfahrt","tag-klassenfahrt","tag-kursfahrt","tag-probenfahrt","tag-studienfahrt"],"yoast_head":"<!-- This site is optimized with the Yoast SEO plugin v27.3 - https:\/\/yoast.com\/product\/yoast-seo-wordpress\/ -->\n<title>Fahrten - Goethe-Gymnasium Berlin-Wilmersdorf<\/title>\n<meta name=\"robots\" content=\"index, follow, max-snippet:-1, max-image-preview:large, max-video-preview:-1\" \/>\n<link rel=\"canonical\" href=\"https:\/\/goethe-gymnasium.berlin\/index.php\/veranstaltungen\/fahrten\/\" \/>\n<meta property=\"og:locale\" content=\"de_DE\" \/>\n<meta property=\"og:type\" content=\"article\" \/>\n<meta property=\"og:title\" content=\"Fahrten - Goethe-Gymnasium Berlin-Wilmersdorf\" \/>\n<meta property=\"og:description\" content=\"&#8222;Goethe auf Reisen&#8220; (J. H. W. Tischbein, Goethe in der Campagna, 1787; Bildquelle: Wikipedia) Im Laufe ihrer Schullaufbahn haben die Weiterlesen ...\" \/>\n<meta property=\"og:url\" content=\"https:\/\/goethe-gymnasium.berlin\/index.php\/veranstaltungen\/fahrten\/\" \/>\n<meta property=\"og:site_name\" content=\"Goethe-Gymnasium Berlin-Wilmersdorf\" \/>\n<meta property=\"article:publisher\" content=\"https:\/\/www.facebook.com\/pages\/Goethe-Gymnasium\/109376575754402\" \/>\n<meta property=\"article:modified_time\" content=\"2024-05-20T17:28:50+00:00\" \/>\n<meta property=\"og:image\" content=\"https:\/\/goethe-gymnasium.berlin\/wp-content\/uploads\/2018\/11\/goethe-campagna-wiki.jpg\" \/>\n\t<meta property=\"og:image:width\" content=\"1405\" \/>\n\t<meta property=\"og:image:height\" content=\"1100\" \/>\n\t<meta property=\"og:image:type\" content=\"image\/jpeg\" \/>\n<meta name=\"twitter:card\" content=\"summary_large_image\" \/>\n<meta name=\"twitter:label1\" content=\"Gesch\u00e4tzte Lesezeit\" \/>\n\t<meta name=\"twitter:data1\" content=\"2\u00a0Minuten\" \/>\n<script type=\"application\/ld+json\" class=\"yoast-schema-graph\">{\"@context\":\"https:\\\/\\\/schema.org\",\"@graph\":[{\"@type\":\"WebPage\",\"@id\":\"https:\\\/\\\/goethe-gymnasium.berlin\\\/index.php\\\/veranstaltungen\\\/fahrten\\\/\",\"url\":\"https:\\\/\\\/goethe-gymnasium.berlin\\\/index.php\\\/veranstaltungen\\\/fahrten\\\/\",\"name\":\"Fahrten - Goethe-Gymnasium Berlin-Wilmersdorf\",\"isPartOf\":{\"@id\":\"https:\\\/\\\/goethe-gymnasium.berlin\\\/#website\"},\"primaryImageOfPage\":{\"@id\":\"https:\\\/\\\/goethe-gymnasium.berlin\\\/index.php\\\/veranstaltungen\\\/fahrten\\\/#primaryimage\"},\"image\":{\"@id\":\"https:\\\/\\\/goethe-gymnasium.berlin\\\/index.php\\\/veranstaltungen\\\/fahrten\\\/#primaryimage\"},\"thumbnailUrl\":\"https:\\\/\\\/goethe-gymnasium.berlin\\\/wp-content\\\/uploads\\\/2018\\\/11\\\/goethe-campagna-wiki.jpg\",\"datePublished\":\"2018-04-24T19:18:43+00:00\",\"dateModified\":\"2024-05-20T17:28:50+00:00\",\"breadcrumb\":{\"@id\":\"https:\\\/\\\/goethe-gymnasium.berlin\\\/index.php\\\/veranstaltungen\\\/fahrten\\\/#breadcrumb\"},\"inLanguage\":\"de\",\"potentialAction\":[{\"@type\":\"ReadAction\",\"target\":[\"https:\\\/\\\/goethe-gymnasium.berlin\\\/index.php\\\/veranstaltungen\\\/fahrten\\\/\"]}]},{\"@type\":\"ImageObject\",\"inLanguage\":\"de\",\"@id\":\"https:\\\/\\\/goethe-gymnasium.berlin\\\/index.php\\\/veranstaltungen\\\/fahrten\\\/#primaryimage\",\"url\":\"https:\\\/\\\/goethe-gymnasium.berlin\\\/wp-content\\\/uploads\\\/2018\\\/11\\\/goethe-campagna-wiki.jpg\",\"contentUrl\":\"https:\\\/\\\/goethe-gymnasium.berlin\\\/wp-content\\\/uploads\\\/2018\\\/11\\\/goethe-campagna-wiki.jpg\",\"width\":1405,\"height\":1100,\"caption\":\"Goethe auf Reisen\"},{\"@type\":\"BreadcrumbList\",\"@id\":\"https:\\\/\\\/goethe-gymnasium.berlin\\\/index.php\\\/veranstaltungen\\\/fahrten\\\/#breadcrumb\",\"itemListElement\":[{\"@type\":\"ListItem\",\"position\":1,\"name\":\"Startseite\",\"item\":\"https:\\\/\\\/goethe-gymnasium.berlin\\\/\"},{\"@type\":\"ListItem\",\"position\":2,\"name\":\"Veranstaltungen\",\"item\":\"https:\\\/\\\/goethe-gymnasium.berlin\\\/index.php\\\/veranstaltungen\\\/\"},{\"@type\":\"ListItem\",\"position\":3,\"name\":\"Fahrten\"}]},{\"@type\":\"WebSite\",\"@id\":\"https:\\\/\\\/goethe-gymnasium.berlin\\\/#website\",\"url\":\"https:\\\/\\\/goethe-gymnasium.berlin\\\/\",\"name\":\"Goethe-Gymnasium Berlin-Wilmersdorf\",\"description\":\"\",\"publisher\":{\"@id\":\"https:\\\/\\\/goethe-gymnasium.berlin\\\/#organization\"},\"potentialAction\":[{\"@type\":\"SearchAction\",\"target\":{\"@type\":\"EntryPoint\",\"urlTemplate\":\"https:\\\/\\\/goethe-gymnasium.berlin\\\/?s={search_term_string}\"},\"query-input\":{\"@type\":\"PropertyValueSpecification\",\"valueRequired\":true,\"valueName\":\"search_term_string\"}}],\"inLanguage\":\"de\"},{\"@type\":\"Organization\",\"@id\":\"https:\\\/\\\/goethe-gymnasium.berlin\\\/#organization\",\"name\":\"Goethe-Gymnasium Berlin-Wilmersdorf\",\"url\":\"https:\\\/\\\/goethe-gymnasium.berlin\\\/\",\"logo\":{\"@type\":\"ImageObject\",\"inLanguage\":\"de\",\"@id\":\"https:\\\/\\\/goethe-gymnasium.berlin\\\/#\\\/schema\\\/logo\\\/image\\\/\",\"url\":\"https:\\\/\\\/goethe-gymnasium.berlin\\\/wp-content\\\/uploads\\\/2018\\\/04\\\/goethe-logo_hoch.png\",\"contentUrl\":\"https:\\\/\\\/goethe-gymnasium.berlin\\\/wp-content\\\/uploads\\\/2018\\\/04\\\/goethe-logo_hoch.png\",\"width\":755,\"height\":514,\"caption\":\"Goethe-Gymnasium Berlin-Wilmersdorf\"},\"image\":{\"@id\":\"https:\\\/\\\/goethe-gymnasium.berlin\\\/#\\\/schema\\\/logo\\\/image\\\/\"},\"sameAs\":[\"https:\\\/\\\/www.facebook.com\\\/pages\\\/Goethe-Gymnasium\\\/109376575754402\",\"https:\\\/\\\/www.youtube.com\\\/channel\\\/UCMKuMVF9h_YkS3zmEp7SnzQ\"]}]}<\/script>\n<!-- \/ Yoast SEO plugin. -->","yoast_head_json":{"title":"Fahrten - Goethe-Gymnasium Berlin-Wilmersdorf","robots":{"index":"index","follow":"follow","max-snippet":"max-snippet:-1","max-image-preview":"max-image-preview:large","max-video-preview":"max-video-preview:-1"},"canonical":"https:\/\/goethe-gymnasium.berlin\/index.php\/veranstaltungen\/fahrten\/","og_locale":"de_DE","og_type":"article","og_title":"Fahrten - Goethe-Gymnasium Berlin-Wilmersdorf","og_description":"&#8222;Goethe auf Reisen&#8220; (J. H. W. Tischbein, Goethe in der Campagna, 1787; Bildquelle: Wikipedia) Im Laufe ihrer Schullaufbahn haben die Weiterlesen ...","og_url":"https:\/\/goethe-gymnasium.berlin\/index.php\/veranstaltungen\/fahrten\/","og_site_name":"Goethe-Gymnasium Berlin-Wilmersdorf","article_publisher":"https:\/\/www.facebook.com\/pages\/Goethe-Gymnasium\/109376575754402","article_modified_time":"2024-05-20T17:28:50+00:00","og_image":[{"width":1405,"height":1100,"url":"https:\/\/goethe-gymnasium.berlin\/wp-content\/uploads\/2018\/11\/goethe-campagna-wiki.jpg","type":"image\/jpeg"}],"twitter_card":"summary_large_image","twitter_misc":{"Gesch\u00e4tzte Lesezeit":"2\u00a0Minuten"},"schema":{"@context":"https:\/\/schema.org","@graph":[{"@type":"WebPage","@id":"https:\/\/goethe-gymnasium.berlin\/index.php\/veranstaltungen\/fahrten\/","url":"https:\/\/goethe-gymnasium.berlin\/index.php\/veranstaltungen\/fahrten\/","name":"Fahrten - Goethe-Gymnasium Berlin-Wilmersdorf","isPartOf":{"@id":"https:\/\/goethe-gymnasium.berlin\/#website"},"primaryImageOfPage":{"@id":"https:\/\/goethe-gymnasium.berlin\/index.php\/veranstaltungen\/fahrten\/#primaryimage"},"image":{"@id":"https:\/\/goethe-gymnasium.berlin\/index.php\/veranstaltungen\/fahrten\/#primaryimage"},"thumbnailUrl":"https:\/\/goethe-gymnasium.berlin\/wp-content\/uploads\/2018\/11\/goethe-campagna-wiki.jpg","datePublished":"2018-04-24T19:18:43+00:00","dateModified":"2024-05-20T17:28:50+00:00","breadcrumb":{"@id":"https:\/\/goethe-gymnasium.berlin\/index.php\/veranstaltungen\/fahrten\/#breadcrumb"},"inLanguage":"de","potentialAction":[{"@type":"ReadAction","target":["https:\/\/goethe-gymnasium.berlin\/index.php\/veranstaltungen\/fahrten\/"]}]},{"@type":"ImageObject","inLanguage":"de","@id":"https:\/\/goethe-gymnasium.berlin\/index.php\/veranstaltungen\/fahrten\/#primaryimage","url":"https:\/\/goethe-gymnasium.berlin\/wp-content\/uploads\/2018\/11\/goethe-campagna-wiki.jpg","contentUrl":"https:\/\/goethe-gymnasium.berlin\/wp-content\/uploads\/2018\/11\/goethe-campagna-wiki.jpg","width":1405,"height":1100,"caption":"Goethe auf Reisen"},{"@type":"BreadcrumbList","@id":"https:\/\/goethe-gymnasium.berlin\/index.php\/veranstaltungen\/fahrten\/#breadcrumb","itemListElement":[{"@type":"ListItem","position":1,"name":"Startseite","item":"https:\/\/goethe-gymnasium.berlin\/"},{"@type":"ListItem","position":2,"name":"Veranstaltungen","item":"https:\/\/goethe-gymnasium.berlin\/index.php\/veranstaltungen\/"},{"@type":"ListItem","position":3,"name":"Fahrten"}]},{"@type":"WebSite","@id":"https:\/\/goethe-gymnasium.berlin\/#website","url":"https:\/\/goethe-gymnasium.berlin\/","name":"Goethe-Gymnasium Berlin-Wilmersdorf","description":"","publisher":{"@id":"https:\/\/goethe-gymnasium.berlin\/#organization"},"potentialAction":[{"@type":"SearchAction","target":{"@type":"EntryPoint","urlTemplate":"https:\/\/goethe-gymnasium.berlin\/?s={search_term_string}"},"query-input":{"@type":"PropertyValueSpecification","valueRequired":true,"valueName":"search_term_string"}}],"inLanguage":"de"},{"@type":"Organization","@id":"https:\/\/goethe-gymnasium.berlin\/#organization","name":"Goethe-Gymnasium Berlin-Wilmersdorf","url":"https:\/\/goethe-gymnasium.berlin\/","logo":{"@type":"ImageObject","inLanguage":"de","@id":"https:\/\/goethe-gymnasium.berlin\/#\/schema\/logo\/image\/","url":"https:\/\/goethe-gymnasium.berlin\/wp-content\/uploads\/2018\/04\/goethe-logo_hoch.png","contentUrl":"https:\/\/goethe-gymnasium.berlin\/wp-content\/uploads\/2018\/04\/goethe-logo_hoch.png","width":755,"height":514,"caption":"Goethe-Gymnasium Berlin-Wilmersdorf"},"image":{"@id":"https:\/\/goethe-gymnasium.berlin\/#\/schema\/logo\/image\/"},"sameAs":["https:\/\/www.facebook.com\/pages\/Goethe-Gymnasium\/109376575754402","https:\/\/www.youtube.com\/channel\/UCMKuMVF9h_YkS3zmEp7SnzQ"]}]}},"_links":{"self":[{"href":"https:\/\/goethe-gymnasium.berlin\/index.php\/wp-json\/wp\/v2\/pages\/255","targetHints":{"allow":["GET"]}}],"collection":[{"href":"https:\/\/goethe-gymnasium.berlin\/index.php\/wp-json\/wp\/v2\/pages"}],"about":[{"href":"https:\/\/goethe-gymnasium.berlin\/index.php\/wp-json\/wp\/v2\/types\/page"}],"author":[{"embeddable":true,"href":"https:\/\/goethe-gymnasium.berlin\/index.php\/wp-json\/wp\/v2\/users\/1"}],"replies":[{"embeddable":true,"href":"https:\/\/goethe-gymnasium.berlin\/index.php\/wp-json\/wp\/v2\/comments?post=255"}],"version-history":[{"count":15,"href":"https:\/\/goethe-gymnasium.berlin\/index.php\/wp-json\/wp\/v2\/pages\/255\/revisions"}],"predecessor-version":[{"id":11973,"href":"https:\/\/goethe-gymnasium.berlin\/index.php\/wp-json\/wp\/v2\/pages\/255\/revisions\/11973"}],"up":[{"embeddable":true,"href":"https:\/\/goethe-gymnasium.berlin\/index.php\/wp-json\/wp\/v2\/pages\/243"}],"wp:featuredmedia":[{"embeddable":true,"href":"https:\/\/goethe-gymnasium.berlin\/index.php\/wp-json\/wp\/v2\/media\/2520"}],"wp:attachment":[{"href":"https:\/\/goethe-gymnasium.berlin\/index.php\/wp-json\/wp\/v2\/media?parent=255"}],"wp:term":[{"taxonomy":"category","embeddable":true,"href":"https:\/\/goethe-gymnasium.berlin\/index.php\/wp-json\/wp\/v2\/categories?post=255"},{"taxonomy":"post_tag","embeddable":true,"href":"https:\/\/goethe-gymnasium.berlin\/index.php\/wp-json\/wp\/v2\/tags?post=255"}],"curies":[{"name":"wp","href":"https:\/\/api.w.org\/{rel}","templated":true}]}}