{"id":243,"date":"2018-04-24T19:17:07","date_gmt":"2018-04-24T19:17:07","guid":{"rendered":"http:\/\/goethe-gymnasium.berlin\/?page_id=243"},"modified":"2025-01-11T13:30:56","modified_gmt":"2025-01-11T12:30:56","slug":"veranstaltungen","status":"publish","type":"page","link":"https:\/\/goethe-gymnasium.berlin\/index.php\/veranstaltungen\/","title":{"rendered":"Veranstaltungen"},"content":{"rendered":"\n<h4 class=\"wp-block-heading\"><strong>Weihnachtskonzert 2024 &#8211; &#8222;Tr\u00e4ume werden wahr&#8220;<\/strong><\/h4>\n\n\n\n<p>Am <strong>14. Dezember 2024<\/strong> um 19:00 Uhr laden die Ch\u00f6re des Goethe-Gymnasiums zum <a href=\"https:\/\/goethe-gymnasium.berlin\/index.php\/2024\/12\/18\/traeume-werden-wahr\/\" target=\"_blank\" rel=\"noreferrer noopener\">Weihnachtskonzert<\/a> ein. Es erwartet Sie ein abwechslungsreiches Programm des Unterstufen- und Mittelstufenchores mit bekannten und beschwingten Melodien sowie nachdenklichen und ber\u00fchrenden Texten zum Jahresende.&nbsp;Wir freuen uns \u00fcber viele Zuh\u00f6rer:innen. Der Eintritt ist frei.&nbsp;<\/p>\n\n\n\n<h4 class=\"wp-block-heading\"><strong>Herbst-Jazznights 2024<\/strong><\/h4>\n\n\n\n<p>Am 28. und 29. November 2024 treten unsere Jazzer wieder in Aktion und laden herzlich zu unseren traditionellen <a href=\"https:\/\/goethe-gymnasium.berlin\/index.php\/2024\/11\/30\/meisterinnen-der-improvisation\/\">Herbst-Jazznights<\/a> ein. Die Eintrittskarten k\u00f6nnen im Foyer oder per Mail erworben werden.<\/p>\n\n\n\n<h4 class=\"wp-block-heading\"><strong>DS-Auff\u00fchrung 2024 &#8211; &#8222;Die R\u00e4uber&#8220;<\/strong><\/h4>\n\n\n\n<p>Radikal und d\u00fcster wird es am <strong>27. und 28. Juni 2024<\/strong>, jeweils um 18.00 Uhr, in der Aula des Goethe-Gymnasiums. Dort bringt der Grundkurs Darstellendes Spiel seine diesj\u00e4hrige <a href=\"https:\/\/goethe-gymnasium.berlin\/wp-content\/uploads\/2024\/06\/Die-Raeuber_Pressetext.pdf\">Theaterproduktion nach Motiven von Friedrich Schillers \u201eDie R\u00e4uber\u201c<\/a> zur Auff\u00fchrung.<\/p>\n\n\n\n<h4 class=\"wp-block-heading\"><strong>Weihnachtskonzert 2023 &#8211; &#8222;Bilder der Zeit&#8220;<\/strong><\/h4>\n\n\n\n<p>Auch in diesem Jahr beenden die Ch\u00f6re und das Orchester des Goethe-Gymnasiums das Jahr <strong>2023<\/strong> mit einem besinnlichen <a href=\"https:\/\/goethe-gymnasium.berlin\/index.php\/2024\/01\/06\/weihnachtskonzert-2023\/\" target=\"_blank\" rel=\"noreferrer noopener\">Weihnachtskonzert<\/a> am <strong>19. und 20. Dezember<\/strong> jeweils um 19:00 Uhr.&nbsp;Unter dem Motto \u201eBilder der Zeit\u201c pr\u00e4sentieren beide Ensembles zeitlose Klassiker, moderne Chorarrangements und weihnachtlich-winterliche Evergreens.&nbsp;Lassen Sie uns gemeinsam zur\u00fcckblicken, zur Ruhe kommen und die Musik feiern.&nbsp;Der Eintritt ist frei, um Spenden wird gebeten.<\/p>\n\n\n\n<h4 class=\"wp-block-heading\"><strong>JazzNight &#8211; die F\u00fcnfzigste!<\/strong><\/h4>\n\n\n\n<p>Es gibt ein besonderes Jubil\u00e4um zu feiern: Die Jazz-Night am Goethe-Gymnasium findet zum 50. Mal statt!&nbsp;Wir laden herzlich zu&nbsp;drei&nbsp;Konzertabenden vom&nbsp;<strong>23. bis 25. November<\/strong>&nbsp;<strong>2023 <\/strong>in unsere Aula ein. Alle drei Konzerte beginnen etwas fr\u00fcher als sonst bei den JazzNights \u00fcblich: Warmup: 18 Uhr&nbsp;\u2013 <strong>Beginn: 18.30 Uhr<\/strong>.<\/p>\n\n\n\n<h4 class=\"wp-block-heading\"><strong>DS-Kurs pr\u00e4sentiert: &#8222;Money Talks&#8220;<\/strong> <strong>2023<\/strong><\/h4>\n\n\n\n<p>Der DS-Kurs des vierten Semesters bringt am <strong>09. und 10. M\u00e4rz 2023 <\/strong>die Collage &#8222;Money Talks&#8220; jeweils <strong>um 19.00 Uhr in der Aula<\/strong> zur Auff\u00fchrung. In dem St\u00fcck geht es um die Ambivalenz von Geld und Reichtum. Genauere Informationen entnehmen Sie bitte dem <a href=\"https:\/\/goethe-gymnasium.berlin\/wp-content\/uploads\/2023\/02\/Money-Talks-Pressetext.pdf\" target=\"_blank\" rel=\"noreferrer noopener\">Pressetext<\/a>.<\/p>\n\n\n\n<!--nextpage-->\n\n\n\n<h4 class=\"wp-block-heading\"><strong>Kammermusik im Herbst 2022<\/strong><\/h4>\n\n\n\n<p>Am <strong>05. Oktober 2022<\/strong> findet unser <a href=\"https:\/\/goethe-gymnasium.berlin\/index.php\/2022\/09\/30\/einladung-zum-kammermusikabend\/\" target=\"_blank\" rel=\"noreferrer noopener\">Kammermusikabend zum Herbst<\/a> statt. Kleine und gro\u00dfe Solisten haben intensiv ge\u00fcbt und ihre Instrumente mit St\u00fccken aus verschiedenen Epochen vorgestellt.<\/p>\n\n\n\n<h4 class=\"wp-block-heading\"><strong>Digitaler Tag der Offenen T\u00fcr 2022<\/strong><\/h4>\n\n\n\n<p>Not macht erfinderisch. Da der traditionelle Tag der Offenen T\u00fcr pandemiebedingt ausfallen musste, haben sich Sch\u00fclerinnen und Sch\u00fcler vor und hinter die Kamera um ihre Schule und verschiedene Unterrichtsf\u00e4cher vorzustellen. Das Ergebnis der vielen Projekte k\u00f6nnen Sie auf unserer <a href=\"https:\/\/goethe-gymnasium.berlin\/index.php\/anmeldung\/digitaler-tag-der-offenen-tuer-2022\/\" target=\"_blank\" rel=\"noreferrer noopener\">Extra-Seite zum Tag der Offenen T\u00fcr 2022<\/a> bewundern.<\/p>\n\n\n\n<h4 class=\"wp-block-heading\"><strong>Weihnachtskonzert 2021<\/strong><\/h4>\n\n\n\n<p>Leider verhinderte die Corona-Pandemie erneut den Konzertbetrieb mit Publikum. Um so sch\u00f6ner ist es, dass das Weihnachtskonzert 2021 aufgezeichnet werden konnte, bei dem erstmalig die Chorklasse aufgetreten ist. Versetzen Sie sich mit Hilfe des <a href=\"https:\/\/goethe-gymnasium.berlin\/index.php\/2022\/01\/20\/weihnachtskonzert-2021-der-film\/\" target=\"_blank\" rel=\"noreferrer noopener\">Konzertvideo<\/a>s (noch einmal) in weihnachtliche Stimmung.<\/p>\n\n\n\n<h4 class=\"wp-block-heading\"><strong>46. JazzNight<\/strong> <strong>2021<\/strong><\/h4>\n\n\n\n<p>Es geht wieder los! In der Aula des Goethe-Gymnasium kann wieder Musik in Gemeinschaft gefeiert und gejazzt werden. Die 46. Jazz-Night darf nun wirklich stattfinden &#8211; und das gleich an drei Abenden:  <strong>Donnerstag, 11.11. \/ Freitag, 12.11. \/ Samstag, 13.11.2021&nbsp;&#8211; jeweils 19 Uhr, Aula des Goethe-Gymnasiums<\/strong>. Die Hinweise f\u00fcr den Kartenerwerb und die hygienischen Bestimmungen (<strong>2G-Regel<\/strong>) finden Sie in dem Beitrag <a href=\"https:\/\/goethe-gymnasium.berlin\/index.php\/2021\/10\/27\/endlich-wieder-jazz-nights\/\" target=\"_blank\" rel=\"noreferrer noopener\">Endlich wieder Jazz-Nights!<\/a><\/p>\n\n\n\n<h4 class=\"wp-block-heading\"><strong>Kammermusikabend Herbst 2021<\/strong><\/h4>\n\n\n\n<p>Beim <a href=\"https:\/\/goethe-gymnasium.berlin\/wp-content\/uploads\/2021\/09\/Kammermusikabend2021.pdf\" target=\"_blank\" rel=\"noreferrer noopener\">Kammermusikabend am 05. Oktober 2021<\/a> um 19.00 Uhr in der Aula finden keine Duelle oder Trielle statt. Stattdessen stimmen wohlklingende Solos, Duos und Trios aus verschiedenen Klassenstufen auf den Herbstanfang ein. Der Eintritt ist frei, um eine Spende wird gebeten. Wir weisen auf die geltenden hygienischen Bestimmungen (3G-Regel) hin.<\/p>\n\n\n\n<h4 class=\"wp-block-heading\"><strong>Kammermusikabend Winter 2020<\/strong><\/h4>\n\n\n\n<p>Solisten und Kammermusikgruppen aus verschiedenen Klassen geben auf ihren Instrumenten beim <a href=\"http:\/\/goethe-gymnasium.berlin\/wp-content\/uploads\/2020\/02\/kammermusik2020.pdf\">Kammermusikabend<\/a> Proben ihres K\u00f6nnens. Der Konzertabend findet am <strong>Dienstag, d. 25. Februar 2020<\/strong>, um 19.00 Uhr in der Aula statt. Der Eintritt ist frei.<\/p>\n\n\n\n<!--nextpage-->\n\n\n\n<h4 class=\"wp-block-heading\"><strong>Weihnachtskonzert und Weihnachtsandacht 2019<\/strong><\/h4>\n\n\n\n<p>W\u00e4hrend die Aula ein neues Parkett erh\u00e4lt, laufen bereits die Vorbereitungen f\u00fcr das <strong>Weihnachtskonzert<\/strong> am <strong>Mittwoch, d. 18. Dezember 2020<\/strong> um <strong>19.00 Uhr.<\/strong><br>Am <strong>Freitag, d. 20. Dezember 2020<\/strong>, soll zum Jahresschluss um <strong>8.00 Uhr <\/strong>unsere traditionelle <strong>Weihnachtsandacht<\/strong> mit Texten und Liedern auf die Weihnachtszeit einstimmen.<\/p>\n\n\n\n<h4 class=\"wp-block-heading\"><strong>Podiumsdiskussion 2019 &#8222;Quo vadis, homo digitalis?&#8220;<\/strong><\/h4>\n\n\n\n<p>Die <a rel=\"noreferrer noopener\" href=\"http:\/\/goethe-gymnasium.berlin\/index.php\/elternschaft\/gev\/\" target=\"_blank\">GEV des Goethe-Gymnasiums<\/a>  l\u00e4dt im Rahmen der Veranstaltungsreihe goethe.IMPULSE am <strong>Montag, d. 02. Dezember 2019, um 19.00 Uhr in der Aula<\/strong> herzlich ein zur <strong>Podiumsdiskussion<\/strong>&nbsp; \u201eQUO VADIS, HOMO DIGITALIS?&nbsp;\u00dcber die Bedeutung  digitaler Bildung&nbsp;f\u00fcr das Selbstverst\u00e4ndnis&nbsp;altsprachlich-humanistischer Gymnasien\u201c.  Lesen Sie bitte hier den <a href=\"http:\/\/goethe-gymnasium.berlin\/index.php\/2019\/11\/15\/quo-vadis-homo-digitalis\/\" target=\"_blank\" rel=\"noreferrer noopener\" aria-label=\"Einladungstext mit weiteren Informationen (\u00f6ffnet in neuem Tab)\">Einladungstext mit weiteren Informationen<\/a>.<\/p>\n\n\n\n<h4 class=\"wp-block-heading\"><strong>45. JazzNight<\/strong><\/h4>\n\n\n\n<p>Zum 45. Mal und befl\u00fcgelt von den j\u00fcngsten <a href=\"http:\/\/goethe-gymnasium.berlin\/index.php\/2019\/11\/15\/neue-erfolge-beim-berliner-jazztreff\/\" target=\"_blank\" rel=\"noreferrer noopener\" aria-label=\"Erfolgen beim Berliner Jazztreff (\u00f6ffnet in neuem Tab)\">Erfolgen beim Berliner Jazztreff<\/a> zeigen unsere Jazz-Ensembles am <strong>Donnerstag und Freitag, d. 28. und 29. November 2019 um 19.00 Uhr<\/strong> in der Aula ihr K\u00f6nnen.<\/p>\n\n\n\n<h4 class=\"wp-block-heading\"><strong>&#8222;White Dinner&#8220; 2019<\/strong><\/h4>\n\n\n\n<p>Zu einer neuen und ganz besonderen Veranstaltung am Goethe-Gymnasium ist die gesamte Schulgemeinschaft herzlich eingeladen: &#8222;<strong>Goethes White Dinner<\/strong>&#8222;. <\/p>\n\n\n\n<p>Dieses findet am <strong>Freitag, d. 16. August 2019, ab 18.00 Uhr<\/strong>, bei hoffentlich gutem Wetter <em>open air<\/em> auf dem Schulhof statt. Was sich hinter dieser Initiative der Schulleitung, der Gesamteltern-vertretung und des F\u00f6rdervereins genau verbirgt,  lesen Sie bitte in dem obenstehenden <a rel=\"noreferrer noopener\" href=\"http:\/\/goethe-gymnasium.berlin\/wp-content\/uploads\/2019\/08\/whitedinner2019f.pdf\" target=\"_blank\">Flyer<\/a> und dem &#8222;<a rel=\"noreferrer noopener\" href=\"http:\/\/goethe-gymnasium.berlin\/wp-content\/uploads\/2019\/08\/whitedinner2019info.pdf\" target=\"_blank\">Beipackzettel f\u00fcr ein White Dinner<\/a>&#8220; nach.<\/p>\n\n\n\n<h4 class=\"wp-block-heading\"><strong>Projekttage und Schulfest 2019<\/strong><\/h4>\n\n\n\n<p>Die <strong>Projekttage unter dem Motto &#8222;Goethe &#8211; wer sonst?&#8220;<\/strong> lassen wissenswerte und unterhaltsame Ergebnisse erwarten, die auf dem <strong><a href=\"http:\/\/goethe-gymnasium.berlin\/index.php\/2019\/06\/14\/goethe-wer-sonst-schulfest-2019\/\">Schulfest<\/a><\/strong><a href=\"http:\/\/goethe-gymnasium.berlin\/index.php\/2019\/06\/14\/goethe-wer-sonst-schulfest-2019\/\"> <\/a>am <strong>Samstag, d. 15. Juni 2019<\/strong>,  bei hoffentlich gutem Wetter pr\u00e4sentiert werden sollen. Dabei reicht  die Spanne der Projekte in diesem Jahr von &#8222;Goethe im All&#8220; bis  &#8222;Upcycling Goethe&#8220;. <\/p>\n\n\n\n<h4 class=\"wp-block-heading\"><strong>Sommerkonzert 2019<\/strong><\/h4>\n\n\n\n<p>Wie in jedem Jahr leitet das <strong>Sommerkonzert<\/strong> am <strong>Mittwoch, d. 12. Juni<\/strong> <strong>2019<\/strong>, die letzte Woche des Schuljahres ein. Es findet um 19.00 Uhr in der Aula statt, der Eintritt ist frei und Spenden sind erw\u00fcnscht.<\/p>\n\n\n\n<h4 class=\"wp-block-heading\"><strong>DS-Kurs pr\u00e4sentiert: &#8222;Katzelmacher&#8220;<\/strong><\/h4>\n\n\n\n<p>Der DS-Kurs des zweiten Semesters f\u00fchrt am <strong>05. und 06. Juni<\/strong> <strong>2019 <\/strong>das Theaterst\u00fcck &#8222;Katzelmacher&#8220; jeweils <strong>um 19.00 Uhr in der Aula<\/strong> auf. Das St\u00fcck behandelt das hochaktuelle Thema des Verh\u00e4ltnisses von Einheimischen und Fremden. Genauere Informationen entnehmen Sie bitte dem <a rel=\"noreferrer noopener\" href=\"http:\/\/goethe-gymnasium.berlin\/wp-content\/uploads\/2019\/05\/DS2019_Katzelmacher_Pressetext.pdf\" target=\"_blank\">Pressetext<\/a> und dem Trailer.<\/p>\n\n\n\n<h4 class=\"wp-block-heading\"><strong>2. Informationsabend Digitale Medienwelten<\/strong><\/h4>\n\n\n\n<p>Auch in diesem Jahr veranstalten GEV und F\u00f6rderverein gemeinsam einen Medieninformationsabend f\u00fcr Lehrer und Eltern (Klasse 5 \u2013 8). Diesmal stellt Herr Dr. Daniel Hajok von bits21 (<a rel=\"noreferrer noopener\" href=\"http:\/\/www.bits21.de\" target=\"_blank\">www.bits21.de<\/a>) seinen Vortrag unter das Motto: &#8222;<strong>Eintauchen in digitale Spielewelten: Aktuelle Highlights, Problembereiche, Handlungsm\u00f6glichkeiten f\u00fcr Eltern&#8220;<\/strong><br>Und hier sind die Daten f\u00fcr den Terminkalender:<strong> Dienstag, d. 12. M\u00e4rz 2019 um 19.00 Uhr <\/strong>in der Aula. Der Eintritt ist frei. Wir freuen uns \u00fcber zahlreiches Erscheinen! Wer den ersten Informationsabend zum Thema &#8222;<a rel=\"noreferrer noopener\" href=\"http:\/\/goethe-gymnasium.berlin\/index.php\/2018\/03\/06\/informationsabend-digitale-medien\/\" target=\"_blank\">Heranwachsen mit digitalen Medien<\/a>&#8220; besucht hat, wei\u00df, dass sich der Besuch des zweiten Abends lohnen wird!<\/p>\n\n\n\n<h4 class=\"wp-block-heading\"><strong>44. JazzNight<\/strong><\/h4>\n\n\n\n<p>Auch die <strong>44. JazzNight<\/strong> wirft ihre Schatten voraus: Am <strong>01. und 02. M\u00e4rz 2019<\/strong> ist es wieder soweit (jeweils um 19.00 Uhr in der Aula): Die JazzNight-Fans und alle, die es werden wollen, k\u00f6nnen sich wieder an den Ergebnissen der Probenfahrt im Januar erfreuen.<\/p>\n","protected":false},"excerpt":{"rendered":"<p>Weihnachtskonzert 2024 &#8211; &#8222;Tr\u00e4ume werden wahr&#8220; Am 14. Dezember 2024 um 19:00 Uhr laden die Ch\u00f6re des Goethe-Gymnasiums zum Weihnachtskonzert <a class=\"more-link\" href=\"https:\/\/goethe-gymnasium.berlin\/index.php\/veranstaltungen\/\">Weiterlesen &#8230;<\/a><\/p>\n","protected":false},"author":4,"featured_media":2962,"parent":0,"menu_order":0,"comment_status":"closed","ping_status":"closed","template":"","meta":{"footnotes":""},"categories":[12],"tags":[137,57,133,103,239,109],"class_list":["post-243","page","type-page","status-publish","has-post-thumbnail","hentry","category-veranstaltungen","tag-informationsabend","tag-jazznights","tag-kammermusikabend","tag-konzerte","tag-podiumsdiskussion","tag-weihnachtskonzert"],"yoast_head":"<!-- This site is optimized with the Yoast SEO plugin v27.4 - https:\/\/yoast.com\/product\/yoast-seo-wordpress\/ -->\n<title>Veranstaltungen - Goethe-Gymnasium Berlin-Wilmersdorf<\/title>\n<meta name=\"robots\" content=\"index, follow, max-snippet:-1, max-image-preview:large, max-video-preview:-1\" \/>\n<link rel=\"canonical\" href=\"https:\/\/goethe-gymnasium.berlin\/index.php\/veranstaltungen\/\" \/>\n<link rel=\"next\" href=\"https:\/\/goethe-gymnasium.berlin\/index.php\/veranstaltungen\/2\/\" \/>\n<meta property=\"og:locale\" content=\"de_DE\" \/>\n<meta property=\"og:type\" content=\"article\" \/>\n<meta property=\"og:title\" content=\"Veranstaltungen - Goethe-Gymnasium Berlin-Wilmersdorf\" \/>\n<meta property=\"og:description\" content=\"Weihnachtskonzert 2024 &#8211; &#8222;Tr\u00e4ume werden wahr&#8220; Am 14. Dezember 2024 um 19:00 Uhr laden die Ch\u00f6re des Goethe-Gymnasiums zum Weihnachtskonzert Weiterlesen ...\" \/>\n<meta property=\"og:url\" content=\"https:\/\/goethe-gymnasium.berlin\/index.php\/veranstaltungen\/\" \/>\n<meta property=\"og:site_name\" content=\"Goethe-Gymnasium Berlin-Wilmersdorf\" \/>\n<meta property=\"article:publisher\" content=\"https:\/\/www.facebook.com\/pages\/Goethe-Gymnasium\/109376575754402\" \/>\n<meta property=\"article:modified_time\" content=\"2025-01-11T12:30:56+00:00\" \/>\n<meta property=\"og:image\" content=\"https:\/\/goethe-gymnasium.berlin\/wp-content\/uploads\/2019\/01\/jazznight40-12.jpg\" \/>\n\t<meta property=\"og:image:width\" content=\"1504\" \/>\n\t<meta property=\"og:image:height\" content=\"1000\" \/>\n\t<meta property=\"og:image:type\" content=\"image\/jpeg\" \/>\n<meta name=\"twitter:card\" content=\"summary_large_image\" \/>\n<meta name=\"twitter:label1\" content=\"Gesch\u00e4tzte Lesezeit\" \/>\n\t<meta name=\"twitter:data1\" content=\"7\u00a0Minuten\" \/>\n<script type=\"application\/ld+json\" class=\"yoast-schema-graph\">{\"@context\":\"https:\\\/\\\/schema.org\",\"@graph\":[{\"@type\":\"WebPage\",\"@id\":\"https:\\\/\\\/goethe-gymnasium.berlin\\\/index.php\\\/veranstaltungen\\\/\",\"url\":\"https:\\\/\\\/goethe-gymnasium.berlin\\\/index.php\\\/veranstaltungen\\\/\",\"name\":\"Veranstaltungen - Goethe-Gymnasium Berlin-Wilmersdorf\",\"isPartOf\":{\"@id\":\"https:\\\/\\\/goethe-gymnasium.berlin\\\/#website\"},\"primaryImageOfPage\":{\"@id\":\"https:\\\/\\\/goethe-gymnasium.berlin\\\/index.php\\\/veranstaltungen\\\/#primaryimage\"},\"image\":{\"@id\":\"https:\\\/\\\/goethe-gymnasium.berlin\\\/index.php\\\/veranstaltungen\\\/#primaryimage\"},\"thumbnailUrl\":\"https:\\\/\\\/goethe-gymnasium.berlin\\\/wp-content\\\/uploads\\\/2019\\\/01\\\/jazznight40-12.jpg\",\"datePublished\":\"2018-04-24T19:17:07+00:00\",\"dateModified\":\"2025-01-11T12:30:56+00:00\",\"inLanguage\":\"de\",\"potentialAction\":[{\"@type\":\"ReadAction\",\"target\":[\"https:\\\/\\\/goethe-gymnasium.berlin\\\/index.php\\\/veranstaltungen\\\/\"]}]},{\"@type\":\"ImageObject\",\"inLanguage\":\"de\",\"@id\":\"https:\\\/\\\/goethe-gymnasium.berlin\\\/index.php\\\/veranstaltungen\\\/#primaryimage\",\"url\":\"https:\\\/\\\/goethe-gymnasium.berlin\\\/wp-content\\\/uploads\\\/2019\\\/01\\\/jazznight40-12.jpg\",\"contentUrl\":\"https:\\\/\\\/goethe-gymnasium.berlin\\\/wp-content\\\/uploads\\\/2019\\\/01\\\/jazznight40-12.jpg\",\"width\":1504,\"height\":1000,\"caption\":\"Zugabe der United Big Band\"},{\"@type\":\"WebSite\",\"@id\":\"https:\\\/\\\/goethe-gymnasium.berlin\\\/#website\",\"url\":\"https:\\\/\\\/goethe-gymnasium.berlin\\\/\",\"name\":\"Goethe-Gymnasium Berlin-Wilmersdorf\",\"description\":\"\",\"publisher\":{\"@id\":\"https:\\\/\\\/goethe-gymnasium.berlin\\\/#organization\"},\"potentialAction\":[{\"@type\":\"SearchAction\",\"target\":{\"@type\":\"EntryPoint\",\"urlTemplate\":\"https:\\\/\\\/goethe-gymnasium.berlin\\\/?s={search_term_string}\"},\"query-input\":{\"@type\":\"PropertyValueSpecification\",\"valueRequired\":true,\"valueName\":\"search_term_string\"}}],\"inLanguage\":\"de\"},{\"@type\":\"Organization\",\"@id\":\"https:\\\/\\\/goethe-gymnasium.berlin\\\/#organization\",\"name\":\"Goethe-Gymnasium Berlin-Wilmersdorf\",\"url\":\"https:\\\/\\\/goethe-gymnasium.berlin\\\/\",\"logo\":{\"@type\":\"ImageObject\",\"inLanguage\":\"de\",\"@id\":\"https:\\\/\\\/goethe-gymnasium.berlin\\\/#\\\/schema\\\/logo\\\/image\\\/\",\"url\":\"https:\\\/\\\/goethe-gymnasium.berlin\\\/wp-content\\\/uploads\\\/2018\\\/04\\\/goethe-logo_hoch.png\",\"contentUrl\":\"https:\\\/\\\/goethe-gymnasium.berlin\\\/wp-content\\\/uploads\\\/2018\\\/04\\\/goethe-logo_hoch.png\",\"width\":755,\"height\":514,\"caption\":\"Goethe-Gymnasium Berlin-Wilmersdorf\"},\"image\":{\"@id\":\"https:\\\/\\\/goethe-gymnasium.berlin\\\/#\\\/schema\\\/logo\\\/image\\\/\"},\"sameAs\":[\"https:\\\/\\\/www.facebook.com\\\/pages\\\/Goethe-Gymnasium\\\/109376575754402\",\"https:\\\/\\\/www.youtube.com\\\/channel\\\/UCMKuMVF9h_YkS3zmEp7SnzQ\"]}]}<\/script>\n<!-- \/ Yoast SEO plugin. -->","yoast_head_json":{"title":"Veranstaltungen - Goethe-Gymnasium Berlin-Wilmersdorf","robots":{"index":"index","follow":"follow","max-snippet":"max-snippet:-1","max-image-preview":"max-image-preview:large","max-video-preview":"max-video-preview:-1"},"canonical":"https:\/\/goethe-gymnasium.berlin\/index.php\/veranstaltungen\/","next":"https:\/\/goethe-gymnasium.berlin\/index.php\/veranstaltungen\/2\/","og_locale":"de_DE","og_type":"article","og_title":"Veranstaltungen - Goethe-Gymnasium Berlin-Wilmersdorf","og_description":"Weihnachtskonzert 2024 &#8211; &#8222;Tr\u00e4ume werden wahr&#8220; Am 14. Dezember 2024 um 19:00 Uhr laden die Ch\u00f6re des Goethe-Gymnasiums zum Weihnachtskonzert Weiterlesen ...","og_url":"https:\/\/goethe-gymnasium.berlin\/index.php\/veranstaltungen\/","og_site_name":"Goethe-Gymnasium Berlin-Wilmersdorf","article_publisher":"https:\/\/www.facebook.com\/pages\/Goethe-Gymnasium\/109376575754402","article_modified_time":"2025-01-11T12:30:56+00:00","og_image":[{"width":1504,"height":1000,"url":"https:\/\/goethe-gymnasium.berlin\/wp-content\/uploads\/2019\/01\/jazznight40-12.jpg","type":"image\/jpeg"}],"twitter_card":"summary_large_image","twitter_misc":{"Gesch\u00e4tzte Lesezeit":"7\u00a0Minuten"},"schema":{"@context":"https:\/\/schema.org","@graph":[{"@type":"WebPage","@id":"https:\/\/goethe-gymnasium.berlin\/index.php\/veranstaltungen\/","url":"https:\/\/goethe-gymnasium.berlin\/index.php\/veranstaltungen\/","name":"Veranstaltungen - Goethe-Gymnasium Berlin-Wilmersdorf","isPartOf":{"@id":"https:\/\/goethe-gymnasium.berlin\/#website"},"primaryImageOfPage":{"@id":"https:\/\/goethe-gymnasium.berlin\/index.php\/veranstaltungen\/#primaryimage"},"image":{"@id":"https:\/\/goethe-gymnasium.berlin\/index.php\/veranstaltungen\/#primaryimage"},"thumbnailUrl":"https:\/\/goethe-gymnasium.berlin\/wp-content\/uploads\/2019\/01\/jazznight40-12.jpg","datePublished":"2018-04-24T19:17:07+00:00","dateModified":"2025-01-11T12:30:56+00:00","inLanguage":"de","potentialAction":[{"@type":"ReadAction","target":["https:\/\/goethe-gymnasium.berlin\/index.php\/veranstaltungen\/"]}]},{"@type":"ImageObject","inLanguage":"de","@id":"https:\/\/goethe-gymnasium.berlin\/index.php\/veranstaltungen\/#primaryimage","url":"https:\/\/goethe-gymnasium.berlin\/wp-content\/uploads\/2019\/01\/jazznight40-12.jpg","contentUrl":"https:\/\/goethe-gymnasium.berlin\/wp-content\/uploads\/2019\/01\/jazznight40-12.jpg","width":1504,"height":1000,"caption":"Zugabe der United Big Band"},{"@type":"WebSite","@id":"https:\/\/goethe-gymnasium.berlin\/#website","url":"https:\/\/goethe-gymnasium.berlin\/","name":"Goethe-Gymnasium Berlin-Wilmersdorf","description":"","publisher":{"@id":"https:\/\/goethe-gymnasium.berlin\/#organization"},"potentialAction":[{"@type":"SearchAction","target":{"@type":"EntryPoint","urlTemplate":"https:\/\/goethe-gymnasium.berlin\/?s={search_term_string}"},"query-input":{"@type":"PropertyValueSpecification","valueRequired":true,"valueName":"search_term_string"}}],"inLanguage":"de"},{"@type":"Organization","@id":"https:\/\/goethe-gymnasium.berlin\/#organization","name":"Goethe-Gymnasium Berlin-Wilmersdorf","url":"https:\/\/goethe-gymnasium.berlin\/","logo":{"@type":"ImageObject","inLanguage":"de","@id":"https:\/\/goethe-gymnasium.berlin\/#\/schema\/logo\/image\/","url":"https:\/\/goethe-gymnasium.berlin\/wp-content\/uploads\/2018\/04\/goethe-logo_hoch.png","contentUrl":"https:\/\/goethe-gymnasium.berlin\/wp-content\/uploads\/2018\/04\/goethe-logo_hoch.png","width":755,"height":514,"caption":"Goethe-Gymnasium Berlin-Wilmersdorf"},"image":{"@id":"https:\/\/goethe-gymnasium.berlin\/#\/schema\/logo\/image\/"},"sameAs":["https:\/\/www.facebook.com\/pages\/Goethe-Gymnasium\/109376575754402","https:\/\/www.youtube.com\/channel\/UCMKuMVF9h_YkS3zmEp7SnzQ"]}]}},"_links":{"self":[{"href":"https:\/\/goethe-gymnasium.berlin\/index.php\/wp-json\/wp\/v2\/pages\/243","targetHints":{"allow":["GET"]}}],"collection":[{"href":"https:\/\/goethe-gymnasium.berlin\/index.php\/wp-json\/wp\/v2\/pages"}],"about":[{"href":"https:\/\/goethe-gymnasium.berlin\/index.php\/wp-json\/wp\/v2\/types\/page"}],"author":[{"embeddable":true,"href":"https:\/\/goethe-gymnasium.berlin\/index.php\/wp-json\/wp\/v2\/users\/4"}],"replies":[{"embeddable":true,"href":"https:\/\/goethe-gymnasium.berlin\/index.php\/wp-json\/wp\/v2\/comments?post=243"}],"version-history":[{"count":41,"href":"https:\/\/goethe-gymnasium.berlin\/index.php\/wp-json\/wp\/v2\/pages\/243\/revisions"}],"predecessor-version":[{"id":12770,"href":"https:\/\/goethe-gymnasium.berlin\/index.php\/wp-json\/wp\/v2\/pages\/243\/revisions\/12770"}],"wp:featuredmedia":[{"embeddable":true,"href":"https:\/\/goethe-gymnasium.berlin\/index.php\/wp-json\/wp\/v2\/media\/2962"}],"wp:attachment":[{"href":"https:\/\/goethe-gymnasium.berlin\/index.php\/wp-json\/wp\/v2\/media?parent=243"}],"wp:term":[{"taxonomy":"category","embeddable":true,"href":"https:\/\/goethe-gymnasium.berlin\/index.php\/wp-json\/wp\/v2\/categories?post=243"},{"taxonomy":"post_tag","embeddable":true,"href":"https:\/\/goethe-gymnasium.berlin\/index.php\/wp-json\/wp\/v2\/tags?post=243"}],"curies":[{"name":"wp","href":"https:\/\/api.w.org\/{rel}","templated":true}]}}