{"id":239,"date":"2018-04-24T19:16:31","date_gmt":"2018-04-24T19:16:31","guid":{"rendered":"http:\/\/goethe-gymnasium.berlin\/?page_id=239"},"modified":"2025-08-12T21:47:53","modified_gmt":"2025-08-12T19:47:53","slug":"foerderverein","status":"publish","type":"page","link":"https:\/\/goethe-gymnasium.berlin\/index.php\/elternschaft\/foerderverein\/","title":{"rendered":"F\u00f6rderverein"},"content":{"rendered":"\n<p>Der F\u00f6rderverein des Goethe-Gymnasiums hat eine eigene Website:<br><a title=\"Startseite\" href=\"http:\/\/www.goethefreunde.de\/\" target=\"_blank\" rel=\"home noopener noreferrer\">Freunde des Goethe-Gymnasiums Berlin e.V.<\/a><\/p>\n\n\n\n<h4 class=\"wp-block-heading\">Vorstandsmitglieder seit 27.05.2025<\/h4>\n\n\n\n<ul class=\"wp-block-list\">\n<li>Vorsitzende:              Frau Paprocki<\/li>\n\n\n\n<li>Stellv. Vorsitzende: \u00a0  Frau Katzenbach, Frau Ludszuweit\u00a0\u00a0\u00a0\u00a0<\/li>\n\n\n\n<li>Schatzmeister: \u00a0\u00a0\u00a0 \u00a0\u00a0\u00a0   Herr Pfitzner<\/li>\n\n\n\n<li>Beisitzer*innen: \u00a0\u00a0\u00a0 \u00a0\u00a0  Frau Bae, Frau Heck, Herr Richter, Herr Schmitz<\/li>\n<\/ul>\n\n\n\n<p><strong>Kontakt zum Vorstand:<\/strong> <a href=\"mailto:vorstand@goethefreunde.de\">vorstand@goethefreunde.de<\/a><\/p>\n\n\n\n<p>Der Vorstand des F\u00f6rdervereins tagt einmal monatlich, in der Regel am jeweils dritten Dienstag des Monats, und befasst sich u.a. mit eingegangenen F\u00f6rderantr\u00e4gen.<\/p>\n\n\n\n<p>F\u00f6rderantr\u00e4ge sollen k\u00fcnftig nur noch elektronisch entgegen genommen werden \u2013 Informationen hierzu folgen.<\/p>\n","protected":false},"excerpt":{"rendered":"<p>Der F\u00f6rderverein des Goethe-Gymnasiums hat eine eigene Website:Freunde des Goethe-Gymnasiums Berlin e.V. Vorstandsmitglieder seit 27.05.2025 Kontakt zum Vorstand: vorstand@goethefreunde.de Der <a class=\"more-link\" href=\"https:\/\/goethe-gymnasium.berlin\/index.php\/elternschaft\/foerderverein\/\">Weiterlesen &#8230;<\/a><\/p>\n","protected":false},"author":1,"featured_media":594,"parent":233,"menu_order":0,"comment_status":"closed","ping_status":"closed","template":"","meta":{"footnotes":""},"categories":[45],"tags":[285,284,286],"class_list":["post-239","page","type-page","status-publish","has-post-thumbnail","hentry","category-elternschaft","tag-foerderantrag","tag-foerderverein","tag-freunde-des-goethe-gymnasiums-berlin-e-v"],"yoast_head":"<!-- This site is optimized with the Yoast SEO plugin v27.3 - https:\/\/yoast.com\/product\/yoast-seo-wordpress\/ -->\n<title>F\u00f6rderverein - Goethe-Gymnasium Berlin-Wilmersdorf<\/title>\n<meta name=\"robots\" content=\"index, follow, max-snippet:-1, max-image-preview:large, max-video-preview:-1\" \/>\n<link rel=\"canonical\" href=\"https:\/\/goethe-gymnasium.berlin\/index.php\/elternschaft\/foerderverein\/\" \/>\n<meta property=\"og:locale\" content=\"de_DE\" \/>\n<meta property=\"og:type\" content=\"article\" \/>\n<meta property=\"og:title\" content=\"F\u00f6rderverein - Goethe-Gymnasium Berlin-Wilmersdorf\" \/>\n<meta property=\"og:description\" content=\"Der F\u00f6rderverein des Goethe-Gymnasiums hat eine eigene Website:Freunde des Goethe-Gymnasiums Berlin e.V. Vorstandsmitglieder seit 27.05.2025 Kontakt zum Vorstand: vorstand@goethefreunde.de Der Weiterlesen ...\" \/>\n<meta property=\"og:url\" content=\"https:\/\/goethe-gymnasium.berlin\/index.php\/elternschaft\/foerderverein\/\" \/>\n<meta property=\"og:site_name\" content=\"Goethe-Gymnasium Berlin-Wilmersdorf\" \/>\n<meta property=\"article:publisher\" content=\"https:\/\/www.facebook.com\/pages\/Goethe-Gymnasium\/109376575754402\" \/>\n<meta property=\"article:modified_time\" content=\"2025-08-12T19:47:53+00:00\" \/>\n<meta property=\"og:image\" content=\"https:\/\/goethe-gymnasium.berlin\/wp-content\/uploads\/2018\/05\/logo-foerderverein_4C_42mmBreit_300dpi.jpg\" \/>\n\t<meta property=\"og:image:width\" content=\"496\" \/>\n\t<meta property=\"og:image:height\" content=\"244\" \/>\n\t<meta property=\"og:image:type\" content=\"image\/jpeg\" \/>\n<meta name=\"twitter:card\" content=\"summary_large_image\" \/>\n<meta name=\"twitter:label1\" content=\"Gesch\u00e4tzte Lesezeit\" \/>\n\t<meta name=\"twitter:data1\" content=\"1\u00a0Minute\" \/>\n<script type=\"application\/ld+json\" class=\"yoast-schema-graph\">{\"@context\":\"https:\\\/\\\/schema.org\",\"@graph\":[{\"@type\":\"WebPage\",\"@id\":\"https:\\\/\\\/goethe-gymnasium.berlin\\\/index.php\\\/elternschaft\\\/foerderverein\\\/\",\"url\":\"https:\\\/\\\/goethe-gymnasium.berlin\\\/index.php\\\/elternschaft\\\/foerderverein\\\/\",\"name\":\"F\u00f6rderverein - Goethe-Gymnasium Berlin-Wilmersdorf\",\"isPartOf\":{\"@id\":\"https:\\\/\\\/goethe-gymnasium.berlin\\\/#website\"},\"primaryImageOfPage\":{\"@id\":\"https:\\\/\\\/goethe-gymnasium.berlin\\\/index.php\\\/elternschaft\\\/foerderverein\\\/#primaryimage\"},\"image\":{\"@id\":\"https:\\\/\\\/goethe-gymnasium.berlin\\\/index.php\\\/elternschaft\\\/foerderverein\\\/#primaryimage\"},\"thumbnailUrl\":\"https:\\\/\\\/goethe-gymnasium.berlin\\\/wp-content\\\/uploads\\\/2018\\\/05\\\/logo-foerderverein_4C_42mmBreit_300dpi.jpg\",\"datePublished\":\"2018-04-24T19:16:31+00:00\",\"dateModified\":\"2025-08-12T19:47:53+00:00\",\"breadcrumb\":{\"@id\":\"https:\\\/\\\/goethe-gymnasium.berlin\\\/index.php\\\/elternschaft\\\/foerderverein\\\/#breadcrumb\"},\"inLanguage\":\"de\",\"potentialAction\":[{\"@type\":\"ReadAction\",\"target\":[\"https:\\\/\\\/goethe-gymnasium.berlin\\\/index.php\\\/elternschaft\\\/foerderverein\\\/\"]}]},{\"@type\":\"ImageObject\",\"inLanguage\":\"de\",\"@id\":\"https:\\\/\\\/goethe-gymnasium.berlin\\\/index.php\\\/elternschaft\\\/foerderverein\\\/#primaryimage\",\"url\":\"https:\\\/\\\/goethe-gymnasium.berlin\\\/wp-content\\\/uploads\\\/2018\\\/05\\\/logo-foerderverein_4C_42mmBreit_300dpi.jpg\",\"contentUrl\":\"https:\\\/\\\/goethe-gymnasium.berlin\\\/wp-content\\\/uploads\\\/2018\\\/05\\\/logo-foerderverein_4C_42mmBreit_300dpi.jpg\",\"width\":496,\"height\":244},{\"@type\":\"BreadcrumbList\",\"@id\":\"https:\\\/\\\/goethe-gymnasium.berlin\\\/index.php\\\/elternschaft\\\/foerderverein\\\/#breadcrumb\",\"itemListElement\":[{\"@type\":\"ListItem\",\"position\":1,\"name\":\"Startseite\",\"item\":\"https:\\\/\\\/goethe-gymnasium.berlin\\\/\"},{\"@type\":\"ListItem\",\"position\":2,\"name\":\"Elternschaft\",\"item\":\"https:\\\/\\\/goethe-gymnasium.berlin\\\/index.php\\\/elternschaft\\\/\"},{\"@type\":\"ListItem\",\"position\":3,\"name\":\"F\u00f6rderverein\"}]},{\"@type\":\"WebSite\",\"@id\":\"https:\\\/\\\/goethe-gymnasium.berlin\\\/#website\",\"url\":\"https:\\\/\\\/goethe-gymnasium.berlin\\\/\",\"name\":\"Goethe-Gymnasium Berlin-Wilmersdorf\",\"description\":\"\",\"publisher\":{\"@id\":\"https:\\\/\\\/goethe-gymnasium.berlin\\\/#organization\"},\"potentialAction\":[{\"@type\":\"SearchAction\",\"target\":{\"@type\":\"EntryPoint\",\"urlTemplate\":\"https:\\\/\\\/goethe-gymnasium.berlin\\\/?s={search_term_string}\"},\"query-input\":{\"@type\":\"PropertyValueSpecification\",\"valueRequired\":true,\"valueName\":\"search_term_string\"}}],\"inLanguage\":\"de\"},{\"@type\":\"Organization\",\"@id\":\"https:\\\/\\\/goethe-gymnasium.berlin\\\/#organization\",\"name\":\"Goethe-Gymnasium Berlin-Wilmersdorf\",\"url\":\"https:\\\/\\\/goethe-gymnasium.berlin\\\/\",\"logo\":{\"@type\":\"ImageObject\",\"inLanguage\":\"de\",\"@id\":\"https:\\\/\\\/goethe-gymnasium.berlin\\\/#\\\/schema\\\/logo\\\/image\\\/\",\"url\":\"https:\\\/\\\/goethe-gymnasium.berlin\\\/wp-content\\\/uploads\\\/2018\\\/04\\\/goethe-logo_hoch.png\",\"contentUrl\":\"https:\\\/\\\/goethe-gymnasium.berlin\\\/wp-content\\\/uploads\\\/2018\\\/04\\\/goethe-logo_hoch.png\",\"width\":755,\"height\":514,\"caption\":\"Goethe-Gymnasium Berlin-Wilmersdorf\"},\"image\":{\"@id\":\"https:\\\/\\\/goethe-gymnasium.berlin\\\/#\\\/schema\\\/logo\\\/image\\\/\"},\"sameAs\":[\"https:\\\/\\\/www.facebook.com\\\/pages\\\/Goethe-Gymnasium\\\/109376575754402\",\"https:\\\/\\\/www.youtube.com\\\/channel\\\/UCMKuMVF9h_YkS3zmEp7SnzQ\"]}]}<\/script>\n<!-- \/ Yoast SEO plugin. -->","yoast_head_json":{"title":"F\u00f6rderverein - Goethe-Gymnasium Berlin-Wilmersdorf","robots":{"index":"index","follow":"follow","max-snippet":"max-snippet:-1","max-image-preview":"max-image-preview:large","max-video-preview":"max-video-preview:-1"},"canonical":"https:\/\/goethe-gymnasium.berlin\/index.php\/elternschaft\/foerderverein\/","og_locale":"de_DE","og_type":"article","og_title":"F\u00f6rderverein - Goethe-Gymnasium Berlin-Wilmersdorf","og_description":"Der F\u00f6rderverein des Goethe-Gymnasiums hat eine eigene Website:Freunde des Goethe-Gymnasiums Berlin e.V. Vorstandsmitglieder seit 27.05.2025 Kontakt zum Vorstand: vorstand@goethefreunde.de Der Weiterlesen ...","og_url":"https:\/\/goethe-gymnasium.berlin\/index.php\/elternschaft\/foerderverein\/","og_site_name":"Goethe-Gymnasium Berlin-Wilmersdorf","article_publisher":"https:\/\/www.facebook.com\/pages\/Goethe-Gymnasium\/109376575754402","article_modified_time":"2025-08-12T19:47:53+00:00","og_image":[{"width":496,"height":244,"url":"https:\/\/goethe-gymnasium.berlin\/wp-content\/uploads\/2018\/05\/logo-foerderverein_4C_42mmBreit_300dpi.jpg","type":"image\/jpeg"}],"twitter_card":"summary_large_image","twitter_misc":{"Gesch\u00e4tzte Lesezeit":"1\u00a0Minute"},"schema":{"@context":"https:\/\/schema.org","@graph":[{"@type":"WebPage","@id":"https:\/\/goethe-gymnasium.berlin\/index.php\/elternschaft\/foerderverein\/","url":"https:\/\/goethe-gymnasium.berlin\/index.php\/elternschaft\/foerderverein\/","name":"F\u00f6rderverein - Goethe-Gymnasium Berlin-Wilmersdorf","isPartOf":{"@id":"https:\/\/goethe-gymnasium.berlin\/#website"},"primaryImageOfPage":{"@id":"https:\/\/goethe-gymnasium.berlin\/index.php\/elternschaft\/foerderverein\/#primaryimage"},"image":{"@id":"https:\/\/goethe-gymnasium.berlin\/index.php\/elternschaft\/foerderverein\/#primaryimage"},"thumbnailUrl":"https:\/\/goethe-gymnasium.berlin\/wp-content\/uploads\/2018\/05\/logo-foerderverein_4C_42mmBreit_300dpi.jpg","datePublished":"2018-04-24T19:16:31+00:00","dateModified":"2025-08-12T19:47:53+00:00","breadcrumb":{"@id":"https:\/\/goethe-gymnasium.berlin\/index.php\/elternschaft\/foerderverein\/#breadcrumb"},"inLanguage":"de","potentialAction":[{"@type":"ReadAction","target":["https:\/\/goethe-gymnasium.berlin\/index.php\/elternschaft\/foerderverein\/"]}]},{"@type":"ImageObject","inLanguage":"de","@id":"https:\/\/goethe-gymnasium.berlin\/index.php\/elternschaft\/foerderverein\/#primaryimage","url":"https:\/\/goethe-gymnasium.berlin\/wp-content\/uploads\/2018\/05\/logo-foerderverein_4C_42mmBreit_300dpi.jpg","contentUrl":"https:\/\/goethe-gymnasium.berlin\/wp-content\/uploads\/2018\/05\/logo-foerderverein_4C_42mmBreit_300dpi.jpg","width":496,"height":244},{"@type":"BreadcrumbList","@id":"https:\/\/goethe-gymnasium.berlin\/index.php\/elternschaft\/foerderverein\/#breadcrumb","itemListElement":[{"@type":"ListItem","position":1,"name":"Startseite","item":"https:\/\/goethe-gymnasium.berlin\/"},{"@type":"ListItem","position":2,"name":"Elternschaft","item":"https:\/\/goethe-gymnasium.berlin\/index.php\/elternschaft\/"},{"@type":"ListItem","position":3,"name":"F\u00f6rderverein"}]},{"@type":"WebSite","@id":"https:\/\/goethe-gymnasium.berlin\/#website","url":"https:\/\/goethe-gymnasium.berlin\/","name":"Goethe-Gymnasium Berlin-Wilmersdorf","description":"","publisher":{"@id":"https:\/\/goethe-gymnasium.berlin\/#organization"},"potentialAction":[{"@type":"SearchAction","target":{"@type":"EntryPoint","urlTemplate":"https:\/\/goethe-gymnasium.berlin\/?s={search_term_string}"},"query-input":{"@type":"PropertyValueSpecification","valueRequired":true,"valueName":"search_term_string"}}],"inLanguage":"de"},{"@type":"Organization","@id":"https:\/\/goethe-gymnasium.berlin\/#organization","name":"Goethe-Gymnasium Berlin-Wilmersdorf","url":"https:\/\/goethe-gymnasium.berlin\/","logo":{"@type":"ImageObject","inLanguage":"de","@id":"https:\/\/goethe-gymnasium.berlin\/#\/schema\/logo\/image\/","url":"https:\/\/goethe-gymnasium.berlin\/wp-content\/uploads\/2018\/04\/goethe-logo_hoch.png","contentUrl":"https:\/\/goethe-gymnasium.berlin\/wp-content\/uploads\/2018\/04\/goethe-logo_hoch.png","width":755,"height":514,"caption":"Goethe-Gymnasium Berlin-Wilmersdorf"},"image":{"@id":"https:\/\/goethe-gymnasium.berlin\/#\/schema\/logo\/image\/"},"sameAs":["https:\/\/www.facebook.com\/pages\/Goethe-Gymnasium\/109376575754402","https:\/\/www.youtube.com\/channel\/UCMKuMVF9h_YkS3zmEp7SnzQ"]}]}},"_links":{"self":[{"href":"https:\/\/goethe-gymnasium.berlin\/index.php\/wp-json\/wp\/v2\/pages\/239","targetHints":{"allow":["GET"]}}],"collection":[{"href":"https:\/\/goethe-gymnasium.berlin\/index.php\/wp-json\/wp\/v2\/pages"}],"about":[{"href":"https:\/\/goethe-gymnasium.berlin\/index.php\/wp-json\/wp\/v2\/types\/page"}],"author":[{"embeddable":true,"href":"https:\/\/goethe-gymnasium.berlin\/index.php\/wp-json\/wp\/v2\/users\/1"}],"replies":[{"embeddable":true,"href":"https:\/\/goethe-gymnasium.berlin\/index.php\/wp-json\/wp\/v2\/comments?post=239"}],"version-history":[{"count":18,"href":"https:\/\/goethe-gymnasium.berlin\/index.php\/wp-json\/wp\/v2\/pages\/239\/revisions"}],"predecessor-version":[{"id":13459,"href":"https:\/\/goethe-gymnasium.berlin\/index.php\/wp-json\/wp\/v2\/pages\/239\/revisions\/13459"}],"up":[{"embeddable":true,"href":"https:\/\/goethe-gymnasium.berlin\/index.php\/wp-json\/wp\/v2\/pages\/233"}],"wp:featuredmedia":[{"embeddable":true,"href":"https:\/\/goethe-gymnasium.berlin\/index.php\/wp-json\/wp\/v2\/media\/594"}],"wp:attachment":[{"href":"https:\/\/goethe-gymnasium.berlin\/index.php\/wp-json\/wp\/v2\/media?parent=239"}],"wp:term":[{"taxonomy":"category","embeddable":true,"href":"https:\/\/goethe-gymnasium.berlin\/index.php\/wp-json\/wp\/v2\/categories?post=239"},{"taxonomy":"post_tag","embeddable":true,"href":"https:\/\/goethe-gymnasium.berlin\/index.php\/wp-json\/wp\/v2\/tags?post=239"}],"curies":[{"name":"wp","href":"https:\/\/api.w.org\/{rel}","templated":true}]}}