{"id":237,"date":"2018-04-24T19:16:21","date_gmt":"2018-04-24T19:16:21","guid":{"rendered":"http:\/\/goethe-gymnasium.berlin\/?page_id=237"},"modified":"2024-04-07T19:49:23","modified_gmt":"2024-04-07T17:49:23","slug":"ehemalige","status":"publish","type":"page","link":"https:\/\/goethe-gymnasium.berlin\/index.php\/schuelerschaft\/ehemalige\/","title":{"rendered":"Ehemalige"},"content":{"rendered":"\n<p>Auf dieser Seite erscheinen in loser Folge Beitr\u00e4ge \u00fcber Ehemalige oder von ehemaligen Sch\u00fcler*innen, die sich an ihre alte Schule zur\u00fcckerinnern.<\/p>\n\n\n\n<ul class=\"wp-block-list\">\n<li><a href=\"https:\/\/goethe-gymnasium.berlin\/index.php\/2024\/03\/15\/eine-besondere-begegnung-in-paris\/\" target=\"_blank\" rel=\"noreferrer noopener\">Eine besondere Begegnung in Paris 2024<\/a><\/li>\n\n\n\n<li><a href=\"https:\/\/goethe-gymnasium.berlin\/index.php\/2023\/11\/06\/aufruf-zu-fuenfzigjaehrigem-abiturjubilaeum-jahrgang-1975\/\" target=\"_blank\" rel=\"noreferrer noopener\">Aufruf zu Goldenem Abitur-Jubil\u00e4um (Jahrgang 1975)<\/a><\/li>\n\n\n\n<li><a href=\"https:\/\/goethe-gymnasium.berlin\/index.php\/2023\/08\/28\/abitur-2023\/\" target=\"_blank\" rel=\"noreferrer noopener\">Abiturfeier 2023<\/a><\/li>\n\n\n\n<li><a href=\"https:\/\/goethe-gymnasium.berlin\/index.php\/2022\/08\/10\/abiturfeier-2022\/\" target=\"_blank\" rel=\"noreferrer noopener\">Abiturfeier 2022<\/a><\/li>\n\n\n\n<li><a href=\"https:\/\/goethe-gymnasium.berlin\/index.php\/2021\/07\/01\/abiturfeier-2021\/\" target=\"_blank\" rel=\"noreferrer noopener\">Abiturfeier 2021<\/a><\/li>\n\n\n\n<li><a href=\"https:\/\/goethe-gymnasium.berlin\/index.php\/2021\/06\/20\/zum-tod-von-frau-detmers\/\">In memoriam &#8211; Nachruf auf Ren\u00e9e Detmers<\/a> (ehemalige Religionslehrerin)<\/li>\n\n\n\n<li><a href=\"https:\/\/goethe-gymnasium.berlin\/index.php\/2021\/05\/31\/brusgatis\/\">In memoriam &#8211; Nachruf auf Andreas Brusgatis<\/a> (ehemaliger Hausmeister)<\/li>\n\n\n\n<li><a href=\"https:\/\/goethe-gymnasium.berlin\/index.php\/2021\/03\/27\/65-jahre-abitur\/\" rel=\"noreferrer noopener\" target=\"_blank\">65 Jahre Abitur<\/a> (Jubil\u00e4um des Abiturjahrgangs 1956)<\/li>\n\n\n\n<li><a href=\"https:\/\/goethe-gymnasium.berlin\/index.php\/2020\/12\/22\/in-memoriam\/\" rel=\"noreferrer noopener\" target=\"_blank\">In memoriam &#8211; Nachruf auf Dr. Peter Lohe<\/a> (ehemaliger Schulleiter)<\/li>\n\n\n\n<li><a href=\"https:\/\/goethe-gymnasium.berlin\/index.php\/2020\/06\/20\/abiturfeier-einmal-anders\/\">Abiturfeier 2020 &#8211; einmal anders<\/a><\/li>\n\n\n\n<li><a href=\"https:\/\/goethe-gymnasium.berlin\/index.php\/2019\/06\/14\/goethe-wer-sonst-schulfest-2019\/\">Abiturfeier 2019<\/a><\/li>\n\n\n\n<li><a href=\"http:\/\/goethe-gymnasium.berlin\/index.php\/schule\/henry-c-wallich-preis\/\" rel=\"noopener noreferrer\" target=\"_blank\">Henry C. Wallich und sein Preis<\/a><\/li>\n\n\n\n<li><a href=\"http:\/\/goethe-gymnasium.berlin\/index.php\/2018\/06\/30\/abiturtreffen1988-2018\/\">R\u00fcckkehr an den Tatort<\/a> (Erinnerungen des Abiturjahrgangs 1988)<\/li>\n\n\n\n<li><a rel=\"noopener noreferrer\" href=\"http:\/\/goethe-gymnasium.berlin\/index.php\/2017\/07\/15\/abiturfeier-2017\/\" target=\"_blank\">Abiturfeier 2017<\/a><\/li>\n\n\n\n<li><a rel=\"noopener noreferrer\" href=\"http:\/\/goethe-gymnasium.berlin\/index.php\/2016\/07\/15\/abiturfeier-2016\/\" target=\"_blank\">Abiturfeier 2016<\/a><\/li>\n\n\n\n<li><a rel=\"noopener noreferrer\" href=\"http:\/\/goethe-gymnasium.berlin\/index.php\/2014\/03\/27\/sieben-jahre-nach-dem-abitur\/\" target=\"_blank\">Sieben Jahre nach dem Abitur<\/a> (R\u00fcckblicke des Abiturjahrgangs 2006)<\/li>\n<\/ul>\n","protected":false},"excerpt":{"rendered":"<p>Auf dieser Seite erscheinen in loser Folge Beitr\u00e4ge \u00fcber Ehemalige oder von ehemaligen Sch\u00fcler*innen, die sich an ihre alte Schule <a class=\"more-link\" href=\"https:\/\/goethe-gymnasium.berlin\/index.php\/schuelerschaft\/ehemalige\/\">Weiterlesen &#8230;<\/a><\/p>\n","protected":false},"author":4,"featured_media":0,"parent":219,"menu_order":0,"comment_status":"closed","ping_status":"closed","template":"","meta":{"footnotes":""},"categories":[136,35],"tags":[134,412,135,396],"class_list":["post-237","page","type-page","status-publish","hentry","category-ehemalige","category-schuelerschaft","tag-abiturfeier","tag-abiturjubilaeum","tag-ehemalige","tag-nachruf"],"yoast_head":"<!-- This site is optimized with the Yoast SEO plugin v27.3 - https:\/\/yoast.com\/product\/yoast-seo-wordpress\/ -->\n<title>Ehemalige - Goethe-Gymnasium Berlin-Wilmersdorf<\/title>\n<meta name=\"robots\" content=\"index, follow, max-snippet:-1, max-image-preview:large, max-video-preview:-1\" \/>\n<link rel=\"canonical\" href=\"https:\/\/goethe-gymnasium.berlin\/index.php\/schuelerschaft\/ehemalige\/\" \/>\n<meta property=\"og:locale\" content=\"de_DE\" \/>\n<meta property=\"og:type\" content=\"article\" \/>\n<meta property=\"og:title\" content=\"Ehemalige - Goethe-Gymnasium Berlin-Wilmersdorf\" \/>\n<meta property=\"og:description\" content=\"Auf dieser Seite erscheinen in loser Folge Beitr\u00e4ge \u00fcber Ehemalige oder von ehemaligen Sch\u00fcler*innen, die sich an ihre alte Schule Weiterlesen ...\" \/>\n<meta property=\"og:url\" content=\"https:\/\/goethe-gymnasium.berlin\/index.php\/schuelerschaft\/ehemalige\/\" \/>\n<meta property=\"og:site_name\" content=\"Goethe-Gymnasium Berlin-Wilmersdorf\" \/>\n<meta property=\"article:publisher\" content=\"https:\/\/www.facebook.com\/pages\/Goethe-Gymnasium\/109376575754402\" \/>\n<meta property=\"article:modified_time\" content=\"2024-04-07T17:49:23+00:00\" \/>\n<meta property=\"og:image\" content=\"https:\/\/goethe-gymnasium.berlin\/wp-content\/uploads\/2018\/06\/goethe-front-light.jpg\" \/>\n\t<meta property=\"og:image:width\" content=\"1200\" \/>\n\t<meta property=\"og:image:height\" content=\"600\" \/>\n\t<meta property=\"og:image:type\" content=\"image\/jpeg\" \/>\n<meta name=\"twitter:card\" content=\"summary_large_image\" \/>\n<meta name=\"twitter:label1\" content=\"Gesch\u00e4tzte Lesezeit\" \/>\n\t<meta name=\"twitter:data1\" content=\"1\u00a0Minute\" \/>\n<script type=\"application\/ld+json\" class=\"yoast-schema-graph\">{\"@context\":\"https:\\\/\\\/schema.org\",\"@graph\":[{\"@type\":\"WebPage\",\"@id\":\"https:\\\/\\\/goethe-gymnasium.berlin\\\/index.php\\\/schuelerschaft\\\/ehemalige\\\/\",\"url\":\"https:\\\/\\\/goethe-gymnasium.berlin\\\/index.php\\\/schuelerschaft\\\/ehemalige\\\/\",\"name\":\"Ehemalige - Goethe-Gymnasium Berlin-Wilmersdorf\",\"isPartOf\":{\"@id\":\"https:\\\/\\\/goethe-gymnasium.berlin\\\/#website\"},\"datePublished\":\"2018-04-24T19:16:21+00:00\",\"dateModified\":\"2024-04-07T17:49:23+00:00\",\"breadcrumb\":{\"@id\":\"https:\\\/\\\/goethe-gymnasium.berlin\\\/index.php\\\/schuelerschaft\\\/ehemalige\\\/#breadcrumb\"},\"inLanguage\":\"de\",\"potentialAction\":[{\"@type\":\"ReadAction\",\"target\":[\"https:\\\/\\\/goethe-gymnasium.berlin\\\/index.php\\\/schuelerschaft\\\/ehemalige\\\/\"]}]},{\"@type\":\"BreadcrumbList\",\"@id\":\"https:\\\/\\\/goethe-gymnasium.berlin\\\/index.php\\\/schuelerschaft\\\/ehemalige\\\/#breadcrumb\",\"itemListElement\":[{\"@type\":\"ListItem\",\"position\":1,\"name\":\"Startseite\",\"item\":\"https:\\\/\\\/goethe-gymnasium.berlin\\\/\"},{\"@type\":\"ListItem\",\"position\":2,\"name\":\"Sch\u00fclerschaft\",\"item\":\"https:\\\/\\\/goethe-gymnasium.berlin\\\/index.php\\\/schuelerschaft\\\/\"},{\"@type\":\"ListItem\",\"position\":3,\"name\":\"Ehemalige\"}]},{\"@type\":\"WebSite\",\"@id\":\"https:\\\/\\\/goethe-gymnasium.berlin\\\/#website\",\"url\":\"https:\\\/\\\/goethe-gymnasium.berlin\\\/\",\"name\":\"Goethe-Gymnasium Berlin-Wilmersdorf\",\"description\":\"\",\"publisher\":{\"@id\":\"https:\\\/\\\/goethe-gymnasium.berlin\\\/#organization\"},\"potentialAction\":[{\"@type\":\"SearchAction\",\"target\":{\"@type\":\"EntryPoint\",\"urlTemplate\":\"https:\\\/\\\/goethe-gymnasium.berlin\\\/?s={search_term_string}\"},\"query-input\":{\"@type\":\"PropertyValueSpecification\",\"valueRequired\":true,\"valueName\":\"search_term_string\"}}],\"inLanguage\":\"de\"},{\"@type\":\"Organization\",\"@id\":\"https:\\\/\\\/goethe-gymnasium.berlin\\\/#organization\",\"name\":\"Goethe-Gymnasium Berlin-Wilmersdorf\",\"url\":\"https:\\\/\\\/goethe-gymnasium.berlin\\\/\",\"logo\":{\"@type\":\"ImageObject\",\"inLanguage\":\"de\",\"@id\":\"https:\\\/\\\/goethe-gymnasium.berlin\\\/#\\\/schema\\\/logo\\\/image\\\/\",\"url\":\"https:\\\/\\\/goethe-gymnasium.berlin\\\/wp-content\\\/uploads\\\/2018\\\/04\\\/goethe-logo_hoch.png\",\"contentUrl\":\"https:\\\/\\\/goethe-gymnasium.berlin\\\/wp-content\\\/uploads\\\/2018\\\/04\\\/goethe-logo_hoch.png\",\"width\":755,\"height\":514,\"caption\":\"Goethe-Gymnasium Berlin-Wilmersdorf\"},\"image\":{\"@id\":\"https:\\\/\\\/goethe-gymnasium.berlin\\\/#\\\/schema\\\/logo\\\/image\\\/\"},\"sameAs\":[\"https:\\\/\\\/www.facebook.com\\\/pages\\\/Goethe-Gymnasium\\\/109376575754402\",\"https:\\\/\\\/www.youtube.com\\\/channel\\\/UCMKuMVF9h_YkS3zmEp7SnzQ\"]}]}<\/script>\n<!-- \/ Yoast SEO plugin. -->","yoast_head_json":{"title":"Ehemalige - Goethe-Gymnasium Berlin-Wilmersdorf","robots":{"index":"index","follow":"follow","max-snippet":"max-snippet:-1","max-image-preview":"max-image-preview:large","max-video-preview":"max-video-preview:-1"},"canonical":"https:\/\/goethe-gymnasium.berlin\/index.php\/schuelerschaft\/ehemalige\/","og_locale":"de_DE","og_type":"article","og_title":"Ehemalige - Goethe-Gymnasium Berlin-Wilmersdorf","og_description":"Auf dieser Seite erscheinen in loser Folge Beitr\u00e4ge \u00fcber Ehemalige oder von ehemaligen Sch\u00fcler*innen, die sich an ihre alte Schule Weiterlesen ...","og_url":"https:\/\/goethe-gymnasium.berlin\/index.php\/schuelerschaft\/ehemalige\/","og_site_name":"Goethe-Gymnasium Berlin-Wilmersdorf","article_publisher":"https:\/\/www.facebook.com\/pages\/Goethe-Gymnasium\/109376575754402","article_modified_time":"2024-04-07T17:49:23+00:00","og_image":[{"width":1200,"height":600,"url":"https:\/\/goethe-gymnasium.berlin\/wp-content\/uploads\/2018\/06\/goethe-front-light.jpg","type":"image\/jpeg"}],"twitter_card":"summary_large_image","twitter_misc":{"Gesch\u00e4tzte Lesezeit":"1\u00a0Minute"},"schema":{"@context":"https:\/\/schema.org","@graph":[{"@type":"WebPage","@id":"https:\/\/goethe-gymnasium.berlin\/index.php\/schuelerschaft\/ehemalige\/","url":"https:\/\/goethe-gymnasium.berlin\/index.php\/schuelerschaft\/ehemalige\/","name":"Ehemalige - Goethe-Gymnasium Berlin-Wilmersdorf","isPartOf":{"@id":"https:\/\/goethe-gymnasium.berlin\/#website"},"datePublished":"2018-04-24T19:16:21+00:00","dateModified":"2024-04-07T17:49:23+00:00","breadcrumb":{"@id":"https:\/\/goethe-gymnasium.berlin\/index.php\/schuelerschaft\/ehemalige\/#breadcrumb"},"inLanguage":"de","potentialAction":[{"@type":"ReadAction","target":["https:\/\/goethe-gymnasium.berlin\/index.php\/schuelerschaft\/ehemalige\/"]}]},{"@type":"BreadcrumbList","@id":"https:\/\/goethe-gymnasium.berlin\/index.php\/schuelerschaft\/ehemalige\/#breadcrumb","itemListElement":[{"@type":"ListItem","position":1,"name":"Startseite","item":"https:\/\/goethe-gymnasium.berlin\/"},{"@type":"ListItem","position":2,"name":"Sch\u00fclerschaft","item":"https:\/\/goethe-gymnasium.berlin\/index.php\/schuelerschaft\/"},{"@type":"ListItem","position":3,"name":"Ehemalige"}]},{"@type":"WebSite","@id":"https:\/\/goethe-gymnasium.berlin\/#website","url":"https:\/\/goethe-gymnasium.berlin\/","name":"Goethe-Gymnasium Berlin-Wilmersdorf","description":"","publisher":{"@id":"https:\/\/goethe-gymnasium.berlin\/#organization"},"potentialAction":[{"@type":"SearchAction","target":{"@type":"EntryPoint","urlTemplate":"https:\/\/goethe-gymnasium.berlin\/?s={search_term_string}"},"query-input":{"@type":"PropertyValueSpecification","valueRequired":true,"valueName":"search_term_string"}}],"inLanguage":"de"},{"@type":"Organization","@id":"https:\/\/goethe-gymnasium.berlin\/#organization","name":"Goethe-Gymnasium Berlin-Wilmersdorf","url":"https:\/\/goethe-gymnasium.berlin\/","logo":{"@type":"ImageObject","inLanguage":"de","@id":"https:\/\/goethe-gymnasium.berlin\/#\/schema\/logo\/image\/","url":"https:\/\/goethe-gymnasium.berlin\/wp-content\/uploads\/2018\/04\/goethe-logo_hoch.png","contentUrl":"https:\/\/goethe-gymnasium.berlin\/wp-content\/uploads\/2018\/04\/goethe-logo_hoch.png","width":755,"height":514,"caption":"Goethe-Gymnasium Berlin-Wilmersdorf"},"image":{"@id":"https:\/\/goethe-gymnasium.berlin\/#\/schema\/logo\/image\/"},"sameAs":["https:\/\/www.facebook.com\/pages\/Goethe-Gymnasium\/109376575754402","https:\/\/www.youtube.com\/channel\/UCMKuMVF9h_YkS3zmEp7SnzQ"]}]}},"_links":{"self":[{"href":"https:\/\/goethe-gymnasium.berlin\/index.php\/wp-json\/wp\/v2\/pages\/237","targetHints":{"allow":["GET"]}}],"collection":[{"href":"https:\/\/goethe-gymnasium.berlin\/index.php\/wp-json\/wp\/v2\/pages"}],"about":[{"href":"https:\/\/goethe-gymnasium.berlin\/index.php\/wp-json\/wp\/v2\/types\/page"}],"author":[{"embeddable":true,"href":"https:\/\/goethe-gymnasium.berlin\/index.php\/wp-json\/wp\/v2\/users\/4"}],"replies":[{"embeddable":true,"href":"https:\/\/goethe-gymnasium.berlin\/index.php\/wp-json\/wp\/v2\/comments?post=237"}],"version-history":[{"count":20,"href":"https:\/\/goethe-gymnasium.berlin\/index.php\/wp-json\/wp\/v2\/pages\/237\/revisions"}],"predecessor-version":[{"id":11763,"href":"https:\/\/goethe-gymnasium.berlin\/index.php\/wp-json\/wp\/v2\/pages\/237\/revisions\/11763"}],"up":[{"embeddable":true,"href":"https:\/\/goethe-gymnasium.berlin\/index.php\/wp-json\/wp\/v2\/pages\/219"}],"wp:attachment":[{"href":"https:\/\/goethe-gymnasium.berlin\/index.php\/wp-json\/wp\/v2\/media?parent=237"}],"wp:term":[{"taxonomy":"category","embeddable":true,"href":"https:\/\/goethe-gymnasium.berlin\/index.php\/wp-json\/wp\/v2\/categories?post=237"},{"taxonomy":"post_tag","embeddable":true,"href":"https:\/\/goethe-gymnasium.berlin\/index.php\/wp-json\/wp\/v2\/tags?post=237"}],"curies":[{"name":"wp","href":"https:\/\/api.w.org\/{rel}","templated":true}]}}