{"id":233,"date":"2018-04-24T19:15:53","date_gmt":"2018-04-24T19:15:53","guid":{"rendered":"http:\/\/goethe-gymnasium.berlin\/?page_id=233"},"modified":"2019-05-18T13:40:39","modified_gmt":"2019-05-18T11:40:39","slug":"elternschaft","status":"publish","type":"page","link":"https:\/\/goethe-gymnasium.berlin\/index.php\/elternschaft\/","title":{"rendered":"Elternschaft"},"content":{"rendered":"\n<h4 class=\"wp-block-heading\">Gesamtelternvertretung<\/h4>\n\n\n\n<p>Auf dieser Seite finden Sie die wichtigsten Informationen zu den Aktivit\u00e4ten der GEV. Alle aktuellen Ansprechpartner der Elternschaft finden Sie unter <a rel=\"noreferrer noopener\" href=\"http:\/\/goethe-gymnasium.berlin\/index.php\/elternschaft\/gev\/\" target=\"_blank\">Gesamtelternvertretung<\/a>. Mit Anregungen oder Fragen zu aktuellen Aktivit\u00e4ten der GEV k\u00f6nnen Sie sich gerne per E-Mail an den GEV-Vorstand wenden:&nbsp;<a href=\"mailto:gev-vs@goethe-gymnasium-berlin.de\">gev-vs@goethe-gymnasium-berlin.de<\/a><\/p>\n\n\n\n<h4 class=\"wp-block-heading\">Aktivit\u00e4ten und Projekte<\/h4>\n\n\n\n<p>Die Gesamtelternvertretung (GEV) organisiert die Mitwirkung der Eltern am Schulleben und an Aktivit\u00e4ten der Schule. In Zusammenarbeit mit den verschiedenen Fachbereichen, der Leitung unserer Schule, der Gesamtsch\u00fclervertretung sowie insbesondere mit dem <a rel=\"noreferrer noopener\" href=\"http:\/\/www.goethefreunde.de\/\" target=\"_blank\">F\u00f6rderverein &#8222;Verein der Freunde des Goethe-Gymnasiums e. V.&#8220;<\/a>&nbsp;unterst\u00fctzen die Eltern zahlreiche Initiativen und Projekte personell und finanziell zum Wohl unserer Sch\u00fcler\/innen. Hierzu geh\u00f6ren neben der kontinuierlichen Arbeit in den Schulgremien regelm\u00e4\u00dfig folgende Aktivit\u00e4ten: <\/p>\n\n\n\n<ul class=\"wp-block-list\"><li>das Schulfest <\/li><li>der Tag der offenen T\u00fcr <\/li><li>die <a href=\"http:\/\/goethe-gymnasium.berlin\/index.php\/schule\/jazzkooperative\/\">Jazz-AG<\/a> und die <a rel=\"noreferrer noopener\" aria-label=\"Jazz-Nights (\u00f6ffnet in neuem Tab)\" href=\"http:\/\/goethe-gymnasium.berlin\/index.php\/schule\/jazzkooperative\/galerie-der-jazznights\/\" target=\"_blank\">Jazz-Nights<\/a> am Goethe-Gymnasium <\/li><li>das Goethe-Team bei Wettbewerben und Sportveranstaltungen, z. B.<ul><li><a rel=\"noreferrer noopener\" aria-label=\"MiniMarathon (\u00f6ffnet in neuem Tab)\" href=\"http:\/\/goethe-gymnasium.berlin\/index.php\/2018\/10\/10\/minimarathon2018\/\" target=\"_blank\">MiniMarathon<\/a><\/li><\/ul><\/li><li>Gesamtelternabende<\/li><li>\u00f6ffentliche Diskussionsveranstaltungen, z. B.<ul><li>Lesung und Podiumsdiskussion mit Harald Martenstein, in Zusammenarbeit mit dem Fachbereich Deutsch (2015)<\/li><li>Podiumsdiskussion mit Heike Schmoll (FAZ) u. a. \u00fcber die Bedeutung der humanistisch-altsprachlichen Bildung f\u00fcr ein erfolgreiches Berufsleben (2012)<\/li><\/ul><\/li><li>Informationsveranstaltungen, z. B. <ul><li>Informationsabende zum Auslandsjahr<\/li><li>Informationsabende zu digitalen Medien<ul><li><a rel=\"noreferrer noopener\" aria-label=\"Digitale Spielewelten (\u00f6ffnet in neuem Tab)\" href=\"http:\/\/goethe-gymnasium.berlin\/index.php\/2019\/03\/13\/digitale-spielewelten\/\" target=\"_blank\">Digitale Spielewelten<\/a> (2019)<\/li><li><a rel=\"noreferrer noopener\" href=\"http:\/\/goethe-gymnasium.berlin\/index.php\/2018\/03\/06\/informationsabend-digitale-medien\/\" target=\"_blank\">Heranwachsen mit digitalen Medien<\/a> (2018) <\/li><\/ul><\/li><\/ul><\/li><li>Kommunikationsma\u00dfnahmen zur Au\u00dfendarstellung unserer Schule, z. B.<ul><li>Etablierung und Pflege des <a rel=\"noreferrer noopener\" href=\"https:\/\/www.youtube.com\/channel\/UCMKuMVF9h_YkS3zmEp7SnzQ\" target=\"_blank\">YouTube-Kanals f\u00fcr das Goethe-Gymnasium<\/a> seit 2015<\/li><li>Gestaltung von Programmflyern zu den diversen Schulveranstaltungen in einem neuen einheitlichen Design (inklusive Raumplan der Schule) <\/li><\/ul><\/li><\/ul>\n\n\n\n<p>Allen Elternvertreter*innen, Helfer*innen und Unterst\u00fctzer*innen herzlichen Dank f\u00fcr ihr Engagement! <\/p>\n\n\n\n<h4 class=\"wp-block-heading\">Elternbrief f\u00fcr Grundschuleltern<\/h4>\n\n\n\n<p>F\u00fcr interessierte Grundschuleltern ist von Vertretern der Elternschaft ein <a href=\"http:\/\/goethe-gymnasium.berlin\/wp-content\/uploads\/2019\/05\/elternbrief2018-19.pdf\" target=\"_blank\" rel=\"noreferrer noopener\" aria-label=\"Elternbrief (\u00f6ffnet in neuem Tab)\">Elternbrief<\/a>&nbsp;verfasst worden, der Informationen \u00fcber die Schule aus Elternsicht und zahlreiche Kontaktadressen anbietet. Interessierte Eltern von Grundsch\u00fclern, die einen Wechsel auf ein grundst\u00e4ndiges Gymnasium erw\u00e4gen, sind herzlich eingeladen, sich diesen Brief herunterzuladen und mit den genannten Eltern dieser Schule in Kontakt zu treten. <\/p>\n","protected":false},"excerpt":{"rendered":"<p>Gesamtelternvertretung Auf dieser Seite finden Sie die wichtigsten Informationen zu den Aktivit\u00e4ten der GEV. Alle aktuellen Ansprechpartner der Elternschaft finden <a class=\"more-link\" href=\"https:\/\/goethe-gymnasium.berlin\/index.php\/elternschaft\/\">Weiterlesen &#8230;<\/a><\/p>\n","protected":false},"author":1,"featured_media":903,"parent":0,"menu_order":0,"comment_status":"closed","ping_status":"closed","template":"","meta":{"footnotes":""},"categories":[45],"tags":[20,147,171,170,172,173],"class_list":["post-233","page","type-page","status-publish","has-post-thumbnail","hentry","category-elternschaft","tag-elternbrief","tag-elterninformationsabend","tag-gesamtelternvertretung","tag-gev","tag-gev-vorstand","tag-grundschuleltern"],"yoast_head":"<!-- This site is optimized with the Yoast SEO plugin v27.4 - https:\/\/yoast.com\/product\/yoast-seo-wordpress\/ -->\n<title>Elternschaft - Goethe-Gymnasium Berlin-Wilmersdorf<\/title>\n<meta name=\"robots\" content=\"index, follow, max-snippet:-1, max-image-preview:large, max-video-preview:-1\" \/>\n<link rel=\"canonical\" href=\"https:\/\/goethe-gymnasium.berlin\/index.php\/elternschaft\/\" \/>\n<meta property=\"og:locale\" content=\"de_DE\" \/>\n<meta property=\"og:type\" content=\"article\" \/>\n<meta property=\"og:title\" content=\"Elternschaft - Goethe-Gymnasium Berlin-Wilmersdorf\" \/>\n<meta property=\"og:description\" content=\"Gesamtelternvertretung Auf dieser Seite finden Sie die wichtigsten Informationen zu den Aktivit\u00e4ten der GEV. Alle aktuellen Ansprechpartner der Elternschaft finden Weiterlesen ...\" \/>\n<meta property=\"og:url\" content=\"https:\/\/goethe-gymnasium.berlin\/index.php\/elternschaft\/\" \/>\n<meta property=\"og:site_name\" content=\"Goethe-Gymnasium Berlin-Wilmersdorf\" \/>\n<meta property=\"article:publisher\" content=\"https:\/\/www.facebook.com\/pages\/Goethe-Gymnasium\/109376575754402\" \/>\n<meta property=\"article:modified_time\" content=\"2019-05-18T11:40:39+00:00\" \/>\n<meta property=\"og:image\" content=\"https:\/\/goethe-gymnasium.berlin\/wp-content\/uploads\/2018\/06\/elternbrief.jpg\" \/>\n\t<meta property=\"og:image:width\" content=\"1081\" \/>\n\t<meta property=\"og:image:height\" content=\"519\" \/>\n\t<meta property=\"og:image:type\" content=\"image\/jpeg\" \/>\n<meta name=\"twitter:card\" content=\"summary_large_image\" \/>\n<meta name=\"twitter:label1\" content=\"Gesch\u00e4tzte Lesezeit\" \/>\n\t<meta name=\"twitter:data1\" content=\"2\u00a0Minuten\" \/>\n<script type=\"application\/ld+json\" class=\"yoast-schema-graph\">{\"@context\":\"https:\\\/\\\/schema.org\",\"@graph\":[{\"@type\":\"WebPage\",\"@id\":\"https:\\\/\\\/goethe-gymnasium.berlin\\\/index.php\\\/elternschaft\\\/\",\"url\":\"https:\\\/\\\/goethe-gymnasium.berlin\\\/index.php\\\/elternschaft\\\/\",\"name\":\"Elternschaft - Goethe-Gymnasium Berlin-Wilmersdorf\",\"isPartOf\":{\"@id\":\"https:\\\/\\\/goethe-gymnasium.berlin\\\/#website\"},\"primaryImageOfPage\":{\"@id\":\"https:\\\/\\\/goethe-gymnasium.berlin\\\/index.php\\\/elternschaft\\\/#primaryimage\"},\"image\":{\"@id\":\"https:\\\/\\\/goethe-gymnasium.berlin\\\/index.php\\\/elternschaft\\\/#primaryimage\"},\"thumbnailUrl\":\"https:\\\/\\\/goethe-gymnasium.berlin\\\/wp-content\\\/uploads\\\/2018\\\/06\\\/elternbrief.jpg\",\"datePublished\":\"2018-04-24T19:15:53+00:00\",\"dateModified\":\"2019-05-18T11:40:39+00:00\",\"breadcrumb\":{\"@id\":\"https:\\\/\\\/goethe-gymnasium.berlin\\\/index.php\\\/elternschaft\\\/#breadcrumb\"},\"inLanguage\":\"de\",\"potentialAction\":[{\"@type\":\"ReadAction\",\"target\":[\"https:\\\/\\\/goethe-gymnasium.berlin\\\/index.php\\\/elternschaft\\\/\"]}]},{\"@type\":\"ImageObject\",\"inLanguage\":\"de\",\"@id\":\"https:\\\/\\\/goethe-gymnasium.berlin\\\/index.php\\\/elternschaft\\\/#primaryimage\",\"url\":\"https:\\\/\\\/goethe-gymnasium.berlin\\\/wp-content\\\/uploads\\\/2018\\\/06\\\/elternbrief.jpg\",\"contentUrl\":\"https:\\\/\\\/goethe-gymnasium.berlin\\\/wp-content\\\/uploads\\\/2018\\\/06\\\/elternbrief.jpg\",\"width\":1081,\"height\":519},{\"@type\":\"BreadcrumbList\",\"@id\":\"https:\\\/\\\/goethe-gymnasium.berlin\\\/index.php\\\/elternschaft\\\/#breadcrumb\",\"itemListElement\":[{\"@type\":\"ListItem\",\"position\":1,\"name\":\"Startseite\",\"item\":\"https:\\\/\\\/goethe-gymnasium.berlin\\\/\"},{\"@type\":\"ListItem\",\"position\":2,\"name\":\"Elternschaft\"}]},{\"@type\":\"WebSite\",\"@id\":\"https:\\\/\\\/goethe-gymnasium.berlin\\\/#website\",\"url\":\"https:\\\/\\\/goethe-gymnasium.berlin\\\/\",\"name\":\"Goethe-Gymnasium Berlin-Wilmersdorf\",\"description\":\"\",\"publisher\":{\"@id\":\"https:\\\/\\\/goethe-gymnasium.berlin\\\/#organization\"},\"potentialAction\":[{\"@type\":\"SearchAction\",\"target\":{\"@type\":\"EntryPoint\",\"urlTemplate\":\"https:\\\/\\\/goethe-gymnasium.berlin\\\/?s={search_term_string}\"},\"query-input\":{\"@type\":\"PropertyValueSpecification\",\"valueRequired\":true,\"valueName\":\"search_term_string\"}}],\"inLanguage\":\"de\"},{\"@type\":\"Organization\",\"@id\":\"https:\\\/\\\/goethe-gymnasium.berlin\\\/#organization\",\"name\":\"Goethe-Gymnasium Berlin-Wilmersdorf\",\"url\":\"https:\\\/\\\/goethe-gymnasium.berlin\\\/\",\"logo\":{\"@type\":\"ImageObject\",\"inLanguage\":\"de\",\"@id\":\"https:\\\/\\\/goethe-gymnasium.berlin\\\/#\\\/schema\\\/logo\\\/image\\\/\",\"url\":\"https:\\\/\\\/goethe-gymnasium.berlin\\\/wp-content\\\/uploads\\\/2018\\\/04\\\/goethe-logo_hoch.png\",\"contentUrl\":\"https:\\\/\\\/goethe-gymnasium.berlin\\\/wp-content\\\/uploads\\\/2018\\\/04\\\/goethe-logo_hoch.png\",\"width\":755,\"height\":514,\"caption\":\"Goethe-Gymnasium Berlin-Wilmersdorf\"},\"image\":{\"@id\":\"https:\\\/\\\/goethe-gymnasium.berlin\\\/#\\\/schema\\\/logo\\\/image\\\/\"},\"sameAs\":[\"https:\\\/\\\/www.facebook.com\\\/pages\\\/Goethe-Gymnasium\\\/109376575754402\",\"https:\\\/\\\/www.youtube.com\\\/channel\\\/UCMKuMVF9h_YkS3zmEp7SnzQ\"]}]}<\/script>\n<!-- \/ Yoast SEO plugin. -->","yoast_head_json":{"title":"Elternschaft - Goethe-Gymnasium Berlin-Wilmersdorf","robots":{"index":"index","follow":"follow","max-snippet":"max-snippet:-1","max-image-preview":"max-image-preview:large","max-video-preview":"max-video-preview:-1"},"canonical":"https:\/\/goethe-gymnasium.berlin\/index.php\/elternschaft\/","og_locale":"de_DE","og_type":"article","og_title":"Elternschaft - Goethe-Gymnasium Berlin-Wilmersdorf","og_description":"Gesamtelternvertretung Auf dieser Seite finden Sie die wichtigsten Informationen zu den Aktivit\u00e4ten der GEV. Alle aktuellen Ansprechpartner der Elternschaft finden Weiterlesen ...","og_url":"https:\/\/goethe-gymnasium.berlin\/index.php\/elternschaft\/","og_site_name":"Goethe-Gymnasium Berlin-Wilmersdorf","article_publisher":"https:\/\/www.facebook.com\/pages\/Goethe-Gymnasium\/109376575754402","article_modified_time":"2019-05-18T11:40:39+00:00","og_image":[{"width":1081,"height":519,"url":"https:\/\/goethe-gymnasium.berlin\/wp-content\/uploads\/2018\/06\/elternbrief.jpg","type":"image\/jpeg"}],"twitter_card":"summary_large_image","twitter_misc":{"Gesch\u00e4tzte Lesezeit":"2\u00a0Minuten"},"schema":{"@context":"https:\/\/schema.org","@graph":[{"@type":"WebPage","@id":"https:\/\/goethe-gymnasium.berlin\/index.php\/elternschaft\/","url":"https:\/\/goethe-gymnasium.berlin\/index.php\/elternschaft\/","name":"Elternschaft - Goethe-Gymnasium Berlin-Wilmersdorf","isPartOf":{"@id":"https:\/\/goethe-gymnasium.berlin\/#website"},"primaryImageOfPage":{"@id":"https:\/\/goethe-gymnasium.berlin\/index.php\/elternschaft\/#primaryimage"},"image":{"@id":"https:\/\/goethe-gymnasium.berlin\/index.php\/elternschaft\/#primaryimage"},"thumbnailUrl":"https:\/\/goethe-gymnasium.berlin\/wp-content\/uploads\/2018\/06\/elternbrief.jpg","datePublished":"2018-04-24T19:15:53+00:00","dateModified":"2019-05-18T11:40:39+00:00","breadcrumb":{"@id":"https:\/\/goethe-gymnasium.berlin\/index.php\/elternschaft\/#breadcrumb"},"inLanguage":"de","potentialAction":[{"@type":"ReadAction","target":["https:\/\/goethe-gymnasium.berlin\/index.php\/elternschaft\/"]}]},{"@type":"ImageObject","inLanguage":"de","@id":"https:\/\/goethe-gymnasium.berlin\/index.php\/elternschaft\/#primaryimage","url":"https:\/\/goethe-gymnasium.berlin\/wp-content\/uploads\/2018\/06\/elternbrief.jpg","contentUrl":"https:\/\/goethe-gymnasium.berlin\/wp-content\/uploads\/2018\/06\/elternbrief.jpg","width":1081,"height":519},{"@type":"BreadcrumbList","@id":"https:\/\/goethe-gymnasium.berlin\/index.php\/elternschaft\/#breadcrumb","itemListElement":[{"@type":"ListItem","position":1,"name":"Startseite","item":"https:\/\/goethe-gymnasium.berlin\/"},{"@type":"ListItem","position":2,"name":"Elternschaft"}]},{"@type":"WebSite","@id":"https:\/\/goethe-gymnasium.berlin\/#website","url":"https:\/\/goethe-gymnasium.berlin\/","name":"Goethe-Gymnasium Berlin-Wilmersdorf","description":"","publisher":{"@id":"https:\/\/goethe-gymnasium.berlin\/#organization"},"potentialAction":[{"@type":"SearchAction","target":{"@type":"EntryPoint","urlTemplate":"https:\/\/goethe-gymnasium.berlin\/?s={search_term_string}"},"query-input":{"@type":"PropertyValueSpecification","valueRequired":true,"valueName":"search_term_string"}}],"inLanguage":"de"},{"@type":"Organization","@id":"https:\/\/goethe-gymnasium.berlin\/#organization","name":"Goethe-Gymnasium Berlin-Wilmersdorf","url":"https:\/\/goethe-gymnasium.berlin\/","logo":{"@type":"ImageObject","inLanguage":"de","@id":"https:\/\/goethe-gymnasium.berlin\/#\/schema\/logo\/image\/","url":"https:\/\/goethe-gymnasium.berlin\/wp-content\/uploads\/2018\/04\/goethe-logo_hoch.png","contentUrl":"https:\/\/goethe-gymnasium.berlin\/wp-content\/uploads\/2018\/04\/goethe-logo_hoch.png","width":755,"height":514,"caption":"Goethe-Gymnasium Berlin-Wilmersdorf"},"image":{"@id":"https:\/\/goethe-gymnasium.berlin\/#\/schema\/logo\/image\/"},"sameAs":["https:\/\/www.facebook.com\/pages\/Goethe-Gymnasium\/109376575754402","https:\/\/www.youtube.com\/channel\/UCMKuMVF9h_YkS3zmEp7SnzQ"]}]}},"_links":{"self":[{"href":"https:\/\/goethe-gymnasium.berlin\/index.php\/wp-json\/wp\/v2\/pages\/233","targetHints":{"allow":["GET"]}}],"collection":[{"href":"https:\/\/goethe-gymnasium.berlin\/index.php\/wp-json\/wp\/v2\/pages"}],"about":[{"href":"https:\/\/goethe-gymnasium.berlin\/index.php\/wp-json\/wp\/v2\/types\/page"}],"author":[{"embeddable":true,"href":"https:\/\/goethe-gymnasium.berlin\/index.php\/wp-json\/wp\/v2\/users\/1"}],"replies":[{"embeddable":true,"href":"https:\/\/goethe-gymnasium.berlin\/index.php\/wp-json\/wp\/v2\/comments?post=233"}],"version-history":[{"count":11,"href":"https:\/\/goethe-gymnasium.berlin\/index.php\/wp-json\/wp\/v2\/pages\/233\/revisions"}],"predecessor-version":[{"id":3625,"href":"https:\/\/goethe-gymnasium.berlin\/index.php\/wp-json\/wp\/v2\/pages\/233\/revisions\/3625"}],"wp:featuredmedia":[{"embeddable":true,"href":"https:\/\/goethe-gymnasium.berlin\/index.php\/wp-json\/wp\/v2\/media\/903"}],"wp:attachment":[{"href":"https:\/\/goethe-gymnasium.berlin\/index.php\/wp-json\/wp\/v2\/media?parent=233"}],"wp:term":[{"taxonomy":"category","embeddable":true,"href":"https:\/\/goethe-gymnasium.berlin\/index.php\/wp-json\/wp\/v2\/categories?post=233"},{"taxonomy":"post_tag","embeddable":true,"href":"https:\/\/goethe-gymnasium.berlin\/index.php\/wp-json\/wp\/v2\/tags?post=233"}],"curies":[{"name":"wp","href":"https:\/\/api.w.org\/{rel}","templated":true}]}}