{"id":223,"date":"2018-04-24T19:14:09","date_gmt":"2018-04-24T19:14:09","guid":{"rendered":"http:\/\/goethe-gymnasium.berlin\/?page_id=223"},"modified":"2024-04-26T19:48:11","modified_gmt":"2024-04-26T17:48:11","slug":"schuelermediation","status":"publish","type":"page","link":"https:\/\/goethe-gymnasium.berlin\/index.php\/schuelerschaft\/schuelermediation\/","title":{"rendered":"Sch\u00fclermediation"},"content":{"rendered":"<div class=\"wp-block-image\">\n<figure class=\"aligncenter size-large\"><img loading=\"lazy\" decoding=\"async\" width=\"1360\" height=\"1024\" src=\"https:\/\/goethe-gymnasium.berlin\/wp-content\/uploads\/2024\/04\/Mediatorenteam-2024-1360x1024.jpg\" alt=\"\" class=\"wp-image-11897\" srcset=\"https:\/\/goethe-gymnasium.berlin\/wp-content\/uploads\/2024\/04\/Mediatorenteam-2024-1360x1024.jpg 1360w, https:\/\/goethe-gymnasium.berlin\/wp-content\/uploads\/2024\/04\/Mediatorenteam-2024-300x226.jpg 300w, https:\/\/goethe-gymnasium.berlin\/wp-content\/uploads\/2024\/04\/Mediatorenteam-2024-768x578.jpg 768w, https:\/\/goethe-gymnasium.berlin\/wp-content\/uploads\/2024\/04\/Mediatorenteam-2024-1536x1156.jpg 1536w, https:\/\/goethe-gymnasium.berlin\/wp-content\/uploads\/2024\/04\/Mediatorenteam-2024-2048x1542.jpg 2048w, https:\/\/goethe-gymnasium.berlin\/wp-content\/uploads\/2024\/04\/Mediatorenteam-2024-125x94.jpg 125w, https:\/\/goethe-gymnasium.berlin\/wp-content\/uploads\/2024\/04\/Mediatorenteam-2024-200x151.jpg 200w, https:\/\/goethe-gymnasium.berlin\/wp-content\/uploads\/2024\/04\/Mediatorenteam-2024-80x60.jpg 80w, https:\/\/goethe-gymnasium.berlin\/wp-content\/uploads\/2024\/04\/Mediatorenteam-2024-1020x768.jpg 1020w\" sizes=\"auto, (max-width: 1360px) 100vw, 1360px\" \/><figcaption class=\"wp-element-caption\"><center><em>Mediatorengruppe 2023\/24<\/em><\/center><\/figcaption><\/figure>\n<\/div>\n\n\n<h2 class=\"wp-block-heading has-text-align-center\" id=\"wir-helfen-im-streitfall\"> Wir helfen im Streitfall<\/h2>\n\n\n\n<h4 class=\"wp-block-heading has-text-align-center\" id=\"die-mediator-innen-am-goethe-gymnasium-stellen-sich-vor\">Die Mediator*innen am Goethe-Gymnasium stellen sich vor <\/h4>\n\n\n\n<h5 class=\"wp-block-heading\" id=\"1-was-ist-mediation\">1. Was ist Mediation? <\/h5>\n\n\n\n<p>Die Mediation ist eine Art &#8222;Streitschlichtung&#8220; zwischen zwei Konfliktparteien, bei der Mediator*innen mit Hilfe eines bestimmten Verfahrens den Streitenden helfen, eine L\u00f6sung f\u00fcr ihr Problem zu finden und den Konflikt beizulegen. <\/p>\n\n\n\n<h5 class=\"wp-block-heading\" id=\"2-wie-werden-mediator-innen-ausgebildet\">2. Wie werden Mediator*innen ausgebildet? <\/h5>\n\n\n\n<p>Bei uns am Goethe-Gymnasium geh\u00f6ren zur Ausbildung drei Bausteine: <\/p>\n\n\n\n<ul class=\"wp-block-list\">\n<li>Zun\u00e4chst lernen Sch\u00fcler*innen der 8. Klassen in zwei Seminarbl\u00f6cken (Aufenthalt in einer Berliner Jugendherberge) in etwa 40 Stunden die f\u00fcnf Phasen der Mediation kennen und \u00fcben jede Gespr\u00e4chsphase in Rollenspielen gut ein, damit sie sp\u00e4ter eine erfolgreiche Mediation durchf\u00fchren k\u00f6nnen. Anhand der Berichte aus den Schuljahren <a href=\"https:\/\/goethe-gymnasium.berlin\/index.php\/2022\/02\/15\/mediatorinnenfahrt-2022\/\">2021\/22<\/a>, <a aria-label=\"2019\/20 (\u00f6ffnet in neuem Tab)\" href=\"http:\/\/goethe-gymnasium.berlin\/index.php\/2020\/02\/15\/mit-einfuehlungsvermoegen-zum-ziel\/\" target=\"_blank\" rel=\"noreferrer noopener\">2019\/20<\/a> und 2018\/19 (<a href=\"http:\/\/goethe-gymnasium.berlin\/index.php\/2018\/12\/01\/mediatorenausbildung01\/\" target=\"_blank\" rel=\"noreferrer noopener\">Teil 1<\/a>, <a href=\"http:\/\/goethe-gymnasium.berlin\/index.php\/2019\/03\/26\/mediatorenausbildung02\/\" target=\"_blank\" rel=\"noreferrer noopener\">Teil 2<\/a>) kann man sich einen guten Einblick \u00fcber diesen Teil der Ausbildung verschaffen.<\/li>\n\n\n\n<li> Um Mediation auch in einem anderen Zusammenhang als dem der Schule kennenzulernen, besuchen die zuk\u00fcnftigen Mediator*innen im Laufe des Schuljahres ein Berliner Gericht. Dort erkl\u00e4rt ihnen ein Richter oder eine Richterin, wie Mediator*innen am Gericht vorgehen, wenn es vor allem darum geht, rein sachbezogene Konflikte zwischen Erwachsenen zu l\u00f6sen.<\/li>\n\n\n\n<li> Zuletzt erhalten die angehenden Mediator*innen einen Einblick in die Interkulturelle Mediation. Zu diesem Thema berichtet eine professionell arbeitende Mediatorin in einer Veranstaltung in der Schule \u00fcber ihre Arbeit mit Jugendlichen und Erwachsenen aus unterschiedlichen Kulturkreisen. <\/li>\n<\/ul>\n\n\n\n<p>Damit sind die die Sch\u00fcler*innen ausgebildete Mediator*innen, erhalten am Ende des Schuljahres eine Urkunde und k\u00f6nnen ab dem 9. Schuljahr ihre T\u00e4tigkeit als Schulmediator*in aufnehmen. <\/p>\n\n\n\n<h5 class=\"wp-block-heading\" id=\"3-was-machen-die-mediator-innen-am-goethe-gymnasium\">3. Was machen die Mediator*innen am Goethe-Gymnasium? <\/h5>\n\n\n\n<p>Die Mediator*innen am Goethe- Gymnasium werden neben ihrer T\u00e4tigkeit als Mediator auch als Pat*innen f\u00fcr die 5. bzw. 6. Klassen eingesetzt. Ihr Ziel ist es, den neuen Sch\u00fcler*innen zu einem m\u00f6glichst leichten Start in ihren neuen Schulalltag zu verhelfen. <\/p>\n\n\n\n<p>Die Mediator*innen begleiten die neuen Sch\u00fcler*innen bei ihrer &#8222;Kennenlernfahrt&#8220; am Anfang des 5. Schuljahres nach Schwanenwerder. Sie sind als Ansprechpartner*innen f\u00fcr die j\u00fcngeren Sch\u00fcler*innen da und erkundigen sich mehrmals w\u00f6chentlich in der Klasse, ob alles reibungslos verl\u00e4uft, und helfen, Probleme zu beseitigen. <\/p>\n\n\n\n<p class=\"has-text-align-right\"><em>Text: Celeste Wolf und Vivien Scholtyssek, Klasse 9 (Schuljahr 2016\/17)<br>Foto: Herr Dr. Harks (Schuljahr 2023\/24)<\/em><\/p>\n","protected":false},"excerpt":{"rendered":"<p>Wir helfen im Streitfall Die Mediator*innen am Goethe-Gymnasium stellen sich vor 1. Was ist Mediation? Die Mediation ist eine Art <a class=\"more-link\" href=\"https:\/\/goethe-gymnasium.berlin\/index.php\/schuelerschaft\/schuelermediation\/\">Weiterlesen &#8230;<\/a><\/p>\n","protected":false},"author":4,"featured_media":0,"parent":219,"menu_order":0,"comment_status":"closed","ping_status":"closed","template":"","meta":{"footnotes":""},"categories":[35],"tags":[97,159,98],"class_list":["post-223","page","type-page","status-publish","hentry","category-schuelerschaft","tag-mediation","tag-mediatorenausbildung","tag-schuelermediation"],"yoast_head":"<!-- This site is optimized with the Yoast SEO plugin v27.4 - https:\/\/yoast.com\/product\/yoast-seo-wordpress\/ -->\n<title>Sch\u00fclermediation - Goethe-Gymnasium Berlin-Wilmersdorf<\/title>\n<meta name=\"robots\" content=\"index, follow, max-snippet:-1, max-image-preview:large, max-video-preview:-1\" \/>\n<link rel=\"canonical\" href=\"https:\/\/goethe-gymnasium.berlin\/index.php\/schuelerschaft\/schuelermediation\/\" \/>\n<meta property=\"og:locale\" content=\"de_DE\" \/>\n<meta property=\"og:type\" content=\"article\" \/>\n<meta property=\"og:title\" content=\"Sch\u00fclermediation - Goethe-Gymnasium Berlin-Wilmersdorf\" \/>\n<meta property=\"og:description\" content=\"Wir helfen im Streitfall Die Mediator*innen am Goethe-Gymnasium stellen sich vor 1. Was ist Mediation? Die Mediation ist eine Art Weiterlesen ...\" \/>\n<meta property=\"og:url\" content=\"https:\/\/goethe-gymnasium.berlin\/index.php\/schuelerschaft\/schuelermediation\/\" \/>\n<meta property=\"og:site_name\" content=\"Goethe-Gymnasium Berlin-Wilmersdorf\" \/>\n<meta property=\"article:publisher\" content=\"https:\/\/www.facebook.com\/pages\/Goethe-Gymnasium\/109376575754402\" \/>\n<meta property=\"article:modified_time\" content=\"2024-04-26T17:48:11+00:00\" \/>\n<meta property=\"og:image\" content=\"https:\/\/goethe-gymnasium.berlin\/wp-content\/uploads\/2024\/04\/Mediatorenteam-2024-1360x1024.jpg\" \/>\n<meta name=\"twitter:card\" content=\"summary_large_image\" \/>\n<meta name=\"twitter:label1\" content=\"Gesch\u00e4tzte Lesezeit\" \/>\n\t<meta name=\"twitter:data1\" content=\"3\u00a0Minuten\" \/>\n<script type=\"application\/ld+json\" class=\"yoast-schema-graph\">{\"@context\":\"https:\\\/\\\/schema.org\",\"@graph\":[{\"@type\":\"WebPage\",\"@id\":\"https:\\\/\\\/goethe-gymnasium.berlin\\\/index.php\\\/schuelerschaft\\\/schuelermediation\\\/\",\"url\":\"https:\\\/\\\/goethe-gymnasium.berlin\\\/index.php\\\/schuelerschaft\\\/schuelermediation\\\/\",\"name\":\"Sch\u00fclermediation - Goethe-Gymnasium Berlin-Wilmersdorf\",\"isPartOf\":{\"@id\":\"https:\\\/\\\/goethe-gymnasium.berlin\\\/#website\"},\"primaryImageOfPage\":{\"@id\":\"https:\\\/\\\/goethe-gymnasium.berlin\\\/index.php\\\/schuelerschaft\\\/schuelermediation\\\/#primaryimage\"},\"image\":{\"@id\":\"https:\\\/\\\/goethe-gymnasium.berlin\\\/index.php\\\/schuelerschaft\\\/schuelermediation\\\/#primaryimage\"},\"thumbnailUrl\":\"https:\\\/\\\/goethe-gymnasium.berlin\\\/wp-content\\\/uploads\\\/2024\\\/04\\\/Mediatorenteam-2024-1360x1024.jpg\",\"datePublished\":\"2018-04-24T19:14:09+00:00\",\"dateModified\":\"2024-04-26T17:48:11+00:00\",\"breadcrumb\":{\"@id\":\"https:\\\/\\\/goethe-gymnasium.berlin\\\/index.php\\\/schuelerschaft\\\/schuelermediation\\\/#breadcrumb\"},\"inLanguage\":\"de\",\"potentialAction\":[{\"@type\":\"ReadAction\",\"target\":[\"https:\\\/\\\/goethe-gymnasium.berlin\\\/index.php\\\/schuelerschaft\\\/schuelermediation\\\/\"]}]},{\"@type\":\"ImageObject\",\"inLanguage\":\"de\",\"@id\":\"https:\\\/\\\/goethe-gymnasium.berlin\\\/index.php\\\/schuelerschaft\\\/schuelermediation\\\/#primaryimage\",\"url\":\"https:\\\/\\\/goethe-gymnasium.berlin\\\/wp-content\\\/uploads\\\/2024\\\/04\\\/Mediatorenteam-2024.jpg\",\"contentUrl\":\"https:\\\/\\\/goethe-gymnasium.berlin\\\/wp-content\\\/uploads\\\/2024\\\/04\\\/Mediatorenteam-2024.jpg\",\"width\":2481,\"height\":1868},{\"@type\":\"BreadcrumbList\",\"@id\":\"https:\\\/\\\/goethe-gymnasium.berlin\\\/index.php\\\/schuelerschaft\\\/schuelermediation\\\/#breadcrumb\",\"itemListElement\":[{\"@type\":\"ListItem\",\"position\":1,\"name\":\"Startseite\",\"item\":\"https:\\\/\\\/goethe-gymnasium.berlin\\\/\"},{\"@type\":\"ListItem\",\"position\":2,\"name\":\"Sch\u00fclerschaft\",\"item\":\"https:\\\/\\\/goethe-gymnasium.berlin\\\/index.php\\\/schuelerschaft\\\/\"},{\"@type\":\"ListItem\",\"position\":3,\"name\":\"Sch\u00fclermediation\"}]},{\"@type\":\"WebSite\",\"@id\":\"https:\\\/\\\/goethe-gymnasium.berlin\\\/#website\",\"url\":\"https:\\\/\\\/goethe-gymnasium.berlin\\\/\",\"name\":\"Goethe-Gymnasium Berlin-Wilmersdorf\",\"description\":\"\",\"publisher\":{\"@id\":\"https:\\\/\\\/goethe-gymnasium.berlin\\\/#organization\"},\"potentialAction\":[{\"@type\":\"SearchAction\",\"target\":{\"@type\":\"EntryPoint\",\"urlTemplate\":\"https:\\\/\\\/goethe-gymnasium.berlin\\\/?s={search_term_string}\"},\"query-input\":{\"@type\":\"PropertyValueSpecification\",\"valueRequired\":true,\"valueName\":\"search_term_string\"}}],\"inLanguage\":\"de\"},{\"@type\":\"Organization\",\"@id\":\"https:\\\/\\\/goethe-gymnasium.berlin\\\/#organization\",\"name\":\"Goethe-Gymnasium Berlin-Wilmersdorf\",\"url\":\"https:\\\/\\\/goethe-gymnasium.berlin\\\/\",\"logo\":{\"@type\":\"ImageObject\",\"inLanguage\":\"de\",\"@id\":\"https:\\\/\\\/goethe-gymnasium.berlin\\\/#\\\/schema\\\/logo\\\/image\\\/\",\"url\":\"https:\\\/\\\/goethe-gymnasium.berlin\\\/wp-content\\\/uploads\\\/2018\\\/04\\\/goethe-logo_hoch.png\",\"contentUrl\":\"https:\\\/\\\/goethe-gymnasium.berlin\\\/wp-content\\\/uploads\\\/2018\\\/04\\\/goethe-logo_hoch.png\",\"width\":755,\"height\":514,\"caption\":\"Goethe-Gymnasium Berlin-Wilmersdorf\"},\"image\":{\"@id\":\"https:\\\/\\\/goethe-gymnasium.berlin\\\/#\\\/schema\\\/logo\\\/image\\\/\"},\"sameAs\":[\"https:\\\/\\\/www.facebook.com\\\/pages\\\/Goethe-Gymnasium\\\/109376575754402\",\"https:\\\/\\\/www.youtube.com\\\/channel\\\/UCMKuMVF9h_YkS3zmEp7SnzQ\"]}]}<\/script>\n<!-- \/ Yoast SEO plugin. -->","yoast_head_json":{"title":"Sch\u00fclermediation - Goethe-Gymnasium Berlin-Wilmersdorf","robots":{"index":"index","follow":"follow","max-snippet":"max-snippet:-1","max-image-preview":"max-image-preview:large","max-video-preview":"max-video-preview:-1"},"canonical":"https:\/\/goethe-gymnasium.berlin\/index.php\/schuelerschaft\/schuelermediation\/","og_locale":"de_DE","og_type":"article","og_title":"Sch\u00fclermediation - Goethe-Gymnasium Berlin-Wilmersdorf","og_description":"Wir helfen im Streitfall Die Mediator*innen am Goethe-Gymnasium stellen sich vor 1. Was ist Mediation? Die Mediation ist eine Art Weiterlesen ...","og_url":"https:\/\/goethe-gymnasium.berlin\/index.php\/schuelerschaft\/schuelermediation\/","og_site_name":"Goethe-Gymnasium Berlin-Wilmersdorf","article_publisher":"https:\/\/www.facebook.com\/pages\/Goethe-Gymnasium\/109376575754402","article_modified_time":"2024-04-26T17:48:11+00:00","og_image":[{"url":"https:\/\/goethe-gymnasium.berlin\/wp-content\/uploads\/2024\/04\/Mediatorenteam-2024-1360x1024.jpg","type":"","width":"","height":""}],"twitter_card":"summary_large_image","twitter_misc":{"Gesch\u00e4tzte Lesezeit":"3\u00a0Minuten"},"schema":{"@context":"https:\/\/schema.org","@graph":[{"@type":"WebPage","@id":"https:\/\/goethe-gymnasium.berlin\/index.php\/schuelerschaft\/schuelermediation\/","url":"https:\/\/goethe-gymnasium.berlin\/index.php\/schuelerschaft\/schuelermediation\/","name":"Sch\u00fclermediation - Goethe-Gymnasium Berlin-Wilmersdorf","isPartOf":{"@id":"https:\/\/goethe-gymnasium.berlin\/#website"},"primaryImageOfPage":{"@id":"https:\/\/goethe-gymnasium.berlin\/index.php\/schuelerschaft\/schuelermediation\/#primaryimage"},"image":{"@id":"https:\/\/goethe-gymnasium.berlin\/index.php\/schuelerschaft\/schuelermediation\/#primaryimage"},"thumbnailUrl":"https:\/\/goethe-gymnasium.berlin\/wp-content\/uploads\/2024\/04\/Mediatorenteam-2024-1360x1024.jpg","datePublished":"2018-04-24T19:14:09+00:00","dateModified":"2024-04-26T17:48:11+00:00","breadcrumb":{"@id":"https:\/\/goethe-gymnasium.berlin\/index.php\/schuelerschaft\/schuelermediation\/#breadcrumb"},"inLanguage":"de","potentialAction":[{"@type":"ReadAction","target":["https:\/\/goethe-gymnasium.berlin\/index.php\/schuelerschaft\/schuelermediation\/"]}]},{"@type":"ImageObject","inLanguage":"de","@id":"https:\/\/goethe-gymnasium.berlin\/index.php\/schuelerschaft\/schuelermediation\/#primaryimage","url":"https:\/\/goethe-gymnasium.berlin\/wp-content\/uploads\/2024\/04\/Mediatorenteam-2024.jpg","contentUrl":"https:\/\/goethe-gymnasium.berlin\/wp-content\/uploads\/2024\/04\/Mediatorenteam-2024.jpg","width":2481,"height":1868},{"@type":"BreadcrumbList","@id":"https:\/\/goethe-gymnasium.berlin\/index.php\/schuelerschaft\/schuelermediation\/#breadcrumb","itemListElement":[{"@type":"ListItem","position":1,"name":"Startseite","item":"https:\/\/goethe-gymnasium.berlin\/"},{"@type":"ListItem","position":2,"name":"Sch\u00fclerschaft","item":"https:\/\/goethe-gymnasium.berlin\/index.php\/schuelerschaft\/"},{"@type":"ListItem","position":3,"name":"Sch\u00fclermediation"}]},{"@type":"WebSite","@id":"https:\/\/goethe-gymnasium.berlin\/#website","url":"https:\/\/goethe-gymnasium.berlin\/","name":"Goethe-Gymnasium Berlin-Wilmersdorf","description":"","publisher":{"@id":"https:\/\/goethe-gymnasium.berlin\/#organization"},"potentialAction":[{"@type":"SearchAction","target":{"@type":"EntryPoint","urlTemplate":"https:\/\/goethe-gymnasium.berlin\/?s={search_term_string}"},"query-input":{"@type":"PropertyValueSpecification","valueRequired":true,"valueName":"search_term_string"}}],"inLanguage":"de"},{"@type":"Organization","@id":"https:\/\/goethe-gymnasium.berlin\/#organization","name":"Goethe-Gymnasium Berlin-Wilmersdorf","url":"https:\/\/goethe-gymnasium.berlin\/","logo":{"@type":"ImageObject","inLanguage":"de","@id":"https:\/\/goethe-gymnasium.berlin\/#\/schema\/logo\/image\/","url":"https:\/\/goethe-gymnasium.berlin\/wp-content\/uploads\/2018\/04\/goethe-logo_hoch.png","contentUrl":"https:\/\/goethe-gymnasium.berlin\/wp-content\/uploads\/2018\/04\/goethe-logo_hoch.png","width":755,"height":514,"caption":"Goethe-Gymnasium Berlin-Wilmersdorf"},"image":{"@id":"https:\/\/goethe-gymnasium.berlin\/#\/schema\/logo\/image\/"},"sameAs":["https:\/\/www.facebook.com\/pages\/Goethe-Gymnasium\/109376575754402","https:\/\/www.youtube.com\/channel\/UCMKuMVF9h_YkS3zmEp7SnzQ"]}]}},"_links":{"self":[{"href":"https:\/\/goethe-gymnasium.berlin\/index.php\/wp-json\/wp\/v2\/pages\/223","targetHints":{"allow":["GET"]}}],"collection":[{"href":"https:\/\/goethe-gymnasium.berlin\/index.php\/wp-json\/wp\/v2\/pages"}],"about":[{"href":"https:\/\/goethe-gymnasium.berlin\/index.php\/wp-json\/wp\/v2\/types\/page"}],"author":[{"embeddable":true,"href":"https:\/\/goethe-gymnasium.berlin\/index.php\/wp-json\/wp\/v2\/users\/4"}],"replies":[{"embeddable":true,"href":"https:\/\/goethe-gymnasium.berlin\/index.php\/wp-json\/wp\/v2\/comments?post=223"}],"version-history":[{"count":13,"href":"https:\/\/goethe-gymnasium.berlin\/index.php\/wp-json\/wp\/v2\/pages\/223\/revisions"}],"predecessor-version":[{"id":11899,"href":"https:\/\/goethe-gymnasium.berlin\/index.php\/wp-json\/wp\/v2\/pages\/223\/revisions\/11899"}],"up":[{"embeddable":true,"href":"https:\/\/goethe-gymnasium.berlin\/index.php\/wp-json\/wp\/v2\/pages\/219"}],"wp:attachment":[{"href":"https:\/\/goethe-gymnasium.berlin\/index.php\/wp-json\/wp\/v2\/media?parent=223"}],"wp:term":[{"taxonomy":"category","embeddable":true,"href":"https:\/\/goethe-gymnasium.berlin\/index.php\/wp-json\/wp\/v2\/categories?post=223"},{"taxonomy":"post_tag","embeddable":true,"href":"https:\/\/goethe-gymnasium.berlin\/index.php\/wp-json\/wp\/v2\/tags?post=223"}],"curies":[{"name":"wp","href":"https:\/\/api.w.org\/{rel}","templated":true}]}}