{"id":221,"date":"2018-04-24T19:13:57","date_gmt":"2018-04-24T19:13:57","guid":{"rendered":"http:\/\/goethe-gymnasium.berlin\/?page_id=221"},"modified":"2026-04-06T20:24:42","modified_gmt":"2026-04-06T18:24:42","slug":"schueler-helfen-schuelern","status":"publish","type":"page","link":"https:\/\/goethe-gymnasium.berlin\/index.php\/schuelerschaft\/schueler-helfen-schuelern\/","title":{"rendered":"Sch\u00fcler helfen Sch\u00fclern"},"content":{"rendered":"\n<p>Sehr geehrte Eltern, liebe Sch\u00fclerinnen und Sch\u00fcler,<\/p>\n\n\n\n<p>wir bieten am Goethe-Gymnasium ein von Sch\u00fclerinnen und Sch\u00fclern organisiertes und durchgef\u00fchrtes Lern- und Nachhilfeprogramm an. Dazu geh\u00f6ren:<\/p>\n\n\n\n<ul class=\"wp-block-list\">\n<li>die <a href=\"https:\/\/goethe-gymnasium.berlin\/wp-content\/uploads\/2026\/01\/Anmeldeformular-Fachspezifisches-Schuelertutorium-2026-002.pdf\" target=\"_blank\" rel=\"noreferrer noopener\">Sch\u00fclertutorien und fachspezifische Lerngruppen \/ Einzelunterricht<\/a>, w\u00f6chentlich (Sprachen, Mathematik, Naturwissenschaften)<\/li>\n\n\n\n<li><a href=\"https:\/\/goethe-gymnasium.berlin\/wp-content\/uploads\/2020\/08\/lernworkshop2020.pdf\" target=\"_blank\" rel=\"noreferrer noopener\">Workshop zum Thema &#8222;Lerntechniken und Lernorganisation&#8220;<\/a> f\u00fcr Sch\u00fclerinnen und Sch\u00fcler der 5. und 6. Klassen nach den Herbstferien<\/li>\n\n\n\n<li class=\"has-vivid-red-color has-text-color has-link-color wp-elements-ac6c55e0ec4bcd52d12d295a5904d59a\"><strong>Neu: die <a href=\"https:\/\/goethe-gymnasium.berlin\/wp-content\/uploads\/2026\/04\/Fremdsprachenschule_Anmeldung.pdf\" type=\"link\" id=\"https:\/\/goethe-gymnasium.berlin\/wp-content\/uploads\/2026\/04\/Fremdsprachenschule_Anmeldung.pdf\" target=\"_blank\" rel=\"noreferrer noopener\">Fremdsprachenschule nach den Osterferien in Latein, Altgriechisch, Englisch, Franz\u00f6sisch<\/a><\/strong><\/li>\n\n\n\n<li>die English Summer School, f\u00fcr alle interessierten Sch\u00fcler*innen werktags in der letzten Woche der Sommerferien<\/li>\n<\/ul>\n\n\n\n<p>Unser Ziel ist es, Sch\u00fcler*innen und Eltern kosteng\u00fcnstige F\u00f6rderangebote zu unterbreiten, die in der Schule stattfinden. Euer und Ihr Vorteil ist, dass die Sch\u00fclertutor*innen mit den Anforderungen des Kollegiums des Goethe-Gymnasiums vertraut sind und sich mit den jeweiligen Fachlehrkr\u00e4ften abstimmen.<\/p>\n\n\n\n<p>Wird finanzielle Unterst\u00fctzung ben\u00f6tigt, wenden Sie sich bitte an die Sch\u00fclerfirma oder den F\u00f6rderverein des Goethe-Gymnasiums (&nbsp;<a href=\"mailto:vorstand@goethefreunde.de\">vorstand@goethefreunde.de<\/a> ).<\/p>\n\n\n\n<figure class=\"wp-block-gallery has-nested-images columns-default is-cropped wp-block-gallery-2 is-layout-flex wp-block-gallery-is-layout-flex\">\n<figure class=\"wp-block-image size-full\"><img loading=\"lazy\" decoding=\"async\" width=\"1280\" height=\"854\" data-id=\"13130\" src=\"https:\/\/goethe-gymnasium.berlin\/wp-content\/uploads\/2025\/04\/schuelerfirma-2025.jpeg\" alt=\"\" class=\"wp-image-13130\" srcset=\"https:\/\/goethe-gymnasium.berlin\/wp-content\/uploads\/2025\/04\/schuelerfirma-2025.jpeg 1280w, https:\/\/goethe-gymnasium.berlin\/wp-content\/uploads\/2025\/04\/schuelerfirma-2025-300x200.jpeg 300w, https:\/\/goethe-gymnasium.berlin\/wp-content\/uploads\/2025\/04\/schuelerfirma-2025-768x512.jpeg 768w, https:\/\/goethe-gymnasium.berlin\/wp-content\/uploads\/2025\/04\/schuelerfirma-2025-125x83.jpeg 125w, https:\/\/goethe-gymnasium.berlin\/wp-content\/uploads\/2025\/04\/schuelerfirma-2025-200x133.jpeg 200w, https:\/\/goethe-gymnasium.berlin\/wp-content\/uploads\/2025\/04\/schuelerfirma-2025-80x53.jpeg 80w, https:\/\/goethe-gymnasium.berlin\/wp-content\/uploads\/2025\/04\/schuelerfirma-2025-1024x683.jpeg 1024w\" sizes=\"auto, (max-width: 1280px) 100vw, 1280px\" \/><figcaption class=\"wp-element-caption\"><strong><em>Sch\u00fclerfirma 2025<\/em><\/strong><\/figcaption><\/figure>\n<\/figure>\n\n\n\n<p><\/p>\n\n\n\n<figure class=\"wp-block-gallery has-nested-images columns-default is-cropped wp-block-gallery-3 is-layout-flex wp-block-gallery-is-layout-flex\">\n<figure class=\"wp-block-image size-large\"><a href=\"https:\/\/goethe-gymnasium.berlin\/wp-content\/uploads\/2021\/10\/schuelerfirma2021.jpg\" target=\"_blank\" rel=\"noreferrer noopener\"><img loading=\"lazy\" decoding=\"async\" width=\"1024\" height=\"768\" data-id=\"8220\" src=\"https:\/\/goethe-gymnasium.berlin\/wp-content\/uploads\/2021\/10\/schuelerfirma2021.jpg\" alt=\"\" class=\"wp-image-8220\" srcset=\"https:\/\/goethe-gymnasium.berlin\/wp-content\/uploads\/2021\/10\/schuelerfirma2021.jpg 1024w, https:\/\/goethe-gymnasium.berlin\/wp-content\/uploads\/2021\/10\/schuelerfirma2021-300x225.jpg 300w, https:\/\/goethe-gymnasium.berlin\/wp-content\/uploads\/2021\/10\/schuelerfirma2021-768x576.jpg 768w, https:\/\/goethe-gymnasium.berlin\/wp-content\/uploads\/2021\/10\/schuelerfirma2021-125x94.jpg 125w, https:\/\/goethe-gymnasium.berlin\/wp-content\/uploads\/2021\/10\/schuelerfirma2021-200x150.jpg 200w, https:\/\/goethe-gymnasium.berlin\/wp-content\/uploads\/2021\/10\/schuelerfirma2021-80x60.jpg 80w\" sizes=\"auto, (max-width: 1024px) 100vw, 1024px\" \/><\/a><figcaption class=\"wp-element-caption\"><em>Sch\u00fclerfirma 2021<\/em><\/figcaption><\/figure>\n\n\n\n<figure class=\"wp-block-image size-large\"><a href=\"https:\/\/goethe-gymnasium.berlin\/wp-content\/uploads\/2022\/10\/Schuelerfirma-2022.jpg\" target=\"_blank\" rel=\"noreferrer noopener\"><img loading=\"lazy\" decoding=\"async\" width=\"1280\" height=\"871\" data-id=\"9905\" src=\"https:\/\/goethe-gymnasium.berlin\/wp-content\/uploads\/2022\/10\/Schuelerfirma-2022.jpg\" alt=\"\" class=\"wp-image-9905\" srcset=\"https:\/\/goethe-gymnasium.berlin\/wp-content\/uploads\/2022\/10\/Schuelerfirma-2022.jpg 1280w, https:\/\/goethe-gymnasium.berlin\/wp-content\/uploads\/2022\/10\/Schuelerfirma-2022-300x204.jpg 300w, https:\/\/goethe-gymnasium.berlin\/wp-content\/uploads\/2022\/10\/Schuelerfirma-2022-768x523.jpg 768w, https:\/\/goethe-gymnasium.berlin\/wp-content\/uploads\/2022\/10\/Schuelerfirma-2022-125x85.jpg 125w, https:\/\/goethe-gymnasium.berlin\/wp-content\/uploads\/2022\/10\/Schuelerfirma-2022-200x136.jpg 200w, https:\/\/goethe-gymnasium.berlin\/wp-content\/uploads\/2022\/10\/Schuelerfirma-2022-80x54.jpg 80w, https:\/\/goethe-gymnasium.berlin\/wp-content\/uploads\/2022\/10\/Schuelerfirma-2022-1024x697.jpg 1024w\" sizes=\"auto, (max-width: 1280px) 100vw, 1280px\" \/><\/a><figcaption class=\"wp-element-caption\"><em>Sch\u00fclerfirma 2022<\/em><\/figcaption><\/figure>\n<\/figure>\n\n\n\n<p><\/p>\n\n\n\n<p>Wir hoffen, dass wir Euer und Ihr Interesse wecken konnten, und w\u00fcrden uns sehr freuen, wenn Sie \/ Ihr mit uns Kontakt aufnehmen \/ aufnehmt, entweder per Email (schuelerfirma@goethe-gymnasium.berlin) oder per Nachricht im Sekretariat oder Lehrerzimmer. Alles auf einen Blick finden Sie auf unserem <a href=\"https:\/\/goethe-gymnasium.berlin\/wp-content\/uploads\/2024\/09\/Schuelerfirma_Flyer-2024.pdf\">Info-Flyer<\/a>.<\/p>\n\n\n\n<figure class=\"wp-block-image size-large\"><a href=\"https:\/\/goethe-gymnasium.berlin\/wp-content\/uploads\/2024\/09\/Schuelerfirma_Flyer-2024.jpg\" target=\"_blank\" rel=\"noreferrer noopener\"><img loading=\"lazy\" decoding=\"async\" width=\"1900\" height=\"808\" src=\"https:\/\/goethe-gymnasium.berlin\/wp-content\/uploads\/2024\/09\/Schuelerfirma_Flyer-2024-1900x808.jpg\" alt=\"\" class=\"wp-image-12373\" srcset=\"https:\/\/goethe-gymnasium.berlin\/wp-content\/uploads\/2024\/09\/Schuelerfirma_Flyer-2024-1900x808.jpg 1900w, https:\/\/goethe-gymnasium.berlin\/wp-content\/uploads\/2024\/09\/Schuelerfirma_Flyer-2024-300x128.jpg 300w, https:\/\/goethe-gymnasium.berlin\/wp-content\/uploads\/2024\/09\/Schuelerfirma_Flyer-2024-768x327.jpg 768w, https:\/\/goethe-gymnasium.berlin\/wp-content\/uploads\/2024\/09\/Schuelerfirma_Flyer-2024-1536x653.jpg 1536w, https:\/\/goethe-gymnasium.berlin\/wp-content\/uploads\/2024\/09\/Schuelerfirma_Flyer-2024-125x53.jpg 125w, https:\/\/goethe-gymnasium.berlin\/wp-content\/uploads\/2024\/09\/Schuelerfirma_Flyer-2024-200x85.jpg 200w, https:\/\/goethe-gymnasium.berlin\/wp-content\/uploads\/2024\/09\/Schuelerfirma_Flyer-2024-80x34.jpg 80w, https:\/\/goethe-gymnasium.berlin\/wp-content\/uploads\/2024\/09\/Schuelerfirma_Flyer-2024-1024x436.jpg 1024w, https:\/\/goethe-gymnasium.berlin\/wp-content\/uploads\/2024\/09\/Schuelerfirma_Flyer-2024.jpg 1991w\" sizes=\"auto, (max-width: 1900px) 100vw, 1900px\" \/><\/a><\/figure>\n\n\n\n<p><\/p>\n\n\n\n<p class=\"has-text-align-right\"><em>Mit freundlichen Gr\u00fc\u00dfen, Goethes Sch\u00fclertutorien-Team<\/em> <em>(Schuljahr 2023\/24)<\/em><\/p>\n","protected":false},"excerpt":{"rendered":"<p>Sehr geehrte Eltern, liebe Sch\u00fclerinnen und Sch\u00fcler, wir bieten am Goethe-Gymnasium ein von Sch\u00fclerinnen und Sch\u00fclern organisiertes und durchgef\u00fchrtes Lern- <a class=\"more-link\" href=\"https:\/\/goethe-gymnasium.berlin\/index.php\/schuelerschaft\/schueler-helfen-schuelern\/\">Weiterlesen &#8230;<\/a><\/p>\n","protected":false},"author":4,"featured_media":9907,"parent":219,"menu_order":0,"comment_status":"closed","ping_status":"closed","template":"","meta":{"footnotes":""},"categories":[35],"tags":[37,112],"class_list":["post-221","page","type-page","status-publish","has-post-thumbnail","hentry","category-schuelerschaft","tag-schuelerfirma","tag-schuelertutorien"],"yoast_head":"<!-- This site is optimized with the Yoast SEO plugin v27.4 - https:\/\/yoast.com\/product\/yoast-seo-wordpress\/ -->\n<title>Sch\u00fcler helfen Sch\u00fclern - Goethe-Gymnasium Berlin-Wilmersdorf<\/title>\n<meta name=\"robots\" content=\"index, follow, max-snippet:-1, max-image-preview:large, max-video-preview:-1\" \/>\n<link rel=\"canonical\" href=\"https:\/\/goethe-gymnasium.berlin\/index.php\/schuelerschaft\/schueler-helfen-schuelern\/\" \/>\n<meta property=\"og:locale\" content=\"de_DE\" \/>\n<meta property=\"og:type\" content=\"article\" \/>\n<meta property=\"og:title\" content=\"Sch\u00fcler helfen Sch\u00fclern - Goethe-Gymnasium Berlin-Wilmersdorf\" \/>\n<meta property=\"og:description\" content=\"Sehr geehrte Eltern, liebe Sch\u00fclerinnen und Sch\u00fcler, wir bieten am Goethe-Gymnasium ein von Sch\u00fclerinnen und Sch\u00fclern organisiertes und durchgef\u00fchrtes Lern- Weiterlesen ...\" \/>\n<meta property=\"og:url\" content=\"https:\/\/goethe-gymnasium.berlin\/index.php\/schuelerschaft\/schueler-helfen-schuelern\/\" \/>\n<meta property=\"og:site_name\" content=\"Goethe-Gymnasium Berlin-Wilmersdorf\" \/>\n<meta property=\"article:publisher\" content=\"https:\/\/www.facebook.com\/pages\/Goethe-Gymnasium\/109376575754402\" \/>\n<meta property=\"article:modified_time\" content=\"2026-04-06T18:24:42+00:00\" \/>\n<meta property=\"og:image\" content=\"https:\/\/goethe-gymnasium.berlin\/wp-content\/uploads\/2022\/10\/Schuelerfirma_Logo.jpg\" \/>\n\t<meta property=\"og:image:width\" content=\"1589\" \/>\n\t<meta property=\"og:image:height\" content=\"1788\" \/>\n\t<meta property=\"og:image:type\" content=\"image\/jpeg\" \/>\n<meta name=\"twitter:card\" content=\"summary_large_image\" \/>\n<meta name=\"twitter:label1\" content=\"Gesch\u00e4tzte Lesezeit\" \/>\n\t<meta name=\"twitter:data1\" content=\"3\u00a0Minuten\" \/>\n<script type=\"application\/ld+json\" class=\"yoast-schema-graph\">{\"@context\":\"https:\\\/\\\/schema.org\",\"@graph\":[{\"@type\":\"WebPage\",\"@id\":\"https:\\\/\\\/goethe-gymnasium.berlin\\\/index.php\\\/schuelerschaft\\\/schueler-helfen-schuelern\\\/\",\"url\":\"https:\\\/\\\/goethe-gymnasium.berlin\\\/index.php\\\/schuelerschaft\\\/schueler-helfen-schuelern\\\/\",\"name\":\"Sch\u00fcler helfen Sch\u00fclern - Goethe-Gymnasium Berlin-Wilmersdorf\",\"isPartOf\":{\"@id\":\"https:\\\/\\\/goethe-gymnasium.berlin\\\/#website\"},\"primaryImageOfPage\":{\"@id\":\"https:\\\/\\\/goethe-gymnasium.berlin\\\/index.php\\\/schuelerschaft\\\/schueler-helfen-schuelern\\\/#primaryimage\"},\"image\":{\"@id\":\"https:\\\/\\\/goethe-gymnasium.berlin\\\/index.php\\\/schuelerschaft\\\/schueler-helfen-schuelern\\\/#primaryimage\"},\"thumbnailUrl\":\"https:\\\/\\\/goethe-gymnasium.berlin\\\/wp-content\\\/uploads\\\/2022\\\/10\\\/Schuelerfirma_Logo.jpg\",\"datePublished\":\"2018-04-24T19:13:57+00:00\",\"dateModified\":\"2026-04-06T18:24:42+00:00\",\"breadcrumb\":{\"@id\":\"https:\\\/\\\/goethe-gymnasium.berlin\\\/index.php\\\/schuelerschaft\\\/schueler-helfen-schuelern\\\/#breadcrumb\"},\"inLanguage\":\"de\",\"potentialAction\":[{\"@type\":\"ReadAction\",\"target\":[\"https:\\\/\\\/goethe-gymnasium.berlin\\\/index.php\\\/schuelerschaft\\\/schueler-helfen-schuelern\\\/\"]}]},{\"@type\":\"ImageObject\",\"inLanguage\":\"de\",\"@id\":\"https:\\\/\\\/goethe-gymnasium.berlin\\\/index.php\\\/schuelerschaft\\\/schueler-helfen-schuelern\\\/#primaryimage\",\"url\":\"https:\\\/\\\/goethe-gymnasium.berlin\\\/wp-content\\\/uploads\\\/2022\\\/10\\\/Schuelerfirma_Logo.jpg\",\"contentUrl\":\"https:\\\/\\\/goethe-gymnasium.berlin\\\/wp-content\\\/uploads\\\/2022\\\/10\\\/Schuelerfirma_Logo.jpg\",\"width\":1589,\"height\":1788},{\"@type\":\"BreadcrumbList\",\"@id\":\"https:\\\/\\\/goethe-gymnasium.berlin\\\/index.php\\\/schuelerschaft\\\/schueler-helfen-schuelern\\\/#breadcrumb\",\"itemListElement\":[{\"@type\":\"ListItem\",\"position\":1,\"name\":\"Startseite\",\"item\":\"https:\\\/\\\/goethe-gymnasium.berlin\\\/\"},{\"@type\":\"ListItem\",\"position\":2,\"name\":\"Sch\u00fclerschaft\",\"item\":\"https:\\\/\\\/goethe-gymnasium.berlin\\\/index.php\\\/schuelerschaft\\\/\"},{\"@type\":\"ListItem\",\"position\":3,\"name\":\"Sch\u00fcler helfen Sch\u00fclern\"}]},{\"@type\":\"WebSite\",\"@id\":\"https:\\\/\\\/goethe-gymnasium.berlin\\\/#website\",\"url\":\"https:\\\/\\\/goethe-gymnasium.berlin\\\/\",\"name\":\"Goethe-Gymnasium Berlin-Wilmersdorf\",\"description\":\"\",\"publisher\":{\"@id\":\"https:\\\/\\\/goethe-gymnasium.berlin\\\/#organization\"},\"potentialAction\":[{\"@type\":\"SearchAction\",\"target\":{\"@type\":\"EntryPoint\",\"urlTemplate\":\"https:\\\/\\\/goethe-gymnasium.berlin\\\/?s={search_term_string}\"},\"query-input\":{\"@type\":\"PropertyValueSpecification\",\"valueRequired\":true,\"valueName\":\"search_term_string\"}}],\"inLanguage\":\"de\"},{\"@type\":\"Organization\",\"@id\":\"https:\\\/\\\/goethe-gymnasium.berlin\\\/#organization\",\"name\":\"Goethe-Gymnasium Berlin-Wilmersdorf\",\"url\":\"https:\\\/\\\/goethe-gymnasium.berlin\\\/\",\"logo\":{\"@type\":\"ImageObject\",\"inLanguage\":\"de\",\"@id\":\"https:\\\/\\\/goethe-gymnasium.berlin\\\/#\\\/schema\\\/logo\\\/image\\\/\",\"url\":\"https:\\\/\\\/goethe-gymnasium.berlin\\\/wp-content\\\/uploads\\\/2018\\\/04\\\/goethe-logo_hoch.png\",\"contentUrl\":\"https:\\\/\\\/goethe-gymnasium.berlin\\\/wp-content\\\/uploads\\\/2018\\\/04\\\/goethe-logo_hoch.png\",\"width\":755,\"height\":514,\"caption\":\"Goethe-Gymnasium Berlin-Wilmersdorf\"},\"image\":{\"@id\":\"https:\\\/\\\/goethe-gymnasium.berlin\\\/#\\\/schema\\\/logo\\\/image\\\/\"},\"sameAs\":[\"https:\\\/\\\/www.facebook.com\\\/pages\\\/Goethe-Gymnasium\\\/109376575754402\",\"https:\\\/\\\/www.youtube.com\\\/channel\\\/UCMKuMVF9h_YkS3zmEp7SnzQ\"]}]}<\/script>\n<!-- \/ Yoast SEO plugin. -->","yoast_head_json":{"title":"Sch\u00fcler helfen Sch\u00fclern - Goethe-Gymnasium Berlin-Wilmersdorf","robots":{"index":"index","follow":"follow","max-snippet":"max-snippet:-1","max-image-preview":"max-image-preview:large","max-video-preview":"max-video-preview:-1"},"canonical":"https:\/\/goethe-gymnasium.berlin\/index.php\/schuelerschaft\/schueler-helfen-schuelern\/","og_locale":"de_DE","og_type":"article","og_title":"Sch\u00fcler helfen Sch\u00fclern - Goethe-Gymnasium Berlin-Wilmersdorf","og_description":"Sehr geehrte Eltern, liebe Sch\u00fclerinnen und Sch\u00fcler, wir bieten am Goethe-Gymnasium ein von Sch\u00fclerinnen und Sch\u00fclern organisiertes und durchgef\u00fchrtes Lern- Weiterlesen ...","og_url":"https:\/\/goethe-gymnasium.berlin\/index.php\/schuelerschaft\/schueler-helfen-schuelern\/","og_site_name":"Goethe-Gymnasium Berlin-Wilmersdorf","article_publisher":"https:\/\/www.facebook.com\/pages\/Goethe-Gymnasium\/109376575754402","article_modified_time":"2026-04-06T18:24:42+00:00","og_image":[{"width":1589,"height":1788,"url":"https:\/\/goethe-gymnasium.berlin\/wp-content\/uploads\/2022\/10\/Schuelerfirma_Logo.jpg","type":"image\/jpeg"}],"twitter_card":"summary_large_image","twitter_misc":{"Gesch\u00e4tzte Lesezeit":"3\u00a0Minuten"},"schema":{"@context":"https:\/\/schema.org","@graph":[{"@type":"WebPage","@id":"https:\/\/goethe-gymnasium.berlin\/index.php\/schuelerschaft\/schueler-helfen-schuelern\/","url":"https:\/\/goethe-gymnasium.berlin\/index.php\/schuelerschaft\/schueler-helfen-schuelern\/","name":"Sch\u00fcler helfen Sch\u00fclern - Goethe-Gymnasium Berlin-Wilmersdorf","isPartOf":{"@id":"https:\/\/goethe-gymnasium.berlin\/#website"},"primaryImageOfPage":{"@id":"https:\/\/goethe-gymnasium.berlin\/index.php\/schuelerschaft\/schueler-helfen-schuelern\/#primaryimage"},"image":{"@id":"https:\/\/goethe-gymnasium.berlin\/index.php\/schuelerschaft\/schueler-helfen-schuelern\/#primaryimage"},"thumbnailUrl":"https:\/\/goethe-gymnasium.berlin\/wp-content\/uploads\/2022\/10\/Schuelerfirma_Logo.jpg","datePublished":"2018-04-24T19:13:57+00:00","dateModified":"2026-04-06T18:24:42+00:00","breadcrumb":{"@id":"https:\/\/goethe-gymnasium.berlin\/index.php\/schuelerschaft\/schueler-helfen-schuelern\/#breadcrumb"},"inLanguage":"de","potentialAction":[{"@type":"ReadAction","target":["https:\/\/goethe-gymnasium.berlin\/index.php\/schuelerschaft\/schueler-helfen-schuelern\/"]}]},{"@type":"ImageObject","inLanguage":"de","@id":"https:\/\/goethe-gymnasium.berlin\/index.php\/schuelerschaft\/schueler-helfen-schuelern\/#primaryimage","url":"https:\/\/goethe-gymnasium.berlin\/wp-content\/uploads\/2022\/10\/Schuelerfirma_Logo.jpg","contentUrl":"https:\/\/goethe-gymnasium.berlin\/wp-content\/uploads\/2022\/10\/Schuelerfirma_Logo.jpg","width":1589,"height":1788},{"@type":"BreadcrumbList","@id":"https:\/\/goethe-gymnasium.berlin\/index.php\/schuelerschaft\/schueler-helfen-schuelern\/#breadcrumb","itemListElement":[{"@type":"ListItem","position":1,"name":"Startseite","item":"https:\/\/goethe-gymnasium.berlin\/"},{"@type":"ListItem","position":2,"name":"Sch\u00fclerschaft","item":"https:\/\/goethe-gymnasium.berlin\/index.php\/schuelerschaft\/"},{"@type":"ListItem","position":3,"name":"Sch\u00fcler helfen Sch\u00fclern"}]},{"@type":"WebSite","@id":"https:\/\/goethe-gymnasium.berlin\/#website","url":"https:\/\/goethe-gymnasium.berlin\/","name":"Goethe-Gymnasium Berlin-Wilmersdorf","description":"","publisher":{"@id":"https:\/\/goethe-gymnasium.berlin\/#organization"},"potentialAction":[{"@type":"SearchAction","target":{"@type":"EntryPoint","urlTemplate":"https:\/\/goethe-gymnasium.berlin\/?s={search_term_string}"},"query-input":{"@type":"PropertyValueSpecification","valueRequired":true,"valueName":"search_term_string"}}],"inLanguage":"de"},{"@type":"Organization","@id":"https:\/\/goethe-gymnasium.berlin\/#organization","name":"Goethe-Gymnasium Berlin-Wilmersdorf","url":"https:\/\/goethe-gymnasium.berlin\/","logo":{"@type":"ImageObject","inLanguage":"de","@id":"https:\/\/goethe-gymnasium.berlin\/#\/schema\/logo\/image\/","url":"https:\/\/goethe-gymnasium.berlin\/wp-content\/uploads\/2018\/04\/goethe-logo_hoch.png","contentUrl":"https:\/\/goethe-gymnasium.berlin\/wp-content\/uploads\/2018\/04\/goethe-logo_hoch.png","width":755,"height":514,"caption":"Goethe-Gymnasium Berlin-Wilmersdorf"},"image":{"@id":"https:\/\/goethe-gymnasium.berlin\/#\/schema\/logo\/image\/"},"sameAs":["https:\/\/www.facebook.com\/pages\/Goethe-Gymnasium\/109376575754402","https:\/\/www.youtube.com\/channel\/UCMKuMVF9h_YkS3zmEp7SnzQ"]}]}},"_links":{"self":[{"href":"https:\/\/goethe-gymnasium.berlin\/index.php\/wp-json\/wp\/v2\/pages\/221","targetHints":{"allow":["GET"]}}],"collection":[{"href":"https:\/\/goethe-gymnasium.berlin\/index.php\/wp-json\/wp\/v2\/pages"}],"about":[{"href":"https:\/\/goethe-gymnasium.berlin\/index.php\/wp-json\/wp\/v2\/types\/page"}],"author":[{"embeddable":true,"href":"https:\/\/goethe-gymnasium.berlin\/index.php\/wp-json\/wp\/v2\/users\/4"}],"replies":[{"embeddable":true,"href":"https:\/\/goethe-gymnasium.berlin\/index.php\/wp-json\/wp\/v2\/comments?post=221"}],"version-history":[{"count":20,"href":"https:\/\/goethe-gymnasium.berlin\/index.php\/wp-json\/wp\/v2\/pages\/221\/revisions"}],"predecessor-version":[{"id":14091,"href":"https:\/\/goethe-gymnasium.berlin\/index.php\/wp-json\/wp\/v2\/pages\/221\/revisions\/14091"}],"up":[{"embeddable":true,"href":"https:\/\/goethe-gymnasium.berlin\/index.php\/wp-json\/wp\/v2\/pages\/219"}],"wp:featuredmedia":[{"embeddable":true,"href":"https:\/\/goethe-gymnasium.berlin\/index.php\/wp-json\/wp\/v2\/media\/9907"}],"wp:attachment":[{"href":"https:\/\/goethe-gymnasium.berlin\/index.php\/wp-json\/wp\/v2\/media?parent=221"}],"wp:term":[{"taxonomy":"category","embeddable":true,"href":"https:\/\/goethe-gymnasium.berlin\/index.php\/wp-json\/wp\/v2\/categories?post=221"},{"taxonomy":"post_tag","embeddable":true,"href":"https:\/\/goethe-gymnasium.berlin\/index.php\/wp-json\/wp\/v2\/tags?post=221"}],"curies":[{"name":"wp","href":"https:\/\/api.w.org\/{rel}","templated":true}]}}