{"id":22,"date":"2018-04-24T10:59:15","date_gmt":"2018-04-24T10:59:15","guid":{"rendered":"http:\/\/goethe-gymnasium.berlin\/?page_id=22"},"modified":"2022-09-25T22:19:18","modified_gmt":"2022-09-25T20:19:18","slug":"schulprogramm","status":"publish","type":"page","link":"https:\/\/goethe-gymnasium.berlin\/index.php\/schule\/schulprogramm\/","title":{"rendered":"Schulprogramm"},"content":{"rendered":"<div class=\"wp-block-image\">\n<figure class=\"alignright\"><a class=\"fbx-link fbx-instance\" href=\"http:\/\/goethe-gymnasium.berlin\/wp-content\/uploads\/2018\/09\/schulprofil.jpg\" target=\"_blank\" rel=\"noopener noreferrer\"><img loading=\"lazy\" decoding=\"async\" width=\"226\" height=\"300\" src=\"http:\/\/goethe-gymnasium.berlin\/wp-content\/uploads\/2018\/09\/schulprofil-226x300.jpg\" alt=\"Schulprofil auf einen Blick\" class=\"wp-image-1724\" srcset=\"https:\/\/goethe-gymnasium.berlin\/wp-content\/uploads\/2018\/09\/schulprofil-226x300.jpg 226w, https:\/\/goethe-gymnasium.berlin\/wp-content\/uploads\/2018\/09\/schulprofil-768x1018.jpg 768w, https:\/\/goethe-gymnasium.berlin\/wp-content\/uploads\/2018\/09\/schulprofil-772x1024.jpg 772w, https:\/\/goethe-gymnasium.berlin\/wp-content\/uploads\/2018\/09\/schulprofil.jpg 1658w\" sizes=\"auto, (max-width: 226px) 100vw, 226px\" \/><\/a><\/figure>\n<\/div>\n\n\n<p class=\"has-text-align-center\">&#8222;<em>Behandle die Menschen so, als w\u00e4ren sie, wie sie sein sollten,<\/em><br><em>und du hilfst ihnen zu werden, wie sie sein k\u00f6nnen \u2026\u201c<\/em><br>Johann Wolfgang von Goethe<\/p>\n\n\n\n<p>Das Goethe-Gymnasium ist ein grundst\u00e4ndiges Gymnasium mit altsprachlich humanistischem Bildungsgang, das sich im Sinne seines Namensgebers eine umfassende Allgemein- und Menschenbildung zum Ziel gesetzt hat.<br>In einem durch gegenseitige Wertsch\u00e4tzung gepr\u00e4gten Umfeld bereiten wir unsere Sch\u00fclerinnen und Sch\u00fcler darauf vor, die Welt in pers\u00f6nlicher Verantwortung gegen\u00fcber den Menschen mitzugestalten und an den Antworten auf die Fragen ihrer Zeit mitzuwirken. Wir regen die Sch\u00fclerinnen und Sch\u00fcler dazu an, durch die kritische Auseinandersetzung mit dem kulturellen Erbe der Menschheit eine Orientierung f\u00fcr ihre pers\u00f6nliche Haltung und ihre individuelle Entwicklung zu finden.<br>Es ist uns ein wichtiges Anliegen, das selbst\u00e4ndige und eigenverantwortliche Arbeiten im sozialen Miteinander der Sch\u00fclerinnen und Sch\u00fcler zu f\u00f6rdern und durch die vertiefte Besch\u00e4ftigung mit den Unterrichtsinhalten zur Entdeckung des Sch\u00f6nen am fachlichen Gegenstand und zur Freude am Lernen beizutragen.<\/p>\n\n\n\n<p class=\"has-text-align-center\"><em>\u201eMan kann in dieser Welt, wie sie ist, nur dann weiterleben,<\/em><br><em>wenn man zutiefst glaubt, dass sie nicht so bleibt, wie sie ist,<\/em><br><em>sondern werden wird, wie sie sein soll.\u201c<\/em><br>Carl Friedrich v. Weizs\u00e4cker, Absolvent unserer Schule<\/p>\n\n\n\n<p>Das <strong>Schulprogramm<\/strong> steht hier in der neuen <a href=\"https:\/\/goethe-gymnasium.berlin\/wp-content\/uploads\/2022\/09\/GoetheGymnasium-Schulprogramm.pdf\" target=\"_blank\" rel=\"noreferrer noopener\">Fassung vom September 2022<\/a> zur Verf\u00fcgung.<\/p>\n","protected":false},"excerpt":{"rendered":"<p>&#8222;Behandle die Menschen so, als w\u00e4ren sie, wie sie sein sollten,und du hilfst ihnen zu werden, wie sie sein k\u00f6nnen <a class=\"more-link\" href=\"https:\/\/goethe-gymnasium.berlin\/index.php\/schule\/schulprogramm\/\">Weiterlesen &#8230;<\/a><\/p>\n","protected":false},"author":4,"featured_media":581,"parent":18,"menu_order":0,"comment_status":"closed","ping_status":"closed","template":"","meta":{"footnotes":""},"categories":[51],"tags":[486,179],"class_list":["post-22","page","type-page","status-publish","has-post-thumbnail","hentry","category-schule","tag-leitbild","tag-schulprogramm"],"yoast_head":"<!-- This site is optimized with the Yoast SEO plugin v27.3 - https:\/\/yoast.com\/product\/yoast-seo-wordpress\/ -->\n<title>Schulprogramm - Goethe-Gymnasium Berlin-Wilmersdorf<\/title>\n<meta name=\"robots\" content=\"index, follow, max-snippet:-1, max-image-preview:large, max-video-preview:-1\" \/>\n<link rel=\"canonical\" href=\"https:\/\/goethe-gymnasium.berlin\/index.php\/schule\/schulprogramm\/\" \/>\n<meta property=\"og:locale\" content=\"de_DE\" \/>\n<meta property=\"og:type\" content=\"article\" \/>\n<meta property=\"og:title\" content=\"Schulprogramm - Goethe-Gymnasium Berlin-Wilmersdorf\" \/>\n<meta property=\"og:description\" content=\"&#8222;Behandle die Menschen so, als w\u00e4ren sie, wie sie sein sollten,und du hilfst ihnen zu werden, wie sie sein k\u00f6nnen Weiterlesen ...\" \/>\n<meta property=\"og:url\" content=\"https:\/\/goethe-gymnasium.berlin\/index.php\/schule\/schulprogramm\/\" \/>\n<meta property=\"og:site_name\" content=\"Goethe-Gymnasium Berlin-Wilmersdorf\" \/>\n<meta property=\"article:publisher\" content=\"https:\/\/www.facebook.com\/pages\/Goethe-Gymnasium\/109376575754402\" \/>\n<meta property=\"article:modified_time\" content=\"2022-09-25T20:19:18+00:00\" \/>\n<meta property=\"og:image\" content=\"https:\/\/goethe-gymnasium.berlin\/wp-content\/uploads\/2018\/05\/tdot2015-01.jpg\" \/>\n\t<meta property=\"og:image:width\" content=\"2396\" \/>\n\t<meta property=\"og:image:height\" content=\"1756\" \/>\n\t<meta property=\"og:image:type\" content=\"image\/jpeg\" \/>\n<meta name=\"twitter:card\" content=\"summary_large_image\" \/>\n<meta name=\"twitter:label1\" content=\"Gesch\u00e4tzte Lesezeit\" \/>\n\t<meta name=\"twitter:data1\" content=\"2\u00a0Minuten\" \/>\n<script type=\"application\/ld+json\" class=\"yoast-schema-graph\">{\"@context\":\"https:\\\/\\\/schema.org\",\"@graph\":[{\"@type\":\"WebPage\",\"@id\":\"https:\\\/\\\/goethe-gymnasium.berlin\\\/index.php\\\/schule\\\/schulprogramm\\\/\",\"url\":\"https:\\\/\\\/goethe-gymnasium.berlin\\\/index.php\\\/schule\\\/schulprogramm\\\/\",\"name\":\"Schulprogramm - Goethe-Gymnasium Berlin-Wilmersdorf\",\"isPartOf\":{\"@id\":\"https:\\\/\\\/goethe-gymnasium.berlin\\\/#website\"},\"primaryImageOfPage\":{\"@id\":\"https:\\\/\\\/goethe-gymnasium.berlin\\\/index.php\\\/schule\\\/schulprogramm\\\/#primaryimage\"},\"image\":{\"@id\":\"https:\\\/\\\/goethe-gymnasium.berlin\\\/index.php\\\/schule\\\/schulprogramm\\\/#primaryimage\"},\"thumbnailUrl\":\"https:\\\/\\\/goethe-gymnasium.berlin\\\/wp-content\\\/uploads\\\/2018\\\/05\\\/tdot2015-01.jpg\",\"datePublished\":\"2018-04-24T10:59:15+00:00\",\"dateModified\":\"2022-09-25T20:19:18+00:00\",\"breadcrumb\":{\"@id\":\"https:\\\/\\\/goethe-gymnasium.berlin\\\/index.php\\\/schule\\\/schulprogramm\\\/#breadcrumb\"},\"inLanguage\":\"de\",\"potentialAction\":[{\"@type\":\"ReadAction\",\"target\":[\"https:\\\/\\\/goethe-gymnasium.berlin\\\/index.php\\\/schule\\\/schulprogramm\\\/\"]}]},{\"@type\":\"ImageObject\",\"inLanguage\":\"de\",\"@id\":\"https:\\\/\\\/goethe-gymnasium.berlin\\\/index.php\\\/schule\\\/schulprogramm\\\/#primaryimage\",\"url\":\"https:\\\/\\\/goethe-gymnasium.berlin\\\/wp-content\\\/uploads\\\/2018\\\/05\\\/tdot2015-01.jpg\",\"contentUrl\":\"https:\\\/\\\/goethe-gymnasium.berlin\\\/wp-content\\\/uploads\\\/2018\\\/05\\\/tdot2015-01.jpg\",\"width\":2396,\"height\":1756},{\"@type\":\"BreadcrumbList\",\"@id\":\"https:\\\/\\\/goethe-gymnasium.berlin\\\/index.php\\\/schule\\\/schulprogramm\\\/#breadcrumb\",\"itemListElement\":[{\"@type\":\"ListItem\",\"position\":1,\"name\":\"Startseite\",\"item\":\"https:\\\/\\\/goethe-gymnasium.berlin\\\/\"},{\"@type\":\"ListItem\",\"position\":2,\"name\":\"Schule\",\"item\":\"https:\\\/\\\/goethe-gymnasium.berlin\\\/index.php\\\/schule\\\/\"},{\"@type\":\"ListItem\",\"position\":3,\"name\":\"Schulprogramm\"}]},{\"@type\":\"WebSite\",\"@id\":\"https:\\\/\\\/goethe-gymnasium.berlin\\\/#website\",\"url\":\"https:\\\/\\\/goethe-gymnasium.berlin\\\/\",\"name\":\"Goethe-Gymnasium Berlin-Wilmersdorf\",\"description\":\"\",\"publisher\":{\"@id\":\"https:\\\/\\\/goethe-gymnasium.berlin\\\/#organization\"},\"potentialAction\":[{\"@type\":\"SearchAction\",\"target\":{\"@type\":\"EntryPoint\",\"urlTemplate\":\"https:\\\/\\\/goethe-gymnasium.berlin\\\/?s={search_term_string}\"},\"query-input\":{\"@type\":\"PropertyValueSpecification\",\"valueRequired\":true,\"valueName\":\"search_term_string\"}}],\"inLanguage\":\"de\"},{\"@type\":\"Organization\",\"@id\":\"https:\\\/\\\/goethe-gymnasium.berlin\\\/#organization\",\"name\":\"Goethe-Gymnasium Berlin-Wilmersdorf\",\"url\":\"https:\\\/\\\/goethe-gymnasium.berlin\\\/\",\"logo\":{\"@type\":\"ImageObject\",\"inLanguage\":\"de\",\"@id\":\"https:\\\/\\\/goethe-gymnasium.berlin\\\/#\\\/schema\\\/logo\\\/image\\\/\",\"url\":\"https:\\\/\\\/goethe-gymnasium.berlin\\\/wp-content\\\/uploads\\\/2018\\\/04\\\/goethe-logo_hoch.png\",\"contentUrl\":\"https:\\\/\\\/goethe-gymnasium.berlin\\\/wp-content\\\/uploads\\\/2018\\\/04\\\/goethe-logo_hoch.png\",\"width\":755,\"height\":514,\"caption\":\"Goethe-Gymnasium Berlin-Wilmersdorf\"},\"image\":{\"@id\":\"https:\\\/\\\/goethe-gymnasium.berlin\\\/#\\\/schema\\\/logo\\\/image\\\/\"},\"sameAs\":[\"https:\\\/\\\/www.facebook.com\\\/pages\\\/Goethe-Gymnasium\\\/109376575754402\",\"https:\\\/\\\/www.youtube.com\\\/channel\\\/UCMKuMVF9h_YkS3zmEp7SnzQ\"]}]}<\/script>\n<!-- \/ Yoast SEO plugin. -->","yoast_head_json":{"title":"Schulprogramm - Goethe-Gymnasium Berlin-Wilmersdorf","robots":{"index":"index","follow":"follow","max-snippet":"max-snippet:-1","max-image-preview":"max-image-preview:large","max-video-preview":"max-video-preview:-1"},"canonical":"https:\/\/goethe-gymnasium.berlin\/index.php\/schule\/schulprogramm\/","og_locale":"de_DE","og_type":"article","og_title":"Schulprogramm - Goethe-Gymnasium Berlin-Wilmersdorf","og_description":"&#8222;Behandle die Menschen so, als w\u00e4ren sie, wie sie sein sollten,und du hilfst ihnen zu werden, wie sie sein k\u00f6nnen Weiterlesen ...","og_url":"https:\/\/goethe-gymnasium.berlin\/index.php\/schule\/schulprogramm\/","og_site_name":"Goethe-Gymnasium Berlin-Wilmersdorf","article_publisher":"https:\/\/www.facebook.com\/pages\/Goethe-Gymnasium\/109376575754402","article_modified_time":"2022-09-25T20:19:18+00:00","og_image":[{"width":2396,"height":1756,"url":"https:\/\/goethe-gymnasium.berlin\/wp-content\/uploads\/2018\/05\/tdot2015-01.jpg","type":"image\/jpeg"}],"twitter_card":"summary_large_image","twitter_misc":{"Gesch\u00e4tzte Lesezeit":"2\u00a0Minuten"},"schema":{"@context":"https:\/\/schema.org","@graph":[{"@type":"WebPage","@id":"https:\/\/goethe-gymnasium.berlin\/index.php\/schule\/schulprogramm\/","url":"https:\/\/goethe-gymnasium.berlin\/index.php\/schule\/schulprogramm\/","name":"Schulprogramm - Goethe-Gymnasium Berlin-Wilmersdorf","isPartOf":{"@id":"https:\/\/goethe-gymnasium.berlin\/#website"},"primaryImageOfPage":{"@id":"https:\/\/goethe-gymnasium.berlin\/index.php\/schule\/schulprogramm\/#primaryimage"},"image":{"@id":"https:\/\/goethe-gymnasium.berlin\/index.php\/schule\/schulprogramm\/#primaryimage"},"thumbnailUrl":"https:\/\/goethe-gymnasium.berlin\/wp-content\/uploads\/2018\/05\/tdot2015-01.jpg","datePublished":"2018-04-24T10:59:15+00:00","dateModified":"2022-09-25T20:19:18+00:00","breadcrumb":{"@id":"https:\/\/goethe-gymnasium.berlin\/index.php\/schule\/schulprogramm\/#breadcrumb"},"inLanguage":"de","potentialAction":[{"@type":"ReadAction","target":["https:\/\/goethe-gymnasium.berlin\/index.php\/schule\/schulprogramm\/"]}]},{"@type":"ImageObject","inLanguage":"de","@id":"https:\/\/goethe-gymnasium.berlin\/index.php\/schule\/schulprogramm\/#primaryimage","url":"https:\/\/goethe-gymnasium.berlin\/wp-content\/uploads\/2018\/05\/tdot2015-01.jpg","contentUrl":"https:\/\/goethe-gymnasium.berlin\/wp-content\/uploads\/2018\/05\/tdot2015-01.jpg","width":2396,"height":1756},{"@type":"BreadcrumbList","@id":"https:\/\/goethe-gymnasium.berlin\/index.php\/schule\/schulprogramm\/#breadcrumb","itemListElement":[{"@type":"ListItem","position":1,"name":"Startseite","item":"https:\/\/goethe-gymnasium.berlin\/"},{"@type":"ListItem","position":2,"name":"Schule","item":"https:\/\/goethe-gymnasium.berlin\/index.php\/schule\/"},{"@type":"ListItem","position":3,"name":"Schulprogramm"}]},{"@type":"WebSite","@id":"https:\/\/goethe-gymnasium.berlin\/#website","url":"https:\/\/goethe-gymnasium.berlin\/","name":"Goethe-Gymnasium Berlin-Wilmersdorf","description":"","publisher":{"@id":"https:\/\/goethe-gymnasium.berlin\/#organization"},"potentialAction":[{"@type":"SearchAction","target":{"@type":"EntryPoint","urlTemplate":"https:\/\/goethe-gymnasium.berlin\/?s={search_term_string}"},"query-input":{"@type":"PropertyValueSpecification","valueRequired":true,"valueName":"search_term_string"}}],"inLanguage":"de"},{"@type":"Organization","@id":"https:\/\/goethe-gymnasium.berlin\/#organization","name":"Goethe-Gymnasium Berlin-Wilmersdorf","url":"https:\/\/goethe-gymnasium.berlin\/","logo":{"@type":"ImageObject","inLanguage":"de","@id":"https:\/\/goethe-gymnasium.berlin\/#\/schema\/logo\/image\/","url":"https:\/\/goethe-gymnasium.berlin\/wp-content\/uploads\/2018\/04\/goethe-logo_hoch.png","contentUrl":"https:\/\/goethe-gymnasium.berlin\/wp-content\/uploads\/2018\/04\/goethe-logo_hoch.png","width":755,"height":514,"caption":"Goethe-Gymnasium Berlin-Wilmersdorf"},"image":{"@id":"https:\/\/goethe-gymnasium.berlin\/#\/schema\/logo\/image\/"},"sameAs":["https:\/\/www.facebook.com\/pages\/Goethe-Gymnasium\/109376575754402","https:\/\/www.youtube.com\/channel\/UCMKuMVF9h_YkS3zmEp7SnzQ"]}]}},"_links":{"self":[{"href":"https:\/\/goethe-gymnasium.berlin\/index.php\/wp-json\/wp\/v2\/pages\/22","targetHints":{"allow":["GET"]}}],"collection":[{"href":"https:\/\/goethe-gymnasium.berlin\/index.php\/wp-json\/wp\/v2\/pages"}],"about":[{"href":"https:\/\/goethe-gymnasium.berlin\/index.php\/wp-json\/wp\/v2\/types\/page"}],"author":[{"embeddable":true,"href":"https:\/\/goethe-gymnasium.berlin\/index.php\/wp-json\/wp\/v2\/users\/4"}],"replies":[{"embeddable":true,"href":"https:\/\/goethe-gymnasium.berlin\/index.php\/wp-json\/wp\/v2\/comments?post=22"}],"version-history":[{"count":14,"href":"https:\/\/goethe-gymnasium.berlin\/index.php\/wp-json\/wp\/v2\/pages\/22\/revisions"}],"predecessor-version":[{"id":9790,"href":"https:\/\/goethe-gymnasium.berlin\/index.php\/wp-json\/wp\/v2\/pages\/22\/revisions\/9790"}],"up":[{"embeddable":true,"href":"https:\/\/goethe-gymnasium.berlin\/index.php\/wp-json\/wp\/v2\/pages\/18"}],"wp:featuredmedia":[{"embeddable":true,"href":"https:\/\/goethe-gymnasium.berlin\/index.php\/wp-json\/wp\/v2\/media\/581"}],"wp:attachment":[{"href":"https:\/\/goethe-gymnasium.berlin\/index.php\/wp-json\/wp\/v2\/media?parent=22"}],"wp:term":[{"taxonomy":"category","embeddable":true,"href":"https:\/\/goethe-gymnasium.berlin\/index.php\/wp-json\/wp\/v2\/categories?post=22"},{"taxonomy":"post_tag","embeddable":true,"href":"https:\/\/goethe-gymnasium.berlin\/index.php\/wp-json\/wp\/v2\/tags?post=22"}],"curies":[{"name":"wp","href":"https:\/\/api.w.org\/{rel}","templated":true}]}}