{"id":2179,"date":"2018-11-13T21:14:57","date_gmt":"2018-11-13T20:14:57","guid":{"rendered":"http:\/\/goethe-gymnasium.berlin\/?page_id=2179"},"modified":"2024-05-20T22:07:01","modified_gmt":"2024-05-20T20:07:01","slug":"studienfahrten-italien","status":"publish","type":"page","link":"https:\/\/goethe-gymnasium.berlin\/index.php\/sprachen\/latein\/studienfahrten-italien\/","title":{"rendered":"Studienfahrten nach Italien"},"content":{"rendered":"\n<p>Die Sch\u00fcler*innen des Goethe-Gymnasiums lernen in ihrem langj\u00e4hrigen Lateinunterricht Unmengen von Namen, Orten und Ereignissen der R\u00f6merzeit aus antiken Texten und modernen Medien kennen. Was liegt also n\u00e4her, als im Kurssystem der Oberstufe, im zweiten Semester, die Gelegenheit zu nutzen, die (gelegentlich &#8222;graue&#8220;) Theorie auf einer Studienreise nach Italien an den Originalschaupl\u00e4tzen mit Leben zu erf\u00fcllen?<\/p>\n\n\n\n<p>Auf Caesars und Ciceros Spuren \u00fcber das Forum Romanum zu wandeln, sich im Kolosseum, im Circus Maximus oder in den Caracallathermen die Freizeitbesch\u00e4ftigungen der R\u00f6mer zu vergegenw\u00e4rtigen, mit Plinius Pompeji und die Vesuvgegend zu erkunden, sind nur einige der M\u00f6glichkeiten, der Antike in Italien zu begegnen.<\/p>\n\n\n\n<p>Dem Land Italien w\u00fcrde man allerdings in keiner Weise gerecht werden, es nur auf die Antike zu beschr\u00e4nken. Zu zahlreichen anderen Unterrichtsf\u00e4chern lassen sich Ankn\u00fcpfungspunkte finden: Goethes &#8222;Italienische Reise&#8220; (Deutsch), Architektur und Malerei (Kunst), Katakomben und Kirchen (Religion), der italienische Faschismus (Geschichte) und vieles mehr.<\/p>\n\n\n\n<p>Kleine Wanderungen und Spazierg\u00e4nge, Besuche in einer &#8222;gelateria&#8220;, Betrachtungen \u00fcber r\u00f6mische Katzen und pompejanische Hunde lassen die Sch\u00fcler*innen Italien mit allen Sinnen erfassen.<\/p>\n\n\n\n<p>So wird f\u00fcr die meisten Sch\u00fcler*innen trotz aller Anstrengungen die Studienfahrt zu einem unvergesslichen Erlebnis ihrer Schullaufbahn am Goethe-Gymnasium. Einige Berichte und Bilder sollen dies dokumentieren.<\/p>\n\n\n\n<ul class=\"wp-block-list\">\n<li><a href=\"https:\/\/goethe-gymnasium.berlin\/index.php\/2024\/05\/20\/in-zehn-tagen-um-die-antike-welt\/\">In zehn Tagen um die antike Welt<\/a> (Studienfahrt 2024)<\/li>\n\n\n\n<li><a href=\"https:\/\/goethe-gymnasium.berlin\/index.php\/2022\/12\/28\/altsprachliche-studienfahrt-nach-koeln-trier-und-bonn\/\" target=\"_blank\" rel=\"noreferrer noopener\">Antike in Deutschland<\/a> (Ersatzstudienfahrt 2022)<\/li>\n\n\n\n<li><a href=\"http:\/\/goethe-gymnasium.berlin\/index.php\/2018\/08\/13\/mit-dem-speedboot-in-die-roemerzeit\/\" target=\"_blank\" rel=\"noopener\">Mit dem Speedboot in die R\u00f6merzeit<\/a> (Studienfahrt 2018)<\/li>\n\n\n\n<li><a href=\"http:\/\/goethe-gymnasium.berlin\/index.php\/2013\/06\/14\/cognoscite-oracula\/\" target=\"_blank\" rel=\"noopener\">Cognoscite oracula!<\/a> (Studienfahrt 2013)<\/li>\n\n\n\n<li><a href=\"http:\/\/goethe-gymnasium.berlin\/index.php\/2011\/06\/10\/italien2011\/\" target=\"_blank\" rel=\"noopener\">Mit 80 Sch\u00fcler*innen in Rom<\/a> (Studienfahrt 2011)<\/li>\n\n\n\n<li><a href=\"http:\/\/goethe-gymnasium.berlin\/index.php\/2004\/06\/14\/italien2004\/\" target=\"_blank\" rel=\"noopener\">Vulkane, Kr\u00f6ten und Theater<\/a> (Studienfahrt 2004)<\/li>\n<\/ul>\n\n\n\n<p class=\"has-text-align-right\"><em>Text: Fachbereich Alte Sprachen (Schuljahr 2018\/19; aktualisiert 2024)<\/em><\/p>\n","protected":false},"excerpt":{"rendered":"<p>Die Sch\u00fcler*innen des Goethe-Gymnasiums lernen in ihrem langj\u00e4hrigen Lateinunterricht Unmengen von Namen, Orten und Ereignissen der R\u00f6merzeit aus antiken Texten <a class=\"more-link\" href=\"https:\/\/goethe-gymnasium.berlin\/index.php\/sprachen\/latein\/studienfahrten-italien\/\">Weiterlesen &#8230;<\/a><\/p>\n","protected":false},"author":4,"featured_media":2264,"parent":93,"menu_order":0,"comment_status":"closed","ping_status":"closed","template":"","meta":{"footnotes":""},"categories":[39,9],"tags":[64],"class_list":["post-2179","page","type-page","status-publish","has-post-thumbnail","hentry","category-fahrten","category-latein","tag-italien"],"yoast_head":"<!-- This site is optimized with the Yoast SEO plugin v27.3 - https:\/\/yoast.com\/product\/yoast-seo-wordpress\/ -->\n<title>Studienfahrten nach Italien - Goethe-Gymnasium Berlin-Wilmersdorf<\/title>\n<meta name=\"robots\" content=\"index, follow, max-snippet:-1, max-image-preview:large, max-video-preview:-1\" \/>\n<link rel=\"canonical\" href=\"https:\/\/goethe-gymnasium.berlin\/index.php\/sprachen\/latein\/studienfahrten-italien\/\" \/>\n<meta property=\"og:locale\" content=\"de_DE\" \/>\n<meta property=\"og:type\" content=\"article\" \/>\n<meta property=\"og:title\" content=\"Studienfahrten nach Italien - Goethe-Gymnasium Berlin-Wilmersdorf\" \/>\n<meta property=\"og:description\" content=\"Die Sch\u00fcler*innen des Goethe-Gymnasiums lernen in ihrem langj\u00e4hrigen Lateinunterricht Unmengen von Namen, Orten und Ereignissen der R\u00f6merzeit aus antiken Texten Weiterlesen ...\" \/>\n<meta property=\"og:url\" content=\"https:\/\/goethe-gymnasium.berlin\/index.php\/sprachen\/latein\/studienfahrten-italien\/\" \/>\n<meta property=\"og:site_name\" content=\"Goethe-Gymnasium Berlin-Wilmersdorf\" \/>\n<meta property=\"article:publisher\" content=\"https:\/\/www.facebook.com\/pages\/Goethe-Gymnasium\/109376575754402\" \/>\n<meta property=\"article:modified_time\" content=\"2024-05-20T20:07:01+00:00\" \/>\n<meta property=\"og:image\" content=\"https:\/\/goethe-gymnasium.berlin\/wp-content\/uploads\/2018\/11\/italien2011-04.jpg\" \/>\n\t<meta property=\"og:image:width\" content=\"1936\" \/>\n\t<meta property=\"og:image:height\" content=\"1296\" \/>\n\t<meta property=\"og:image:type\" content=\"image\/jpeg\" \/>\n<meta name=\"twitter:card\" content=\"summary_large_image\" \/>\n<meta name=\"twitter:label1\" content=\"Gesch\u00e4tzte Lesezeit\" \/>\n\t<meta name=\"twitter:data1\" content=\"2\u00a0Minuten\" \/>\n<script type=\"application\/ld+json\" class=\"yoast-schema-graph\">{\"@context\":\"https:\\\/\\\/schema.org\",\"@graph\":[{\"@type\":\"WebPage\",\"@id\":\"https:\\\/\\\/goethe-gymnasium.berlin\\\/index.php\\\/sprachen\\\/latein\\\/studienfahrten-italien\\\/\",\"url\":\"https:\\\/\\\/goethe-gymnasium.berlin\\\/index.php\\\/sprachen\\\/latein\\\/studienfahrten-italien\\\/\",\"name\":\"Studienfahrten nach Italien - Goethe-Gymnasium Berlin-Wilmersdorf\",\"isPartOf\":{\"@id\":\"https:\\\/\\\/goethe-gymnasium.berlin\\\/#website\"},\"primaryImageOfPage\":{\"@id\":\"https:\\\/\\\/goethe-gymnasium.berlin\\\/index.php\\\/sprachen\\\/latein\\\/studienfahrten-italien\\\/#primaryimage\"},\"image\":{\"@id\":\"https:\\\/\\\/goethe-gymnasium.berlin\\\/index.php\\\/sprachen\\\/latein\\\/studienfahrten-italien\\\/#primaryimage\"},\"thumbnailUrl\":\"https:\\\/\\\/goethe-gymnasium.berlin\\\/wp-content\\\/uploads\\\/2018\\\/11\\\/italien2011-04.jpg\",\"datePublished\":\"2018-11-13T20:14:57+00:00\",\"dateModified\":\"2024-05-20T20:07:01+00:00\",\"breadcrumb\":{\"@id\":\"https:\\\/\\\/goethe-gymnasium.berlin\\\/index.php\\\/sprachen\\\/latein\\\/studienfahrten-italien\\\/#breadcrumb\"},\"inLanguage\":\"de\",\"potentialAction\":[{\"@type\":\"ReadAction\",\"target\":[\"https:\\\/\\\/goethe-gymnasium.berlin\\\/index.php\\\/sprachen\\\/latein\\\/studienfahrten-italien\\\/\"]}]},{\"@type\":\"ImageObject\",\"inLanguage\":\"de\",\"@id\":\"https:\\\/\\\/goethe-gymnasium.berlin\\\/index.php\\\/sprachen\\\/latein\\\/studienfahrten-italien\\\/#primaryimage\",\"url\":\"https:\\\/\\\/goethe-gymnasium.berlin\\\/wp-content\\\/uploads\\\/2018\\\/11\\\/italien2011-04.jpg\",\"contentUrl\":\"https:\\\/\\\/goethe-gymnasium.berlin\\\/wp-content\\\/uploads\\\/2018\\\/11\\\/italien2011-04.jpg\",\"width\":1936,\"height\":1296,\"caption\":\"Kolosseum\"},{\"@type\":\"BreadcrumbList\",\"@id\":\"https:\\\/\\\/goethe-gymnasium.berlin\\\/index.php\\\/sprachen\\\/latein\\\/studienfahrten-italien\\\/#breadcrumb\",\"itemListElement\":[{\"@type\":\"ListItem\",\"position\":1,\"name\":\"Startseite\",\"item\":\"https:\\\/\\\/goethe-gymnasium.berlin\\\/\"},{\"@type\":\"ListItem\",\"position\":2,\"name\":\"Sprachen\",\"item\":\"https:\\\/\\\/goethe-gymnasium.berlin\\\/index.php\\\/sprachen\\\/\"},{\"@type\":\"ListItem\",\"position\":3,\"name\":\"Latein\",\"item\":\"https:\\\/\\\/goethe-gymnasium.berlin\\\/index.php\\\/sprachen\\\/latein\\\/\"},{\"@type\":\"ListItem\",\"position\":4,\"name\":\"Studienfahrten nach Italien\"}]},{\"@type\":\"WebSite\",\"@id\":\"https:\\\/\\\/goethe-gymnasium.berlin\\\/#website\",\"url\":\"https:\\\/\\\/goethe-gymnasium.berlin\\\/\",\"name\":\"Goethe-Gymnasium Berlin-Wilmersdorf\",\"description\":\"\",\"publisher\":{\"@id\":\"https:\\\/\\\/goethe-gymnasium.berlin\\\/#organization\"},\"potentialAction\":[{\"@type\":\"SearchAction\",\"target\":{\"@type\":\"EntryPoint\",\"urlTemplate\":\"https:\\\/\\\/goethe-gymnasium.berlin\\\/?s={search_term_string}\"},\"query-input\":{\"@type\":\"PropertyValueSpecification\",\"valueRequired\":true,\"valueName\":\"search_term_string\"}}],\"inLanguage\":\"de\"},{\"@type\":\"Organization\",\"@id\":\"https:\\\/\\\/goethe-gymnasium.berlin\\\/#organization\",\"name\":\"Goethe-Gymnasium Berlin-Wilmersdorf\",\"url\":\"https:\\\/\\\/goethe-gymnasium.berlin\\\/\",\"logo\":{\"@type\":\"ImageObject\",\"inLanguage\":\"de\",\"@id\":\"https:\\\/\\\/goethe-gymnasium.berlin\\\/#\\\/schema\\\/logo\\\/image\\\/\",\"url\":\"https:\\\/\\\/goethe-gymnasium.berlin\\\/wp-content\\\/uploads\\\/2018\\\/04\\\/goethe-logo_hoch.png\",\"contentUrl\":\"https:\\\/\\\/goethe-gymnasium.berlin\\\/wp-content\\\/uploads\\\/2018\\\/04\\\/goethe-logo_hoch.png\",\"width\":755,\"height\":514,\"caption\":\"Goethe-Gymnasium Berlin-Wilmersdorf\"},\"image\":{\"@id\":\"https:\\\/\\\/goethe-gymnasium.berlin\\\/#\\\/schema\\\/logo\\\/image\\\/\"},\"sameAs\":[\"https:\\\/\\\/www.facebook.com\\\/pages\\\/Goethe-Gymnasium\\\/109376575754402\",\"https:\\\/\\\/www.youtube.com\\\/channel\\\/UCMKuMVF9h_YkS3zmEp7SnzQ\"]}]}<\/script>\n<!-- \/ Yoast SEO plugin. -->","yoast_head_json":{"title":"Studienfahrten nach Italien - Goethe-Gymnasium Berlin-Wilmersdorf","robots":{"index":"index","follow":"follow","max-snippet":"max-snippet:-1","max-image-preview":"max-image-preview:large","max-video-preview":"max-video-preview:-1"},"canonical":"https:\/\/goethe-gymnasium.berlin\/index.php\/sprachen\/latein\/studienfahrten-italien\/","og_locale":"de_DE","og_type":"article","og_title":"Studienfahrten nach Italien - Goethe-Gymnasium Berlin-Wilmersdorf","og_description":"Die Sch\u00fcler*innen des Goethe-Gymnasiums lernen in ihrem langj\u00e4hrigen Lateinunterricht Unmengen von Namen, Orten und Ereignissen der R\u00f6merzeit aus antiken Texten Weiterlesen ...","og_url":"https:\/\/goethe-gymnasium.berlin\/index.php\/sprachen\/latein\/studienfahrten-italien\/","og_site_name":"Goethe-Gymnasium Berlin-Wilmersdorf","article_publisher":"https:\/\/www.facebook.com\/pages\/Goethe-Gymnasium\/109376575754402","article_modified_time":"2024-05-20T20:07:01+00:00","og_image":[{"width":1936,"height":1296,"url":"https:\/\/goethe-gymnasium.berlin\/wp-content\/uploads\/2018\/11\/italien2011-04.jpg","type":"image\/jpeg"}],"twitter_card":"summary_large_image","twitter_misc":{"Gesch\u00e4tzte Lesezeit":"2\u00a0Minuten"},"schema":{"@context":"https:\/\/schema.org","@graph":[{"@type":"WebPage","@id":"https:\/\/goethe-gymnasium.berlin\/index.php\/sprachen\/latein\/studienfahrten-italien\/","url":"https:\/\/goethe-gymnasium.berlin\/index.php\/sprachen\/latein\/studienfahrten-italien\/","name":"Studienfahrten nach Italien - Goethe-Gymnasium Berlin-Wilmersdorf","isPartOf":{"@id":"https:\/\/goethe-gymnasium.berlin\/#website"},"primaryImageOfPage":{"@id":"https:\/\/goethe-gymnasium.berlin\/index.php\/sprachen\/latein\/studienfahrten-italien\/#primaryimage"},"image":{"@id":"https:\/\/goethe-gymnasium.berlin\/index.php\/sprachen\/latein\/studienfahrten-italien\/#primaryimage"},"thumbnailUrl":"https:\/\/goethe-gymnasium.berlin\/wp-content\/uploads\/2018\/11\/italien2011-04.jpg","datePublished":"2018-11-13T20:14:57+00:00","dateModified":"2024-05-20T20:07:01+00:00","breadcrumb":{"@id":"https:\/\/goethe-gymnasium.berlin\/index.php\/sprachen\/latein\/studienfahrten-italien\/#breadcrumb"},"inLanguage":"de","potentialAction":[{"@type":"ReadAction","target":["https:\/\/goethe-gymnasium.berlin\/index.php\/sprachen\/latein\/studienfahrten-italien\/"]}]},{"@type":"ImageObject","inLanguage":"de","@id":"https:\/\/goethe-gymnasium.berlin\/index.php\/sprachen\/latein\/studienfahrten-italien\/#primaryimage","url":"https:\/\/goethe-gymnasium.berlin\/wp-content\/uploads\/2018\/11\/italien2011-04.jpg","contentUrl":"https:\/\/goethe-gymnasium.berlin\/wp-content\/uploads\/2018\/11\/italien2011-04.jpg","width":1936,"height":1296,"caption":"Kolosseum"},{"@type":"BreadcrumbList","@id":"https:\/\/goethe-gymnasium.berlin\/index.php\/sprachen\/latein\/studienfahrten-italien\/#breadcrumb","itemListElement":[{"@type":"ListItem","position":1,"name":"Startseite","item":"https:\/\/goethe-gymnasium.berlin\/"},{"@type":"ListItem","position":2,"name":"Sprachen","item":"https:\/\/goethe-gymnasium.berlin\/index.php\/sprachen\/"},{"@type":"ListItem","position":3,"name":"Latein","item":"https:\/\/goethe-gymnasium.berlin\/index.php\/sprachen\/latein\/"},{"@type":"ListItem","position":4,"name":"Studienfahrten nach Italien"}]},{"@type":"WebSite","@id":"https:\/\/goethe-gymnasium.berlin\/#website","url":"https:\/\/goethe-gymnasium.berlin\/","name":"Goethe-Gymnasium Berlin-Wilmersdorf","description":"","publisher":{"@id":"https:\/\/goethe-gymnasium.berlin\/#organization"},"potentialAction":[{"@type":"SearchAction","target":{"@type":"EntryPoint","urlTemplate":"https:\/\/goethe-gymnasium.berlin\/?s={search_term_string}"},"query-input":{"@type":"PropertyValueSpecification","valueRequired":true,"valueName":"search_term_string"}}],"inLanguage":"de"},{"@type":"Organization","@id":"https:\/\/goethe-gymnasium.berlin\/#organization","name":"Goethe-Gymnasium Berlin-Wilmersdorf","url":"https:\/\/goethe-gymnasium.berlin\/","logo":{"@type":"ImageObject","inLanguage":"de","@id":"https:\/\/goethe-gymnasium.berlin\/#\/schema\/logo\/image\/","url":"https:\/\/goethe-gymnasium.berlin\/wp-content\/uploads\/2018\/04\/goethe-logo_hoch.png","contentUrl":"https:\/\/goethe-gymnasium.berlin\/wp-content\/uploads\/2018\/04\/goethe-logo_hoch.png","width":755,"height":514,"caption":"Goethe-Gymnasium Berlin-Wilmersdorf"},"image":{"@id":"https:\/\/goethe-gymnasium.berlin\/#\/schema\/logo\/image\/"},"sameAs":["https:\/\/www.facebook.com\/pages\/Goethe-Gymnasium\/109376575754402","https:\/\/www.youtube.com\/channel\/UCMKuMVF9h_YkS3zmEp7SnzQ"]}]}},"_links":{"self":[{"href":"https:\/\/goethe-gymnasium.berlin\/index.php\/wp-json\/wp\/v2\/pages\/2179","targetHints":{"allow":["GET"]}}],"collection":[{"href":"https:\/\/goethe-gymnasium.berlin\/index.php\/wp-json\/wp\/v2\/pages"}],"about":[{"href":"https:\/\/goethe-gymnasium.berlin\/index.php\/wp-json\/wp\/v2\/types\/page"}],"author":[{"embeddable":true,"href":"https:\/\/goethe-gymnasium.berlin\/index.php\/wp-json\/wp\/v2\/users\/4"}],"replies":[{"embeddable":true,"href":"https:\/\/goethe-gymnasium.berlin\/index.php\/wp-json\/wp\/v2\/comments?post=2179"}],"version-history":[{"count":8,"href":"https:\/\/goethe-gymnasium.berlin\/index.php\/wp-json\/wp\/v2\/pages\/2179\/revisions"}],"predecessor-version":[{"id":12011,"href":"https:\/\/goethe-gymnasium.berlin\/index.php\/wp-json\/wp\/v2\/pages\/2179\/revisions\/12011"}],"up":[{"embeddable":true,"href":"https:\/\/goethe-gymnasium.berlin\/index.php\/wp-json\/wp\/v2\/pages\/93"}],"wp:featuredmedia":[{"embeddable":true,"href":"https:\/\/goethe-gymnasium.berlin\/index.php\/wp-json\/wp\/v2\/media\/2264"}],"wp:attachment":[{"href":"https:\/\/goethe-gymnasium.berlin\/index.php\/wp-json\/wp\/v2\/media?parent=2179"}],"wp:term":[{"taxonomy":"category","embeddable":true,"href":"https:\/\/goethe-gymnasium.berlin\/index.php\/wp-json\/wp\/v2\/categories?post=2179"},{"taxonomy":"post_tag","embeddable":true,"href":"https:\/\/goethe-gymnasium.berlin\/index.php\/wp-json\/wp\/v2\/tags?post=2179"}],"curies":[{"name":"wp","href":"https:\/\/api.w.org\/{rel}","templated":true}]}}