{"id":1954,"date":"2018-10-07T21:49:52","date_gmt":"2018-10-07T19:49:52","guid":{"rendered":"http:\/\/goethe-gymnasium.berlin\/?page_id=1954"},"modified":"2018-10-07T21:49:52","modified_gmt":"2018-10-07T19:49:52","slug":"das-schulgebaeude","status":"publish","type":"page","link":"https:\/\/goethe-gymnasium.berlin\/index.php\/schule\/schulgeschichte\/das-schulgebaeude\/","title":{"rendered":"Das Schulgeb\u00e4ude"},"content":{"rendered":"<h4>Die Geschichte des Schulgeb\u00e4udes<\/h4>\n<div id=\"attachment_1897\" style=\"width: 310px\" class=\"wp-caption alignleft\"><a href=\"http:\/\/goethe-gymnasium.berlin\/wp-content\/uploads\/2018\/10\/goethegym1904.jpg\" target=\"_blank\" rel=\"noopener\"><img loading=\"lazy\" decoding=\"async\" aria-describedby=\"caption-attachment-1897\" class=\"wp-image-1897 size-medium\" src=\"http:\/\/goethe-gymnasium.berlin\/wp-content\/uploads\/2018\/10\/goethegym1904-300x208.jpg\" alt=\"Schulhaus um 1904 (Viktoria-Luisen-Schule)\" width=\"300\" height=\"208\" srcset=\"https:\/\/goethe-gymnasium.berlin\/wp-content\/uploads\/2018\/10\/goethegym1904-300x208.jpg 300w, https:\/\/goethe-gymnasium.berlin\/wp-content\/uploads\/2018\/10\/goethegym1904-768x532.jpg 768w, https:\/\/goethe-gymnasium.berlin\/wp-content\/uploads\/2018\/10\/goethegym1904-1477x1024.jpg 1477w\" sizes=\"auto, (max-width: 300px) 100vw, 300px\" \/><\/a><p id=\"caption-attachment-1897\" class=\"wp-caption-text\">Schulhaus um 1904 (Viktoria-Luisen-Schule)<\/p><\/div>\n<div id=\"attachment_1898\" style=\"width: 310px\" class=\"wp-caption alignright\"><a href=\"http:\/\/goethe-gymnasium.berlin\/wp-content\/uploads\/2018\/10\/goethegym2004.jpg\" target=\"_blank\" rel=\"noopener\"><img loading=\"lazy\" decoding=\"async\" aria-describedby=\"caption-attachment-1898\" class=\"wp-image-1898 size-medium\" src=\"http:\/\/goethe-gymnasium.berlin\/wp-content\/uploads\/2018\/10\/goethegym2004-300x200.jpg\" alt=\"Schulhaus um 2004 (Goethe-Gymnasium)\" width=\"300\" height=\"200\" srcset=\"https:\/\/goethe-gymnasium.berlin\/wp-content\/uploads\/2018\/10\/goethegym2004-300x200.jpg 300w, https:\/\/goethe-gymnasium.berlin\/wp-content\/uploads\/2018\/10\/goethegym2004-768x512.jpg 768w, https:\/\/goethe-gymnasium.berlin\/wp-content\/uploads\/2018\/10\/goethegym2004.jpg 1536w\" sizes=\"auto, (max-width: 300px) 100vw, 300px\" \/><\/a><p id=\"caption-attachment-1898\" class=\"wp-caption-text\">Schulhaus um 2004 (Goethe-Gymnasium)<\/p><\/div>\n<p>Gegen 1929 wirkte unsere Schule noch viel imposanter und eindrucksvoller als heute, denn der Blick auf das Geb\u00e4ude war noch nicht durch eine etwa zweieinhalb Meter hohe Mauer beeintr\u00e4chtigt. Damals stand nur das Fundament der Mauer, ein kleiner Sockel, der den Schulhof umringte.<\/p>\n<p>Der Grund f\u00fcr die Errichtung der h\u00f6heren Mauer war der Sportunterricht der M\u00e4dchen, denn das <a href=\"http:\/\/de.wikipedia.org\/wiki\/Goethe-Gymnasium_%28Berlin-Wilmersdorf%29\" target=\"_blank\" rel=\"noopener\">Goethe-Gymnasium<\/a> war damals noch eine reine M\u00e4dchenschule und hie\u00df zuerst Viktoria-Luisen-Schule. Es kamen und gingen gewisse (m\u00e4nnliche) Passanten, um sich an dem Sportunterricht der jungen M\u00e4dchen zu erheitern. Schlie\u00dflich gaben der Wunsch der Eltern und die Klage des Direktors, es seien Lehrkr\u00e4fte verh\u00f6hnt worden, den Ausschlag. Im Rahmen der Neugestaltung des Schulhofs im Schuljahr 2006\/07 wurde aber aus Gr\u00fcnden des Denkmalschutzes der alte Zustand der Mauer wieder hergestellt.<\/p>\n<p>Das Geb\u00e4ude unserer Schule bietet dem Betrachter das Bild einer warmen, freundlichen, respektgebietenden Bildungsanstalt. Der Architekt hatte es bewusst nicht nach dem Bild einer damals typischen Schulkaserne mit symmetrisch geordneter Fassade aus rotem Backstein gebaut, sondern auf ein abwechslungsreiches \u00c4u\u00dferes geachtet. So sind beispielsweise an der Haupt-, aber auch an der Seitenfassade, die zur Uhlandstra\u00dfe hinausgeht, zahlreiche fig\u00fcrliche Darstellungen zu Aspekten der Bildung und Erziehung zu sehen.<\/p>\n<p>Im Lauf der Zeit wurde die urspr\u00fcnglich helle Sandsteinfassade immer dunkler &#8211; eine Folge der st\u00e4dtischen Umwelteinfl\u00fcsse. Seit 2014 finden umfangreiche Restaurierungs- und Reinigungsarbeiten statt und so erstrahlt die Fassade unseres Schulhauses nun wieder in neuem Glanz.<\/p>\n<div id=\"attachment_1899\" style=\"width: 410px\" class=\"wp-caption aligncenter\"><a href=\"http:\/\/goethe-gymnasium.berlin\/wp-content\/uploads\/2018\/10\/goethegym2017.jpg\" target=\"_blank\" rel=\"noopener\"><img loading=\"lazy\" decoding=\"async\" aria-describedby=\"caption-attachment-1899\" class=\"wp-image-1899\" src=\"http:\/\/goethe-gymnasium.berlin\/wp-content\/uploads\/2018\/10\/goethegym2017-300x200.jpg\" alt=\"Schulhaus 2017 (nach der Fassadenreinigung)\" width=\"400\" height=\"267\" srcset=\"https:\/\/goethe-gymnasium.berlin\/wp-content\/uploads\/2018\/10\/goethegym2017-300x200.jpg 300w, https:\/\/goethe-gymnasium.berlin\/wp-content\/uploads\/2018\/10\/goethegym2017-768x512.jpg 768w, https:\/\/goethe-gymnasium.berlin\/wp-content\/uploads\/2018\/10\/goethegym2017.jpg 1500w\" sizes=\"auto, (max-width: 400px) 100vw, 400px\" \/><\/a><p id=\"caption-attachment-1899\" class=\"wp-caption-text\">Schulhaus 2017 (nach der Fassadenreinigung)<\/p><\/div>\n<p>&nbsp;<\/p>\n<p style=\"text-align: right;\"><em>Text: aktualisiert (Schuljahr 2018\/19);<br \/>\nBilder: (1) aus: Dr. Helmut Pieper: Goethe-Gymnasium &#8211; Historisches Portrait, Berlin 2007, S. 31;<br \/>\n(2) Frau Dr. Weber (Schuljahr 2006\/07); (3) G. Seeliger (Schuljahr 2016\/17)<br \/>\n<\/em><\/p>\n","protected":false},"excerpt":{"rendered":"<p>Die Geschichte des Schulgeb\u00e4udes Gegen 1929 wirkte unsere Schule noch viel imposanter und eindrucksvoller als heute, denn der Blick auf <a class=\"more-link\" href=\"https:\/\/goethe-gymnasium.berlin\/index.php\/schule\/schulgeschichte\/das-schulgebaeude\/\">Weiterlesen &#8230;<\/a><\/p>\n","protected":false},"author":4,"featured_media":0,"parent":48,"menu_order":0,"comment_status":"closed","ping_status":"closed","template":"","meta":{"footnotes":""},"categories":[],"tags":[],"class_list":["post-1954","page","type-page","status-publish","hentry"],"yoast_head":"<!-- This site is optimized with the Yoast SEO plugin v27.5 - https:\/\/yoast.com\/product\/yoast-seo-wordpress\/ -->\n<title>Das Schulgeb\u00e4ude - Goethe-Gymnasium Berlin-Wilmersdorf<\/title>\n<meta name=\"description\" content=\"Die Geschichte des Schulgeb\u00e4udes\" \/>\n<meta name=\"robots\" content=\"index, follow, max-snippet:-1, max-image-preview:large, max-video-preview:-1\" \/>\n<link rel=\"canonical\" href=\"https:\/\/goethe-gymnasium.berlin\/index.php\/schule\/schulgeschichte\/das-schulgebaeude\/\" \/>\n<meta property=\"og:locale\" content=\"de_DE\" \/>\n<meta property=\"og:type\" content=\"article\" \/>\n<meta property=\"og:title\" content=\"Das Schulgeb\u00e4ude - Goethe-Gymnasium Berlin-Wilmersdorf\" \/>\n<meta property=\"og:description\" content=\"Die Geschichte des Schulgeb\u00e4udes\" \/>\n<meta property=\"og:url\" content=\"https:\/\/goethe-gymnasium.berlin\/index.php\/schule\/schulgeschichte\/das-schulgebaeude\/\" \/>\n<meta property=\"og:site_name\" content=\"Goethe-Gymnasium Berlin-Wilmersdorf\" \/>\n<meta property=\"article:publisher\" content=\"https:\/\/www.facebook.com\/pages\/Goethe-Gymnasium\/109376575754402\" \/>\n<meta property=\"og:image\" content=\"http:\/\/goethe-gymnasium.berlin\/wp-content\/uploads\/2018\/10\/goethegym1904-300x208.jpg\" \/>\n<meta name=\"twitter:card\" content=\"summary_large_image\" \/>\n<meta name=\"twitter:label1\" content=\"Gesch\u00e4tzte Lesezeit\" \/>\n\t<meta name=\"twitter:data1\" content=\"2\u00a0Minuten\" \/>\n<script type=\"application\/ld+json\" class=\"yoast-schema-graph\">{\"@context\":\"https:\\\/\\\/schema.org\",\"@graph\":[{\"@type\":\"WebPage\",\"@id\":\"https:\\\/\\\/goethe-gymnasium.berlin\\\/index.php\\\/schule\\\/schulgeschichte\\\/das-schulgebaeude\\\/\",\"url\":\"https:\\\/\\\/goethe-gymnasium.berlin\\\/index.php\\\/schule\\\/schulgeschichte\\\/das-schulgebaeude\\\/\",\"name\":\"Das Schulgeb\u00e4ude - Goethe-Gymnasium Berlin-Wilmersdorf\",\"isPartOf\":{\"@id\":\"https:\\\/\\\/goethe-gymnasium.berlin\\\/#website\"},\"primaryImageOfPage\":{\"@id\":\"https:\\\/\\\/goethe-gymnasium.berlin\\\/index.php\\\/schule\\\/schulgeschichte\\\/das-schulgebaeude\\\/#primaryimage\"},\"image\":{\"@id\":\"https:\\\/\\\/goethe-gymnasium.berlin\\\/index.php\\\/schule\\\/schulgeschichte\\\/das-schulgebaeude\\\/#primaryimage\"},\"thumbnailUrl\":\"http:\\\/\\\/goethe-gymnasium.berlin\\\/wp-content\\\/uploads\\\/2018\\\/10\\\/goethegym1904-300x208.jpg\",\"datePublished\":\"2018-10-07T19:49:52+00:00\",\"description\":\"Die Geschichte des Schulgeb\u00e4udes\",\"breadcrumb\":{\"@id\":\"https:\\\/\\\/goethe-gymnasium.berlin\\\/index.php\\\/schule\\\/schulgeschichte\\\/das-schulgebaeude\\\/#breadcrumb\"},\"inLanguage\":\"de\",\"potentialAction\":[{\"@type\":\"ReadAction\",\"target\":[\"https:\\\/\\\/goethe-gymnasium.berlin\\\/index.php\\\/schule\\\/schulgeschichte\\\/das-schulgebaeude\\\/\"]}]},{\"@type\":\"ImageObject\",\"inLanguage\":\"de\",\"@id\":\"https:\\\/\\\/goethe-gymnasium.berlin\\\/index.php\\\/schule\\\/schulgeschichte\\\/das-schulgebaeude\\\/#primaryimage\",\"url\":\"http:\\\/\\\/goethe-gymnasium.berlin\\\/wp-content\\\/uploads\\\/2018\\\/10\\\/goethegym1904-300x208.jpg\",\"contentUrl\":\"http:\\\/\\\/goethe-gymnasium.berlin\\\/wp-content\\\/uploads\\\/2018\\\/10\\\/goethegym1904-300x208.jpg\"},{\"@type\":\"BreadcrumbList\",\"@id\":\"https:\\\/\\\/goethe-gymnasium.berlin\\\/index.php\\\/schule\\\/schulgeschichte\\\/das-schulgebaeude\\\/#breadcrumb\",\"itemListElement\":[{\"@type\":\"ListItem\",\"position\":1,\"name\":\"Startseite\",\"item\":\"https:\\\/\\\/goethe-gymnasium.berlin\\\/\"},{\"@type\":\"ListItem\",\"position\":2,\"name\":\"Schule\",\"item\":\"https:\\\/\\\/goethe-gymnasium.berlin\\\/index.php\\\/schule\\\/\"},{\"@type\":\"ListItem\",\"position\":3,\"name\":\"Schulgeschichte\",\"item\":\"https:\\\/\\\/goethe-gymnasium.berlin\\\/index.php\\\/schule\\\/schulgeschichte\\\/\"},{\"@type\":\"ListItem\",\"position\":4,\"name\":\"Das Schulgeb\u00e4ude\"}]},{\"@type\":\"WebSite\",\"@id\":\"https:\\\/\\\/goethe-gymnasium.berlin\\\/#website\",\"url\":\"https:\\\/\\\/goethe-gymnasium.berlin\\\/\",\"name\":\"Goethe-Gymnasium Berlin-Wilmersdorf\",\"description\":\"\",\"publisher\":{\"@id\":\"https:\\\/\\\/goethe-gymnasium.berlin\\\/#organization\"},\"potentialAction\":[{\"@type\":\"SearchAction\",\"target\":{\"@type\":\"EntryPoint\",\"urlTemplate\":\"https:\\\/\\\/goethe-gymnasium.berlin\\\/?s={search_term_string}\"},\"query-input\":{\"@type\":\"PropertyValueSpecification\",\"valueRequired\":true,\"valueName\":\"search_term_string\"}}],\"inLanguage\":\"de\"},{\"@type\":\"Organization\",\"@id\":\"https:\\\/\\\/goethe-gymnasium.berlin\\\/#organization\",\"name\":\"Goethe-Gymnasium Berlin-Wilmersdorf\",\"url\":\"https:\\\/\\\/goethe-gymnasium.berlin\\\/\",\"logo\":{\"@type\":\"ImageObject\",\"inLanguage\":\"de\",\"@id\":\"https:\\\/\\\/goethe-gymnasium.berlin\\\/#\\\/schema\\\/logo\\\/image\\\/\",\"url\":\"https:\\\/\\\/goethe-gymnasium.berlin\\\/wp-content\\\/uploads\\\/2018\\\/04\\\/goethe-logo_hoch.png\",\"contentUrl\":\"https:\\\/\\\/goethe-gymnasium.berlin\\\/wp-content\\\/uploads\\\/2018\\\/04\\\/goethe-logo_hoch.png\",\"width\":755,\"height\":514,\"caption\":\"Goethe-Gymnasium Berlin-Wilmersdorf\"},\"image\":{\"@id\":\"https:\\\/\\\/goethe-gymnasium.berlin\\\/#\\\/schema\\\/logo\\\/image\\\/\"},\"sameAs\":[\"https:\\\/\\\/www.facebook.com\\\/pages\\\/Goethe-Gymnasium\\\/109376575754402\",\"https:\\\/\\\/www.youtube.com\\\/channel\\\/UCMKuMVF9h_YkS3zmEp7SnzQ\"]}]}<\/script>\n<!-- \/ Yoast SEO plugin. -->","yoast_head_json":{"title":"Das Schulgeb\u00e4ude - Goethe-Gymnasium Berlin-Wilmersdorf","description":"Die Geschichte des Schulgeb\u00e4udes","robots":{"index":"index","follow":"follow","max-snippet":"max-snippet:-1","max-image-preview":"max-image-preview:large","max-video-preview":"max-video-preview:-1"},"canonical":"https:\/\/goethe-gymnasium.berlin\/index.php\/schule\/schulgeschichte\/das-schulgebaeude\/","og_locale":"de_DE","og_type":"article","og_title":"Das Schulgeb\u00e4ude - Goethe-Gymnasium Berlin-Wilmersdorf","og_description":"Die Geschichte des Schulgeb\u00e4udes","og_url":"https:\/\/goethe-gymnasium.berlin\/index.php\/schule\/schulgeschichte\/das-schulgebaeude\/","og_site_name":"Goethe-Gymnasium Berlin-Wilmersdorf","article_publisher":"https:\/\/www.facebook.com\/pages\/Goethe-Gymnasium\/109376575754402","og_image":[{"url":"http:\/\/goethe-gymnasium.berlin\/wp-content\/uploads\/2018\/10\/goethegym1904-300x208.jpg","type":"","width":"","height":""}],"twitter_card":"summary_large_image","twitter_misc":{"Gesch\u00e4tzte Lesezeit":"2\u00a0Minuten"},"schema":{"@context":"https:\/\/schema.org","@graph":[{"@type":"WebPage","@id":"https:\/\/goethe-gymnasium.berlin\/index.php\/schule\/schulgeschichte\/das-schulgebaeude\/","url":"https:\/\/goethe-gymnasium.berlin\/index.php\/schule\/schulgeschichte\/das-schulgebaeude\/","name":"Das Schulgeb\u00e4ude - Goethe-Gymnasium Berlin-Wilmersdorf","isPartOf":{"@id":"https:\/\/goethe-gymnasium.berlin\/#website"},"primaryImageOfPage":{"@id":"https:\/\/goethe-gymnasium.berlin\/index.php\/schule\/schulgeschichte\/das-schulgebaeude\/#primaryimage"},"image":{"@id":"https:\/\/goethe-gymnasium.berlin\/index.php\/schule\/schulgeschichte\/das-schulgebaeude\/#primaryimage"},"thumbnailUrl":"http:\/\/goethe-gymnasium.berlin\/wp-content\/uploads\/2018\/10\/goethegym1904-300x208.jpg","datePublished":"2018-10-07T19:49:52+00:00","description":"Die Geschichte des Schulgeb\u00e4udes","breadcrumb":{"@id":"https:\/\/goethe-gymnasium.berlin\/index.php\/schule\/schulgeschichte\/das-schulgebaeude\/#breadcrumb"},"inLanguage":"de","potentialAction":[{"@type":"ReadAction","target":["https:\/\/goethe-gymnasium.berlin\/index.php\/schule\/schulgeschichte\/das-schulgebaeude\/"]}]},{"@type":"ImageObject","inLanguage":"de","@id":"https:\/\/goethe-gymnasium.berlin\/index.php\/schule\/schulgeschichte\/das-schulgebaeude\/#primaryimage","url":"http:\/\/goethe-gymnasium.berlin\/wp-content\/uploads\/2018\/10\/goethegym1904-300x208.jpg","contentUrl":"http:\/\/goethe-gymnasium.berlin\/wp-content\/uploads\/2018\/10\/goethegym1904-300x208.jpg"},{"@type":"BreadcrumbList","@id":"https:\/\/goethe-gymnasium.berlin\/index.php\/schule\/schulgeschichte\/das-schulgebaeude\/#breadcrumb","itemListElement":[{"@type":"ListItem","position":1,"name":"Startseite","item":"https:\/\/goethe-gymnasium.berlin\/"},{"@type":"ListItem","position":2,"name":"Schule","item":"https:\/\/goethe-gymnasium.berlin\/index.php\/schule\/"},{"@type":"ListItem","position":3,"name":"Schulgeschichte","item":"https:\/\/goethe-gymnasium.berlin\/index.php\/schule\/schulgeschichte\/"},{"@type":"ListItem","position":4,"name":"Das Schulgeb\u00e4ude"}]},{"@type":"WebSite","@id":"https:\/\/goethe-gymnasium.berlin\/#website","url":"https:\/\/goethe-gymnasium.berlin\/","name":"Goethe-Gymnasium Berlin-Wilmersdorf","description":"","publisher":{"@id":"https:\/\/goethe-gymnasium.berlin\/#organization"},"potentialAction":[{"@type":"SearchAction","target":{"@type":"EntryPoint","urlTemplate":"https:\/\/goethe-gymnasium.berlin\/?s={search_term_string}"},"query-input":{"@type":"PropertyValueSpecification","valueRequired":true,"valueName":"search_term_string"}}],"inLanguage":"de"},{"@type":"Organization","@id":"https:\/\/goethe-gymnasium.berlin\/#organization","name":"Goethe-Gymnasium Berlin-Wilmersdorf","url":"https:\/\/goethe-gymnasium.berlin\/","logo":{"@type":"ImageObject","inLanguage":"de","@id":"https:\/\/goethe-gymnasium.berlin\/#\/schema\/logo\/image\/","url":"https:\/\/goethe-gymnasium.berlin\/wp-content\/uploads\/2018\/04\/goethe-logo_hoch.png","contentUrl":"https:\/\/goethe-gymnasium.berlin\/wp-content\/uploads\/2018\/04\/goethe-logo_hoch.png","width":755,"height":514,"caption":"Goethe-Gymnasium Berlin-Wilmersdorf"},"image":{"@id":"https:\/\/goethe-gymnasium.berlin\/#\/schema\/logo\/image\/"},"sameAs":["https:\/\/www.facebook.com\/pages\/Goethe-Gymnasium\/109376575754402","https:\/\/www.youtube.com\/channel\/UCMKuMVF9h_YkS3zmEp7SnzQ"]}]}},"_links":{"self":[{"href":"https:\/\/goethe-gymnasium.berlin\/index.php\/wp-json\/wp\/v2\/pages\/1954","targetHints":{"allow":["GET"]}}],"collection":[{"href":"https:\/\/goethe-gymnasium.berlin\/index.php\/wp-json\/wp\/v2\/pages"}],"about":[{"href":"https:\/\/goethe-gymnasium.berlin\/index.php\/wp-json\/wp\/v2\/types\/page"}],"author":[{"embeddable":true,"href":"https:\/\/goethe-gymnasium.berlin\/index.php\/wp-json\/wp\/v2\/users\/4"}],"replies":[{"embeddable":true,"href":"https:\/\/goethe-gymnasium.berlin\/index.php\/wp-json\/wp\/v2\/comments?post=1954"}],"version-history":[{"count":1,"href":"https:\/\/goethe-gymnasium.berlin\/index.php\/wp-json\/wp\/v2\/pages\/1954\/revisions"}],"predecessor-version":[{"id":1955,"href":"https:\/\/goethe-gymnasium.berlin\/index.php\/wp-json\/wp\/v2\/pages\/1954\/revisions\/1955"}],"up":[{"embeddable":true,"href":"https:\/\/goethe-gymnasium.berlin\/index.php\/wp-json\/wp\/v2\/pages\/48"}],"wp:attachment":[{"href":"https:\/\/goethe-gymnasium.berlin\/index.php\/wp-json\/wp\/v2\/media?parent=1954"}],"wp:term":[{"taxonomy":"category","embeddable":true,"href":"https:\/\/goethe-gymnasium.berlin\/index.php\/wp-json\/wp\/v2\/categories?post=1954"},{"taxonomy":"post_tag","embeddable":true,"href":"https:\/\/goethe-gymnasium.berlin\/index.php\/wp-json\/wp\/v2\/tags?post=1954"}],"curies":[{"name":"wp","href":"https:\/\/api.w.org\/{rel}","templated":true}]}}