{"id":191,"date":"2018-04-24T19:08:22","date_gmt":"2018-04-24T19:08:22","guid":{"rendered":"http:\/\/goethe-gymnasium.berlin\/?page_id=191"},"modified":"2024-01-27T20:06:54","modified_gmt":"2024-01-27T19:06:54","slug":"physik","status":"publish","type":"page","link":"https:\/\/goethe-gymnasium.berlin\/index.php\/mint-faecher\/physik\/","title":{"rendered":"Physik"},"content":{"rendered":"<div class=\"wp-block-image\">\n<figure class=\"aligncenter\"><img loading=\"lazy\" decoding=\"async\" width=\"640\" height=\"360\" src=\"http:\/\/goethe-gymnasium.berlin\/wp-content\/uploads\/2018\/12\/physik-LK-tag-der-offenen-t\u00fcr.png\" alt=\"\" class=\"wp-image-2714\" srcset=\"https:\/\/goethe-gymnasium.berlin\/wp-content\/uploads\/2018\/12\/physik-LK-tag-der-offenen-t\u00fcr.png 640w, https:\/\/goethe-gymnasium.berlin\/wp-content\/uploads\/2018\/12\/physik-LK-tag-der-offenen-t\u00fcr-300x169.png 300w, https:\/\/goethe-gymnasium.berlin\/wp-content\/uploads\/2018\/12\/physik-LK-tag-der-offenen-t\u00fcr-350x197.png 350w\" sizes=\"auto, (max-width: 640px) 100vw, 640px\" \/><figcaption class=\"wp-element-caption\"><em>Tag der offenen T\u00fcr: Sch\u00fcler des LK Physik experimentieren mit fl\u00fcssigem Stickstoff<\/em><\/figcaption><\/figure>\n<\/div>\n\n\n<p>Die Sch\u00fclerinnen und Sch\u00fcler haben bei uns von der siebten Klasse bis zur Oberstufe durchg\u00e4ngig zwei Stunden die Woche Physik \u2013 ein herausragendes Merkmal unserer Schule, das uns von vielen anderen Gymnasien und Sekundarschulen in Berlin unterscheidet.<\/p>\n\n\n\n<p>Im <strong>Anfangsunterricht<\/strong> der siebten und achten Klasse erm\u00f6glichen wir den Sch\u00fclerinnen und Sch\u00fclern zudem jeweils eine Stunde <strong>Teilungsunterricht<\/strong> mit der halben Klassenst\u00e4rke. Hier k\u00f6nnen und sollen die Sch\u00fcler zum jeweiligen Thema selbst experimentieren. Die Erfahrung zeigt, dass gerade die praktischen \u00dcbungen die Sch\u00fcler nachhaltig f\u00fcr das Fach begeistern k\u00f6nnen.<\/p>\n\n\n\n<p>So gibt es auch seit Jahren in der <strong>Oberstufe<\/strong> mindestens einen Grundkurs und in jedem Abiturjahrgang einen Physik-Leistungskurs. Wir haben an der Schule zwei gut ausgestattete Physikfachr\u00e4ume und eine umfangreiche Sammlung, die entsprechende Sch\u00fcler\u00fcbungsexperimente aber auch Demonstrationsexperimente zu allen Themen des Lehrplans erm\u00f6glicht.<\/p>\n\n\n\n<p>Wichtig ist es uns, den Sch\u00fclerinnen und Sch\u00fclern \u2013 im Sinne des humanistischen Bildungsideals \u2013 das Fach Physik in seiner ganzen Spannweite sowohl als Wissenschaft mit technischem Bezug zum Alltag, aber auch als Wissenschaft des grundlegenden Naturverst\u00e4ndnisses nahezubringen.<\/p>\n\n\n\n<p>Neben dem Unterricht erm\u00f6glichen regelm\u00e4\u00dfig stattfindende <strong>Exkursionen<\/strong>, etwa zu den <a href=\"https:\/\/www.adlershof.de\/wirtschaft-wissenschaft\/school-labs-jugend-forscht\/schuelerlabore\/\">Sch\u00fclerlaboren in Adlershof<\/a> und Berlin-Buch, Technologiezentren und wissenschaftlichen Forschungsinstituten wie dem <a href=\"http:\/\/www.desy.de\/schule\/\">DESY<\/a> in Hamburg Einblicke in die Anwendungs-Praxis und Perspektiven in physikbasierten Berufen.<\/p>\n\n\n\n<h4 class=\"wp-block-heading\">Weitere Informationen<\/h4>\n\n\n\n<ul class=\"wp-block-list\">\n<li><a href=\"https:\/\/goethe-gymnasium.berlin\/wp-content\/uploads\/2021\/08\/Physik-SchiC-Goethe-Gymnasium-Stand-Mai-2021.pdf\">schulinternes Curriculum Physik <\/a>(Klasse 7 &#8211; 10; Stand 2021)<\/li>\n\n\n\n<li><a href=\"https:\/\/goethe-gymnasium.berlin\/index.php\/2018\/12\/11\/zwischen-teilchen-wellen-und-speicherstadt\/\" target=\"_blank\" rel=\"noreferrer noopener\">Sch\u00fclerfahrt zum DESY nach Hamburg<\/a> (2018)<\/li>\n\n\n\n<li><a href=\"https:\/\/goethe-gymnasium.berlin\/index.php\/2024\/01\/27\/speicherring-und-nebelkammer\/\" target=\"_blank\" rel=\"noreferrer noopener\">Sch\u00fclerfahrt zum DESY nach Hamburg<\/a> (2024)<\/li>\n<\/ul>\n\n\n\n<p class=\"has-text-align-right\"><em>Text: Fachbereich Physik (Schuljahr 2017\/18)<br>Foto: Herr Witte (Schuljahr 2017\/18)<\/em><\/p>\n","protected":false},"excerpt":{"rendered":"<p>Die Sch\u00fclerinnen und Sch\u00fcler haben bei uns von der siebten Klasse bis zur Oberstufe durchg\u00e4ngig zwei Stunden die Woche Physik <a class=\"more-link\" href=\"https:\/\/goethe-gymnasium.berlin\/index.php\/mint-faecher\/physik\/\">Weiterlesen &#8230;<\/a><\/p>\n","protected":false},"author":1,"featured_media":0,"parent":179,"menu_order":0,"comment_status":"closed","ping_status":"closed","template":"","meta":{"footnotes":""},"categories":[10,115],"tags":[],"class_list":["post-191","page","type-page","status-publish","hentry","category-faecher","category-physik"],"yoast_head":"<!-- This site is optimized with the Yoast SEO plugin v27.3 - https:\/\/yoast.com\/product\/yoast-seo-wordpress\/ -->\n<title>Physik - Goethe-Gymnasium Berlin-Wilmersdorf<\/title>\n<meta name=\"robots\" content=\"index, follow, max-snippet:-1, max-image-preview:large, max-video-preview:-1\" \/>\n<link rel=\"canonical\" href=\"https:\/\/goethe-gymnasium.berlin\/index.php\/mint-faecher\/physik\/\" \/>\n<meta property=\"og:locale\" content=\"de_DE\" \/>\n<meta property=\"og:type\" content=\"article\" \/>\n<meta property=\"og:title\" content=\"Physik - Goethe-Gymnasium Berlin-Wilmersdorf\" \/>\n<meta property=\"og:description\" content=\"Die Sch\u00fclerinnen und Sch\u00fcler haben bei uns von der siebten Klasse bis zur Oberstufe durchg\u00e4ngig zwei Stunden die Woche Physik Weiterlesen ...\" \/>\n<meta property=\"og:url\" content=\"https:\/\/goethe-gymnasium.berlin\/index.php\/mint-faecher\/physik\/\" \/>\n<meta property=\"og:site_name\" content=\"Goethe-Gymnasium Berlin-Wilmersdorf\" \/>\n<meta property=\"article:publisher\" content=\"https:\/\/www.facebook.com\/pages\/Goethe-Gymnasium\/109376575754402\" \/>\n<meta property=\"article:modified_time\" content=\"2024-01-27T19:06:54+00:00\" \/>\n<meta property=\"og:image\" content=\"https:\/\/goethe-gymnasium.berlin\/wp-content\/uploads\/2018\/06\/goethe-front-light.jpg\" \/>\n\t<meta property=\"og:image:width\" content=\"1200\" \/>\n\t<meta property=\"og:image:height\" content=\"600\" \/>\n\t<meta property=\"og:image:type\" content=\"image\/jpeg\" \/>\n<meta name=\"twitter:card\" content=\"summary_large_image\" \/>\n<meta name=\"twitter:label1\" content=\"Gesch\u00e4tzte Lesezeit\" \/>\n\t<meta name=\"twitter:data1\" content=\"2\u00a0Minuten\" \/>\n<script type=\"application\/ld+json\" class=\"yoast-schema-graph\">{\"@context\":\"https:\\\/\\\/schema.org\",\"@graph\":[{\"@type\":\"WebPage\",\"@id\":\"https:\\\/\\\/goethe-gymnasium.berlin\\\/index.php\\\/mint-faecher\\\/physik\\\/\",\"url\":\"https:\\\/\\\/goethe-gymnasium.berlin\\\/index.php\\\/mint-faecher\\\/physik\\\/\",\"name\":\"Physik - Goethe-Gymnasium Berlin-Wilmersdorf\",\"isPartOf\":{\"@id\":\"https:\\\/\\\/goethe-gymnasium.berlin\\\/#website\"},\"datePublished\":\"2018-04-24T19:08:22+00:00\",\"dateModified\":\"2024-01-27T19:06:54+00:00\",\"breadcrumb\":{\"@id\":\"https:\\\/\\\/goethe-gymnasium.berlin\\\/index.php\\\/mint-faecher\\\/physik\\\/#breadcrumb\"},\"inLanguage\":\"de\",\"potentialAction\":[{\"@type\":\"ReadAction\",\"target\":[\"https:\\\/\\\/goethe-gymnasium.berlin\\\/index.php\\\/mint-faecher\\\/physik\\\/\"]}]},{\"@type\":\"BreadcrumbList\",\"@id\":\"https:\\\/\\\/goethe-gymnasium.berlin\\\/index.php\\\/mint-faecher\\\/physik\\\/#breadcrumb\",\"itemListElement\":[{\"@type\":\"ListItem\",\"position\":1,\"name\":\"Startseite\",\"item\":\"https:\\\/\\\/goethe-gymnasium.berlin\\\/\"},{\"@type\":\"ListItem\",\"position\":2,\"name\":\"MINT-F\u00e4cher\",\"item\":\"https:\\\/\\\/goethe-gymnasium.berlin\\\/index.php\\\/mint-faecher\\\/\"},{\"@type\":\"ListItem\",\"position\":3,\"name\":\"Physik\"}]},{\"@type\":\"WebSite\",\"@id\":\"https:\\\/\\\/goethe-gymnasium.berlin\\\/#website\",\"url\":\"https:\\\/\\\/goethe-gymnasium.berlin\\\/\",\"name\":\"Goethe-Gymnasium Berlin-Wilmersdorf\",\"description\":\"\",\"publisher\":{\"@id\":\"https:\\\/\\\/goethe-gymnasium.berlin\\\/#organization\"},\"potentialAction\":[{\"@type\":\"SearchAction\",\"target\":{\"@type\":\"EntryPoint\",\"urlTemplate\":\"https:\\\/\\\/goethe-gymnasium.berlin\\\/?s={search_term_string}\"},\"query-input\":{\"@type\":\"PropertyValueSpecification\",\"valueRequired\":true,\"valueName\":\"search_term_string\"}}],\"inLanguage\":\"de\"},{\"@type\":\"Organization\",\"@id\":\"https:\\\/\\\/goethe-gymnasium.berlin\\\/#organization\",\"name\":\"Goethe-Gymnasium Berlin-Wilmersdorf\",\"url\":\"https:\\\/\\\/goethe-gymnasium.berlin\\\/\",\"logo\":{\"@type\":\"ImageObject\",\"inLanguage\":\"de\",\"@id\":\"https:\\\/\\\/goethe-gymnasium.berlin\\\/#\\\/schema\\\/logo\\\/image\\\/\",\"url\":\"https:\\\/\\\/goethe-gymnasium.berlin\\\/wp-content\\\/uploads\\\/2018\\\/04\\\/goethe-logo_hoch.png\",\"contentUrl\":\"https:\\\/\\\/goethe-gymnasium.berlin\\\/wp-content\\\/uploads\\\/2018\\\/04\\\/goethe-logo_hoch.png\",\"width\":755,\"height\":514,\"caption\":\"Goethe-Gymnasium Berlin-Wilmersdorf\"},\"image\":{\"@id\":\"https:\\\/\\\/goethe-gymnasium.berlin\\\/#\\\/schema\\\/logo\\\/image\\\/\"},\"sameAs\":[\"https:\\\/\\\/www.facebook.com\\\/pages\\\/Goethe-Gymnasium\\\/109376575754402\",\"https:\\\/\\\/www.youtube.com\\\/channel\\\/UCMKuMVF9h_YkS3zmEp7SnzQ\"]}]}<\/script>\n<!-- \/ Yoast SEO plugin. -->","yoast_head_json":{"title":"Physik - Goethe-Gymnasium Berlin-Wilmersdorf","robots":{"index":"index","follow":"follow","max-snippet":"max-snippet:-1","max-image-preview":"max-image-preview:large","max-video-preview":"max-video-preview:-1"},"canonical":"https:\/\/goethe-gymnasium.berlin\/index.php\/mint-faecher\/physik\/","og_locale":"de_DE","og_type":"article","og_title":"Physik - Goethe-Gymnasium Berlin-Wilmersdorf","og_description":"Die Sch\u00fclerinnen und Sch\u00fcler haben bei uns von der siebten Klasse bis zur Oberstufe durchg\u00e4ngig zwei Stunden die Woche Physik Weiterlesen ...","og_url":"https:\/\/goethe-gymnasium.berlin\/index.php\/mint-faecher\/physik\/","og_site_name":"Goethe-Gymnasium Berlin-Wilmersdorf","article_publisher":"https:\/\/www.facebook.com\/pages\/Goethe-Gymnasium\/109376575754402","article_modified_time":"2024-01-27T19:06:54+00:00","og_image":[{"width":1200,"height":600,"url":"https:\/\/goethe-gymnasium.berlin\/wp-content\/uploads\/2018\/06\/goethe-front-light.jpg","type":"image\/jpeg"}],"twitter_card":"summary_large_image","twitter_misc":{"Gesch\u00e4tzte Lesezeit":"2\u00a0Minuten"},"schema":{"@context":"https:\/\/schema.org","@graph":[{"@type":"WebPage","@id":"https:\/\/goethe-gymnasium.berlin\/index.php\/mint-faecher\/physik\/","url":"https:\/\/goethe-gymnasium.berlin\/index.php\/mint-faecher\/physik\/","name":"Physik - Goethe-Gymnasium Berlin-Wilmersdorf","isPartOf":{"@id":"https:\/\/goethe-gymnasium.berlin\/#website"},"datePublished":"2018-04-24T19:08:22+00:00","dateModified":"2024-01-27T19:06:54+00:00","breadcrumb":{"@id":"https:\/\/goethe-gymnasium.berlin\/index.php\/mint-faecher\/physik\/#breadcrumb"},"inLanguage":"de","potentialAction":[{"@type":"ReadAction","target":["https:\/\/goethe-gymnasium.berlin\/index.php\/mint-faecher\/physik\/"]}]},{"@type":"BreadcrumbList","@id":"https:\/\/goethe-gymnasium.berlin\/index.php\/mint-faecher\/physik\/#breadcrumb","itemListElement":[{"@type":"ListItem","position":1,"name":"Startseite","item":"https:\/\/goethe-gymnasium.berlin\/"},{"@type":"ListItem","position":2,"name":"MINT-F\u00e4cher","item":"https:\/\/goethe-gymnasium.berlin\/index.php\/mint-faecher\/"},{"@type":"ListItem","position":3,"name":"Physik"}]},{"@type":"WebSite","@id":"https:\/\/goethe-gymnasium.berlin\/#website","url":"https:\/\/goethe-gymnasium.berlin\/","name":"Goethe-Gymnasium Berlin-Wilmersdorf","description":"","publisher":{"@id":"https:\/\/goethe-gymnasium.berlin\/#organization"},"potentialAction":[{"@type":"SearchAction","target":{"@type":"EntryPoint","urlTemplate":"https:\/\/goethe-gymnasium.berlin\/?s={search_term_string}"},"query-input":{"@type":"PropertyValueSpecification","valueRequired":true,"valueName":"search_term_string"}}],"inLanguage":"de"},{"@type":"Organization","@id":"https:\/\/goethe-gymnasium.berlin\/#organization","name":"Goethe-Gymnasium Berlin-Wilmersdorf","url":"https:\/\/goethe-gymnasium.berlin\/","logo":{"@type":"ImageObject","inLanguage":"de","@id":"https:\/\/goethe-gymnasium.berlin\/#\/schema\/logo\/image\/","url":"https:\/\/goethe-gymnasium.berlin\/wp-content\/uploads\/2018\/04\/goethe-logo_hoch.png","contentUrl":"https:\/\/goethe-gymnasium.berlin\/wp-content\/uploads\/2018\/04\/goethe-logo_hoch.png","width":755,"height":514,"caption":"Goethe-Gymnasium Berlin-Wilmersdorf"},"image":{"@id":"https:\/\/goethe-gymnasium.berlin\/#\/schema\/logo\/image\/"},"sameAs":["https:\/\/www.facebook.com\/pages\/Goethe-Gymnasium\/109376575754402","https:\/\/www.youtube.com\/channel\/UCMKuMVF9h_YkS3zmEp7SnzQ"]}]}},"_links":{"self":[{"href":"https:\/\/goethe-gymnasium.berlin\/index.php\/wp-json\/wp\/v2\/pages\/191","targetHints":{"allow":["GET"]}}],"collection":[{"href":"https:\/\/goethe-gymnasium.berlin\/index.php\/wp-json\/wp\/v2\/pages"}],"about":[{"href":"https:\/\/goethe-gymnasium.berlin\/index.php\/wp-json\/wp\/v2\/types\/page"}],"author":[{"embeddable":true,"href":"https:\/\/goethe-gymnasium.berlin\/index.php\/wp-json\/wp\/v2\/users\/1"}],"replies":[{"embeddable":true,"href":"https:\/\/goethe-gymnasium.berlin\/index.php\/wp-json\/wp\/v2\/comments?post=191"}],"version-history":[{"count":13,"href":"https:\/\/goethe-gymnasium.berlin\/index.php\/wp-json\/wp\/v2\/pages\/191\/revisions"}],"predecessor-version":[{"id":11485,"href":"https:\/\/goethe-gymnasium.berlin\/index.php\/wp-json\/wp\/v2\/pages\/191\/revisions\/11485"}],"up":[{"embeddable":true,"href":"https:\/\/goethe-gymnasium.berlin\/index.php\/wp-json\/wp\/v2\/pages\/179"}],"wp:attachment":[{"href":"https:\/\/goethe-gymnasium.berlin\/index.php\/wp-json\/wp\/v2\/media?parent=191"}],"wp:term":[{"taxonomy":"category","embeddable":true,"href":"https:\/\/goethe-gymnasium.berlin\/index.php\/wp-json\/wp\/v2\/categories?post=191"},{"taxonomy":"post_tag","embeddable":true,"href":"https:\/\/goethe-gymnasium.berlin\/index.php\/wp-json\/wp\/v2\/tags?post=191"}],"curies":[{"name":"wp","href":"https:\/\/api.w.org\/{rel}","templated":true}]}}