{"id":189,"date":"2018-04-24T19:08:12","date_gmt":"2018-04-24T19:08:12","guid":{"rendered":"http:\/\/goethe-gymnasium.berlin\/?page_id=189"},"modified":"2021-03-27T23:55:38","modified_gmt":"2021-03-27T22:55:38","slug":"chemie","status":"publish","type":"page","link":"https:\/\/goethe-gymnasium.berlin\/index.php\/mint-faecher\/chemie\/","title":{"rendered":"Chemie"},"content":{"rendered":"<p><img loading=\"lazy\" decoding=\"async\" class=\"alignnone wp-image-997 size-full\" src=\"http:\/\/goethe-gymnasium.berlin\/wp-content\/uploads\/2018\/07\/chemie-test.jpg\" alt=\"\" width=\"1280\" height=\"853\" srcset=\"https:\/\/goethe-gymnasium.berlin\/wp-content\/uploads\/2018\/07\/chemie-test.jpg 1280w, https:\/\/goethe-gymnasium.berlin\/wp-content\/uploads\/2018\/07\/chemie-test-300x200.jpg 300w, https:\/\/goethe-gymnasium.berlin\/wp-content\/uploads\/2018\/07\/chemie-test-768x512.jpg 768w\" sizes=\"auto, (max-width: 1280px) 100vw, 1280px\" \/><\/p>\n<p>Chemieunterricht an unserer Schule beginnt \u2013 anders als an anderen Schulen \u2013 erst mit der <strong>Klassenstufe 8<\/strong>. Das hat den Vorteil, dass die Sch\u00fclerinnen und Sch\u00fcler zumeist schon aufgeschlossener gegen\u00fcber den anspruchsvollen Inhalten der Chemie, z. B. der Formelsprache, sind. Weiterhin erweist sich die Grundst\u00e4ndigkeit unserer Schule als sehr vorteilhaft: Kenntnisse aus dem NaWi-Unterricht der Klassen 5-6 k\u00f6nnen (viel) gezielt(er) aufgegriffen werden, da h\u00e4ufig dieselben Lehrer beide F\u00e4cher (Nawi und Chemie) unterrichten oder untereinander im intensiven Austausch stehen.<\/p>\n<p>Selbstverst\u00e4ndlich kommt auch <strong>das praktische Arbeiten<\/strong> bei uns nicht zu kurz. Was w\u00e4re die Chemie ohne das Experiment? Sie w\u00e4re eine rein theoretische Wissenschaft, dies ist sie aber nicht. So liegt der Schwerpunkt des Lernens im Anfangsunterricht im experimentellen Bereich. Auch in der Oberstufe wird das <strong>Experiment<\/strong> Mittel zum Zweck sein. Besonders hilfreich f\u00fcr diesen Schwerpunkt ist der <strong>Teilungsunterricht<\/strong>. Dabei wird eine der beiden Chemiestunden in Klasse acht in halber Klassenst\u00e4rke durchgef\u00fchrt, wodurch die Sch\u00fclerinnen und Sch\u00fcler intensiv und kontrolliert in das Experimentieren eingef\u00fchrt werden k\u00f6nnen. Durch die kleinere Lerngruppe ist dar\u00fcber hinaus eine individuellere F\u00f6rderung m\u00f6glich.<\/p>\n<p>Ein zweiter Schwerpunkt ist <strong>das selbst\u00e4ndige Arbeiten<\/strong>. Um in der Oberstufe mit Fachliteratur umgehen zu k\u00f6nnen, m\u00fcssen die Sch\u00fclerinnen und Sch\u00fcler schon fr\u00fchzeitig eigenst\u00e4ndige Arbeitsweisen einge\u00fcbt haben. Dies erreichen wir, indem wir die Lernenden immer wieder mit Material ausstatten, das innerhalb eines Zeitrahmens eigenst\u00e4ndig (allein oder in Gruppen) zu bearbeiten ist.<\/p>\n<p>Modern ausgestattete <strong>Laborr\u00e4ume<\/strong>, z.B. mit Gasanschl\u00fcssen an den Sch\u00fclerarbeitstischen und eine umfangreiche Sammlung an Ger\u00e4ten und Chemikalien erm\u00f6glichen eine hohe Bandbreite von Lehrerdemonstrations- und Sch\u00fclerexperimenten. Ebenso verf\u00fcgt die Sammlung \u00fcber moderne Messger\u00e4te zur digitalen Erfassung von Daten. Die mediale Ausstattung der R\u00e4ume entspricht modernem Standard: Activeboard bzw. Beamer bieten den medialen Rahmen f\u00fcr einen abwechslungsreichen Unterricht. Ein Klassensatz Laptops erm\u00f6glicht es den Sch\u00fclerinnen und Sch\u00fclern, aufgabengeleitet und selbstst\u00e4ndig zu recherchieren.<\/p>\n<p>In der <strong>Oberstufe<\/strong> wird Chemie sowohl als Grundkurs wie auch als Leistungskurs angeboten. Die <strong>Grundkurse<\/strong> orientieren sich laut Rahmenlehrplan an \u00fcbergeordneten Kontexten, w\u00e4hrend die <strong>Leistungskurse<\/strong> einer eher klassischen Systematik der Wissenschaft Chemie folgen. Insbesondere im ersten Semester erweitern die Inhalte die f\u00fcr die Biologie-Kurse notwendigen chemischen Kenntnisse.<\/p>\n<p>Im<strong> Leistungskurs<\/strong> wird auf eine erh\u00f6hte Selbst\u00e4ndigkeit durch eigenst\u00e4ndiges Experimentieren Wert gelegt. Neben den zwei Klausuren pro Halbjahr sind kleinere Projekte Formen der Leistungsermittlung. Eigenst\u00e4ndige Planung von Experimenten, Umgang mit Literatur etc. stehen dabei im Vordergrund des experimentellen Teiles. Die Erstellung der schriftlichen Arbeiten dient nicht zuletzt der Vorbereitung auf ein Studium nach dem Abitur.<\/p>\n<p>Neben dem Fachunterricht nehmen die Sch\u00fcler*innen auch an <a href=\"http:\/\/goethe-gymnasium.berlin\/index.php\/biologie\/projekte-der-naturwissenschaftlichen-faecher\/\">Projekten und Chemiewettbewerben<\/a> teil oder gestalten z.B. die immer gut besuchte \u201e<a href=\"http:\/\/goethe-gymnasium.berlin\/index.php\/biologie\/projekte-der-naturwissenschaftlichen-faecher\/die-chemie-show\/\">Chemie-Show<\/a>\u201c am Tag der offenen T\u00fcr.<\/p>\n<p>Hier finden Sie die aktuellen <a href=\"https:\/\/goethe-gymnasium.berlin\/wp-content\/uploads\/2021\/03\/SchiC_Chemie_SekI_Goethe-Gym_2019_05.pdf\">schulinternen Curricula Chemie<\/a> f\u00fcr die Klassenstufen 8-10 (Stand 2019).<\/p>\n<p style=\"text-align: right;\"><em>Text: Fachbereich Chemie (Schuljahr 2017\/18)<\/em><\/p>\n\n\n<p><\/p>\n","protected":false},"excerpt":{"rendered":"<p>Chemieunterricht an unserer Schule beginnt \u2013 anders als an anderen Schulen \u2013 erst mit der Klassenstufe 8. Das hat den <a class=\"more-link\" href=\"https:\/\/goethe-gymnasium.berlin\/index.php\/mint-faecher\/chemie\/\">Weiterlesen &#8230;<\/a><\/p>\n","protected":false},"author":1,"featured_media":0,"parent":179,"menu_order":0,"comment_status":"closed","ping_status":"closed","template":"","meta":{"footnotes":""},"categories":[26],"tags":[60],"class_list":["post-189","page","type-page","status-publish","hentry","category-chemie","tag-informationen"],"yoast_head":"<!-- This site is optimized with the Yoast SEO plugin v27.3 - https:\/\/yoast.com\/product\/yoast-seo-wordpress\/ -->\n<title>Chemie - Goethe-Gymnasium Berlin-Wilmersdorf<\/title>\n<meta name=\"robots\" content=\"index, follow, max-snippet:-1, max-image-preview:large, max-video-preview:-1\" \/>\n<link rel=\"canonical\" href=\"https:\/\/goethe-gymnasium.berlin\/index.php\/mint-faecher\/chemie\/\" \/>\n<meta property=\"og:locale\" content=\"de_DE\" \/>\n<meta property=\"og:type\" content=\"article\" \/>\n<meta property=\"og:title\" content=\"Chemie - Goethe-Gymnasium Berlin-Wilmersdorf\" \/>\n<meta property=\"og:description\" content=\"Chemieunterricht an unserer Schule beginnt \u2013 anders als an anderen Schulen \u2013 erst mit der Klassenstufe 8. Das hat den Weiterlesen ...\" \/>\n<meta property=\"og:url\" content=\"https:\/\/goethe-gymnasium.berlin\/index.php\/mint-faecher\/chemie\/\" \/>\n<meta property=\"og:site_name\" content=\"Goethe-Gymnasium Berlin-Wilmersdorf\" \/>\n<meta property=\"article:publisher\" content=\"https:\/\/www.facebook.com\/pages\/Goethe-Gymnasium\/109376575754402\" \/>\n<meta property=\"article:modified_time\" content=\"2021-03-27T22:55:38+00:00\" \/>\n<meta property=\"og:image\" content=\"http:\/\/goethe-gymnasium.berlin\/wp-content\/uploads\/2018\/07\/chemie-test.jpg\" \/>\n<meta name=\"twitter:card\" content=\"summary_large_image\" \/>\n<meta name=\"twitter:label1\" content=\"Gesch\u00e4tzte Lesezeit\" \/>\n\t<meta name=\"twitter:data1\" content=\"3\u00a0Minuten\" \/>\n<script type=\"application\/ld+json\" class=\"yoast-schema-graph\">{\"@context\":\"https:\\\/\\\/schema.org\",\"@graph\":[{\"@type\":\"WebPage\",\"@id\":\"https:\\\/\\\/goethe-gymnasium.berlin\\\/index.php\\\/mint-faecher\\\/chemie\\\/\",\"url\":\"https:\\\/\\\/goethe-gymnasium.berlin\\\/index.php\\\/mint-faecher\\\/chemie\\\/\",\"name\":\"Chemie - Goethe-Gymnasium Berlin-Wilmersdorf\",\"isPartOf\":{\"@id\":\"https:\\\/\\\/goethe-gymnasium.berlin\\\/#website\"},\"primaryImageOfPage\":{\"@id\":\"https:\\\/\\\/goethe-gymnasium.berlin\\\/index.php\\\/mint-faecher\\\/chemie\\\/#primaryimage\"},\"image\":{\"@id\":\"https:\\\/\\\/goethe-gymnasium.berlin\\\/index.php\\\/mint-faecher\\\/chemie\\\/#primaryimage\"},\"thumbnailUrl\":\"http:\\\/\\\/goethe-gymnasium.berlin\\\/wp-content\\\/uploads\\\/2018\\\/07\\\/chemie-test.jpg\",\"datePublished\":\"2018-04-24T19:08:12+00:00\",\"dateModified\":\"2021-03-27T22:55:38+00:00\",\"breadcrumb\":{\"@id\":\"https:\\\/\\\/goethe-gymnasium.berlin\\\/index.php\\\/mint-faecher\\\/chemie\\\/#breadcrumb\"},\"inLanguage\":\"de\",\"potentialAction\":[{\"@type\":\"ReadAction\",\"target\":[\"https:\\\/\\\/goethe-gymnasium.berlin\\\/index.php\\\/mint-faecher\\\/chemie\\\/\"]}]},{\"@type\":\"ImageObject\",\"inLanguage\":\"de\",\"@id\":\"https:\\\/\\\/goethe-gymnasium.berlin\\\/index.php\\\/mint-faecher\\\/chemie\\\/#primaryimage\",\"url\":\"https:\\\/\\\/goethe-gymnasium.berlin\\\/wp-content\\\/uploads\\\/2018\\\/07\\\/chemie-test.jpg\",\"contentUrl\":\"https:\\\/\\\/goethe-gymnasium.berlin\\\/wp-content\\\/uploads\\\/2018\\\/07\\\/chemie-test.jpg\",\"width\":1280,\"height\":853},{\"@type\":\"BreadcrumbList\",\"@id\":\"https:\\\/\\\/goethe-gymnasium.berlin\\\/index.php\\\/mint-faecher\\\/chemie\\\/#breadcrumb\",\"itemListElement\":[{\"@type\":\"ListItem\",\"position\":1,\"name\":\"Startseite\",\"item\":\"https:\\\/\\\/goethe-gymnasium.berlin\\\/\"},{\"@type\":\"ListItem\",\"position\":2,\"name\":\"MINT-F\u00e4cher\",\"item\":\"https:\\\/\\\/goethe-gymnasium.berlin\\\/index.php\\\/mint-faecher\\\/\"},{\"@type\":\"ListItem\",\"position\":3,\"name\":\"Chemie\"}]},{\"@type\":\"WebSite\",\"@id\":\"https:\\\/\\\/goethe-gymnasium.berlin\\\/#website\",\"url\":\"https:\\\/\\\/goethe-gymnasium.berlin\\\/\",\"name\":\"Goethe-Gymnasium Berlin-Wilmersdorf\",\"description\":\"\",\"publisher\":{\"@id\":\"https:\\\/\\\/goethe-gymnasium.berlin\\\/#organization\"},\"potentialAction\":[{\"@type\":\"SearchAction\",\"target\":{\"@type\":\"EntryPoint\",\"urlTemplate\":\"https:\\\/\\\/goethe-gymnasium.berlin\\\/?s={search_term_string}\"},\"query-input\":{\"@type\":\"PropertyValueSpecification\",\"valueRequired\":true,\"valueName\":\"search_term_string\"}}],\"inLanguage\":\"de\"},{\"@type\":\"Organization\",\"@id\":\"https:\\\/\\\/goethe-gymnasium.berlin\\\/#organization\",\"name\":\"Goethe-Gymnasium Berlin-Wilmersdorf\",\"url\":\"https:\\\/\\\/goethe-gymnasium.berlin\\\/\",\"logo\":{\"@type\":\"ImageObject\",\"inLanguage\":\"de\",\"@id\":\"https:\\\/\\\/goethe-gymnasium.berlin\\\/#\\\/schema\\\/logo\\\/image\\\/\",\"url\":\"https:\\\/\\\/goethe-gymnasium.berlin\\\/wp-content\\\/uploads\\\/2018\\\/04\\\/goethe-logo_hoch.png\",\"contentUrl\":\"https:\\\/\\\/goethe-gymnasium.berlin\\\/wp-content\\\/uploads\\\/2018\\\/04\\\/goethe-logo_hoch.png\",\"width\":755,\"height\":514,\"caption\":\"Goethe-Gymnasium Berlin-Wilmersdorf\"},\"image\":{\"@id\":\"https:\\\/\\\/goethe-gymnasium.berlin\\\/#\\\/schema\\\/logo\\\/image\\\/\"},\"sameAs\":[\"https:\\\/\\\/www.facebook.com\\\/pages\\\/Goethe-Gymnasium\\\/109376575754402\",\"https:\\\/\\\/www.youtube.com\\\/channel\\\/UCMKuMVF9h_YkS3zmEp7SnzQ\"]}]}<\/script>\n<!-- \/ Yoast SEO plugin. -->","yoast_head_json":{"title":"Chemie - Goethe-Gymnasium Berlin-Wilmersdorf","robots":{"index":"index","follow":"follow","max-snippet":"max-snippet:-1","max-image-preview":"max-image-preview:large","max-video-preview":"max-video-preview:-1"},"canonical":"https:\/\/goethe-gymnasium.berlin\/index.php\/mint-faecher\/chemie\/","og_locale":"de_DE","og_type":"article","og_title":"Chemie - Goethe-Gymnasium Berlin-Wilmersdorf","og_description":"Chemieunterricht an unserer Schule beginnt \u2013 anders als an anderen Schulen \u2013 erst mit der Klassenstufe 8. Das hat den Weiterlesen ...","og_url":"https:\/\/goethe-gymnasium.berlin\/index.php\/mint-faecher\/chemie\/","og_site_name":"Goethe-Gymnasium Berlin-Wilmersdorf","article_publisher":"https:\/\/www.facebook.com\/pages\/Goethe-Gymnasium\/109376575754402","article_modified_time":"2021-03-27T22:55:38+00:00","og_image":[{"url":"http:\/\/goethe-gymnasium.berlin\/wp-content\/uploads\/2018\/07\/chemie-test.jpg","type":"","width":"","height":""}],"twitter_card":"summary_large_image","twitter_misc":{"Gesch\u00e4tzte Lesezeit":"3\u00a0Minuten"},"schema":{"@context":"https:\/\/schema.org","@graph":[{"@type":"WebPage","@id":"https:\/\/goethe-gymnasium.berlin\/index.php\/mint-faecher\/chemie\/","url":"https:\/\/goethe-gymnasium.berlin\/index.php\/mint-faecher\/chemie\/","name":"Chemie - Goethe-Gymnasium Berlin-Wilmersdorf","isPartOf":{"@id":"https:\/\/goethe-gymnasium.berlin\/#website"},"primaryImageOfPage":{"@id":"https:\/\/goethe-gymnasium.berlin\/index.php\/mint-faecher\/chemie\/#primaryimage"},"image":{"@id":"https:\/\/goethe-gymnasium.berlin\/index.php\/mint-faecher\/chemie\/#primaryimage"},"thumbnailUrl":"http:\/\/goethe-gymnasium.berlin\/wp-content\/uploads\/2018\/07\/chemie-test.jpg","datePublished":"2018-04-24T19:08:12+00:00","dateModified":"2021-03-27T22:55:38+00:00","breadcrumb":{"@id":"https:\/\/goethe-gymnasium.berlin\/index.php\/mint-faecher\/chemie\/#breadcrumb"},"inLanguage":"de","potentialAction":[{"@type":"ReadAction","target":["https:\/\/goethe-gymnasium.berlin\/index.php\/mint-faecher\/chemie\/"]}]},{"@type":"ImageObject","inLanguage":"de","@id":"https:\/\/goethe-gymnasium.berlin\/index.php\/mint-faecher\/chemie\/#primaryimage","url":"https:\/\/goethe-gymnasium.berlin\/wp-content\/uploads\/2018\/07\/chemie-test.jpg","contentUrl":"https:\/\/goethe-gymnasium.berlin\/wp-content\/uploads\/2018\/07\/chemie-test.jpg","width":1280,"height":853},{"@type":"BreadcrumbList","@id":"https:\/\/goethe-gymnasium.berlin\/index.php\/mint-faecher\/chemie\/#breadcrumb","itemListElement":[{"@type":"ListItem","position":1,"name":"Startseite","item":"https:\/\/goethe-gymnasium.berlin\/"},{"@type":"ListItem","position":2,"name":"MINT-F\u00e4cher","item":"https:\/\/goethe-gymnasium.berlin\/index.php\/mint-faecher\/"},{"@type":"ListItem","position":3,"name":"Chemie"}]},{"@type":"WebSite","@id":"https:\/\/goethe-gymnasium.berlin\/#website","url":"https:\/\/goethe-gymnasium.berlin\/","name":"Goethe-Gymnasium Berlin-Wilmersdorf","description":"","publisher":{"@id":"https:\/\/goethe-gymnasium.berlin\/#organization"},"potentialAction":[{"@type":"SearchAction","target":{"@type":"EntryPoint","urlTemplate":"https:\/\/goethe-gymnasium.berlin\/?s={search_term_string}"},"query-input":{"@type":"PropertyValueSpecification","valueRequired":true,"valueName":"search_term_string"}}],"inLanguage":"de"},{"@type":"Organization","@id":"https:\/\/goethe-gymnasium.berlin\/#organization","name":"Goethe-Gymnasium Berlin-Wilmersdorf","url":"https:\/\/goethe-gymnasium.berlin\/","logo":{"@type":"ImageObject","inLanguage":"de","@id":"https:\/\/goethe-gymnasium.berlin\/#\/schema\/logo\/image\/","url":"https:\/\/goethe-gymnasium.berlin\/wp-content\/uploads\/2018\/04\/goethe-logo_hoch.png","contentUrl":"https:\/\/goethe-gymnasium.berlin\/wp-content\/uploads\/2018\/04\/goethe-logo_hoch.png","width":755,"height":514,"caption":"Goethe-Gymnasium Berlin-Wilmersdorf"},"image":{"@id":"https:\/\/goethe-gymnasium.berlin\/#\/schema\/logo\/image\/"},"sameAs":["https:\/\/www.facebook.com\/pages\/Goethe-Gymnasium\/109376575754402","https:\/\/www.youtube.com\/channel\/UCMKuMVF9h_YkS3zmEp7SnzQ"]}]}},"_links":{"self":[{"href":"https:\/\/goethe-gymnasium.berlin\/index.php\/wp-json\/wp\/v2\/pages\/189","targetHints":{"allow":["GET"]}}],"collection":[{"href":"https:\/\/goethe-gymnasium.berlin\/index.php\/wp-json\/wp\/v2\/pages"}],"about":[{"href":"https:\/\/goethe-gymnasium.berlin\/index.php\/wp-json\/wp\/v2\/types\/page"}],"author":[{"embeddable":true,"href":"https:\/\/goethe-gymnasium.berlin\/index.php\/wp-json\/wp\/v2\/users\/1"}],"replies":[{"embeddable":true,"href":"https:\/\/goethe-gymnasium.berlin\/index.php\/wp-json\/wp\/v2\/comments?post=189"}],"version-history":[{"count":13,"href":"https:\/\/goethe-gymnasium.berlin\/index.php\/wp-json\/wp\/v2\/pages\/189\/revisions"}],"predecessor-version":[{"id":7208,"href":"https:\/\/goethe-gymnasium.berlin\/index.php\/wp-json\/wp\/v2\/pages\/189\/revisions\/7208"}],"up":[{"embeddable":true,"href":"https:\/\/goethe-gymnasium.berlin\/index.php\/wp-json\/wp\/v2\/pages\/179"}],"wp:attachment":[{"href":"https:\/\/goethe-gymnasium.berlin\/index.php\/wp-json\/wp\/v2\/media?parent=189"}],"wp:term":[{"taxonomy":"category","embeddable":true,"href":"https:\/\/goethe-gymnasium.berlin\/index.php\/wp-json\/wp\/v2\/categories?post=189"},{"taxonomy":"post_tag","embeddable":true,"href":"https:\/\/goethe-gymnasium.berlin\/index.php\/wp-json\/wp\/v2\/tags?post=189"}],"curies":[{"name":"wp","href":"https:\/\/api.w.org\/{rel}","templated":true}]}}