{"id":185,"date":"2018-04-24T19:07:49","date_gmt":"2018-04-24T19:07:49","guid":{"rendered":"http:\/\/goethe-gymnasium.berlin\/?page_id=185"},"modified":"2022-04-25T18:52:04","modified_gmt":"2022-04-25T16:52:04","slug":"nawi","status":"publish","type":"page","link":"https:\/\/goethe-gymnasium.berlin\/index.php\/mint-faecher\/nawi\/","title":{"rendered":"NaWi"},"content":{"rendered":"<p><img loading=\"lazy\" decoding=\"async\" class=\"alignnone size-large wp-image-881\" src=\"http:\/\/goethe-gymnasium.berlin\/wp-content\/uploads\/2018\/06\/IMG_0588-1536x1024.jpg\" alt=\"\" width=\"780\" height=\"520\" srcset=\"https:\/\/goethe-gymnasium.berlin\/wp-content\/uploads\/2018\/06\/IMG_0588-1536x1024.jpg 1536w, https:\/\/goethe-gymnasium.berlin\/wp-content\/uploads\/2018\/06\/IMG_0588-300x200.jpg 300w, https:\/\/goethe-gymnasium.berlin\/wp-content\/uploads\/2018\/06\/IMG_0588-768x512.jpg 768w\" sizes=\"auto, (max-width: 780px) 100vw, 780px\" \/><\/p>\n<ul>\n<li>Du hast Lust, zu experimentieren?<\/li>\n<li>Du freust dich darauf, die Welt der kleinen Lebewesen durch ein Mikroskop betrachten zu k\u00f6nnen?<\/li>\n<li>Du m\u00f6chtest ein eigenes Thermometer bauen?<\/li>\n<li>Du interessierst dich f\u00fcr die Natur?<\/li>\n<li>Dann kannst du dich auf den Nawi-Unterricht am Goethe-Gymnasium freuen.<\/li>\n<\/ul>\n<p>Den Sachunterricht der Grundschule ersetzt an den Berliner Schulen in den Klassenstufen f\u00fcnf und sechs das Fach <strong>NaWi (Naturwissenschaften)<\/strong>. Die Sch\u00fclerinnen und Sch\u00fcler werden nun altersgem\u00e4\u00df an <strong>naturwissenschaftliche Arbeitsmethoden<\/strong> herangef\u00fchrt und begegnen Inhalten der drei Fachdisziplinen <a href=\"https:\/\/goethe-gymnasium.berlin\/index.php\/biologie\/\">Biologie<\/a>, <a href=\"https:\/\/goethe-gymnasium.berlin\/index.php\/mint-faecher\/chemie\/\">Chemie<\/a> und <a href=\"https:\/\/goethe-gymnasium.berlin\/index.php\/mint-faecher\/physik\/\">Physik<\/a>.<\/p>\n<p>Naturwissenschaftliche Ph\u00e4nomene werden dabei <strong>fach\u00fcbergreifend<\/strong> behandelt und allgemeine F\u00e4higkeiten naturwissenschaftlichen Arbeitens erworben.<\/p>\n<p>An unserer Schule kann der NaWi-Unterricht \u2013 anders als an Grundschulen \u2013 in den als Laboren ausgestatteten <strong>Fachr\u00e4ume<\/strong>n der Biologie, Chemie oder Physik stattfinden. Dabei steht den Lehrern das volle Equipment der F\u00e4cher zur Verf\u00fcgung. Beispielsweise k\u00f6nnen die Sch\u00fclerinnen und Sch\u00fcler mit hochwertigen Mikroskopen und bereits mit dem Bunsenbrenner arbeiten. Stoffe k\u00f6nnen so fachgerecht untersucht werden.<\/p>\n<p>Der Nawi-Unterricht findet in beiden Schuljahren vierst\u00fcndig statt. Dabei wird ein Teil der Stunden im sogenannten <strong>Teilungsunterricht<\/strong> mit der halben Klasse durchgef\u00fchrt. Dies bietet vor allem einen Rahmen f\u00fcr das experimentelle Arbeiten, ist aber ebenso vorteilhaft f\u00fcr die individuelle F\u00f6rderung einzelner Sch\u00fclerinnen und Sch\u00fcler.<\/p>\n<p>Ein weiterer Vorteil an unserem grundst\u00e4ndigen Gymnasium wird hier deutlich: Der naturwissenschaftliche Unterricht wird ausschlie\u00dflich von <strong>Fachlehrer*innen<\/strong> der drei oben genannten F\u00e4cher erteilt.<\/p>\n<p>Hier finden Sie die aktuellen <a href=\"https:\/\/goethe-gymnasium.berlin\/wp-content\/uploads\/2019\/08\/SchiC-5-6_Naturwissenschaften.pdf\" target=\"_blank\" rel=\"noopener noreferrer\">schulinternen Curricula NaWi<\/a> f\u00fcr die Klassenstufen 5-6 (Stand 2019). Hier finden Sie einige aktuelle <a href=\"https:\/\/goethe-gymnasium.berlin\/index.php\/mint-faecher\/projekte-der-naturwissenschaftlichen-faecher\/\">Projekte aus den naturwissenschaftlichen F\u00e4chern<\/a>. <\/p>\n\n\n<p class=\"has-text-align-right\"><em>Text: Fachbereich Naturwissenschaften (Schuljahr 2017\/18)<\/em><\/p>\n","protected":false},"excerpt":{"rendered":"<p>Du hast Lust, zu experimentieren? Du freust dich darauf, die Welt der kleinen Lebewesen durch ein Mikroskop betrachten zu k\u00f6nnen? <a class=\"more-link\" href=\"https:\/\/goethe-gymnasium.berlin\/index.php\/mint-faecher\/nawi\/\">Weiterlesen &#8230;<\/a><\/p>\n","protected":false},"author":1,"featured_media":0,"parent":179,"menu_order":0,"comment_status":"closed","ping_status":"closed","template":"","meta":{"footnotes":""},"categories":[10],"tags":[],"class_list":["post-185","page","type-page","status-publish","hentry","category-faecher"],"yoast_head":"<!-- This site is optimized with the Yoast SEO plugin v27.4 - https:\/\/yoast.com\/product\/yoast-seo-wordpress\/ -->\n<title>NaWi - Goethe-Gymnasium Berlin-Wilmersdorf<\/title>\n<meta name=\"robots\" content=\"index, follow, max-snippet:-1, max-image-preview:large, max-video-preview:-1\" \/>\n<link rel=\"canonical\" href=\"https:\/\/goethe-gymnasium.berlin\/index.php\/mint-faecher\/nawi\/\" \/>\n<meta property=\"og:locale\" content=\"de_DE\" \/>\n<meta property=\"og:type\" content=\"article\" \/>\n<meta property=\"og:title\" content=\"NaWi - Goethe-Gymnasium Berlin-Wilmersdorf\" \/>\n<meta property=\"og:description\" content=\"Du hast Lust, zu experimentieren? Du freust dich darauf, die Welt der kleinen Lebewesen durch ein Mikroskop betrachten zu k\u00f6nnen? Weiterlesen ...\" \/>\n<meta property=\"og:url\" content=\"https:\/\/goethe-gymnasium.berlin\/index.php\/mint-faecher\/nawi\/\" \/>\n<meta property=\"og:site_name\" content=\"Goethe-Gymnasium Berlin-Wilmersdorf\" \/>\n<meta property=\"article:publisher\" content=\"https:\/\/www.facebook.com\/pages\/Goethe-Gymnasium\/109376575754402\" \/>\n<meta property=\"article:modified_time\" content=\"2022-04-25T16:52:04+00:00\" \/>\n<meta property=\"og:image\" content=\"http:\/\/goethe-gymnasium.berlin\/wp-content\/uploads\/2018\/06\/IMG_0588-1536x1024.jpg\" \/>\n<meta name=\"twitter:card\" content=\"summary_large_image\" \/>\n<meta name=\"twitter:label1\" content=\"Gesch\u00e4tzte Lesezeit\" \/>\n\t<meta name=\"twitter:data1\" content=\"2\u00a0Minuten\" \/>\n<script type=\"application\/ld+json\" class=\"yoast-schema-graph\">{\"@context\":\"https:\\\/\\\/schema.org\",\"@graph\":[{\"@type\":\"WebPage\",\"@id\":\"https:\\\/\\\/goethe-gymnasium.berlin\\\/index.php\\\/mint-faecher\\\/nawi\\\/\",\"url\":\"https:\\\/\\\/goethe-gymnasium.berlin\\\/index.php\\\/mint-faecher\\\/nawi\\\/\",\"name\":\"NaWi - Goethe-Gymnasium Berlin-Wilmersdorf\",\"isPartOf\":{\"@id\":\"https:\\\/\\\/goethe-gymnasium.berlin\\\/#website\"},\"primaryImageOfPage\":{\"@id\":\"https:\\\/\\\/goethe-gymnasium.berlin\\\/index.php\\\/mint-faecher\\\/nawi\\\/#primaryimage\"},\"image\":{\"@id\":\"https:\\\/\\\/goethe-gymnasium.berlin\\\/index.php\\\/mint-faecher\\\/nawi\\\/#primaryimage\"},\"thumbnailUrl\":\"http:\\\/\\\/goethe-gymnasium.berlin\\\/wp-content\\\/uploads\\\/2018\\\/06\\\/IMG_0588-1536x1024.jpg\",\"datePublished\":\"2018-04-24T19:07:49+00:00\",\"dateModified\":\"2022-04-25T16:52:04+00:00\",\"breadcrumb\":{\"@id\":\"https:\\\/\\\/goethe-gymnasium.berlin\\\/index.php\\\/mint-faecher\\\/nawi\\\/#breadcrumb\"},\"inLanguage\":\"de\",\"potentialAction\":[{\"@type\":\"ReadAction\",\"target\":[\"https:\\\/\\\/goethe-gymnasium.berlin\\\/index.php\\\/mint-faecher\\\/nawi\\\/\"]}]},{\"@type\":\"ImageObject\",\"inLanguage\":\"de\",\"@id\":\"https:\\\/\\\/goethe-gymnasium.berlin\\\/index.php\\\/mint-faecher\\\/nawi\\\/#primaryimage\",\"url\":\"https:\\\/\\\/goethe-gymnasium.berlin\\\/wp-content\\\/uploads\\\/2018\\\/06\\\/IMG_0588.jpg\",\"contentUrl\":\"https:\\\/\\\/goethe-gymnasium.berlin\\\/wp-content\\\/uploads\\\/2018\\\/06\\\/IMG_0588.jpg\",\"width\":5184,\"height\":3456},{\"@type\":\"BreadcrumbList\",\"@id\":\"https:\\\/\\\/goethe-gymnasium.berlin\\\/index.php\\\/mint-faecher\\\/nawi\\\/#breadcrumb\",\"itemListElement\":[{\"@type\":\"ListItem\",\"position\":1,\"name\":\"Startseite\",\"item\":\"https:\\\/\\\/goethe-gymnasium.berlin\\\/\"},{\"@type\":\"ListItem\",\"position\":2,\"name\":\"MINT-F\u00e4cher\",\"item\":\"https:\\\/\\\/goethe-gymnasium.berlin\\\/index.php\\\/mint-faecher\\\/\"},{\"@type\":\"ListItem\",\"position\":3,\"name\":\"NaWi\"}]},{\"@type\":\"WebSite\",\"@id\":\"https:\\\/\\\/goethe-gymnasium.berlin\\\/#website\",\"url\":\"https:\\\/\\\/goethe-gymnasium.berlin\\\/\",\"name\":\"Goethe-Gymnasium Berlin-Wilmersdorf\",\"description\":\"\",\"publisher\":{\"@id\":\"https:\\\/\\\/goethe-gymnasium.berlin\\\/#organization\"},\"potentialAction\":[{\"@type\":\"SearchAction\",\"target\":{\"@type\":\"EntryPoint\",\"urlTemplate\":\"https:\\\/\\\/goethe-gymnasium.berlin\\\/?s={search_term_string}\"},\"query-input\":{\"@type\":\"PropertyValueSpecification\",\"valueRequired\":true,\"valueName\":\"search_term_string\"}}],\"inLanguage\":\"de\"},{\"@type\":\"Organization\",\"@id\":\"https:\\\/\\\/goethe-gymnasium.berlin\\\/#organization\",\"name\":\"Goethe-Gymnasium Berlin-Wilmersdorf\",\"url\":\"https:\\\/\\\/goethe-gymnasium.berlin\\\/\",\"logo\":{\"@type\":\"ImageObject\",\"inLanguage\":\"de\",\"@id\":\"https:\\\/\\\/goethe-gymnasium.berlin\\\/#\\\/schema\\\/logo\\\/image\\\/\",\"url\":\"https:\\\/\\\/goethe-gymnasium.berlin\\\/wp-content\\\/uploads\\\/2018\\\/04\\\/goethe-logo_hoch.png\",\"contentUrl\":\"https:\\\/\\\/goethe-gymnasium.berlin\\\/wp-content\\\/uploads\\\/2018\\\/04\\\/goethe-logo_hoch.png\",\"width\":755,\"height\":514,\"caption\":\"Goethe-Gymnasium Berlin-Wilmersdorf\"},\"image\":{\"@id\":\"https:\\\/\\\/goethe-gymnasium.berlin\\\/#\\\/schema\\\/logo\\\/image\\\/\"},\"sameAs\":[\"https:\\\/\\\/www.facebook.com\\\/pages\\\/Goethe-Gymnasium\\\/109376575754402\",\"https:\\\/\\\/www.youtube.com\\\/channel\\\/UCMKuMVF9h_YkS3zmEp7SnzQ\"]}]}<\/script>\n<!-- \/ Yoast SEO plugin. -->","yoast_head_json":{"title":"NaWi - Goethe-Gymnasium Berlin-Wilmersdorf","robots":{"index":"index","follow":"follow","max-snippet":"max-snippet:-1","max-image-preview":"max-image-preview:large","max-video-preview":"max-video-preview:-1"},"canonical":"https:\/\/goethe-gymnasium.berlin\/index.php\/mint-faecher\/nawi\/","og_locale":"de_DE","og_type":"article","og_title":"NaWi - Goethe-Gymnasium Berlin-Wilmersdorf","og_description":"Du hast Lust, zu experimentieren? Du freust dich darauf, die Welt der kleinen Lebewesen durch ein Mikroskop betrachten zu k\u00f6nnen? Weiterlesen ...","og_url":"https:\/\/goethe-gymnasium.berlin\/index.php\/mint-faecher\/nawi\/","og_site_name":"Goethe-Gymnasium Berlin-Wilmersdorf","article_publisher":"https:\/\/www.facebook.com\/pages\/Goethe-Gymnasium\/109376575754402","article_modified_time":"2022-04-25T16:52:04+00:00","og_image":[{"url":"http:\/\/goethe-gymnasium.berlin\/wp-content\/uploads\/2018\/06\/IMG_0588-1536x1024.jpg","type":"","width":"","height":""}],"twitter_card":"summary_large_image","twitter_misc":{"Gesch\u00e4tzte Lesezeit":"2\u00a0Minuten"},"schema":{"@context":"https:\/\/schema.org","@graph":[{"@type":"WebPage","@id":"https:\/\/goethe-gymnasium.berlin\/index.php\/mint-faecher\/nawi\/","url":"https:\/\/goethe-gymnasium.berlin\/index.php\/mint-faecher\/nawi\/","name":"NaWi - Goethe-Gymnasium Berlin-Wilmersdorf","isPartOf":{"@id":"https:\/\/goethe-gymnasium.berlin\/#website"},"primaryImageOfPage":{"@id":"https:\/\/goethe-gymnasium.berlin\/index.php\/mint-faecher\/nawi\/#primaryimage"},"image":{"@id":"https:\/\/goethe-gymnasium.berlin\/index.php\/mint-faecher\/nawi\/#primaryimage"},"thumbnailUrl":"http:\/\/goethe-gymnasium.berlin\/wp-content\/uploads\/2018\/06\/IMG_0588-1536x1024.jpg","datePublished":"2018-04-24T19:07:49+00:00","dateModified":"2022-04-25T16:52:04+00:00","breadcrumb":{"@id":"https:\/\/goethe-gymnasium.berlin\/index.php\/mint-faecher\/nawi\/#breadcrumb"},"inLanguage":"de","potentialAction":[{"@type":"ReadAction","target":["https:\/\/goethe-gymnasium.berlin\/index.php\/mint-faecher\/nawi\/"]}]},{"@type":"ImageObject","inLanguage":"de","@id":"https:\/\/goethe-gymnasium.berlin\/index.php\/mint-faecher\/nawi\/#primaryimage","url":"https:\/\/goethe-gymnasium.berlin\/wp-content\/uploads\/2018\/06\/IMG_0588.jpg","contentUrl":"https:\/\/goethe-gymnasium.berlin\/wp-content\/uploads\/2018\/06\/IMG_0588.jpg","width":5184,"height":3456},{"@type":"BreadcrumbList","@id":"https:\/\/goethe-gymnasium.berlin\/index.php\/mint-faecher\/nawi\/#breadcrumb","itemListElement":[{"@type":"ListItem","position":1,"name":"Startseite","item":"https:\/\/goethe-gymnasium.berlin\/"},{"@type":"ListItem","position":2,"name":"MINT-F\u00e4cher","item":"https:\/\/goethe-gymnasium.berlin\/index.php\/mint-faecher\/"},{"@type":"ListItem","position":3,"name":"NaWi"}]},{"@type":"WebSite","@id":"https:\/\/goethe-gymnasium.berlin\/#website","url":"https:\/\/goethe-gymnasium.berlin\/","name":"Goethe-Gymnasium Berlin-Wilmersdorf","description":"","publisher":{"@id":"https:\/\/goethe-gymnasium.berlin\/#organization"},"potentialAction":[{"@type":"SearchAction","target":{"@type":"EntryPoint","urlTemplate":"https:\/\/goethe-gymnasium.berlin\/?s={search_term_string}"},"query-input":{"@type":"PropertyValueSpecification","valueRequired":true,"valueName":"search_term_string"}}],"inLanguage":"de"},{"@type":"Organization","@id":"https:\/\/goethe-gymnasium.berlin\/#organization","name":"Goethe-Gymnasium Berlin-Wilmersdorf","url":"https:\/\/goethe-gymnasium.berlin\/","logo":{"@type":"ImageObject","inLanguage":"de","@id":"https:\/\/goethe-gymnasium.berlin\/#\/schema\/logo\/image\/","url":"https:\/\/goethe-gymnasium.berlin\/wp-content\/uploads\/2018\/04\/goethe-logo_hoch.png","contentUrl":"https:\/\/goethe-gymnasium.berlin\/wp-content\/uploads\/2018\/04\/goethe-logo_hoch.png","width":755,"height":514,"caption":"Goethe-Gymnasium Berlin-Wilmersdorf"},"image":{"@id":"https:\/\/goethe-gymnasium.berlin\/#\/schema\/logo\/image\/"},"sameAs":["https:\/\/www.facebook.com\/pages\/Goethe-Gymnasium\/109376575754402","https:\/\/www.youtube.com\/channel\/UCMKuMVF9h_YkS3zmEp7SnzQ"]}]}},"_links":{"self":[{"href":"https:\/\/goethe-gymnasium.berlin\/index.php\/wp-json\/wp\/v2\/pages\/185","targetHints":{"allow":["GET"]}}],"collection":[{"href":"https:\/\/goethe-gymnasium.berlin\/index.php\/wp-json\/wp\/v2\/pages"}],"about":[{"href":"https:\/\/goethe-gymnasium.berlin\/index.php\/wp-json\/wp\/v2\/types\/page"}],"author":[{"embeddable":true,"href":"https:\/\/goethe-gymnasium.berlin\/index.php\/wp-json\/wp\/v2\/users\/1"}],"replies":[{"embeddable":true,"href":"https:\/\/goethe-gymnasium.berlin\/index.php\/wp-json\/wp\/v2\/comments?post=185"}],"version-history":[{"count":9,"href":"https:\/\/goethe-gymnasium.berlin\/index.php\/wp-json\/wp\/v2\/pages\/185\/revisions"}],"predecessor-version":[{"id":8954,"href":"https:\/\/goethe-gymnasium.berlin\/index.php\/wp-json\/wp\/v2\/pages\/185\/revisions\/8954"}],"up":[{"embeddable":true,"href":"https:\/\/goethe-gymnasium.berlin\/index.php\/wp-json\/wp\/v2\/pages\/179"}],"wp:attachment":[{"href":"https:\/\/goethe-gymnasium.berlin\/index.php\/wp-json\/wp\/v2\/media?parent=185"}],"wp:term":[{"taxonomy":"category","embeddable":true,"href":"https:\/\/goethe-gymnasium.berlin\/index.php\/wp-json\/wp\/v2\/categories?post=185"},{"taxonomy":"post_tag","embeddable":true,"href":"https:\/\/goethe-gymnasium.berlin\/index.php\/wp-json\/wp\/v2\/tags?post=185"}],"curies":[{"name":"wp","href":"https:\/\/api.w.org\/{rel}","templated":true}]}}