{"id":183,"date":"2018-04-24T19:07:28","date_gmt":"2018-04-24T19:07:28","guid":{"rendered":"http:\/\/goethe-gymnasium.berlin\/?page_id=183"},"modified":"2023-05-23T14:19:58","modified_gmt":"2023-05-23T12:19:58","slug":"informatik","status":"publish","type":"page","link":"https:\/\/goethe-gymnasium.berlin\/index.php\/mint-faecher\/informatik\/","title":{"rendered":"Informatik"},"content":{"rendered":"\n<h4 class=\"wp-block-heading\"><strong>Informatik und digitale Bildung<\/strong><\/h4>\n\n\n\n<p>Seit dem Schuljahr 2020\/21 bietet das Goethe-Gymnasium das Fach Informatik als Grundkurs in der Oberstufe (11.\/12. Klasse) an (ohne Wahlpflichtfach in den 10. Klassen). Voraussichtlich im Schuljahr 2021\/22 soll das Angebot erweitert werden: Dann kann Informatik bereits als vierst\u00fcndiges Wahlpflichtfach in den 10. Klassen belegt, als Grundkurs in der Oberstufe weitergef\u00fchrt und im Abitur als 3., 4. oder 5. Pr\u00fcfungsfach gew\u00e4hlt werden.<\/p>\n\n\n\n<p>Neben dem Informatikunterricht in der Oberstufe und dem ITG-Unterricht in der 7. Klasse steht allen Sch\u00fcler*innen von der 5. Klasse bis zur Oberstufe ein nach Klassenstufen gestaffeltes AG-Angebot zur Auswahl. Die Oberstufen-Sch\u00fcler*innen k\u00f6nnen dar\u00fcber hinaus noch an einem zweisemestrigen Grundkurs im Rahmen des Schulversuchs &#8222;Digitale Welten&#8220; teilnehmen.<\/p>\n\n\n\n<p>Weitere Informationen zu den Kursen, <a href=\"http:\/\/goethe-gymnasium.berlin\/index.php\/schule\/arbeitsgemeinschaften\/\">Arbeitsgemeinschaften <\/a>und Entwicklungen im Bereich Informatik am Goethe Gymnasium finden Sie im Folgenden. <\/p>\n\n\n\n<h4 class=\"wp-block-heading\"><strong>ITG &#8211; Informationstechnischer\nGrundkurs in der Klasse 7<\/strong><\/h4>\n\n\n\n<p>Der informationstechnische Grundkurs (<strong>ITG<\/strong>) in der Klasse 7 verfolgt zwei Ziele: Zum einen sollen die Sch\u00fclerinnen und Sch\u00fcler die wichtigsten Anwendungsprogramme f\u00fcr den Schulalltag kennenlernen (Textverarbeitung, Tabellenkalkulation, Pr\u00e4sentationsprogramme, Bildbearbeitung), zum&nbsp;anderen sollen sie die Chancen und Risiken des digitalen Wandels reflektieren. Der informationstechnische Grundkurs ist am Goethe-Gymnasium in einer Intensivwoche organisiert.<\/p>\n\n\n\n<h4 class=\"wp-block-heading\"><strong>Informatik-AGs<\/strong><\/h4>\n\n\n\n<p>Am Goethe-Gymnasium gibt es drei\nnach Klassenstufen gestaffelte <strong>Informatik-AGs<\/strong>,\nin denen die Sch\u00fclerinnen und Sch\u00fcler mit den <strong>Grundlagen der Robotik und der Programmierung<\/strong> vertraut gemacht\nwerden.<\/p>\n\n\n\n<p>Die <strong>AG Informatik I<\/strong> richtet sich an die Sch\u00fclerinnen und Sch\u00fcler der\nKlassenstufen 5 und 6. Unsere J\u00fcngsten realisieren spannende Projekte mit dem\nf\u00fcr Bildungszwecke konzipierten Einplatinencomputer <a href=\"https:\/\/calliope.cc\/\">Calliope mini<\/a> und schreiben ihre ersten\nProgramme in einer visuellen Entwicklungsumgebung.<\/p>\n\n\n\n<p>In der <strong>AG Informatik II<\/strong> arbeiten Sch\u00fclerinnen und Sch\u00fcler der Klassenstufen 7 und 8 mit <a href=\"https:\/\/www.makeblock.com\/steam-kits\/mbot\">mBots<\/a>, kleinen programmierbaren Lernrobotern, und <a href=\"https:\/\/www.lego.com\/de-de\/mindstorms\">Lego-Mindstorms-Baus\u00e4tzen<\/a>. Auf spielerisch-kreative Weise vertiefen sie so ihre Kenntnisse in den Bereichen der Robotik und der Programmierung. Im Schuljahr 2020\/21 lautet das Thema &#8222;Von Scratch zu Python&#8220;. Die Sch\u00fclerinnen und Sch\u00fcler festigen ihre Kenntnisse in der visuellen Programmiersprache Scratch und erlernen die Grundlagen der Hochsprache Python.<\/p>\n\n\n\n<p>Die <strong>AG Informatik III<\/strong> ist ein Angebot f\u00fcr Sch\u00fclerinnen und Sch\u00fcler der Klassenstufen 9 und 10. \u00a0Die Teilnehmerinnen und Teilnehmer setzen in Kleingruppen dem jeweiligen Leistungsstand entsprechende <a href=\"https:\/\/kinderprogrammieren.de\/\">Robotik- und Programmierprojekte<\/a> um. Im Schuljahr 2020\/21 planen, realisieren und dokumentieren die Sch\u00fclerinnen und Sch\u00fcler <a href=\"https:\/\/www.arduino.cc\/\">Arduino<\/a>-Projekte, die sie am Tag der offenen T\u00fcr und auf dem Schulfest pr\u00e4sentieren.<\/p>\n\n\n\n<p>Im Rahmen der drei Informatik-AGs wird besonders interessierten Sch\u00fclerinnen und Sch\u00fclern auch die M\u00f6glichkeit gegeben, an <strong>Informatik-Wettbewerben<\/strong> teilzunehmen, z.B. dem <a href=\"https:\/\/bwinf.de\/biber\/\" target=\"_blank\" rel=\"noreferrer noopener\">Informatik-Biber<\/a>, dem <a href=\"https:\/\/bwinf.de\/jugendwettbewerb\/\" target=\"_blank\" rel=\"noreferrer noopener\">Jugendwettbewerb<\/a> und dem <a href=\"https:\/\/bwinf.de\/bundeswettbewerb\/\" target=\"_blank\" rel=\"noreferrer noopener\">Bundeswettbewerb Informatik<\/a> sowie der <a href=\"https:\/\/bwinf.de\/olympiade\/aktuelle-olympiaden\/\" target=\"_blank\" rel=\"noreferrer noopener\">Informatik-Olympiade<\/a>. <\/p>\n\n\n<div class=\"wp-block-image\">\n<figure class=\"aligncenter is-resized\"><img loading=\"lazy\" decoding=\"async\" src=\"http:\/\/goethe-gymnasium.berlin\/wp-content\/uploads\/2019\/06\/digitale_welten-mBot_Paket.jpg\" alt=\"\" class=\"wp-image-3992\" width=\"310\" height=\"290\" srcset=\"https:\/\/goethe-gymnasium.berlin\/wp-content\/uploads\/2019\/06\/digitale_welten-mBot_Paket.jpg 433w, https:\/\/goethe-gymnasium.berlin\/wp-content\/uploads\/2019\/06\/digitale_welten-mBot_Paket-300x281.jpg 300w\" sizes=\"auto, (max-width: 310px) 100vw, 310px\" \/><figcaption class=\"wp-element-caption\"><em>mBot-Roboter<\/em><\/figcaption><\/figure>\n<\/div>\n\n\n<h4 class=\"wp-block-heading\"><strong>Grundkurs &#8222;Digitale Welten&#8220;<\/strong><\/h4>\n\n\n\n<p>Das Goethe-Gymnasium nimmt am\nSchulversuch &#8222;Digitale Welten&#8220; teil. Ab dem Schuljahr 2019\/20 k\u00f6nnen\ndie Sch\u00fclerinnen und Sch\u00fcler der Oberstufe den zweisemestrigen <strong>Grundkurs &#8222;Digitale Welten&#8220;<\/strong>\nw\u00e4hlen.<\/p>\n\n\n\n<p>Dieser\nZusatzkurs ist f\u00e4cher\u00fcbergreifend konzipiert und thematisiert\nanwendungsorientiert ebenso Chancen wie Risiken der digitalen Welt. Die Sch\u00fclerinnen\nund Sch\u00fcler sollen in praxisorientierten Projekten sowohl Grundlagen der\nProgrammierung kennenlernen als auch gesellschaftlich-ethischen Fragestellungen\neiner digitalisierten Gesellschaft nachgehen. <\/p>\n\n\n\n<p>M\u00f6gliche\nThemenfelder, die als Wahl- oder Pflichtmodule angeboten werden k\u00f6nnen, sind: <\/p>\n\n\n\n<ul class=\"wp-block-list\">\n<li>Kommunikation und digitale Medien <br> (Webprogrammierung, Blog, soziale Medien, Datenschutz, Big Data)<\/li>\n\n\n\n<li>digitale Techniken in der Arbeitswelt<br> (Robotik, digitale Steuerung, Arbeit 4.0, Industrie 4.0, CAD, 3D-Druck)<\/li>\n\n\n\n<li>digitaler Wandel im Alltag<br> (Apps und App-Programmierung, Smart Home, sicherer Datentransfer)<\/li>\n\n\n\n<li>Forschung im digitalen Wandel<br> (digitale Forschungsmethoden, Coding, Open-Source-Plattformen)<\/li>\n<\/ul>\n\n\n\n<figure class=\"wp-block-gallery aligncenter has-nested-images columns-default is-cropped wp-block-gallery-2 is-layout-flex wp-block-gallery-is-layout-flex\">\n<figure class=\"wp-block-image size-large\"><a href=\"https:\/\/goethe-gymnasium.berlin\/wp-content\/uploads\/2019\/06\/digitale_welten-plotter-bilder-1-e1561228353810.jpg\"><img loading=\"lazy\" decoding=\"async\" width=\"1820\" height=\"1024\" data-id=\"3994\" src=\"https:\/\/goethe-gymnasium.berlin\/wp-content\/uploads\/2019\/06\/digitale_welten-plotter-bilder-1-e1561228353810-1820x1024.jpg\" alt=\"\" class=\"wp-image-3994\" srcset=\"https:\/\/goethe-gymnasium.berlin\/wp-content\/uploads\/2019\/06\/digitale_welten-plotter-bilder-1-e1561228353810-1820x1024.jpg 1820w, https:\/\/goethe-gymnasium.berlin\/wp-content\/uploads\/2019\/06\/digitale_welten-plotter-bilder-1-e1561228353810-300x169.jpg 300w, https:\/\/goethe-gymnasium.berlin\/wp-content\/uploads\/2019\/06\/digitale_welten-plotter-bilder-1-e1561228353810-768x432.jpg 768w, https:\/\/goethe-gymnasium.berlin\/wp-content\/uploads\/2019\/06\/digitale_welten-plotter-bilder-1-e1561228353810-350x197.jpg 350w, https:\/\/goethe-gymnasium.berlin\/wp-content\/uploads\/2019\/06\/digitale_welten-plotter-bilder-1-e1561228353810-860x484.jpg 860w\" sizes=\"auto, (max-width: 1820px) 100vw, 1820px\" \/><\/a><figcaption class=\"wp-element-caption\">Ergebnisse aus der Arbeit mit dem Craft-Plotter<\/figcaption><\/figure>\n<\/figure>\n\n\n\n<p class=\"has-text-align-right\"><em>Text und Fotos: Herr Lehmann und Herr Trenz (Schuljahr 2018\/19)<\/em><\/p>\n","protected":false},"excerpt":{"rendered":"<p>Informatik und digitale Bildung Seit dem Schuljahr 2020\/21 bietet das Goethe-Gymnasium das Fach Informatik als Grundkurs in der Oberstufe (11.\/12. <a class=\"more-link\" href=\"https:\/\/goethe-gymnasium.berlin\/index.php\/mint-faecher\/informatik\/\">Weiterlesen &#8230;<\/a><\/p>\n","protected":false},"author":1,"featured_media":0,"parent":179,"menu_order":0,"comment_status":"closed","ping_status":"closed","template":"","meta":{"footnotes":""},"categories":[],"tags":[],"class_list":["post-183","page","type-page","status-publish","hentry"],"yoast_head":"<!-- This site is optimized with the Yoast SEO plugin v27.3 - https:\/\/yoast.com\/product\/yoast-seo-wordpress\/ -->\n<title>Informatik - Goethe-Gymnasium Berlin-Wilmersdorf<\/title>\n<meta name=\"robots\" content=\"index, follow, max-snippet:-1, max-image-preview:large, max-video-preview:-1\" \/>\n<link rel=\"canonical\" href=\"https:\/\/goethe-gymnasium.berlin\/index.php\/mint-faecher\/informatik\/\" \/>\n<meta property=\"og:locale\" content=\"de_DE\" \/>\n<meta property=\"og:type\" content=\"article\" \/>\n<meta property=\"og:title\" content=\"Informatik - Goethe-Gymnasium Berlin-Wilmersdorf\" \/>\n<meta property=\"og:description\" content=\"Informatik und digitale Bildung Seit dem Schuljahr 2020\/21 bietet das Goethe-Gymnasium das Fach Informatik als Grundkurs in der Oberstufe (11.\/12. Weiterlesen ...\" \/>\n<meta property=\"og:url\" content=\"https:\/\/goethe-gymnasium.berlin\/index.php\/mint-faecher\/informatik\/\" \/>\n<meta property=\"og:site_name\" content=\"Goethe-Gymnasium Berlin-Wilmersdorf\" \/>\n<meta property=\"article:publisher\" content=\"https:\/\/www.facebook.com\/pages\/Goethe-Gymnasium\/109376575754402\" \/>\n<meta property=\"article:modified_time\" content=\"2023-05-23T12:19:58+00:00\" \/>\n<meta property=\"og:image\" content=\"http:\/\/goethe-gymnasium.berlin\/wp-content\/uploads\/2019\/06\/digitale_welten-mBot_Paket.jpg\" \/>\n<meta name=\"twitter:card\" content=\"summary_large_image\" \/>\n<meta name=\"twitter:label1\" content=\"Gesch\u00e4tzte Lesezeit\" \/>\n\t<meta name=\"twitter:data1\" content=\"4\u00a0Minuten\" \/>\n<script type=\"application\/ld+json\" class=\"yoast-schema-graph\">{\"@context\":\"https:\\\/\\\/schema.org\",\"@graph\":[{\"@type\":\"WebPage\",\"@id\":\"https:\\\/\\\/goethe-gymnasium.berlin\\\/index.php\\\/mint-faecher\\\/informatik\\\/\",\"url\":\"https:\\\/\\\/goethe-gymnasium.berlin\\\/index.php\\\/mint-faecher\\\/informatik\\\/\",\"name\":\"Informatik - Goethe-Gymnasium Berlin-Wilmersdorf\",\"isPartOf\":{\"@id\":\"https:\\\/\\\/goethe-gymnasium.berlin\\\/#website\"},\"primaryImageOfPage\":{\"@id\":\"https:\\\/\\\/goethe-gymnasium.berlin\\\/index.php\\\/mint-faecher\\\/informatik\\\/#primaryimage\"},\"image\":{\"@id\":\"https:\\\/\\\/goethe-gymnasium.berlin\\\/index.php\\\/mint-faecher\\\/informatik\\\/#primaryimage\"},\"thumbnailUrl\":\"http:\\\/\\\/goethe-gymnasium.berlin\\\/wp-content\\\/uploads\\\/2019\\\/06\\\/digitale_welten-mBot_Paket.jpg\",\"datePublished\":\"2018-04-24T19:07:28+00:00\",\"dateModified\":\"2023-05-23T12:19:58+00:00\",\"breadcrumb\":{\"@id\":\"https:\\\/\\\/goethe-gymnasium.berlin\\\/index.php\\\/mint-faecher\\\/informatik\\\/#breadcrumb\"},\"inLanguage\":\"de\",\"potentialAction\":[{\"@type\":\"ReadAction\",\"target\":[\"https:\\\/\\\/goethe-gymnasium.berlin\\\/index.php\\\/mint-faecher\\\/informatik\\\/\"]}]},{\"@type\":\"ImageObject\",\"inLanguage\":\"de\",\"@id\":\"https:\\\/\\\/goethe-gymnasium.berlin\\\/index.php\\\/mint-faecher\\\/informatik\\\/#primaryimage\",\"url\":\"https:\\\/\\\/goethe-gymnasium.berlin\\\/wp-content\\\/uploads\\\/2019\\\/06\\\/digitale_welten-mBot_Paket.jpg\",\"contentUrl\":\"https:\\\/\\\/goethe-gymnasium.berlin\\\/wp-content\\\/uploads\\\/2019\\\/06\\\/digitale_welten-mBot_Paket.jpg\",\"width\":433,\"height\":405},{\"@type\":\"BreadcrumbList\",\"@id\":\"https:\\\/\\\/goethe-gymnasium.berlin\\\/index.php\\\/mint-faecher\\\/informatik\\\/#breadcrumb\",\"itemListElement\":[{\"@type\":\"ListItem\",\"position\":1,\"name\":\"Startseite\",\"item\":\"https:\\\/\\\/goethe-gymnasium.berlin\\\/\"},{\"@type\":\"ListItem\",\"position\":2,\"name\":\"MINT-F\u00e4cher\",\"item\":\"https:\\\/\\\/goethe-gymnasium.berlin\\\/index.php\\\/mint-faecher\\\/\"},{\"@type\":\"ListItem\",\"position\":3,\"name\":\"Informatik\"}]},{\"@type\":\"WebSite\",\"@id\":\"https:\\\/\\\/goethe-gymnasium.berlin\\\/#website\",\"url\":\"https:\\\/\\\/goethe-gymnasium.berlin\\\/\",\"name\":\"Goethe-Gymnasium Berlin-Wilmersdorf\",\"description\":\"\",\"publisher\":{\"@id\":\"https:\\\/\\\/goethe-gymnasium.berlin\\\/#organization\"},\"potentialAction\":[{\"@type\":\"SearchAction\",\"target\":{\"@type\":\"EntryPoint\",\"urlTemplate\":\"https:\\\/\\\/goethe-gymnasium.berlin\\\/?s={search_term_string}\"},\"query-input\":{\"@type\":\"PropertyValueSpecification\",\"valueRequired\":true,\"valueName\":\"search_term_string\"}}],\"inLanguage\":\"de\"},{\"@type\":\"Organization\",\"@id\":\"https:\\\/\\\/goethe-gymnasium.berlin\\\/#organization\",\"name\":\"Goethe-Gymnasium Berlin-Wilmersdorf\",\"url\":\"https:\\\/\\\/goethe-gymnasium.berlin\\\/\",\"logo\":{\"@type\":\"ImageObject\",\"inLanguage\":\"de\",\"@id\":\"https:\\\/\\\/goethe-gymnasium.berlin\\\/#\\\/schema\\\/logo\\\/image\\\/\",\"url\":\"https:\\\/\\\/goethe-gymnasium.berlin\\\/wp-content\\\/uploads\\\/2018\\\/04\\\/goethe-logo_hoch.png\",\"contentUrl\":\"https:\\\/\\\/goethe-gymnasium.berlin\\\/wp-content\\\/uploads\\\/2018\\\/04\\\/goethe-logo_hoch.png\",\"width\":755,\"height\":514,\"caption\":\"Goethe-Gymnasium Berlin-Wilmersdorf\"},\"image\":{\"@id\":\"https:\\\/\\\/goethe-gymnasium.berlin\\\/#\\\/schema\\\/logo\\\/image\\\/\"},\"sameAs\":[\"https:\\\/\\\/www.facebook.com\\\/pages\\\/Goethe-Gymnasium\\\/109376575754402\",\"https:\\\/\\\/www.youtube.com\\\/channel\\\/UCMKuMVF9h_YkS3zmEp7SnzQ\"]}]}<\/script>\n<!-- \/ Yoast SEO plugin. -->","yoast_head_json":{"title":"Informatik - Goethe-Gymnasium Berlin-Wilmersdorf","robots":{"index":"index","follow":"follow","max-snippet":"max-snippet:-1","max-image-preview":"max-image-preview:large","max-video-preview":"max-video-preview:-1"},"canonical":"https:\/\/goethe-gymnasium.berlin\/index.php\/mint-faecher\/informatik\/","og_locale":"de_DE","og_type":"article","og_title":"Informatik - Goethe-Gymnasium Berlin-Wilmersdorf","og_description":"Informatik und digitale Bildung Seit dem Schuljahr 2020\/21 bietet das Goethe-Gymnasium das Fach Informatik als Grundkurs in der Oberstufe (11.\/12. Weiterlesen ...","og_url":"https:\/\/goethe-gymnasium.berlin\/index.php\/mint-faecher\/informatik\/","og_site_name":"Goethe-Gymnasium Berlin-Wilmersdorf","article_publisher":"https:\/\/www.facebook.com\/pages\/Goethe-Gymnasium\/109376575754402","article_modified_time":"2023-05-23T12:19:58+00:00","og_image":[{"url":"http:\/\/goethe-gymnasium.berlin\/wp-content\/uploads\/2019\/06\/digitale_welten-mBot_Paket.jpg","type":"","width":"","height":""}],"twitter_card":"summary_large_image","twitter_misc":{"Gesch\u00e4tzte Lesezeit":"4\u00a0Minuten"},"schema":{"@context":"https:\/\/schema.org","@graph":[{"@type":"WebPage","@id":"https:\/\/goethe-gymnasium.berlin\/index.php\/mint-faecher\/informatik\/","url":"https:\/\/goethe-gymnasium.berlin\/index.php\/mint-faecher\/informatik\/","name":"Informatik - Goethe-Gymnasium Berlin-Wilmersdorf","isPartOf":{"@id":"https:\/\/goethe-gymnasium.berlin\/#website"},"primaryImageOfPage":{"@id":"https:\/\/goethe-gymnasium.berlin\/index.php\/mint-faecher\/informatik\/#primaryimage"},"image":{"@id":"https:\/\/goethe-gymnasium.berlin\/index.php\/mint-faecher\/informatik\/#primaryimage"},"thumbnailUrl":"http:\/\/goethe-gymnasium.berlin\/wp-content\/uploads\/2019\/06\/digitale_welten-mBot_Paket.jpg","datePublished":"2018-04-24T19:07:28+00:00","dateModified":"2023-05-23T12:19:58+00:00","breadcrumb":{"@id":"https:\/\/goethe-gymnasium.berlin\/index.php\/mint-faecher\/informatik\/#breadcrumb"},"inLanguage":"de","potentialAction":[{"@type":"ReadAction","target":["https:\/\/goethe-gymnasium.berlin\/index.php\/mint-faecher\/informatik\/"]}]},{"@type":"ImageObject","inLanguage":"de","@id":"https:\/\/goethe-gymnasium.berlin\/index.php\/mint-faecher\/informatik\/#primaryimage","url":"https:\/\/goethe-gymnasium.berlin\/wp-content\/uploads\/2019\/06\/digitale_welten-mBot_Paket.jpg","contentUrl":"https:\/\/goethe-gymnasium.berlin\/wp-content\/uploads\/2019\/06\/digitale_welten-mBot_Paket.jpg","width":433,"height":405},{"@type":"BreadcrumbList","@id":"https:\/\/goethe-gymnasium.berlin\/index.php\/mint-faecher\/informatik\/#breadcrumb","itemListElement":[{"@type":"ListItem","position":1,"name":"Startseite","item":"https:\/\/goethe-gymnasium.berlin\/"},{"@type":"ListItem","position":2,"name":"MINT-F\u00e4cher","item":"https:\/\/goethe-gymnasium.berlin\/index.php\/mint-faecher\/"},{"@type":"ListItem","position":3,"name":"Informatik"}]},{"@type":"WebSite","@id":"https:\/\/goethe-gymnasium.berlin\/#website","url":"https:\/\/goethe-gymnasium.berlin\/","name":"Goethe-Gymnasium Berlin-Wilmersdorf","description":"","publisher":{"@id":"https:\/\/goethe-gymnasium.berlin\/#organization"},"potentialAction":[{"@type":"SearchAction","target":{"@type":"EntryPoint","urlTemplate":"https:\/\/goethe-gymnasium.berlin\/?s={search_term_string}"},"query-input":{"@type":"PropertyValueSpecification","valueRequired":true,"valueName":"search_term_string"}}],"inLanguage":"de"},{"@type":"Organization","@id":"https:\/\/goethe-gymnasium.berlin\/#organization","name":"Goethe-Gymnasium Berlin-Wilmersdorf","url":"https:\/\/goethe-gymnasium.berlin\/","logo":{"@type":"ImageObject","inLanguage":"de","@id":"https:\/\/goethe-gymnasium.berlin\/#\/schema\/logo\/image\/","url":"https:\/\/goethe-gymnasium.berlin\/wp-content\/uploads\/2018\/04\/goethe-logo_hoch.png","contentUrl":"https:\/\/goethe-gymnasium.berlin\/wp-content\/uploads\/2018\/04\/goethe-logo_hoch.png","width":755,"height":514,"caption":"Goethe-Gymnasium Berlin-Wilmersdorf"},"image":{"@id":"https:\/\/goethe-gymnasium.berlin\/#\/schema\/logo\/image\/"},"sameAs":["https:\/\/www.facebook.com\/pages\/Goethe-Gymnasium\/109376575754402","https:\/\/www.youtube.com\/channel\/UCMKuMVF9h_YkS3zmEp7SnzQ"]}]}},"_links":{"self":[{"href":"https:\/\/goethe-gymnasium.berlin\/index.php\/wp-json\/wp\/v2\/pages\/183","targetHints":{"allow":["GET"]}}],"collection":[{"href":"https:\/\/goethe-gymnasium.berlin\/index.php\/wp-json\/wp\/v2\/pages"}],"about":[{"href":"https:\/\/goethe-gymnasium.berlin\/index.php\/wp-json\/wp\/v2\/types\/page"}],"author":[{"embeddable":true,"href":"https:\/\/goethe-gymnasium.berlin\/index.php\/wp-json\/wp\/v2\/users\/1"}],"replies":[{"embeddable":true,"href":"https:\/\/goethe-gymnasium.berlin\/index.php\/wp-json\/wp\/v2\/comments?post=183"}],"version-history":[{"count":12,"href":"https:\/\/goethe-gymnasium.berlin\/index.php\/wp-json\/wp\/v2\/pages\/183\/revisions"}],"predecessor-version":[{"id":10741,"href":"https:\/\/goethe-gymnasium.berlin\/index.php\/wp-json\/wp\/v2\/pages\/183\/revisions\/10741"}],"up":[{"embeddable":true,"href":"https:\/\/goethe-gymnasium.berlin\/index.php\/wp-json\/wp\/v2\/pages\/179"}],"wp:attachment":[{"href":"https:\/\/goethe-gymnasium.berlin\/index.php\/wp-json\/wp\/v2\/media?parent=183"}],"wp:term":[{"taxonomy":"category","embeddable":true,"href":"https:\/\/goethe-gymnasium.berlin\/index.php\/wp-json\/wp\/v2\/categories?post=183"},{"taxonomy":"post_tag","embeddable":true,"href":"https:\/\/goethe-gymnasium.berlin\/index.php\/wp-json\/wp\/v2\/tags?post=183"}],"curies":[{"name":"wp","href":"https:\/\/api.w.org\/{rel}","templated":true}]}}