{"id":181,"date":"2018-04-24T19:07:18","date_gmt":"2018-04-24T19:07:18","guid":{"rendered":"http:\/\/goethe-gymnasium.berlin\/?page_id=181"},"modified":"2024-04-21T13:03:39","modified_gmt":"2024-04-21T11:03:39","slug":"mathematik","status":"publish","type":"page","link":"https:\/\/goethe-gymnasium.berlin\/index.php\/mint-faecher\/mathematik\/","title":{"rendered":"Mathematik"},"content":{"rendered":"<table style=\"height: 267px;\" border=\"0\" width=\"994\" cellspacing=\"10\" cellpadding=\"\">\n<tbody>\n<tr>\n<td><img loading=\"lazy\" decoding=\"async\" class=\"aligncenter  wp-image-1837\" src=\"http:\/\/goethe-gymnasium.berlin\/wp-content\/uploads\/2018\/09\/griechische-zahlzeichen_labbe.gif\" alt=\"griechische-zahlzeichen\" width=\"431\" height=\"248\" \/><\/p>\n<p style=\"text-align: center;\"><em>Griechische Zahlzeichen<\/em><\/p>\n<\/td>\n<td>\n<p style=\"text-align: center;\"><em><img loading=\"lazy\" decoding=\"async\" class=\"aligncenter size-full wp-image-1843\" src=\"http:\/\/goethe-gymnasium.berlin\/wp-content\/uploads\/2018\/09\/r\u00f6mische-zahlzeichen.gif.png\" alt=\"\" width=\"520\" height=\"261\" srcset=\"https:\/\/goethe-gymnasium.berlin\/wp-content\/uploads\/2018\/09\/r\u00f6mische-zahlzeichen.gif.png 520w, https:\/\/goethe-gymnasium.berlin\/wp-content\/uploads\/2018\/09\/r\u00f6mische-zahlzeichen.gif-300x151.png 300w\" sizes=\"auto, (max-width: 520px) 100vw, 520px\" \/>R\u00f6mische und andere Zahlzeichen<\/em><\/p>\n<\/td>\n<\/tr>\n<\/tbody>\n<\/table>\n<p>Es versteht es sich von selbst, dass das Goethe-Gymnasium auch einen starken mathematisch-naturwissenschaftlichen Akzent setzt.<\/p>\n<p>Die Mathematiklehrerinnen und -lehrer der Schule sind durchweg\u00a0<strong>Fachlehrkr\u00e4fte<\/strong>, die auch in den f\u00fcnften und sechsten Klassen auf gymnasialem Niveau Mathematik unterrichten. Flankiert wird dieser Anspruch einerseits durch<strong>\u00a0Angebote f\u00fcr besonders Begabte<\/strong>\u00a0und Interessierte, wie Mathematik-Wettbewerbe, Uni-Kooperationen, Exkursionen etc., andererseits durch gezielte Unterst\u00fctzung in Regel- und F\u00f6rderunterricht.<\/p>\n<p>Das Goethe-Gymnasium kann auf gro\u00dfe\u00a0<a href=\"http:\/\/goethe-gymnasium.berlin\/index.php\/mathematik\/erfolgreiches-aus-dem-fachbereich-mathematik\/\" target=\"_blank\" rel=\"alternate noopener noreferrer\">Erfolge bei Mathematik-Sch\u00fclerwettbewerben<\/a>\u00a0zur\u00fcckschauen, ein sehr gro\u00dfer Teil der Sch\u00fcler und Sch\u00fclerinnen w\u00e4hlt in der Oberstufe die Mathematik als Leistungskurs.<\/p>\n<p>Exkursionen finden beispielsweise statt zum Mathematikum in Gie\u00dfen, zu MathInside-Vortr\u00e4gen an der Urania und zur Freien Universit\u00e4t Berlin im Rahmen des Edubba-Projekts der f\u00fcnften Klassen.<\/p>\n<p>In der neunten Klasse findet eine\u00a0<a href=\"http:\/\/goethe-gymnasium.berlin\/index.php\/mathematik\/mathematik-und-die-antike\/\" target=\"_blank\" rel=\"alternate noopener noreferrer\">fach\u00fcbergreifende Sequenz<\/a>\u00a0statt, die unvermutete Br\u00fccken zum Fach Altgriechisch schl\u00e4gt.<\/p>\n<p>Bei aller Wertsch\u00e4tzung der Urspr\u00fcnge mathematischen Denkens kommt der Einsatz moderner Lehr- und Lernmedien aber nicht zu kurz: Mathematik-Software an Activboards oder computergest\u00fctzte Unterrichtsphasen im Informatik-Raum sind neben dem klassischen Tafelbild-Arbeiten t\u00e4glicher Standard.<\/p>\n<p>Hier finden Sie die aktuellen <a href=\"https:\/\/goethe-gymnasium.berlin\/wp-content\/uploads\/2019\/08\/SchiC-5-10_Mathematik.pdf\" target=\"_blank\" rel=\"noopener noreferrer\">schulinternen Curricula Mathematik<\/a> f\u00fcr die Klassenstufen 5-10 (Stand 2019).<\/p>\n<p style=\"text-align: right;\"><em>Text: Fachbereich Mathematik (Schuljahr 2017\/18)<br \/>\nBildquellen: (1) labbe.de, (2) rechenhilfsmittel.de<\/em><\/p>\n","protected":false},"excerpt":{"rendered":"<p>Griechische Zahlzeichen R\u00f6mische und andere Zahlzeichen Es versteht es sich von selbst, dass das Goethe-Gymnasium auch einen starken mathematisch-naturwissenschaftlichen Akzent <a class=\"more-link\" href=\"https:\/\/goethe-gymnasium.berlin\/index.php\/mint-faecher\/mathematik\/\">Weiterlesen &#8230;<\/a><\/p>\n","protected":false},"author":1,"featured_media":0,"parent":179,"menu_order":0,"comment_status":"closed","ping_status":"closed","template":"","meta":{"footnotes":""},"categories":[],"tags":[],"class_list":["post-181","page","type-page","status-publish","hentry"],"yoast_head":"<!-- This site is optimized with the Yoast SEO plugin v27.4 - https:\/\/yoast.com\/product\/yoast-seo-wordpress\/ -->\n<title>Mathematik - Goethe-Gymnasium Berlin-Wilmersdorf<\/title>\n<meta name=\"robots\" content=\"index, follow, max-snippet:-1, max-image-preview:large, max-video-preview:-1\" \/>\n<link rel=\"canonical\" href=\"https:\/\/goethe-gymnasium.berlin\/index.php\/mint-faecher\/mathematik\/\" \/>\n<meta property=\"og:locale\" content=\"de_DE\" \/>\n<meta property=\"og:type\" content=\"article\" \/>\n<meta property=\"og:title\" content=\"Mathematik - Goethe-Gymnasium Berlin-Wilmersdorf\" \/>\n<meta property=\"og:description\" content=\"Griechische Zahlzeichen R\u00f6mische und andere Zahlzeichen Es versteht es sich von selbst, dass das Goethe-Gymnasium auch einen starken mathematisch-naturwissenschaftlichen Akzent Weiterlesen ...\" \/>\n<meta property=\"og:url\" content=\"https:\/\/goethe-gymnasium.berlin\/index.php\/mint-faecher\/mathematik\/\" \/>\n<meta property=\"og:site_name\" content=\"Goethe-Gymnasium Berlin-Wilmersdorf\" \/>\n<meta property=\"article:publisher\" content=\"https:\/\/www.facebook.com\/pages\/Goethe-Gymnasium\/109376575754402\" \/>\n<meta property=\"article:modified_time\" content=\"2024-04-21T11:03:39+00:00\" \/>\n<meta property=\"og:image\" content=\"http:\/\/goethe-gymnasium.berlin\/wp-content\/uploads\/2018\/09\/griechische-zahlzeichen_labbe.gif\" \/>\n<meta name=\"twitter:card\" content=\"summary_large_image\" \/>\n<meta name=\"twitter:label1\" content=\"Gesch\u00e4tzte Lesezeit\" \/>\n\t<meta name=\"twitter:data1\" content=\"2\u00a0Minuten\" \/>\n<script type=\"application\/ld+json\" class=\"yoast-schema-graph\">{\"@context\":\"https:\\\/\\\/schema.org\",\"@graph\":[{\"@type\":\"WebPage\",\"@id\":\"https:\\\/\\\/goethe-gymnasium.berlin\\\/index.php\\\/mint-faecher\\\/mathematik\\\/\",\"url\":\"https:\\\/\\\/goethe-gymnasium.berlin\\\/index.php\\\/mint-faecher\\\/mathematik\\\/\",\"name\":\"Mathematik - Goethe-Gymnasium Berlin-Wilmersdorf\",\"isPartOf\":{\"@id\":\"https:\\\/\\\/goethe-gymnasium.berlin\\\/#website\"},\"primaryImageOfPage\":{\"@id\":\"https:\\\/\\\/goethe-gymnasium.berlin\\\/index.php\\\/mint-faecher\\\/mathematik\\\/#primaryimage\"},\"image\":{\"@id\":\"https:\\\/\\\/goethe-gymnasium.berlin\\\/index.php\\\/mint-faecher\\\/mathematik\\\/#primaryimage\"},\"thumbnailUrl\":\"http:\\\/\\\/goethe-gymnasium.berlin\\\/wp-content\\\/uploads\\\/2018\\\/09\\\/griechische-zahlzeichen_labbe.gif\",\"datePublished\":\"2018-04-24T19:07:18+00:00\",\"dateModified\":\"2024-04-21T11:03:39+00:00\",\"breadcrumb\":{\"@id\":\"https:\\\/\\\/goethe-gymnasium.berlin\\\/index.php\\\/mint-faecher\\\/mathematik\\\/#breadcrumb\"},\"inLanguage\":\"de\",\"potentialAction\":[{\"@type\":\"ReadAction\",\"target\":[\"https:\\\/\\\/goethe-gymnasium.berlin\\\/index.php\\\/mint-faecher\\\/mathematik\\\/\"]}]},{\"@type\":\"ImageObject\",\"inLanguage\":\"de\",\"@id\":\"https:\\\/\\\/goethe-gymnasium.berlin\\\/index.php\\\/mint-faecher\\\/mathematik\\\/#primaryimage\",\"url\":\"https:\\\/\\\/goethe-gymnasium.berlin\\\/wp-content\\\/uploads\\\/2018\\\/09\\\/griechische-zahlzeichen_labbe.gif\",\"contentUrl\":\"https:\\\/\\\/goethe-gymnasium.berlin\\\/wp-content\\\/uploads\\\/2018\\\/09\\\/griechische-zahlzeichen_labbe.gif\",\"width\":443,\"height\":231,\"caption\":\"griechische-zahlzeichen\"},{\"@type\":\"BreadcrumbList\",\"@id\":\"https:\\\/\\\/goethe-gymnasium.berlin\\\/index.php\\\/mint-faecher\\\/mathematik\\\/#breadcrumb\",\"itemListElement\":[{\"@type\":\"ListItem\",\"position\":1,\"name\":\"Startseite\",\"item\":\"https:\\\/\\\/goethe-gymnasium.berlin\\\/\"},{\"@type\":\"ListItem\",\"position\":2,\"name\":\"MINT-F\u00e4cher\",\"item\":\"https:\\\/\\\/goethe-gymnasium.berlin\\\/index.php\\\/mint-faecher\\\/\"},{\"@type\":\"ListItem\",\"position\":3,\"name\":\"Mathematik\"}]},{\"@type\":\"WebSite\",\"@id\":\"https:\\\/\\\/goethe-gymnasium.berlin\\\/#website\",\"url\":\"https:\\\/\\\/goethe-gymnasium.berlin\\\/\",\"name\":\"Goethe-Gymnasium Berlin-Wilmersdorf\",\"description\":\"\",\"publisher\":{\"@id\":\"https:\\\/\\\/goethe-gymnasium.berlin\\\/#organization\"},\"potentialAction\":[{\"@type\":\"SearchAction\",\"target\":{\"@type\":\"EntryPoint\",\"urlTemplate\":\"https:\\\/\\\/goethe-gymnasium.berlin\\\/?s={search_term_string}\"},\"query-input\":{\"@type\":\"PropertyValueSpecification\",\"valueRequired\":true,\"valueName\":\"search_term_string\"}}],\"inLanguage\":\"de\"},{\"@type\":\"Organization\",\"@id\":\"https:\\\/\\\/goethe-gymnasium.berlin\\\/#organization\",\"name\":\"Goethe-Gymnasium Berlin-Wilmersdorf\",\"url\":\"https:\\\/\\\/goethe-gymnasium.berlin\\\/\",\"logo\":{\"@type\":\"ImageObject\",\"inLanguage\":\"de\",\"@id\":\"https:\\\/\\\/goethe-gymnasium.berlin\\\/#\\\/schema\\\/logo\\\/image\\\/\",\"url\":\"https:\\\/\\\/goethe-gymnasium.berlin\\\/wp-content\\\/uploads\\\/2018\\\/04\\\/goethe-logo_hoch.png\",\"contentUrl\":\"https:\\\/\\\/goethe-gymnasium.berlin\\\/wp-content\\\/uploads\\\/2018\\\/04\\\/goethe-logo_hoch.png\",\"width\":755,\"height\":514,\"caption\":\"Goethe-Gymnasium Berlin-Wilmersdorf\"},\"image\":{\"@id\":\"https:\\\/\\\/goethe-gymnasium.berlin\\\/#\\\/schema\\\/logo\\\/image\\\/\"},\"sameAs\":[\"https:\\\/\\\/www.facebook.com\\\/pages\\\/Goethe-Gymnasium\\\/109376575754402\",\"https:\\\/\\\/www.youtube.com\\\/channel\\\/UCMKuMVF9h_YkS3zmEp7SnzQ\"]}]}<\/script>\n<!-- \/ Yoast SEO plugin. -->","yoast_head_json":{"title":"Mathematik - Goethe-Gymnasium Berlin-Wilmersdorf","robots":{"index":"index","follow":"follow","max-snippet":"max-snippet:-1","max-image-preview":"max-image-preview:large","max-video-preview":"max-video-preview:-1"},"canonical":"https:\/\/goethe-gymnasium.berlin\/index.php\/mint-faecher\/mathematik\/","og_locale":"de_DE","og_type":"article","og_title":"Mathematik - Goethe-Gymnasium Berlin-Wilmersdorf","og_description":"Griechische Zahlzeichen R\u00f6mische und andere Zahlzeichen Es versteht es sich von selbst, dass das Goethe-Gymnasium auch einen starken mathematisch-naturwissenschaftlichen Akzent Weiterlesen ...","og_url":"https:\/\/goethe-gymnasium.berlin\/index.php\/mint-faecher\/mathematik\/","og_site_name":"Goethe-Gymnasium Berlin-Wilmersdorf","article_publisher":"https:\/\/www.facebook.com\/pages\/Goethe-Gymnasium\/109376575754402","article_modified_time":"2024-04-21T11:03:39+00:00","og_image":[{"url":"http:\/\/goethe-gymnasium.berlin\/wp-content\/uploads\/2018\/09\/griechische-zahlzeichen_labbe.gif","type":"","width":"","height":""}],"twitter_card":"summary_large_image","twitter_misc":{"Gesch\u00e4tzte Lesezeit":"2\u00a0Minuten"},"schema":{"@context":"https:\/\/schema.org","@graph":[{"@type":"WebPage","@id":"https:\/\/goethe-gymnasium.berlin\/index.php\/mint-faecher\/mathematik\/","url":"https:\/\/goethe-gymnasium.berlin\/index.php\/mint-faecher\/mathematik\/","name":"Mathematik - Goethe-Gymnasium Berlin-Wilmersdorf","isPartOf":{"@id":"https:\/\/goethe-gymnasium.berlin\/#website"},"primaryImageOfPage":{"@id":"https:\/\/goethe-gymnasium.berlin\/index.php\/mint-faecher\/mathematik\/#primaryimage"},"image":{"@id":"https:\/\/goethe-gymnasium.berlin\/index.php\/mint-faecher\/mathematik\/#primaryimage"},"thumbnailUrl":"http:\/\/goethe-gymnasium.berlin\/wp-content\/uploads\/2018\/09\/griechische-zahlzeichen_labbe.gif","datePublished":"2018-04-24T19:07:18+00:00","dateModified":"2024-04-21T11:03:39+00:00","breadcrumb":{"@id":"https:\/\/goethe-gymnasium.berlin\/index.php\/mint-faecher\/mathematik\/#breadcrumb"},"inLanguage":"de","potentialAction":[{"@type":"ReadAction","target":["https:\/\/goethe-gymnasium.berlin\/index.php\/mint-faecher\/mathematik\/"]}]},{"@type":"ImageObject","inLanguage":"de","@id":"https:\/\/goethe-gymnasium.berlin\/index.php\/mint-faecher\/mathematik\/#primaryimage","url":"https:\/\/goethe-gymnasium.berlin\/wp-content\/uploads\/2018\/09\/griechische-zahlzeichen_labbe.gif","contentUrl":"https:\/\/goethe-gymnasium.berlin\/wp-content\/uploads\/2018\/09\/griechische-zahlzeichen_labbe.gif","width":443,"height":231,"caption":"griechische-zahlzeichen"},{"@type":"BreadcrumbList","@id":"https:\/\/goethe-gymnasium.berlin\/index.php\/mint-faecher\/mathematik\/#breadcrumb","itemListElement":[{"@type":"ListItem","position":1,"name":"Startseite","item":"https:\/\/goethe-gymnasium.berlin\/"},{"@type":"ListItem","position":2,"name":"MINT-F\u00e4cher","item":"https:\/\/goethe-gymnasium.berlin\/index.php\/mint-faecher\/"},{"@type":"ListItem","position":3,"name":"Mathematik"}]},{"@type":"WebSite","@id":"https:\/\/goethe-gymnasium.berlin\/#website","url":"https:\/\/goethe-gymnasium.berlin\/","name":"Goethe-Gymnasium Berlin-Wilmersdorf","description":"","publisher":{"@id":"https:\/\/goethe-gymnasium.berlin\/#organization"},"potentialAction":[{"@type":"SearchAction","target":{"@type":"EntryPoint","urlTemplate":"https:\/\/goethe-gymnasium.berlin\/?s={search_term_string}"},"query-input":{"@type":"PropertyValueSpecification","valueRequired":true,"valueName":"search_term_string"}}],"inLanguage":"de"},{"@type":"Organization","@id":"https:\/\/goethe-gymnasium.berlin\/#organization","name":"Goethe-Gymnasium Berlin-Wilmersdorf","url":"https:\/\/goethe-gymnasium.berlin\/","logo":{"@type":"ImageObject","inLanguage":"de","@id":"https:\/\/goethe-gymnasium.berlin\/#\/schema\/logo\/image\/","url":"https:\/\/goethe-gymnasium.berlin\/wp-content\/uploads\/2018\/04\/goethe-logo_hoch.png","contentUrl":"https:\/\/goethe-gymnasium.berlin\/wp-content\/uploads\/2018\/04\/goethe-logo_hoch.png","width":755,"height":514,"caption":"Goethe-Gymnasium Berlin-Wilmersdorf"},"image":{"@id":"https:\/\/goethe-gymnasium.berlin\/#\/schema\/logo\/image\/"},"sameAs":["https:\/\/www.facebook.com\/pages\/Goethe-Gymnasium\/109376575754402","https:\/\/www.youtube.com\/channel\/UCMKuMVF9h_YkS3zmEp7SnzQ"]}]}},"_links":{"self":[{"href":"https:\/\/goethe-gymnasium.berlin\/index.php\/wp-json\/wp\/v2\/pages\/181","targetHints":{"allow":["GET"]}}],"collection":[{"href":"https:\/\/goethe-gymnasium.berlin\/index.php\/wp-json\/wp\/v2\/pages"}],"about":[{"href":"https:\/\/goethe-gymnasium.berlin\/index.php\/wp-json\/wp\/v2\/types\/page"}],"author":[{"embeddable":true,"href":"https:\/\/goethe-gymnasium.berlin\/index.php\/wp-json\/wp\/v2\/users\/1"}],"replies":[{"embeddable":true,"href":"https:\/\/goethe-gymnasium.berlin\/index.php\/wp-json\/wp\/v2\/comments?post=181"}],"version-history":[{"count":12,"href":"https:\/\/goethe-gymnasium.berlin\/index.php\/wp-json\/wp\/v2\/pages\/181\/revisions"}],"predecessor-version":[{"id":7058,"href":"https:\/\/goethe-gymnasium.berlin\/index.php\/wp-json\/wp\/v2\/pages\/181\/revisions\/7058"}],"up":[{"embeddable":true,"href":"https:\/\/goethe-gymnasium.berlin\/index.php\/wp-json\/wp\/v2\/pages\/179"}],"wp:attachment":[{"href":"https:\/\/goethe-gymnasium.berlin\/index.php\/wp-json\/wp\/v2\/media?parent=181"}],"wp:term":[{"taxonomy":"category","embeddable":true,"href":"https:\/\/goethe-gymnasium.berlin\/index.php\/wp-json\/wp\/v2\/categories?post=181"},{"taxonomy":"post_tag","embeddable":true,"href":"https:\/\/goethe-gymnasium.berlin\/index.php\/wp-json\/wp\/v2\/tags?post=181"}],"curies":[{"name":"wp","href":"https:\/\/api.w.org\/{rel}","templated":true}]}}