{"id":18,"date":"2018-04-24T10:58:47","date_gmt":"2018-04-24T10:58:47","guid":{"rendered":"http:\/\/goethe-gymnasium.berlin\/?page_id=18"},"modified":"2021-09-30T00:03:08","modified_gmt":"2021-09-29T22:03:08","slug":"schule","status":"publish","type":"page","link":"https:\/\/goethe-gymnasium.berlin\/index.php\/schule\/","title":{"rendered":"Schule"},"content":{"rendered":"\n<h3 class=\"wp-block-heading\">Das Goethe-Gymnasium, Berlin-Wilmersdorf, in Stichworten<\/h3>\n\n\n\n<p><strong>Schulform:<\/strong> humanistisches Gymnasium mit altsprachlichem Bildungsgang, beginnend ab Klasse 5; offener Ganztag; vierz\u00fcgig<\/p>\n\n\n\n<p><strong>Fremdsprachenfolge: <\/strong><\/p>\n\n\n\n<ul class=\"wp-block-list\"><li><strong>1. Fremdsprache: <\/strong><a href=\"https:\/\/goethe-gymnasium.berlin\/index.php\/sprachen\/englisch\/\" target=\"_blank\" rel=\"noreferrer noopener\">Englisch<\/a> (Fortf\u00fchrung aus Klasse 1 oder 3)<\/li><li><strong>2. Fremdsprache:<\/strong> <a href=\"https:\/\/goethe-gymnasium.berlin\/index.php\/sprachen\/latein\/\" target=\"_blank\" rel=\"noreferrer noopener\">Latein<\/a> (ab Klasse 5)<\/li><li><strong>3. Fremdsprache:<\/strong> <a href=\"https:\/\/goethe-gymnasium.berlin\/index.php\/sprachen\/altgriechisch\/\" target=\"_blank\" rel=\"noreferrer noopener\">Altgriechisch<\/a> (Klasse 7, alle Sch\u00fcler*innen); <a href=\"https:\/\/goethe-gymnasium.berlin\/index.php\/sprachen\/altgriechisch\/\" target=\"_blank\" rel=\"noreferrer noopener\">Altgriechisch<\/a> oder <a href=\"https:\/\/goethe-gymnasium.berlin\/index.php\/sprachen\/franzoesisch\/\" target=\"_blank\" rel=\"noreferrer noopener\">Franz\u00f6sisch<\/a> (ab Klasse 8)<\/li><li><strong>ggf. 4. Fremdsprache: <\/strong><a href=\"https:\/\/goethe-gymnasium.berlin\/index.php\/sprachen\/franzoesisch\/\" target=\"_blank\" rel=\"noreferrer noopener\">Franz\u00f6sisch<\/a> (ab Klasse 10)<\/li><\/ul>\n\n\n\n<p><strong>Leistungskurse:<\/strong> Wahl von <a href=\"https:\/\/goethe-gymnasium.berlin\/wp-content\/uploads\/2021\/09\/Info_drei-Leistungskurse.pdf\" target=\"_blank\" rel=\"noreferrer noopener\">drei Leistungskurse<\/a>n m\u00f6glich; derzeitiges Angebot: Altgriechisch, Biologie, Chemie, Deutsch, Englisch, Geschichte, Kunst, Latein, Mathematik, Musik, Philosophie, Physik<\/p>\n\n\n\n<p><strong>Verpflichtung im Rahmen des altsprachlichen Bildungsgang<\/strong>s: Latein bzw. Altgriechisch oder Franz\u00f6sisch muss als Pr\u00fcfungsfach oder 5. Pr\u00fcfungskomponente im Abitur gew\u00e4hlt werden<\/p>\n\n\n\n<p><strong>Besondere unterrichtliche Angebote:<\/strong><\/p>\n\n\n\n<ul class=\"wp-block-list\"><li><a href=\"https:\/\/goethe-gymnasium.berlin\/index.php\/schule\/begabungsfoerderung\/\" target=\"_blank\" rel=\"noreferrer noopener\">Begabungsf\u00f6rderung<\/a> (Begabtenschule des Landes Berlin)<\/li><li><a href=\"https:\/\/goethe-gymnasium.berlin\/index.php\/mint-faecher\/informatik\/\" target=\"_blank\" rel=\"noreferrer noopener\">Digitale Bildung<\/a> (Lernplattform <a href=\"https:\/\/www.lernraum-berlin.de\/start\/de\/\" target=\"_blank\" rel=\"noreferrer noopener\">Lernraum Berlin<\/a>; AGs Kalliope, Robotik; ITG (Klasse 7) Wahlfach Informatik (Klasse 10), GK Informatik, GK Digitale Welten)<\/li><li><a href=\"https:\/\/goethe-gymnasium.berlin\/wp-content\/uploads\/2020\/10\/Chorklasse_Flyer.pdf\" target=\"_blank\" rel=\"noreferrer noopener\">Chorklasse<\/a><\/li><li><a href=\"https:\/\/goethe-gymnasium.berlin\/index.php\/2018\/11\/05\/klimafruehstueck-mit-fuenftklaesslern\/\" target=\"_blank\" rel=\"noreferrer noopener\">Faire Schule<\/a><\/li><li><a href=\"https:\/\/goethe-gymnasium.berlin\/index.php\/2014\/09\/25\/kartoffelpuffer-und-klassenregeln\/\" target=\"_blank\" rel=\"noreferrer noopener\">Kennenlernfahrten<\/a><\/li><li><a href=\"https:\/\/goethe-gymnasium.berlin\/index.php\/veranstaltungen\/fahrten\/\" target=\"_blank\" rel=\"noreferrer noopener\">Studien- und Austauschfahrten<\/a><\/li><\/ul>\n\n\n\n<p><strong>Au\u00dferunterrichtliche Aktivit\u00e4ten:<\/strong><\/p>\n\n\n\n<ul class=\"wp-block-list\"><li><a href=\"https:\/\/goethe-gymnasium.berlin\/index.php\/schule\/arbeitsgemeinschaften\/\" target=\"_blank\" rel=\"noreferrer noopener\">Arbeitsgemeinschaften<\/a><\/li><li><a href=\"https:\/\/goethe-gymnasium.berlin\/index.php\/schule\/ganztag\/\" target=\"_blank\" rel=\"noreferrer noopener\">Ganztagsangebot (Omnibus)<\/a><\/li><li><a href=\"https:\/\/goethe-gymnasium.berlin\/index.php\/schule\/jazzkooperative\/\" target=\"_blank\" rel=\"noreferrer noopener\">Jazzkooperative<\/a><\/li><li><a href=\"https:\/\/goethe-gymnasium.berlin\/index.php\/schule\/orchesterakademie\/\" target=\"_blank\" rel=\"noreferrer noopener\">Orchesterakademie<\/a><\/li><li><a href=\"https:\/\/goethe-gymnasium.berlin\/index.php\/schuelerschaft\/schueler-helfen-schuelern\/\" target=\"_blank\" rel=\"noreferrer noopener\">Sch\u00fcler*innenfirma<\/a><\/li><li><a href=\"https:\/\/goethe-gymnasium.berlin\/index.php\/schuelerschaft\/schuelermediation\/\" target=\"_blank\" rel=\"noreferrer noopener\">Sch\u00fcler*innenmediation<\/a><\/li><\/ul>\n\n\n\n<p><strong>Entwicklungsvorhaben<\/strong><\/p>\n\n\n\n<ul class=\"wp-block-list\"><li>Partizipation (SV)<\/li><li>soziokulturelles Zusammenleben<\/li><\/ul>\n","protected":false},"excerpt":{"rendered":"<p>Das Goethe-Gymnasium, Berlin-Wilmersdorf, in Stichworten Schulform: humanistisches Gymnasium mit altsprachlichem Bildungsgang, beginnend ab Klasse 5; offener Ganztag; vierz\u00fcgig Fremdsprachenfolge: 1. <a class=\"more-link\" href=\"https:\/\/goethe-gymnasium.berlin\/index.php\/schule\/\">Weiterlesen &#8230;<\/a><\/p>\n","protected":false},"author":1,"featured_media":1899,"parent":0,"menu_order":0,"comment_status":"closed","ping_status":"closed","template":"","meta":{"footnotes":""},"categories":[51],"tags":[60],"class_list":["post-18","page","type-page","status-publish","has-post-thumbnail","hentry","category-schule","tag-informationen"],"yoast_head":"<!-- This site is optimized with the Yoast SEO plugin v27.3 - https:\/\/yoast.com\/product\/yoast-seo-wordpress\/ -->\n<title>Schule - Goethe-Gymnasium Berlin-Wilmersdorf<\/title>\n<meta name=\"robots\" content=\"index, follow, max-snippet:-1, max-image-preview:large, max-video-preview:-1\" \/>\n<link rel=\"canonical\" href=\"https:\/\/goethe-gymnasium.berlin\/index.php\/schule\/\" \/>\n<meta property=\"og:locale\" content=\"de_DE\" \/>\n<meta property=\"og:type\" content=\"article\" \/>\n<meta property=\"og:title\" content=\"Schule - Goethe-Gymnasium Berlin-Wilmersdorf\" \/>\n<meta property=\"og:description\" content=\"Das Goethe-Gymnasium, Berlin-Wilmersdorf, in Stichworten Schulform: humanistisches Gymnasium mit altsprachlichem Bildungsgang, beginnend ab Klasse 5; offener Ganztag; vierz\u00fcgig Fremdsprachenfolge: 1. Weiterlesen ...\" \/>\n<meta property=\"og:url\" content=\"https:\/\/goethe-gymnasium.berlin\/index.php\/schule\/\" \/>\n<meta property=\"og:site_name\" content=\"Goethe-Gymnasium Berlin-Wilmersdorf\" \/>\n<meta property=\"article:publisher\" content=\"https:\/\/www.facebook.com\/pages\/Goethe-Gymnasium\/109376575754402\" \/>\n<meta property=\"article:modified_time\" content=\"2021-09-29T22:03:08+00:00\" \/>\n<meta property=\"og:image\" content=\"https:\/\/goethe-gymnasium.berlin\/wp-content\/uploads\/2018\/10\/goethegym2017.jpg\" \/>\n\t<meta property=\"og:image:width\" content=\"1500\" \/>\n\t<meta property=\"og:image:height\" content=\"1000\" \/>\n\t<meta property=\"og:image:type\" content=\"image\/jpeg\" \/>\n<meta name=\"twitter:card\" content=\"summary_large_image\" \/>\n<meta name=\"twitter:label1\" content=\"Gesch\u00e4tzte Lesezeit\" \/>\n\t<meta name=\"twitter:data1\" content=\"1\u00a0Minute\" \/>\n<script type=\"application\/ld+json\" class=\"yoast-schema-graph\">{\"@context\":\"https:\\\/\\\/schema.org\",\"@graph\":[{\"@type\":\"WebPage\",\"@id\":\"https:\\\/\\\/goethe-gymnasium.berlin\\\/index.php\\\/schule\\\/\",\"url\":\"https:\\\/\\\/goethe-gymnasium.berlin\\\/index.php\\\/schule\\\/\",\"name\":\"Schule - Goethe-Gymnasium Berlin-Wilmersdorf\",\"isPartOf\":{\"@id\":\"https:\\\/\\\/goethe-gymnasium.berlin\\\/#website\"},\"primaryImageOfPage\":{\"@id\":\"https:\\\/\\\/goethe-gymnasium.berlin\\\/index.php\\\/schule\\\/#primaryimage\"},\"image\":{\"@id\":\"https:\\\/\\\/goethe-gymnasium.berlin\\\/index.php\\\/schule\\\/#primaryimage\"},\"thumbnailUrl\":\"https:\\\/\\\/goethe-gymnasium.berlin\\\/wp-content\\\/uploads\\\/2018\\\/10\\\/goethegym2017.jpg\",\"datePublished\":\"2018-04-24T10:58:47+00:00\",\"dateModified\":\"2021-09-29T22:03:08+00:00\",\"breadcrumb\":{\"@id\":\"https:\\\/\\\/goethe-gymnasium.berlin\\\/index.php\\\/schule\\\/#breadcrumb\"},\"inLanguage\":\"de\",\"potentialAction\":[{\"@type\":\"ReadAction\",\"target\":[\"https:\\\/\\\/goethe-gymnasium.berlin\\\/index.php\\\/schule\\\/\"]}]},{\"@type\":\"ImageObject\",\"inLanguage\":\"de\",\"@id\":\"https:\\\/\\\/goethe-gymnasium.berlin\\\/index.php\\\/schule\\\/#primaryimage\",\"url\":\"https:\\\/\\\/goethe-gymnasium.berlin\\\/wp-content\\\/uploads\\\/2018\\\/10\\\/goethegym2017.jpg\",\"contentUrl\":\"https:\\\/\\\/goethe-gymnasium.berlin\\\/wp-content\\\/uploads\\\/2018\\\/10\\\/goethegym2017.jpg\",\"width\":1500,\"height\":1000,\"caption\":\"Schulhaus 2017 (nach der Fassadenreinigung)\"},{\"@type\":\"BreadcrumbList\",\"@id\":\"https:\\\/\\\/goethe-gymnasium.berlin\\\/index.php\\\/schule\\\/#breadcrumb\",\"itemListElement\":[{\"@type\":\"ListItem\",\"position\":1,\"name\":\"Startseite\",\"item\":\"https:\\\/\\\/goethe-gymnasium.berlin\\\/\"},{\"@type\":\"ListItem\",\"position\":2,\"name\":\"Schule\"}]},{\"@type\":\"WebSite\",\"@id\":\"https:\\\/\\\/goethe-gymnasium.berlin\\\/#website\",\"url\":\"https:\\\/\\\/goethe-gymnasium.berlin\\\/\",\"name\":\"Goethe-Gymnasium Berlin-Wilmersdorf\",\"description\":\"\",\"publisher\":{\"@id\":\"https:\\\/\\\/goethe-gymnasium.berlin\\\/#organization\"},\"potentialAction\":[{\"@type\":\"SearchAction\",\"target\":{\"@type\":\"EntryPoint\",\"urlTemplate\":\"https:\\\/\\\/goethe-gymnasium.berlin\\\/?s={search_term_string}\"},\"query-input\":{\"@type\":\"PropertyValueSpecification\",\"valueRequired\":true,\"valueName\":\"search_term_string\"}}],\"inLanguage\":\"de\"},{\"@type\":\"Organization\",\"@id\":\"https:\\\/\\\/goethe-gymnasium.berlin\\\/#organization\",\"name\":\"Goethe-Gymnasium Berlin-Wilmersdorf\",\"url\":\"https:\\\/\\\/goethe-gymnasium.berlin\\\/\",\"logo\":{\"@type\":\"ImageObject\",\"inLanguage\":\"de\",\"@id\":\"https:\\\/\\\/goethe-gymnasium.berlin\\\/#\\\/schema\\\/logo\\\/image\\\/\",\"url\":\"https:\\\/\\\/goethe-gymnasium.berlin\\\/wp-content\\\/uploads\\\/2018\\\/04\\\/goethe-logo_hoch.png\",\"contentUrl\":\"https:\\\/\\\/goethe-gymnasium.berlin\\\/wp-content\\\/uploads\\\/2018\\\/04\\\/goethe-logo_hoch.png\",\"width\":755,\"height\":514,\"caption\":\"Goethe-Gymnasium Berlin-Wilmersdorf\"},\"image\":{\"@id\":\"https:\\\/\\\/goethe-gymnasium.berlin\\\/#\\\/schema\\\/logo\\\/image\\\/\"},\"sameAs\":[\"https:\\\/\\\/www.facebook.com\\\/pages\\\/Goethe-Gymnasium\\\/109376575754402\",\"https:\\\/\\\/www.youtube.com\\\/channel\\\/UCMKuMVF9h_YkS3zmEp7SnzQ\"]}]}<\/script>\n<!-- \/ Yoast SEO plugin. -->","yoast_head_json":{"title":"Schule - Goethe-Gymnasium Berlin-Wilmersdorf","robots":{"index":"index","follow":"follow","max-snippet":"max-snippet:-1","max-image-preview":"max-image-preview:large","max-video-preview":"max-video-preview:-1"},"canonical":"https:\/\/goethe-gymnasium.berlin\/index.php\/schule\/","og_locale":"de_DE","og_type":"article","og_title":"Schule - Goethe-Gymnasium Berlin-Wilmersdorf","og_description":"Das Goethe-Gymnasium, Berlin-Wilmersdorf, in Stichworten Schulform: humanistisches Gymnasium mit altsprachlichem Bildungsgang, beginnend ab Klasse 5; offener Ganztag; vierz\u00fcgig Fremdsprachenfolge: 1. Weiterlesen ...","og_url":"https:\/\/goethe-gymnasium.berlin\/index.php\/schule\/","og_site_name":"Goethe-Gymnasium Berlin-Wilmersdorf","article_publisher":"https:\/\/www.facebook.com\/pages\/Goethe-Gymnasium\/109376575754402","article_modified_time":"2021-09-29T22:03:08+00:00","og_image":[{"width":1500,"height":1000,"url":"https:\/\/goethe-gymnasium.berlin\/wp-content\/uploads\/2018\/10\/goethegym2017.jpg","type":"image\/jpeg"}],"twitter_card":"summary_large_image","twitter_misc":{"Gesch\u00e4tzte Lesezeit":"1\u00a0Minute"},"schema":{"@context":"https:\/\/schema.org","@graph":[{"@type":"WebPage","@id":"https:\/\/goethe-gymnasium.berlin\/index.php\/schule\/","url":"https:\/\/goethe-gymnasium.berlin\/index.php\/schule\/","name":"Schule - Goethe-Gymnasium Berlin-Wilmersdorf","isPartOf":{"@id":"https:\/\/goethe-gymnasium.berlin\/#website"},"primaryImageOfPage":{"@id":"https:\/\/goethe-gymnasium.berlin\/index.php\/schule\/#primaryimage"},"image":{"@id":"https:\/\/goethe-gymnasium.berlin\/index.php\/schule\/#primaryimage"},"thumbnailUrl":"https:\/\/goethe-gymnasium.berlin\/wp-content\/uploads\/2018\/10\/goethegym2017.jpg","datePublished":"2018-04-24T10:58:47+00:00","dateModified":"2021-09-29T22:03:08+00:00","breadcrumb":{"@id":"https:\/\/goethe-gymnasium.berlin\/index.php\/schule\/#breadcrumb"},"inLanguage":"de","potentialAction":[{"@type":"ReadAction","target":["https:\/\/goethe-gymnasium.berlin\/index.php\/schule\/"]}]},{"@type":"ImageObject","inLanguage":"de","@id":"https:\/\/goethe-gymnasium.berlin\/index.php\/schule\/#primaryimage","url":"https:\/\/goethe-gymnasium.berlin\/wp-content\/uploads\/2018\/10\/goethegym2017.jpg","contentUrl":"https:\/\/goethe-gymnasium.berlin\/wp-content\/uploads\/2018\/10\/goethegym2017.jpg","width":1500,"height":1000,"caption":"Schulhaus 2017 (nach der Fassadenreinigung)"},{"@type":"BreadcrumbList","@id":"https:\/\/goethe-gymnasium.berlin\/index.php\/schule\/#breadcrumb","itemListElement":[{"@type":"ListItem","position":1,"name":"Startseite","item":"https:\/\/goethe-gymnasium.berlin\/"},{"@type":"ListItem","position":2,"name":"Schule"}]},{"@type":"WebSite","@id":"https:\/\/goethe-gymnasium.berlin\/#website","url":"https:\/\/goethe-gymnasium.berlin\/","name":"Goethe-Gymnasium Berlin-Wilmersdorf","description":"","publisher":{"@id":"https:\/\/goethe-gymnasium.berlin\/#organization"},"potentialAction":[{"@type":"SearchAction","target":{"@type":"EntryPoint","urlTemplate":"https:\/\/goethe-gymnasium.berlin\/?s={search_term_string}"},"query-input":{"@type":"PropertyValueSpecification","valueRequired":true,"valueName":"search_term_string"}}],"inLanguage":"de"},{"@type":"Organization","@id":"https:\/\/goethe-gymnasium.berlin\/#organization","name":"Goethe-Gymnasium Berlin-Wilmersdorf","url":"https:\/\/goethe-gymnasium.berlin\/","logo":{"@type":"ImageObject","inLanguage":"de","@id":"https:\/\/goethe-gymnasium.berlin\/#\/schema\/logo\/image\/","url":"https:\/\/goethe-gymnasium.berlin\/wp-content\/uploads\/2018\/04\/goethe-logo_hoch.png","contentUrl":"https:\/\/goethe-gymnasium.berlin\/wp-content\/uploads\/2018\/04\/goethe-logo_hoch.png","width":755,"height":514,"caption":"Goethe-Gymnasium Berlin-Wilmersdorf"},"image":{"@id":"https:\/\/goethe-gymnasium.berlin\/#\/schema\/logo\/image\/"},"sameAs":["https:\/\/www.facebook.com\/pages\/Goethe-Gymnasium\/109376575754402","https:\/\/www.youtube.com\/channel\/UCMKuMVF9h_YkS3zmEp7SnzQ"]}]}},"_links":{"self":[{"href":"https:\/\/goethe-gymnasium.berlin\/index.php\/wp-json\/wp\/v2\/pages\/18","targetHints":{"allow":["GET"]}}],"collection":[{"href":"https:\/\/goethe-gymnasium.berlin\/index.php\/wp-json\/wp\/v2\/pages"}],"about":[{"href":"https:\/\/goethe-gymnasium.berlin\/index.php\/wp-json\/wp\/v2\/types\/page"}],"author":[{"embeddable":true,"href":"https:\/\/goethe-gymnasium.berlin\/index.php\/wp-json\/wp\/v2\/users\/1"}],"replies":[{"embeddable":true,"href":"https:\/\/goethe-gymnasium.berlin\/index.php\/wp-json\/wp\/v2\/comments?post=18"}],"version-history":[{"count":18,"href":"https:\/\/goethe-gymnasium.berlin\/index.php\/wp-json\/wp\/v2\/pages\/18\/revisions"}],"predecessor-version":[{"id":8021,"href":"https:\/\/goethe-gymnasium.berlin\/index.php\/wp-json\/wp\/v2\/pages\/18\/revisions\/8021"}],"wp:featuredmedia":[{"embeddable":true,"href":"https:\/\/goethe-gymnasium.berlin\/index.php\/wp-json\/wp\/v2\/media\/1899"}],"wp:attachment":[{"href":"https:\/\/goethe-gymnasium.berlin\/index.php\/wp-json\/wp\/v2\/media?parent=18"}],"wp:term":[{"taxonomy":"category","embeddable":true,"href":"https:\/\/goethe-gymnasium.berlin\/index.php\/wp-json\/wp\/v2\/categories?post=18"},{"taxonomy":"post_tag","embeddable":true,"href":"https:\/\/goethe-gymnasium.berlin\/index.php\/wp-json\/wp\/v2\/tags?post=18"}],"curies":[{"name":"wp","href":"https:\/\/api.w.org\/{rel}","templated":true}]}}