{"id":179,"date":"2018-04-24T19:07:05","date_gmt":"2018-04-24T19:07:05","guid":{"rendered":"http:\/\/goethe-gymnasium.berlin\/?page_id=179"},"modified":"2024-11-24T20:27:55","modified_gmt":"2024-11-24T19:27:55","slug":"mint-faecher","status":"publish","type":"page","link":"https:\/\/goethe-gymnasium.berlin\/index.php\/mint-faecher\/","title":{"rendered":"MINT-F\u00e4cher"},"content":{"rendered":"\n<p>MINT steht als Abk\u00fcrzung f\u00fcr Mathematik, Informatik, Naturwissenschaften und Technik. An unserer Schule wird der MINT-Unterricht durch folgende F\u00e4cher abgedeckt:<\/p>\n\n\n\n<ul class=\"wp-block-list\">\n<li><a href=\"http:\/\/goethe-gymnasium.berlin\/index.php\/mathematik\/\">Mathematik<\/a><\/li>\n\n\n\n<li><a href=\"http:\/\/goethe-gymnasium.berlin\/index.php\/informatik\/\">Informatik<\/a><\/li>\n\n\n\n<li><a href=\"http:\/\/goethe-gymnasium.berlin\/index.php\/nawi\/\">NaWi<\/a> (Klasse 5 und 6)<\/li>\n\n\n\n<li><a href=\"http:\/\/goethe-gymnasium.berlin\/index.php\/biologie\/\">Biologie<\/a><\/li>\n\n\n\n<li><a href=\"http:\/\/goethe-gymnasium.berlin\/index.php\/chemie\/\">Chemie<\/a><\/li>\n\n\n\n<li><a href=\"http:\/\/goethe-gymnasium.berlin\/index.php\/physik\/\">Physik<\/a><\/li>\n<\/ul>\n\n\n\n<h4 class=\"wp-block-heading\">Mint-Freundlichkeit des Goethe-Gymnasiums<\/h4>\n\n\n\n<p>Eine St\u00e4rke des Goethe-Gymnasiums ist zweifelsfrei der hohe Stellenwert des mathematisch-naturwissenschaftlichen Bereichs an unserer Schule. Mathematik und die drei Naturwissenschaften werden traditionell durchg\u00e4ngig als Leistungskurse angeboten und von unseren Sch\u00fclerinnen und Sch\u00fclern stark nachgefragt. Der Teilungsunterricht, den wir mit hoher Priorit\u00e4t in den unteren Jahrgangsstufen anbieten, bereitet hierf\u00fcr das Fundament. Aber auch die vielen <a href=\"https:\/\/goethe-gymnasium.berlin\/index.php\/mint-faecher\/projekte-der-naturwissenschaftlichen-faecher\/\" target=\"_blank\" rel=\"noreferrer noopener\">Projekte und Exkursionen<\/a> sowie die <a href=\"https:\/\/goethe-gymnasium.berlin\/index.php\/schule\/arbeitsgemeinschaften\/\">Arbeitsgemeinschaften<\/a> in den Naturwissenschaften, der Informatik und der Mathematik, die unsere Sch\u00fclerinnen und Sch\u00fcler belegen k\u00f6nnen, tragen zur Attraktivit\u00e4t der so genannten MINT-F\u00e4cher bei.<\/p>\n\n\n\n<p>Im Jahr 2022 haben wir uns zum ersten Mal um das Schullabel \u201e<a href=\"https:\/\/mintzukunftschaffen.de\/mint-freundliche-schule\/\" target=\"_blank\" rel=\"noreferrer noopener\">MINT-freundliche Schule<\/a>\u201c beworben. Um die Auszeichnung zu erhalten, sind einige neue Angebote in diesem Bereich dazugekommen oder befinden sich im Aufbau: Informatik wurde ab dem Schuljahr 2020\/21 wieder in den F\u00e4cherkanon aufgenommen und kann jetzt auch als Abiturfach belegt werden.<\/p>\n\n\n\n<p>So konnten wir erfreulicherweise im November 2023 die <a href=\"https:\/\/goethe-gymnasium.berlin\/index.php\/2023\/12\/04\/auszeichnung-mint-freundliche-schule\/\" target=\"_blank\" rel=\"noreferrer noopener\">Auszeichnung &#8222;MINT-freundliche Schule&#8220;<\/a> entgegennehmen, die nun bis 2026 g\u00fcltig ist.<\/p>\n\n\n\n<p>Auch das <strong>\u201e<a href=\"https:\/\/goethe-gymnasium.berlin\/index.php\/mint-faecher\/projekte-der-naturwissenschaftlichen-faecher\/\" target=\"_blank\" rel=\"noreferrer noopener\">Science-Camp<\/a>\u201d<\/strong> geh\u00f6rt zu den neueren Projekt im MINT-Bereich. Hier k\u00f6nnen interessierte Sch\u00fclerinnen und Sch\u00fcler der Jahrg\u00e4nge 7 bis 10\u00a0projektorientiert die Naturwissenschaften erkunden. Dazu sind wir im Mai 2022 zum ersten Mal mit einer Gruppe von 14 Teilnehmenden ins Westhavelland gefahren, um dort Gew\u00e4sser zu untersuchen, Sterne und Planeten zu beobachten und Wasserraketen in m\u00f6glichst gro\u00dfe H\u00f6he zu katapultieren: ein gro\u00dfer Spa\u00df f\u00fcr alle und ein riesiger Erfolg!<\/p>\n\n\n\n<p>Verantwortliche f\u00fcr die MINT-F\u00e4cher: Herr B\u00fcssow, Herr Witte<br>Kontakt: <a href=\"mailto:science@goethe-gymnasium.berlin\" target=\"_blank\" rel=\"noreferrer noopener\">science@goethe-gymnasium.berlin<\/a><\/p>\n","protected":false},"excerpt":{"rendered":"<p>MINT steht als Abk\u00fcrzung f\u00fcr Mathematik, Informatik, Naturwissenschaften und Technik. An unserer Schule wird der MINT-Unterricht durch folgende F\u00e4cher abgedeckt: <a class=\"more-link\" href=\"https:\/\/goethe-gymnasium.berlin\/index.php\/mint-faecher\/\">Weiterlesen &#8230;<\/a><\/p>\n","protected":false},"author":1,"featured_media":11289,"parent":0,"menu_order":0,"comment_status":"closed","ping_status":"closed","template":"","meta":{"footnotes":""},"categories":[10],"tags":[60],"class_list":["post-179","page","type-page","status-publish","has-post-thumbnail","hentry","category-faecher","tag-informationen"],"yoast_head":"<!-- This site is optimized with the Yoast SEO plugin v27.3 - https:\/\/yoast.com\/product\/yoast-seo-wordpress\/ -->\n<title>MINT-F\u00e4cher - Goethe-Gymnasium Berlin-Wilmersdorf<\/title>\n<meta name=\"robots\" content=\"index, follow, max-snippet:-1, max-image-preview:large, max-video-preview:-1\" \/>\n<link rel=\"canonical\" href=\"https:\/\/goethe-gymnasium.berlin\/index.php\/mint-faecher\/\" \/>\n<meta property=\"og:locale\" content=\"de_DE\" \/>\n<meta property=\"og:type\" content=\"article\" \/>\n<meta property=\"og:title\" content=\"MINT-F\u00e4cher - Goethe-Gymnasium Berlin-Wilmersdorf\" \/>\n<meta property=\"og:description\" content=\"MINT steht als Abk\u00fcrzung f\u00fcr Mathematik, Informatik, Naturwissenschaften und Technik. An unserer Schule wird der MINT-Unterricht durch folgende F\u00e4cher abgedeckt: Weiterlesen ...\" \/>\n<meta property=\"og:url\" content=\"https:\/\/goethe-gymnasium.berlin\/index.php\/mint-faecher\/\" \/>\n<meta property=\"og:site_name\" content=\"Goethe-Gymnasium Berlin-Wilmersdorf\" \/>\n<meta property=\"article:publisher\" content=\"https:\/\/www.facebook.com\/pages\/Goethe-Gymnasium\/109376575754402\" \/>\n<meta property=\"article:modified_time\" content=\"2024-11-24T19:27:55+00:00\" \/>\n<meta property=\"og:image\" content=\"https:\/\/goethe-gymnasium.berlin\/wp-content\/uploads\/2023\/12\/mint-logo_23.jpg\" \/>\n\t<meta property=\"og:image:width\" content=\"1064\" \/>\n\t<meta property=\"og:image:height\" content=\"533\" \/>\n\t<meta property=\"og:image:type\" content=\"image\/jpeg\" \/>\n<meta name=\"twitter:card\" content=\"summary_large_image\" \/>\n<meta name=\"twitter:label1\" content=\"Gesch\u00e4tzte Lesezeit\" \/>\n\t<meta name=\"twitter:data1\" content=\"2\u00a0Minuten\" \/>\n<script type=\"application\/ld+json\" class=\"yoast-schema-graph\">{\"@context\":\"https:\\\/\\\/schema.org\",\"@graph\":[{\"@type\":\"WebPage\",\"@id\":\"https:\\\/\\\/goethe-gymnasium.berlin\\\/index.php\\\/mint-faecher\\\/\",\"url\":\"https:\\\/\\\/goethe-gymnasium.berlin\\\/index.php\\\/mint-faecher\\\/\",\"name\":\"MINT-F\u00e4cher - Goethe-Gymnasium Berlin-Wilmersdorf\",\"isPartOf\":{\"@id\":\"https:\\\/\\\/goethe-gymnasium.berlin\\\/#website\"},\"primaryImageOfPage\":{\"@id\":\"https:\\\/\\\/goethe-gymnasium.berlin\\\/index.php\\\/mint-faecher\\\/#primaryimage\"},\"image\":{\"@id\":\"https:\\\/\\\/goethe-gymnasium.berlin\\\/index.php\\\/mint-faecher\\\/#primaryimage\"},\"thumbnailUrl\":\"https:\\\/\\\/goethe-gymnasium.berlin\\\/wp-content\\\/uploads\\\/2023\\\/12\\\/mint-logo_23.jpg\",\"datePublished\":\"2018-04-24T19:07:05+00:00\",\"dateModified\":\"2024-11-24T19:27:55+00:00\",\"breadcrumb\":{\"@id\":\"https:\\\/\\\/goethe-gymnasium.berlin\\\/index.php\\\/mint-faecher\\\/#breadcrumb\"},\"inLanguage\":\"de\",\"potentialAction\":[{\"@type\":\"ReadAction\",\"target\":[\"https:\\\/\\\/goethe-gymnasium.berlin\\\/index.php\\\/mint-faecher\\\/\"]}]},{\"@type\":\"ImageObject\",\"inLanguage\":\"de\",\"@id\":\"https:\\\/\\\/goethe-gymnasium.berlin\\\/index.php\\\/mint-faecher\\\/#primaryimage\",\"url\":\"https:\\\/\\\/goethe-gymnasium.berlin\\\/wp-content\\\/uploads\\\/2023\\\/12\\\/mint-logo_23.jpg\",\"contentUrl\":\"https:\\\/\\\/goethe-gymnasium.berlin\\\/wp-content\\\/uploads\\\/2023\\\/12\\\/mint-logo_23.jpg\",\"width\":1064,\"height\":533},{\"@type\":\"BreadcrumbList\",\"@id\":\"https:\\\/\\\/goethe-gymnasium.berlin\\\/index.php\\\/mint-faecher\\\/#breadcrumb\",\"itemListElement\":[{\"@type\":\"ListItem\",\"position\":1,\"name\":\"Startseite\",\"item\":\"https:\\\/\\\/goethe-gymnasium.berlin\\\/\"},{\"@type\":\"ListItem\",\"position\":2,\"name\":\"MINT-F\u00e4cher\"}]},{\"@type\":\"WebSite\",\"@id\":\"https:\\\/\\\/goethe-gymnasium.berlin\\\/#website\",\"url\":\"https:\\\/\\\/goethe-gymnasium.berlin\\\/\",\"name\":\"Goethe-Gymnasium Berlin-Wilmersdorf\",\"description\":\"\",\"publisher\":{\"@id\":\"https:\\\/\\\/goethe-gymnasium.berlin\\\/#organization\"},\"potentialAction\":[{\"@type\":\"SearchAction\",\"target\":{\"@type\":\"EntryPoint\",\"urlTemplate\":\"https:\\\/\\\/goethe-gymnasium.berlin\\\/?s={search_term_string}\"},\"query-input\":{\"@type\":\"PropertyValueSpecification\",\"valueRequired\":true,\"valueName\":\"search_term_string\"}}],\"inLanguage\":\"de\"},{\"@type\":\"Organization\",\"@id\":\"https:\\\/\\\/goethe-gymnasium.berlin\\\/#organization\",\"name\":\"Goethe-Gymnasium Berlin-Wilmersdorf\",\"url\":\"https:\\\/\\\/goethe-gymnasium.berlin\\\/\",\"logo\":{\"@type\":\"ImageObject\",\"inLanguage\":\"de\",\"@id\":\"https:\\\/\\\/goethe-gymnasium.berlin\\\/#\\\/schema\\\/logo\\\/image\\\/\",\"url\":\"https:\\\/\\\/goethe-gymnasium.berlin\\\/wp-content\\\/uploads\\\/2018\\\/04\\\/goethe-logo_hoch.png\",\"contentUrl\":\"https:\\\/\\\/goethe-gymnasium.berlin\\\/wp-content\\\/uploads\\\/2018\\\/04\\\/goethe-logo_hoch.png\",\"width\":755,\"height\":514,\"caption\":\"Goethe-Gymnasium Berlin-Wilmersdorf\"},\"image\":{\"@id\":\"https:\\\/\\\/goethe-gymnasium.berlin\\\/#\\\/schema\\\/logo\\\/image\\\/\"},\"sameAs\":[\"https:\\\/\\\/www.facebook.com\\\/pages\\\/Goethe-Gymnasium\\\/109376575754402\",\"https:\\\/\\\/www.youtube.com\\\/channel\\\/UCMKuMVF9h_YkS3zmEp7SnzQ\"]}]}<\/script>\n<!-- \/ Yoast SEO plugin. -->","yoast_head_json":{"title":"MINT-F\u00e4cher - Goethe-Gymnasium Berlin-Wilmersdorf","robots":{"index":"index","follow":"follow","max-snippet":"max-snippet:-1","max-image-preview":"max-image-preview:large","max-video-preview":"max-video-preview:-1"},"canonical":"https:\/\/goethe-gymnasium.berlin\/index.php\/mint-faecher\/","og_locale":"de_DE","og_type":"article","og_title":"MINT-F\u00e4cher - Goethe-Gymnasium Berlin-Wilmersdorf","og_description":"MINT steht als Abk\u00fcrzung f\u00fcr Mathematik, Informatik, Naturwissenschaften und Technik. An unserer Schule wird der MINT-Unterricht durch folgende F\u00e4cher abgedeckt: Weiterlesen ...","og_url":"https:\/\/goethe-gymnasium.berlin\/index.php\/mint-faecher\/","og_site_name":"Goethe-Gymnasium Berlin-Wilmersdorf","article_publisher":"https:\/\/www.facebook.com\/pages\/Goethe-Gymnasium\/109376575754402","article_modified_time":"2024-11-24T19:27:55+00:00","og_image":[{"width":1064,"height":533,"url":"https:\/\/goethe-gymnasium.berlin\/wp-content\/uploads\/2023\/12\/mint-logo_23.jpg","type":"image\/jpeg"}],"twitter_card":"summary_large_image","twitter_misc":{"Gesch\u00e4tzte Lesezeit":"2\u00a0Minuten"},"schema":{"@context":"https:\/\/schema.org","@graph":[{"@type":"WebPage","@id":"https:\/\/goethe-gymnasium.berlin\/index.php\/mint-faecher\/","url":"https:\/\/goethe-gymnasium.berlin\/index.php\/mint-faecher\/","name":"MINT-F\u00e4cher - Goethe-Gymnasium Berlin-Wilmersdorf","isPartOf":{"@id":"https:\/\/goethe-gymnasium.berlin\/#website"},"primaryImageOfPage":{"@id":"https:\/\/goethe-gymnasium.berlin\/index.php\/mint-faecher\/#primaryimage"},"image":{"@id":"https:\/\/goethe-gymnasium.berlin\/index.php\/mint-faecher\/#primaryimage"},"thumbnailUrl":"https:\/\/goethe-gymnasium.berlin\/wp-content\/uploads\/2023\/12\/mint-logo_23.jpg","datePublished":"2018-04-24T19:07:05+00:00","dateModified":"2024-11-24T19:27:55+00:00","breadcrumb":{"@id":"https:\/\/goethe-gymnasium.berlin\/index.php\/mint-faecher\/#breadcrumb"},"inLanguage":"de","potentialAction":[{"@type":"ReadAction","target":["https:\/\/goethe-gymnasium.berlin\/index.php\/mint-faecher\/"]}]},{"@type":"ImageObject","inLanguage":"de","@id":"https:\/\/goethe-gymnasium.berlin\/index.php\/mint-faecher\/#primaryimage","url":"https:\/\/goethe-gymnasium.berlin\/wp-content\/uploads\/2023\/12\/mint-logo_23.jpg","contentUrl":"https:\/\/goethe-gymnasium.berlin\/wp-content\/uploads\/2023\/12\/mint-logo_23.jpg","width":1064,"height":533},{"@type":"BreadcrumbList","@id":"https:\/\/goethe-gymnasium.berlin\/index.php\/mint-faecher\/#breadcrumb","itemListElement":[{"@type":"ListItem","position":1,"name":"Startseite","item":"https:\/\/goethe-gymnasium.berlin\/"},{"@type":"ListItem","position":2,"name":"MINT-F\u00e4cher"}]},{"@type":"WebSite","@id":"https:\/\/goethe-gymnasium.berlin\/#website","url":"https:\/\/goethe-gymnasium.berlin\/","name":"Goethe-Gymnasium Berlin-Wilmersdorf","description":"","publisher":{"@id":"https:\/\/goethe-gymnasium.berlin\/#organization"},"potentialAction":[{"@type":"SearchAction","target":{"@type":"EntryPoint","urlTemplate":"https:\/\/goethe-gymnasium.berlin\/?s={search_term_string}"},"query-input":{"@type":"PropertyValueSpecification","valueRequired":true,"valueName":"search_term_string"}}],"inLanguage":"de"},{"@type":"Organization","@id":"https:\/\/goethe-gymnasium.berlin\/#organization","name":"Goethe-Gymnasium Berlin-Wilmersdorf","url":"https:\/\/goethe-gymnasium.berlin\/","logo":{"@type":"ImageObject","inLanguage":"de","@id":"https:\/\/goethe-gymnasium.berlin\/#\/schema\/logo\/image\/","url":"https:\/\/goethe-gymnasium.berlin\/wp-content\/uploads\/2018\/04\/goethe-logo_hoch.png","contentUrl":"https:\/\/goethe-gymnasium.berlin\/wp-content\/uploads\/2018\/04\/goethe-logo_hoch.png","width":755,"height":514,"caption":"Goethe-Gymnasium Berlin-Wilmersdorf"},"image":{"@id":"https:\/\/goethe-gymnasium.berlin\/#\/schema\/logo\/image\/"},"sameAs":["https:\/\/www.facebook.com\/pages\/Goethe-Gymnasium\/109376575754402","https:\/\/www.youtube.com\/channel\/UCMKuMVF9h_YkS3zmEp7SnzQ"]}]}},"_links":{"self":[{"href":"https:\/\/goethe-gymnasium.berlin\/index.php\/wp-json\/wp\/v2\/pages\/179","targetHints":{"allow":["GET"]}}],"collection":[{"href":"https:\/\/goethe-gymnasium.berlin\/index.php\/wp-json\/wp\/v2\/pages"}],"about":[{"href":"https:\/\/goethe-gymnasium.berlin\/index.php\/wp-json\/wp\/v2\/types\/page"}],"author":[{"embeddable":true,"href":"https:\/\/goethe-gymnasium.berlin\/index.php\/wp-json\/wp\/v2\/users\/1"}],"replies":[{"embeddable":true,"href":"https:\/\/goethe-gymnasium.berlin\/index.php\/wp-json\/wp\/v2\/comments?post=179"}],"version-history":[{"count":12,"href":"https:\/\/goethe-gymnasium.berlin\/index.php\/wp-json\/wp\/v2\/pages\/179\/revisions"}],"predecessor-version":[{"id":12602,"href":"https:\/\/goethe-gymnasium.berlin\/index.php\/wp-json\/wp\/v2\/pages\/179\/revisions\/12602"}],"wp:featuredmedia":[{"embeddable":true,"href":"https:\/\/goethe-gymnasium.berlin\/index.php\/wp-json\/wp\/v2\/media\/11289"}],"wp:attachment":[{"href":"https:\/\/goethe-gymnasium.berlin\/index.php\/wp-json\/wp\/v2\/media?parent=179"}],"wp:term":[{"taxonomy":"category","embeddable":true,"href":"https:\/\/goethe-gymnasium.berlin\/index.php\/wp-json\/wp\/v2\/categories?post=179"},{"taxonomy":"post_tag","embeddable":true,"href":"https:\/\/goethe-gymnasium.berlin\/index.php\/wp-json\/wp\/v2\/tags?post=179"}],"curies":[{"name":"wp","href":"https:\/\/api.w.org\/{rel}","templated":true}]}}