{"id":175,"date":"2018-04-24T19:06:32","date_gmt":"2018-04-24T19:06:32","guid":{"rendered":"http:\/\/goethe-gymnasium.berlin\/?page_id=175"},"modified":"2021-10-19T23:12:16","modified_gmt":"2021-10-19T21:12:16","slug":"darstellendes-spiel","status":"publish","type":"page","link":"https:\/\/goethe-gymnasium.berlin\/index.php\/musische-faecher\/darstellendes-spiel\/","title":{"rendered":"Darstellendes Spiel"},"content":{"rendered":"\n<p>Theater wird als wichtiger Teil der \u00e4sthetischen und kulturellen Bildung gesehen, die den Menschen bef\u00e4higen soll, sich selbst in (s)einer sozialen Gemeinschaft zu erleben und seine eigenen wie auch Positionen anderer kritisch zu reflektieren.<\/p>\n\n\n\n<p>So wird <strong>Darstellendes Spiel<\/strong> in der Mittelstufe als <strong>AG<\/strong> und in der Oberstufe als dreist\u00fcndiger <strong>Grundkurs<\/strong> angeboten. F\u00fcr den <strong>Oberstufenkurs<\/strong> findet bei \u00dcbernachfrage ggf. ein <strong>Casting<\/strong> statt. <\/p>\n\n\n\n<p>Zu Beginn des Kurses sind<strong> Module<\/strong> zu verschiedenen Themenbereichen angesetzt, die die Sch\u00fcler auf die professionelle Theaterarbeit vorbereiten, da die meisten Sch\u00fcler bis zu diesem Zeitpunkt keine Spielerfahrung haben. Diese Module besch\u00e4ftigen sich mit Aspekten des K\u00f6rpers, des Raumes, der Stimme etc. Begonnen wird mit kleinen \u00dcbungen, die in komplexere Spielsituationen m\u00fcnden. <\/p>\n\n\n\n<p>Nach etwa drei Monaten beginnt die konkrete <strong>Probenarbeit<\/strong> f\u00fcr ein St\u00fcck, das immer kurz vor den Sommerferien aufgef\u00fchrt wird. Es wird in der Aula geprobt und meistens auch gespielt, allerdings gab es auch bereits Auff\u00fchrungen im Treppenhaus. Die Aula verf\u00fcgt nicht \u00fcber eine klassische B\u00fchne, was den Vorteil hat, dass man mit Podestelementen immer neue B\u00fchnensituationen schaffen kann, weshalb es auch eine enge Zusammenarbeit mit der Technik AG gibt. Der Kurs Darstellendes Spiel ist ein jahrgangs\u00fcbergreifender Kurs und auch in der Technik AG arbeiten Sch\u00fcler verschiedener Jahrg\u00e4nge, so dass hier ein positiver und befruchtender Austausch zwischen den Sch\u00fclern entsteht.<\/p>\n\n\n\n<p>In der Erarbeitung und bei den konkreten <a href=\"http:\/\/goethe-gymnasium.berlin\/index.php\/darstellendes-spiel\/ds-auffuehrungen\/\">Auff\u00fchrungen<\/a> steht das uneingeschr\u00e4nkte furchtlose \u201eMachen\u201c im Vordergrund und ist insofern kein Selbstzweck, sondern eine soziale Praxis der Erprobung und Untersuchung dessen, was in der Regel sonst nicht stattfindet oder zumindest unsichtbar und\/oder ungesagt bleibt. Theater ist immer kontextgebunden und unterbricht oftmals den ansonsten nicht enden wollenden Strom an Routinen und ver\u00e4ndert im besten Fall den Diskurs.<\/p>\n\n\n\n<p>Erg\u00e4nzend zum Kurs sind pro Semester mindestens zwei <strong>Theaterbesuche<\/strong> mit den Sch\u00fclern vorgesehen. Kurz vor der sommerlichen Auff\u00fchrung findet eine dreit\u00e4gige Kurs- und<strong> Probenreise<\/strong> statt, bei welcher die Sch\u00fcler nochmals intensiv die Gelegenheit haben, ihre Rolle auszubauen und zu verinnerlichen.<\/p>\n\n\n\n<p class=\"has-text-align-right\"><em>Text, Bilder und Videos: Fachbereich Darstellendes Spiel (Schuljahr 2017\/18)<\/em><\/p>\n","protected":false},"excerpt":{"rendered":"<p>Theater wird als wichtiger Teil der \u00e4sthetischen und kulturellen Bildung gesehen, die den Menschen bef\u00e4higen soll, sich selbst in (s)einer <a class=\"more-link\" href=\"https:\/\/goethe-gymnasium.berlin\/index.php\/musische-faecher\/darstellendes-spiel\/\">Weiterlesen &#8230;<\/a><\/p>\n","protected":false},"author":1,"featured_media":586,"parent":171,"menu_order":0,"comment_status":"closed","ping_status":"closed","template":"","meta":{"footnotes":""},"categories":[125],"tags":[60],"class_list":["post-175","page","type-page","status-publish","has-post-thumbnail","hentry","category-darstellendes-spiel","tag-informationen"],"yoast_head":"<!-- This site is optimized with the Yoast SEO plugin v27.4 - https:\/\/yoast.com\/product\/yoast-seo-wordpress\/ -->\n<title>Darstellendes Spiel - Goethe-Gymnasium Berlin-Wilmersdorf<\/title>\n<meta name=\"description\" content=\"Darstellendes Spiel\" \/>\n<meta name=\"robots\" content=\"index, follow, max-snippet:-1, max-image-preview:large, max-video-preview:-1\" \/>\n<link rel=\"canonical\" href=\"https:\/\/goethe-gymnasium.berlin\/index.php\/musische-faecher\/darstellendes-spiel\/\" \/>\n<meta property=\"og:locale\" content=\"de_DE\" \/>\n<meta property=\"og:type\" content=\"article\" \/>\n<meta property=\"og:title\" content=\"Darstellendes Spiel - Goethe-Gymnasium Berlin-Wilmersdorf\" \/>\n<meta property=\"og:description\" content=\"Darstellendes Spiel\" \/>\n<meta property=\"og:url\" content=\"https:\/\/goethe-gymnasium.berlin\/index.php\/musische-faecher\/darstellendes-spiel\/\" \/>\n<meta property=\"og:site_name\" content=\"Goethe-Gymnasium Berlin-Wilmersdorf\" \/>\n<meta property=\"article:publisher\" content=\"https:\/\/www.facebook.com\/pages\/Goethe-Gymnasium\/109376575754402\" \/>\n<meta property=\"article:modified_time\" content=\"2021-10-19T21:12:16+00:00\" \/>\n<meta property=\"og:image\" content=\"https:\/\/goethe-gymnasium.berlin\/wp-content\/uploads\/2018\/05\/ds2017-01.jpg\" \/>\n\t<meta property=\"og:image:width\" content=\"960\" \/>\n\t<meta property=\"og:image:height\" content=\"642\" \/>\n\t<meta property=\"og:image:type\" content=\"image\/jpeg\" \/>\n<meta name=\"twitter:card\" content=\"summary_large_image\" \/>\n<meta name=\"twitter:label1\" content=\"Gesch\u00e4tzte Lesezeit\" \/>\n\t<meta name=\"twitter:data1\" content=\"2\u00a0Minuten\" \/>\n<script type=\"application\/ld+json\" class=\"yoast-schema-graph\">{\"@context\":\"https:\\\/\\\/schema.org\",\"@graph\":[{\"@type\":\"WebPage\",\"@id\":\"https:\\\/\\\/goethe-gymnasium.berlin\\\/index.php\\\/musische-faecher\\\/darstellendes-spiel\\\/\",\"url\":\"https:\\\/\\\/goethe-gymnasium.berlin\\\/index.php\\\/musische-faecher\\\/darstellendes-spiel\\\/\",\"name\":\"Darstellendes Spiel - Goethe-Gymnasium Berlin-Wilmersdorf\",\"isPartOf\":{\"@id\":\"https:\\\/\\\/goethe-gymnasium.berlin\\\/#website\"},\"primaryImageOfPage\":{\"@id\":\"https:\\\/\\\/goethe-gymnasium.berlin\\\/index.php\\\/musische-faecher\\\/darstellendes-spiel\\\/#primaryimage\"},\"image\":{\"@id\":\"https:\\\/\\\/goethe-gymnasium.berlin\\\/index.php\\\/musische-faecher\\\/darstellendes-spiel\\\/#primaryimage\"},\"thumbnailUrl\":\"https:\\\/\\\/goethe-gymnasium.berlin\\\/wp-content\\\/uploads\\\/2018\\\/05\\\/ds2017-01.jpg\",\"datePublished\":\"2018-04-24T19:06:32+00:00\",\"dateModified\":\"2021-10-19T21:12:16+00:00\",\"description\":\"Darstellendes Spiel\",\"breadcrumb\":{\"@id\":\"https:\\\/\\\/goethe-gymnasium.berlin\\\/index.php\\\/musische-faecher\\\/darstellendes-spiel\\\/#breadcrumb\"},\"inLanguage\":\"de\",\"potentialAction\":[{\"@type\":\"ReadAction\",\"target\":[\"https:\\\/\\\/goethe-gymnasium.berlin\\\/index.php\\\/musische-faecher\\\/darstellendes-spiel\\\/\"]}]},{\"@type\":\"ImageObject\",\"inLanguage\":\"de\",\"@id\":\"https:\\\/\\\/goethe-gymnasium.berlin\\\/index.php\\\/musische-faecher\\\/darstellendes-spiel\\\/#primaryimage\",\"url\":\"https:\\\/\\\/goethe-gymnasium.berlin\\\/wp-content\\\/uploads\\\/2018\\\/05\\\/ds2017-01.jpg\",\"contentUrl\":\"https:\\\/\\\/goethe-gymnasium.berlin\\\/wp-content\\\/uploads\\\/2018\\\/05\\\/ds2017-01.jpg\",\"width\":960,\"height\":642},{\"@type\":\"BreadcrumbList\",\"@id\":\"https:\\\/\\\/goethe-gymnasium.berlin\\\/index.php\\\/musische-faecher\\\/darstellendes-spiel\\\/#breadcrumb\",\"itemListElement\":[{\"@type\":\"ListItem\",\"position\":1,\"name\":\"Startseite\",\"item\":\"https:\\\/\\\/goethe-gymnasium.berlin\\\/\"},{\"@type\":\"ListItem\",\"position\":2,\"name\":\"Musische F\u00e4cher\",\"item\":\"https:\\\/\\\/goethe-gymnasium.berlin\\\/index.php\\\/musische-faecher\\\/\"},{\"@type\":\"ListItem\",\"position\":3,\"name\":\"Darstellendes Spiel\"}]},{\"@type\":\"WebSite\",\"@id\":\"https:\\\/\\\/goethe-gymnasium.berlin\\\/#website\",\"url\":\"https:\\\/\\\/goethe-gymnasium.berlin\\\/\",\"name\":\"Goethe-Gymnasium Berlin-Wilmersdorf\",\"description\":\"\",\"publisher\":{\"@id\":\"https:\\\/\\\/goethe-gymnasium.berlin\\\/#organization\"},\"potentialAction\":[{\"@type\":\"SearchAction\",\"target\":{\"@type\":\"EntryPoint\",\"urlTemplate\":\"https:\\\/\\\/goethe-gymnasium.berlin\\\/?s={search_term_string}\"},\"query-input\":{\"@type\":\"PropertyValueSpecification\",\"valueRequired\":true,\"valueName\":\"search_term_string\"}}],\"inLanguage\":\"de\"},{\"@type\":\"Organization\",\"@id\":\"https:\\\/\\\/goethe-gymnasium.berlin\\\/#organization\",\"name\":\"Goethe-Gymnasium Berlin-Wilmersdorf\",\"url\":\"https:\\\/\\\/goethe-gymnasium.berlin\\\/\",\"logo\":{\"@type\":\"ImageObject\",\"inLanguage\":\"de\",\"@id\":\"https:\\\/\\\/goethe-gymnasium.berlin\\\/#\\\/schema\\\/logo\\\/image\\\/\",\"url\":\"https:\\\/\\\/goethe-gymnasium.berlin\\\/wp-content\\\/uploads\\\/2018\\\/04\\\/goethe-logo_hoch.png\",\"contentUrl\":\"https:\\\/\\\/goethe-gymnasium.berlin\\\/wp-content\\\/uploads\\\/2018\\\/04\\\/goethe-logo_hoch.png\",\"width\":755,\"height\":514,\"caption\":\"Goethe-Gymnasium Berlin-Wilmersdorf\"},\"image\":{\"@id\":\"https:\\\/\\\/goethe-gymnasium.berlin\\\/#\\\/schema\\\/logo\\\/image\\\/\"},\"sameAs\":[\"https:\\\/\\\/www.facebook.com\\\/pages\\\/Goethe-Gymnasium\\\/109376575754402\",\"https:\\\/\\\/www.youtube.com\\\/channel\\\/UCMKuMVF9h_YkS3zmEp7SnzQ\"]}]}<\/script>\n<!-- \/ Yoast SEO plugin. -->","yoast_head_json":{"title":"Darstellendes Spiel - Goethe-Gymnasium Berlin-Wilmersdorf","description":"Darstellendes Spiel","robots":{"index":"index","follow":"follow","max-snippet":"max-snippet:-1","max-image-preview":"max-image-preview:large","max-video-preview":"max-video-preview:-1"},"canonical":"https:\/\/goethe-gymnasium.berlin\/index.php\/musische-faecher\/darstellendes-spiel\/","og_locale":"de_DE","og_type":"article","og_title":"Darstellendes Spiel - Goethe-Gymnasium Berlin-Wilmersdorf","og_description":"Darstellendes Spiel","og_url":"https:\/\/goethe-gymnasium.berlin\/index.php\/musische-faecher\/darstellendes-spiel\/","og_site_name":"Goethe-Gymnasium Berlin-Wilmersdorf","article_publisher":"https:\/\/www.facebook.com\/pages\/Goethe-Gymnasium\/109376575754402","article_modified_time":"2021-10-19T21:12:16+00:00","og_image":[{"width":960,"height":642,"url":"https:\/\/goethe-gymnasium.berlin\/wp-content\/uploads\/2018\/05\/ds2017-01.jpg","type":"image\/jpeg"}],"twitter_card":"summary_large_image","twitter_misc":{"Gesch\u00e4tzte Lesezeit":"2\u00a0Minuten"},"schema":{"@context":"https:\/\/schema.org","@graph":[{"@type":"WebPage","@id":"https:\/\/goethe-gymnasium.berlin\/index.php\/musische-faecher\/darstellendes-spiel\/","url":"https:\/\/goethe-gymnasium.berlin\/index.php\/musische-faecher\/darstellendes-spiel\/","name":"Darstellendes Spiel - Goethe-Gymnasium Berlin-Wilmersdorf","isPartOf":{"@id":"https:\/\/goethe-gymnasium.berlin\/#website"},"primaryImageOfPage":{"@id":"https:\/\/goethe-gymnasium.berlin\/index.php\/musische-faecher\/darstellendes-spiel\/#primaryimage"},"image":{"@id":"https:\/\/goethe-gymnasium.berlin\/index.php\/musische-faecher\/darstellendes-spiel\/#primaryimage"},"thumbnailUrl":"https:\/\/goethe-gymnasium.berlin\/wp-content\/uploads\/2018\/05\/ds2017-01.jpg","datePublished":"2018-04-24T19:06:32+00:00","dateModified":"2021-10-19T21:12:16+00:00","description":"Darstellendes Spiel","breadcrumb":{"@id":"https:\/\/goethe-gymnasium.berlin\/index.php\/musische-faecher\/darstellendes-spiel\/#breadcrumb"},"inLanguage":"de","potentialAction":[{"@type":"ReadAction","target":["https:\/\/goethe-gymnasium.berlin\/index.php\/musische-faecher\/darstellendes-spiel\/"]}]},{"@type":"ImageObject","inLanguage":"de","@id":"https:\/\/goethe-gymnasium.berlin\/index.php\/musische-faecher\/darstellendes-spiel\/#primaryimage","url":"https:\/\/goethe-gymnasium.berlin\/wp-content\/uploads\/2018\/05\/ds2017-01.jpg","contentUrl":"https:\/\/goethe-gymnasium.berlin\/wp-content\/uploads\/2018\/05\/ds2017-01.jpg","width":960,"height":642},{"@type":"BreadcrumbList","@id":"https:\/\/goethe-gymnasium.berlin\/index.php\/musische-faecher\/darstellendes-spiel\/#breadcrumb","itemListElement":[{"@type":"ListItem","position":1,"name":"Startseite","item":"https:\/\/goethe-gymnasium.berlin\/"},{"@type":"ListItem","position":2,"name":"Musische F\u00e4cher","item":"https:\/\/goethe-gymnasium.berlin\/index.php\/musische-faecher\/"},{"@type":"ListItem","position":3,"name":"Darstellendes Spiel"}]},{"@type":"WebSite","@id":"https:\/\/goethe-gymnasium.berlin\/#website","url":"https:\/\/goethe-gymnasium.berlin\/","name":"Goethe-Gymnasium Berlin-Wilmersdorf","description":"","publisher":{"@id":"https:\/\/goethe-gymnasium.berlin\/#organization"},"potentialAction":[{"@type":"SearchAction","target":{"@type":"EntryPoint","urlTemplate":"https:\/\/goethe-gymnasium.berlin\/?s={search_term_string}"},"query-input":{"@type":"PropertyValueSpecification","valueRequired":true,"valueName":"search_term_string"}}],"inLanguage":"de"},{"@type":"Organization","@id":"https:\/\/goethe-gymnasium.berlin\/#organization","name":"Goethe-Gymnasium Berlin-Wilmersdorf","url":"https:\/\/goethe-gymnasium.berlin\/","logo":{"@type":"ImageObject","inLanguage":"de","@id":"https:\/\/goethe-gymnasium.berlin\/#\/schema\/logo\/image\/","url":"https:\/\/goethe-gymnasium.berlin\/wp-content\/uploads\/2018\/04\/goethe-logo_hoch.png","contentUrl":"https:\/\/goethe-gymnasium.berlin\/wp-content\/uploads\/2018\/04\/goethe-logo_hoch.png","width":755,"height":514,"caption":"Goethe-Gymnasium Berlin-Wilmersdorf"},"image":{"@id":"https:\/\/goethe-gymnasium.berlin\/#\/schema\/logo\/image\/"},"sameAs":["https:\/\/www.facebook.com\/pages\/Goethe-Gymnasium\/109376575754402","https:\/\/www.youtube.com\/channel\/UCMKuMVF9h_YkS3zmEp7SnzQ"]}]}},"_links":{"self":[{"href":"https:\/\/goethe-gymnasium.berlin\/index.php\/wp-json\/wp\/v2\/pages\/175","targetHints":{"allow":["GET"]}}],"collection":[{"href":"https:\/\/goethe-gymnasium.berlin\/index.php\/wp-json\/wp\/v2\/pages"}],"about":[{"href":"https:\/\/goethe-gymnasium.berlin\/index.php\/wp-json\/wp\/v2\/types\/page"}],"author":[{"embeddable":true,"href":"https:\/\/goethe-gymnasium.berlin\/index.php\/wp-json\/wp\/v2\/users\/1"}],"replies":[{"embeddable":true,"href":"https:\/\/goethe-gymnasium.berlin\/index.php\/wp-json\/wp\/v2\/comments?post=175"}],"version-history":[{"count":7,"href":"https:\/\/goethe-gymnasium.berlin\/index.php\/wp-json\/wp\/v2\/pages\/175\/revisions"}],"predecessor-version":[{"id":8110,"href":"https:\/\/goethe-gymnasium.berlin\/index.php\/wp-json\/wp\/v2\/pages\/175\/revisions\/8110"}],"up":[{"embeddable":true,"href":"https:\/\/goethe-gymnasium.berlin\/index.php\/wp-json\/wp\/v2\/pages\/171"}],"wp:featuredmedia":[{"embeddable":true,"href":"https:\/\/goethe-gymnasium.berlin\/index.php\/wp-json\/wp\/v2\/media\/586"}],"wp:attachment":[{"href":"https:\/\/goethe-gymnasium.berlin\/index.php\/wp-json\/wp\/v2\/media?parent=175"}],"wp:term":[{"taxonomy":"category","embeddable":true,"href":"https:\/\/goethe-gymnasium.berlin\/index.php\/wp-json\/wp\/v2\/categories?post=175"},{"taxonomy":"post_tag","embeddable":true,"href":"https:\/\/goethe-gymnasium.berlin\/index.php\/wp-json\/wp\/v2\/tags?post=175"}],"curies":[{"name":"wp","href":"https:\/\/api.w.org\/{rel}","templated":true}]}}