{"id":173,"date":"2018-04-24T19:06:19","date_gmt":"2018-04-24T19:06:19","guid":{"rendered":"http:\/\/goethe-gymnasium.berlin\/?page_id=173"},"modified":"2025-03-02T00:08:24","modified_gmt":"2025-03-01T23:08:24","slug":"bildende-kunst","status":"publish","type":"page","link":"https:\/\/goethe-gymnasium.berlin\/index.php\/musische-faecher\/bildende-kunst\/","title":{"rendered":"Bildende Kunst"},"content":{"rendered":"\n<p><em>\u201eDie Kunst ist eine Vermittlerin des Unaussprechlichen.\u201c<\/em><\/p>\n\n\n\n<p>Ziel des Faches Bildende Kunst ist die Ausbildung der \u00e4sthetisch-k\u00fcnstlerischen Kompetenz der Sch\u00fcler. In der Auseinandersetzung mit k\u00fcnstlerischen Strategien, Verfahren und Techniken, mit Material verschiedenster Art sowie mit Kunst aus unterschiedlichen Zeiten und Kulturen entfalten Sch\u00fclerinnen und Sch\u00fcler ihre F\u00e4higkeiten, angemessene Ausdrucks- und Gestaltungsm\u00f6glichkeiten f\u00fcr eigene Bed\u00fcrfnisse zu finden.<\/p>\n\n\n\n<p>Hierbei hat sich ein fachinhaltlicher <strong>Schwerpunkt<\/strong> auf den Umgang mit (elektronischen) <strong>Medien&nbsp;und Architektur<\/strong> als besonders interessant und zielf\u00fchrend erwiesen:<\/p>\n\n\n\n<p>Bereits in&nbsp;<strong>Klasse 7<\/strong>&nbsp;werden die Sch\u00fcler und Sch\u00fclerinnen mittels der Isometrie, der Grundrissgestaltung und Einrichtung eines imagin\u00e4ren Raumes an eine r\u00e4umlich-abstrakte Denkweise herangef\u00fchrt, was in&nbsp;<strong>Klasse 8<\/strong>&nbsp;mit der Einf\u00fchrung der zentralperspektivischen Darstellung weiter ausgebaut wird. Sp\u00e4testens in der Sekundarstufe II widmet sich der Unterricht ein ganzes Semester mit Baukonzeptionen unter formalen wie historischen und sozio-kulturellen Blickwinkeln. Die Sch\u00fcler*innen stellen verschiedene Architekturmodelle her.<\/p>\n\n\n\n<p>Auch die Medienerziehung nimmt einen wichtigen Stellenwert am Goethe Gymnasium ein. Bereits in&nbsp;<strong>Klasse 9<\/strong>&nbsp;widmet sich der Unterricht neben dem Zugang zur Malerei der Renaissance dem <strong>Handy<\/strong> als Bild gebendem Medium. In einer Zeit, in der nahezu kein Mensch auf mobile Telekommunikation verzichten m\u00f6chte und Handys zu technisch immer umfangreicher ausgestatteten Objekten werden, macht sich der Kunstunterricht diese Affinit\u00e4t zu nutze und dreht Handyfilme, welche anschlie\u00dfend geschnitten und mit Musik unterlegt werden. In<strong>&nbsp;Klasse 10<\/strong>&nbsp;folgt dann die Heranf\u00fchrung an <strong>Fotografie<\/strong>, indem, neben dem Kennenlernen wichtiger Fotografen, der digitalen Bildbearbeitung besondere Aufmerksamkeit geschenkt wird.<\/p>\n\n\n\n<p>Der&nbsp;<strong>Leistungskurs<\/strong>, der regelm\u00e4\u00dfig aufgrund gro\u00dfen Interesses zustande kommt, widmet sich im ersten Semester dem <strong>Film<\/strong> als narrativem, Bild gebendem Medium und dreht in Projektarbeit eigene Filme.<\/p>\n\n\n\n<p>Diese Unterfangen werden stets begleitet und gerahmt von Hinf\u00fchrungen an kultur-historische Zusammenh\u00e4nge. Neben den regul\u00e4ren Unterrichtsstunden vor Ort nutzt das Fach durch seine spezifische Eignung die M\u00f6glichkeiten au\u00dferschulischen Lernens in besonderem Ma\u00dfe, etwa bei architektonischen&nbsp;<strong>Stadtspazierg\u00e4nge<\/strong>n&nbsp;und themenspezifischen <strong>Museumsexkursionen.<\/strong><\/p>\n\n\n\n<p>Das Fach Bildende Kunst wird in den Klassen 5 bis 10 mit zwei Stunden pro Woche unterrichtet, im neunten Schuljahr epochal (d.h. im ersten oder zweiten Halbjahr) mit Musik, um die Doppelstundenstruktur beizubehalten. In der Oberstufe wird der Leistungskurs f\u00fcnfst\u00fcndig, der Grundkurs dreist\u00fcndig unterrichtet.<\/p>\n\n\n\n<p>Neben einem&nbsp;<strong>Werkraum<\/strong> steht dem Fachbereich auch ein eigener Fachraum, der saal\u00e4hnliche, mit Ma\u00dfwerkfenstern ausgestattete <strong>Kunstraum <\/strong>zur Verf\u00fcgung, der dank der Ausrichtung nach Norden konstant schattenfreie und gleichm\u00e4\u00dfige Lichtverh\u00e4ltnisse bietet.<\/p>\n\n\n\n<h4 class=\"wp-block-heading\"><strong>Weitere Informationen<\/strong><\/h4>\n\n\n\n<ul class=\"wp-block-list\">\n<li><a href=\"https:\/\/goethe-gymnasium.berlin\/wp-content\/uploads\/2019\/08\/SchiC-5-10_Kunst.pdf\" target=\"_blank\" rel=\"noopener noreferrer\">Schulinternes Curriculum Bildende Kunst<\/a> (Klasse 5 bis10; Stand 2019)<\/li>\n\n\n\n<li><a href=\"https:\/\/goethe-gymnasium.berlin\/index.php\/2025\/03\/01\/kunst-kooperation-mit-dem-haus-am-waldsee\/\" target=\"_blank\" rel=\"noreferrer noopener\">Kooperation mit dem Haus am Waldsee<\/a><\/li>\n\n\n\n<li><a href=\"https:\/\/goethe-gymnasium.berlin\/wp-content\/uploads\/2025\/03\/Kunst_Projekt_DoubtandPlay.pdf\" target=\"_blank\" rel=\"noreferrer noopener\">Projekt &#8222;Doubt and Play&#8220;<\/a> (mit dem Haus am Waldsee 2025)<\/li>\n<\/ul>\n\n\n\n<p class=\"has-text-align-right\"><em>Text: Fachbereich Kunst (Schuljahr 2013\/14; aktualisiert 2024\/25)<\/em><br><em>Plakat: Fachbereich Kunst (Schuljahr 2013\/14<\/em>)<\/p>\n\n\n\n<p><\/p>\n","protected":false},"excerpt":{"rendered":"<p>\u201eDie Kunst ist eine Vermittlerin des Unaussprechlichen.\u201c Ziel des Faches Bildende Kunst ist die Ausbildung der \u00e4sthetisch-k\u00fcnstlerischen Kompetenz der Sch\u00fcler. <a class=\"more-link\" href=\"https:\/\/goethe-gymnasium.berlin\/index.php\/musische-faecher\/bildende-kunst\/\">Weiterlesen &#8230;<\/a><\/p>\n","protected":false},"author":1,"featured_media":1260,"parent":171,"menu_order":0,"comment_status":"closed","ping_status":"closed","template":"","meta":{"footnotes":""},"categories":[29],"tags":[60],"class_list":["post-173","page","type-page","status-publish","has-post-thumbnail","hentry","category-kunst","tag-informationen"],"yoast_head":"<!-- This site is optimized with the Yoast SEO plugin v27.3 - https:\/\/yoast.com\/product\/yoast-seo-wordpress\/ -->\n<title>Bildende Kunst - Goethe-Gymnasium Berlin-Wilmersdorf<\/title>\n<meta name=\"description\" content=\"Bildende Kunst\" \/>\n<meta name=\"robots\" content=\"index, follow, max-snippet:-1, max-image-preview:large, max-video-preview:-1\" \/>\n<link rel=\"canonical\" href=\"https:\/\/goethe-gymnasium.berlin\/index.php\/musische-faecher\/bildende-kunst\/\" \/>\n<meta property=\"og:locale\" content=\"de_DE\" \/>\n<meta property=\"og:type\" content=\"article\" \/>\n<meta property=\"og:title\" content=\"Bildende Kunst - Goethe-Gymnasium Berlin-Wilmersdorf\" \/>\n<meta property=\"og:description\" content=\"Bildende Kunst\" \/>\n<meta property=\"og:url\" content=\"https:\/\/goethe-gymnasium.berlin\/index.php\/musische-faecher\/bildende-kunst\/\" \/>\n<meta property=\"og:site_name\" content=\"Goethe-Gymnasium Berlin-Wilmersdorf\" \/>\n<meta property=\"article:publisher\" content=\"https:\/\/www.facebook.com\/pages\/Goethe-Gymnasium\/109376575754402\" \/>\n<meta property=\"article:modified_time\" content=\"2025-03-01T23:08:24+00:00\" \/>\n<meta property=\"og:image\" content=\"https:\/\/goethe-gymnasium.berlin\/wp-content\/uploads\/2018\/08\/kunst-plakat.jpg\" \/>\n\t<meta property=\"og:image:width\" content=\"1127\" \/>\n\t<meta property=\"og:image:height\" content=\"798\" \/>\n\t<meta property=\"og:image:type\" content=\"image\/jpeg\" \/>\n<meta name=\"twitter:card\" content=\"summary_large_image\" \/>\n<meta name=\"twitter:label1\" content=\"Gesch\u00e4tzte Lesezeit\" \/>\n\t<meta name=\"twitter:data1\" content=\"3\u00a0Minuten\" \/>\n<script type=\"application\/ld+json\" class=\"yoast-schema-graph\">{\"@context\":\"https:\\\/\\\/schema.org\",\"@graph\":[{\"@type\":\"WebPage\",\"@id\":\"https:\\\/\\\/goethe-gymnasium.berlin\\\/index.php\\\/musische-faecher\\\/bildende-kunst\\\/\",\"url\":\"https:\\\/\\\/goethe-gymnasium.berlin\\\/index.php\\\/musische-faecher\\\/bildende-kunst\\\/\",\"name\":\"Bildende Kunst - Goethe-Gymnasium Berlin-Wilmersdorf\",\"isPartOf\":{\"@id\":\"https:\\\/\\\/goethe-gymnasium.berlin\\\/#website\"},\"primaryImageOfPage\":{\"@id\":\"https:\\\/\\\/goethe-gymnasium.berlin\\\/index.php\\\/musische-faecher\\\/bildende-kunst\\\/#primaryimage\"},\"image\":{\"@id\":\"https:\\\/\\\/goethe-gymnasium.berlin\\\/index.php\\\/musische-faecher\\\/bildende-kunst\\\/#primaryimage\"},\"thumbnailUrl\":\"https:\\\/\\\/goethe-gymnasium.berlin\\\/wp-content\\\/uploads\\\/2018\\\/08\\\/kunst-plakat.jpg\",\"datePublished\":\"2018-04-24T19:06:19+00:00\",\"dateModified\":\"2025-03-01T23:08:24+00:00\",\"description\":\"Bildende Kunst\",\"breadcrumb\":{\"@id\":\"https:\\\/\\\/goethe-gymnasium.berlin\\\/index.php\\\/musische-faecher\\\/bildende-kunst\\\/#breadcrumb\"},\"inLanguage\":\"de\",\"potentialAction\":[{\"@type\":\"ReadAction\",\"target\":[\"https:\\\/\\\/goethe-gymnasium.berlin\\\/index.php\\\/musische-faecher\\\/bildende-kunst\\\/\"]}]},{\"@type\":\"ImageObject\",\"inLanguage\":\"de\",\"@id\":\"https:\\\/\\\/goethe-gymnasium.berlin\\\/index.php\\\/musische-faecher\\\/bildende-kunst\\\/#primaryimage\",\"url\":\"https:\\\/\\\/goethe-gymnasium.berlin\\\/wp-content\\\/uploads\\\/2018\\\/08\\\/kunst-plakat.jpg\",\"contentUrl\":\"https:\\\/\\\/goethe-gymnasium.berlin\\\/wp-content\\\/uploads\\\/2018\\\/08\\\/kunst-plakat.jpg\",\"width\":1127,\"height\":798,\"caption\":\"Fachbereich Bildende Kunst\"},{\"@type\":\"BreadcrumbList\",\"@id\":\"https:\\\/\\\/goethe-gymnasium.berlin\\\/index.php\\\/musische-faecher\\\/bildende-kunst\\\/#breadcrumb\",\"itemListElement\":[{\"@type\":\"ListItem\",\"position\":1,\"name\":\"Startseite\",\"item\":\"https:\\\/\\\/goethe-gymnasium.berlin\\\/\"},{\"@type\":\"ListItem\",\"position\":2,\"name\":\"Musische F\u00e4cher\",\"item\":\"https:\\\/\\\/goethe-gymnasium.berlin\\\/index.php\\\/musische-faecher\\\/\"},{\"@type\":\"ListItem\",\"position\":3,\"name\":\"Bildende Kunst\"}]},{\"@type\":\"WebSite\",\"@id\":\"https:\\\/\\\/goethe-gymnasium.berlin\\\/#website\",\"url\":\"https:\\\/\\\/goethe-gymnasium.berlin\\\/\",\"name\":\"Goethe-Gymnasium Berlin-Wilmersdorf\",\"description\":\"\",\"publisher\":{\"@id\":\"https:\\\/\\\/goethe-gymnasium.berlin\\\/#organization\"},\"potentialAction\":[{\"@type\":\"SearchAction\",\"target\":{\"@type\":\"EntryPoint\",\"urlTemplate\":\"https:\\\/\\\/goethe-gymnasium.berlin\\\/?s={search_term_string}\"},\"query-input\":{\"@type\":\"PropertyValueSpecification\",\"valueRequired\":true,\"valueName\":\"search_term_string\"}}],\"inLanguage\":\"de\"},{\"@type\":\"Organization\",\"@id\":\"https:\\\/\\\/goethe-gymnasium.berlin\\\/#organization\",\"name\":\"Goethe-Gymnasium Berlin-Wilmersdorf\",\"url\":\"https:\\\/\\\/goethe-gymnasium.berlin\\\/\",\"logo\":{\"@type\":\"ImageObject\",\"inLanguage\":\"de\",\"@id\":\"https:\\\/\\\/goethe-gymnasium.berlin\\\/#\\\/schema\\\/logo\\\/image\\\/\",\"url\":\"https:\\\/\\\/goethe-gymnasium.berlin\\\/wp-content\\\/uploads\\\/2018\\\/04\\\/goethe-logo_hoch.png\",\"contentUrl\":\"https:\\\/\\\/goethe-gymnasium.berlin\\\/wp-content\\\/uploads\\\/2018\\\/04\\\/goethe-logo_hoch.png\",\"width\":755,\"height\":514,\"caption\":\"Goethe-Gymnasium Berlin-Wilmersdorf\"},\"image\":{\"@id\":\"https:\\\/\\\/goethe-gymnasium.berlin\\\/#\\\/schema\\\/logo\\\/image\\\/\"},\"sameAs\":[\"https:\\\/\\\/www.facebook.com\\\/pages\\\/Goethe-Gymnasium\\\/109376575754402\",\"https:\\\/\\\/www.youtube.com\\\/channel\\\/UCMKuMVF9h_YkS3zmEp7SnzQ\"]}]}<\/script>\n<!-- \/ Yoast SEO plugin. -->","yoast_head_json":{"title":"Bildende Kunst - Goethe-Gymnasium Berlin-Wilmersdorf","description":"Bildende Kunst","robots":{"index":"index","follow":"follow","max-snippet":"max-snippet:-1","max-image-preview":"max-image-preview:large","max-video-preview":"max-video-preview:-1"},"canonical":"https:\/\/goethe-gymnasium.berlin\/index.php\/musische-faecher\/bildende-kunst\/","og_locale":"de_DE","og_type":"article","og_title":"Bildende Kunst - Goethe-Gymnasium Berlin-Wilmersdorf","og_description":"Bildende Kunst","og_url":"https:\/\/goethe-gymnasium.berlin\/index.php\/musische-faecher\/bildende-kunst\/","og_site_name":"Goethe-Gymnasium Berlin-Wilmersdorf","article_publisher":"https:\/\/www.facebook.com\/pages\/Goethe-Gymnasium\/109376575754402","article_modified_time":"2025-03-01T23:08:24+00:00","og_image":[{"width":1127,"height":798,"url":"https:\/\/goethe-gymnasium.berlin\/wp-content\/uploads\/2018\/08\/kunst-plakat.jpg","type":"image\/jpeg"}],"twitter_card":"summary_large_image","twitter_misc":{"Gesch\u00e4tzte Lesezeit":"3\u00a0Minuten"},"schema":{"@context":"https:\/\/schema.org","@graph":[{"@type":"WebPage","@id":"https:\/\/goethe-gymnasium.berlin\/index.php\/musische-faecher\/bildende-kunst\/","url":"https:\/\/goethe-gymnasium.berlin\/index.php\/musische-faecher\/bildende-kunst\/","name":"Bildende Kunst - Goethe-Gymnasium Berlin-Wilmersdorf","isPartOf":{"@id":"https:\/\/goethe-gymnasium.berlin\/#website"},"primaryImageOfPage":{"@id":"https:\/\/goethe-gymnasium.berlin\/index.php\/musische-faecher\/bildende-kunst\/#primaryimage"},"image":{"@id":"https:\/\/goethe-gymnasium.berlin\/index.php\/musische-faecher\/bildende-kunst\/#primaryimage"},"thumbnailUrl":"https:\/\/goethe-gymnasium.berlin\/wp-content\/uploads\/2018\/08\/kunst-plakat.jpg","datePublished":"2018-04-24T19:06:19+00:00","dateModified":"2025-03-01T23:08:24+00:00","description":"Bildende Kunst","breadcrumb":{"@id":"https:\/\/goethe-gymnasium.berlin\/index.php\/musische-faecher\/bildende-kunst\/#breadcrumb"},"inLanguage":"de","potentialAction":[{"@type":"ReadAction","target":["https:\/\/goethe-gymnasium.berlin\/index.php\/musische-faecher\/bildende-kunst\/"]}]},{"@type":"ImageObject","inLanguage":"de","@id":"https:\/\/goethe-gymnasium.berlin\/index.php\/musische-faecher\/bildende-kunst\/#primaryimage","url":"https:\/\/goethe-gymnasium.berlin\/wp-content\/uploads\/2018\/08\/kunst-plakat.jpg","contentUrl":"https:\/\/goethe-gymnasium.berlin\/wp-content\/uploads\/2018\/08\/kunst-plakat.jpg","width":1127,"height":798,"caption":"Fachbereich Bildende Kunst"},{"@type":"BreadcrumbList","@id":"https:\/\/goethe-gymnasium.berlin\/index.php\/musische-faecher\/bildende-kunst\/#breadcrumb","itemListElement":[{"@type":"ListItem","position":1,"name":"Startseite","item":"https:\/\/goethe-gymnasium.berlin\/"},{"@type":"ListItem","position":2,"name":"Musische F\u00e4cher","item":"https:\/\/goethe-gymnasium.berlin\/index.php\/musische-faecher\/"},{"@type":"ListItem","position":3,"name":"Bildende Kunst"}]},{"@type":"WebSite","@id":"https:\/\/goethe-gymnasium.berlin\/#website","url":"https:\/\/goethe-gymnasium.berlin\/","name":"Goethe-Gymnasium Berlin-Wilmersdorf","description":"","publisher":{"@id":"https:\/\/goethe-gymnasium.berlin\/#organization"},"potentialAction":[{"@type":"SearchAction","target":{"@type":"EntryPoint","urlTemplate":"https:\/\/goethe-gymnasium.berlin\/?s={search_term_string}"},"query-input":{"@type":"PropertyValueSpecification","valueRequired":true,"valueName":"search_term_string"}}],"inLanguage":"de"},{"@type":"Organization","@id":"https:\/\/goethe-gymnasium.berlin\/#organization","name":"Goethe-Gymnasium Berlin-Wilmersdorf","url":"https:\/\/goethe-gymnasium.berlin\/","logo":{"@type":"ImageObject","inLanguage":"de","@id":"https:\/\/goethe-gymnasium.berlin\/#\/schema\/logo\/image\/","url":"https:\/\/goethe-gymnasium.berlin\/wp-content\/uploads\/2018\/04\/goethe-logo_hoch.png","contentUrl":"https:\/\/goethe-gymnasium.berlin\/wp-content\/uploads\/2018\/04\/goethe-logo_hoch.png","width":755,"height":514,"caption":"Goethe-Gymnasium Berlin-Wilmersdorf"},"image":{"@id":"https:\/\/goethe-gymnasium.berlin\/#\/schema\/logo\/image\/"},"sameAs":["https:\/\/www.facebook.com\/pages\/Goethe-Gymnasium\/109376575754402","https:\/\/www.youtube.com\/channel\/UCMKuMVF9h_YkS3zmEp7SnzQ"]}]}},"_links":{"self":[{"href":"https:\/\/goethe-gymnasium.berlin\/index.php\/wp-json\/wp\/v2\/pages\/173","targetHints":{"allow":["GET"]}}],"collection":[{"href":"https:\/\/goethe-gymnasium.berlin\/index.php\/wp-json\/wp\/v2\/pages"}],"about":[{"href":"https:\/\/goethe-gymnasium.berlin\/index.php\/wp-json\/wp\/v2\/types\/page"}],"author":[{"embeddable":true,"href":"https:\/\/goethe-gymnasium.berlin\/index.php\/wp-json\/wp\/v2\/users\/1"}],"replies":[{"embeddable":true,"href":"https:\/\/goethe-gymnasium.berlin\/index.php\/wp-json\/wp\/v2\/comments?post=173"}],"version-history":[{"count":12,"href":"https:\/\/goethe-gymnasium.berlin\/index.php\/wp-json\/wp\/v2\/pages\/173\/revisions"}],"predecessor-version":[{"id":13010,"href":"https:\/\/goethe-gymnasium.berlin\/index.php\/wp-json\/wp\/v2\/pages\/173\/revisions\/13010"}],"up":[{"embeddable":true,"href":"https:\/\/goethe-gymnasium.berlin\/index.php\/wp-json\/wp\/v2\/pages\/171"}],"wp:featuredmedia":[{"embeddable":true,"href":"https:\/\/goethe-gymnasium.berlin\/index.php\/wp-json\/wp\/v2\/media\/1260"}],"wp:attachment":[{"href":"https:\/\/goethe-gymnasium.berlin\/index.php\/wp-json\/wp\/v2\/media?parent=173"}],"wp:term":[{"taxonomy":"category","embeddable":true,"href":"https:\/\/goethe-gymnasium.berlin\/index.php\/wp-json\/wp\/v2\/categories?post=173"},{"taxonomy":"post_tag","embeddable":true,"href":"https:\/\/goethe-gymnasium.berlin\/index.php\/wp-json\/wp\/v2\/tags?post=173"}],"curies":[{"name":"wp","href":"https:\/\/api.w.org\/{rel}","templated":true}]}}