{"id":1409,"date":"2018-08-20T20:39:21","date_gmt":"2018-08-20T18:39:21","guid":{"rendered":"http:\/\/goethe-gymnasium.berlin\/?page_id=1409"},"modified":"2024-04-18T21:05:55","modified_gmt":"2024-04-18T19:05:55","slug":"dsvgo","status":"publish","type":"page","link":"https:\/\/goethe-gymnasium.berlin\/index.php\/wissenswertes\/impressum\/dsvgo\/","title":{"rendered":"Informationen zur Datenerhebung nach DSVGO"},"content":{"rendered":"\n<h3 class=\"wp-block-heading\"><strong>Informationen \u00fcber die Verarbeitung personenbezogener Daten am Goethe-Gymnasium, Berlin-Wilmersdorf <\/strong><\/h3>\n\n\n\n<p class=\"has-text-align-right\"><strong>(<em>Stand: Februar 2019<\/em>)<br><\/strong><\/p>\n\n\n\n<h4 class=\"wp-block-heading\"><strong>Sehr geehrte Sorgeberechtigte,<\/strong><\/h4>\n\n\n\n<p>mit der Aufnahme Ihres Kindes in unsere Schule ist die Verarbeitung zahlreicher Daten verbunden. Mit diesem Schreiben informieren wir Sie, welche Daten wir von Ihnen und von Ihrem Kind verarbeiten, wof\u00fcr diese ben\u00f6tigt werden, wie wir sie verarbeiten sowie \u00fcber Ihre Rechte nach geltendem Datenschutzrecht.<\/p>\n\n\n\n<p>F\u00fcr R\u00fcckfragen stehen wir Ihnen gern zur Verf\u00fcgung:<\/p>\n\n\n\n<figure class=\"wp-block-table\"><table><tbody><tr><td><strong>Schulleiterin: <\/strong><br>A. Meurer <br>Goethe-Gymnasium, Berlin-Wilmersdorf<br>Gasteiner Stra\u00dfe 23, 10717 Berlin<br>Telefon: 864 996 0<\/td><td><strong>Datenschutzbeauftragte: <\/strong><br>B. Schweiger <br>SenBildJugFam &#8211; 04\/06 I DSB<br>Waldschulallee 29-31, 14055 Berlin<br>Telefon: 0151 162 50 223<\/td><\/tr><\/tbody><\/table><\/figure>\n\n\n\n<h4 class=\"wp-block-heading\"><strong>Rechtliche Grundlagen der Datenverarbeitung<\/strong><\/h4>\n\n\n\n<p>Die Verarbeitung der Daten erfolgt auf der Grundlage von \u00a7 64 des Berliner Schulgesetzes<a href=\"#_ftn1\" name=\"_ftnref1\">[1]<\/a> (SchulG). Danach d\u00fcrfen die Schulen personenbezogene Daten von Sch\u00fclerinnen und Sch\u00fclern und ihren Erziehungsberechtigten verarbeiten, soweit dies zur Erf\u00fcllung der ihnen durch Rechtsvorschriften zugewiesenen schulbezogenen Aufgaben erforderlich ist. Welche Daten in der Schule verarbeitet werden, wird insbesondere in den \u00a7\u00a7 2 bis 8 Schuldatenverordnung<a href=\"#_ftn2\" name=\"_ftnref2\">[2]<\/a> festgelegt. Bereits vor der Aufnahme Ihres Kindes in die Grundschule hat die Meldebeh\u00f6rde (Landesamt f\u00fcr B\u00fcrger- und Ordnungsangelegenheiten) der Schulbeh\u00f6rde (Bezirksamt) Ihres Wohnsitzes die in den \u00a7\u00a7 7 und 8 der Meldedaten\u00fcbermittlungsverordnung<a href=\"#_ftn3\" name=\"_ftnref3\">[3]<\/a> daf\u00fcr vorgesehenen Daten zur Sicherung des Schulbesuchs \u00fcbermittelt. Diese Daten, den in der Grundschule erstellten Sch\u00fclerbogen sowie \u2013 wenn vorhanden \u2013 den sonderp\u00e4dagogischen F\u00f6rderbogen erhalten wir von der abgebenden Grundschule, nachdem Ihr Kind bei uns aufgenommen wurde.<\/p>\n\n\n\n<p>Die Verarbeitung personenbezogener Daten, die nicht durch Rechtsvorschriften geregelt sind, f\u00fchren wir nur mit Ihrer <strong>schriftlichen Einwilligung durch. <\/strong>Es kann sich dabei beispielsweise um Ihre E-Mail-Adresse oder um das Aufnehmen und Verwenden von Fotos und Videos Ihres Kindes handeln.<\/p>\n\n\n\n<h4 class=\"wp-block-heading\"><strong>Zwecke und Rechtsgrundlagen der Datenverarbeitung<\/strong><\/h4>\n\n\n\n<p>Zweck der Datenverarbeitung ist insbesondere die bestm\u00f6gliche schulische F\u00f6rderung Ihres Kindes (gegebenenfalls ist dazu die Erstellung von Gutachten und F\u00f6rderpl\u00e4nen erforderlich). Die Vorschriften dazu finden Sie beispielweise in den \u00a7\u00a7 15 bis 18 der Sekundarstufe I-Verordnung. Weitere Zwecke sind die Unterrichtsplanung und -gestaltung, das Erstellen von Zeugnissen, die Schulgesundheitspflege (\u00a7 52 Schulgesetz). Hinzu kommen die Schulstatistik (sch\u00fclerbezogene Merkmale der Schulstatistik finden Sie in \u00a7 17 der Schuldatenverordnung), die \u00dcberwachung der Schulpflicht, die Kontaktaufnahme mit Ihnen, erforderlichenfalls die Durchf\u00fchrung von Erziehungs- und Ordnungsma\u00dfnahmen gem\u00e4\u00df \u00a7\u00a7 62 und 63 des Schulgesetzes sowie die Evaluation und Qualit\u00e4tssicherung der schulischen Arbeit gem\u00e4\u00df \u00a7\u00a7 9 und 65 Absatz 1 des Schulgesetzes und der Verordnung \u00fcber schulische Qualit\u00e4tssicherung und Evaluation.<\/p>\n\n\n\n<p>Die Erhebung der Staatsangeh\u00f6rigkeit, des Geburtslandes sowie bei nichtdeutschem Geburtsland das Jahr des Zuzuges nach Deutschland im Rahmen der Schulstatistik erfolgt auf Beschluss der Kultusministerkonferenz. Die Merkmale \u201enichtdeutsche Herkunftssprache\u201c und \u201eKommunikationssprache in der Familie\u201c werden zur Berechnung der Personalausstattung der Schule verwendet.<\/p>\n\n\n\n<h4 class=\"wp-block-heading\"><strong>Empf\u00e4nger von personenbezogenen Daten<\/strong><\/h4>\n\n\n\n<p>Innerhalb der Schule sind Lehrkr\u00e4fte, weiteres p\u00e4dagogisches Personal sowie Mitarbeiterinnen und Mitarbeiter der Schule (insbesondere Schulsekret\u00e4rinnen bzw. Schulsekret\u00e4re) Empf\u00e4nger von personenbezogenen Daten.<\/p>\n\n\n\n<p>Eine \u00dcbermittlung an Dritte erfolgt nur, wenn dies durch eine Rechtsvorschrift erlaubt ist oder Sie eingewilligt haben. Erlaubnisvorschriften sind f\u00fcr die \u00dcbermittlung an Beh\u00f6rden zum Beispiel \u00a7 64 Absatz 3 und f\u00fcr die \u00dcbermittlung an Tr\u00e4ger der freien Jugendhilfe, Ausbildungsbetriebe und Privatpersonen \u00a7 64 Abs\u00e4tze 5 bis 7 des Schulgesetzes.<\/p>\n\n\n\n<p>Auf Grund einer gesetzlichen Erm\u00e4chtigung (\u00a7 66 Nr. 8 des Schulgesetzes in Verbindung mit \u00a7 17 der Schuldatenverordnung) &nbsp;stellen wir der Statistikstelle der f\u00fcr das Schulwesen zust\u00e4ndigen Senatsverwaltung regelm\u00e4\u00dfig Daten unserer Sch\u00fclerinnen und Sch\u00fcler zur Verf\u00fcgung, aber ohne Namen, ohne den Tag der Geburt und ohne genaue Anschriften. Die Schulnummer und die Bezeichnung der Klasse werden als Hilfsmerkmale \u00fcbermittelt. Wir \u00fcbermitteln au\u00dferdem personenbezogene Daten an das \u00f6rtlich zust\u00e4ndige Schulamt (im Bezirksamt) im Rahmen der Aufnahme von Sch\u00fclerinnen und Sch\u00fclern. In Einzelf\u00e4llen \u00fcbermitteln wir der \u00f6rtlich zust\u00e4ndigen Schulaufsicht im Rahmen der schulrechtlichen Bestimmungen personenbezogene Daten einer Sch\u00fclerin oder eines Sch\u00fclers. Ebenfalls in Einzelf\u00e4llen \u00fcbermitteln wir dem \u00f6rtlichen Schulamt nach f\u00fcnf unentschuldigten Fehltagen eine Schulvers\u00e4umnisanzeige zur \u00dcberwachung der Schulpflicht. Wir \u00fcbersenden Unterlagen, die \u00fcber Ihr Kind in der Schule entstanden sind, bei einem Schulwechsel an die aufnehmende Schule, sofern dies von \u00a7 10 der Schuldatenverordnung vorgesehen ist. Soweit es im Einzelfall zur Unterst\u00fctzung Ihres Kindes erforderlich ist, \u00fcbermitteln wir personenbezogene Daten an das Jugendamt (im Bezirksamt) oder an das Schulpsychologische und Inklusionsp\u00e4dagogische Beratungs- und Unterst\u00fctzungszentrum (SIBUZ) zur Kl\u00e4rung der Frage, ob sonderp\u00e4dagogischer F\u00f6rderbedarf besteht, oder bei Beratungsbedarf der Schule. Das SIBUZ umfasst Fachdienste der Schulaufsichtsbeh\u00f6rde (der f\u00fcr das Schulwesen zust\u00e4ndigen Senatsverwaltung) und unterliegt der in \u00a7 203 des Strafgesetzbuchs geregelten Schweigepflicht.<\/p>\n\n\n\n<h4 class=\"wp-block-heading\"><strong>Dauer der Speicherung<\/strong><\/h4>\n\n\n\n<p>Die Aufbewahrungsfristen richten sich nach der Schuldatenverordnung (\u00a7 11 und \u00a7 13). Kopien der Abgangs- und Abschlusszeugnisse bzw. Unterlagen zum Nachweis des Schulbesuchs bewahren wir &nbsp;50 Jahre auf; Pr\u00fcfungsunterlagen zehn Jahre; Kurs- und Anwesenheitsnachweise in der gymnasialen Oberstufe f\u00fcnf Jahre; Sch\u00fclerb\u00f6gen werden zwei Jahre nach Ablauf des Schuljahres, in dem die Sch\u00fclerin bzw. der Sch\u00fcler die Berliner Schule verlassen hat, vernichtet, sofern die allgemeinbildende Schule mindestens 10 Jahre lang besucht worden ist. Weitere Informationen finden Sie unter: www.egovschool-berlin.de\/datenschutzbriefe (9. Anlage Nr. 1).<\/p>\n\n\n\n<p>Personenbezogene Daten, die Lehrkr\u00e4fte mit Genehmigung der Schulleitung auf privateigenen Ger\u00e4ten verarbeiten, werden entsprechend der Schuldatenverordnung gel\u00f6scht, sp\u00e4testens ein Jahr nachdem die Sch\u00fclerin oder der Sch\u00fcler von der Lehrkraft nicht mehr unterrichtet wird.<\/p>\n\n\n\n<h4 class=\"wp-block-heading\"><strong>Ihre Rechte<\/strong><\/h4>\n\n\n\n<p>Ihre Rechte sind in den Artikeln 15 bis 18 sowie 20 bis 21 der Verordnung (EU) 2016\/679 \u2013 Datenschutzgrundverordnung (DSGVO) \u2013 geregelt.<\/p>\n\n\n\n<p>Sie k\u00f6nnen insbesondere<\/p>\n\n\n\n<ol class=\"wp-block-list\">\n<li>formlos Auskunft dar\u00fcber verlangen, welche personenbezogenen Daten wir \u00fcber Sie zu welchen Zwecken auf welcher Rechtsgrundlage verarbeiten und an wen sie ggf. \u00fcbermittelt werden sowie \u00fcber die Speicher- bzw. die Aufbewahrungsdauer. Erziehungsberechtigte haben Auskunftsrechte \u00fcber die Verarbeitung der Daten ihrer Kinder.<\/li>\n\n\n\n<li>Sie k\u00f6nnen die Berichtigung fehlerhafter Angaben verlangen. Die Schule muss dann gem\u00e4\u00df Artikel 19 der DSGVO auch die Empf\u00e4nger der fehlerhaften Angaben von der Berichtigung informieren.<\/li>\n\n\n\n<li>Sie k\u00f6nnen eine Einwilligung f\u00fcr die Verarbeitung personenbezogener Daten widerrufen. Durch den Widerruf der Einwilligung wird die Rechtm\u00e4\u00dfigkeit der aufgrund der Einwilligung bis zum Widerruf erfolgten Verarbeitung nicht ber\u00fchrt. Im Falle des Widerrufs werden entsprechende Daten zuk\u00fcnftig nicht mehr durch uns verwendet und unverz\u00fcglich aus unserem Datenbestand gel\u00f6scht.<\/li>\n\n\n\n<li>Sie haben gem\u00e4\u00df Artikel 21 DSGVO das Recht, der Verarbeitung Ihrer oder der personenbezogenen Daten Ihres Kindes auf Grund Ihrer oder seiner besonderen Situation zu widersprechen. Wir werden die Daten dann nicht mehr verarbeiten, es sei denn, die Schule ist zu den Verarbeitungsvorg\u00e4ngen, denen Sie widersprechen wollen, rechtlich verpflichtet ist (Artikel 6 Absatz 1 Buchstabe c DSGVO). Eine rechtliche Verpflichtung besteht immer dann, wenn ein Verarbeitungsvorgang durch eine Rechtsvorschrift ausdr\u00fccklich vorgeschrieben ist.<\/li>\n\n\n\n<li>Sie haben unter den in Artikel 18 der DSGVO genannten Voraussetzungen das Recht zu verlangen, dass Ihre oder die Daten Ihres Kindes nur noch eingeschr\u00e4nkt verarbeitet werden d\u00fcrfen \u2013 zum Beispiel, bis \u00fcber einen von Ihnen erhobenen Widerspruch abschlie\u00dfend entschieden ist. Eingeschr\u00e4nkte Verarbeitung bedeutet, dass die Daten &#8211; von der Speicherung abgesehen \u2013 nur mit Ihrer Einwilligung oder unter besonderen Voraussetzungen verarbeitet werden d\u00fcrfen.<\/li>\n\n\n\n<li>Sie haben unter den in Artikel 17 der DSGVO genannten Voraussetzungen das Recht, die L\u00f6schung der personenbezogenen Daten Ihres Kindes oder Ihrer Person zu verlangen \u2013 zum Beispiel, wenn diese Daten f\u00fcr den Zweck, zu dem sie verarbeitet werden, nicht mehr erforderlich sind oder wenn sie unrechtm\u00e4\u00dfig verarbeitet werden.<\/li>\n\n\n\n<li>Sie haben das Recht, sich an eine Aufsichtsbeh\u00f6rde z.B. Berliner Beauftragte f\u00fcr Datenschutz und Informationsfreiheit, Friedrichstr. 219, 10969 Berlin, E-Mail: mailbox@datenschutz-berlin.de zu wenden.<\/li>\n<\/ol>\n\n\n\n<p>Mit freundlichen Gr\u00fc\u00dfen<\/p>\n\n\n\n<p>A. Meurer<\/p>\n\n\n\n<p><a href=\"#_ftnref1\" name=\"_ftn1\">[1]<\/a> http:\/\/gesetze.berlin.de\/jportal\/?quelle=jlink&amp;query=SchulG+BE&amp;psml=bsbeprod.psml&amp;max=true&amp;aiz=true<\/p>\n\n\n\n<p><a href=\"#_ftnref2\" name=\"_ftn2\">[2]<\/a> http:\/\/gesetze.berlin.de\/jportal\/?quelle=jlink&amp;query=SchulG+\u00a75aV+BE&amp;psml=bsbeprod.psml&amp;max=true&amp;aiz=true<\/p>\n\n\n\n<p><a href=\"#_ftnref3\" name=\"_ftn2\">[3]<\/a> http:\/\/gesetze.berlin.de\/jportal\/?quelle=jlink&amp;query=MeldD%C3%9CV+BE+%C2%A7+8&amp;psml=bsbeprod.psml&amp;max=true;aiz=true<\/p>\n","protected":false},"excerpt":{"rendered":"<p>Informationen \u00fcber die Verarbeitung personenbezogener Daten am Goethe-Gymnasium, Berlin-Wilmersdorf (Stand: Februar 2019) Sehr geehrte Sorgeberechtigte, mit der Aufnahme Ihres Kindes <a class=\"more-link\" href=\"https:\/\/goethe-gymnasium.berlin\/index.php\/wissenswertes\/impressum\/dsvgo\/\">Weiterlesen &#8230;<\/a><\/p>\n","protected":false},"author":5,"featured_media":0,"parent":285,"menu_order":0,"comment_status":"closed","ping_status":"closed","template":"","meta":{"footnotes":""},"categories":[],"tags":[],"class_list":["post-1409","page","type-page","status-publish","hentry"],"yoast_head":"<!-- This site is optimized with the Yoast SEO plugin v27.4 - https:\/\/yoast.com\/product\/yoast-seo-wordpress\/ -->\n<title>Informationen zur Datenerhebung nach DSVGO - Goethe-Gymnasium Berlin-Wilmersdorf<\/title>\n<meta name=\"robots\" content=\"index, follow, max-snippet:-1, max-image-preview:large, max-video-preview:-1\" \/>\n<link rel=\"canonical\" href=\"https:\/\/goethe-gymnasium.berlin\/index.php\/wissenswertes\/impressum\/dsvgo\/\" \/>\n<meta property=\"og:locale\" content=\"de_DE\" \/>\n<meta property=\"og:type\" content=\"article\" \/>\n<meta property=\"og:title\" content=\"Informationen zur Datenerhebung nach DSVGO - Goethe-Gymnasium Berlin-Wilmersdorf\" \/>\n<meta property=\"og:description\" content=\"Informationen \u00fcber die Verarbeitung personenbezogener Daten am Goethe-Gymnasium, Berlin-Wilmersdorf (Stand: Februar 2019) Sehr geehrte Sorgeberechtigte, mit der Aufnahme Ihres Kindes Weiterlesen ...\" \/>\n<meta property=\"og:url\" content=\"https:\/\/goethe-gymnasium.berlin\/index.php\/wissenswertes\/impressum\/dsvgo\/\" \/>\n<meta property=\"og:site_name\" content=\"Goethe-Gymnasium Berlin-Wilmersdorf\" \/>\n<meta property=\"article:publisher\" content=\"https:\/\/www.facebook.com\/pages\/Goethe-Gymnasium\/109376575754402\" \/>\n<meta property=\"article:modified_time\" content=\"2024-04-18T19:05:55+00:00\" \/>\n<meta property=\"og:image\" content=\"https:\/\/goethe-gymnasium.berlin\/wp-content\/uploads\/2018\/06\/goethe-front-light.jpg\" \/>\n\t<meta property=\"og:image:width\" content=\"1200\" \/>\n\t<meta property=\"og:image:height\" content=\"600\" \/>\n\t<meta property=\"og:image:type\" content=\"image\/jpeg\" \/>\n<meta name=\"twitter:card\" content=\"summary_large_image\" \/>\n<meta name=\"twitter:label1\" content=\"Gesch\u00e4tzte Lesezeit\" \/>\n\t<meta name=\"twitter:data1\" content=\"7\u00a0Minuten\" \/>\n<script type=\"application\/ld+json\" class=\"yoast-schema-graph\">{\"@context\":\"https:\\\/\\\/schema.org\",\"@graph\":[{\"@type\":\"WebPage\",\"@id\":\"https:\\\/\\\/goethe-gymnasium.berlin\\\/index.php\\\/wissenswertes\\\/impressum\\\/dsvgo\\\/\",\"url\":\"https:\\\/\\\/goethe-gymnasium.berlin\\\/index.php\\\/wissenswertes\\\/impressum\\\/dsvgo\\\/\",\"name\":\"Informationen zur Datenerhebung nach DSVGO - Goethe-Gymnasium Berlin-Wilmersdorf\",\"isPartOf\":{\"@id\":\"https:\\\/\\\/goethe-gymnasium.berlin\\\/#website\"},\"datePublished\":\"2018-08-20T18:39:21+00:00\",\"dateModified\":\"2024-04-18T19:05:55+00:00\",\"breadcrumb\":{\"@id\":\"https:\\\/\\\/goethe-gymnasium.berlin\\\/index.php\\\/wissenswertes\\\/impressum\\\/dsvgo\\\/#breadcrumb\"},\"inLanguage\":\"de\",\"potentialAction\":[{\"@type\":\"ReadAction\",\"target\":[\"https:\\\/\\\/goethe-gymnasium.berlin\\\/index.php\\\/wissenswertes\\\/impressum\\\/dsvgo\\\/\"]}]},{\"@type\":\"BreadcrumbList\",\"@id\":\"https:\\\/\\\/goethe-gymnasium.berlin\\\/index.php\\\/wissenswertes\\\/impressum\\\/dsvgo\\\/#breadcrumb\",\"itemListElement\":[{\"@type\":\"ListItem\",\"position\":1,\"name\":\"Startseite\",\"item\":\"https:\\\/\\\/goethe-gymnasium.berlin\\\/\"},{\"@type\":\"ListItem\",\"position\":2,\"name\":\"Wissenswertes\",\"item\":\"https:\\\/\\\/goethe-gymnasium.berlin\\\/index.php\\\/wissenswertes\\\/\"},{\"@type\":\"ListItem\",\"position\":3,\"name\":\"Impressum\",\"item\":\"https:\\\/\\\/goethe-gymnasium.berlin\\\/index.php\\\/wissenswertes\\\/impressum\\\/\"},{\"@type\":\"ListItem\",\"position\":4,\"name\":\"Informationen zur Datenerhebung nach DSVGO\"}]},{\"@type\":\"WebSite\",\"@id\":\"https:\\\/\\\/goethe-gymnasium.berlin\\\/#website\",\"url\":\"https:\\\/\\\/goethe-gymnasium.berlin\\\/\",\"name\":\"Goethe-Gymnasium Berlin-Wilmersdorf\",\"description\":\"\",\"publisher\":{\"@id\":\"https:\\\/\\\/goethe-gymnasium.berlin\\\/#organization\"},\"potentialAction\":[{\"@type\":\"SearchAction\",\"target\":{\"@type\":\"EntryPoint\",\"urlTemplate\":\"https:\\\/\\\/goethe-gymnasium.berlin\\\/?s={search_term_string}\"},\"query-input\":{\"@type\":\"PropertyValueSpecification\",\"valueRequired\":true,\"valueName\":\"search_term_string\"}}],\"inLanguage\":\"de\"},{\"@type\":\"Organization\",\"@id\":\"https:\\\/\\\/goethe-gymnasium.berlin\\\/#organization\",\"name\":\"Goethe-Gymnasium Berlin-Wilmersdorf\",\"url\":\"https:\\\/\\\/goethe-gymnasium.berlin\\\/\",\"logo\":{\"@type\":\"ImageObject\",\"inLanguage\":\"de\",\"@id\":\"https:\\\/\\\/goethe-gymnasium.berlin\\\/#\\\/schema\\\/logo\\\/image\\\/\",\"url\":\"https:\\\/\\\/goethe-gymnasium.berlin\\\/wp-content\\\/uploads\\\/2018\\\/04\\\/goethe-logo_hoch.png\",\"contentUrl\":\"https:\\\/\\\/goethe-gymnasium.berlin\\\/wp-content\\\/uploads\\\/2018\\\/04\\\/goethe-logo_hoch.png\",\"width\":755,\"height\":514,\"caption\":\"Goethe-Gymnasium Berlin-Wilmersdorf\"},\"image\":{\"@id\":\"https:\\\/\\\/goethe-gymnasium.berlin\\\/#\\\/schema\\\/logo\\\/image\\\/\"},\"sameAs\":[\"https:\\\/\\\/www.facebook.com\\\/pages\\\/Goethe-Gymnasium\\\/109376575754402\",\"https:\\\/\\\/www.youtube.com\\\/channel\\\/UCMKuMVF9h_YkS3zmEp7SnzQ\"]}]}<\/script>\n<!-- \/ Yoast SEO plugin. -->","yoast_head_json":{"title":"Informationen zur Datenerhebung nach DSVGO - Goethe-Gymnasium Berlin-Wilmersdorf","robots":{"index":"index","follow":"follow","max-snippet":"max-snippet:-1","max-image-preview":"max-image-preview:large","max-video-preview":"max-video-preview:-1"},"canonical":"https:\/\/goethe-gymnasium.berlin\/index.php\/wissenswertes\/impressum\/dsvgo\/","og_locale":"de_DE","og_type":"article","og_title":"Informationen zur Datenerhebung nach DSVGO - Goethe-Gymnasium Berlin-Wilmersdorf","og_description":"Informationen \u00fcber die Verarbeitung personenbezogener Daten am Goethe-Gymnasium, Berlin-Wilmersdorf (Stand: Februar 2019) Sehr geehrte Sorgeberechtigte, mit der Aufnahme Ihres Kindes Weiterlesen ...","og_url":"https:\/\/goethe-gymnasium.berlin\/index.php\/wissenswertes\/impressum\/dsvgo\/","og_site_name":"Goethe-Gymnasium Berlin-Wilmersdorf","article_publisher":"https:\/\/www.facebook.com\/pages\/Goethe-Gymnasium\/109376575754402","article_modified_time":"2024-04-18T19:05:55+00:00","og_image":[{"width":1200,"height":600,"url":"https:\/\/goethe-gymnasium.berlin\/wp-content\/uploads\/2018\/06\/goethe-front-light.jpg","type":"image\/jpeg"}],"twitter_card":"summary_large_image","twitter_misc":{"Gesch\u00e4tzte Lesezeit":"7\u00a0Minuten"},"schema":{"@context":"https:\/\/schema.org","@graph":[{"@type":"WebPage","@id":"https:\/\/goethe-gymnasium.berlin\/index.php\/wissenswertes\/impressum\/dsvgo\/","url":"https:\/\/goethe-gymnasium.berlin\/index.php\/wissenswertes\/impressum\/dsvgo\/","name":"Informationen zur Datenerhebung nach DSVGO - Goethe-Gymnasium Berlin-Wilmersdorf","isPartOf":{"@id":"https:\/\/goethe-gymnasium.berlin\/#website"},"datePublished":"2018-08-20T18:39:21+00:00","dateModified":"2024-04-18T19:05:55+00:00","breadcrumb":{"@id":"https:\/\/goethe-gymnasium.berlin\/index.php\/wissenswertes\/impressum\/dsvgo\/#breadcrumb"},"inLanguage":"de","potentialAction":[{"@type":"ReadAction","target":["https:\/\/goethe-gymnasium.berlin\/index.php\/wissenswertes\/impressum\/dsvgo\/"]}]},{"@type":"BreadcrumbList","@id":"https:\/\/goethe-gymnasium.berlin\/index.php\/wissenswertes\/impressum\/dsvgo\/#breadcrumb","itemListElement":[{"@type":"ListItem","position":1,"name":"Startseite","item":"https:\/\/goethe-gymnasium.berlin\/"},{"@type":"ListItem","position":2,"name":"Wissenswertes","item":"https:\/\/goethe-gymnasium.berlin\/index.php\/wissenswertes\/"},{"@type":"ListItem","position":3,"name":"Impressum","item":"https:\/\/goethe-gymnasium.berlin\/index.php\/wissenswertes\/impressum\/"},{"@type":"ListItem","position":4,"name":"Informationen zur Datenerhebung nach DSVGO"}]},{"@type":"WebSite","@id":"https:\/\/goethe-gymnasium.berlin\/#website","url":"https:\/\/goethe-gymnasium.berlin\/","name":"Goethe-Gymnasium Berlin-Wilmersdorf","description":"","publisher":{"@id":"https:\/\/goethe-gymnasium.berlin\/#organization"},"potentialAction":[{"@type":"SearchAction","target":{"@type":"EntryPoint","urlTemplate":"https:\/\/goethe-gymnasium.berlin\/?s={search_term_string}"},"query-input":{"@type":"PropertyValueSpecification","valueRequired":true,"valueName":"search_term_string"}}],"inLanguage":"de"},{"@type":"Organization","@id":"https:\/\/goethe-gymnasium.berlin\/#organization","name":"Goethe-Gymnasium Berlin-Wilmersdorf","url":"https:\/\/goethe-gymnasium.berlin\/","logo":{"@type":"ImageObject","inLanguage":"de","@id":"https:\/\/goethe-gymnasium.berlin\/#\/schema\/logo\/image\/","url":"https:\/\/goethe-gymnasium.berlin\/wp-content\/uploads\/2018\/04\/goethe-logo_hoch.png","contentUrl":"https:\/\/goethe-gymnasium.berlin\/wp-content\/uploads\/2018\/04\/goethe-logo_hoch.png","width":755,"height":514,"caption":"Goethe-Gymnasium Berlin-Wilmersdorf"},"image":{"@id":"https:\/\/goethe-gymnasium.berlin\/#\/schema\/logo\/image\/"},"sameAs":["https:\/\/www.facebook.com\/pages\/Goethe-Gymnasium\/109376575754402","https:\/\/www.youtube.com\/channel\/UCMKuMVF9h_YkS3zmEp7SnzQ"]}]}},"_links":{"self":[{"href":"https:\/\/goethe-gymnasium.berlin\/index.php\/wp-json\/wp\/v2\/pages\/1409","targetHints":{"allow":["GET"]}}],"collection":[{"href":"https:\/\/goethe-gymnasium.berlin\/index.php\/wp-json\/wp\/v2\/pages"}],"about":[{"href":"https:\/\/goethe-gymnasium.berlin\/index.php\/wp-json\/wp\/v2\/types\/page"}],"author":[{"embeddable":true,"href":"https:\/\/goethe-gymnasium.berlin\/index.php\/wp-json\/wp\/v2\/users\/5"}],"replies":[{"embeddable":true,"href":"https:\/\/goethe-gymnasium.berlin\/index.php\/wp-json\/wp\/v2\/comments?post=1409"}],"version-history":[{"count":16,"href":"https:\/\/goethe-gymnasium.berlin\/index.php\/wp-json\/wp\/v2\/pages\/1409\/revisions"}],"predecessor-version":[{"id":11803,"href":"https:\/\/goethe-gymnasium.berlin\/index.php\/wp-json\/wp\/v2\/pages\/1409\/revisions\/11803"}],"up":[{"embeddable":true,"href":"https:\/\/goethe-gymnasium.berlin\/index.php\/wp-json\/wp\/v2\/pages\/285"}],"wp:attachment":[{"href":"https:\/\/goethe-gymnasium.berlin\/index.php\/wp-json\/wp\/v2\/media?parent=1409"}],"wp:term":[{"taxonomy":"category","embeddable":true,"href":"https:\/\/goethe-gymnasium.berlin\/index.php\/wp-json\/wp\/v2\/categories?post=1409"},{"taxonomy":"post_tag","embeddable":true,"href":"https:\/\/goethe-gymnasium.berlin\/index.php\/wp-json\/wp\/v2\/tags?post=1409"}],"curies":[{"name":"wp","href":"https:\/\/api.w.org\/{rel}","templated":true}]}}