{"id":1198,"date":"2018-07-08T12:45:05","date_gmt":"2018-07-08T10:45:05","guid":{"rendered":"http:\/\/goethe-gymnasium.berlin\/?page_id=1198"},"modified":"2018-08-15T22:20:09","modified_gmt":"2018-08-15T20:20:09","slug":"when-in-rome-do-as-the-romans-do","status":"publish","type":"page","link":"https:\/\/goethe-gymnasium.berlin\/index.php\/gesellschaftsfaecher\/geographie\/when-in-rome-do-as-the-romans-do\/","title":{"rendered":"When In Rome Do as the Romans Do"},"content":{"rendered":"<p><b>Seit dem Schuljahr 2009\/10<\/b> wird das Fach <i><b>Geography<\/b><\/i> in einem dreist\u00fcndigen bilingualen Modul, das \u00fcber f\u00fcnf Wochen l\u00e4uft,\u00a0<i> <\/i>in den <b>9. Klassen<\/b> des Goethe-Gymnasiums unterrichtet. Damit bieten wir, neben dem bei uns interdisziplin\u00e4r angelegten Fach <i>Classical Civilization<\/i>, dessen Inhalte prim\u00e4r geisteswissenschaftlich gepr\u00e4gt sind, ein Fach an, das sowohl sozial- als auch naturwissenschaftliche Anteile hat. Dadurch wird es den Sch\u00fclerinnen und Sch\u00fclern insgesamt m\u00f6glich, auf der Grundlage der <strong>Arbeitssprache Englisch<\/strong> exemplarisch Einblicke in sehr verschiedene Disziplinen zu erhalten.<\/p>\n<p>Im Gegensatz zum Fach <i>Classical Civilization<\/i>, mit dem wir in Deutschland Neuland betreten, sind wir mit dem Fach <i>Geography<\/i> in der gl\u00fccklichen Lage, auf viele Erfahrungen und Unterrichtsmaterialen (z.B. bilinguale Arbeitsb\u00fccher, Arbeitsbl\u00e4tter oder Filme) zur\u00fcckgreifen zu k\u00f6nnen.<\/p>\n<p>Die deutschsprachige Geografie wird normalerweise zweist\u00fcndig unterrichtet; f\u00fcr das bilinguale Modul erh\u00e4lt das Fach <i>Geography<\/i> die dritte Stunde vom Englischunterricht, der f\u00fcr diesen Zeitraum nur zweist\u00fcndig erteilt wird. Insgesamt soll es f\u00fcr die Sch\u00fclerinnen und Sch\u00fcler in den Klassen 9 und 10 durch die Einf\u00fchrung der Module zu keinen zus\u00e4tzlichen Stunden kommen.<\/p>\n<p>Die Geografie bietet sich geradezu als<strong> Einstiegsfach in den bilingualen Sachfachunterricht<\/strong> an, da es schon im Englischunterricht sehr viele landeskundliche Bez\u00fcge gibt, die im Sachfachunterricht aufgegriffen werden k\u00f6nnen. Zudem sind die Lerninhalte im Fach Geografie der Mittelstufe h\u00e4ufig sehr konkret und anschaulich.<\/p>\n<p>Im Rahmenlehrplan Geografie lautet ein Themenfeld in der Jahrgangsstufe 9 &#8222;Amerika &#8211; Kontinent der Gegens\u00e4tze&#8220;. Das Englischlehrbuch der Klasse 8 behandelt schwerpunktm\u00e4\u00dfig Themen aus dem US-amerikanischen Raum, sodass es als Sprungbrett benutzt werden kann f\u00fcr ein bilinguales Modul in Klasse 9.<\/p>\n<p>Sowohl die physisch-geografischen Themen (Oberfl\u00e4chenformen, Klima und Vegetation der USA) als auch die anthropogeografischen Lerninhalte (Landwirtschaft, Industrie und\/oder die US-amerikanische Stadt) wurden so ausgew\u00e4hlt, dass sie sich f\u00fcr einen kompetenzorientierten Unterricht anbieten. Diese im englischsprachigen Geografie-Unterricht erworbenen Kompetenzen, zu welchen das Auswerten von Diagrammen, Karten und englischsprachigem Filmmaterial genauso geh\u00f6ren wie das Zeichnen und Beschreiben von Profilen und von Skizzen, sind auch auf andere F\u00e4cher \u00fcbertagbar, sei es zum Beispiel die Physik oder auch den Englischunterricht.<\/p>\n<p>Die Sch\u00fclerinnen und Sch\u00fcler werden ihre Lernfortschritte mit Hilfe eines <strong>Portfolio<\/strong>s reflektieren und dokumentieren. Nat\u00fcrlich sollen ihre Leistung auch anerkannt werden. Die Teilnahme an den Modulen wird ihnen auf dem Zeugnis vermerkt. Die im bilingualen Modul im Fach <em>Geography<\/em> erzielten Leistungen gehen anteilm\u00e4\u00dfig in die Halbjahresnote des Faches Geografie ein, wobei ausschlie\u00dflich die fachlichen und nicht die sprachlichen Ergebnisse bewertet werden.<\/p>\n<p>Mit der Einf\u00fchrung bilingualer Module am Goethe-Gymnasium sollen die Sch\u00fclerinnen und Sch\u00fcler nicht nur ihre fremdsprachlichen und fachlichen Kompetenzen erweitern. Es geht insbesondere darum, sie erfahren zu lassen, dass sich die Welt nicht einfach in verschiedene, oftmals voneinander isoliert erscheinende Bereiche trennen l\u00e4sst, wie es die auf den Fachunterricht ausgerichtete Schule h\u00e4ufig suggeriert. Gerade die bilingualen Module <i>Geography<\/i> und <i>Classical Civilzation<\/i> sollen den Sch\u00fclerinnen und Sch\u00fclern helfen, diese Grenzen zu \u00fcberschreiten, die Welt multiperspektiv zu erfahren, ihre interkulturelle Kompetenz zu erweitern und sie so auf die Herausforderungen unserer immer komplexer werdenden Welt vorbereiten. Das Sprichwort &#8222;<i>When in Rome do as the Romans do<\/i>&#8220; wird sich so f\u00fcr sie auch mit Bedeutung f\u00fcllen.<\/p>\n<p style=\"text-align: right;\"><i>Text: Lothar Schmitt, Fachbereichsleiter Moderne Sprachen (Schuljahr 2008\/09; aktualisiert 2017\/18)<\/i><\/p>\n","protected":false},"excerpt":{"rendered":"<p>Seit dem Schuljahr 2009\/10 wird das Fach Geography in einem dreist\u00fcndigen bilingualen Modul, das \u00fcber f\u00fcnf Wochen l\u00e4uft,\u00a0 in den <a class=\"more-link\" href=\"https:\/\/goethe-gymnasium.berlin\/index.php\/gesellschaftsfaecher\/geographie\/when-in-rome-do-as-the-romans-do\/\">Weiterlesen &#8230;<\/a><\/p>\n","protected":false},"author":5,"featured_media":0,"parent":109,"menu_order":0,"comment_status":"closed","ping_status":"closed","template":"","meta":{"footnotes":""},"categories":[],"tags":[],"class_list":["post-1198","page","type-page","status-publish","hentry"],"yoast_head":"<!-- This site is optimized with the Yoast SEO plugin v27.4 - https:\/\/yoast.com\/product\/yoast-seo-wordpress\/ -->\n<title>When In Rome Do as the Romans Do - Goethe-Gymnasium Berlin-Wilmersdorf<\/title>\n<meta name=\"robots\" content=\"index, follow, max-snippet:-1, max-image-preview:large, max-video-preview:-1\" \/>\n<link rel=\"canonical\" href=\"https:\/\/goethe-gymnasium.berlin\/index.php\/gesellschaftsfaecher\/geographie\/when-in-rome-do-as-the-romans-do\/\" \/>\n<meta property=\"og:locale\" content=\"de_DE\" \/>\n<meta property=\"og:type\" content=\"article\" \/>\n<meta property=\"og:title\" content=\"When In Rome Do as the Romans Do - Goethe-Gymnasium Berlin-Wilmersdorf\" \/>\n<meta property=\"og:description\" content=\"Seit dem Schuljahr 2009\/10 wird das Fach Geography in einem dreist\u00fcndigen bilingualen Modul, das \u00fcber f\u00fcnf Wochen l\u00e4uft,\u00a0 in den Weiterlesen ...\" \/>\n<meta property=\"og:url\" content=\"https:\/\/goethe-gymnasium.berlin\/index.php\/gesellschaftsfaecher\/geographie\/when-in-rome-do-as-the-romans-do\/\" \/>\n<meta property=\"og:site_name\" content=\"Goethe-Gymnasium Berlin-Wilmersdorf\" \/>\n<meta property=\"article:publisher\" content=\"https:\/\/www.facebook.com\/pages\/Goethe-Gymnasium\/109376575754402\" \/>\n<meta property=\"article:modified_time\" content=\"2018-08-15T20:20:09+00:00\" \/>\n<meta property=\"og:image\" content=\"https:\/\/goethe-gymnasium.berlin\/wp-content\/uploads\/2018\/06\/goethe-front-light.jpg\" \/>\n\t<meta property=\"og:image:width\" content=\"1200\" \/>\n\t<meta property=\"og:image:height\" content=\"600\" \/>\n\t<meta property=\"og:image:type\" content=\"image\/jpeg\" \/>\n<meta name=\"twitter:card\" content=\"summary_large_image\" \/>\n<meta name=\"twitter:label1\" content=\"Gesch\u00e4tzte Lesezeit\" \/>\n\t<meta name=\"twitter:data1\" content=\"3\u00a0Minuten\" \/>\n<script type=\"application\/ld+json\" class=\"yoast-schema-graph\">{\"@context\":\"https:\\\/\\\/schema.org\",\"@graph\":[{\"@type\":\"WebPage\",\"@id\":\"https:\\\/\\\/goethe-gymnasium.berlin\\\/index.php\\\/gesellschaftsfaecher\\\/geographie\\\/when-in-rome-do-as-the-romans-do\\\/\",\"url\":\"https:\\\/\\\/goethe-gymnasium.berlin\\\/index.php\\\/gesellschaftsfaecher\\\/geographie\\\/when-in-rome-do-as-the-romans-do\\\/\",\"name\":\"When In Rome Do as the Romans Do - Goethe-Gymnasium Berlin-Wilmersdorf\",\"isPartOf\":{\"@id\":\"https:\\\/\\\/goethe-gymnasium.berlin\\\/#website\"},\"datePublished\":\"2018-07-08T10:45:05+00:00\",\"dateModified\":\"2018-08-15T20:20:09+00:00\",\"breadcrumb\":{\"@id\":\"https:\\\/\\\/goethe-gymnasium.berlin\\\/index.php\\\/gesellschaftsfaecher\\\/geographie\\\/when-in-rome-do-as-the-romans-do\\\/#breadcrumb\"},\"inLanguage\":\"de\",\"potentialAction\":[{\"@type\":\"ReadAction\",\"target\":[\"https:\\\/\\\/goethe-gymnasium.berlin\\\/index.php\\\/gesellschaftsfaecher\\\/geographie\\\/when-in-rome-do-as-the-romans-do\\\/\"]}]},{\"@type\":\"BreadcrumbList\",\"@id\":\"https:\\\/\\\/goethe-gymnasium.berlin\\\/index.php\\\/gesellschaftsfaecher\\\/geographie\\\/when-in-rome-do-as-the-romans-do\\\/#breadcrumb\",\"itemListElement\":[{\"@type\":\"ListItem\",\"position\":1,\"name\":\"Startseite\",\"item\":\"https:\\\/\\\/goethe-gymnasium.berlin\\\/\"},{\"@type\":\"ListItem\",\"position\":2,\"name\":\"Gesellschaftswissenschaften\",\"item\":\"https:\\\/\\\/goethe-gymnasium.berlin\\\/index.php\\\/gesellschaftsfaecher\\\/\"},{\"@type\":\"ListItem\",\"position\":3,\"name\":\"Geographie\",\"item\":\"https:\\\/\\\/goethe-gymnasium.berlin\\\/index.php\\\/gesellschaftsfaecher\\\/geographie\\\/\"},{\"@type\":\"ListItem\",\"position\":4,\"name\":\"When In Rome Do as the Romans Do\"}]},{\"@type\":\"WebSite\",\"@id\":\"https:\\\/\\\/goethe-gymnasium.berlin\\\/#website\",\"url\":\"https:\\\/\\\/goethe-gymnasium.berlin\\\/\",\"name\":\"Goethe-Gymnasium Berlin-Wilmersdorf\",\"description\":\"\",\"publisher\":{\"@id\":\"https:\\\/\\\/goethe-gymnasium.berlin\\\/#organization\"},\"potentialAction\":[{\"@type\":\"SearchAction\",\"target\":{\"@type\":\"EntryPoint\",\"urlTemplate\":\"https:\\\/\\\/goethe-gymnasium.berlin\\\/?s={search_term_string}\"},\"query-input\":{\"@type\":\"PropertyValueSpecification\",\"valueRequired\":true,\"valueName\":\"search_term_string\"}}],\"inLanguage\":\"de\"},{\"@type\":\"Organization\",\"@id\":\"https:\\\/\\\/goethe-gymnasium.berlin\\\/#organization\",\"name\":\"Goethe-Gymnasium Berlin-Wilmersdorf\",\"url\":\"https:\\\/\\\/goethe-gymnasium.berlin\\\/\",\"logo\":{\"@type\":\"ImageObject\",\"inLanguage\":\"de\",\"@id\":\"https:\\\/\\\/goethe-gymnasium.berlin\\\/#\\\/schema\\\/logo\\\/image\\\/\",\"url\":\"https:\\\/\\\/goethe-gymnasium.berlin\\\/wp-content\\\/uploads\\\/2018\\\/04\\\/goethe-logo_hoch.png\",\"contentUrl\":\"https:\\\/\\\/goethe-gymnasium.berlin\\\/wp-content\\\/uploads\\\/2018\\\/04\\\/goethe-logo_hoch.png\",\"width\":755,\"height\":514,\"caption\":\"Goethe-Gymnasium Berlin-Wilmersdorf\"},\"image\":{\"@id\":\"https:\\\/\\\/goethe-gymnasium.berlin\\\/#\\\/schema\\\/logo\\\/image\\\/\"},\"sameAs\":[\"https:\\\/\\\/www.facebook.com\\\/pages\\\/Goethe-Gymnasium\\\/109376575754402\",\"https:\\\/\\\/www.youtube.com\\\/channel\\\/UCMKuMVF9h_YkS3zmEp7SnzQ\"]}]}<\/script>\n<!-- \/ Yoast SEO plugin. -->","yoast_head_json":{"title":"When In Rome Do as the Romans Do - Goethe-Gymnasium Berlin-Wilmersdorf","robots":{"index":"index","follow":"follow","max-snippet":"max-snippet:-1","max-image-preview":"max-image-preview:large","max-video-preview":"max-video-preview:-1"},"canonical":"https:\/\/goethe-gymnasium.berlin\/index.php\/gesellschaftsfaecher\/geographie\/when-in-rome-do-as-the-romans-do\/","og_locale":"de_DE","og_type":"article","og_title":"When In Rome Do as the Romans Do - Goethe-Gymnasium Berlin-Wilmersdorf","og_description":"Seit dem Schuljahr 2009\/10 wird das Fach Geography in einem dreist\u00fcndigen bilingualen Modul, das \u00fcber f\u00fcnf Wochen l\u00e4uft,\u00a0 in den Weiterlesen ...","og_url":"https:\/\/goethe-gymnasium.berlin\/index.php\/gesellschaftsfaecher\/geographie\/when-in-rome-do-as-the-romans-do\/","og_site_name":"Goethe-Gymnasium Berlin-Wilmersdorf","article_publisher":"https:\/\/www.facebook.com\/pages\/Goethe-Gymnasium\/109376575754402","article_modified_time":"2018-08-15T20:20:09+00:00","og_image":[{"width":1200,"height":600,"url":"https:\/\/goethe-gymnasium.berlin\/wp-content\/uploads\/2018\/06\/goethe-front-light.jpg","type":"image\/jpeg"}],"twitter_card":"summary_large_image","twitter_misc":{"Gesch\u00e4tzte Lesezeit":"3\u00a0Minuten"},"schema":{"@context":"https:\/\/schema.org","@graph":[{"@type":"WebPage","@id":"https:\/\/goethe-gymnasium.berlin\/index.php\/gesellschaftsfaecher\/geographie\/when-in-rome-do-as-the-romans-do\/","url":"https:\/\/goethe-gymnasium.berlin\/index.php\/gesellschaftsfaecher\/geographie\/when-in-rome-do-as-the-romans-do\/","name":"When In Rome Do as the Romans Do - Goethe-Gymnasium Berlin-Wilmersdorf","isPartOf":{"@id":"https:\/\/goethe-gymnasium.berlin\/#website"},"datePublished":"2018-07-08T10:45:05+00:00","dateModified":"2018-08-15T20:20:09+00:00","breadcrumb":{"@id":"https:\/\/goethe-gymnasium.berlin\/index.php\/gesellschaftsfaecher\/geographie\/when-in-rome-do-as-the-romans-do\/#breadcrumb"},"inLanguage":"de","potentialAction":[{"@type":"ReadAction","target":["https:\/\/goethe-gymnasium.berlin\/index.php\/gesellschaftsfaecher\/geographie\/when-in-rome-do-as-the-romans-do\/"]}]},{"@type":"BreadcrumbList","@id":"https:\/\/goethe-gymnasium.berlin\/index.php\/gesellschaftsfaecher\/geographie\/when-in-rome-do-as-the-romans-do\/#breadcrumb","itemListElement":[{"@type":"ListItem","position":1,"name":"Startseite","item":"https:\/\/goethe-gymnasium.berlin\/"},{"@type":"ListItem","position":2,"name":"Gesellschaftswissenschaften","item":"https:\/\/goethe-gymnasium.berlin\/index.php\/gesellschaftsfaecher\/"},{"@type":"ListItem","position":3,"name":"Geographie","item":"https:\/\/goethe-gymnasium.berlin\/index.php\/gesellschaftsfaecher\/geographie\/"},{"@type":"ListItem","position":4,"name":"When In Rome Do as the Romans Do"}]},{"@type":"WebSite","@id":"https:\/\/goethe-gymnasium.berlin\/#website","url":"https:\/\/goethe-gymnasium.berlin\/","name":"Goethe-Gymnasium Berlin-Wilmersdorf","description":"","publisher":{"@id":"https:\/\/goethe-gymnasium.berlin\/#organization"},"potentialAction":[{"@type":"SearchAction","target":{"@type":"EntryPoint","urlTemplate":"https:\/\/goethe-gymnasium.berlin\/?s={search_term_string}"},"query-input":{"@type":"PropertyValueSpecification","valueRequired":true,"valueName":"search_term_string"}}],"inLanguage":"de"},{"@type":"Organization","@id":"https:\/\/goethe-gymnasium.berlin\/#organization","name":"Goethe-Gymnasium Berlin-Wilmersdorf","url":"https:\/\/goethe-gymnasium.berlin\/","logo":{"@type":"ImageObject","inLanguage":"de","@id":"https:\/\/goethe-gymnasium.berlin\/#\/schema\/logo\/image\/","url":"https:\/\/goethe-gymnasium.berlin\/wp-content\/uploads\/2018\/04\/goethe-logo_hoch.png","contentUrl":"https:\/\/goethe-gymnasium.berlin\/wp-content\/uploads\/2018\/04\/goethe-logo_hoch.png","width":755,"height":514,"caption":"Goethe-Gymnasium Berlin-Wilmersdorf"},"image":{"@id":"https:\/\/goethe-gymnasium.berlin\/#\/schema\/logo\/image\/"},"sameAs":["https:\/\/www.facebook.com\/pages\/Goethe-Gymnasium\/109376575754402","https:\/\/www.youtube.com\/channel\/UCMKuMVF9h_YkS3zmEp7SnzQ"]}]}},"_links":{"self":[{"href":"https:\/\/goethe-gymnasium.berlin\/index.php\/wp-json\/wp\/v2\/pages\/1198","targetHints":{"allow":["GET"]}}],"collection":[{"href":"https:\/\/goethe-gymnasium.berlin\/index.php\/wp-json\/wp\/v2\/pages"}],"about":[{"href":"https:\/\/goethe-gymnasium.berlin\/index.php\/wp-json\/wp\/v2\/types\/page"}],"author":[{"embeddable":true,"href":"https:\/\/goethe-gymnasium.berlin\/index.php\/wp-json\/wp\/v2\/users\/5"}],"replies":[{"embeddable":true,"href":"https:\/\/goethe-gymnasium.berlin\/index.php\/wp-json\/wp\/v2\/comments?post=1198"}],"version-history":[{"count":3,"href":"https:\/\/goethe-gymnasium.berlin\/index.php\/wp-json\/wp\/v2\/pages\/1198\/revisions"}],"predecessor-version":[{"id":1324,"href":"https:\/\/goethe-gymnasium.berlin\/index.php\/wp-json\/wp\/v2\/pages\/1198\/revisions\/1324"}],"up":[{"embeddable":true,"href":"https:\/\/goethe-gymnasium.berlin\/index.php\/wp-json\/wp\/v2\/pages\/109"}],"wp:attachment":[{"href":"https:\/\/goethe-gymnasium.berlin\/index.php\/wp-json\/wp\/v2\/media?parent=1198"}],"wp:term":[{"taxonomy":"category","embeddable":true,"href":"https:\/\/goethe-gymnasium.berlin\/index.php\/wp-json\/wp\/v2\/categories?post=1198"},{"taxonomy":"post_tag","embeddable":true,"href":"https:\/\/goethe-gymnasium.berlin\/index.php\/wp-json\/wp\/v2\/tags?post=1198"}],"curies":[{"name":"wp","href":"https:\/\/api.w.org\/{rel}","templated":true}]}}