{"id":11336,"date":"2023-12-17T21:45:54","date_gmt":"2023-12-17T20:45:54","guid":{"rendered":"https:\/\/goethe-gymnasium.berlin\/?page_id=11336"},"modified":"2025-09-05T21:55:02","modified_gmt":"2025-09-05T19:55:02","slug":"grusswort-der-schulleiterin","status":"publish","type":"page","link":"https:\/\/goethe-gymnasium.berlin\/index.php\/grusswort-der-schulleiterin\/","title":{"rendered":"Gru\u00dfwort der Schulleiterin"},"content":{"rendered":"\n<p><em>Liebe Schulgemeinschaft,<\/em><\/p>\n\n\n\n<p>mein Name ist Arienne Meurer, ich bin geb\u00fcrtige Berlin-Wilmersdorferin, habe dort meine Schulzeit und sp\u00e4ter meine Studienzeit an der Freien Univerit\u00e4t Berlin verbracht.<\/p>\n\n\n\n<div class=\"wp-block-media-text is-stacked-on-mobile is-style-default\"><figure class=\"wp-block-media-text__media\"><img loading=\"lazy\" decoding=\"async\" width=\"683\" height=\"1024\" src=\"https:\/\/goethe-gymnasium.berlin\/wp-content\/uploads\/2025\/09\/Portrait_Meurer_m-683x1024.jpg\" alt=\"\" class=\"wp-image-13487 size-full\" srcset=\"https:\/\/goethe-gymnasium.berlin\/wp-content\/uploads\/2025\/09\/Portrait_Meurer_m-683x1024.jpg 683w, https:\/\/goethe-gymnasium.berlin\/wp-content\/uploads\/2025\/09\/Portrait_Meurer_m-200x300.jpg 200w, https:\/\/goethe-gymnasium.berlin\/wp-content\/uploads\/2025\/09\/Portrait_Meurer_m-768x1152.jpg 768w, https:\/\/goethe-gymnasium.berlin\/wp-content\/uploads\/2025\/09\/Portrait_Meurer_m-1024x1536.jpg 1024w, https:\/\/goethe-gymnasium.berlin\/wp-content\/uploads\/2025\/09\/Portrait_Meurer_m-1366x2048.jpg 1366w, https:\/\/goethe-gymnasium.berlin\/wp-content\/uploads\/2025\/09\/Portrait_Meurer_m-83x125.jpg 83w, https:\/\/goethe-gymnasium.berlin\/wp-content\/uploads\/2025\/09\/Portrait_Meurer_m-133x200.jpg 133w, https:\/\/goethe-gymnasium.berlin\/wp-content\/uploads\/2025\/09\/Portrait_Meurer_m-53x80.jpg 53w, https:\/\/goethe-gymnasium.berlin\/wp-content\/uploads\/2025\/09\/Portrait_Meurer_m-512x768.jpg 512w, https:\/\/goethe-gymnasium.berlin\/wp-content\/uploads\/2025\/09\/Portrait_Meurer_m.jpg 1667w\" sizes=\"auto, (max-width: 683px) 100vw, 683px\" \/><\/figure><div class=\"wp-block-media-text__content\">\n<p>Nach erfolgreichem Abschluss der Studieng\u00e4nge Deutsch, Sport sowie Politik und Wirtschaft im Jahr 2000, konnte ich in der Berufseinstiegsphase wertvolle Praxiserfahrungen sowohl in Berlin-Neuk\u00f6lln, im sch\u00f6nen Havelland als auch im n\u00f6rdlichen Brandenburg sammeln.<\/p>\n\n\n\n<p>Seit 2006 arbeitete ich in Frankfurt am Main, wurde sehr herzlich aufgenommen und zur Wahl-Hessin.<\/p>\n\n\n\n<p>Diverse Schulformen pr\u00e4gten meine schulisch-p\u00e4dagogische Sozialisation, ich lernte den Umgang mit unterschiedlichen Schulbiografien kennen, beobachtete verschiedene Standortbedingungen sowie differenzierte Ausgangsvoraussetzungen von Sch\u00fclerinnen und Sch\u00fclern.<\/p>\n<\/div><\/div>\n\n\n\n<p><\/p>\n\n\n\n<p>Was alle Lernenden eint, ist der Wunsch, erfolgreich zu sein und einen Platz in unserer Gesellschaft zu finden, sei es \u00fcber eine Ausbildung oder \u00fcber ein Studium. Dass dies nicht ohne Anstrengungsbereitschaft zu bewerkstelligen ist, wissen wir alle.<\/p>\n\n\n\n<p>In meiner nunmehr 10-j\u00e4hrigen Leitungserfahrung lernte ich die wichtige Ebene der Kommunikation und Zusammenarbeit zwischen Lehrkr\u00e4ften, Eltern, den Vertretern und Vertreterinnen der Schulsozialarbeit, der Hausverwaltung, des Sekretariats kennen, die alle gemeinsam eine Schule wie die unsere in Bewegung halten. Eine Bereicherung f\u00fcr unsere Schule sind unsere musikalischen Kooperationen, die wir k\u00fcnftig um politische und wirtschaftliche Partnerschaften erweitern.<\/p>\n\n\n\n<p><strong>Wir alle bilden das R\u00fcckgrat des Goethe-Gymnasiums.<\/strong><\/p>\n\n\n\n<p>Unsere wichtigsten Adressaten sind immer die Sch\u00fclerinnen und Sch\u00fcler, deren Unterricht uns ma\u00dfgeblich besch\u00e4ftigt, dabei eine stetige Weiterentwicklung und interdisziplin\u00e4re Arbeit aller Fachbereiche fordert, da wir uns nicht auf Erreichtem ausruhen wollen.<\/p>\n\n\n\n<p>Das Wort der Stunde hei\u00dft <strong>Partizipation<\/strong>, denn das Goethe-Gymnasium ist ein&nbsp;<\/p>\n\n\n\n<p>         lernender,<br>         diskutierender,<br>         Wissenschaft betreibender,<br>         Kunst kreierender und sportlicher Organismus,<br>         um den alles, was in diesem Geb\u00e4ude lebt und atmet,<br>         kreist.<\/p>\n\n\n\n<p>Gemeinsam mit all den genannten Menschen m\u00f6chte ich die Schule weiter voranbringen, Traditionen bewahren, Sicherheit geben und offen sein f\u00fcr die spannenden technischen und kulturellen Erkenntnisse der Gegenwart und Zukunft.<\/p>\n\n\n\n<p>Hieran mitzuwirken, meinen Beitrag zu leisten, wird mir eine Ehre und Freude sein.<\/p>\n\n\n\n<p><em>Ihre Arienne Meurer, Schulleiterin des Goethe-Gymnasiums, Berlin-Wilmersdorf<\/em> <em>(Schuljahr 2023\/24)<\/em><\/p>\n\n\n\n<p class=\"has-text-align-right\"><em>Foto: Claudius Pflug (Schuljahr 2025\/26)<\/em><\/p>\n","protected":false},"excerpt":{"rendered":"<p>Liebe Schulgemeinschaft, mein Name ist Arienne Meurer, ich bin geb\u00fcrtige Berlin-Wilmersdorferin, habe dort meine Schulzeit und sp\u00e4ter meine Studienzeit an <a class=\"more-link\" href=\"https:\/\/goethe-gymnasium.berlin\/index.php\/grusswort-der-schulleiterin\/\">Weiterlesen &#8230;<\/a><\/p>\n","protected":false},"author":4,"featured_media":11341,"parent":0,"menu_order":0,"comment_status":"closed","ping_status":"closed","template":"","meta":{"footnotes":""},"categories":[51],"tags":[519,518],"class_list":["post-11336","page","type-page","status-publish","has-post-thumbnail","hentry","category-schule","tag-grusswort","tag-schulleitung"],"yoast_head":"<!-- This site is optimized with the Yoast SEO plugin v27.3 - https:\/\/yoast.com\/product\/yoast-seo-wordpress\/ -->\n<title>Gru\u00dfwort der Schulleiterin - Goethe-Gymnasium Berlin-Wilmersdorf<\/title>\n<meta name=\"robots\" content=\"index, follow, max-snippet:-1, max-image-preview:large, max-video-preview:-1\" \/>\n<link rel=\"canonical\" href=\"https:\/\/goethe-gymnasium.berlin\/index.php\/grusswort-der-schulleiterin\/\" \/>\n<meta property=\"og:locale\" content=\"de_DE\" \/>\n<meta property=\"og:type\" content=\"article\" \/>\n<meta property=\"og:title\" content=\"Gru\u00dfwort der Schulleiterin - Goethe-Gymnasium Berlin-Wilmersdorf\" \/>\n<meta property=\"og:description\" content=\"Liebe Schulgemeinschaft, mein Name ist Arienne Meurer, ich bin geb\u00fcrtige Berlin-Wilmersdorferin, habe dort meine Schulzeit und sp\u00e4ter meine Studienzeit an Weiterlesen ...\" \/>\n<meta property=\"og:url\" content=\"https:\/\/goethe-gymnasium.berlin\/index.php\/grusswort-der-schulleiterin\/\" \/>\n<meta property=\"og:site_name\" content=\"Goethe-Gymnasium Berlin-Wilmersdorf\" \/>\n<meta property=\"article:publisher\" content=\"https:\/\/www.facebook.com\/pages\/Goethe-Gymnasium\/109376575754402\" \/>\n<meta property=\"article:modified_time\" content=\"2025-09-05T19:55:02+00:00\" \/>\n<meta property=\"og:image\" content=\"https:\/\/goethe-gymnasium.berlin\/wp-content\/uploads\/2023\/12\/Willkommen.jpg\" \/>\n\t<meta property=\"og:image:width\" content=\"1879\" \/>\n\t<meta property=\"og:image:height\" content=\"1125\" \/>\n\t<meta property=\"og:image:type\" content=\"image\/jpeg\" \/>\n<meta name=\"twitter:card\" content=\"summary_large_image\" \/>\n<meta name=\"twitter:label1\" content=\"Gesch\u00e4tzte Lesezeit\" \/>\n\t<meta name=\"twitter:data1\" content=\"3\u00a0Minuten\" \/>\n<script type=\"application\/ld+json\" class=\"yoast-schema-graph\">{\"@context\":\"https:\\\/\\\/schema.org\",\"@graph\":[{\"@type\":\"WebPage\",\"@id\":\"https:\\\/\\\/goethe-gymnasium.berlin\\\/index.php\\\/grusswort-der-schulleiterin\\\/\",\"url\":\"https:\\\/\\\/goethe-gymnasium.berlin\\\/index.php\\\/grusswort-der-schulleiterin\\\/\",\"name\":\"Gru\u00dfwort der Schulleiterin - Goethe-Gymnasium Berlin-Wilmersdorf\",\"isPartOf\":{\"@id\":\"https:\\\/\\\/goethe-gymnasium.berlin\\\/#website\"},\"primaryImageOfPage\":{\"@id\":\"https:\\\/\\\/goethe-gymnasium.berlin\\\/index.php\\\/grusswort-der-schulleiterin\\\/#primaryimage\"},\"image\":{\"@id\":\"https:\\\/\\\/goethe-gymnasium.berlin\\\/index.php\\\/grusswort-der-schulleiterin\\\/#primaryimage\"},\"thumbnailUrl\":\"https:\\\/\\\/goethe-gymnasium.berlin\\\/wp-content\\\/uploads\\\/2023\\\/12\\\/Willkommen.jpg\",\"datePublished\":\"2023-12-17T20:45:54+00:00\",\"dateModified\":\"2025-09-05T19:55:02+00:00\",\"breadcrumb\":{\"@id\":\"https:\\\/\\\/goethe-gymnasium.berlin\\\/index.php\\\/grusswort-der-schulleiterin\\\/#breadcrumb\"},\"inLanguage\":\"de\",\"potentialAction\":[{\"@type\":\"ReadAction\",\"target\":[\"https:\\\/\\\/goethe-gymnasium.berlin\\\/index.php\\\/grusswort-der-schulleiterin\\\/\"]}]},{\"@type\":\"ImageObject\",\"inLanguage\":\"de\",\"@id\":\"https:\\\/\\\/goethe-gymnasium.berlin\\\/index.php\\\/grusswort-der-schulleiterin\\\/#primaryimage\",\"url\":\"https:\\\/\\\/goethe-gymnasium.berlin\\\/wp-content\\\/uploads\\\/2023\\\/12\\\/Willkommen.jpg\",\"contentUrl\":\"https:\\\/\\\/goethe-gymnasium.berlin\\\/wp-content\\\/uploads\\\/2023\\\/12\\\/Willkommen.jpg\",\"width\":1879,\"height\":1125},{\"@type\":\"BreadcrumbList\",\"@id\":\"https:\\\/\\\/goethe-gymnasium.berlin\\\/index.php\\\/grusswort-der-schulleiterin\\\/#breadcrumb\",\"itemListElement\":[{\"@type\":\"ListItem\",\"position\":1,\"name\":\"Startseite\",\"item\":\"https:\\\/\\\/goethe-gymnasium.berlin\\\/\"},{\"@type\":\"ListItem\",\"position\":2,\"name\":\"Gru\u00dfwort der Schulleiterin\"}]},{\"@type\":\"WebSite\",\"@id\":\"https:\\\/\\\/goethe-gymnasium.berlin\\\/#website\",\"url\":\"https:\\\/\\\/goethe-gymnasium.berlin\\\/\",\"name\":\"Goethe-Gymnasium Berlin-Wilmersdorf\",\"description\":\"\",\"publisher\":{\"@id\":\"https:\\\/\\\/goethe-gymnasium.berlin\\\/#organization\"},\"potentialAction\":[{\"@type\":\"SearchAction\",\"target\":{\"@type\":\"EntryPoint\",\"urlTemplate\":\"https:\\\/\\\/goethe-gymnasium.berlin\\\/?s={search_term_string}\"},\"query-input\":{\"@type\":\"PropertyValueSpecification\",\"valueRequired\":true,\"valueName\":\"search_term_string\"}}],\"inLanguage\":\"de\"},{\"@type\":\"Organization\",\"@id\":\"https:\\\/\\\/goethe-gymnasium.berlin\\\/#organization\",\"name\":\"Goethe-Gymnasium Berlin-Wilmersdorf\",\"url\":\"https:\\\/\\\/goethe-gymnasium.berlin\\\/\",\"logo\":{\"@type\":\"ImageObject\",\"inLanguage\":\"de\",\"@id\":\"https:\\\/\\\/goethe-gymnasium.berlin\\\/#\\\/schema\\\/logo\\\/image\\\/\",\"url\":\"https:\\\/\\\/goethe-gymnasium.berlin\\\/wp-content\\\/uploads\\\/2018\\\/04\\\/goethe-logo_hoch.png\",\"contentUrl\":\"https:\\\/\\\/goethe-gymnasium.berlin\\\/wp-content\\\/uploads\\\/2018\\\/04\\\/goethe-logo_hoch.png\",\"width\":755,\"height\":514,\"caption\":\"Goethe-Gymnasium Berlin-Wilmersdorf\"},\"image\":{\"@id\":\"https:\\\/\\\/goethe-gymnasium.berlin\\\/#\\\/schema\\\/logo\\\/image\\\/\"},\"sameAs\":[\"https:\\\/\\\/www.facebook.com\\\/pages\\\/Goethe-Gymnasium\\\/109376575754402\",\"https:\\\/\\\/www.youtube.com\\\/channel\\\/UCMKuMVF9h_YkS3zmEp7SnzQ\"]}]}<\/script>\n<!-- \/ Yoast SEO plugin. -->","yoast_head_json":{"title":"Gru\u00dfwort der Schulleiterin - Goethe-Gymnasium Berlin-Wilmersdorf","robots":{"index":"index","follow":"follow","max-snippet":"max-snippet:-1","max-image-preview":"max-image-preview:large","max-video-preview":"max-video-preview:-1"},"canonical":"https:\/\/goethe-gymnasium.berlin\/index.php\/grusswort-der-schulleiterin\/","og_locale":"de_DE","og_type":"article","og_title":"Gru\u00dfwort der Schulleiterin - Goethe-Gymnasium Berlin-Wilmersdorf","og_description":"Liebe Schulgemeinschaft, mein Name ist Arienne Meurer, ich bin geb\u00fcrtige Berlin-Wilmersdorferin, habe dort meine Schulzeit und sp\u00e4ter meine Studienzeit an Weiterlesen ...","og_url":"https:\/\/goethe-gymnasium.berlin\/index.php\/grusswort-der-schulleiterin\/","og_site_name":"Goethe-Gymnasium Berlin-Wilmersdorf","article_publisher":"https:\/\/www.facebook.com\/pages\/Goethe-Gymnasium\/109376575754402","article_modified_time":"2025-09-05T19:55:02+00:00","og_image":[{"width":1879,"height":1125,"url":"https:\/\/goethe-gymnasium.berlin\/wp-content\/uploads\/2023\/12\/Willkommen.jpg","type":"image\/jpeg"}],"twitter_card":"summary_large_image","twitter_misc":{"Gesch\u00e4tzte Lesezeit":"3\u00a0Minuten"},"schema":{"@context":"https:\/\/schema.org","@graph":[{"@type":"WebPage","@id":"https:\/\/goethe-gymnasium.berlin\/index.php\/grusswort-der-schulleiterin\/","url":"https:\/\/goethe-gymnasium.berlin\/index.php\/grusswort-der-schulleiterin\/","name":"Gru\u00dfwort der Schulleiterin - Goethe-Gymnasium Berlin-Wilmersdorf","isPartOf":{"@id":"https:\/\/goethe-gymnasium.berlin\/#website"},"primaryImageOfPage":{"@id":"https:\/\/goethe-gymnasium.berlin\/index.php\/grusswort-der-schulleiterin\/#primaryimage"},"image":{"@id":"https:\/\/goethe-gymnasium.berlin\/index.php\/grusswort-der-schulleiterin\/#primaryimage"},"thumbnailUrl":"https:\/\/goethe-gymnasium.berlin\/wp-content\/uploads\/2023\/12\/Willkommen.jpg","datePublished":"2023-12-17T20:45:54+00:00","dateModified":"2025-09-05T19:55:02+00:00","breadcrumb":{"@id":"https:\/\/goethe-gymnasium.berlin\/index.php\/grusswort-der-schulleiterin\/#breadcrumb"},"inLanguage":"de","potentialAction":[{"@type":"ReadAction","target":["https:\/\/goethe-gymnasium.berlin\/index.php\/grusswort-der-schulleiterin\/"]}]},{"@type":"ImageObject","inLanguage":"de","@id":"https:\/\/goethe-gymnasium.berlin\/index.php\/grusswort-der-schulleiterin\/#primaryimage","url":"https:\/\/goethe-gymnasium.berlin\/wp-content\/uploads\/2023\/12\/Willkommen.jpg","contentUrl":"https:\/\/goethe-gymnasium.berlin\/wp-content\/uploads\/2023\/12\/Willkommen.jpg","width":1879,"height":1125},{"@type":"BreadcrumbList","@id":"https:\/\/goethe-gymnasium.berlin\/index.php\/grusswort-der-schulleiterin\/#breadcrumb","itemListElement":[{"@type":"ListItem","position":1,"name":"Startseite","item":"https:\/\/goethe-gymnasium.berlin\/"},{"@type":"ListItem","position":2,"name":"Gru\u00dfwort der Schulleiterin"}]},{"@type":"WebSite","@id":"https:\/\/goethe-gymnasium.berlin\/#website","url":"https:\/\/goethe-gymnasium.berlin\/","name":"Goethe-Gymnasium Berlin-Wilmersdorf","description":"","publisher":{"@id":"https:\/\/goethe-gymnasium.berlin\/#organization"},"potentialAction":[{"@type":"SearchAction","target":{"@type":"EntryPoint","urlTemplate":"https:\/\/goethe-gymnasium.berlin\/?s={search_term_string}"},"query-input":{"@type":"PropertyValueSpecification","valueRequired":true,"valueName":"search_term_string"}}],"inLanguage":"de"},{"@type":"Organization","@id":"https:\/\/goethe-gymnasium.berlin\/#organization","name":"Goethe-Gymnasium Berlin-Wilmersdorf","url":"https:\/\/goethe-gymnasium.berlin\/","logo":{"@type":"ImageObject","inLanguage":"de","@id":"https:\/\/goethe-gymnasium.berlin\/#\/schema\/logo\/image\/","url":"https:\/\/goethe-gymnasium.berlin\/wp-content\/uploads\/2018\/04\/goethe-logo_hoch.png","contentUrl":"https:\/\/goethe-gymnasium.berlin\/wp-content\/uploads\/2018\/04\/goethe-logo_hoch.png","width":755,"height":514,"caption":"Goethe-Gymnasium Berlin-Wilmersdorf"},"image":{"@id":"https:\/\/goethe-gymnasium.berlin\/#\/schema\/logo\/image\/"},"sameAs":["https:\/\/www.facebook.com\/pages\/Goethe-Gymnasium\/109376575754402","https:\/\/www.youtube.com\/channel\/UCMKuMVF9h_YkS3zmEp7SnzQ"]}]}},"_links":{"self":[{"href":"https:\/\/goethe-gymnasium.berlin\/index.php\/wp-json\/wp\/v2\/pages\/11336","targetHints":{"allow":["GET"]}}],"collection":[{"href":"https:\/\/goethe-gymnasium.berlin\/index.php\/wp-json\/wp\/v2\/pages"}],"about":[{"href":"https:\/\/goethe-gymnasium.berlin\/index.php\/wp-json\/wp\/v2\/types\/page"}],"author":[{"embeddable":true,"href":"https:\/\/goethe-gymnasium.berlin\/index.php\/wp-json\/wp\/v2\/users\/4"}],"replies":[{"embeddable":true,"href":"https:\/\/goethe-gymnasium.berlin\/index.php\/wp-json\/wp\/v2\/comments?post=11336"}],"version-history":[{"count":9,"href":"https:\/\/goethe-gymnasium.berlin\/index.php\/wp-json\/wp\/v2\/pages\/11336\/revisions"}],"predecessor-version":[{"id":13494,"href":"https:\/\/goethe-gymnasium.berlin\/index.php\/wp-json\/wp\/v2\/pages\/11336\/revisions\/13494"}],"wp:featuredmedia":[{"embeddable":true,"href":"https:\/\/goethe-gymnasium.berlin\/index.php\/wp-json\/wp\/v2\/media\/11341"}],"wp:attachment":[{"href":"https:\/\/goethe-gymnasium.berlin\/index.php\/wp-json\/wp\/v2\/media?parent=11336"}],"wp:term":[{"taxonomy":"category","embeddable":true,"href":"https:\/\/goethe-gymnasium.berlin\/index.php\/wp-json\/wp\/v2\/categories?post=11336"},{"taxonomy":"post_tag","embeddable":true,"href":"https:\/\/goethe-gymnasium.berlin\/index.php\/wp-json\/wp\/v2\/tags?post=11336"}],"curies":[{"name":"wp","href":"https:\/\/api.w.org\/{rel}","templated":true}]}}