{"id":111,"date":"2018-04-24T11:15:18","date_gmt":"2018-04-24T11:15:18","guid":{"rendered":"http:\/\/goethe-gymnasium.berlin\/?page_id=111"},"modified":"2021-03-20T20:47:14","modified_gmt":"2021-03-20T19:47:14","slug":"ethik","status":"publish","type":"page","link":"https:\/\/goethe-gymnasium.berlin\/index.php\/gesellschaftsfaecher\/ethik\/","title":{"rendered":"Ethik"},"content":{"rendered":"<div id=\"ja-mainbody\">\n<div id=\"ja-main\">\n<div class=\"inner clearfix\">\n<div id=\"ja-contentwrap\" class=\"clearfix \">\n<div id=\"ja-content\" class=\"column\">\n<div id=\"ja-current-content\" class=\"column\">\n<div id=\"ja-content-main\" class=\"ja-content-main clearfix\">\n<div class=\"blog clearfix\">\n<div class=\"items-leading clearfix\">\n<div class=\"leading leading-0\">\n<div class=\"contentpaneopen clearfix\">\n<p>\u201e<em>Wer meint, alles zu durchschauen, philosophiert nicht mehr<\/em>\u201c ist ein bekanntes Zitat des deutschen Philosophen Karl Jaspers und zugleich einer der kompaktesten Versuche, das Wesen der Philosophie \u00fcber deren aufkl\u00e4rerische Grundhaltung auf den Punkt zu bringen. Namentlich sind es intellektuelle Tugenden wie <em>Zweifel<\/em> und <em>Skepsis<\/em> gegen\u00fcber Dogmen und Tabus, Gewohnheiten und Gewissheiten aller Art, die es dem Menschen erlauben, \u201e<em>seiner selbstverschuldeten Unm\u00fcndigkeit<\/em>\u201c (Kant) entwachsen zu k\u00f6nnen. Weiterhin klingt in Jaspers Definition das kategorische <em>Staunen<\/em> an, das jedem Philosophieren zu eigen ist und das in \u00e4u\u00dferster Konsequenz sogar danach fragt, warum \u00fcberhaupt etwas ist und \u201e<em>nicht nichts<\/em>\u201c (Leibniz, Schelling).<\/p>\n<p>Begreift man dieses kritische<strong> Hinterfragen<\/strong> der menschlichen Urteilsf\u00e4higkeit zugleich als deren Sch\u00e4rfung und Bildung, wird deutlich, dass die F\u00e4cher Ethik und <a href=\"http:\/\/goethe-gymnasium.berlin\/index.php\/gesellschaftsfaecher\/philosophie\/\">Philosophie<\/a> in besonderer Weise dem Anspruch humanistischer Bildung verpflichtet sind: Neben der Vermittlung der langen Bildungstradition des Faches steht gleichberechtigt die <strong>Schulung methodisch angeleiteten Denkens<\/strong> im Mittelpunkt, was letztlich auf nichts geringeres zielt als auf <strong><em>Souver\u00e4nit\u00e4t<\/em><\/strong>; Souver\u00e4nit\u00e4t im Denken und Handeln, weil in jeder noch so unvermuteten thematischen Ausschweifung des Faches die Frage nach den leitenden <em>Prinzipien<\/em>, ma\u00dfgeblichen <em>Werten<\/em> und zentralen <em>Begriffen<\/em> gestellt wird. Das Credo des Fachbereichs k\u00f6nnte somit auch frei nach Sokrates lauten: Ein Leben ohne <em>Selbsterkenntnis<\/em> ist kein souver\u00e4nes Leben, selbst wenn dies nur in ein souver\u00e4nes <em>\u201eIch wei\u00df, dass ich nichts wei\u00df\u201c<\/em> m\u00fcndet.<\/p>\n<p>Thematisch sind dem Fach kaum Grenzen gesetzt. Die entlegensten Inhalte k\u00f6nnen einer philosophischen Betrachtung unterzogen werden. Ma\u00dfgeblich sind die skizzierten Charakteristika humanistisch-aufkl\u00e4rerischen Denkens. Nichts desto trotz haben sich klassische Teilgebiete der Philosophie herauskristallisiert, die sich in den jeweiligen Rahmenpl\u00e4nen und Unterrichtsmaterialien abbilden.<\/p>\n<p>Dabei stellt das Fach<strong> Ethik<\/strong> im umfassendsten Sinne die <em>Frage nach dem guten und gelingendem Leben<\/em> in den Mittelpunkt und diskutiert diese eingehend in den Themenfeldern <em>Identit\u00e4t und Rolle<\/em>, <em>Freiheit und Verantwortung<\/em>, <em>Recht und Gerechtigkeit<\/em>, <em>Mensch und Gemeinschaft<\/em>, <em>Pflicht und Gewissen<\/em> sowie <em>Wissen und Glauben<\/em>.<\/p>\n<p>Das Fach <a href=\"http:\/\/goethe-gymnasium.berlin\/index.php\/gesellschaftsfaecher\/philosophie\/\">Philosophie<\/a> schlie\u00dflich erweitert die Fragestellungen der <em>Ethik<\/em> um diejenigen der <em>Metaphysik<\/em> und <em>Ontologie<\/em> (Was liegt der Wirklichkeit zugrunde?), der <em>Erkenntnistheorie<\/em> (Was k\u00f6nnen wir wissen?), der <em>Anthropologie<\/em> (Was ist das Wesen des Menschen?), der <em>Sprachphilosophie<\/em> (Wie verhalten sich Sprache und Wirklichkeit zueinander?) und der <em>\u00c4sthetik<\/em> (Was ist das Sch\u00f6ne?).<\/p>\n<p>Das <strong>Fach Ethik<\/strong> wird ab der siebten bis zur zehnten Klasse zweist\u00fcndig unterrichtet. Besonders hervorzuheben ist das in der achten Klasse angesiedelte Projekt <em>\u201eLernen durch Engagement\u201c<\/em>, eine Lernform, die gesellschaftliches Engagement von Sch\u00fclerInnen mit fachlichem Lernen verbindet. In der zehnten Klasse sticht schlie\u00dflich die besondere Profilgebung heraus: Zur systematischen Vorbereitung auf die Inhalte, Methoden und Strukturen des Philosophie-Unterrichts der Oberstufe wird einerseits das <em>logische Argumentieren<\/em> in den Mittelpunkt ger\u00fcckt, andererseits k\u00f6nnen die Sch\u00fclerinnen und Sch\u00fcler zwischen inhaltlich unterschiedlich akzentuierten <em>Profilkursen<\/em> w\u00e4hlen.<\/p>\n<p>Br\u00fcckenschl\u00e4ge zu anderen F\u00e4chern geh\u00f6ren zum Selbstverst\u00e4ndnis des Fachbereichs. Ganz gleich ob Sprachen oder K\u00fcnste, Wissenschaft oder Technik \u2013 jedes Fach, jede wissenschaftliche Disziplin kann einer philosophischen Grundlagenkl\u00e4rung unterzogen werden. Das Schulprofil des Goethe-Gymnasium bietet in diesem Zusammenhang besonders viele Ankn\u00fcpfungspunkte: Schon die F\u00e4cherbezeichnungen \u201eEthik\u201c und \u201e<a href=\"http:\/\/goethe-gymnasium.berlin\/index.php\/gesellschaftsfaecher\/philosophie\/\">Philosophie<\/a>\u201c verweisen unmittelbar auf die griechische Antike. Zudem sind in der Antike zahlreiche Grundsatzfragen der Philosophie erstmalig formuliert und diskutiert worden \u2013 hier helfen die<em> klassischen Sprachen<\/em>. Die hochtechnisierte Gesellschaft, in der wir alle leben, macht zwar einiges bequemer, fordert den Menschen aber existentiell heraus \u2013 hier kommen die <em>Naturwissenschaften<\/em> zum Zuge. Unsere Identit\u00e4t, unsere Lebensentw\u00fcrfe stehen immer in Wechselwirkung mit gesellschaftlichen Realit\u00e4ten \u2013 hier sind Kenntnisse aus <em>Geschichte<\/em> und <em>Politikwissenschaft<\/em> gefragt. Die Liste lie\u00dfe sich noch beliebig weiterf\u00fchren: Gemeinsamer Nenner aller thematischen M\u00f6glichkeiten des Faches ist die Schulung kritischen und pr\u00e4zisen Denkens auf der einen, der Beitrag zur <em>Selbsterkenntnis<\/em> auf der anderen Seite und damit einhergehend \u2013 wiederum in Anlehnung an Sokrates \u2013 zur <em>Lebensqualit\u00e4t<\/em>.<\/p>\n<p>Hier finden Sie die aktuellen <a href=\"https:\/\/goethe-gymnasium.berlin\/wp-content\/uploads\/2019\/08\/SchiC-7-10_Ethik.pdf\" target=\"_blank\" rel=\"noopener noreferrer\">schulinternen Curricula Ethik<\/a> f\u00fcr die Klassenstufen 7-10 (Stand 2019).<\/p>\n<p style=\"text-align: right;\"><em>Text: Fachbereich Ethik \/ Philosophie (Schuljahr 2017\/18)<\/em><\/p>\n<\/div>\n<\/div>\n<\/div>\n<\/div>\n<\/div>\n<\/div>\n<\/div>\n<\/div>\n<\/div>\n<\/div>\n<\/div>\n","protected":false},"excerpt":{"rendered":"<p>\u201eWer meint, alles zu durchschauen, philosophiert nicht mehr\u201c ist ein bekanntes Zitat des deutschen Philosophen Karl Jaspers und zugleich einer <a class=\"more-link\" href=\"https:\/\/goethe-gymnasium.berlin\/index.php\/gesellschaftsfaecher\/ethik\/\">Weiterlesen &#8230;<\/a><\/p>\n","protected":false},"author":1,"featured_media":0,"parent":101,"menu_order":0,"comment_status":"closed","ping_status":"closed","template":"","meta":{"footnotes":""},"categories":[],"tags":[],"class_list":["post-111","page","type-page","status-publish","hentry"],"yoast_head":"<!-- This site is optimized with the Yoast SEO plugin v27.3 - https:\/\/yoast.com\/product\/yoast-seo-wordpress\/ -->\n<title>Ethik - Goethe-Gymnasium Berlin-Wilmersdorf<\/title>\n<meta name=\"robots\" content=\"index, follow, max-snippet:-1, max-image-preview:large, max-video-preview:-1\" \/>\n<link rel=\"canonical\" href=\"https:\/\/goethe-gymnasium.berlin\/index.php\/gesellschaftsfaecher\/ethik\/\" \/>\n<meta property=\"og:locale\" content=\"de_DE\" \/>\n<meta property=\"og:type\" content=\"article\" \/>\n<meta property=\"og:title\" content=\"Ethik - Goethe-Gymnasium Berlin-Wilmersdorf\" \/>\n<meta property=\"og:description\" content=\"\u201eWer meint, alles zu durchschauen, philosophiert nicht mehr\u201c ist ein bekanntes Zitat des deutschen Philosophen Karl Jaspers und zugleich einer Weiterlesen ...\" \/>\n<meta property=\"og:url\" content=\"https:\/\/goethe-gymnasium.berlin\/index.php\/gesellschaftsfaecher\/ethik\/\" \/>\n<meta property=\"og:site_name\" content=\"Goethe-Gymnasium Berlin-Wilmersdorf\" \/>\n<meta property=\"article:publisher\" content=\"https:\/\/www.facebook.com\/pages\/Goethe-Gymnasium\/109376575754402\" \/>\n<meta property=\"article:modified_time\" content=\"2021-03-20T19:47:14+00:00\" \/>\n<meta property=\"og:image\" content=\"https:\/\/goethe-gymnasium.berlin\/wp-content\/uploads\/2018\/06\/goethe-front-light.jpg\" \/>\n\t<meta property=\"og:image:width\" content=\"1200\" \/>\n\t<meta property=\"og:image:height\" content=\"600\" \/>\n\t<meta property=\"og:image:type\" content=\"image\/jpeg\" \/>\n<meta name=\"twitter:card\" content=\"summary_large_image\" \/>\n<meta name=\"twitter:label1\" content=\"Gesch\u00e4tzte Lesezeit\" \/>\n\t<meta name=\"twitter:data1\" content=\"3\u00a0Minuten\" \/>\n<script type=\"application\/ld+json\" class=\"yoast-schema-graph\">{\"@context\":\"https:\\\/\\\/schema.org\",\"@graph\":[{\"@type\":\"WebPage\",\"@id\":\"https:\\\/\\\/goethe-gymnasium.berlin\\\/index.php\\\/gesellschaftsfaecher\\\/ethik\\\/\",\"url\":\"https:\\\/\\\/goethe-gymnasium.berlin\\\/index.php\\\/gesellschaftsfaecher\\\/ethik\\\/\",\"name\":\"Ethik - Goethe-Gymnasium Berlin-Wilmersdorf\",\"isPartOf\":{\"@id\":\"https:\\\/\\\/goethe-gymnasium.berlin\\\/#website\"},\"datePublished\":\"2018-04-24T11:15:18+00:00\",\"dateModified\":\"2021-03-20T19:47:14+00:00\",\"breadcrumb\":{\"@id\":\"https:\\\/\\\/goethe-gymnasium.berlin\\\/index.php\\\/gesellschaftsfaecher\\\/ethik\\\/#breadcrumb\"},\"inLanguage\":\"de\",\"potentialAction\":[{\"@type\":\"ReadAction\",\"target\":[\"https:\\\/\\\/goethe-gymnasium.berlin\\\/index.php\\\/gesellschaftsfaecher\\\/ethik\\\/\"]}]},{\"@type\":\"BreadcrumbList\",\"@id\":\"https:\\\/\\\/goethe-gymnasium.berlin\\\/index.php\\\/gesellschaftsfaecher\\\/ethik\\\/#breadcrumb\",\"itemListElement\":[{\"@type\":\"ListItem\",\"position\":1,\"name\":\"Startseite\",\"item\":\"https:\\\/\\\/goethe-gymnasium.berlin\\\/\"},{\"@type\":\"ListItem\",\"position\":2,\"name\":\"Gesellschaftswissenschaften\",\"item\":\"https:\\\/\\\/goethe-gymnasium.berlin\\\/index.php\\\/gesellschaftsfaecher\\\/\"},{\"@type\":\"ListItem\",\"position\":3,\"name\":\"Ethik\"}]},{\"@type\":\"WebSite\",\"@id\":\"https:\\\/\\\/goethe-gymnasium.berlin\\\/#website\",\"url\":\"https:\\\/\\\/goethe-gymnasium.berlin\\\/\",\"name\":\"Goethe-Gymnasium Berlin-Wilmersdorf\",\"description\":\"\",\"publisher\":{\"@id\":\"https:\\\/\\\/goethe-gymnasium.berlin\\\/#organization\"},\"potentialAction\":[{\"@type\":\"SearchAction\",\"target\":{\"@type\":\"EntryPoint\",\"urlTemplate\":\"https:\\\/\\\/goethe-gymnasium.berlin\\\/?s={search_term_string}\"},\"query-input\":{\"@type\":\"PropertyValueSpecification\",\"valueRequired\":true,\"valueName\":\"search_term_string\"}}],\"inLanguage\":\"de\"},{\"@type\":\"Organization\",\"@id\":\"https:\\\/\\\/goethe-gymnasium.berlin\\\/#organization\",\"name\":\"Goethe-Gymnasium Berlin-Wilmersdorf\",\"url\":\"https:\\\/\\\/goethe-gymnasium.berlin\\\/\",\"logo\":{\"@type\":\"ImageObject\",\"inLanguage\":\"de\",\"@id\":\"https:\\\/\\\/goethe-gymnasium.berlin\\\/#\\\/schema\\\/logo\\\/image\\\/\",\"url\":\"https:\\\/\\\/goethe-gymnasium.berlin\\\/wp-content\\\/uploads\\\/2018\\\/04\\\/goethe-logo_hoch.png\",\"contentUrl\":\"https:\\\/\\\/goethe-gymnasium.berlin\\\/wp-content\\\/uploads\\\/2018\\\/04\\\/goethe-logo_hoch.png\",\"width\":755,\"height\":514,\"caption\":\"Goethe-Gymnasium Berlin-Wilmersdorf\"},\"image\":{\"@id\":\"https:\\\/\\\/goethe-gymnasium.berlin\\\/#\\\/schema\\\/logo\\\/image\\\/\"},\"sameAs\":[\"https:\\\/\\\/www.facebook.com\\\/pages\\\/Goethe-Gymnasium\\\/109376575754402\",\"https:\\\/\\\/www.youtube.com\\\/channel\\\/UCMKuMVF9h_YkS3zmEp7SnzQ\"]}]}<\/script>\n<!-- \/ Yoast SEO plugin. -->","yoast_head_json":{"title":"Ethik - Goethe-Gymnasium Berlin-Wilmersdorf","robots":{"index":"index","follow":"follow","max-snippet":"max-snippet:-1","max-image-preview":"max-image-preview:large","max-video-preview":"max-video-preview:-1"},"canonical":"https:\/\/goethe-gymnasium.berlin\/index.php\/gesellschaftsfaecher\/ethik\/","og_locale":"de_DE","og_type":"article","og_title":"Ethik - Goethe-Gymnasium Berlin-Wilmersdorf","og_description":"\u201eWer meint, alles zu durchschauen, philosophiert nicht mehr\u201c ist ein bekanntes Zitat des deutschen Philosophen Karl Jaspers und zugleich einer Weiterlesen ...","og_url":"https:\/\/goethe-gymnasium.berlin\/index.php\/gesellschaftsfaecher\/ethik\/","og_site_name":"Goethe-Gymnasium Berlin-Wilmersdorf","article_publisher":"https:\/\/www.facebook.com\/pages\/Goethe-Gymnasium\/109376575754402","article_modified_time":"2021-03-20T19:47:14+00:00","og_image":[{"width":1200,"height":600,"url":"https:\/\/goethe-gymnasium.berlin\/wp-content\/uploads\/2018\/06\/goethe-front-light.jpg","type":"image\/jpeg"}],"twitter_card":"summary_large_image","twitter_misc":{"Gesch\u00e4tzte Lesezeit":"3\u00a0Minuten"},"schema":{"@context":"https:\/\/schema.org","@graph":[{"@type":"WebPage","@id":"https:\/\/goethe-gymnasium.berlin\/index.php\/gesellschaftsfaecher\/ethik\/","url":"https:\/\/goethe-gymnasium.berlin\/index.php\/gesellschaftsfaecher\/ethik\/","name":"Ethik - Goethe-Gymnasium Berlin-Wilmersdorf","isPartOf":{"@id":"https:\/\/goethe-gymnasium.berlin\/#website"},"datePublished":"2018-04-24T11:15:18+00:00","dateModified":"2021-03-20T19:47:14+00:00","breadcrumb":{"@id":"https:\/\/goethe-gymnasium.berlin\/index.php\/gesellschaftsfaecher\/ethik\/#breadcrumb"},"inLanguage":"de","potentialAction":[{"@type":"ReadAction","target":["https:\/\/goethe-gymnasium.berlin\/index.php\/gesellschaftsfaecher\/ethik\/"]}]},{"@type":"BreadcrumbList","@id":"https:\/\/goethe-gymnasium.berlin\/index.php\/gesellschaftsfaecher\/ethik\/#breadcrumb","itemListElement":[{"@type":"ListItem","position":1,"name":"Startseite","item":"https:\/\/goethe-gymnasium.berlin\/"},{"@type":"ListItem","position":2,"name":"Gesellschaftswissenschaften","item":"https:\/\/goethe-gymnasium.berlin\/index.php\/gesellschaftsfaecher\/"},{"@type":"ListItem","position":3,"name":"Ethik"}]},{"@type":"WebSite","@id":"https:\/\/goethe-gymnasium.berlin\/#website","url":"https:\/\/goethe-gymnasium.berlin\/","name":"Goethe-Gymnasium Berlin-Wilmersdorf","description":"","publisher":{"@id":"https:\/\/goethe-gymnasium.berlin\/#organization"},"potentialAction":[{"@type":"SearchAction","target":{"@type":"EntryPoint","urlTemplate":"https:\/\/goethe-gymnasium.berlin\/?s={search_term_string}"},"query-input":{"@type":"PropertyValueSpecification","valueRequired":true,"valueName":"search_term_string"}}],"inLanguage":"de"},{"@type":"Organization","@id":"https:\/\/goethe-gymnasium.berlin\/#organization","name":"Goethe-Gymnasium Berlin-Wilmersdorf","url":"https:\/\/goethe-gymnasium.berlin\/","logo":{"@type":"ImageObject","inLanguage":"de","@id":"https:\/\/goethe-gymnasium.berlin\/#\/schema\/logo\/image\/","url":"https:\/\/goethe-gymnasium.berlin\/wp-content\/uploads\/2018\/04\/goethe-logo_hoch.png","contentUrl":"https:\/\/goethe-gymnasium.berlin\/wp-content\/uploads\/2018\/04\/goethe-logo_hoch.png","width":755,"height":514,"caption":"Goethe-Gymnasium Berlin-Wilmersdorf"},"image":{"@id":"https:\/\/goethe-gymnasium.berlin\/#\/schema\/logo\/image\/"},"sameAs":["https:\/\/www.facebook.com\/pages\/Goethe-Gymnasium\/109376575754402","https:\/\/www.youtube.com\/channel\/UCMKuMVF9h_YkS3zmEp7SnzQ"]}]}},"_links":{"self":[{"href":"https:\/\/goethe-gymnasium.berlin\/index.php\/wp-json\/wp\/v2\/pages\/111","targetHints":{"allow":["GET"]}}],"collection":[{"href":"https:\/\/goethe-gymnasium.berlin\/index.php\/wp-json\/wp\/v2\/pages"}],"about":[{"href":"https:\/\/goethe-gymnasium.berlin\/index.php\/wp-json\/wp\/v2\/types\/page"}],"author":[{"embeddable":true,"href":"https:\/\/goethe-gymnasium.berlin\/index.php\/wp-json\/wp\/v2\/users\/1"}],"replies":[{"embeddable":true,"href":"https:\/\/goethe-gymnasium.berlin\/index.php\/wp-json\/wp\/v2\/comments?post=111"}],"version-history":[{"count":12,"href":"https:\/\/goethe-gymnasium.berlin\/index.php\/wp-json\/wp\/v2\/pages\/111\/revisions"}],"predecessor-version":[{"id":7046,"href":"https:\/\/goethe-gymnasium.berlin\/index.php\/wp-json\/wp\/v2\/pages\/111\/revisions\/7046"}],"up":[{"embeddable":true,"href":"https:\/\/goethe-gymnasium.berlin\/index.php\/wp-json\/wp\/v2\/pages\/101"}],"wp:attachment":[{"href":"https:\/\/goethe-gymnasium.berlin\/index.php\/wp-json\/wp\/v2\/media?parent=111"}],"wp:term":[{"taxonomy":"category","embeddable":true,"href":"https:\/\/goethe-gymnasium.berlin\/index.php\/wp-json\/wp\/v2\/categories?post=111"},{"taxonomy":"post_tag","embeddable":true,"href":"https:\/\/goethe-gymnasium.berlin\/index.php\/wp-json\/wp\/v2\/tags?post=111"}],"curies":[{"name":"wp","href":"https:\/\/api.w.org\/{rel}","templated":true}]}}