{"id":1103,"date":"2018-07-05T20:28:28","date_gmt":"2018-07-05T18:28:28","guid":{"rendered":"http:\/\/goethe-gymnasium.berlin\/?page_id=1103"},"modified":"2019-03-14T20:57:35","modified_gmt":"2019-03-14T19:57:35","slug":"leistungskursschuelerin-unterrichtet-eine-zehnte-klasse","status":"publish","type":"page","link":"https:\/\/goethe-gymnasium.berlin\/index.php\/mint-faecher\/projekte-der-naturwissenschaftlichen-faecher\/leistungskursschuelerin-unterrichtet-eine-zehnte-klasse\/","title":{"rendered":"Leistungskurssch\u00fclerin unterrichtet eine zehnte Klasse"},"content":{"rendered":"<p>Maja Milena S\u00f6zer (3. Sem., LK Chemie) unterrichtete in einer 10. Klasse zum Thema &#8222;L\u00f6slichkeitsverhalten der Alkanole in Wasser&#8220;.<\/p>\n<p>Die Leistungskurssch\u00fcler wollten zuerst nur f\u00fcr den Chemie-Kurs Werbung machen. Der Kurs Chemie sollte schmackhafter gemacht werden. So wurde diskutiert, in den zehnten oder neunten Klassen \u00fcber den Leistungskurs zu berichten. Andererseits sollte das sch\u00f6ne, aber auch als schwer eingesch\u00e4tzte Fach Chemie von Sch\u00fclern irgendwie selbst repr\u00e4sentiert werden. Die Idee, Unterricht in einer meiner zehnten Klassen zu machen, flammte auf. Aufgrund der Unterrichtsverpflichtungen der Oberstufensch\u00fcler wurde das Unterfangen aber recht bald wieder verworfen.<\/p>\n<p>Doch eine Sch\u00fclerin lie\u00df nicht locker: Maja sprach im Dezember den Wunsch aus, doch eine Unterrichtsstunde in einer zehnten Klasse zu geben. Ich habe bislang schon viele Praktikanten und Referendare betreut. Doch eine Sch\u00fclerin, die Unterricht machen will? Das klang zun\u00e4chst etwas gewagt. Wo anfangen? Unterrichtseinstieg, Methodenwahl, Lernziele, didaktische Analyse. Ergebnisscherung. Kompetenzorientierter Unterricht. Davon hat Maja bislang nichts geh\u00f6rt. Wir wagten den Sprung ins kalte Wasser. Die Klasse 10d, die ich regul\u00e4r in Chemie unterrichte, ist eine sehr vern\u00fcnftige Klasse, die derartigen Projekten gegen\u00fcber wohlgesonnen ist. Denn nat\u00fcrlich k\u00f6nnte die Frage aufkommen \u2013 was will die Sch\u00fclerin? Ja, sich ausprobieren. Und Chemie beibringen. Und das hat tats\u00e4chlich geklappt. Vor allem: Die Chemie zwischen der Klasse und der Lehrerin hat wunderbar gestimmt. Es gab ein Experiment, es wurde ein sauberes Tafelbild erstellt und die Sch\u00fclerin versuchte sich in einem fragend-entwickelndem Unterrichtsgespr\u00e4ch. Hier wurde etwas gelernt. Und zwar mit gro\u00dfem Gewinn. Maja selbst war begeistert und die Klasse quittierte die Stunde mit einem Applaus.<\/p>\n<p style=\"text-align: right;\"><em>Text und Bild: Herr B\u00fcssow (Schuljahr 2013\/14)<\/em><\/p>\n","protected":false},"excerpt":{"rendered":"<p>Maja Milena S\u00f6zer (3. Sem., LK Chemie) unterrichtete in einer 10. Klasse zum Thema &#8222;L\u00f6slichkeitsverhalten der Alkanole in Wasser&#8220;. Die <a class=\"more-link\" href=\"https:\/\/goethe-gymnasium.berlin\/index.php\/mint-faecher\/projekte-der-naturwissenschaftlichen-faecher\/leistungskursschuelerin-unterrichtet-eine-zehnte-klasse\/\">Weiterlesen &#8230;<\/a><\/p>\n","protected":false},"author":5,"featured_media":0,"parent":1078,"menu_order":0,"comment_status":"closed","ping_status":"closed","template":"","meta":{"footnotes":""},"categories":[],"tags":[],"class_list":["post-1103","page","type-page","status-publish","hentry"],"yoast_head":"<!-- This site is optimized with the Yoast SEO plugin v27.4 - https:\/\/yoast.com\/product\/yoast-seo-wordpress\/ -->\n<title>Leistungskurssch\u00fclerin unterrichtet eine zehnte Klasse - Goethe-Gymnasium Berlin-Wilmersdorf<\/title>\n<meta name=\"robots\" content=\"index, follow, max-snippet:-1, max-image-preview:large, max-video-preview:-1\" \/>\n<link rel=\"canonical\" href=\"https:\/\/goethe-gymnasium.berlin\/index.php\/mint-faecher\/projekte-der-naturwissenschaftlichen-faecher\/leistungskursschuelerin-unterrichtet-eine-zehnte-klasse\/\" \/>\n<meta property=\"og:locale\" content=\"de_DE\" \/>\n<meta property=\"og:type\" content=\"article\" \/>\n<meta property=\"og:title\" content=\"Leistungskurssch\u00fclerin unterrichtet eine zehnte Klasse - Goethe-Gymnasium Berlin-Wilmersdorf\" \/>\n<meta property=\"og:description\" content=\"Maja Milena S\u00f6zer (3. Sem., LK Chemie) unterrichtete in einer 10. Klasse zum Thema &#8222;L\u00f6slichkeitsverhalten der Alkanole in Wasser&#8220;. Die Weiterlesen ...\" \/>\n<meta property=\"og:url\" content=\"https:\/\/goethe-gymnasium.berlin\/index.php\/mint-faecher\/projekte-der-naturwissenschaftlichen-faecher\/leistungskursschuelerin-unterrichtet-eine-zehnte-klasse\/\" \/>\n<meta property=\"og:site_name\" content=\"Goethe-Gymnasium Berlin-Wilmersdorf\" \/>\n<meta property=\"article:publisher\" content=\"https:\/\/www.facebook.com\/pages\/Goethe-Gymnasium\/109376575754402\" \/>\n<meta property=\"article:modified_time\" content=\"2019-03-14T19:57:35+00:00\" \/>\n<meta property=\"og:image\" content=\"https:\/\/goethe-gymnasium.berlin\/wp-content\/uploads\/2018\/06\/goethe-front-light.jpg\" \/>\n\t<meta property=\"og:image:width\" content=\"1200\" \/>\n\t<meta property=\"og:image:height\" content=\"600\" \/>\n\t<meta property=\"og:image:type\" content=\"image\/jpeg\" \/>\n<meta name=\"twitter:card\" content=\"summary_large_image\" \/>\n<meta name=\"twitter:label1\" content=\"Gesch\u00e4tzte Lesezeit\" \/>\n\t<meta name=\"twitter:data1\" content=\"1\u00a0Minute\" \/>\n<script type=\"application\/ld+json\" class=\"yoast-schema-graph\">{\"@context\":\"https:\\\/\\\/schema.org\",\"@graph\":[{\"@type\":\"WebPage\",\"@id\":\"https:\\\/\\\/goethe-gymnasium.berlin\\\/index.php\\\/mint-faecher\\\/projekte-der-naturwissenschaftlichen-faecher\\\/leistungskursschuelerin-unterrichtet-eine-zehnte-klasse\\\/\",\"url\":\"https:\\\/\\\/goethe-gymnasium.berlin\\\/index.php\\\/mint-faecher\\\/projekte-der-naturwissenschaftlichen-faecher\\\/leistungskursschuelerin-unterrichtet-eine-zehnte-klasse\\\/\",\"name\":\"Leistungskurssch\u00fclerin unterrichtet eine zehnte Klasse - Goethe-Gymnasium Berlin-Wilmersdorf\",\"isPartOf\":{\"@id\":\"https:\\\/\\\/goethe-gymnasium.berlin\\\/#website\"},\"datePublished\":\"2018-07-05T18:28:28+00:00\",\"dateModified\":\"2019-03-14T19:57:35+00:00\",\"breadcrumb\":{\"@id\":\"https:\\\/\\\/goethe-gymnasium.berlin\\\/index.php\\\/mint-faecher\\\/projekte-der-naturwissenschaftlichen-faecher\\\/leistungskursschuelerin-unterrichtet-eine-zehnte-klasse\\\/#breadcrumb\"},\"inLanguage\":\"de\",\"potentialAction\":[{\"@type\":\"ReadAction\",\"target\":[\"https:\\\/\\\/goethe-gymnasium.berlin\\\/index.php\\\/mint-faecher\\\/projekte-der-naturwissenschaftlichen-faecher\\\/leistungskursschuelerin-unterrichtet-eine-zehnte-klasse\\\/\"]}]},{\"@type\":\"BreadcrumbList\",\"@id\":\"https:\\\/\\\/goethe-gymnasium.berlin\\\/index.php\\\/mint-faecher\\\/projekte-der-naturwissenschaftlichen-faecher\\\/leistungskursschuelerin-unterrichtet-eine-zehnte-klasse\\\/#breadcrumb\",\"itemListElement\":[{\"@type\":\"ListItem\",\"position\":1,\"name\":\"Startseite\",\"item\":\"https:\\\/\\\/goethe-gymnasium.berlin\\\/\"},{\"@type\":\"ListItem\",\"position\":2,\"name\":\"MINT-F\u00e4cher\",\"item\":\"https:\\\/\\\/goethe-gymnasium.berlin\\\/index.php\\\/mint-faecher\\\/\"},{\"@type\":\"ListItem\",\"position\":3,\"name\":\"Projekte und Exkursionen\",\"item\":\"https:\\\/\\\/goethe-gymnasium.berlin\\\/index.php\\\/mint-faecher\\\/projekte-der-naturwissenschaftlichen-faecher\\\/\"},{\"@type\":\"ListItem\",\"position\":4,\"name\":\"Leistungskurssch\u00fclerin unterrichtet eine zehnte Klasse\"}]},{\"@type\":\"WebSite\",\"@id\":\"https:\\\/\\\/goethe-gymnasium.berlin\\\/#website\",\"url\":\"https:\\\/\\\/goethe-gymnasium.berlin\\\/\",\"name\":\"Goethe-Gymnasium Berlin-Wilmersdorf\",\"description\":\"\",\"publisher\":{\"@id\":\"https:\\\/\\\/goethe-gymnasium.berlin\\\/#organization\"},\"potentialAction\":[{\"@type\":\"SearchAction\",\"target\":{\"@type\":\"EntryPoint\",\"urlTemplate\":\"https:\\\/\\\/goethe-gymnasium.berlin\\\/?s={search_term_string}\"},\"query-input\":{\"@type\":\"PropertyValueSpecification\",\"valueRequired\":true,\"valueName\":\"search_term_string\"}}],\"inLanguage\":\"de\"},{\"@type\":\"Organization\",\"@id\":\"https:\\\/\\\/goethe-gymnasium.berlin\\\/#organization\",\"name\":\"Goethe-Gymnasium Berlin-Wilmersdorf\",\"url\":\"https:\\\/\\\/goethe-gymnasium.berlin\\\/\",\"logo\":{\"@type\":\"ImageObject\",\"inLanguage\":\"de\",\"@id\":\"https:\\\/\\\/goethe-gymnasium.berlin\\\/#\\\/schema\\\/logo\\\/image\\\/\",\"url\":\"https:\\\/\\\/goethe-gymnasium.berlin\\\/wp-content\\\/uploads\\\/2018\\\/04\\\/goethe-logo_hoch.png\",\"contentUrl\":\"https:\\\/\\\/goethe-gymnasium.berlin\\\/wp-content\\\/uploads\\\/2018\\\/04\\\/goethe-logo_hoch.png\",\"width\":755,\"height\":514,\"caption\":\"Goethe-Gymnasium Berlin-Wilmersdorf\"},\"image\":{\"@id\":\"https:\\\/\\\/goethe-gymnasium.berlin\\\/#\\\/schema\\\/logo\\\/image\\\/\"},\"sameAs\":[\"https:\\\/\\\/www.facebook.com\\\/pages\\\/Goethe-Gymnasium\\\/109376575754402\",\"https:\\\/\\\/www.youtube.com\\\/channel\\\/UCMKuMVF9h_YkS3zmEp7SnzQ\"]}]}<\/script>\n<!-- \/ Yoast SEO plugin. -->","yoast_head_json":{"title":"Leistungskurssch\u00fclerin unterrichtet eine zehnte Klasse - Goethe-Gymnasium Berlin-Wilmersdorf","robots":{"index":"index","follow":"follow","max-snippet":"max-snippet:-1","max-image-preview":"max-image-preview:large","max-video-preview":"max-video-preview:-1"},"canonical":"https:\/\/goethe-gymnasium.berlin\/index.php\/mint-faecher\/projekte-der-naturwissenschaftlichen-faecher\/leistungskursschuelerin-unterrichtet-eine-zehnte-klasse\/","og_locale":"de_DE","og_type":"article","og_title":"Leistungskurssch\u00fclerin unterrichtet eine zehnte Klasse - Goethe-Gymnasium Berlin-Wilmersdorf","og_description":"Maja Milena S\u00f6zer (3. Sem., LK Chemie) unterrichtete in einer 10. Klasse zum Thema &#8222;L\u00f6slichkeitsverhalten der Alkanole in Wasser&#8220;. Die Weiterlesen ...","og_url":"https:\/\/goethe-gymnasium.berlin\/index.php\/mint-faecher\/projekte-der-naturwissenschaftlichen-faecher\/leistungskursschuelerin-unterrichtet-eine-zehnte-klasse\/","og_site_name":"Goethe-Gymnasium Berlin-Wilmersdorf","article_publisher":"https:\/\/www.facebook.com\/pages\/Goethe-Gymnasium\/109376575754402","article_modified_time":"2019-03-14T19:57:35+00:00","og_image":[{"width":1200,"height":600,"url":"https:\/\/goethe-gymnasium.berlin\/wp-content\/uploads\/2018\/06\/goethe-front-light.jpg","type":"image\/jpeg"}],"twitter_card":"summary_large_image","twitter_misc":{"Gesch\u00e4tzte Lesezeit":"1\u00a0Minute"},"schema":{"@context":"https:\/\/schema.org","@graph":[{"@type":"WebPage","@id":"https:\/\/goethe-gymnasium.berlin\/index.php\/mint-faecher\/projekte-der-naturwissenschaftlichen-faecher\/leistungskursschuelerin-unterrichtet-eine-zehnte-klasse\/","url":"https:\/\/goethe-gymnasium.berlin\/index.php\/mint-faecher\/projekte-der-naturwissenschaftlichen-faecher\/leistungskursschuelerin-unterrichtet-eine-zehnte-klasse\/","name":"Leistungskurssch\u00fclerin unterrichtet eine zehnte Klasse - Goethe-Gymnasium Berlin-Wilmersdorf","isPartOf":{"@id":"https:\/\/goethe-gymnasium.berlin\/#website"},"datePublished":"2018-07-05T18:28:28+00:00","dateModified":"2019-03-14T19:57:35+00:00","breadcrumb":{"@id":"https:\/\/goethe-gymnasium.berlin\/index.php\/mint-faecher\/projekte-der-naturwissenschaftlichen-faecher\/leistungskursschuelerin-unterrichtet-eine-zehnte-klasse\/#breadcrumb"},"inLanguage":"de","potentialAction":[{"@type":"ReadAction","target":["https:\/\/goethe-gymnasium.berlin\/index.php\/mint-faecher\/projekte-der-naturwissenschaftlichen-faecher\/leistungskursschuelerin-unterrichtet-eine-zehnte-klasse\/"]}]},{"@type":"BreadcrumbList","@id":"https:\/\/goethe-gymnasium.berlin\/index.php\/mint-faecher\/projekte-der-naturwissenschaftlichen-faecher\/leistungskursschuelerin-unterrichtet-eine-zehnte-klasse\/#breadcrumb","itemListElement":[{"@type":"ListItem","position":1,"name":"Startseite","item":"https:\/\/goethe-gymnasium.berlin\/"},{"@type":"ListItem","position":2,"name":"MINT-F\u00e4cher","item":"https:\/\/goethe-gymnasium.berlin\/index.php\/mint-faecher\/"},{"@type":"ListItem","position":3,"name":"Projekte und Exkursionen","item":"https:\/\/goethe-gymnasium.berlin\/index.php\/mint-faecher\/projekte-der-naturwissenschaftlichen-faecher\/"},{"@type":"ListItem","position":4,"name":"Leistungskurssch\u00fclerin unterrichtet eine zehnte Klasse"}]},{"@type":"WebSite","@id":"https:\/\/goethe-gymnasium.berlin\/#website","url":"https:\/\/goethe-gymnasium.berlin\/","name":"Goethe-Gymnasium Berlin-Wilmersdorf","description":"","publisher":{"@id":"https:\/\/goethe-gymnasium.berlin\/#organization"},"potentialAction":[{"@type":"SearchAction","target":{"@type":"EntryPoint","urlTemplate":"https:\/\/goethe-gymnasium.berlin\/?s={search_term_string}"},"query-input":{"@type":"PropertyValueSpecification","valueRequired":true,"valueName":"search_term_string"}}],"inLanguage":"de"},{"@type":"Organization","@id":"https:\/\/goethe-gymnasium.berlin\/#organization","name":"Goethe-Gymnasium Berlin-Wilmersdorf","url":"https:\/\/goethe-gymnasium.berlin\/","logo":{"@type":"ImageObject","inLanguage":"de","@id":"https:\/\/goethe-gymnasium.berlin\/#\/schema\/logo\/image\/","url":"https:\/\/goethe-gymnasium.berlin\/wp-content\/uploads\/2018\/04\/goethe-logo_hoch.png","contentUrl":"https:\/\/goethe-gymnasium.berlin\/wp-content\/uploads\/2018\/04\/goethe-logo_hoch.png","width":755,"height":514,"caption":"Goethe-Gymnasium Berlin-Wilmersdorf"},"image":{"@id":"https:\/\/goethe-gymnasium.berlin\/#\/schema\/logo\/image\/"},"sameAs":["https:\/\/www.facebook.com\/pages\/Goethe-Gymnasium\/109376575754402","https:\/\/www.youtube.com\/channel\/UCMKuMVF9h_YkS3zmEp7SnzQ"]}]}},"_links":{"self":[{"href":"https:\/\/goethe-gymnasium.berlin\/index.php\/wp-json\/wp\/v2\/pages\/1103","targetHints":{"allow":["GET"]}}],"collection":[{"href":"https:\/\/goethe-gymnasium.berlin\/index.php\/wp-json\/wp\/v2\/pages"}],"about":[{"href":"https:\/\/goethe-gymnasium.berlin\/index.php\/wp-json\/wp\/v2\/types\/page"}],"author":[{"embeddable":true,"href":"https:\/\/goethe-gymnasium.berlin\/index.php\/wp-json\/wp\/v2\/users\/5"}],"replies":[{"embeddable":true,"href":"https:\/\/goethe-gymnasium.berlin\/index.php\/wp-json\/wp\/v2\/comments?post=1103"}],"version-history":[{"count":3,"href":"https:\/\/goethe-gymnasium.berlin\/index.php\/wp-json\/wp\/v2\/pages\/1103\/revisions"}],"predecessor-version":[{"id":3218,"href":"https:\/\/goethe-gymnasium.berlin\/index.php\/wp-json\/wp\/v2\/pages\/1103\/revisions\/3218"}],"up":[{"embeddable":true,"href":"https:\/\/goethe-gymnasium.berlin\/index.php\/wp-json\/wp\/v2\/pages\/1078"}],"wp:attachment":[{"href":"https:\/\/goethe-gymnasium.berlin\/index.php\/wp-json\/wp\/v2\/media?parent=1103"}],"wp:term":[{"taxonomy":"category","embeddable":true,"href":"https:\/\/goethe-gymnasium.berlin\/index.php\/wp-json\/wp\/v2\/categories?post=1103"},{"taxonomy":"post_tag","embeddable":true,"href":"https:\/\/goethe-gymnasium.berlin\/index.php\/wp-json\/wp\/v2\/tags?post=1103"}],"curies":[{"name":"wp","href":"https:\/\/api.w.org\/{rel}","templated":true}]}}