{"id":1091,"date":"2018-07-05T20:19:14","date_gmt":"2018-07-05T18:19:14","guid":{"rendered":"http:\/\/goethe-gymnasium.berlin\/?page_id=1091"},"modified":"2018-07-05T20:20:08","modified_gmt":"2018-07-05T18:20:08","slug":"glaesernes-labor","status":"publish","type":"page","link":"https:\/\/goethe-gymnasium.berlin\/index.php\/mint-faecher\/projekte-der-naturwissenschaftlichen-faecher\/glaesernes-labor\/","title":{"rendered":"Gl\u00e4sernes Labor"},"content":{"rendered":"<h3>Praktische Arbeiten aus dem Bereich der Genetik und Molekularbiologie<\/h3>\n<p>J\u00e4hrlich besuchen Sch\u00fclerInnen des Leistungskurses und des Grundkurses Biologie das <a href=\"http:\/\/www.glaesernes-labor.de\/\" target=\"_blank\" rel=\"noopener\">Gl\u00e4serne Labor<\/a> auf dem Campus Berlin-Buch.<\/p>\n<p>Inhalte des Biologieunterrichts werden auf diese Weise durch Versuche veranschaulicht. Dabei haben die Sch\u00fclerInnen Gelegenheit, selbst\u00e4ndig zu experimentieren und im Labor eingesetzte Verfahrenstechniken und Ger\u00e4te kennenzulernen und einzusetzen.<\/p>\n<p>Beliebte Themen sind z. B. die Isolierung von DNA aus der eigenen Mundschleimhaut zur Herstellung des genetischen Fingerabdrucks, ein Verfahren, welches u. a. in der Rechtsmedizin zur \u00dcberf\u00fchrung von Tatverd\u00e4chtigen Anwendung findet.<\/p>\n<p>Ein weiterer h\u00e4ufig gew\u00e4hlter Versuch veranschaulicht das Prinzip jener Methode, die sich Gentechniker zunutze machen, um Bakterien zum Beispiel menschliches Insulin produzieren zu lassen. Die Sch\u00fcler \u00fcbertragen in dem Versuch ein Gen f\u00fcr ein gr\u00fcn-fluoreszierendes Protein einer Leuchtqualle in Coli-Bakterien. Im Ergebnis leuchten diese ebenfalls.<\/p>\n<p style=\"text-align: right;\"><i>Text: Frau Bartke (Schuljahr 2012\/13)<\/i><\/p>\n","protected":false},"excerpt":{"rendered":"<p>Praktische Arbeiten aus dem Bereich der Genetik und Molekularbiologie J\u00e4hrlich besuchen Sch\u00fclerInnen des Leistungskurses und des Grundkurses Biologie das Gl\u00e4serne <a class=\"more-link\" href=\"https:\/\/goethe-gymnasium.berlin\/index.php\/mint-faecher\/projekte-der-naturwissenschaftlichen-faecher\/glaesernes-labor\/\">Weiterlesen &#8230;<\/a><\/p>\n","protected":false},"author":5,"featured_media":0,"parent":1078,"menu_order":0,"comment_status":"closed","ping_status":"closed","template":"","meta":{"footnotes":""},"categories":[],"tags":[],"class_list":["post-1091","page","type-page","status-publish","hentry"],"yoast_head":"<!-- This site is optimized with the Yoast SEO plugin v27.4 - https:\/\/yoast.com\/product\/yoast-seo-wordpress\/ -->\n<title>Gl\u00e4sernes Labor - Goethe-Gymnasium Berlin-Wilmersdorf<\/title>\n<meta name=\"robots\" content=\"index, follow, max-snippet:-1, max-image-preview:large, max-video-preview:-1\" \/>\n<link rel=\"canonical\" href=\"https:\/\/goethe-gymnasium.berlin\/index.php\/mint-faecher\/projekte-der-naturwissenschaftlichen-faecher\/glaesernes-labor\/\" \/>\n<meta property=\"og:locale\" content=\"de_DE\" \/>\n<meta property=\"og:type\" content=\"article\" \/>\n<meta property=\"og:title\" content=\"Gl\u00e4sernes Labor - Goethe-Gymnasium Berlin-Wilmersdorf\" \/>\n<meta property=\"og:description\" content=\"Praktische Arbeiten aus dem Bereich der Genetik und Molekularbiologie J\u00e4hrlich besuchen Sch\u00fclerInnen des Leistungskurses und des Grundkurses Biologie das Gl\u00e4serne Weiterlesen ...\" \/>\n<meta property=\"og:url\" content=\"https:\/\/goethe-gymnasium.berlin\/index.php\/mint-faecher\/projekte-der-naturwissenschaftlichen-faecher\/glaesernes-labor\/\" \/>\n<meta property=\"og:site_name\" content=\"Goethe-Gymnasium Berlin-Wilmersdorf\" \/>\n<meta property=\"article:publisher\" content=\"https:\/\/www.facebook.com\/pages\/Goethe-Gymnasium\/109376575754402\" \/>\n<meta property=\"article:modified_time\" content=\"2018-07-05T18:20:08+00:00\" \/>\n<meta property=\"og:image\" content=\"https:\/\/goethe-gymnasium.berlin\/wp-content\/uploads\/2018\/06\/goethe-front-light.jpg\" \/>\n\t<meta property=\"og:image:width\" content=\"1200\" \/>\n\t<meta property=\"og:image:height\" content=\"600\" \/>\n\t<meta property=\"og:image:type\" content=\"image\/jpeg\" \/>\n<meta name=\"twitter:card\" content=\"summary_large_image\" \/>\n<meta name=\"twitter:label1\" content=\"Gesch\u00e4tzte Lesezeit\" \/>\n\t<meta name=\"twitter:data1\" content=\"1\u00a0Minute\" \/>\n<script type=\"application\/ld+json\" class=\"yoast-schema-graph\">{\"@context\":\"https:\\\/\\\/schema.org\",\"@graph\":[{\"@type\":\"WebPage\",\"@id\":\"https:\\\/\\\/goethe-gymnasium.berlin\\\/index.php\\\/mint-faecher\\\/projekte-der-naturwissenschaftlichen-faecher\\\/glaesernes-labor\\\/\",\"url\":\"https:\\\/\\\/goethe-gymnasium.berlin\\\/index.php\\\/mint-faecher\\\/projekte-der-naturwissenschaftlichen-faecher\\\/glaesernes-labor\\\/\",\"name\":\"Gl\u00e4sernes Labor - Goethe-Gymnasium Berlin-Wilmersdorf\",\"isPartOf\":{\"@id\":\"https:\\\/\\\/goethe-gymnasium.berlin\\\/#website\"},\"datePublished\":\"2018-07-05T18:19:14+00:00\",\"dateModified\":\"2018-07-05T18:20:08+00:00\",\"breadcrumb\":{\"@id\":\"https:\\\/\\\/goethe-gymnasium.berlin\\\/index.php\\\/mint-faecher\\\/projekte-der-naturwissenschaftlichen-faecher\\\/glaesernes-labor\\\/#breadcrumb\"},\"inLanguage\":\"de\",\"potentialAction\":[{\"@type\":\"ReadAction\",\"target\":[\"https:\\\/\\\/goethe-gymnasium.berlin\\\/index.php\\\/mint-faecher\\\/projekte-der-naturwissenschaftlichen-faecher\\\/glaesernes-labor\\\/\"]}]},{\"@type\":\"BreadcrumbList\",\"@id\":\"https:\\\/\\\/goethe-gymnasium.berlin\\\/index.php\\\/mint-faecher\\\/projekte-der-naturwissenschaftlichen-faecher\\\/glaesernes-labor\\\/#breadcrumb\",\"itemListElement\":[{\"@type\":\"ListItem\",\"position\":1,\"name\":\"Startseite\",\"item\":\"https:\\\/\\\/goethe-gymnasium.berlin\\\/\"},{\"@type\":\"ListItem\",\"position\":2,\"name\":\"MINT-F\u00e4cher\",\"item\":\"https:\\\/\\\/goethe-gymnasium.berlin\\\/index.php\\\/mint-faecher\\\/\"},{\"@type\":\"ListItem\",\"position\":3,\"name\":\"Projekte und Exkursionen\",\"item\":\"https:\\\/\\\/goethe-gymnasium.berlin\\\/index.php\\\/mint-faecher\\\/projekte-der-naturwissenschaftlichen-faecher\\\/\"},{\"@type\":\"ListItem\",\"position\":4,\"name\":\"Gl\u00e4sernes Labor\"}]},{\"@type\":\"WebSite\",\"@id\":\"https:\\\/\\\/goethe-gymnasium.berlin\\\/#website\",\"url\":\"https:\\\/\\\/goethe-gymnasium.berlin\\\/\",\"name\":\"Goethe-Gymnasium Berlin-Wilmersdorf\",\"description\":\"\",\"publisher\":{\"@id\":\"https:\\\/\\\/goethe-gymnasium.berlin\\\/#organization\"},\"potentialAction\":[{\"@type\":\"SearchAction\",\"target\":{\"@type\":\"EntryPoint\",\"urlTemplate\":\"https:\\\/\\\/goethe-gymnasium.berlin\\\/?s={search_term_string}\"},\"query-input\":{\"@type\":\"PropertyValueSpecification\",\"valueRequired\":true,\"valueName\":\"search_term_string\"}}],\"inLanguage\":\"de\"},{\"@type\":\"Organization\",\"@id\":\"https:\\\/\\\/goethe-gymnasium.berlin\\\/#organization\",\"name\":\"Goethe-Gymnasium Berlin-Wilmersdorf\",\"url\":\"https:\\\/\\\/goethe-gymnasium.berlin\\\/\",\"logo\":{\"@type\":\"ImageObject\",\"inLanguage\":\"de\",\"@id\":\"https:\\\/\\\/goethe-gymnasium.berlin\\\/#\\\/schema\\\/logo\\\/image\\\/\",\"url\":\"https:\\\/\\\/goethe-gymnasium.berlin\\\/wp-content\\\/uploads\\\/2018\\\/04\\\/goethe-logo_hoch.png\",\"contentUrl\":\"https:\\\/\\\/goethe-gymnasium.berlin\\\/wp-content\\\/uploads\\\/2018\\\/04\\\/goethe-logo_hoch.png\",\"width\":755,\"height\":514,\"caption\":\"Goethe-Gymnasium Berlin-Wilmersdorf\"},\"image\":{\"@id\":\"https:\\\/\\\/goethe-gymnasium.berlin\\\/#\\\/schema\\\/logo\\\/image\\\/\"},\"sameAs\":[\"https:\\\/\\\/www.facebook.com\\\/pages\\\/Goethe-Gymnasium\\\/109376575754402\",\"https:\\\/\\\/www.youtube.com\\\/channel\\\/UCMKuMVF9h_YkS3zmEp7SnzQ\"]}]}<\/script>\n<!-- \/ Yoast SEO plugin. -->","yoast_head_json":{"title":"Gl\u00e4sernes Labor - Goethe-Gymnasium Berlin-Wilmersdorf","robots":{"index":"index","follow":"follow","max-snippet":"max-snippet:-1","max-image-preview":"max-image-preview:large","max-video-preview":"max-video-preview:-1"},"canonical":"https:\/\/goethe-gymnasium.berlin\/index.php\/mint-faecher\/projekte-der-naturwissenschaftlichen-faecher\/glaesernes-labor\/","og_locale":"de_DE","og_type":"article","og_title":"Gl\u00e4sernes Labor - Goethe-Gymnasium Berlin-Wilmersdorf","og_description":"Praktische Arbeiten aus dem Bereich der Genetik und Molekularbiologie J\u00e4hrlich besuchen Sch\u00fclerInnen des Leistungskurses und des Grundkurses Biologie das Gl\u00e4serne Weiterlesen ...","og_url":"https:\/\/goethe-gymnasium.berlin\/index.php\/mint-faecher\/projekte-der-naturwissenschaftlichen-faecher\/glaesernes-labor\/","og_site_name":"Goethe-Gymnasium Berlin-Wilmersdorf","article_publisher":"https:\/\/www.facebook.com\/pages\/Goethe-Gymnasium\/109376575754402","article_modified_time":"2018-07-05T18:20:08+00:00","og_image":[{"width":1200,"height":600,"url":"https:\/\/goethe-gymnasium.berlin\/wp-content\/uploads\/2018\/06\/goethe-front-light.jpg","type":"image\/jpeg"}],"twitter_card":"summary_large_image","twitter_misc":{"Gesch\u00e4tzte Lesezeit":"1\u00a0Minute"},"schema":{"@context":"https:\/\/schema.org","@graph":[{"@type":"WebPage","@id":"https:\/\/goethe-gymnasium.berlin\/index.php\/mint-faecher\/projekte-der-naturwissenschaftlichen-faecher\/glaesernes-labor\/","url":"https:\/\/goethe-gymnasium.berlin\/index.php\/mint-faecher\/projekte-der-naturwissenschaftlichen-faecher\/glaesernes-labor\/","name":"Gl\u00e4sernes Labor - Goethe-Gymnasium Berlin-Wilmersdorf","isPartOf":{"@id":"https:\/\/goethe-gymnasium.berlin\/#website"},"datePublished":"2018-07-05T18:19:14+00:00","dateModified":"2018-07-05T18:20:08+00:00","breadcrumb":{"@id":"https:\/\/goethe-gymnasium.berlin\/index.php\/mint-faecher\/projekte-der-naturwissenschaftlichen-faecher\/glaesernes-labor\/#breadcrumb"},"inLanguage":"de","potentialAction":[{"@type":"ReadAction","target":["https:\/\/goethe-gymnasium.berlin\/index.php\/mint-faecher\/projekte-der-naturwissenschaftlichen-faecher\/glaesernes-labor\/"]}]},{"@type":"BreadcrumbList","@id":"https:\/\/goethe-gymnasium.berlin\/index.php\/mint-faecher\/projekte-der-naturwissenschaftlichen-faecher\/glaesernes-labor\/#breadcrumb","itemListElement":[{"@type":"ListItem","position":1,"name":"Startseite","item":"https:\/\/goethe-gymnasium.berlin\/"},{"@type":"ListItem","position":2,"name":"MINT-F\u00e4cher","item":"https:\/\/goethe-gymnasium.berlin\/index.php\/mint-faecher\/"},{"@type":"ListItem","position":3,"name":"Projekte und Exkursionen","item":"https:\/\/goethe-gymnasium.berlin\/index.php\/mint-faecher\/projekte-der-naturwissenschaftlichen-faecher\/"},{"@type":"ListItem","position":4,"name":"Gl\u00e4sernes Labor"}]},{"@type":"WebSite","@id":"https:\/\/goethe-gymnasium.berlin\/#website","url":"https:\/\/goethe-gymnasium.berlin\/","name":"Goethe-Gymnasium Berlin-Wilmersdorf","description":"","publisher":{"@id":"https:\/\/goethe-gymnasium.berlin\/#organization"},"potentialAction":[{"@type":"SearchAction","target":{"@type":"EntryPoint","urlTemplate":"https:\/\/goethe-gymnasium.berlin\/?s={search_term_string}"},"query-input":{"@type":"PropertyValueSpecification","valueRequired":true,"valueName":"search_term_string"}}],"inLanguage":"de"},{"@type":"Organization","@id":"https:\/\/goethe-gymnasium.berlin\/#organization","name":"Goethe-Gymnasium Berlin-Wilmersdorf","url":"https:\/\/goethe-gymnasium.berlin\/","logo":{"@type":"ImageObject","inLanguage":"de","@id":"https:\/\/goethe-gymnasium.berlin\/#\/schema\/logo\/image\/","url":"https:\/\/goethe-gymnasium.berlin\/wp-content\/uploads\/2018\/04\/goethe-logo_hoch.png","contentUrl":"https:\/\/goethe-gymnasium.berlin\/wp-content\/uploads\/2018\/04\/goethe-logo_hoch.png","width":755,"height":514,"caption":"Goethe-Gymnasium Berlin-Wilmersdorf"},"image":{"@id":"https:\/\/goethe-gymnasium.berlin\/#\/schema\/logo\/image\/"},"sameAs":["https:\/\/www.facebook.com\/pages\/Goethe-Gymnasium\/109376575754402","https:\/\/www.youtube.com\/channel\/UCMKuMVF9h_YkS3zmEp7SnzQ"]}]}},"_links":{"self":[{"href":"https:\/\/goethe-gymnasium.berlin\/index.php\/wp-json\/wp\/v2\/pages\/1091","targetHints":{"allow":["GET"]}}],"collection":[{"href":"https:\/\/goethe-gymnasium.berlin\/index.php\/wp-json\/wp\/v2\/pages"}],"about":[{"href":"https:\/\/goethe-gymnasium.berlin\/index.php\/wp-json\/wp\/v2\/types\/page"}],"author":[{"embeddable":true,"href":"https:\/\/goethe-gymnasium.berlin\/index.php\/wp-json\/wp\/v2\/users\/5"}],"replies":[{"embeddable":true,"href":"https:\/\/goethe-gymnasium.berlin\/index.php\/wp-json\/wp\/v2\/comments?post=1091"}],"version-history":[{"count":1,"href":"https:\/\/goethe-gymnasium.berlin\/index.php\/wp-json\/wp\/v2\/pages\/1091\/revisions"}],"predecessor-version":[{"id":1092,"href":"https:\/\/goethe-gymnasium.berlin\/index.php\/wp-json\/wp\/v2\/pages\/1091\/revisions\/1092"}],"up":[{"embeddable":true,"href":"https:\/\/goethe-gymnasium.berlin\/index.php\/wp-json\/wp\/v2\/pages\/1078"}],"wp:attachment":[{"href":"https:\/\/goethe-gymnasium.berlin\/index.php\/wp-json\/wp\/v2\/media?parent=1091"}],"wp:term":[{"taxonomy":"category","embeddable":true,"href":"https:\/\/goethe-gymnasium.berlin\/index.php\/wp-json\/wp\/v2\/categories?post=1091"},{"taxonomy":"post_tag","embeddable":true,"href":"https:\/\/goethe-gymnasium.berlin\/index.php\/wp-json\/wp\/v2\/tags?post=1091"}],"curies":[{"name":"wp","href":"https:\/\/api.w.org\/{rel}","templated":true}]}}