{"id":1078,"date":"2018-07-05T20:05:46","date_gmt":"2018-07-05T18:05:46","guid":{"rendered":"http:\/\/goethe-gymnasium.berlin\/?page_id=1078"},"modified":"2025-11-08T15:15:08","modified_gmt":"2025-11-08T14:15:08","slug":"projekte-der-naturwissenschaftlichen-faecher","status":"publish","type":"page","link":"https:\/\/goethe-gymnasium.berlin\/index.php\/mint-faecher\/projekte-der-naturwissenschaftlichen-faecher\/","title":{"rendered":"Projekte und Exkursionen"},"content":{"rendered":"\n<p>\u00dcber die verschiedenen Aktivit\u00e4ten und Projekte in den naturwissenschaftlichen MINT-F\u00e4chern informieren folgende Berichte und Bilder:<\/p>\n\n\n\n<h3 class=\"wp-block-heading\">NaWi<\/h3>\n\n\n\n<ul class=\"wp-block-list\">\n<li><a href=\"http:\/\/goethe-gymnasium.berlin\/index.php\/leere-luft-und-gute-laune\/\" target=\"_blank\" rel=\"noreferrer noopener\">Leere, Luft und gute Laune<\/a> (2016, Klasse 5)<\/li>\n\n\n\n<li><a href=\"http:\/\/goethe-gymnasium.berlin\/index.php\/biologie\/projekte-der-naturwissenschaftlichen-faecher\/sommerwetter\/\" target=\"_blank\" rel=\"noreferrer noopener\">Sommerwetter<\/a> (2016, Klasse 6)<\/li>\n<\/ul>\n\n\n\n<h3 class=\"wp-block-heading\">Biologie<\/h3>\n\n\n\n<ul class=\"wp-block-list\">\n<li><a href=\"https:\/\/goethe-gymnasium.berlin\/index.php\/2025\/10\/18\/dem-eigenen-genetischen-fingerabdruck-auf-der-spur\/?preview_id=13664&amp;preview_nonce=5b3ce29e85&amp;preview=true&amp;_thumbnail_id=13669\">Dem eigenen genetischen Fingerabdruck auf der Spur<\/a> (2025)<\/li>\n\n\n\n<li><a href=\"https:\/\/goethe-gymnasium.berlin\/index.php\/2025\/07\/15\/forschungsprojekt-zum-wachstum-von-maiskeimlingen\/\">Forschungsprojekt zum Wachstum von Maiskeimlingen<\/a> (Video, 2025)<\/li>\n\n\n\n<li><a href=\"https:\/\/goethe-gymnasium.berlin\/index.php\/2024\/05\/25\/exkursion-ins-natlab-der-fu\/\">Experiment ins NatLab zum Wachstum der Ringelblume<\/a> (2024)<\/li>\n\n\n\n<li><a href=\"https:\/\/goethe-gymnasium.berlin\/index.php\/2023\/03\/19\/leuchtende-bakterien-im-glaesernen-labors\/\" target=\"_blank\" rel=\"noreferrer noopener\">Leuchtende Bakterien im Gl\u00e4sernen Labor<\/a> (2023)<\/li>\n\n\n\n<li><a href=\"https:\/\/goethe-gymnasium.berlin\/index.php\/mint-faecher\/projekte-der-naturwissenschaftlichen-faecher\/glaesernes-labor\/\" target=\"_blank\" rel=\"noreferrer noopener\">Experimente zur Neurobiologie im Gl\u00e4sernen Labor<\/a> (2021)<\/li>\n\n\n\n<li><a href=\"https:\/\/goethe-gymnasium.berlin\/wp-content\/uploads\/2021\/12\/Video_Kevin-und-Christopher_LK_Bio-Humar.mov\" target=\"_blank\" rel=\"noreferrer noopener\">Erkl\u00e4r-Video von Christopher und Kevin aus dem Leistungskurs zum Splicing<\/a> (2021)<\/li>\n\n\n\n<li><a href=\"http:\/\/goethe-gymnasium.berlin\/index.php\/biologie\/projekte-der-naturwissenschaftlichen-faecher\/biologie-im-freiland\/\" target=\"_blank\" rel=\"noopener noreferrer\">Biologieunterricht im Freiland &#8211; Exkursion an den Wupatzsee <\/a>(2012, LK Biologie)<\/li>\n\n\n\n<li><a href=\"http:\/\/goethe-gymnasium.berlin\/index.php\/biologie\/projekte-der-naturwissenschaftlichen-faecher\/als-studentin-an-der-junior-zoo-universitaet\/\" target=\"_blank\" rel=\"noopener noreferrer\">Als Studentin an der Junior Zoo Universit\u00e4t <\/a>(2011, Klasse 7)<\/li>\n<\/ul>\n\n\n\n<h3 class=\"wp-block-heading\">Chemie<\/h3>\n\n\n\n<ul class=\"wp-block-list\">\n<li><a href=\"http:\/\/goethe-gymnasium.berlin\/index.php\/2019\/03\/17\/chemie-leistungskurs-im-natlab-der-fu\/\" target=\"_blank\" rel=\"noreferrer noopener\">Leistungskurs im NatLab der FU<\/a> (2019)<\/li>\n\n\n\n<li><a href=\"http:\/\/goethe-gymnasium.berlin\/index.php\/biologie\/projekte-der-naturwissenschaftlichen-faecher\/die-chemie-show\/\" target=\"_blank\" rel=\"noreferrer noopener\">Die Chemie-Show<\/a> des Leistungskurses Chemie am Tag der Offenen T\u00fcr (2015)<\/li>\n\n\n\n<li><a href=\"http:\/\/goethe-gymnasium.berlin\/index.php\/biologie\/projekte-der-naturwissenschaftlichen-faecher\/leistungskursschuelerin-unterrichtet-eine-zehnte-klasse\/\" target=\"_blank\" rel=\"noreferrer noopener\">Leistungskurssch\u00fclerin unterrichtet eine zehnte Klasse<\/a> (2013, Klasse 10 \/ LK Chemie)<\/li>\n<\/ul>\n\n\n\n<h3 class=\"wp-block-heading\">Physik<\/h3>\n\n\n\n<ul class=\"wp-block-list\">\n<li><a href=\"https:\/\/goethe-gymnasium.berlin\/index.php\/2024\/01\/27\/speicherring-und-nebelkammer\/\" target=\"_blank\" rel=\"noreferrer noopener\">Speicherring und Nebelkammer<\/a> (LK Physik, Hamburg 2023)<\/li>\n\n\n\n<li><a href=\"https:\/\/goethe-gymnasium.berlin\/index.php\/2018\/12\/11\/zwischen-teilchen-wellen-und-speicherstadt\/\" target=\"_blank\" rel=\"noreferrer noopener\">Zwischen Teilchen, Wellen und Speicherstadt<\/a> (LK Physik, Hamburg 2018)<\/li>\n<\/ul>\n\n\n\n<h3 class=\"wp-block-heading\">MINT-f\u00e4cher\u00fcbergreifend<\/h3>\n\n\n\n<ul class=\"wp-block-list\">\n<li><a href=\"https:\/\/goethe-gymnasium.berlin\/index.php\/2025\/06\/08\/sonne-mond-und-sterne\/\">Sonne, Mond und Sterne<\/a> (Science Camp 2025)<\/li>\n\n\n\n<li><a href=\"https:\/\/goethe-gymnasium.berlin\/index.php\/2024\/05\/20\/vom-wassertropfen-zur-wasserrakete\/\" target=\"_blank\" rel=\"noreferrer noopener\">Vom Wassertropfen zur Wasserrakete<\/a> (Science Camp 2024)<\/li>\n\n\n\n<li><a href=\"https:\/\/goethe-gymnasium.berlin\/index.php\/2023\/05\/29\/science-camp-2023\/\" target=\"_blank\" rel=\"noreferrer noopener\">Science Camp in G\u00fclpe an der Havel<\/a> (2023)<\/li>\n\n\n\n<li><a href=\"https:\/\/goethe-gymnasium.berlin\/index.php\/2022\/04\/25\/stosslueften-vs-dauerlueften\/\" target=\"_blank\" rel=\"noreferrer noopener\">Sto\u00df- oder Dauerl\u00fcften &#8211; eine naturwissenschaftliche Untersuchung im Rahmen der Corona-Pandemie<\/a> (<a href=\"https:\/\/youtu.be\/YKFf8lpD8sk\">Video<\/a>, 2021, Klasse 7)<\/li>\n<\/ul>\n\n\n\n<p><\/p>\n","protected":false},"excerpt":{"rendered":"<p>\u00dcber die verschiedenen Aktivit\u00e4ten und Projekte in den naturwissenschaftlichen MINT-F\u00e4chern informieren folgende Berichte und Bilder: NaWi Biologie Chemie Physik MINT-f\u00e4cher\u00fcbergreifend<\/p>\n","protected":false},"author":5,"featured_media":0,"parent":179,"menu_order":0,"comment_status":"closed","ping_status":"closed","template":"","meta":{"footnotes":""},"categories":[25,26,39,459,115,8],"tags":[],"class_list":["post-1078","page","type-page","status-publish","hentry","category-biologie","category-chemie","category-fahrten","category-naturwissenschaften","category-physik","category-projekte"],"yoast_head":"<!-- This site is optimized with the Yoast SEO plugin v27.4 - https:\/\/yoast.com\/product\/yoast-seo-wordpress\/ -->\n<title>Projekte und Exkursionen - Goethe-Gymnasium Berlin-Wilmersdorf<\/title>\n<meta name=\"robots\" content=\"index, follow, max-snippet:-1, max-image-preview:large, max-video-preview:-1\" \/>\n<link rel=\"canonical\" href=\"https:\/\/goethe-gymnasium.berlin\/index.php\/mint-faecher\/projekte-der-naturwissenschaftlichen-faecher\/\" \/>\n<meta property=\"og:locale\" content=\"de_DE\" \/>\n<meta property=\"og:type\" content=\"article\" \/>\n<meta property=\"og:title\" content=\"Projekte und Exkursionen - Goethe-Gymnasium Berlin-Wilmersdorf\" \/>\n<meta property=\"og:description\" content=\"\u00dcber die verschiedenen Aktivit\u00e4ten und Projekte in den naturwissenschaftlichen MINT-F\u00e4chern informieren folgende Berichte und Bilder: NaWi Biologie Chemie Physik MINT-f\u00e4cher\u00fcbergreifend\" \/>\n<meta property=\"og:url\" content=\"https:\/\/goethe-gymnasium.berlin\/index.php\/mint-faecher\/projekte-der-naturwissenschaftlichen-faecher\/\" \/>\n<meta property=\"og:site_name\" content=\"Goethe-Gymnasium Berlin-Wilmersdorf\" \/>\n<meta property=\"article:publisher\" content=\"https:\/\/www.facebook.com\/pages\/Goethe-Gymnasium\/109376575754402\" \/>\n<meta property=\"article:modified_time\" content=\"2025-11-08T14:15:08+00:00\" \/>\n<meta property=\"og:image\" content=\"https:\/\/goethe-gymnasium.berlin\/wp-content\/uploads\/2018\/06\/goethe-front-light.jpg\" \/>\n\t<meta property=\"og:image:width\" content=\"1200\" \/>\n\t<meta property=\"og:image:height\" content=\"600\" \/>\n\t<meta property=\"og:image:type\" content=\"image\/jpeg\" \/>\n<meta name=\"twitter:card\" content=\"summary_large_image\" \/>\n<meta name=\"twitter:label1\" content=\"Gesch\u00e4tzte Lesezeit\" \/>\n\t<meta name=\"twitter:data1\" content=\"1\u00a0Minute\" \/>\n<script type=\"application\/ld+json\" class=\"yoast-schema-graph\">{\"@context\":\"https:\\\/\\\/schema.org\",\"@graph\":[{\"@type\":\"WebPage\",\"@id\":\"https:\\\/\\\/goethe-gymnasium.berlin\\\/index.php\\\/mint-faecher\\\/projekte-der-naturwissenschaftlichen-faecher\\\/\",\"url\":\"https:\\\/\\\/goethe-gymnasium.berlin\\\/index.php\\\/mint-faecher\\\/projekte-der-naturwissenschaftlichen-faecher\\\/\",\"name\":\"Projekte und Exkursionen - Goethe-Gymnasium Berlin-Wilmersdorf\",\"isPartOf\":{\"@id\":\"https:\\\/\\\/goethe-gymnasium.berlin\\\/#website\"},\"datePublished\":\"2018-07-05T18:05:46+00:00\",\"dateModified\":\"2025-11-08T14:15:08+00:00\",\"breadcrumb\":{\"@id\":\"https:\\\/\\\/goethe-gymnasium.berlin\\\/index.php\\\/mint-faecher\\\/projekte-der-naturwissenschaftlichen-faecher\\\/#breadcrumb\"},\"inLanguage\":\"de\",\"potentialAction\":[{\"@type\":\"ReadAction\",\"target\":[\"https:\\\/\\\/goethe-gymnasium.berlin\\\/index.php\\\/mint-faecher\\\/projekte-der-naturwissenschaftlichen-faecher\\\/\"]}]},{\"@type\":\"BreadcrumbList\",\"@id\":\"https:\\\/\\\/goethe-gymnasium.berlin\\\/index.php\\\/mint-faecher\\\/projekte-der-naturwissenschaftlichen-faecher\\\/#breadcrumb\",\"itemListElement\":[{\"@type\":\"ListItem\",\"position\":1,\"name\":\"Startseite\",\"item\":\"https:\\\/\\\/goethe-gymnasium.berlin\\\/\"},{\"@type\":\"ListItem\",\"position\":2,\"name\":\"MINT-F\u00e4cher\",\"item\":\"https:\\\/\\\/goethe-gymnasium.berlin\\\/index.php\\\/mint-faecher\\\/\"},{\"@type\":\"ListItem\",\"position\":3,\"name\":\"Projekte und Exkursionen\"}]},{\"@type\":\"WebSite\",\"@id\":\"https:\\\/\\\/goethe-gymnasium.berlin\\\/#website\",\"url\":\"https:\\\/\\\/goethe-gymnasium.berlin\\\/\",\"name\":\"Goethe-Gymnasium Berlin-Wilmersdorf\",\"description\":\"\",\"publisher\":{\"@id\":\"https:\\\/\\\/goethe-gymnasium.berlin\\\/#organization\"},\"potentialAction\":[{\"@type\":\"SearchAction\",\"target\":{\"@type\":\"EntryPoint\",\"urlTemplate\":\"https:\\\/\\\/goethe-gymnasium.berlin\\\/?s={search_term_string}\"},\"query-input\":{\"@type\":\"PropertyValueSpecification\",\"valueRequired\":true,\"valueName\":\"search_term_string\"}}],\"inLanguage\":\"de\"},{\"@type\":\"Organization\",\"@id\":\"https:\\\/\\\/goethe-gymnasium.berlin\\\/#organization\",\"name\":\"Goethe-Gymnasium Berlin-Wilmersdorf\",\"url\":\"https:\\\/\\\/goethe-gymnasium.berlin\\\/\",\"logo\":{\"@type\":\"ImageObject\",\"inLanguage\":\"de\",\"@id\":\"https:\\\/\\\/goethe-gymnasium.berlin\\\/#\\\/schema\\\/logo\\\/image\\\/\",\"url\":\"https:\\\/\\\/goethe-gymnasium.berlin\\\/wp-content\\\/uploads\\\/2018\\\/04\\\/goethe-logo_hoch.png\",\"contentUrl\":\"https:\\\/\\\/goethe-gymnasium.berlin\\\/wp-content\\\/uploads\\\/2018\\\/04\\\/goethe-logo_hoch.png\",\"width\":755,\"height\":514,\"caption\":\"Goethe-Gymnasium Berlin-Wilmersdorf\"},\"image\":{\"@id\":\"https:\\\/\\\/goethe-gymnasium.berlin\\\/#\\\/schema\\\/logo\\\/image\\\/\"},\"sameAs\":[\"https:\\\/\\\/www.facebook.com\\\/pages\\\/Goethe-Gymnasium\\\/109376575754402\",\"https:\\\/\\\/www.youtube.com\\\/channel\\\/UCMKuMVF9h_YkS3zmEp7SnzQ\"]}]}<\/script>\n<!-- \/ Yoast SEO plugin. -->","yoast_head_json":{"title":"Projekte und Exkursionen - Goethe-Gymnasium Berlin-Wilmersdorf","robots":{"index":"index","follow":"follow","max-snippet":"max-snippet:-1","max-image-preview":"max-image-preview:large","max-video-preview":"max-video-preview:-1"},"canonical":"https:\/\/goethe-gymnasium.berlin\/index.php\/mint-faecher\/projekte-der-naturwissenschaftlichen-faecher\/","og_locale":"de_DE","og_type":"article","og_title":"Projekte und Exkursionen - Goethe-Gymnasium Berlin-Wilmersdorf","og_description":"\u00dcber die verschiedenen Aktivit\u00e4ten und Projekte in den naturwissenschaftlichen MINT-F\u00e4chern informieren folgende Berichte und Bilder: NaWi Biologie Chemie Physik MINT-f\u00e4cher\u00fcbergreifend","og_url":"https:\/\/goethe-gymnasium.berlin\/index.php\/mint-faecher\/projekte-der-naturwissenschaftlichen-faecher\/","og_site_name":"Goethe-Gymnasium Berlin-Wilmersdorf","article_publisher":"https:\/\/www.facebook.com\/pages\/Goethe-Gymnasium\/109376575754402","article_modified_time":"2025-11-08T14:15:08+00:00","og_image":[{"width":1200,"height":600,"url":"https:\/\/goethe-gymnasium.berlin\/wp-content\/uploads\/2018\/06\/goethe-front-light.jpg","type":"image\/jpeg"}],"twitter_card":"summary_large_image","twitter_misc":{"Gesch\u00e4tzte Lesezeit":"1\u00a0Minute"},"schema":{"@context":"https:\/\/schema.org","@graph":[{"@type":"WebPage","@id":"https:\/\/goethe-gymnasium.berlin\/index.php\/mint-faecher\/projekte-der-naturwissenschaftlichen-faecher\/","url":"https:\/\/goethe-gymnasium.berlin\/index.php\/mint-faecher\/projekte-der-naturwissenschaftlichen-faecher\/","name":"Projekte und Exkursionen - Goethe-Gymnasium Berlin-Wilmersdorf","isPartOf":{"@id":"https:\/\/goethe-gymnasium.berlin\/#website"},"datePublished":"2018-07-05T18:05:46+00:00","dateModified":"2025-11-08T14:15:08+00:00","breadcrumb":{"@id":"https:\/\/goethe-gymnasium.berlin\/index.php\/mint-faecher\/projekte-der-naturwissenschaftlichen-faecher\/#breadcrumb"},"inLanguage":"de","potentialAction":[{"@type":"ReadAction","target":["https:\/\/goethe-gymnasium.berlin\/index.php\/mint-faecher\/projekte-der-naturwissenschaftlichen-faecher\/"]}]},{"@type":"BreadcrumbList","@id":"https:\/\/goethe-gymnasium.berlin\/index.php\/mint-faecher\/projekte-der-naturwissenschaftlichen-faecher\/#breadcrumb","itemListElement":[{"@type":"ListItem","position":1,"name":"Startseite","item":"https:\/\/goethe-gymnasium.berlin\/"},{"@type":"ListItem","position":2,"name":"MINT-F\u00e4cher","item":"https:\/\/goethe-gymnasium.berlin\/index.php\/mint-faecher\/"},{"@type":"ListItem","position":3,"name":"Projekte und Exkursionen"}]},{"@type":"WebSite","@id":"https:\/\/goethe-gymnasium.berlin\/#website","url":"https:\/\/goethe-gymnasium.berlin\/","name":"Goethe-Gymnasium Berlin-Wilmersdorf","description":"","publisher":{"@id":"https:\/\/goethe-gymnasium.berlin\/#organization"},"potentialAction":[{"@type":"SearchAction","target":{"@type":"EntryPoint","urlTemplate":"https:\/\/goethe-gymnasium.berlin\/?s={search_term_string}"},"query-input":{"@type":"PropertyValueSpecification","valueRequired":true,"valueName":"search_term_string"}}],"inLanguage":"de"},{"@type":"Organization","@id":"https:\/\/goethe-gymnasium.berlin\/#organization","name":"Goethe-Gymnasium Berlin-Wilmersdorf","url":"https:\/\/goethe-gymnasium.berlin\/","logo":{"@type":"ImageObject","inLanguage":"de","@id":"https:\/\/goethe-gymnasium.berlin\/#\/schema\/logo\/image\/","url":"https:\/\/goethe-gymnasium.berlin\/wp-content\/uploads\/2018\/04\/goethe-logo_hoch.png","contentUrl":"https:\/\/goethe-gymnasium.berlin\/wp-content\/uploads\/2018\/04\/goethe-logo_hoch.png","width":755,"height":514,"caption":"Goethe-Gymnasium Berlin-Wilmersdorf"},"image":{"@id":"https:\/\/goethe-gymnasium.berlin\/#\/schema\/logo\/image\/"},"sameAs":["https:\/\/www.facebook.com\/pages\/Goethe-Gymnasium\/109376575754402","https:\/\/www.youtube.com\/channel\/UCMKuMVF9h_YkS3zmEp7SnzQ"]}]}},"_links":{"self":[{"href":"https:\/\/goethe-gymnasium.berlin\/index.php\/wp-json\/wp\/v2\/pages\/1078","targetHints":{"allow":["GET"]}}],"collection":[{"href":"https:\/\/goethe-gymnasium.berlin\/index.php\/wp-json\/wp\/v2\/pages"}],"about":[{"href":"https:\/\/goethe-gymnasium.berlin\/index.php\/wp-json\/wp\/v2\/types\/page"}],"author":[{"embeddable":true,"href":"https:\/\/goethe-gymnasium.berlin\/index.php\/wp-json\/wp\/v2\/users\/5"}],"replies":[{"embeddable":true,"href":"https:\/\/goethe-gymnasium.berlin\/index.php\/wp-json\/wp\/v2\/comments?post=1078"}],"version-history":[{"count":35,"href":"https:\/\/goethe-gymnasium.berlin\/index.php\/wp-json\/wp\/v2\/pages\/1078\/revisions"}],"predecessor-version":[{"id":13698,"href":"https:\/\/goethe-gymnasium.berlin\/index.php\/wp-json\/wp\/v2\/pages\/1078\/revisions\/13698"}],"up":[{"embeddable":true,"href":"https:\/\/goethe-gymnasium.berlin\/index.php\/wp-json\/wp\/v2\/pages\/179"}],"wp:attachment":[{"href":"https:\/\/goethe-gymnasium.berlin\/index.php\/wp-json\/wp\/v2\/media?parent=1078"}],"wp:term":[{"taxonomy":"category","embeddable":true,"href":"https:\/\/goethe-gymnasium.berlin\/index.php\/wp-json\/wp\/v2\/categories?post=1078"},{"taxonomy":"post_tag","embeddable":true,"href":"https:\/\/goethe-gymnasium.berlin\/index.php\/wp-json\/wp\/v2\/tags?post=1078"}],"curies":[{"name":"wp","href":"https:\/\/api.w.org\/{rel}","templated":true}]}}