{"id":107,"date":"2018-04-24T11:14:58","date_gmt":"2018-04-24T11:14:58","guid":{"rendered":"http:\/\/goethe-gymnasium.berlin\/?page_id=107"},"modified":"2024-05-20T19:21:33","modified_gmt":"2024-05-20T17:21:33","slug":"pw","status":"publish","type":"page","link":"https:\/\/goethe-gymnasium.berlin\/index.php\/gesellschaftsfaecher\/pw\/","title":{"rendered":"Politikwissenschaft"},"content":{"rendered":"\n<p>Jahrgangsstufen 11 und 12<\/p>\n\n\n\n<p><strong>Ziel der Politikwissenschaft:<\/strong><\/p>\n\n\n\n<p>Politische Bildung soll die Sch\u00fclerinnen und Sch\u00fcler bef\u00e4higen, Verantwortung als B\u00fcrger und B\u00fcrgerinnen in der Demokratie zu \u00fcbernehmen und ihre Gegenwart und Zukunft aktiv zu gestalten.<\/p>\n\n\n\n<p><strong>Fachlicher und p\u00e4dagogischer Schwerpunkt:<\/strong><\/p>\n\n\n\n<p>Menschen-, Grund- und B\u00fcrgerrechte<\/p>\n\n\n\n<p>z.B. <a href=\"https:\/\/goethe-gymnasium.berlin\/wp-content\/uploads\/2021\/03\/Projekt-in-Chicago-2018.pdf\">das Projekt zu Immigration und Minderheiten in Chicago (Bericht von 2018)<\/a><\/p>\n\n\n\n<p><strong>Fachprofil<\/strong><\/p>\n\n\n\n<p>Politikwissenschaft ist in besonderem Ma\u00dfe dazu geeignet, die Sch\u00fclerinnen und Sch\u00fcler zu bef\u00e4higen, variable Anforderungssituationen in gesellschaftlichen Zusammenh\u00e4ngen erfolgreich zu bew\u00e4ltigen, das hei\u00dft, die Sch\u00fclerinnen und Sch\u00fcler erlangen Kompetenzen, die Probleml\u00f6sungen erm\u00f6glichen. Diese spiegeln grundlegende Handlungsanforderungen wider, mit denen die Sch\u00fclerinnen und Sch\u00fcler in diesem Fach, aber auch in ihrer heutigen und zuk\u00fcnftigen Lebens-wirklichkeit konfrontiert sind, und bilden somit auch eine Grundlage f\u00fcr lebenslanges Lernen. Alle gesellschaftlichen Probleme auf kommunaler, f\u00f6deraler und nationaler Ebene sind in der Gegenwart und auch in absehbarer Zukunft von europ\u00e4ischen und internationalen Prozessen beeinflusst. Heutige und zuk\u00fcnftige B\u00fcrgerinnen und B\u00fcrger m\u00fcssen also f\u00fcr eine <strong>globalisierte Welt <\/strong>qualifiziert werden, in der die nationalen Ebenen von Politik stets auch mit den europ\u00e4ischen und den internationalen Ebenen verbunden sind. Die zentrale Kompetenz f\u00fcr Politikwissenschaft, die auch alle anderen Kompetenzen leitet, ist folglich die: Politische M\u00fcndigkeit als Orientierungs-, Analyse-, Beurteilungs- und Handlungskompetenz in Fragen der regionalen, nationalen, europ\u00e4ischen und internationalen Politikfelder in einer globalisierten Welt.<\/p>\n\n\n\n<p>Hier finden Sie die aktuellen <a href=\"https:\/\/goethe-gymnasium.berlin\/wp-content\/uploads\/2021\/03\/Schulinternes-Curriculum-Politische-Wissenschaften.pdf\">schulinternen Curricula Politikwissenschaft<\/a> f\u00fcr die Klassenstufen 11-12 (Stand 2021).<\/p>\n\n\n\n<p><strong>Aktivit\u00e4ten<\/strong>: <a href=\"https:\/\/goethe-gymnasium.berlin\/index.php\/gesellschaftsfaecher\/projekte-gesellschaftswissenschaften\/\" target=\"_blank\" rel=\"noreferrer noopener\">interdisziplin\u00e4re Austauschprogramme \/ Projekte \/ Workshops<\/a><\/p>\n\n\n\n<div class=\"wp-block-group\"><div class=\"wp-block-group__inner-container is-layout-flow wp-block-group-is-layout-flow\"><\/div><\/div>\n\n\n<div class=\"wp-block-image\">\n<figure class=\"aligncenter size-large is-resized\"><img loading=\"lazy\" decoding=\"async\" width=\"1082\" height=\"279\" src=\"https:\/\/goethe-gymnasium.berlin\/wp-content\/uploads\/2021\/03\/wappen-flaggen_gewi2.png\" alt=\"\" class=\"wp-image-7178\" style=\"width:598px;height:153px\" srcset=\"https:\/\/goethe-gymnasium.berlin\/wp-content\/uploads\/2021\/03\/wappen-flaggen_gewi2.png 1082w, https:\/\/goethe-gymnasium.berlin\/wp-content\/uploads\/2021\/03\/wappen-flaggen_gewi2-300x77.png 300w, https:\/\/goethe-gymnasium.berlin\/wp-content\/uploads\/2021\/03\/wappen-flaggen_gewi2-768x198.png 768w, https:\/\/goethe-gymnasium.berlin\/wp-content\/uploads\/2021\/03\/wappen-flaggen_gewi2-125x32.png 125w, https:\/\/goethe-gymnasium.berlin\/wp-content\/uploads\/2021\/03\/wappen-flaggen_gewi2-200x52.png 200w, https:\/\/goethe-gymnasium.berlin\/wp-content\/uploads\/2021\/03\/wappen-flaggen_gewi2-80x21.png 80w, https:\/\/goethe-gymnasium.berlin\/wp-content\/uploads\/2021\/03\/wappen-flaggen_gewi2-1024x264.png 1024w\" sizes=\"auto, (max-width: 1082px) 100vw, 1082px\" \/><\/figure>\n<\/div>\n\n\n<p class=\"has-text-align-right\"><em>Text: Fachbereich Gesellschaftswissenschaften (Schuljahr 2020\/21)<\/em><\/p>\n","protected":false},"excerpt":{"rendered":"<p>Jahrgangsstufen 11 und 12 Ziel der Politikwissenschaft: Politische Bildung soll die Sch\u00fclerinnen und Sch\u00fcler bef\u00e4higen, Verantwortung als B\u00fcrger und B\u00fcrgerinnen <a class=\"more-link\" href=\"https:\/\/goethe-gymnasium.berlin\/index.php\/gesellschaftsfaecher\/pw\/\">Weiterlesen &#8230;<\/a><\/p>\n","protected":false},"author":1,"featured_media":0,"parent":101,"menu_order":0,"comment_status":"closed","ping_status":"closed","template":"","meta":{"footnotes":""},"categories":[410],"tags":[],"class_list":["post-107","page","type-page","status-publish","hentry","category-politikwissenschaften"],"yoast_head":"<!-- This site is optimized with the Yoast SEO plugin v27.5 - https:\/\/yoast.com\/product\/yoast-seo-wordpress\/ -->\n<title>Politikwissenschaft - Goethe-Gymnasium Berlin-Wilmersdorf<\/title>\n<meta name=\"robots\" content=\"index, follow, max-snippet:-1, max-image-preview:large, max-video-preview:-1\" \/>\n<link rel=\"canonical\" href=\"https:\/\/goethe-gymnasium.berlin\/index.php\/gesellschaftsfaecher\/pw\/\" \/>\n<meta property=\"og:locale\" content=\"de_DE\" \/>\n<meta property=\"og:type\" content=\"article\" \/>\n<meta property=\"og:title\" content=\"Politikwissenschaft - Goethe-Gymnasium Berlin-Wilmersdorf\" \/>\n<meta property=\"og:description\" content=\"Jahrgangsstufen 11 und 12 Ziel der Politikwissenschaft: Politische Bildung soll die Sch\u00fclerinnen und Sch\u00fcler bef\u00e4higen, Verantwortung als B\u00fcrger und B\u00fcrgerinnen Weiterlesen ...\" \/>\n<meta property=\"og:url\" content=\"https:\/\/goethe-gymnasium.berlin\/index.php\/gesellschaftsfaecher\/pw\/\" \/>\n<meta property=\"og:site_name\" content=\"Goethe-Gymnasium Berlin-Wilmersdorf\" \/>\n<meta property=\"article:publisher\" content=\"https:\/\/www.facebook.com\/pages\/Goethe-Gymnasium\/109376575754402\" \/>\n<meta property=\"article:modified_time\" content=\"2024-05-20T17:21:33+00:00\" \/>\n<meta property=\"og:image\" content=\"https:\/\/goethe-gymnasium.berlin\/wp-content\/uploads\/2021\/03\/wappen-flaggen_gewi2.png\" \/>\n<meta name=\"twitter:card\" content=\"summary_large_image\" \/>\n<meta name=\"twitter:label1\" content=\"Gesch\u00e4tzte Lesezeit\" \/>\n\t<meta name=\"twitter:data1\" content=\"2\u00a0Minuten\" \/>\n<script type=\"application\/ld+json\" class=\"yoast-schema-graph\">{\"@context\":\"https:\\\/\\\/schema.org\",\"@graph\":[{\"@type\":\"WebPage\",\"@id\":\"https:\\\/\\\/goethe-gymnasium.berlin\\\/index.php\\\/gesellschaftsfaecher\\\/pw\\\/\",\"url\":\"https:\\\/\\\/goethe-gymnasium.berlin\\\/index.php\\\/gesellschaftsfaecher\\\/pw\\\/\",\"name\":\"Politikwissenschaft - Goethe-Gymnasium Berlin-Wilmersdorf\",\"isPartOf\":{\"@id\":\"https:\\\/\\\/goethe-gymnasium.berlin\\\/#website\"},\"primaryImageOfPage\":{\"@id\":\"https:\\\/\\\/goethe-gymnasium.berlin\\\/index.php\\\/gesellschaftsfaecher\\\/pw\\\/#primaryimage\"},\"image\":{\"@id\":\"https:\\\/\\\/goethe-gymnasium.berlin\\\/index.php\\\/gesellschaftsfaecher\\\/pw\\\/#primaryimage\"},\"thumbnailUrl\":\"https:\\\/\\\/goethe-gymnasium.berlin\\\/wp-content\\\/uploads\\\/2021\\\/03\\\/wappen-flaggen_gewi2.png\",\"datePublished\":\"2018-04-24T11:14:58+00:00\",\"dateModified\":\"2024-05-20T17:21:33+00:00\",\"breadcrumb\":{\"@id\":\"https:\\\/\\\/goethe-gymnasium.berlin\\\/index.php\\\/gesellschaftsfaecher\\\/pw\\\/#breadcrumb\"},\"inLanguage\":\"de\",\"potentialAction\":[{\"@type\":\"ReadAction\",\"target\":[\"https:\\\/\\\/goethe-gymnasium.berlin\\\/index.php\\\/gesellschaftsfaecher\\\/pw\\\/\"]}]},{\"@type\":\"ImageObject\",\"inLanguage\":\"de\",\"@id\":\"https:\\\/\\\/goethe-gymnasium.berlin\\\/index.php\\\/gesellschaftsfaecher\\\/pw\\\/#primaryimage\",\"url\":\"https:\\\/\\\/goethe-gymnasium.berlin\\\/wp-content\\\/uploads\\\/2021\\\/03\\\/wappen-flaggen_gewi2.png\",\"contentUrl\":\"https:\\\/\\\/goethe-gymnasium.berlin\\\/wp-content\\\/uploads\\\/2021\\\/03\\\/wappen-flaggen_gewi2.png\",\"width\":1082,\"height\":279},{\"@type\":\"BreadcrumbList\",\"@id\":\"https:\\\/\\\/goethe-gymnasium.berlin\\\/index.php\\\/gesellschaftsfaecher\\\/pw\\\/#breadcrumb\",\"itemListElement\":[{\"@type\":\"ListItem\",\"position\":1,\"name\":\"Startseite\",\"item\":\"https:\\\/\\\/goethe-gymnasium.berlin\\\/\"},{\"@type\":\"ListItem\",\"position\":2,\"name\":\"Gesellschaftswissenschaften\",\"item\":\"https:\\\/\\\/goethe-gymnasium.berlin\\\/index.php\\\/gesellschaftsfaecher\\\/\"},{\"@type\":\"ListItem\",\"position\":3,\"name\":\"Politikwissenschaft\"}]},{\"@type\":\"WebSite\",\"@id\":\"https:\\\/\\\/goethe-gymnasium.berlin\\\/#website\",\"url\":\"https:\\\/\\\/goethe-gymnasium.berlin\\\/\",\"name\":\"Goethe-Gymnasium Berlin-Wilmersdorf\",\"description\":\"\",\"publisher\":{\"@id\":\"https:\\\/\\\/goethe-gymnasium.berlin\\\/#organization\"},\"potentialAction\":[{\"@type\":\"SearchAction\",\"target\":{\"@type\":\"EntryPoint\",\"urlTemplate\":\"https:\\\/\\\/goethe-gymnasium.berlin\\\/?s={search_term_string}\"},\"query-input\":{\"@type\":\"PropertyValueSpecification\",\"valueRequired\":true,\"valueName\":\"search_term_string\"}}],\"inLanguage\":\"de\"},{\"@type\":\"Organization\",\"@id\":\"https:\\\/\\\/goethe-gymnasium.berlin\\\/#organization\",\"name\":\"Goethe-Gymnasium Berlin-Wilmersdorf\",\"url\":\"https:\\\/\\\/goethe-gymnasium.berlin\\\/\",\"logo\":{\"@type\":\"ImageObject\",\"inLanguage\":\"de\",\"@id\":\"https:\\\/\\\/goethe-gymnasium.berlin\\\/#\\\/schema\\\/logo\\\/image\\\/\",\"url\":\"https:\\\/\\\/goethe-gymnasium.berlin\\\/wp-content\\\/uploads\\\/2018\\\/04\\\/goethe-logo_hoch.png\",\"contentUrl\":\"https:\\\/\\\/goethe-gymnasium.berlin\\\/wp-content\\\/uploads\\\/2018\\\/04\\\/goethe-logo_hoch.png\",\"width\":755,\"height\":514,\"caption\":\"Goethe-Gymnasium Berlin-Wilmersdorf\"},\"image\":{\"@id\":\"https:\\\/\\\/goethe-gymnasium.berlin\\\/#\\\/schema\\\/logo\\\/image\\\/\"},\"sameAs\":[\"https:\\\/\\\/www.facebook.com\\\/pages\\\/Goethe-Gymnasium\\\/109376575754402\",\"https:\\\/\\\/www.youtube.com\\\/channel\\\/UCMKuMVF9h_YkS3zmEp7SnzQ\"]}]}<\/script>\n<!-- \/ Yoast SEO plugin. -->","yoast_head_json":{"title":"Politikwissenschaft - Goethe-Gymnasium Berlin-Wilmersdorf","robots":{"index":"index","follow":"follow","max-snippet":"max-snippet:-1","max-image-preview":"max-image-preview:large","max-video-preview":"max-video-preview:-1"},"canonical":"https:\/\/goethe-gymnasium.berlin\/index.php\/gesellschaftsfaecher\/pw\/","og_locale":"de_DE","og_type":"article","og_title":"Politikwissenschaft - Goethe-Gymnasium Berlin-Wilmersdorf","og_description":"Jahrgangsstufen 11 und 12 Ziel der Politikwissenschaft: Politische Bildung soll die Sch\u00fclerinnen und Sch\u00fcler bef\u00e4higen, Verantwortung als B\u00fcrger und B\u00fcrgerinnen Weiterlesen ...","og_url":"https:\/\/goethe-gymnasium.berlin\/index.php\/gesellschaftsfaecher\/pw\/","og_site_name":"Goethe-Gymnasium Berlin-Wilmersdorf","article_publisher":"https:\/\/www.facebook.com\/pages\/Goethe-Gymnasium\/109376575754402","article_modified_time":"2024-05-20T17:21:33+00:00","og_image":[{"url":"https:\/\/goethe-gymnasium.berlin\/wp-content\/uploads\/2021\/03\/wappen-flaggen_gewi2.png","type":"","width":"","height":""}],"twitter_card":"summary_large_image","twitter_misc":{"Gesch\u00e4tzte Lesezeit":"2\u00a0Minuten"},"schema":{"@context":"https:\/\/schema.org","@graph":[{"@type":"WebPage","@id":"https:\/\/goethe-gymnasium.berlin\/index.php\/gesellschaftsfaecher\/pw\/","url":"https:\/\/goethe-gymnasium.berlin\/index.php\/gesellschaftsfaecher\/pw\/","name":"Politikwissenschaft - Goethe-Gymnasium Berlin-Wilmersdorf","isPartOf":{"@id":"https:\/\/goethe-gymnasium.berlin\/#website"},"primaryImageOfPage":{"@id":"https:\/\/goethe-gymnasium.berlin\/index.php\/gesellschaftsfaecher\/pw\/#primaryimage"},"image":{"@id":"https:\/\/goethe-gymnasium.berlin\/index.php\/gesellschaftsfaecher\/pw\/#primaryimage"},"thumbnailUrl":"https:\/\/goethe-gymnasium.berlin\/wp-content\/uploads\/2021\/03\/wappen-flaggen_gewi2.png","datePublished":"2018-04-24T11:14:58+00:00","dateModified":"2024-05-20T17:21:33+00:00","breadcrumb":{"@id":"https:\/\/goethe-gymnasium.berlin\/index.php\/gesellschaftsfaecher\/pw\/#breadcrumb"},"inLanguage":"de","potentialAction":[{"@type":"ReadAction","target":["https:\/\/goethe-gymnasium.berlin\/index.php\/gesellschaftsfaecher\/pw\/"]}]},{"@type":"ImageObject","inLanguage":"de","@id":"https:\/\/goethe-gymnasium.berlin\/index.php\/gesellschaftsfaecher\/pw\/#primaryimage","url":"https:\/\/goethe-gymnasium.berlin\/wp-content\/uploads\/2021\/03\/wappen-flaggen_gewi2.png","contentUrl":"https:\/\/goethe-gymnasium.berlin\/wp-content\/uploads\/2021\/03\/wappen-flaggen_gewi2.png","width":1082,"height":279},{"@type":"BreadcrumbList","@id":"https:\/\/goethe-gymnasium.berlin\/index.php\/gesellschaftsfaecher\/pw\/#breadcrumb","itemListElement":[{"@type":"ListItem","position":1,"name":"Startseite","item":"https:\/\/goethe-gymnasium.berlin\/"},{"@type":"ListItem","position":2,"name":"Gesellschaftswissenschaften","item":"https:\/\/goethe-gymnasium.berlin\/index.php\/gesellschaftsfaecher\/"},{"@type":"ListItem","position":3,"name":"Politikwissenschaft"}]},{"@type":"WebSite","@id":"https:\/\/goethe-gymnasium.berlin\/#website","url":"https:\/\/goethe-gymnasium.berlin\/","name":"Goethe-Gymnasium Berlin-Wilmersdorf","description":"","publisher":{"@id":"https:\/\/goethe-gymnasium.berlin\/#organization"},"potentialAction":[{"@type":"SearchAction","target":{"@type":"EntryPoint","urlTemplate":"https:\/\/goethe-gymnasium.berlin\/?s={search_term_string}"},"query-input":{"@type":"PropertyValueSpecification","valueRequired":true,"valueName":"search_term_string"}}],"inLanguage":"de"},{"@type":"Organization","@id":"https:\/\/goethe-gymnasium.berlin\/#organization","name":"Goethe-Gymnasium Berlin-Wilmersdorf","url":"https:\/\/goethe-gymnasium.berlin\/","logo":{"@type":"ImageObject","inLanguage":"de","@id":"https:\/\/goethe-gymnasium.berlin\/#\/schema\/logo\/image\/","url":"https:\/\/goethe-gymnasium.berlin\/wp-content\/uploads\/2018\/04\/goethe-logo_hoch.png","contentUrl":"https:\/\/goethe-gymnasium.berlin\/wp-content\/uploads\/2018\/04\/goethe-logo_hoch.png","width":755,"height":514,"caption":"Goethe-Gymnasium Berlin-Wilmersdorf"},"image":{"@id":"https:\/\/goethe-gymnasium.berlin\/#\/schema\/logo\/image\/"},"sameAs":["https:\/\/www.facebook.com\/pages\/Goethe-Gymnasium\/109376575754402","https:\/\/www.youtube.com\/channel\/UCMKuMVF9h_YkS3zmEp7SnzQ"]}]}},"_links":{"self":[{"href":"https:\/\/goethe-gymnasium.berlin\/index.php\/wp-json\/wp\/v2\/pages\/107","targetHints":{"allow":["GET"]}}],"collection":[{"href":"https:\/\/goethe-gymnasium.berlin\/index.php\/wp-json\/wp\/v2\/pages"}],"about":[{"href":"https:\/\/goethe-gymnasium.berlin\/index.php\/wp-json\/wp\/v2\/types\/page"}],"author":[{"embeddable":true,"href":"https:\/\/goethe-gymnasium.berlin\/index.php\/wp-json\/wp\/v2\/users\/1"}],"replies":[{"embeddable":true,"href":"https:\/\/goethe-gymnasium.berlin\/index.php\/wp-json\/wp\/v2\/comments?post=107"}],"version-history":[{"count":50,"href":"https:\/\/goethe-gymnasium.berlin\/index.php\/wp-json\/wp\/v2\/pages\/107\/revisions"}],"predecessor-version":[{"id":11976,"href":"https:\/\/goethe-gymnasium.berlin\/index.php\/wp-json\/wp\/v2\/pages\/107\/revisions\/11976"}],"up":[{"embeddable":true,"href":"https:\/\/goethe-gymnasium.berlin\/index.php\/wp-json\/wp\/v2\/pages\/101"}],"wp:attachment":[{"href":"https:\/\/goethe-gymnasium.berlin\/index.php\/wp-json\/wp\/v2\/media?parent=107"}],"wp:term":[{"taxonomy":"category","embeddable":true,"href":"https:\/\/goethe-gymnasium.berlin\/index.php\/wp-json\/wp\/v2\/categories?post=107"},{"taxonomy":"post_tag","embeddable":true,"href":"https:\/\/goethe-gymnasium.berlin\/index.php\/wp-json\/wp\/v2\/tags?post=107"}],"curies":[{"name":"wp","href":"https:\/\/api.w.org\/{rel}","templated":true}]}}