{"id":1066,"date":"2018-07-05T19:50:29","date_gmt":"2018-07-05T17:50:29","guid":{"rendered":"http:\/\/goethe-gymnasium.berlin\/?page_id=1066"},"modified":"2019-03-14T20:54:20","modified_gmt":"2019-03-14T19:54:20","slug":"1066-2","status":"publish","type":"page","link":"https:\/\/goethe-gymnasium.berlin\/index.php\/biologie\/das-goethe-gymnasium-und-die-naturwissenschaftlichen-wettbewerbe\/1066-2\/","title":{"rendered":"Internationale JuniorScienceOlympiade (IJSO)"},"content":{"rendered":"<div id=\"ja-content\" class=\"column\">\n<div id=\"ja-current-content\" class=\"column\">\n<div id=\"ja-content-main\" class=\"ja-content-main clearfix\">\n<div class=\"item-page clearfix\">\n<p><img loading=\"lazy\" decoding=\"async\" class=\"alignnone size-full wp-image-1067\" src=\"http:\/\/goethe-gymnasium.berlin\/wp-content\/uploads\/2018\/07\/ijso_logo2.png\" alt=\"\" width=\"790\" height=\"101\" srcset=\"https:\/\/goethe-gymnasium.berlin\/wp-content\/uploads\/2018\/07\/ijso_logo2.png 790w, https:\/\/goethe-gymnasium.berlin\/wp-content\/uploads\/2018\/07\/ijso_logo2-300x38.png 300w, https:\/\/goethe-gymnasium.berlin\/wp-content\/uploads\/2018\/07\/ijso_logo2-768x98.png 768w\" sizes=\"auto, (max-width: 790px) 100vw, 790px\" \/><\/p>\n<p>Die <a href=\"http:\/\/www.ipn.uni-kiel.de\/projekte\/ijso\/index.html\" target=\"_blank\" rel=\"noopener noreferrer\">Internationale JuniorScienceOlympiade<\/a> wendet sich an Sch\u00fclerInnen von der 5. Klasse bis zu einem H\u00f6chstalter von 15 Jahren.<\/p>\n<p>Die Aufgaben umfassen die F\u00e4cher Physik, Chemie und Biologie.<\/p>\n<p>In mehreren Auswahlrunden werden die f\u00fcnf Besten aus Deutschland ermittelt. Diese vertreten dann die Bundesrepublik als Nationalmannschaft im jeweiligen Gastgeberland.<\/p>\n<p>Unsere Schule nimmt seit 2011 am Auswahlverfahren dieses Wettbewerbs teil.<\/p>\n<p><strong>Zweimal gelang es Luca Choi (damals in der 6. und dann in der 7. Klasse), die zweite Runde zu erreichen. Angesichts des Schwierigkeitsgrades der Aufgaben ist das ein sehr gutes Ergebnis.<\/strong><\/p>\n<p>Die Teilnehmerzahlen aus unserer Schule steigen bisher regelm\u00e4\u00dfig an.<\/p>\n<ul>\n<li>2011 &#8211; 11 TeilnehmerInnen<\/li>\n<li>2012 &#8211; 14 TeilnehmerInnen<\/li>\n<li>2013 &#8211; 39 Teilnehmerinnen<\/li>\n<\/ul>\n<p><strong>In der ersten Runde des deutschen Auswahlverfahrens f\u00fcr die IJSO 2013 erzielte Tabea Seidenkranz (jetzt in der 7. Klasse) von unseren TeilnehmerInnen das beste Ergebnis.<\/strong> Daf\u00fcr erhielt sie, gemeinsam mit einer anderen Berliner Sch\u00fclerin, die M\u00f6glichkeit, im Juni an den IJSO-JuniorForscher-Tagen an der Universit\u00e4t Mainz teilzunehmen. Tabeas Bericht \u00fcber die JuniorForscher-Tage finden Sie <a href=\"http:\/\/goethe-gymnasium.berlin\/index.php\/biologie\/das-goethe-gymnasium-und-die-naturwissenschaftlichen-wettbewerbe\/mainzer-farbenlehre\/\" target=\"_blank\" rel=\"noopener noreferrer\">hier<\/a>.<\/p>\n<p style=\"text-align: right;\"><em>Text: Herr Henke (Schuljahr 2013\/14)<\/em><\/p>\n<\/div>\n<\/div>\n<\/div>\n<div id=\"banner\"><\/div>\n<\/div>\n","protected":false},"excerpt":{"rendered":"<p>Die Internationale JuniorScienceOlympiade wendet sich an Sch\u00fclerInnen von der 5. Klasse bis zu einem H\u00f6chstalter von 15 Jahren. Die Aufgaben <a class=\"more-link\" href=\"https:\/\/goethe-gymnasium.berlin\/index.php\/biologie\/das-goethe-gymnasium-und-die-naturwissenschaftlichen-wettbewerbe\/1066-2\/\">Weiterlesen &#8230;<\/a><\/p>\n","protected":false},"author":5,"featured_media":0,"parent":1022,"menu_order":0,"comment_status":"closed","ping_status":"closed","template":"","meta":{"footnotes":""},"categories":[],"tags":[],"class_list":["post-1066","page","type-page","status-publish","hentry"],"yoast_head":"<!-- This site is optimized with the Yoast SEO plugin v27.4 - https:\/\/yoast.com\/product\/yoast-seo-wordpress\/ -->\n<title>Internationale JuniorScienceOlympiade (IJSO) - Goethe-Gymnasium Berlin-Wilmersdorf<\/title>\n<meta name=\"robots\" content=\"index, follow, max-snippet:-1, max-image-preview:large, max-video-preview:-1\" \/>\n<link rel=\"canonical\" href=\"https:\/\/goethe-gymnasium.berlin\/index.php\/biologie\/das-goethe-gymnasium-und-die-naturwissenschaftlichen-wettbewerbe\/1066-2\/\" \/>\n<meta property=\"og:locale\" content=\"de_DE\" \/>\n<meta property=\"og:type\" content=\"article\" \/>\n<meta property=\"og:title\" content=\"Internationale JuniorScienceOlympiade (IJSO) - Goethe-Gymnasium Berlin-Wilmersdorf\" \/>\n<meta property=\"og:description\" content=\"Die Internationale JuniorScienceOlympiade wendet sich an Sch\u00fclerInnen von der 5. Klasse bis zu einem H\u00f6chstalter von 15 Jahren. Die Aufgaben Weiterlesen ...\" \/>\n<meta property=\"og:url\" content=\"https:\/\/goethe-gymnasium.berlin\/index.php\/biologie\/das-goethe-gymnasium-und-die-naturwissenschaftlichen-wettbewerbe\/1066-2\/\" \/>\n<meta property=\"og:site_name\" content=\"Goethe-Gymnasium Berlin-Wilmersdorf\" \/>\n<meta property=\"article:publisher\" content=\"https:\/\/www.facebook.com\/pages\/Goethe-Gymnasium\/109376575754402\" \/>\n<meta property=\"article:modified_time\" content=\"2019-03-14T19:54:20+00:00\" \/>\n<meta property=\"og:image\" content=\"http:\/\/goethe-gymnasium.berlin\/wp-content\/uploads\/2018\/07\/ijso_logo2.png\" \/>\n<meta name=\"twitter:card\" content=\"summary_large_image\" \/>\n<meta name=\"twitter:label1\" content=\"Gesch\u00e4tzte Lesezeit\" \/>\n\t<meta name=\"twitter:data1\" content=\"1\u00a0Minute\" \/>\n<script type=\"application\/ld+json\" class=\"yoast-schema-graph\">{\"@context\":\"https:\\\/\\\/schema.org\",\"@graph\":[{\"@type\":\"WebPage\",\"@id\":\"https:\\\/\\\/goethe-gymnasium.berlin\\\/index.php\\\/biologie\\\/das-goethe-gymnasium-und-die-naturwissenschaftlichen-wettbewerbe\\\/1066-2\\\/\",\"url\":\"https:\\\/\\\/goethe-gymnasium.berlin\\\/index.php\\\/biologie\\\/das-goethe-gymnasium-und-die-naturwissenschaftlichen-wettbewerbe\\\/1066-2\\\/\",\"name\":\"Internationale JuniorScienceOlympiade (IJSO) - Goethe-Gymnasium Berlin-Wilmersdorf\",\"isPartOf\":{\"@id\":\"https:\\\/\\\/goethe-gymnasium.berlin\\\/#website\"},\"primaryImageOfPage\":{\"@id\":\"https:\\\/\\\/goethe-gymnasium.berlin\\\/index.php\\\/biologie\\\/das-goethe-gymnasium-und-die-naturwissenschaftlichen-wettbewerbe\\\/1066-2\\\/#primaryimage\"},\"image\":{\"@id\":\"https:\\\/\\\/goethe-gymnasium.berlin\\\/index.php\\\/biologie\\\/das-goethe-gymnasium-und-die-naturwissenschaftlichen-wettbewerbe\\\/1066-2\\\/#primaryimage\"},\"thumbnailUrl\":\"http:\\\/\\\/goethe-gymnasium.berlin\\\/wp-content\\\/uploads\\\/2018\\\/07\\\/ijso_logo2.png\",\"datePublished\":\"2018-07-05T17:50:29+00:00\",\"dateModified\":\"2019-03-14T19:54:20+00:00\",\"breadcrumb\":{\"@id\":\"https:\\\/\\\/goethe-gymnasium.berlin\\\/index.php\\\/biologie\\\/das-goethe-gymnasium-und-die-naturwissenschaftlichen-wettbewerbe\\\/1066-2\\\/#breadcrumb\"},\"inLanguage\":\"de\",\"potentialAction\":[{\"@type\":\"ReadAction\",\"target\":[\"https:\\\/\\\/goethe-gymnasium.berlin\\\/index.php\\\/biologie\\\/das-goethe-gymnasium-und-die-naturwissenschaftlichen-wettbewerbe\\\/1066-2\\\/\"]}]},{\"@type\":\"ImageObject\",\"inLanguage\":\"de\",\"@id\":\"https:\\\/\\\/goethe-gymnasium.berlin\\\/index.php\\\/biologie\\\/das-goethe-gymnasium-und-die-naturwissenschaftlichen-wettbewerbe\\\/1066-2\\\/#primaryimage\",\"url\":\"https:\\\/\\\/goethe-gymnasium.berlin\\\/wp-content\\\/uploads\\\/2018\\\/07\\\/ijso_logo2.png\",\"contentUrl\":\"https:\\\/\\\/goethe-gymnasium.berlin\\\/wp-content\\\/uploads\\\/2018\\\/07\\\/ijso_logo2.png\",\"width\":790,\"height\":101},{\"@type\":\"BreadcrumbList\",\"@id\":\"https:\\\/\\\/goethe-gymnasium.berlin\\\/index.php\\\/biologie\\\/das-goethe-gymnasium-und-die-naturwissenschaftlichen-wettbewerbe\\\/1066-2\\\/#breadcrumb\",\"itemListElement\":[{\"@type\":\"ListItem\",\"position\":1,\"name\":\"Startseite\",\"item\":\"https:\\\/\\\/goethe-gymnasium.berlin\\\/\"},{\"@type\":\"ListItem\",\"position\":2,\"name\":\"Biologie\",\"item\":\"https:\\\/\\\/goethe-gymnasium.berlin\\\/index.php\\\/biologie\\\/\"},{\"@type\":\"ListItem\",\"position\":3,\"name\":\"Das Goethe-Gymnasium und die naturwissenschaftlichen Wettbewerbe\",\"item\":\"https:\\\/\\\/goethe-gymnasium.berlin\\\/index.php\\\/biologie\\\/das-goethe-gymnasium-und-die-naturwissenschaftlichen-wettbewerbe\\\/\"},{\"@type\":\"ListItem\",\"position\":4,\"name\":\"Internationale JuniorScienceOlympiade (IJSO)\"}]},{\"@type\":\"WebSite\",\"@id\":\"https:\\\/\\\/goethe-gymnasium.berlin\\\/#website\",\"url\":\"https:\\\/\\\/goethe-gymnasium.berlin\\\/\",\"name\":\"Goethe-Gymnasium Berlin-Wilmersdorf\",\"description\":\"\",\"publisher\":{\"@id\":\"https:\\\/\\\/goethe-gymnasium.berlin\\\/#organization\"},\"potentialAction\":[{\"@type\":\"SearchAction\",\"target\":{\"@type\":\"EntryPoint\",\"urlTemplate\":\"https:\\\/\\\/goethe-gymnasium.berlin\\\/?s={search_term_string}\"},\"query-input\":{\"@type\":\"PropertyValueSpecification\",\"valueRequired\":true,\"valueName\":\"search_term_string\"}}],\"inLanguage\":\"de\"},{\"@type\":\"Organization\",\"@id\":\"https:\\\/\\\/goethe-gymnasium.berlin\\\/#organization\",\"name\":\"Goethe-Gymnasium Berlin-Wilmersdorf\",\"url\":\"https:\\\/\\\/goethe-gymnasium.berlin\\\/\",\"logo\":{\"@type\":\"ImageObject\",\"inLanguage\":\"de\",\"@id\":\"https:\\\/\\\/goethe-gymnasium.berlin\\\/#\\\/schema\\\/logo\\\/image\\\/\",\"url\":\"https:\\\/\\\/goethe-gymnasium.berlin\\\/wp-content\\\/uploads\\\/2018\\\/04\\\/goethe-logo_hoch.png\",\"contentUrl\":\"https:\\\/\\\/goethe-gymnasium.berlin\\\/wp-content\\\/uploads\\\/2018\\\/04\\\/goethe-logo_hoch.png\",\"width\":755,\"height\":514,\"caption\":\"Goethe-Gymnasium Berlin-Wilmersdorf\"},\"image\":{\"@id\":\"https:\\\/\\\/goethe-gymnasium.berlin\\\/#\\\/schema\\\/logo\\\/image\\\/\"},\"sameAs\":[\"https:\\\/\\\/www.facebook.com\\\/pages\\\/Goethe-Gymnasium\\\/109376575754402\",\"https:\\\/\\\/www.youtube.com\\\/channel\\\/UCMKuMVF9h_YkS3zmEp7SnzQ\"]}]}<\/script>\n<!-- \/ Yoast SEO plugin. -->","yoast_head_json":{"title":"Internationale JuniorScienceOlympiade (IJSO) - Goethe-Gymnasium Berlin-Wilmersdorf","robots":{"index":"index","follow":"follow","max-snippet":"max-snippet:-1","max-image-preview":"max-image-preview:large","max-video-preview":"max-video-preview:-1"},"canonical":"https:\/\/goethe-gymnasium.berlin\/index.php\/biologie\/das-goethe-gymnasium-und-die-naturwissenschaftlichen-wettbewerbe\/1066-2\/","og_locale":"de_DE","og_type":"article","og_title":"Internationale JuniorScienceOlympiade (IJSO) - Goethe-Gymnasium Berlin-Wilmersdorf","og_description":"Die Internationale JuniorScienceOlympiade wendet sich an Sch\u00fclerInnen von der 5. Klasse bis zu einem H\u00f6chstalter von 15 Jahren. Die Aufgaben Weiterlesen ...","og_url":"https:\/\/goethe-gymnasium.berlin\/index.php\/biologie\/das-goethe-gymnasium-und-die-naturwissenschaftlichen-wettbewerbe\/1066-2\/","og_site_name":"Goethe-Gymnasium Berlin-Wilmersdorf","article_publisher":"https:\/\/www.facebook.com\/pages\/Goethe-Gymnasium\/109376575754402","article_modified_time":"2019-03-14T19:54:20+00:00","og_image":[{"url":"http:\/\/goethe-gymnasium.berlin\/wp-content\/uploads\/2018\/07\/ijso_logo2.png","type":"","width":"","height":""}],"twitter_card":"summary_large_image","twitter_misc":{"Gesch\u00e4tzte Lesezeit":"1\u00a0Minute"},"schema":{"@context":"https:\/\/schema.org","@graph":[{"@type":"WebPage","@id":"https:\/\/goethe-gymnasium.berlin\/index.php\/biologie\/das-goethe-gymnasium-und-die-naturwissenschaftlichen-wettbewerbe\/1066-2\/","url":"https:\/\/goethe-gymnasium.berlin\/index.php\/biologie\/das-goethe-gymnasium-und-die-naturwissenschaftlichen-wettbewerbe\/1066-2\/","name":"Internationale JuniorScienceOlympiade (IJSO) - Goethe-Gymnasium Berlin-Wilmersdorf","isPartOf":{"@id":"https:\/\/goethe-gymnasium.berlin\/#website"},"primaryImageOfPage":{"@id":"https:\/\/goethe-gymnasium.berlin\/index.php\/biologie\/das-goethe-gymnasium-und-die-naturwissenschaftlichen-wettbewerbe\/1066-2\/#primaryimage"},"image":{"@id":"https:\/\/goethe-gymnasium.berlin\/index.php\/biologie\/das-goethe-gymnasium-und-die-naturwissenschaftlichen-wettbewerbe\/1066-2\/#primaryimage"},"thumbnailUrl":"http:\/\/goethe-gymnasium.berlin\/wp-content\/uploads\/2018\/07\/ijso_logo2.png","datePublished":"2018-07-05T17:50:29+00:00","dateModified":"2019-03-14T19:54:20+00:00","breadcrumb":{"@id":"https:\/\/goethe-gymnasium.berlin\/index.php\/biologie\/das-goethe-gymnasium-und-die-naturwissenschaftlichen-wettbewerbe\/1066-2\/#breadcrumb"},"inLanguage":"de","potentialAction":[{"@type":"ReadAction","target":["https:\/\/goethe-gymnasium.berlin\/index.php\/biologie\/das-goethe-gymnasium-und-die-naturwissenschaftlichen-wettbewerbe\/1066-2\/"]}]},{"@type":"ImageObject","inLanguage":"de","@id":"https:\/\/goethe-gymnasium.berlin\/index.php\/biologie\/das-goethe-gymnasium-und-die-naturwissenschaftlichen-wettbewerbe\/1066-2\/#primaryimage","url":"https:\/\/goethe-gymnasium.berlin\/wp-content\/uploads\/2018\/07\/ijso_logo2.png","contentUrl":"https:\/\/goethe-gymnasium.berlin\/wp-content\/uploads\/2018\/07\/ijso_logo2.png","width":790,"height":101},{"@type":"BreadcrumbList","@id":"https:\/\/goethe-gymnasium.berlin\/index.php\/biologie\/das-goethe-gymnasium-und-die-naturwissenschaftlichen-wettbewerbe\/1066-2\/#breadcrumb","itemListElement":[{"@type":"ListItem","position":1,"name":"Startseite","item":"https:\/\/goethe-gymnasium.berlin\/"},{"@type":"ListItem","position":2,"name":"Biologie","item":"https:\/\/goethe-gymnasium.berlin\/index.php\/biologie\/"},{"@type":"ListItem","position":3,"name":"Das Goethe-Gymnasium und die naturwissenschaftlichen Wettbewerbe","item":"https:\/\/goethe-gymnasium.berlin\/index.php\/biologie\/das-goethe-gymnasium-und-die-naturwissenschaftlichen-wettbewerbe\/"},{"@type":"ListItem","position":4,"name":"Internationale JuniorScienceOlympiade (IJSO)"}]},{"@type":"WebSite","@id":"https:\/\/goethe-gymnasium.berlin\/#website","url":"https:\/\/goethe-gymnasium.berlin\/","name":"Goethe-Gymnasium Berlin-Wilmersdorf","description":"","publisher":{"@id":"https:\/\/goethe-gymnasium.berlin\/#organization"},"potentialAction":[{"@type":"SearchAction","target":{"@type":"EntryPoint","urlTemplate":"https:\/\/goethe-gymnasium.berlin\/?s={search_term_string}"},"query-input":{"@type":"PropertyValueSpecification","valueRequired":true,"valueName":"search_term_string"}}],"inLanguage":"de"},{"@type":"Organization","@id":"https:\/\/goethe-gymnasium.berlin\/#organization","name":"Goethe-Gymnasium Berlin-Wilmersdorf","url":"https:\/\/goethe-gymnasium.berlin\/","logo":{"@type":"ImageObject","inLanguage":"de","@id":"https:\/\/goethe-gymnasium.berlin\/#\/schema\/logo\/image\/","url":"https:\/\/goethe-gymnasium.berlin\/wp-content\/uploads\/2018\/04\/goethe-logo_hoch.png","contentUrl":"https:\/\/goethe-gymnasium.berlin\/wp-content\/uploads\/2018\/04\/goethe-logo_hoch.png","width":755,"height":514,"caption":"Goethe-Gymnasium Berlin-Wilmersdorf"},"image":{"@id":"https:\/\/goethe-gymnasium.berlin\/#\/schema\/logo\/image\/"},"sameAs":["https:\/\/www.facebook.com\/pages\/Goethe-Gymnasium\/109376575754402","https:\/\/www.youtube.com\/channel\/UCMKuMVF9h_YkS3zmEp7SnzQ"]}]}},"_links":{"self":[{"href":"https:\/\/goethe-gymnasium.berlin\/index.php\/wp-json\/wp\/v2\/pages\/1066","targetHints":{"allow":["GET"]}}],"collection":[{"href":"https:\/\/goethe-gymnasium.berlin\/index.php\/wp-json\/wp\/v2\/pages"}],"about":[{"href":"https:\/\/goethe-gymnasium.berlin\/index.php\/wp-json\/wp\/v2\/types\/page"}],"author":[{"embeddable":true,"href":"https:\/\/goethe-gymnasium.berlin\/index.php\/wp-json\/wp\/v2\/users\/5"}],"replies":[{"embeddable":true,"href":"https:\/\/goethe-gymnasium.berlin\/index.php\/wp-json\/wp\/v2\/comments?post=1066"}],"version-history":[{"count":4,"href":"https:\/\/goethe-gymnasium.berlin\/index.php\/wp-json\/wp\/v2\/pages\/1066\/revisions"}],"predecessor-version":[{"id":3214,"href":"https:\/\/goethe-gymnasium.berlin\/index.php\/wp-json\/wp\/v2\/pages\/1066\/revisions\/3214"}],"up":[{"embeddable":true,"href":"https:\/\/goethe-gymnasium.berlin\/index.php\/wp-json\/wp\/v2\/pages\/1022"}],"wp:attachment":[{"href":"https:\/\/goethe-gymnasium.berlin\/index.php\/wp-json\/wp\/v2\/media?parent=1066"}],"wp:term":[{"taxonomy":"category","embeddable":true,"href":"https:\/\/goethe-gymnasium.berlin\/index.php\/wp-json\/wp\/v2\/categories?post=1066"},{"taxonomy":"post_tag","embeddable":true,"href":"https:\/\/goethe-gymnasium.berlin\/index.php\/wp-json\/wp\/v2\/tags?post=1066"}],"curies":[{"name":"wp","href":"https:\/\/api.w.org\/{rel}","templated":true}]}}