{"id":1060,"date":"2018-07-05T19:46:58","date_gmt":"2018-07-05T17:46:58","guid":{"rendered":"http:\/\/goethe-gymnasium.berlin\/?page_id=1060"},"modified":"2018-07-05T19:47:47","modified_gmt":"2018-07-05T17:47:47","slug":"1060-2","status":"publish","type":"page","link":"https:\/\/goethe-gymnasium.berlin\/index.php\/biologie\/das-goethe-gymnasium-und-die-naturwissenschaftlichen-wettbewerbe\/1060-2\/","title":{"rendered":"Internationale BiologieOlympiade (IBO)"},"content":{"rendered":"<p><img loading=\"lazy\" decoding=\"async\" class=\"alignnone size-full wp-image-1062\" src=\"http:\/\/goethe-gymnasium.berlin\/wp-content\/uploads\/2018\/07\/ibo_logo_int.png\" alt=\"\" width=\"700\" height=\"101\" srcset=\"https:\/\/goethe-gymnasium.berlin\/wp-content\/uploads\/2018\/07\/ibo_logo_int.png 700w, https:\/\/goethe-gymnasium.berlin\/wp-content\/uploads\/2018\/07\/ibo_logo_int-300x43.png 300w\" sizes=\"auto, (max-width: 700px) 100vw, 700px\" \/><\/p>\n<p>Die <a href=\"http:\/\/www.ipn.uni-kiel.de\/aktuell\/ibo\/\" target=\"_blank\" rel=\"noopener\">Internationale BiologieOlympiade<\/a> ist ein Wettbewerb mit Tradition, bei dem sich die besten f\u00fcnf Sch\u00fclerInnen aus jeder teilnehmenden Nation einmal im Jahr treffen, um sich bei h\u00f6chst anspruchsvollen Aufgaben aus Theorie und Praxis zu messen.<\/p>\n<p>Die deutsche Nationalmannschaft wird in einem vierstufigen Auswahlverfahren ermittelt. Die Aufgaben richten sich an Sch\u00fclerInnen weiterf\u00fchrender Schulen.<\/p>\n<p>Am Goethe-Gymnasium wenden wir uns an Talente aus der Kursphase (gelegentlich auch an die 10. Klassen).<\/p>\n<p>Im Schuljahr 2011\/12 nahmen wir erstmals mit vier Sch\u00fclerInnen an der 1. Runde des Auswahlverfahrens teil, im Schuljahr 2012\/13 wurden sechs Arbeiten eingereicht.<\/p>\n<p><strong>Mohamed Hassan (LK Biologie, 3. Semester) konnte sich mit seiner Wettbewerbsarbeit f\u00fcr die zweite Runde des deutschen Auswahlverfahrens qualifizieren.<\/strong> Angesichts der anspruchsvollen Aufgaben, die teilweise weit \u00fcber den in der Schule vermittelten Stoff hinausgehen, ist das ein beeindruckendes Ergebnis.<\/p>\n<p>Wir gratulieren ganz herzlich!<\/p>\n<p>Im Schuljahr 2013\/14 beteiligt sich Aleyna \u00d6nal am deutschen Auswahlverfahren f\u00fcr die IBO 2014.<\/p>\n<p>Wir w\u00fcnschen viel Erfolg!<\/p>\n<p><img loading=\"lazy\" decoding=\"async\" class=\"size-full wp-image-1061 aligncenter\" src=\"http:\/\/goethe-gymnasium.berlin\/wp-content\/uploads\/2018\/07\/ibo_logo_de.png\" alt=\"\" width=\"304\" height=\"228\" srcset=\"https:\/\/goethe-gymnasium.berlin\/wp-content\/uploads\/2018\/07\/ibo_logo_de.png 304w, https:\/\/goethe-gymnasium.berlin\/wp-content\/uploads\/2018\/07\/ibo_logo_de-300x225.png 300w\" sizes=\"auto, (max-width: 304px) 100vw, 304px\" \/><\/p>\n<div id=\"ja-content\" class=\"column\">\n<div id=\"ja-current-content\" class=\"column\">\n<div id=\"ja-content-main\" class=\"ja-content-main clearfix\">\n<div class=\"item-page clearfix\">\n<p style=\"text-align: right;\"><em>Text: Herr Henke (Schuljahr 2013\/14)<\/em><\/p>\n<p>&nbsp;<\/p>\n<\/div>\n<\/div>\n<\/div>\n<\/div>\n","protected":false},"excerpt":{"rendered":"<p>Die Internationale BiologieOlympiade ist ein Wettbewerb mit Tradition, bei dem sich die besten f\u00fcnf Sch\u00fclerInnen aus jeder teilnehmenden Nation einmal <a class=\"more-link\" href=\"https:\/\/goethe-gymnasium.berlin\/index.php\/biologie\/das-goethe-gymnasium-und-die-naturwissenschaftlichen-wettbewerbe\/1060-2\/\">Weiterlesen &#8230;<\/a><\/p>\n","protected":false},"author":5,"featured_media":0,"parent":1022,"menu_order":0,"comment_status":"closed","ping_status":"closed","template":"","meta":{"footnotes":""},"categories":[],"tags":[],"class_list":["post-1060","page","type-page","status-publish","hentry"],"yoast_head":"<!-- This site is optimized with the Yoast SEO plugin v27.4 - https:\/\/yoast.com\/product\/yoast-seo-wordpress\/ -->\n<title>Internationale BiologieOlympiade (IBO) - Goethe-Gymnasium Berlin-Wilmersdorf<\/title>\n<meta name=\"robots\" content=\"index, follow, max-snippet:-1, max-image-preview:large, max-video-preview:-1\" \/>\n<link rel=\"canonical\" href=\"https:\/\/goethe-gymnasium.berlin\/index.php\/biologie\/das-goethe-gymnasium-und-die-naturwissenschaftlichen-wettbewerbe\/1060-2\/\" \/>\n<meta property=\"og:locale\" content=\"de_DE\" \/>\n<meta property=\"og:type\" content=\"article\" \/>\n<meta property=\"og:title\" content=\"Internationale BiologieOlympiade (IBO) - Goethe-Gymnasium Berlin-Wilmersdorf\" \/>\n<meta property=\"og:description\" content=\"Die Internationale BiologieOlympiade ist ein Wettbewerb mit Tradition, bei dem sich die besten f\u00fcnf Sch\u00fclerInnen aus jeder teilnehmenden Nation einmal Weiterlesen ...\" \/>\n<meta property=\"og:url\" content=\"https:\/\/goethe-gymnasium.berlin\/index.php\/biologie\/das-goethe-gymnasium-und-die-naturwissenschaftlichen-wettbewerbe\/1060-2\/\" \/>\n<meta property=\"og:site_name\" content=\"Goethe-Gymnasium Berlin-Wilmersdorf\" \/>\n<meta property=\"article:publisher\" content=\"https:\/\/www.facebook.com\/pages\/Goethe-Gymnasium\/109376575754402\" \/>\n<meta property=\"article:modified_time\" content=\"2018-07-05T17:47:47+00:00\" \/>\n<meta property=\"og:image\" content=\"http:\/\/goethe-gymnasium.berlin\/wp-content\/uploads\/2018\/07\/ibo_logo_int.png\" \/>\n<meta name=\"twitter:card\" content=\"summary_large_image\" \/>\n<meta name=\"twitter:label1\" content=\"Gesch\u00e4tzte Lesezeit\" \/>\n\t<meta name=\"twitter:data1\" content=\"1\u00a0Minute\" \/>\n<script type=\"application\/ld+json\" class=\"yoast-schema-graph\">{\"@context\":\"https:\\\/\\\/schema.org\",\"@graph\":[{\"@type\":\"WebPage\",\"@id\":\"https:\\\/\\\/goethe-gymnasium.berlin\\\/index.php\\\/biologie\\\/das-goethe-gymnasium-und-die-naturwissenschaftlichen-wettbewerbe\\\/1060-2\\\/\",\"url\":\"https:\\\/\\\/goethe-gymnasium.berlin\\\/index.php\\\/biologie\\\/das-goethe-gymnasium-und-die-naturwissenschaftlichen-wettbewerbe\\\/1060-2\\\/\",\"name\":\"Internationale BiologieOlympiade (IBO) - Goethe-Gymnasium Berlin-Wilmersdorf\",\"isPartOf\":{\"@id\":\"https:\\\/\\\/goethe-gymnasium.berlin\\\/#website\"},\"primaryImageOfPage\":{\"@id\":\"https:\\\/\\\/goethe-gymnasium.berlin\\\/index.php\\\/biologie\\\/das-goethe-gymnasium-und-die-naturwissenschaftlichen-wettbewerbe\\\/1060-2\\\/#primaryimage\"},\"image\":{\"@id\":\"https:\\\/\\\/goethe-gymnasium.berlin\\\/index.php\\\/biologie\\\/das-goethe-gymnasium-und-die-naturwissenschaftlichen-wettbewerbe\\\/1060-2\\\/#primaryimage\"},\"thumbnailUrl\":\"http:\\\/\\\/goethe-gymnasium.berlin\\\/wp-content\\\/uploads\\\/2018\\\/07\\\/ibo_logo_int.png\",\"datePublished\":\"2018-07-05T17:46:58+00:00\",\"dateModified\":\"2018-07-05T17:47:47+00:00\",\"breadcrumb\":{\"@id\":\"https:\\\/\\\/goethe-gymnasium.berlin\\\/index.php\\\/biologie\\\/das-goethe-gymnasium-und-die-naturwissenschaftlichen-wettbewerbe\\\/1060-2\\\/#breadcrumb\"},\"inLanguage\":\"de\",\"potentialAction\":[{\"@type\":\"ReadAction\",\"target\":[\"https:\\\/\\\/goethe-gymnasium.berlin\\\/index.php\\\/biologie\\\/das-goethe-gymnasium-und-die-naturwissenschaftlichen-wettbewerbe\\\/1060-2\\\/\"]}]},{\"@type\":\"ImageObject\",\"inLanguage\":\"de\",\"@id\":\"https:\\\/\\\/goethe-gymnasium.berlin\\\/index.php\\\/biologie\\\/das-goethe-gymnasium-und-die-naturwissenschaftlichen-wettbewerbe\\\/1060-2\\\/#primaryimage\",\"url\":\"https:\\\/\\\/goethe-gymnasium.berlin\\\/wp-content\\\/uploads\\\/2018\\\/07\\\/ibo_logo_int.png\",\"contentUrl\":\"https:\\\/\\\/goethe-gymnasium.berlin\\\/wp-content\\\/uploads\\\/2018\\\/07\\\/ibo_logo_int.png\",\"width\":700,\"height\":101},{\"@type\":\"BreadcrumbList\",\"@id\":\"https:\\\/\\\/goethe-gymnasium.berlin\\\/index.php\\\/biologie\\\/das-goethe-gymnasium-und-die-naturwissenschaftlichen-wettbewerbe\\\/1060-2\\\/#breadcrumb\",\"itemListElement\":[{\"@type\":\"ListItem\",\"position\":1,\"name\":\"Startseite\",\"item\":\"https:\\\/\\\/goethe-gymnasium.berlin\\\/\"},{\"@type\":\"ListItem\",\"position\":2,\"name\":\"Biologie\",\"item\":\"https:\\\/\\\/goethe-gymnasium.berlin\\\/index.php\\\/biologie\\\/\"},{\"@type\":\"ListItem\",\"position\":3,\"name\":\"Das Goethe-Gymnasium und die naturwissenschaftlichen Wettbewerbe\",\"item\":\"https:\\\/\\\/goethe-gymnasium.berlin\\\/index.php\\\/biologie\\\/das-goethe-gymnasium-und-die-naturwissenschaftlichen-wettbewerbe\\\/\"},{\"@type\":\"ListItem\",\"position\":4,\"name\":\"Internationale BiologieOlympiade (IBO)\"}]},{\"@type\":\"WebSite\",\"@id\":\"https:\\\/\\\/goethe-gymnasium.berlin\\\/#website\",\"url\":\"https:\\\/\\\/goethe-gymnasium.berlin\\\/\",\"name\":\"Goethe-Gymnasium Berlin-Wilmersdorf\",\"description\":\"\",\"publisher\":{\"@id\":\"https:\\\/\\\/goethe-gymnasium.berlin\\\/#organization\"},\"potentialAction\":[{\"@type\":\"SearchAction\",\"target\":{\"@type\":\"EntryPoint\",\"urlTemplate\":\"https:\\\/\\\/goethe-gymnasium.berlin\\\/?s={search_term_string}\"},\"query-input\":{\"@type\":\"PropertyValueSpecification\",\"valueRequired\":true,\"valueName\":\"search_term_string\"}}],\"inLanguage\":\"de\"},{\"@type\":\"Organization\",\"@id\":\"https:\\\/\\\/goethe-gymnasium.berlin\\\/#organization\",\"name\":\"Goethe-Gymnasium Berlin-Wilmersdorf\",\"url\":\"https:\\\/\\\/goethe-gymnasium.berlin\\\/\",\"logo\":{\"@type\":\"ImageObject\",\"inLanguage\":\"de\",\"@id\":\"https:\\\/\\\/goethe-gymnasium.berlin\\\/#\\\/schema\\\/logo\\\/image\\\/\",\"url\":\"https:\\\/\\\/goethe-gymnasium.berlin\\\/wp-content\\\/uploads\\\/2018\\\/04\\\/goethe-logo_hoch.png\",\"contentUrl\":\"https:\\\/\\\/goethe-gymnasium.berlin\\\/wp-content\\\/uploads\\\/2018\\\/04\\\/goethe-logo_hoch.png\",\"width\":755,\"height\":514,\"caption\":\"Goethe-Gymnasium Berlin-Wilmersdorf\"},\"image\":{\"@id\":\"https:\\\/\\\/goethe-gymnasium.berlin\\\/#\\\/schema\\\/logo\\\/image\\\/\"},\"sameAs\":[\"https:\\\/\\\/www.facebook.com\\\/pages\\\/Goethe-Gymnasium\\\/109376575754402\",\"https:\\\/\\\/www.youtube.com\\\/channel\\\/UCMKuMVF9h_YkS3zmEp7SnzQ\"]}]}<\/script>\n<!-- \/ Yoast SEO plugin. -->","yoast_head_json":{"title":"Internationale BiologieOlympiade (IBO) - Goethe-Gymnasium Berlin-Wilmersdorf","robots":{"index":"index","follow":"follow","max-snippet":"max-snippet:-1","max-image-preview":"max-image-preview:large","max-video-preview":"max-video-preview:-1"},"canonical":"https:\/\/goethe-gymnasium.berlin\/index.php\/biologie\/das-goethe-gymnasium-und-die-naturwissenschaftlichen-wettbewerbe\/1060-2\/","og_locale":"de_DE","og_type":"article","og_title":"Internationale BiologieOlympiade (IBO) - Goethe-Gymnasium Berlin-Wilmersdorf","og_description":"Die Internationale BiologieOlympiade ist ein Wettbewerb mit Tradition, bei dem sich die besten f\u00fcnf Sch\u00fclerInnen aus jeder teilnehmenden Nation einmal Weiterlesen ...","og_url":"https:\/\/goethe-gymnasium.berlin\/index.php\/biologie\/das-goethe-gymnasium-und-die-naturwissenschaftlichen-wettbewerbe\/1060-2\/","og_site_name":"Goethe-Gymnasium Berlin-Wilmersdorf","article_publisher":"https:\/\/www.facebook.com\/pages\/Goethe-Gymnasium\/109376575754402","article_modified_time":"2018-07-05T17:47:47+00:00","og_image":[{"url":"http:\/\/goethe-gymnasium.berlin\/wp-content\/uploads\/2018\/07\/ibo_logo_int.png","type":"","width":"","height":""}],"twitter_card":"summary_large_image","twitter_misc":{"Gesch\u00e4tzte Lesezeit":"1\u00a0Minute"},"schema":{"@context":"https:\/\/schema.org","@graph":[{"@type":"WebPage","@id":"https:\/\/goethe-gymnasium.berlin\/index.php\/biologie\/das-goethe-gymnasium-und-die-naturwissenschaftlichen-wettbewerbe\/1060-2\/","url":"https:\/\/goethe-gymnasium.berlin\/index.php\/biologie\/das-goethe-gymnasium-und-die-naturwissenschaftlichen-wettbewerbe\/1060-2\/","name":"Internationale BiologieOlympiade (IBO) - Goethe-Gymnasium Berlin-Wilmersdorf","isPartOf":{"@id":"https:\/\/goethe-gymnasium.berlin\/#website"},"primaryImageOfPage":{"@id":"https:\/\/goethe-gymnasium.berlin\/index.php\/biologie\/das-goethe-gymnasium-und-die-naturwissenschaftlichen-wettbewerbe\/1060-2\/#primaryimage"},"image":{"@id":"https:\/\/goethe-gymnasium.berlin\/index.php\/biologie\/das-goethe-gymnasium-und-die-naturwissenschaftlichen-wettbewerbe\/1060-2\/#primaryimage"},"thumbnailUrl":"http:\/\/goethe-gymnasium.berlin\/wp-content\/uploads\/2018\/07\/ibo_logo_int.png","datePublished":"2018-07-05T17:46:58+00:00","dateModified":"2018-07-05T17:47:47+00:00","breadcrumb":{"@id":"https:\/\/goethe-gymnasium.berlin\/index.php\/biologie\/das-goethe-gymnasium-und-die-naturwissenschaftlichen-wettbewerbe\/1060-2\/#breadcrumb"},"inLanguage":"de","potentialAction":[{"@type":"ReadAction","target":["https:\/\/goethe-gymnasium.berlin\/index.php\/biologie\/das-goethe-gymnasium-und-die-naturwissenschaftlichen-wettbewerbe\/1060-2\/"]}]},{"@type":"ImageObject","inLanguage":"de","@id":"https:\/\/goethe-gymnasium.berlin\/index.php\/biologie\/das-goethe-gymnasium-und-die-naturwissenschaftlichen-wettbewerbe\/1060-2\/#primaryimage","url":"https:\/\/goethe-gymnasium.berlin\/wp-content\/uploads\/2018\/07\/ibo_logo_int.png","contentUrl":"https:\/\/goethe-gymnasium.berlin\/wp-content\/uploads\/2018\/07\/ibo_logo_int.png","width":700,"height":101},{"@type":"BreadcrumbList","@id":"https:\/\/goethe-gymnasium.berlin\/index.php\/biologie\/das-goethe-gymnasium-und-die-naturwissenschaftlichen-wettbewerbe\/1060-2\/#breadcrumb","itemListElement":[{"@type":"ListItem","position":1,"name":"Startseite","item":"https:\/\/goethe-gymnasium.berlin\/"},{"@type":"ListItem","position":2,"name":"Biologie","item":"https:\/\/goethe-gymnasium.berlin\/index.php\/biologie\/"},{"@type":"ListItem","position":3,"name":"Das Goethe-Gymnasium und die naturwissenschaftlichen Wettbewerbe","item":"https:\/\/goethe-gymnasium.berlin\/index.php\/biologie\/das-goethe-gymnasium-und-die-naturwissenschaftlichen-wettbewerbe\/"},{"@type":"ListItem","position":4,"name":"Internationale BiologieOlympiade (IBO)"}]},{"@type":"WebSite","@id":"https:\/\/goethe-gymnasium.berlin\/#website","url":"https:\/\/goethe-gymnasium.berlin\/","name":"Goethe-Gymnasium Berlin-Wilmersdorf","description":"","publisher":{"@id":"https:\/\/goethe-gymnasium.berlin\/#organization"},"potentialAction":[{"@type":"SearchAction","target":{"@type":"EntryPoint","urlTemplate":"https:\/\/goethe-gymnasium.berlin\/?s={search_term_string}"},"query-input":{"@type":"PropertyValueSpecification","valueRequired":true,"valueName":"search_term_string"}}],"inLanguage":"de"},{"@type":"Organization","@id":"https:\/\/goethe-gymnasium.berlin\/#organization","name":"Goethe-Gymnasium Berlin-Wilmersdorf","url":"https:\/\/goethe-gymnasium.berlin\/","logo":{"@type":"ImageObject","inLanguage":"de","@id":"https:\/\/goethe-gymnasium.berlin\/#\/schema\/logo\/image\/","url":"https:\/\/goethe-gymnasium.berlin\/wp-content\/uploads\/2018\/04\/goethe-logo_hoch.png","contentUrl":"https:\/\/goethe-gymnasium.berlin\/wp-content\/uploads\/2018\/04\/goethe-logo_hoch.png","width":755,"height":514,"caption":"Goethe-Gymnasium Berlin-Wilmersdorf"},"image":{"@id":"https:\/\/goethe-gymnasium.berlin\/#\/schema\/logo\/image\/"},"sameAs":["https:\/\/www.facebook.com\/pages\/Goethe-Gymnasium\/109376575754402","https:\/\/www.youtube.com\/channel\/UCMKuMVF9h_YkS3zmEp7SnzQ"]}]}},"_links":{"self":[{"href":"https:\/\/goethe-gymnasium.berlin\/index.php\/wp-json\/wp\/v2\/pages\/1060","targetHints":{"allow":["GET"]}}],"collection":[{"href":"https:\/\/goethe-gymnasium.berlin\/index.php\/wp-json\/wp\/v2\/pages"}],"about":[{"href":"https:\/\/goethe-gymnasium.berlin\/index.php\/wp-json\/wp\/v2\/types\/page"}],"author":[{"embeddable":true,"href":"https:\/\/goethe-gymnasium.berlin\/index.php\/wp-json\/wp\/v2\/users\/5"}],"replies":[{"embeddable":true,"href":"https:\/\/goethe-gymnasium.berlin\/index.php\/wp-json\/wp\/v2\/comments?post=1060"}],"version-history":[{"count":2,"href":"https:\/\/goethe-gymnasium.berlin\/index.php\/wp-json\/wp\/v2\/pages\/1060\/revisions"}],"predecessor-version":[{"id":1064,"href":"https:\/\/goethe-gymnasium.berlin\/index.php\/wp-json\/wp\/v2\/pages\/1060\/revisions\/1064"}],"up":[{"embeddable":true,"href":"https:\/\/goethe-gymnasium.berlin\/index.php\/wp-json\/wp\/v2\/pages\/1022"}],"wp:attachment":[{"href":"https:\/\/goethe-gymnasium.berlin\/index.php\/wp-json\/wp\/v2\/media?parent=1060"}],"wp:term":[{"taxonomy":"category","embeddable":true,"href":"https:\/\/goethe-gymnasium.berlin\/index.php\/wp-json\/wp\/v2\/categories?post=1060"},{"taxonomy":"post_tag","embeddable":true,"href":"https:\/\/goethe-gymnasium.berlin\/index.php\/wp-json\/wp\/v2\/tags?post=1060"}],"curies":[{"name":"wp","href":"https:\/\/api.w.org\/{rel}","templated":true}]}}