{"id":105,"date":"2018-04-24T11:14:48","date_gmt":"2018-04-24T11:14:48","guid":{"rendered":"http:\/\/goethe-gymnasium.berlin\/?page_id=105"},"modified":"2021-05-23T16:05:40","modified_gmt":"2021-05-23T14:05:40","slug":"geschichte","status":"publish","type":"page","link":"https:\/\/goethe-gymnasium.berlin\/index.php\/gesellschaftsfaecher\/geschichte\/","title":{"rendered":"Geschichte"},"content":{"rendered":"\n<p>Doppeljahrgangsstufen 7\/8 und 9\/10<\/p>\n\n\n\n<p>Jahrgangsstufen 11 und 12<\/p>\n\n\n\n<p><strong>Ziel des Geschichtsunterrichts:<\/strong><\/p>\n\n\n\n<p>Die Besch\u00e4ftigung mit der Vergangenheit dient der Orientierung in der Gegenwart.<\/p>\n\n\n\n<p><strong>Fachlicher und p\u00e4dagogischer Schwerpunkt:<\/strong><\/p>\n\n\n\n<p>Holocaust und andere V\u00f6lkermorde<\/p>\n\n\n\n<p>z.B. das <a href=\"https:\/\/goethe-gymnasium.berlin\/wp-content\/uploads\/2021\/03\/Projekt-in-New-York.pdf\">Projekt des LK Geschichte in New York<\/a><\/p>\n\n\n\n<p><strong>Fachprofil<\/strong><\/p>\n\n\n\n<p>In der Auseinandersetzung mit vergangenen Begebenheiten und Zust\u00e4nden entwickeln die Sch\u00fclerinnen und Sch\u00fcler Ma\u00dfst\u00e4be f\u00fcr das Handeln in ihrer Lebenswelt sowie werthaltige Vorstellungen vom gesellschaftlichen Zusammenleben und der eigenen Zukunft. Im Unterricht des Faches Geschichte erwerben Sch\u00fclerinnen und Sch\u00fcler Kenntnisse \u00fcber historische Ereignisse, Prozesse sowie Strukturen. Sie verstehen und erkl\u00e4ren das Handeln von Menschen in der Vergangenheit. Dar\u00fcber hinaus eignen sie sich methodische Fertigkeiten insbesondere im Umgang mit Quellen und Darstellungen an. Mit steigendem Alter erweitern sie ihre F\u00e4higkeit, historisch zu denken, das hei\u00dft im R\u00fcckblick auf Vergangenheit sinnvolle Aussagen \u00fcber ihre Vorzeit zu treffen. Sie k\u00f6nnen zunehmend vielschichtige und viele Einzelheiten umfassende, auf Wissen wie auf allgemein anerkannten Ma\u00dfst\u00e4ben gegr\u00fcndete Geschichten \u00fcber Vergangenheit erz\u00e4hlen, welche historische Sach- und Werturteile enthalten.<\/p>\n\n\n\n<p>Hier finden Sie die aktuellen <a href=\"https:\/\/goethe-gymnasium.berlin\/index.php\/wissenswertes\/downloads\/schulinterne-curricula\/\">schulinternen Curricula Geschichte<\/a> f\u00fcr die Klassenstufen 7-10 und 11-12 (Stand 2021).<\/p>\n\n\n\n<p><strong>Aktivit\u00e4ten<\/strong>: <a rel=\"noreferrer noopener\" href=\"https:\/\/goethe-gymnasium.berlin\/index.php\/gesellschaftsfaecher\/projekte-gesellschaftswissenschaften\/\" target=\"_blank\">Projekte und Austauschprogramme<\/a> des Faches Geschichte<\/p>\n\n\n\n<p><\/p>\n\n\n\n<div class=\"wp-block-group\"><div class=\"wp-block-group__inner-container is-layout-flow wp-block-group-is-layout-flow\">\n<div class=\"wp-block-group\"><div class=\"wp-block-group__inner-container is-layout-flow wp-block-group-is-layout-flow\">\n<figure class=\"wp-block-gallery columns-2 is-cropped wp-block-gallery-2 is-layout-flex wp-block-gallery-is-layout-flex\"><ul class=\"blocks-gallery-grid\"><li class=\"blocks-gallery-item\"><figure><a href=\"https:\/\/goethe-gymnasium.berlin\/wp-content\/uploads\/2021\/03\/akropolis.jpg\"><img loading=\"lazy\" decoding=\"async\" width=\"527\" height=\"314\" src=\"https:\/\/goethe-gymnasium.berlin\/wp-content\/uploads\/2021\/03\/akropolis.jpg\" alt=\"\" data-id=\"7101\" data-full-url=\"https:\/\/goethe-gymnasium.berlin\/wp-content\/uploads\/2021\/03\/akropolis.jpg\" data-link=\"https:\/\/goethe-gymnasium.berlin\/index.php\/gesellschaftsfaecher\/geschichte\/akropolis\/#main\" class=\"wp-image-7101\" srcset=\"https:\/\/goethe-gymnasium.berlin\/wp-content\/uploads\/2021\/03\/akropolis.jpg 527w, https:\/\/goethe-gymnasium.berlin\/wp-content\/uploads\/2021\/03\/akropolis-300x179.jpg 300w, https:\/\/goethe-gymnasium.berlin\/wp-content\/uploads\/2021\/03\/akropolis-125x74.jpg 125w, https:\/\/goethe-gymnasium.berlin\/wp-content\/uploads\/2021\/03\/akropolis-200x119.jpg 200w, https:\/\/goethe-gymnasium.berlin\/wp-content\/uploads\/2021\/03\/akropolis-80x48.jpg 80w\" sizes=\"auto, (max-width: 527px) 100vw, 527px\" \/><\/a><figcaption class=\"blocks-gallery-item__caption\">Akropolis, Zentrum der attischen Demokratie<\/figcaption><\/figure><\/li><li class=\"blocks-gallery-item\"><figure><a href=\"https:\/\/goethe-gymnasium.berlin\/wp-content\/uploads\/2021\/04\/Capitol-Zentrum-der-ersten-modernen-Demokratie.jpg\"><img loading=\"lazy\" decoding=\"async\" width=\"1280\" height=\"914\" src=\"https:\/\/goethe-gymnasium.berlin\/wp-content\/uploads\/2021\/04\/Capitol-Zentrum-der-ersten-modernen-Demokratie.jpg\" alt=\"\" data-id=\"7252\" data-full-url=\"https:\/\/goethe-gymnasium.berlin\/wp-content\/uploads\/2021\/04\/Capitol-Zentrum-der-ersten-modernen-Demokratie.jpg\" data-link=\"https:\/\/goethe-gymnasium.berlin\/index.php\/gesellschaftsfaecher\/geschichte\/capitol-zentrum-der-ersten-modernen-demokratie\/#main\" class=\"wp-image-7252\" srcset=\"https:\/\/goethe-gymnasium.berlin\/wp-content\/uploads\/2021\/04\/Capitol-Zentrum-der-ersten-modernen-Demokratie.jpg 1280w, https:\/\/goethe-gymnasium.berlin\/wp-content\/uploads\/2021\/04\/Capitol-Zentrum-der-ersten-modernen-Demokratie-300x214.jpg 300w, https:\/\/goethe-gymnasium.berlin\/wp-content\/uploads\/2021\/04\/Capitol-Zentrum-der-ersten-modernen-Demokratie-768x548.jpg 768w, https:\/\/goethe-gymnasium.berlin\/wp-content\/uploads\/2021\/04\/Capitol-Zentrum-der-ersten-modernen-Demokratie-125x89.jpg 125w, https:\/\/goethe-gymnasium.berlin\/wp-content\/uploads\/2021\/04\/Capitol-Zentrum-der-ersten-modernen-Demokratie-200x143.jpg 200w, https:\/\/goethe-gymnasium.berlin\/wp-content\/uploads\/2021\/04\/Capitol-Zentrum-der-ersten-modernen-Demokratie-80x57.jpg 80w, https:\/\/goethe-gymnasium.berlin\/wp-content\/uploads\/2021\/04\/Capitol-Zentrum-der-ersten-modernen-Demokratie-1024x731.jpg 1024w\" sizes=\"auto, (max-width: 1280px) 100vw, 1280px\" \/><\/a><figcaption class=\"blocks-gallery-item__caption\">Capitol in Washington D.C., Zentrum der ersten modernen Demokratie<\/figcaption><\/figure><\/li><li class=\"blocks-gallery-item\"><figure><a href=\"https:\/\/goethe-gymnasium.berlin\/wp-content\/uploads\/2021\/03\/reichstagsgebaeude_geschichte.jpg\"><img loading=\"lazy\" decoding=\"async\" width=\"1200\" height=\"833\" src=\"https:\/\/goethe-gymnasium.berlin\/wp-content\/uploads\/2021\/03\/reichstagsgebaeude_geschichte.jpg\" alt=\"\" data-id=\"7102\" data-full-url=\"https:\/\/goethe-gymnasium.berlin\/wp-content\/uploads\/2021\/03\/reichstagsgebaeude_geschichte.jpg\" data-link=\"https:\/\/goethe-gymnasium.berlin\/index.php\/gesellschaftsfaecher\/geschichte\/scheidemannstrasse-mitte-berlin-deutschland\/#main\" class=\"wp-image-7102\" srcset=\"https:\/\/goethe-gymnasium.berlin\/wp-content\/uploads\/2021\/03\/reichstagsgebaeude_geschichte.jpg 1200w, https:\/\/goethe-gymnasium.berlin\/wp-content\/uploads\/2021\/03\/reichstagsgebaeude_geschichte-300x208.jpg 300w, https:\/\/goethe-gymnasium.berlin\/wp-content\/uploads\/2021\/03\/reichstagsgebaeude_geschichte-768x533.jpg 768w, https:\/\/goethe-gymnasium.berlin\/wp-content\/uploads\/2021\/03\/reichstagsgebaeude_geschichte-125x87.jpg 125w, https:\/\/goethe-gymnasium.berlin\/wp-content\/uploads\/2021\/03\/reichstagsgebaeude_geschichte-200x139.jpg 200w, https:\/\/goethe-gymnasium.berlin\/wp-content\/uploads\/2021\/03\/reichstagsgebaeude_geschichte-80x56.jpg 80w, https:\/\/goethe-gymnasium.berlin\/wp-content\/uploads\/2021\/03\/reichstagsgebaeude_geschichte-1024x711.jpg 1024w\" sizes=\"auto, (max-width: 1200px) 100vw, 1200px\" \/><\/a><figcaption class=\"blocks-gallery-item__caption\">Reichstagsgeb\u00e4ude, Bundestag, Zentrum der deutschen Demokratie<\/figcaption><\/figure><\/li><\/ul><\/figure>\n<\/div><\/div>\n<\/div><\/div>\n\n\n\n<p class=\"has-text-align-right\"><em>Text: Fachbereich Geschichte (Schuljahr 2020\/21)<\/em><\/p>\n","protected":false},"excerpt":{"rendered":"<p>Doppeljahrgangsstufen 7\/8 und 9\/10 Jahrgangsstufen 11 und 12 Ziel des Geschichtsunterrichts: Die Besch\u00e4ftigung mit der Vergangenheit dient der Orientierung in <a class=\"more-link\" href=\"https:\/\/goethe-gymnasium.berlin\/index.php\/gesellschaftsfaecher\/geschichte\/\">Weiterlesen &#8230;<\/a><\/p>\n","protected":false},"author":1,"featured_media":0,"parent":101,"menu_order":0,"comment_status":"closed","ping_status":"closed","template":"","meta":{"footnotes":""},"categories":[31],"tags":[],"class_list":["post-105","page","type-page","status-publish","hentry","category-geschichte"],"yoast_head":"<!-- This site is optimized with the Yoast SEO plugin v27.3 - https:\/\/yoast.com\/product\/yoast-seo-wordpress\/ -->\n<title>Geschichte - Goethe-Gymnasium Berlin-Wilmersdorf<\/title>\n<meta name=\"robots\" content=\"index, follow, max-snippet:-1, max-image-preview:large, max-video-preview:-1\" \/>\n<link rel=\"canonical\" href=\"https:\/\/goethe-gymnasium.berlin\/index.php\/gesellschaftsfaecher\/geschichte\/\" \/>\n<meta property=\"og:locale\" content=\"de_DE\" \/>\n<meta property=\"og:type\" content=\"article\" \/>\n<meta property=\"og:title\" content=\"Geschichte - Goethe-Gymnasium Berlin-Wilmersdorf\" \/>\n<meta property=\"og:description\" content=\"Doppeljahrgangsstufen 7\/8 und 9\/10 Jahrgangsstufen 11 und 12 Ziel des Geschichtsunterrichts: Die Besch\u00e4ftigung mit der Vergangenheit dient der Orientierung in Weiterlesen ...\" \/>\n<meta property=\"og:url\" content=\"https:\/\/goethe-gymnasium.berlin\/index.php\/gesellschaftsfaecher\/geschichte\/\" \/>\n<meta property=\"og:site_name\" content=\"Goethe-Gymnasium Berlin-Wilmersdorf\" \/>\n<meta property=\"article:publisher\" content=\"https:\/\/www.facebook.com\/pages\/Goethe-Gymnasium\/109376575754402\" \/>\n<meta property=\"article:modified_time\" content=\"2021-05-23T14:05:40+00:00\" \/>\n<meta property=\"og:image\" content=\"https:\/\/goethe-gymnasium.berlin\/wp-content\/uploads\/2021\/03\/akropolis.jpg\" \/>\n<meta name=\"twitter:card\" content=\"summary_large_image\" \/>\n<meta name=\"twitter:label1\" content=\"Gesch\u00e4tzte Lesezeit\" \/>\n\t<meta name=\"twitter:data1\" content=\"2\u00a0Minuten\" \/>\n<script type=\"application\/ld+json\" class=\"yoast-schema-graph\">{\"@context\":\"https:\\\/\\\/schema.org\",\"@graph\":[{\"@type\":\"WebPage\",\"@id\":\"https:\\\/\\\/goethe-gymnasium.berlin\\\/index.php\\\/gesellschaftsfaecher\\\/geschichte\\\/\",\"url\":\"https:\\\/\\\/goethe-gymnasium.berlin\\\/index.php\\\/gesellschaftsfaecher\\\/geschichte\\\/\",\"name\":\"Geschichte - Goethe-Gymnasium Berlin-Wilmersdorf\",\"isPartOf\":{\"@id\":\"https:\\\/\\\/goethe-gymnasium.berlin\\\/#website\"},\"primaryImageOfPage\":{\"@id\":\"https:\\\/\\\/goethe-gymnasium.berlin\\\/index.php\\\/gesellschaftsfaecher\\\/geschichte\\\/#primaryimage\"},\"image\":{\"@id\":\"https:\\\/\\\/goethe-gymnasium.berlin\\\/index.php\\\/gesellschaftsfaecher\\\/geschichte\\\/#primaryimage\"},\"thumbnailUrl\":\"https:\\\/\\\/goethe-gymnasium.berlin\\\/wp-content\\\/uploads\\\/2021\\\/03\\\/akropolis.jpg\",\"datePublished\":\"2018-04-24T11:14:48+00:00\",\"dateModified\":\"2021-05-23T14:05:40+00:00\",\"breadcrumb\":{\"@id\":\"https:\\\/\\\/goethe-gymnasium.berlin\\\/index.php\\\/gesellschaftsfaecher\\\/geschichte\\\/#breadcrumb\"},\"inLanguage\":\"de\",\"potentialAction\":[{\"@type\":\"ReadAction\",\"target\":[\"https:\\\/\\\/goethe-gymnasium.berlin\\\/index.php\\\/gesellschaftsfaecher\\\/geschichte\\\/\"]}]},{\"@type\":\"ImageObject\",\"inLanguage\":\"de\",\"@id\":\"https:\\\/\\\/goethe-gymnasium.berlin\\\/index.php\\\/gesellschaftsfaecher\\\/geschichte\\\/#primaryimage\",\"url\":\"https:\\\/\\\/goethe-gymnasium.berlin\\\/wp-content\\\/uploads\\\/2021\\\/03\\\/akropolis.jpg\",\"contentUrl\":\"https:\\\/\\\/goethe-gymnasium.berlin\\\/wp-content\\\/uploads\\\/2021\\\/03\\\/akropolis.jpg\",\"width\":527,\"height\":314,\"caption\":\"Akropolis, Zentrum der attischen Demokratie\"},{\"@type\":\"BreadcrumbList\",\"@id\":\"https:\\\/\\\/goethe-gymnasium.berlin\\\/index.php\\\/gesellschaftsfaecher\\\/geschichte\\\/#breadcrumb\",\"itemListElement\":[{\"@type\":\"ListItem\",\"position\":1,\"name\":\"Startseite\",\"item\":\"https:\\\/\\\/goethe-gymnasium.berlin\\\/\"},{\"@type\":\"ListItem\",\"position\":2,\"name\":\"Gesellschaftswissenschaften\",\"item\":\"https:\\\/\\\/goethe-gymnasium.berlin\\\/index.php\\\/gesellschaftsfaecher\\\/\"},{\"@type\":\"ListItem\",\"position\":3,\"name\":\"Geschichte\"}]},{\"@type\":\"WebSite\",\"@id\":\"https:\\\/\\\/goethe-gymnasium.berlin\\\/#website\",\"url\":\"https:\\\/\\\/goethe-gymnasium.berlin\\\/\",\"name\":\"Goethe-Gymnasium Berlin-Wilmersdorf\",\"description\":\"\",\"publisher\":{\"@id\":\"https:\\\/\\\/goethe-gymnasium.berlin\\\/#organization\"},\"potentialAction\":[{\"@type\":\"SearchAction\",\"target\":{\"@type\":\"EntryPoint\",\"urlTemplate\":\"https:\\\/\\\/goethe-gymnasium.berlin\\\/?s={search_term_string}\"},\"query-input\":{\"@type\":\"PropertyValueSpecification\",\"valueRequired\":true,\"valueName\":\"search_term_string\"}}],\"inLanguage\":\"de\"},{\"@type\":\"Organization\",\"@id\":\"https:\\\/\\\/goethe-gymnasium.berlin\\\/#organization\",\"name\":\"Goethe-Gymnasium Berlin-Wilmersdorf\",\"url\":\"https:\\\/\\\/goethe-gymnasium.berlin\\\/\",\"logo\":{\"@type\":\"ImageObject\",\"inLanguage\":\"de\",\"@id\":\"https:\\\/\\\/goethe-gymnasium.berlin\\\/#\\\/schema\\\/logo\\\/image\\\/\",\"url\":\"https:\\\/\\\/goethe-gymnasium.berlin\\\/wp-content\\\/uploads\\\/2018\\\/04\\\/goethe-logo_hoch.png\",\"contentUrl\":\"https:\\\/\\\/goethe-gymnasium.berlin\\\/wp-content\\\/uploads\\\/2018\\\/04\\\/goethe-logo_hoch.png\",\"width\":755,\"height\":514,\"caption\":\"Goethe-Gymnasium Berlin-Wilmersdorf\"},\"image\":{\"@id\":\"https:\\\/\\\/goethe-gymnasium.berlin\\\/#\\\/schema\\\/logo\\\/image\\\/\"},\"sameAs\":[\"https:\\\/\\\/www.facebook.com\\\/pages\\\/Goethe-Gymnasium\\\/109376575754402\",\"https:\\\/\\\/www.youtube.com\\\/channel\\\/UCMKuMVF9h_YkS3zmEp7SnzQ\"]}]}<\/script>\n<!-- \/ Yoast SEO plugin. -->","yoast_head_json":{"title":"Geschichte - Goethe-Gymnasium Berlin-Wilmersdorf","robots":{"index":"index","follow":"follow","max-snippet":"max-snippet:-1","max-image-preview":"max-image-preview:large","max-video-preview":"max-video-preview:-1"},"canonical":"https:\/\/goethe-gymnasium.berlin\/index.php\/gesellschaftsfaecher\/geschichte\/","og_locale":"de_DE","og_type":"article","og_title":"Geschichte - Goethe-Gymnasium Berlin-Wilmersdorf","og_description":"Doppeljahrgangsstufen 7\/8 und 9\/10 Jahrgangsstufen 11 und 12 Ziel des Geschichtsunterrichts: Die Besch\u00e4ftigung mit der Vergangenheit dient der Orientierung in Weiterlesen ...","og_url":"https:\/\/goethe-gymnasium.berlin\/index.php\/gesellschaftsfaecher\/geschichte\/","og_site_name":"Goethe-Gymnasium Berlin-Wilmersdorf","article_publisher":"https:\/\/www.facebook.com\/pages\/Goethe-Gymnasium\/109376575754402","article_modified_time":"2021-05-23T14:05:40+00:00","og_image":[{"url":"https:\/\/goethe-gymnasium.berlin\/wp-content\/uploads\/2021\/03\/akropolis.jpg","type":"","width":"","height":""}],"twitter_card":"summary_large_image","twitter_misc":{"Gesch\u00e4tzte Lesezeit":"2\u00a0Minuten"},"schema":{"@context":"https:\/\/schema.org","@graph":[{"@type":"WebPage","@id":"https:\/\/goethe-gymnasium.berlin\/index.php\/gesellschaftsfaecher\/geschichte\/","url":"https:\/\/goethe-gymnasium.berlin\/index.php\/gesellschaftsfaecher\/geschichte\/","name":"Geschichte - Goethe-Gymnasium Berlin-Wilmersdorf","isPartOf":{"@id":"https:\/\/goethe-gymnasium.berlin\/#website"},"primaryImageOfPage":{"@id":"https:\/\/goethe-gymnasium.berlin\/index.php\/gesellschaftsfaecher\/geschichte\/#primaryimage"},"image":{"@id":"https:\/\/goethe-gymnasium.berlin\/index.php\/gesellschaftsfaecher\/geschichte\/#primaryimage"},"thumbnailUrl":"https:\/\/goethe-gymnasium.berlin\/wp-content\/uploads\/2021\/03\/akropolis.jpg","datePublished":"2018-04-24T11:14:48+00:00","dateModified":"2021-05-23T14:05:40+00:00","breadcrumb":{"@id":"https:\/\/goethe-gymnasium.berlin\/index.php\/gesellschaftsfaecher\/geschichte\/#breadcrumb"},"inLanguage":"de","potentialAction":[{"@type":"ReadAction","target":["https:\/\/goethe-gymnasium.berlin\/index.php\/gesellschaftsfaecher\/geschichte\/"]}]},{"@type":"ImageObject","inLanguage":"de","@id":"https:\/\/goethe-gymnasium.berlin\/index.php\/gesellschaftsfaecher\/geschichte\/#primaryimage","url":"https:\/\/goethe-gymnasium.berlin\/wp-content\/uploads\/2021\/03\/akropolis.jpg","contentUrl":"https:\/\/goethe-gymnasium.berlin\/wp-content\/uploads\/2021\/03\/akropolis.jpg","width":527,"height":314,"caption":"Akropolis, Zentrum der attischen Demokratie"},{"@type":"BreadcrumbList","@id":"https:\/\/goethe-gymnasium.berlin\/index.php\/gesellschaftsfaecher\/geschichte\/#breadcrumb","itemListElement":[{"@type":"ListItem","position":1,"name":"Startseite","item":"https:\/\/goethe-gymnasium.berlin\/"},{"@type":"ListItem","position":2,"name":"Gesellschaftswissenschaften","item":"https:\/\/goethe-gymnasium.berlin\/index.php\/gesellschaftsfaecher\/"},{"@type":"ListItem","position":3,"name":"Geschichte"}]},{"@type":"WebSite","@id":"https:\/\/goethe-gymnasium.berlin\/#website","url":"https:\/\/goethe-gymnasium.berlin\/","name":"Goethe-Gymnasium Berlin-Wilmersdorf","description":"","publisher":{"@id":"https:\/\/goethe-gymnasium.berlin\/#organization"},"potentialAction":[{"@type":"SearchAction","target":{"@type":"EntryPoint","urlTemplate":"https:\/\/goethe-gymnasium.berlin\/?s={search_term_string}"},"query-input":{"@type":"PropertyValueSpecification","valueRequired":true,"valueName":"search_term_string"}}],"inLanguage":"de"},{"@type":"Organization","@id":"https:\/\/goethe-gymnasium.berlin\/#organization","name":"Goethe-Gymnasium Berlin-Wilmersdorf","url":"https:\/\/goethe-gymnasium.berlin\/","logo":{"@type":"ImageObject","inLanguage":"de","@id":"https:\/\/goethe-gymnasium.berlin\/#\/schema\/logo\/image\/","url":"https:\/\/goethe-gymnasium.berlin\/wp-content\/uploads\/2018\/04\/goethe-logo_hoch.png","contentUrl":"https:\/\/goethe-gymnasium.berlin\/wp-content\/uploads\/2018\/04\/goethe-logo_hoch.png","width":755,"height":514,"caption":"Goethe-Gymnasium Berlin-Wilmersdorf"},"image":{"@id":"https:\/\/goethe-gymnasium.berlin\/#\/schema\/logo\/image\/"},"sameAs":["https:\/\/www.facebook.com\/pages\/Goethe-Gymnasium\/109376575754402","https:\/\/www.youtube.com\/channel\/UCMKuMVF9h_YkS3zmEp7SnzQ"]}]}},"_links":{"self":[{"href":"https:\/\/goethe-gymnasium.berlin\/index.php\/wp-json\/wp\/v2\/pages\/105","targetHints":{"allow":["GET"]}}],"collection":[{"href":"https:\/\/goethe-gymnasium.berlin\/index.php\/wp-json\/wp\/v2\/pages"}],"about":[{"href":"https:\/\/goethe-gymnasium.berlin\/index.php\/wp-json\/wp\/v2\/types\/page"}],"author":[{"embeddable":true,"href":"https:\/\/goethe-gymnasium.berlin\/index.php\/wp-json\/wp\/v2\/users\/1"}],"replies":[{"embeddable":true,"href":"https:\/\/goethe-gymnasium.berlin\/index.php\/wp-json\/wp\/v2\/comments?post=105"}],"version-history":[{"count":20,"href":"https:\/\/goethe-gymnasium.berlin\/index.php\/wp-json\/wp\/v2\/pages\/105\/revisions"}],"predecessor-version":[{"id":7419,"href":"https:\/\/goethe-gymnasium.berlin\/index.php\/wp-json\/wp\/v2\/pages\/105\/revisions\/7419"}],"up":[{"embeddable":true,"href":"https:\/\/goethe-gymnasium.berlin\/index.php\/wp-json\/wp\/v2\/pages\/101"}],"wp:attachment":[{"href":"https:\/\/goethe-gymnasium.berlin\/index.php\/wp-json\/wp\/v2\/media?parent=105"}],"wp:term":[{"taxonomy":"category","embeddable":true,"href":"https:\/\/goethe-gymnasium.berlin\/index.php\/wp-json\/wp\/v2\/categories?post=105"},{"taxonomy":"post_tag","embeddable":true,"href":"https:\/\/goethe-gymnasium.berlin\/index.php\/wp-json\/wp\/v2\/tags?post=105"}],"curies":[{"name":"wp","href":"https:\/\/api.w.org\/{rel}","templated":true}]}}